{"id":9916,"date":"2023-06-22T00:47:28","date_gmt":"2023-06-22T00:47:28","guid":{"rendered":"https:\/\/www.theirvinglawfirm.com\/?page_id=9916"},"modified":"2024-03-05T16:22:43","modified_gmt":"2024-03-05T16:22:43","slug":"divorcio-a-traves-de-la-mediacion","status":"publish","type":"page","link":"https:\/\/www.theirvinglawfirm.com\/es\/areas-de-practica\/derecho-de-familia\/abogado-de-divorcio\/divorcio-a-traves-de-la-mediacion\/","title":{"rendered":"Mediaci\u00f3n: Opciones De Resoluci\u00f3n De Conflictos Para Ayudar A Parejas Divorciadas A Alcanzar Un Acuerdo Beneficioso"},"content":{"rendered":"<div class=\"fusion-fullwidth fullwidth-box fusion-builder-row-1 fusion-flex-container nonhundred-percent-fullwidth non-hundred-percent-height-scrolling\" style=\"--awb-border-radius-top-left:0px;--awb-border-radius-top-right:0px;--awb-border-radius-bottom-right:0px;--awb-border-radius-bottom-left:0px;--awb-flex-wrap:wrap;\" ><div class=\"fusion-builder-row fusion-row fusion-flex-align-items-flex-start fusion-flex-content-wrap\" style=\"max-width:1497.6px;margin-left: calc(-4% \/ 2 );margin-right: calc(-4% \/ 2 );\"><div class=\"fusion-layout-column fusion_builder_column fusion-builder-column-0 fusion_builder_column_1_1 1_1 fusion-flex-column\" style=\"--awb-bg-size:cover;--awb-width-large:100%;--awb-margin-top-large:0px;--awb-spacing-right-large:1.92%;--awb-margin-bottom-large:0px;--awb-spacing-left-large:1.92%;--awb-width-medium:100%;--awb-spacing-right-medium:1.92%;--awb-spacing-left-medium:1.92%;--awb-width-small:100%;--awb-spacing-right-small:1.92%;--awb-spacing-left-small:1.92%;\"><div class=\"fusion-column-wrapper fusion-flex-justify-content-flex-start fusion-content-layout-column\"><div class=\"fusion-text fusion-text-1\"><p><a href=\"https:\/\/es.wikipedia.org\/wiki\/Divorcio\" target=\"_blank\" rel=\"noopener\">El divorcio<\/a>\u00a0es dif\u00edcil y tiene una gran carga emocional, sobre todo a la hora de dividir bienes y resolver disputas. Es esencial que las parejas que se divorcian se esfuercen por resolver sus diferencias de forma amistosa para evitar largas y costosas batallas legales. La mediaci\u00f3n es uno de los m\u00e9todos alternativos de resoluci\u00f3n de conflictos m\u00e1s eficaces para ayudar a las parejas divorciadas a llegar a un acuerdo mutuamente beneficioso.<\/p>\n<\/div><div class=\"fusion-image-element \" style=\"text-align:center;--awb-margin-top:10px;--awb-margin-bottom:10px;--awb-max-width:750px;--awb-caption-title-font-family:var(--h2_typography-font-family);--awb-caption-title-font-weight:var(--h2_typography-font-weight);--awb-caption-title-font-style:var(--h2_typography-font-style);--awb-caption-title-size:var(--h2_typography-font-size);--awb-caption-title-transform:var(--h2_typography-text-transform);--awb-caption-title-line-height:var(--h2_typography-line-height);--awb-caption-title-letter-spacing:var(--h2_typography-letter-spacing);\"><span class=\" fusion-imageframe imageframe-none imageframe-1 hover-type-none\"><img decoding=\"async\" width=\"800\" height=\"533\" alt=\"Conozca C\u00f3mo Comenzar Legalmente Su Caso De Acuerdo Mutuo De Divorcio Como Alternativa Positiva\" src=\"https:\/\/www.theirvinglawfirm.com\/wp-content\/uploads\/2023\/06\/conozca-como-comenzar-legalmente-su-caso-de-acuerdo-mutuo-de-divorcio-como-alternativa-positiva.jpg\" class=\"img-responsive wp-image-9984\" srcset=\"https:\/\/www.theirvinglawfirm.com\/wp-content\/uploads\/2023\/06\/conozca-como-comenzar-legalmente-su-caso-de-acuerdo-mutuo-de-divorcio-como-alternativa-positiva-200x133.jpg 200w, https:\/\/www.theirvinglawfirm.com\/wp-content\/uploads\/2023\/06\/conozca-como-comenzar-legalmente-su-caso-de-acuerdo-mutuo-de-divorcio-como-alternativa-positiva-400x267.jpg 400w, https:\/\/www.theirvinglawfirm.com\/wp-content\/uploads\/2023\/06\/conozca-como-comenzar-legalmente-su-caso-de-acuerdo-mutuo-de-divorcio-como-alternativa-positiva-600x400.jpg 600w, https:\/\/www.theirvinglawfirm.com\/wp-content\/uploads\/2023\/06\/conozca-como-comenzar-legalmente-su-caso-de-acuerdo-mutuo-de-divorcio-como-alternativa-positiva.jpg 800w\" sizes=\"(max-width: 640px) 100vw, 800px\" \/><\/span><\/div><div class=\"fusion-text fusion-text-2\"><p>La mediaci\u00f3n es un proceso voluntario y confidencial en el que un tercero neutral, el mediador, ayuda a ambas partes a llegar a un acuerdo. El mediador facilita la comunicaci\u00f3n y ayuda a las partes a identificar los problemas que deben resolver. El mediador no toma partido ni decide, sino que ayuda a las partes a encontrar una soluci\u00f3n aceptable para ambas.<\/p>\n<p>La mediaci\u00f3n ofrece varias ventajas sobre el litigio tradicional. En primer lugar, la mediaci\u00f3n es mucho menos costosa que acudir a los tribunales. Los mediadores cobran tarifas por hora, que suelen ser mucho m\u00e1s bajas que las de los abogados. En segundo lugar, la mediaci\u00f3n es mucho m\u00e1s r\u00e1pida que el litigio tradicional. La mediaci\u00f3n puede programarse en un momento conveniente para ambas partes y completarse en unas pocas sesiones. Por \u00faltimo, la mediaci\u00f3n ofrece una soluci\u00f3n m\u00e1s flexible y creativa para resolver los conflictos. Las partes pueden llegar a soluciones que no estar\u00edan disponibles en un tribunal.<\/p>\n<p>El \u00e9xito de la mediaci\u00f3n depende de la voluntad de ambas partes de participar de buena fe. Ambas partes deben estar dispuestas a comprometerse y trabajar para encontrar una soluci\u00f3n mutuamente aceptable. El mediador no puede obligar a ninguna de las partes a llegar a un acuerdo, sino que ayuda a las partes a explorar distintas opciones y encontrar un terreno com\u00fan.<\/p>\n<p>Aunque la mediaci\u00f3n es una herramienta valiosa para resolver disputas, es esencial que las parejas que se divorcian recurran a un\u00a0<a href=\"http:\/\/theirvinglawfirm.com\/\">abogado con experiencia<\/a>\u00a0para que les gu\u00ede a lo largo del proceso. Un abogado puede ayudar a los clientes a comprender sus derechos y obligaciones legales y garantizar que cualquier acuerdo alcanzado sea jur\u00eddicamente vinculante.<\/p>\n<p>Un abogado con experiencia tambi\u00e9n puede ayudar a un cliente a prepararse para la mediaci\u00f3n identificando las cuestiones que deben abordarse y desarrollando una estrategia para negociar un acuerdo. Un abogado puede proporcionar un valioso asesoramiento y orientaci\u00f3n a lo largo del proceso de mediaci\u00f3n y ayudar al cliente a evaluar cualquier propuesta de acuerdo antes de que se formalice.<\/p>\n<p>Adem\u00e1s de orientaci\u00f3n legal, un abogado con experiencia puede proporcionar apoyo emocional a un cliente divorciado. El divorcio es un proceso dif\u00edcil y emocional, y contar con un abogado que comprenda las necesidades y preocupaciones del cliente puede ser de un valor incalculable.<\/p>\n<p>Intentar mediar en un divorcio sin un abogado con experiencia puede ser arriesgado. Sin asesoramiento jur\u00eddico, los clientes pueden aceptar condiciones que no les beneficien o renunciar inadvertidamente a importantes derechos legales. Un abogado con experiencia puede ayudar a los clientes a comprender las implicaciones legales de cualquier acuerdo alcanzado y garantizar la protecci\u00f3n de sus derechos.<\/p>\n<p>En conclusi\u00f3n, la mediaci\u00f3n es un m\u00e9todo eficaz de resoluci\u00f3n alternativa de conflictos que puede ayudar a las parejas divorciadas a llegar a un acuerdo mutuamente beneficioso. La mediaci\u00f3n es menos costosa, m\u00e1s r\u00e1pida y m\u00e1s flexible que el litigio tradicional. Sin embargo, es esencial que las parejas que se divorcian recurran a un abogado con experiencia para que les gu\u00ede a lo largo del proceso. Un abogado puede proporcionar una valiosa orientaci\u00f3n jur\u00eddica y apoyo emocional a un cliente en proceso de divorcio y garantizar que cualquier acuerdo alcanzado sea jur\u00eddicamente vinculante y redunde en beneficio del cliente.<\/p>\n<p><a href=\"https:\/\/www.theirvinglawfirm.com\/es\/derecho-de-familia\/abogado-de-divorcio\/protegerse-de-la-violencia-domestica\/\" target=\"_blank\" rel=\"noopener\">M\u00e1s Informaci\u00f3n<\/a><\/p>\n<p>Y<\/p>\n<p><a href=\"https:\/\/www.theirvinglawfirm.com\/es\/derecho-de-familia\/divorcio\/\" target=\"_blank\" rel=\"noopener\">Sobre Nosotros<\/a><\/p>\n<\/div><\/div><\/div><\/div><\/div>\n","protected":false},"excerpt":{"rendered":"","protected":false},"author":3,"featured_media":0,"parent":8344,"menu_order":0,"comment_status":"closed","ping_status":"closed","template":"","meta":{"_analytify_skip_tracking":false,"rank_math_title":"Divorcio Mutuamente Beneficioso: Explorando La Mediaci\u00f3n Como Soluci\u00f3n | The Irving Law Firm","rank_math_description":"El divorcio es dif\u00edcil y tiene una gran carga emocional, sobre todo a la hora de dividir bienes y resolver disputas.","rank_math_focus_keyword":"divorcio","rank_math_canonical_url":"","footnotes":""},"class_list":["post-9916","page","type-page","status-publish","hentry"],"acf":[],"_links":{"self":[{"href":"https:\/\/www.theirvinglawfirm.com\/es\/wp-json\/wp\/v2\/pages\/9916","targetHints":{"allow":["GET"]}}],"collection":[{"href":"https:\/\/www.theirvinglawfirm.com\/es\/wp-json\/wp\/v2\/pages"}],"about":[{"href":"https:\/\/www.theirvinglawfirm.com\/es\/wp-json\/wp\/v2\/types\/page"}],"author":[{"embeddable":true,"href":"https:\/\/www.theirvinglawfirm.com\/es\/wp-json\/wp\/v2\/users\/3"}],"replies":[{"embeddable":true,"href":"https:\/\/www.theirvinglawfirm.com\/es\/wp-json\/wp\/v2\/comments?post=9916"}],"version-history":[{"count":0,"href":"https:\/\/www.theirvinglawfirm.com\/es\/wp-json\/wp\/v2\/pages\/9916\/revisions"}],"up":[{"embeddable":true,"href":"https:\/\/www.theirvinglawfirm.com\/es\/wp-json\/wp\/v2\/pages\/8344"}],"wp:attachment":[{"href":"https:\/\/www.theirvinglawfirm.com\/es\/wp-json\/wp\/v2\/media?parent=9916"}],"curies":[{"name":"wp","href":"https:\/\/api.w.org\/{rel}","templated":true}]}}