{"id":9913,"date":"2023-06-22T01:12:32","date_gmt":"2023-06-22T01:12:32","guid":{"rendered":"https:\/\/www.theirvinglawfirm.com\/?page_id=9913"},"modified":"2024-03-05T16:20:51","modified_gmt":"2024-03-05T16:20:51","slug":"manutencion-conyugal-en-el-divorcio","status":"publish","type":"page","link":"https:\/\/www.theirvinglawfirm.com\/es\/areas-de-practica\/derecho-de-familia\/abogado-de-divorcio\/manutencion-conyugal-en-el-divorcio\/","title":{"rendered":"Manutenci\u00f3n Conyugal: Qu\u00e9 Ocurre Cuando Uno De Los C\u00f3nyuges Depende Econ\u00f3micamente Del Otro Durante El Divorcio"},"content":{"rendered":"<div class=\"fusion-fullwidth fullwidth-box fusion-builder-row-1 fusion-flex-container nonhundred-percent-fullwidth non-hundred-percent-height-scrolling\" style=\"--awb-border-radius-top-left:0px;--awb-border-radius-top-right:0px;--awb-border-radius-bottom-right:0px;--awb-border-radius-bottom-left:0px;--awb-flex-wrap:wrap;\" ><div class=\"fusion-builder-row fusion-row fusion-flex-align-items-flex-start fusion-flex-content-wrap\" style=\"max-width:1497.6px;margin-left: calc(-4% \/ 2 );margin-right: calc(-4% \/ 2 );\"><div class=\"fusion-layout-column fusion_builder_column fusion-builder-column-0 fusion_builder_column_1_1 1_1 fusion-flex-column\" style=\"--awb-bg-size:cover;--awb-width-large:100%;--awb-margin-top-large:0px;--awb-spacing-right-large:1.92%;--awb-margin-bottom-large:0px;--awb-spacing-left-large:1.92%;--awb-width-medium:100%;--awb-spacing-right-medium:1.92%;--awb-spacing-left-medium:1.92%;--awb-width-small:100%;--awb-spacing-right-small:1.92%;--awb-spacing-left-small:1.92%;\"><div class=\"fusion-column-wrapper fusion-flex-justify-content-flex-start fusion-content-layout-column\"><div class=\"fusion-text fusion-text-1\"><p><a href=\"https:\/\/es.wikipedia.org\/wiki\/Divorcio\" target=\"_blank\" rel=\"noopener\">El divorcio<\/a>\u00a0puede ser un proceso dif\u00edcil y emocionalmente duro para todos los implicados. Una de las cuestiones m\u00e1s importantes durante el divorcio es la manutenci\u00f3n conyugal, especialmente cuando uno de los c\u00f3nyuges depende econ\u00f3micamente del otro. Es esencial contar con un abogado con experiencia en este complejo asunto, ya que las implicaciones financieras del divorcio pueden afectar significativamente a la vida de ambas partes.<\/p>\n<\/div><div class=\"fusion-image-element \" style=\"text-align:center;--awb-margin-top:10px;--awb-margin-bottom:10px;--awb-max-width:750px;--awb-caption-title-font-family:var(--h2_typography-font-family);--awb-caption-title-font-weight:var(--h2_typography-font-weight);--awb-caption-title-font-style:var(--h2_typography-font-style);--awb-caption-title-size:var(--h2_typography-font-size);--awb-caption-title-transform:var(--h2_typography-text-transform);--awb-caption-title-line-height:var(--h2_typography-line-height);--awb-caption-title-letter-spacing:var(--h2_typography-letter-spacing);\"><span class=\" fusion-imageframe imageframe-none imageframe-1 hover-type-none\"><img decoding=\"async\" width=\"1024\" height=\"682\" alt=\"Conozca M\u00e1s Detalles Sobre La Manutenci\u00f3n Conyugal Y Cu\u00e1les Son Sus Requerimientos Durante El Divorcio\" src=\"https:\/\/www.theirvinglawfirm.com\/wp-content\/uploads\/2023\/06\/conozca-mas-detalles-sobre-la-manutencion-conyugal-y-cuales-son-sus-requerimientos-durante-el-divorcio.jpg\" class=\"img-responsive wp-image-9997\" srcset=\"https:\/\/www.theirvinglawfirm.com\/wp-content\/uploads\/2023\/06\/conozca-mas-detalles-sobre-la-manutencion-conyugal-y-cuales-son-sus-requerimientos-durante-el-divorcio-200x133.jpg 200w, https:\/\/www.theirvinglawfirm.com\/wp-content\/uploads\/2023\/06\/conozca-mas-detalles-sobre-la-manutencion-conyugal-y-cuales-son-sus-requerimientos-durante-el-divorcio-400x266.jpg 400w, https:\/\/www.theirvinglawfirm.com\/wp-content\/uploads\/2023\/06\/conozca-mas-detalles-sobre-la-manutencion-conyugal-y-cuales-son-sus-requerimientos-durante-el-divorcio-600x400.jpg 600w, https:\/\/www.theirvinglawfirm.com\/wp-content\/uploads\/2023\/06\/conozca-mas-detalles-sobre-la-manutencion-conyugal-y-cuales-son-sus-requerimientos-durante-el-divorcio-800x533.jpg 800w, https:\/\/www.theirvinglawfirm.com\/wp-content\/uploads\/2023\/06\/conozca-mas-detalles-sobre-la-manutencion-conyugal-y-cuales-son-sus-requerimientos-durante-el-divorcio.jpg 1024w\" sizes=\"(max-width: 640px) 100vw, 1024px\" \/><\/span><\/div><div class=\"fusion-text fusion-text-2\"><p>La manutenci\u00f3n del c\u00f3nyuge, tambi\u00e9n conocida como manutenci\u00f3n conyugal, es un pago ordenado por un tribunal que un c\u00f3nyuge paga al otro despu\u00e9s de un divorcio. Este pago est\u00e1 destinado a ayudar al c\u00f3nyuge econ\u00f3micamente dependiente a mantener un nivel de vida similar al que ten\u00eda durante el matrimonio. La cifra de la manutenci\u00f3n conyugal se basa en varios factores, como la duraci\u00f3n del matrimonio, los ingresos de ambos c\u00f3nyuges y el potencial de ingresos del c\u00f3nyuge econ\u00f3micamente dependiente.<\/p>\n<p>Cuando uno de los c\u00f3nyuges depende econ\u00f3micamente del otro, la adaptaci\u00f3n a la vida tras el divorcio puede resultar dif\u00edcil. El c\u00f3nyuge dependiente econ\u00f3micamente puede haber dependido del otro c\u00f3nyuge para su sustento econ\u00f3mico y puede no tener las habilidades o la educaci\u00f3n necesarias para mantenerse a s\u00ed mismo. En esta situaci\u00f3n, es crucial contar con un\u00a0<a href=\"http:\/\/theirvinglawfirm.com\/\">abogado con experiencia<\/a>\u00a0que pueda ayudar a navegar por las complejidades de la manutenci\u00f3n conyugal.<\/p>\n<p>Un abogado con experiencia puede ayudar a garantizar que el c\u00f3nyuge econ\u00f3micamente dependiente reciba la cantidad adecuada de manutenci\u00f3n conyugal para mantener su nivel de vida. Tambi\u00e9n pueden negociar las condiciones del pago de la manutenci\u00f3n, incluido el tiempo que se requiere el pago y la frecuencia del mismo. En algunos casos, el pago puede ser a tanto alzado, mientras que en otros puede abonarse en cuotas mensuales.<\/p>\n<p>Un abogado con experiencia tambi\u00e9n puede ayudar a determinar si la manutenci\u00f3n del c\u00f3nyuge es apropiada en primer lugar. En algunos casos, el c\u00f3nyuge econ\u00f3micamente dependiente puede ser capaz de mantenerse a s\u00ed mismo mediante la educaci\u00f3n o la formaci\u00f3n. Un abogado con experiencia puede ayudar a determinar si esto es posible y ayudar al c\u00f3nyuge econ\u00f3micamente dependiente a elaborar un plan para lograr la independencia econ\u00f3mica.<\/p>\n<p>Otra consideraci\u00f3n importante son las implicaciones fiscales de los pagos de manutenci\u00f3n del c\u00f3nyuge. En algunos casos, los pagos de manutenci\u00f3n conyugal son deducibles de impuestos para el c\u00f3nyuge que los paga y son ingresos imponibles para el c\u00f3nyuge que los recibe. Un abogado con experiencia puede ayudar a navegar por estas complejas leyes fiscales para garantizar que ambas partes reciban el m\u00e1ximo beneficio.<\/p>\n<p>No se recomienda intentar navegar por las complejidades de la manutenci\u00f3n del c\u00f3nyuge sin un abogado con experiencia. Es f\u00e1cil cometer errores que pueden tener importantes repercusiones financieras. Por ejemplo, un c\u00f3nyuge econ\u00f3micamente dependiente puede aceptar una manutenci\u00f3n conyugal inferior a la que le corresponde por no entender el proceso legal. Otra posibilidad es que el c\u00f3nyuge que paga la manutenci\u00f3n conyugal acepte una cantidad superior a la que puede permitirse, lo que puede acarrearle dificultades econ\u00f3micas en el futuro.<\/p>\n<p>En conclusi\u00f3n, la manutenci\u00f3n del c\u00f3nyuge puede ser un reto durante un divorcio, especialmente cuando uno de los c\u00f3nyuges depende econ\u00f3micamente del otro. Es esencial contar con un abogado experimentado que ayude a garantizar que el c\u00f3nyuge econ\u00f3micamente dependiente reciba la cantidad adecuada de ayuda y que se protejan los intereses econ\u00f3micos de ambas partes. Intentar navegar por las complejidades de la manutenci\u00f3n conyugal sin un abogado con experiencia puede acarrear importantes dificultades financieras en el futuro. Por lo tanto, se recomienda que recurra a los servicios de un abogado con experiencia para que le ayude en el proceso legal y garantice la protecci\u00f3n de sus intereses econ\u00f3micos durante el divorcio.<\/p>\n<p><a href=\"https:\/\/www.theirvinglawfirm.com\/es\/derecho-de-familia\/abogado-de-divorcio\/acuerdos-prenupciales-durante-divorcio\/\" target=\"_blank\" rel=\"noopener\">Siga Leyendo Sobre El Divorcio<\/a><\/p>\n<p>Y<\/p>\n<p><a href=\"https:\/\/www.theirvinglawfirm.com\/es\/derecho-de-familia\/divorcio\/\" target=\"_blank\" rel=\"noopener\">Sobre Nosotros<\/a><\/p>\n<\/div><\/div><\/div><\/div><\/div>\n","protected":false},"excerpt":{"rendered":"","protected":false},"author":3,"featured_media":0,"parent":8344,"menu_order":0,"comment_status":"closed","ping_status":"closed","template":"","meta":{"_analytify_skip_tracking":false,"rank_math_title":"Manutenci\u00f3n Conyugal Desmitificada: Dependencia Econ\u00f3mica En El Divorcio | The Irving Law Firm","rank_math_description":"Una de las cuestiones m\u00e1s importantes durante el divorcio es la manutenci\u00f3n conyugal, especialmente cuando uno de los c\u00f3nyuges depende econ\u00f3micamente del otro.","rank_math_focus_keyword":"manutencion","rank_math_canonical_url":"","footnotes":""},"class_list":["post-9913","page","type-page","status-publish","hentry"],"acf":[],"_links":{"self":[{"href":"https:\/\/www.theirvinglawfirm.com\/es\/wp-json\/wp\/v2\/pages\/9913","targetHints":{"allow":["GET"]}}],"collection":[{"href":"https:\/\/www.theirvinglawfirm.com\/es\/wp-json\/wp\/v2\/pages"}],"about":[{"href":"https:\/\/www.theirvinglawfirm.com\/es\/wp-json\/wp\/v2\/types\/page"}],"author":[{"embeddable":true,"href":"https:\/\/www.theirvinglawfirm.com\/es\/wp-json\/wp\/v2\/users\/3"}],"replies":[{"embeddable":true,"href":"https:\/\/www.theirvinglawfirm.com\/es\/wp-json\/wp\/v2\/comments?post=9913"}],"version-history":[{"count":0,"href":"https:\/\/www.theirvinglawfirm.com\/es\/wp-json\/wp\/v2\/pages\/9913\/revisions"}],"up":[{"embeddable":true,"href":"https:\/\/www.theirvinglawfirm.com\/es\/wp-json\/wp\/v2\/pages\/8344"}],"wp:attachment":[{"href":"https:\/\/www.theirvinglawfirm.com\/es\/wp-json\/wp\/v2\/media?parent=9913"}],"curies":[{"name":"wp","href":"https:\/\/api.w.org\/{rel}","templated":true}]}}