{"id":9772,"date":"2023-06-22T01:52:18","date_gmt":"2023-06-22T01:52:18","guid":{"rendered":"https:\/\/www.theirvinglawfirm.com\/?page_id=9772"},"modified":"2025-11-06T16:54:15","modified_gmt":"2025-11-06T16:54:15","slug":"division-de-bienes-y-deuda-en-divorcio","status":"publish","type":"page","link":"https:\/\/www.theirvinglawfirm.com\/es\/areas-de-practica\/derecho-de-familia\/abogado-de-divorcio\/division-de-bienes-y-deuda-en-divorcio\/","title":{"rendered":"Divisi\u00f3n De Bienes: La Divisi\u00f3n De Bienes Y Deudas En Un Divorcio Puede Ser Un Proceso Complicado Y Estresante"},"content":{"rendered":"<div class=\"fusion-fullwidth fullwidth-box fusion-builder-row-1 fusion-flex-container nonhundred-percent-fullwidth non-hundred-percent-height-scrolling\" style=\"--awb-border-radius-top-left:0px;--awb-border-radius-top-right:0px;--awb-border-radius-bottom-right:0px;--awb-border-radius-bottom-left:0px;--awb-flex-wrap:wrap;\" ><div class=\"fusion-builder-row fusion-row fusion-flex-align-items-flex-start fusion-flex-content-wrap\" style=\"max-width:1497.6px;margin-left: calc(-4% \/ 2 );margin-right: calc(-4% \/ 2 );\"><div class=\"fusion-layout-column fusion_builder_column fusion-builder-column-0 fusion_builder_column_1_1 1_1 fusion-flex-column\" style=\"--awb-bg-size:cover;--awb-width-large:100%;--awb-margin-top-large:0px;--awb-spacing-right-large:1.92%;--awb-margin-bottom-large:0px;--awb-spacing-left-large:1.92%;--awb-width-medium:100%;--awb-spacing-right-medium:1.92%;--awb-spacing-left-medium:1.92%;--awb-width-small:100%;--awb-spacing-right-small:1.92%;--awb-spacing-left-small:1.92%;\"><div class=\"fusion-column-wrapper fusion-flex-justify-content-flex-start fusion-content-layout-column\"><div class=\"fusion-text fusion-text-1\"><p>El\u00a0<a href=\"https:\/\/www.theirvinglawfirm.com\/family-law\/divorce\/\">divorcio<\/a>\u00a0es un proceso dif\u00edcil y emocional para todos los implicados, y la divisi\u00f3n de bienes puede ser normalmente uno de los aspectos m\u00e1s pol\u00e9micos del divorcio. Dividir los bienes y las deudas puede ser complicado y estresante, por lo que requiere un examen cuidadoso y orientaci\u00f3n jur\u00eddica experta. Es importante que las parejas comprendan la importancia de recurrir a un abogado con experiencia que les ayude en este proceso en lugar de intentar hacerlo ellas mismas.<\/p>\n<\/div><div class=\"fusion-image-element \" style=\"text-align:center;--awb-margin-top:10px;--awb-margin-bottom:10px;--awb-max-width:750px;--awb-caption-title-font-family:var(--h2_typography-font-family);--awb-caption-title-font-weight:var(--h2_typography-font-weight);--awb-caption-title-font-style:var(--h2_typography-font-style);--awb-caption-title-size:var(--h2_typography-font-size);--awb-caption-title-transform:var(--h2_typography-text-transform);--awb-caption-title-line-height:var(--h2_typography-line-height);--awb-caption-title-letter-spacing:var(--h2_typography-letter-spacing);\"><span class=\" fusion-imageframe imageframe-none imageframe-1 hover-type-none\"><img decoding=\"async\" width=\"1024\" height=\"683\" alt=\"Division de bienes personalizada con The Irving Law Firm\" title=\"Division de bienes personalizada con The Irving Law Firm\" src=\"https:\/\/www.theirvinglawfirm.com\/wp-content\/uploads\/2025\/11\/division-de-bienes-personalizada-con-the-irving-law-firm.jpg\" class=\"img-responsive wp-image-42295\" srcset=\"https:\/\/www.theirvinglawfirm.com\/wp-content\/uploads\/2025\/11\/division-de-bienes-personalizada-con-the-irving-law-firm-200x133.jpg 200w, https:\/\/www.theirvinglawfirm.com\/wp-content\/uploads\/2025\/11\/division-de-bienes-personalizada-con-the-irving-law-firm-400x267.jpg 400w, https:\/\/www.theirvinglawfirm.com\/wp-content\/uploads\/2025\/11\/division-de-bienes-personalizada-con-the-irving-law-firm-600x400.jpg 600w, https:\/\/www.theirvinglawfirm.com\/wp-content\/uploads\/2025\/11\/division-de-bienes-personalizada-con-the-irving-law-firm-800x534.jpg 800w, https:\/\/www.theirvinglawfirm.com\/wp-content\/uploads\/2025\/11\/division-de-bienes-personalizada-con-the-irving-law-firm.jpg 1024w\" sizes=\"(max-width: 640px) 100vw, 1024px\" \/><\/span><\/div><div class=\"fusion-text fusion-text-2\"><p>En muchos divorcios, la divisi\u00f3n de bienes no es un proceso sencillo. Las parejas suelen tener una serie de bienes y deudas que deben tenerse en cuenta y dividirse equitativamente. Esto puede incluir desde cuentas bancarias y fondos de jubilaci\u00f3n hasta bienes inmuebles y efectos personales. Decidir c\u00f3mo dividir estos bienes puede ser un proceso complejo, y es importante que las parejas cuenten con asesoramiento jur\u00eddico experto para asegurarse de que reciben un acuerdo justo.<\/p>\n<p>Una de las razones por las que la divisi\u00f3n de bienes puede ser tan complicada es que a menudo existen v\u00ednculos emocionales con determinados bienes. Por ejemplo, uno de los c\u00f3nyuges puede estar convencido de que debe quedarse con la casa familiar, mientras que el otro puede sentirse con derecho a una parte mayor de una cuenta de jubilaci\u00f3n. Estos apegos emocionales pueden nublar el juicio y dificultar llegar a un acuerdo sobre c\u00f3mo dividir los bienes de forma justa. Un abogado con experiencia puede ayudar a las parejas a navegar por estas complejidades emocionales y llegar a un acuerdo que funcione para todos los implicados.<\/p>\n<p>Otra raz\u00f3n por la que la\u00a0<a href=\"https:\/\/en.wikipedia.org\/wiki\/Division_of_property\" target=\"_blank\" rel=\"noopener\">divisi\u00f3n de bienes<\/a>\u00a0puede ser tan complicada es que normalmente hay complejidades legales que deben tenerse en cuenta. Por ejemplo, determinados bienes pueden considerarse bienes independientes y no estar sujetos a divisi\u00f3n en un divorcio, mientras que otros bienes pueden tener que dividirse a partes iguales con arreglo a la legislaci\u00f3n estatal. Tambi\u00e9n puede haber implicaciones fiscales que deban tenerse en cuenta a la hora de dividir los bienes y las deudas. Un abogado con experiencia puede ayudar a las parejas a navegar por estas complejidades legales y asegurarse de que toman decisiones informadas sobre c\u00f3mo dividir sus bienes.<\/p>\n<p>Uno de los mayores errores que pueden cometer las parejas cuando se trata de la divisi\u00f3n de bienes es intentar hacerlo ellas mismas. Sin un asesoramiento jur\u00eddico experto, las parejas pueden no comprender plenamente sus derechos y obligaciones legales y ser incapaces de llegar a un acuerdo justo. Tambi\u00e9n pueden cometer errores que pueden tener graves consecuencias financieras. Por ejemplo, es posible que no tengan en cuenta las implicaciones fiscales a la hora de dividir los bienes, o que no valoren adecuadamente determinados activos, como bienes inmuebles o intereses empresariales.<\/p>\n<p>Al trabajar con un abogado experimentado, las parejas pueden asegurarse de que est\u00e1n tomando decisiones informadas sobre c\u00f3mo dividir sus bienes. Un abogado puede ayudar a las parejas a entender sus derechos y obligaciones legales y ayudarles a llegar a un acuerdo justo que tenga en cuenta todos los bienes y deudas implicados. Tambi\u00e9n pueden ayudar a garantizar que se cumplan todos los requisitos legales y que el acuerdo quede debidamente documentado para evitar futuros litigios.<\/p>\n<p>En conclusi\u00f3n, la divisi\u00f3n de bienes puede ser un proceso complicado y estresante en un divorcio. Es importante que las parejas comprendan la importancia de recurrir a un abogado con experiencia que les ayude en este proceso en lugar de intentar hacerlo ellas mismas. Un abogado con experiencia puede proporcionar orientaci\u00f3n jur\u00eddica especializada, ayudar a las parejas a sortear las complejidades emocionales y asegurarse de que toman decisiones informadas sobre la divisi\u00f3n de sus bienes. Trabajando con un abogado, las parejas pueden asegurarse de que llegan a un acuerdo justo que tenga en cuenta todos los bienes y deudas implicados y que el acuerdo quede debidamente documentado para evitar futuros litigios.<\/p>\n<p><a href=\"https:\/\/www.theirvinglawfirm.com\/es\/derecho-de-familia\/abogado-de-divorcio\/pension-alimenticia-y-el-divorcio\/\" target=\"_blank\" rel=\"noopener\">M\u00e1s Informaci\u00f3n<\/a><\/p>\n<p>Y<\/p>\n<p><a href=\"https:\/\/www.theirvinglawfirm.com\/es\/derecho-de-familia\/divorcio\/\">Sobre Nosotros<\/a><\/p>\n<\/div><\/div><\/div><\/div><\/div>\n","protected":false},"excerpt":{"rendered":"","protected":false},"author":3,"featured_media":0,"parent":8344,"menu_order":0,"comment_status":"closed","ping_status":"closed","template":"","meta":{"_analytify_skip_tracking":false,"rank_math_title":"Divorcio Y Divisi\u00f3n De La Propiedad: Simplificando La Divisi\u00f3n De Bienes Y Deudas | The Irving Law Firm","rank_math_description":"El divorcio es un proceso dif\u00edcil y emocional para todos los implicados, y la divisi\u00f3n de bienes puede ser a menudo uno de los aspectos m\u00e1s pol\u00e9micos del divorcio.","rank_math_focus_keyword":"divisi\u00f3n","rank_math_canonical_url":"","footnotes":""},"class_list":["post-9772","page","type-page","status-publish","hentry"],"acf":[],"_links":{"self":[{"href":"https:\/\/www.theirvinglawfirm.com\/es\/wp-json\/wp\/v2\/pages\/9772","targetHints":{"allow":["GET"]}}],"collection":[{"href":"https:\/\/www.theirvinglawfirm.com\/es\/wp-json\/wp\/v2\/pages"}],"about":[{"href":"https:\/\/www.theirvinglawfirm.com\/es\/wp-json\/wp\/v2\/types\/page"}],"author":[{"embeddable":true,"href":"https:\/\/www.theirvinglawfirm.com\/es\/wp-json\/wp\/v2\/users\/3"}],"replies":[{"embeddable":true,"href":"https:\/\/www.theirvinglawfirm.com\/es\/wp-json\/wp\/v2\/comments?post=9772"}],"version-history":[{"count":3,"href":"https:\/\/www.theirvinglawfirm.com\/es\/wp-json\/wp\/v2\/pages\/9772\/revisions"}],"predecessor-version":[{"id":42300,"href":"https:\/\/www.theirvinglawfirm.com\/es\/wp-json\/wp\/v2\/pages\/9772\/revisions\/42300"}],"up":[{"embeddable":true,"href":"https:\/\/www.theirvinglawfirm.com\/es\/wp-json\/wp\/v2\/pages\/8344"}],"wp:attachment":[{"href":"https:\/\/www.theirvinglawfirm.com\/es\/wp-json\/wp\/v2\/media?parent=9772"}],"curies":[{"name":"wp","href":"https:\/\/api.w.org\/{rel}","templated":true}]}}