{"id":9771,"date":"2023-06-22T01:52:00","date_gmt":"2023-06-22T01:52:00","guid":{"rendered":"https:\/\/www.theirvinglawfirm.com\/?page_id=9771"},"modified":"2024-03-05T16:07:44","modified_gmt":"2024-03-05T16:07:44","slug":"panorama-legal-de-la-custodia-de-los-hijos-tras-el-divorcio","status":"publish","type":"page","link":"https:\/\/www.theirvinglawfirm.com\/es\/areas-de-practica\/derecho-de-familia\/abogado-de-divorcio\/panorama-legal-de-la-custodia-de-los-hijos-tras-el-divorcio\/","title":{"rendered":"Batallas Por La Custodia: Navegando Por El Complejo Panorama Legal De La Custodia De Los Hijos Tras El Divorcio"},"content":{"rendered":"<div class=\"fusion-fullwidth fullwidth-box fusion-builder-row-1 fusion-flex-container nonhundred-percent-fullwidth non-hundred-percent-height-scrolling\" style=\"--awb-border-radius-top-left:0px;--awb-border-radius-top-right:0px;--awb-border-radius-bottom-right:0px;--awb-border-radius-bottom-left:0px;--awb-flex-wrap:wrap;\" ><div class=\"fusion-builder-row fusion-row fusion-flex-align-items-flex-start fusion-flex-content-wrap\" style=\"max-width:1497.6px;margin-left: calc(-4% \/ 2 );margin-right: calc(-4% \/ 2 );\"><div class=\"fusion-layout-column fusion_builder_column fusion-builder-column-0 fusion_builder_column_1_1 1_1 fusion-flex-column\" style=\"--awb-bg-size:cover;--awb-width-large:100%;--awb-margin-top-large:0px;--awb-spacing-right-large:1.92%;--awb-margin-bottom-large:0px;--awb-spacing-left-large:1.92%;--awb-width-medium:100%;--awb-spacing-right-medium:1.92%;--awb-spacing-left-medium:1.92%;--awb-width-small:100%;--awb-spacing-right-small:1.92%;--awb-spacing-left-small:1.92%;\"><div class=\"fusion-column-wrapper fusion-flex-justify-content-flex-start fusion-content-layout-column\"><div class=\"fusion-text fusion-text-1\"><p>El divorcio es emocional y mentalmente agotador y puede complicarse a\u00fan m\u00e1s cuando hay hijos de por medio. En un divorcio, una de las cuestiones m\u00e1s importantes que deben resolverse es la custodia de los hijos. Las batallas por la custodia pueden ser complejas, y navegar por el panorama jur\u00eddico de la custodia de los hijos puede resultar abrumador. Por eso es fundamental que un\u00a0<a href=\"http:\/\/theirvinglawfirm.com\/\">abogado con experiencia<\/a>\u00a0le gu\u00ede a lo largo del proceso.<\/p>\n<\/div><div class=\"fusion-image-element \" style=\"text-align:center;--awb-margin-top:10px;--awb-margin-bottom:10px;--awb-max-width:750px;--awb-caption-title-font-family:var(--h2_typography-font-family);--awb-caption-title-font-weight:var(--h2_typography-font-weight);--awb-caption-title-font-style:var(--h2_typography-font-style);--awb-caption-title-size:var(--h2_typography-font-size);--awb-caption-title-transform:var(--h2_typography-text-transform);--awb-caption-title-line-height:var(--h2_typography-line-height);--awb-caption-title-letter-spacing:var(--h2_typography-letter-spacing);\"><span class=\" fusion-imageframe imageframe-none imageframe-1 hover-type-none\"><img decoding=\"async\" width=\"1024\" height=\"682\" alt=\"La Custodia De Los Hijos Normalmente Es Un Proceso Legal Delicado Que Puede Afectar Gravemente Su V\u00ednculo Familiar\" src=\"https:\/\/www.theirvinglawfirm.com\/wp-content\/uploads\/2023\/06\/la-custodia-de-los-hijos-normalmente-es-un-proceso-legal-delicado-que-puede-afectar-gravemente-su-vinculo-familiar.jpg\" class=\"img-responsive wp-image-9805\" srcset=\"https:\/\/www.theirvinglawfirm.com\/wp-content\/uploads\/2023\/06\/la-custodia-de-los-hijos-normalmente-es-un-proceso-legal-delicado-que-puede-afectar-gravemente-su-vinculo-familiar-200x133.jpg 200w, https:\/\/www.theirvinglawfirm.com\/wp-content\/uploads\/2023\/06\/la-custodia-de-los-hijos-normalmente-es-un-proceso-legal-delicado-que-puede-afectar-gravemente-su-vinculo-familiar-400x266.jpg 400w, https:\/\/www.theirvinglawfirm.com\/wp-content\/uploads\/2023\/06\/la-custodia-de-los-hijos-normalmente-es-un-proceso-legal-delicado-que-puede-afectar-gravemente-su-vinculo-familiar-600x400.jpg 600w, https:\/\/www.theirvinglawfirm.com\/wp-content\/uploads\/2023\/06\/la-custodia-de-los-hijos-normalmente-es-un-proceso-legal-delicado-que-puede-afectar-gravemente-su-vinculo-familiar-800x533.jpg 800w, https:\/\/www.theirvinglawfirm.com\/wp-content\/uploads\/2023\/06\/la-custodia-de-los-hijos-normalmente-es-un-proceso-legal-delicado-que-puede-afectar-gravemente-su-vinculo-familiar.jpg 1024w\" sizes=\"(max-width: 640px) 100vw, 1024px\" \/><\/span><\/div><div class=\"fusion-text fusion-text-2\"><p>Para determinar la\u00a0<a href=\"https:\/\/en.wikipedia.org\/wiki\/Child_custody\" target=\"_blank\" rel=\"noopener\">custodia de un menor<\/a>\u00a0se tienen en cuenta muchos factores. El factor m\u00e1s importante es el inter\u00e9s superior del menor. Esto implica evaluar la capacidad de cada progenitor para satisfacer las necesidades f\u00edsicas, emocionales y de desarrollo del ni\u00f1o. Otros factores que se tienen en cuenta son la edad del ni\u00f1o, la relaci\u00f3n entre el ni\u00f1o y cada progenitor y las preferencias del ni\u00f1o, si tiene edad suficiente para expresarlas.<\/p>\n<p>Enfrentarse a estos factores puede resultar dif\u00edcil, sobre todo si no est\u00e1 familiarizado con el Derecho de familia. Un abogado con experiencia puede ayudarle a entender c\u00f3mo se eval\u00faan estos factores y orientarle sobre los pasos que puede dar para aumentar sus posibilidades de obtener la custodia de su hijo.<\/p>\n<p>Un error com\u00fan que muchas personas cometen cuando se trata de batallas por la custodia es tratar de representarse a s\u00ed mismos. Aunque pueda parecer una buena forma de ahorrar dinero, representarse a s\u00ed mismo en una batalla por la custodia puede ser perjudicial para su caso. El Derecho de familia es complejo, y hay muchos procedimientos y requisitos legales que deben seguirse. No seguir estos procedimientos puede hacer que su caso sea desestimado o que el tribunal falle en su contra.<\/p>\n<p>Adem\u00e1s, un abogado con experiencia puede proporcionarle asesoramiento legal importante del que quiz\u00e1 no sea consciente. Por ejemplo, pueden ayudarle a comprender qu\u00e9 pruebas son admisibles ante un tribunal y cu\u00e1les no. Tambi\u00e9n pueden ayudarle a prepararse para las vistas judiciales y representarle si es necesario.<\/p>\n<p>Otra raz\u00f3n por la que es importante recurrir a un abogado con experiencia es que puede ayudarle a negociar un acuerdo de custodia con el otro progenitor. Aunque acudir a los tribunales puede ser necesario en algunos casos, a menudo es mejor para ambas partes llegar a un acuerdo extrajudicial. Un abogado con experiencia puede ayudarle a negociar un acuerdo de custodia que sea justo para ambas partes y redunde en beneficio del menor.<\/p>\n<p>Por \u00faltimo, un abogado con experiencia puede proporcionar apoyo emocional en un momento dif\u00edcil. Las batallas por la custodia pueden ser emocionalmente agotadoras, y contar con un abogado experto y emp\u00e1tico puede marcar una gran diferencia. Pueden ayudarle a gestionar sus emociones y proporcionarle estabilidad y apoyo durante todo el proceso.<\/p>\n<p>En conclusi\u00f3n, las batallas por la custodia pueden ser complejas, y navegar por el panorama jur\u00eddico de la custodia de los hijos puede resultar abrumador. Es fundamental que un abogado con experiencia le gu\u00ede a lo largo del proceso. Intentar representarse a s\u00ed mismo en una batalla por la custodia puede ser perjudicial para su caso, y es importante contar con alguien con conocimientos y experiencia en derecho de familia que le represente. Un abogado con experiencia puede proporcionarle asesor\u00eda legal, puede negociar un acuerdo de custodia con el otro progenitor y puede proporcionarle apoyo emocional en un momento dif\u00edcil. Al trabajar con un abogado con experiencia, puede aumentar sus posibilidades de obtener la custodia de su hijo y asegurarse de que se protege su inter\u00e9s superior.<\/p>\n<p><a href=\"https:\/\/www.theirvinglawfirm.com\/es\/derecho-de-familia\/abogado-de-divorcio\/division-de-bienes-y-deuda-en-divorcio\/\" target=\"_blank\" rel=\"noopener\">Encuentre M\u00e1s Informaci\u00f3n Aqu\u00ed<\/a><\/p>\n<p>Y<\/p>\n<p><a href=\"https:\/\/www.theirvinglawfirm.com\/es\/derecho-de-familia\/divorcio\/\" target=\"_blank\" rel=\"noopener\">Sobre Nosotros<\/a><\/p>\n<\/div><\/div><\/div><\/div><\/div>\n","protected":false},"excerpt":{"rendered":"","protected":false},"author":3,"featured_media":0,"parent":8344,"menu_order":0,"comment_status":"closed","ping_status":"closed","template":"","meta":{"_analytify_skip_tracking":false,"rank_math_title":"Custodia De Los Hijos: Ppanorama Legal Despu\u00e9s Del Divorcio | The Irving Law Firm","rank_math_description":"Las batallas por la custodia de los hijos pueden ser complejas, y navegar por el panorama jur\u00eddico de la custodia de los hijos puede resultar abrumador. Por eso es fundamental que un abogado con experiencia le gu\u00ede a lo largo del proceso.","rank_math_focus_keyword":"custodia","rank_math_canonical_url":"","footnotes":""},"class_list":["post-9771","page","type-page","status-publish","hentry"],"acf":[],"_links":{"self":[{"href":"https:\/\/www.theirvinglawfirm.com\/es\/wp-json\/wp\/v2\/pages\/9771","targetHints":{"allow":["GET"]}}],"collection":[{"href":"https:\/\/www.theirvinglawfirm.com\/es\/wp-json\/wp\/v2\/pages"}],"about":[{"href":"https:\/\/www.theirvinglawfirm.com\/es\/wp-json\/wp\/v2\/types\/page"}],"author":[{"embeddable":true,"href":"https:\/\/www.theirvinglawfirm.com\/es\/wp-json\/wp\/v2\/users\/3"}],"replies":[{"embeddable":true,"href":"https:\/\/www.theirvinglawfirm.com\/es\/wp-json\/wp\/v2\/comments?post=9771"}],"version-history":[{"count":0,"href":"https:\/\/www.theirvinglawfirm.com\/es\/wp-json\/wp\/v2\/pages\/9771\/revisions"}],"up":[{"embeddable":true,"href":"https:\/\/www.theirvinglawfirm.com\/es\/wp-json\/wp\/v2\/pages\/8344"}],"wp:attachment":[{"href":"https:\/\/www.theirvinglawfirm.com\/es\/wp-json\/wp\/v2\/media?parent=9771"}],"curies":[{"name":"wp","href":"https:\/\/api.w.org\/{rel}","templated":true}]}}