{"id":9770,"date":"2023-06-22T01:51:47","date_gmt":"2023-06-22T01:51:47","guid":{"rendered":"https:\/\/www.theirvinglawfirm.com\/?page_id=9770"},"modified":"2024-03-05T16:28:44","modified_gmt":"2024-03-05T16:28:44","slug":"opciones-que-tiene-en-separacion-legal","status":"publish","type":"page","link":"https:\/\/www.theirvinglawfirm.com\/es\/areas-de-practica\/derecho-de-familia\/abogado-de-divorcio\/opciones-que-tiene-en-separacion-legal\/","title":{"rendered":"Separaci\u00f3n Legal: \u00bfQu\u00e9 Opciones Tiene Cuando Usted Y Su Pareja Quieren Separarse?"},"content":{"rendered":"<div class=\"fusion-fullwidth fullwidth-box fusion-builder-row-1 fusion-flex-container nonhundred-percent-fullwidth non-hundred-percent-height-scrolling\" style=\"--awb-border-radius-top-left:0px;--awb-border-radius-top-right:0px;--awb-border-radius-bottom-right:0px;--awb-border-radius-bottom-left:0px;--awb-flex-wrap:wrap;\" ><div class=\"fusion-builder-row fusion-row fusion-flex-align-items-flex-start fusion-flex-content-wrap\" style=\"max-width:1497.6px;margin-left: calc(-4% \/ 2 );margin-right: calc(-4% \/ 2 );\"><div class=\"fusion-layout-column fusion_builder_column fusion-builder-column-0 fusion_builder_column_1_1 1_1 fusion-flex-column\" style=\"--awb-bg-size:cover;--awb-width-large:100%;--awb-margin-top-large:0px;--awb-spacing-right-large:1.92%;--awb-margin-bottom-large:0px;--awb-spacing-left-large:1.92%;--awb-width-medium:100%;--awb-spacing-right-medium:1.92%;--awb-spacing-left-medium:1.92%;--awb-width-small:100%;--awb-spacing-right-small:1.92%;--awb-spacing-left-small:1.92%;\"><div class=\"fusion-column-wrapper fusion-flex-justify-content-flex-start fusion-content-layout-column\"><div class=\"fusion-text fusion-text-1\"><p>Cuando una pareja decide poner fin a su relaci\u00f3n, la tensi\u00f3n emocional y econ\u00f3mica puede ser abrumadora. Una opci\u00f3n para separarse es la separaci\u00f3n legal. La\u00a0<a href=\"https:\/\/en.wikipedia.org\/wiki\/Legal_separation\" target=\"_blank\" rel=\"noopener\">separaci\u00f3n legal<\/a>\u00a0es un acuerdo aprobado por un tribunal entre dos miembros de la pareja que establece las condiciones de su separaci\u00f3n sin poner fin oficialmente al matrimonio. Esta opci\u00f3n puede ser beneficiosa para las parejas que quieren separarse pero no est\u00e1n preparadas para el divorcio y para las que no pueden divorciarse por creencias religiosas u otras razones personales.<\/p>\n<\/div><div class=\"fusion-image-element \" style=\"text-align:center;--awb-margin-top:10px;--awb-margin-bottom:10px;--awb-max-width:750px;--awb-caption-title-font-family:var(--h2_typography-font-family);--awb-caption-title-font-weight:var(--h2_typography-font-weight);--awb-caption-title-font-style:var(--h2_typography-font-style);--awb-caption-title-size:var(--h2_typography-font-size);--awb-caption-title-transform:var(--h2_typography-text-transform);--awb-caption-title-line-height:var(--h2_typography-line-height);--awb-caption-title-letter-spacing:var(--h2_typography-letter-spacing);\"><span class=\" fusion-imageframe imageframe-none imageframe-1 hover-type-none\"><img decoding=\"async\" width=\"1024\" height=\"682\" alt=\"Sepa M\u00e1s Sobre Las Opciones Legales Que Usted Tiene Si Est\u00e1 Por Atravesar Una Separaci\u00f3n Legal\" src=\"https:\/\/www.theirvinglawfirm.com\/wp-content\/uploads\/2023\/06\/sepa-mas-sobre-las-opciones-legales-que-usted-tiene-si-esta-por-atravesar-una-separacion-legal.jpg\" class=\"img-responsive wp-image-9792\" srcset=\"https:\/\/www.theirvinglawfirm.com\/wp-content\/uploads\/2023\/06\/sepa-mas-sobre-las-opciones-legales-que-usted-tiene-si-esta-por-atravesar-una-separacion-legal-200x133.jpg 200w, https:\/\/www.theirvinglawfirm.com\/wp-content\/uploads\/2023\/06\/sepa-mas-sobre-las-opciones-legales-que-usted-tiene-si-esta-por-atravesar-una-separacion-legal-400x266.jpg 400w, https:\/\/www.theirvinglawfirm.com\/wp-content\/uploads\/2023\/06\/sepa-mas-sobre-las-opciones-legales-que-usted-tiene-si-esta-por-atravesar-una-separacion-legal-600x400.jpg 600w, https:\/\/www.theirvinglawfirm.com\/wp-content\/uploads\/2023\/06\/sepa-mas-sobre-las-opciones-legales-que-usted-tiene-si-esta-por-atravesar-una-separacion-legal-800x533.jpg 800w, https:\/\/www.theirvinglawfirm.com\/wp-content\/uploads\/2023\/06\/sepa-mas-sobre-las-opciones-legales-que-usted-tiene-si-esta-por-atravesar-una-separacion-legal.jpg 1024w\" sizes=\"(max-width: 640px) 100vw, 1024px\" \/><\/span><\/div><div class=\"fusion-text fusion-text-2\"><p>Una de las ventajas de la separaci\u00f3n legal es que puede aportar claridad y estructura al proceso de separaci\u00f3n. El acuerdo puede definir c\u00f3mo se dividir\u00e1n los bienes, c\u00f3mo se gestionar\u00e1 la custodia de los hijos y c\u00f3mo se manejar\u00e1n las finanzas. Esto puede ayudar a evitar confusiones o disputas posteriores y proporcionar un marco para futuras negociaciones o cambios en el acuerdo.<\/p>\n<p>Sin embargo, navegar por el sistema legal puede resultar dif\u00edcil, especialmente para quienes no est\u00e1n familiarizados con la terminolog\u00eda o los procedimientos legales. Por eso es esencial trabajar con un abogado experimentado que pueda guiarle a lo largo del proceso. Un abogado con experiencia puede ayudarle a comprender sus derechos y obligaciones legales, as\u00ed como a negociar un acuerdo justo y equitativo.<\/p>\n<p>Al buscar un abogado, es importante encontrar a alguien que tenga experiencia en derecho de familia, as\u00ed como experiencia en separaci\u00f3n legal espec\u00edficamente. Los abogados especializados en derecho de familia tienen conocimientos y experiencia en las complejidades de la separaci\u00f3n y el divorcio, incluida la custodia y manutenci\u00f3n de los hijos, la manutenci\u00f3n del c\u00f3nyuge y la divisi\u00f3n de bienes. Un abogado con experiencia puede proporcionarle valiosos consejos y apoyo, as\u00ed como ayudarle a desenvolverse en el sistema legal.<\/p>\n<p>Trabajar con un abogado tambi\u00e9n puede ayudarle a evitar errores comunes que pueden tener consecuencias a largo plazo. Por ejemplo, si no est\u00e1 familiarizado con el proceso legal, puede pasar por alto detalles importantes del acuerdo o firmar un documento sin comprender plenamente sus implicaciones. Un abogado con experiencia puede ayudarle a evitar estos problemas y garantizar que su acuerdo sea justo y jur\u00eddicamente vinculante.<\/p>\n<p>Otra ventaja de trabajar con un abogado es que puede actuar como mediador entre usted y su pareja. Un acuerdo legal de separaci\u00f3n puede ser complejo, y las negociaciones pueden resultar emotivas y estresantes. Un abogado con experiencia puede ayudar a mantener abiertas las l\u00edneas de comunicaci\u00f3n, facilitar las negociaciones y ayudar a encontrar un terreno com\u00fan entre las partes.<\/p>\n<p>Adem\u00e1s, un abogado puede ayudar a garantizar que el acuerdo de separaci\u00f3n legal sea ejecutable. Si el acuerdo no est\u00e1 bien redactado o ejecutado, puede no ser jur\u00eddicamente vinculante, lo que puede causar problemas. Un abogado con experiencia puede garantizar que el acuerdo sea legalmente s\u00f3lido y pueda hacerse valer ante los tribunales en caso necesario.<\/p>\n<p>En conclusi\u00f3n, la separaci\u00f3n legal puede ser beneficiosa para las parejas que desean separarse pero no est\u00e1n preparadas para el divorcio. Sin embargo, navegar por el sistema legal puede ser un reto, por lo que es importante trabajar con un abogado con experiencia. Un abogado con experiencia puede guiarle a lo largo del proceso, proporcionarle valiosos consejos y apoyo, y ayudarle a garantizar que su acuerdo sea justo y jur\u00eddicamente vinculante. Si est\u00e1 considerando la separaci\u00f3n legal, no dude en ponerse en contacto con un\u00a0<a href=\"http:\/\/theirvinglawfirm.com\/\" target=\"_blank\" rel=\"noopener\">abogado experto en derecho de familia<\/a>\u00a0\u00a0para que le ayude.<\/p>\n<p><a href=\"https:\/\/www.theirvinglawfirm.com\/es\/derecho-de-familia\/abogado-de-divorcio\/panorama-legal-de-la-custodia-de-los-hijos-tras-el-divorcio\/\" target=\"_blank\" rel=\"noopener\">Obtenga Informaci\u00f3n Necesaria<\/a><\/p>\n<p>Y<\/p>\n<p><a href=\"https:\/\/www.theirvinglawfirm.com\/es\/derecho-de-familia\/divorcio\/\" target=\"_blank\" rel=\"noopener\">Sobre Nosotros<\/a><\/p>\n<\/div><\/div><\/div><\/div><\/div>\n","protected":false},"excerpt":{"rendered":"","protected":false},"author":3,"featured_media":0,"parent":8344,"menu_order":0,"comment_status":"closed","ping_status":"closed","template":"","meta":{"_analytify_skip_tracking":false,"rank_math_title":"Separaci\u00f3n Legal: Explorando Sus Opciones Para Separarse | The Irving Law Firm","rank_math_description":"La separaci\u00f3n legal es un acuerdo aprobado por un tribunal entre dos miembros de la pareja que establece las condiciones de su separaci\u00f3n sin poner fin oficialmente al matrimonio.","rank_math_focus_keyword":"separaci\u00f3n legal","rank_math_canonical_url":"","footnotes":""},"class_list":["post-9770","page","type-page","status-publish","hentry"],"acf":[],"_links":{"self":[{"href":"https:\/\/www.theirvinglawfirm.com\/es\/wp-json\/wp\/v2\/pages\/9770","targetHints":{"allow":["GET"]}}],"collection":[{"href":"https:\/\/www.theirvinglawfirm.com\/es\/wp-json\/wp\/v2\/pages"}],"about":[{"href":"https:\/\/www.theirvinglawfirm.com\/es\/wp-json\/wp\/v2\/types\/page"}],"author":[{"embeddable":true,"href":"https:\/\/www.theirvinglawfirm.com\/es\/wp-json\/wp\/v2\/users\/3"}],"replies":[{"embeddable":true,"href":"https:\/\/www.theirvinglawfirm.com\/es\/wp-json\/wp\/v2\/comments?post=9770"}],"version-history":[{"count":0,"href":"https:\/\/www.theirvinglawfirm.com\/es\/wp-json\/wp\/v2\/pages\/9770\/revisions"}],"up":[{"embeddable":true,"href":"https:\/\/www.theirvinglawfirm.com\/es\/wp-json\/wp\/v2\/pages\/8344"}],"wp:attachment":[{"href":"https:\/\/www.theirvinglawfirm.com\/es\/wp-json\/wp\/v2\/media?parent=9770"}],"curies":[{"name":"wp","href":"https:\/\/api.w.org\/{rel}","templated":true}]}}