{"id":9740,"date":"2023-06-22T22:58:42","date_gmt":"2023-06-22T22:58:42","guid":{"rendered":"https:\/\/www.theirvinglawfirm.com\/?page_id=9740"},"modified":"2024-03-09T00:24:56","modified_gmt":"2024-03-09T00:24:56","slug":"manassas-un-gran-lugar-para-visitar","status":"publish","type":"page","link":"https:\/\/www.theirvinglawfirm.com\/es\/manassas-un-gran-lugar-para-visitar\/","title":{"rendered":"Manassas, Un Gran Lugar Para Visitar"},"content":{"rendered":"<div class=\"fusion-fullwidth fullwidth-box fusion-builder-row-1 fusion-flex-container nonhundred-percent-fullwidth non-hundred-percent-height-scrolling\" style=\"--awb-border-radius-top-left:0px;--awb-border-radius-top-right:0px;--awb-border-radius-bottom-right:0px;--awb-border-radius-bottom-left:0px;--awb-flex-wrap:wrap;\" ><div class=\"fusion-builder-row fusion-row fusion-flex-align-items-flex-start fusion-flex-content-wrap\" style=\"max-width:1497.6px;margin-left: calc(-4% \/ 2 );margin-right: calc(-4% \/ 2 );\"><div class=\"fusion-layout-column fusion_builder_column fusion-builder-column-0 fusion_builder_column_1_1 1_1 fusion-flex-column\" style=\"--awb-bg-size:cover;--awb-width-large:100%;--awb-margin-top-large:0px;--awb-spacing-right-large:1.92%;--awb-margin-bottom-large:0px;--awb-spacing-left-large:1.92%;--awb-width-medium:100%;--awb-spacing-right-medium:1.92%;--awb-spacing-left-medium:1.92%;--awb-width-small:100%;--awb-spacing-right-small:1.92%;--awb-spacing-left-small:1.92%;\"><div class=\"fusion-column-wrapper fusion-flex-justify-content-flex-start fusion-content-layout-column\"><div class=\"fusion-text fusion-text-1\"><p><span style=\"font-weight: 400;\">Si le gusta la historia, le encantar\u00e1 visitar <a href=\"https:\/\/www.manassasva.gov\" target=\"_blank\" rel=\"noopener\">Manassas VA,<\/a> escenario de dos batallas de la Guerra Civil. Esta encantadora ciudad es tambi\u00e9n un lugar ideal para encontrar excelentes restaurantes, cervecer\u00edas y destiler\u00edas.<\/span><\/p>\n<p><iframe title=\"Reproductor de v\u00eddeo de YouTube\" src=\"https:\/\/www.youtube.com\/embed\/EuEeJtMrTIk\" width=\"100%\" height=\"600\" frameborder=\"0\" allowfullscreen=\"allowfullscreen\"><span data-mce-type=\"bookmark\" style=\"display: inline-block; width: 0px; overflow: hidden; line-height: 0;\" class=\"mce_SELRES_start\"><\/span><\/iframe><\/p>\n<p><span style=\"font-weight: 400;\">En primer lugar, la ciudad alberga un precioso casco hist\u00f3rico repleto de encantadores edificios antiguos y tiendas. Hay un mont\u00f3n de museos repartidos por toda la zona, que detallan el papel vital que desempe\u00f1\u00f3 la ciudad en la Guerra Civil.<\/span><\/p>\n<p><span style=\"font-weight: 400;\">La ciudad es tambi\u00e9n un gran lugar para visitar si desea ver algunas de las mejores obras de arte de Virginia. La ARTfactory, situada en la F\u00e1brica de Dulces, acoge varios actos y clases para artistas locales y ofrece la oportunidad de aprender m\u00e1s sobre las artes visuales.<\/span><\/p>\n<p><span style=\"font-weight: 400;\">Otro lugar que hay que visitar es la hist\u00f3rica estaci\u00f3n de tren. Ha aparecido en algunas pel\u00edculas y programas de televisi\u00f3n, como la pel\u00edcula \u00abLa vida secreta del adolescente americano\u00bb y la serie \u00abMentes criminales\u00bb.<\/span><\/p>\n<p><span style=\"font-weight: 400;\">Si busca algo que hacer en los meses de verano, puede hacer una excursi\u00f3n al centro comercial Manassas Mall. Se trata de un enorme centro comercial que cuenta con m\u00e1s de 65 tiendas, as\u00ed como restaurantes y otras instalaciones de ocio.<\/span><\/p>\n<p><span style=\"font-weight: 400;\">Se puede llegar en autob\u00fas, tren o auto. Si busca una forma m\u00e1s activa de pasar el tiempo, monte a caballo o pruebe una de las muchas rutas de senderismo.<\/span><\/p>\n<p><span style=\"font-weight: 400;\">En la zona hay varias universidades e institutos, como el Northern Virginia Community College (NVCC) y la Universidad Strayer. NVCC y Strayer llaman a sus sucursales los campus de Manassas, y ofrecen licenciaturas en empresariales, educaci\u00f3n, ingenier\u00eda y silvicultura.<\/span><\/p>\n<p><span style=\"font-weight: 400;\">Manassas tambi\u00e9n alberga el Aeropuerto Regional de Manassas, el mayor aeropuerto de aviaci\u00f3n general de Virginia y que presta servicio a la regi\u00f3n. El aeropuerto es un centro de formaci\u00f3n de vuelo, venta, mantenimiento y reparaci\u00f3n de aeronaves, servicios ch\u00e1rter y mucho m\u00e1s.<\/span><\/p>\n<p><span style=\"font-weight: 400;\">El Parque Nacional del Campo de Batalla de Manassas es una atracci\u00f3n popular de la zona, que conserva los emplazamientos de dos importantes enfrentamientos de la Guerra Civil. La primera fue la batalla que marc\u00f3 el comienzo de la Guerra Civil, mientras que la segunda tuvo lugar un a\u00f1o despu\u00e9s y marc\u00f3 el punto \u00e1lgido del dominio confederado en la guerra.<\/span><\/p>\n<p><span style=\"font-weight: 400;\">El parque tambi\u00e9n alberga otros monumentos hist\u00f3ricos, as\u00ed que no deje de visitarlo si est\u00e1 por la zona.<\/span><\/p>\n<p><span style=\"font-weight: 400;\">Tambi\u00e9n puede visitar la ARTfactory, que alberga un teatro y una galer\u00eda de arte. Es un lugar perfecto para comenzar su viaje art\u00edstico y hacer fluir la creatividad.<\/span><\/p>\n<p><span style=\"font-weight: 400;\">Adem\u00e1s de la ARTfactory, hay muchas otras actividades art\u00edsticas y culturales en las que participar en Manassas. La ciudad tambi\u00e9n celebra cada mes el festival First Friday, en el que se pueden contemplar algunas de las mejores obras de arte de la ciudad.<\/span><\/p>\n<p><span style=\"font-weight: 400;\">Por \u00faltimo, en Manassas hay una fant\u00e1stica f\u00e1brica de cerveza artesanal llamada Heritage Brewing Company. La dirigen dos hermanos que sirvieron en el ej\u00e9rcito y a los que les apasiona crear cervezas de alta calidad para el disfrute de la zona.<\/span><\/p>\n<p><span style=\"font-weight: 400;\">Punto de inter\u00e9s #1 Lovo Hardwood Floors, 9858 Buckner Rd, Manassas, VA 20110<\/span><\/p>\n<p><span style=\"font-weight: 400;\">Punto de Inter\u00e9s #2 J&amp;Y Shop(Distribuidor de Productos Amway), Distrito Hist\u00f3rico, Manassas, VA 20110<\/span><\/p>\n<p><span style=\"font-weight: 400;\">Punto de inter\u00e9s #3 Tom Osina, 9309 Hood Rd, Manassas, VA 20110<\/span><\/p>\n<p>C\u00f3mo Llegar A <a href=\"http:\/\/theirvinglawfirm.com\/es\">The Irving Law Firm<\/a> Desde Tom Osina<\/p>\n<p><iframe style=\"border: 0;\" src=\"https:\/\/www.google.com\/maps\/embed?pb=!1m28!1m12!1m3!1d6223.458757716505!2d-77.48477152268747!3d38.74697188599866!2m3!1f0!2f0!3f0!3m2!1i1024!2i768!4f13.1!4m13!3e0!4m5!1s0x89b65c0f23f20415%3A0x12a17087e829cfa2!2sTom%20Osina%2C%209309%20Hood%20Rd%2C%20Manassas%2C%20VA%2020110%2C%20United%20States!3m2!1d38.741117599999995!2d-77.4771009!4m5!1s0x89b65b8a5c9334bb%3A0x1f3aa0d68fc65fda!2sThe%20Irving%20Law%20Firm%2C%209253%20Mosby%20St%202nd%20Floor%2C%20Manassas%2C%20VA%2020110%2C%20United%20States!3m2!1d38.7531865!2d-77.47651599999999!5e0!3m2!1sen!2sph!4v1675803936299!5m2!1sen!2sph\" width=\"600\" height=\"450\" allowfullscreen=\"allowfullscreen\"><span data-mce-type=\"bookmark\" style=\"display: inline-block; width: 0px; overflow: hidden; line-height: 0;\" class=\"mce_SELRES_start\">\ufeff<\/span><\/iframe><\/p>\n<p><a href=\"https:\/\/www.theirvinglawfirm.com\/es\/manassas-va\/increible-lectura-sobre-manassas-va\/\"><strong>Encuentre Datos \u00datiles<\/strong><\/a><\/p>\n<\/div><\/div><\/div><\/div><\/div>\n","protected":false},"excerpt":{"rendered":"","protected":false},"author":3,"featured_media":0,"parent":0,"menu_order":0,"comment_status":"closed","ping_status":"closed","template":"","meta":{"_analytify_skip_tracking":false,"rank_math_title":"Manassas, VA, Un Gran Lugar Para Visitar | The Irving Law Firm","rank_math_description":"Si le gusta la historia, le encantar\u00e1 visitar Manassas VA, escenario de dos batallas de la Guerra Civil. ","rank_math_focus_keyword":"manassas","rank_math_canonical_url":"","footnotes":""},"class_list":["post-9740","page","type-page","status-publish","hentry"],"acf":[],"_links":{"self":[{"href":"https:\/\/www.theirvinglawfirm.com\/es\/wp-json\/wp\/v2\/pages\/9740","targetHints":{"allow":["GET"]}}],"collection":[{"href":"https:\/\/www.theirvinglawfirm.com\/es\/wp-json\/wp\/v2\/pages"}],"about":[{"href":"https:\/\/www.theirvinglawfirm.com\/es\/wp-json\/wp\/v2\/types\/page"}],"author":[{"embeddable":true,"href":"https:\/\/www.theirvinglawfirm.com\/es\/wp-json\/wp\/v2\/users\/3"}],"replies":[{"embeddable":true,"href":"https:\/\/www.theirvinglawfirm.com\/es\/wp-json\/wp\/v2\/comments?post=9740"}],"version-history":[{"count":0,"href":"https:\/\/www.theirvinglawfirm.com\/es\/wp-json\/wp\/v2\/pages\/9740\/revisions"}],"wp:attachment":[{"href":"https:\/\/www.theirvinglawfirm.com\/es\/wp-json\/wp\/v2\/media?parent=9740"}],"curies":[{"name":"wp","href":"https:\/\/api.w.org\/{rel}","templated":true}]}}