{"id":9738,"date":"2023-06-22T17:56:30","date_gmt":"2023-06-22T17:56:30","guid":{"rendered":"https:\/\/www.theirvinglawfirm.com\/?page_id=9738"},"modified":"2024-03-11T19:13:26","modified_gmt":"2024-03-11T19:13:26","slug":"mas-sobre-manassas-va-aqui","status":"publish","type":"page","link":"https:\/\/www.theirvinglawfirm.com\/es\/mas-sobre-manassas-va-aqui\/","title":{"rendered":"M\u00e1s Sobre Manassas Aqu\u00ed"},"content":{"rendered":"<div class=\"fusion-fullwidth fullwidth-box fusion-builder-row-1 fusion-flex-container nonhundred-percent-fullwidth non-hundred-percent-height-scrolling\" style=\"--awb-border-radius-top-left:0px;--awb-border-radius-top-right:0px;--awb-border-radius-bottom-right:0px;--awb-border-radius-bottom-left:0px;--awb-flex-wrap:wrap;\" ><div class=\"fusion-builder-row fusion-row fusion-flex-align-items-flex-start fusion-flex-content-wrap\" style=\"max-width:1497.6px;margin-left: calc(-4% \/ 2 );margin-right: calc(-4% \/ 2 );\"><div class=\"fusion-layout-column fusion_builder_column fusion-builder-column-0 fusion_builder_column_1_1 1_1 fusion-flex-column\" style=\"--awb-bg-size:cover;--awb-width-large:100%;--awb-margin-top-large:0px;--awb-spacing-right-large:1.92%;--awb-margin-bottom-large:0px;--awb-spacing-left-large:1.92%;--awb-width-medium:100%;--awb-spacing-right-medium:1.92%;--awb-spacing-left-medium:1.92%;--awb-width-small:100%;--awb-spacing-right-small:1.92%;--awb-spacing-left-small:1.92%;\"><div class=\"fusion-column-wrapper fusion-flex-justify-content-flex-start fusion-content-layout-column\"><div class=\"fusion-text fusion-text-1\"><p>La ciudad de Manassas se rige por la forma de gobierno Consejo-Gerente. Su \u00f3rgano de gobierno est\u00e1 compuesto por el alcalde y seis concejales. El Consejo de Administraci\u00f3n nombra al City Manager, que es el m\u00e1ximo responsable administrativo de la ciudad.<\/p>\n<p><iframe title=\"Reproductor de v\u00eddeo de YouTube\" src=\"https:\/\/www.youtube.com\/embed\/MUXcd9JqaVk\" width=\"100%\" height=\"600\" frameborder=\"0\" allowfullscreen=\"allowfullscreen\"><span data-mce-type=\"bookmark\" style=\"display: inline-block; width: 0px; overflow: hidden; line-height: 0;\" class=\"mce_SELRES_start\"><\/span><\/iframe><\/p>\n<p><span style=\"font-weight: 400;\">El turismo es una parte importante de la econom\u00eda de <a href=\"https:\/\/www.manassasva.gov\/\" target=\"_blank\" rel=\"noopener\">Manassas<\/a>, con numerosos eventos y atracciones que tienen lugar a lo largo del a\u00f1o. Algunas de las principales atracciones tur\u00edsticas de la ciudad son el Campo de Batalla Nacional de Manassas, Old Town Manassas, el Museo de Historia de Virginia y el Museo de la Libertad.<\/span><\/p>\n<p><span style=\"font-weight: 400;\">Visita el campo de batalla para ver d\u00f3nde tuvieron lugar la primera y la segunda batalla de Bull Run. El Centro de Visitantes Henry Hill alberga uniformes, armas y otros artefactos de la Guerra Civil, as\u00ed como exposiciones que exploran la historia de ambas batallas.<\/span><\/p>\n<p><span style=\"font-weight: 400;\">En Manassas podr\u00e1 degustar algunas de las mejores cervezas y licores artesanales de la zona. Heritage Brewing Company, una cervecer\u00eda familiar, lleva unos a\u00f1os elaborando algunas de las mejores cervezas y ofrece m\u00e1s de 400.<\/span><\/p>\n<p><span style=\"font-weight: 400;\">El restaurante Okra&#8217;s Cajun Creole es uno de los favoritos de la zona. Ofrece una gran variedad de platos, como arroz sucio, palomitas de cangrejo de r\u00edo, tarta de queso pralin\u00e9, gambas con s\u00e9mola, jambalaya y bocados de cocodrilo, por nombrar s\u00f3lo algunos. Tambi\u00e9n se pueden degustar magn\u00edficos c\u00f3cteles en el patio durante los meses de verano y escuchar m\u00fasica en directo.<\/span><\/p>\n<p><span style=\"font-weight: 400;\">Un paseo por Old Town Manassas es una forma divertida de conocer la rica historia y cultura de la ciudad. Las calles est\u00e1n repletas de tiendas de antig\u00fcedades y boutiques, y hay muchos edificios hist\u00f3ricos que explorar. La ciudad tambi\u00e9n se ha hecho popular para comprar antig\u00fcedades, con varias tiendas dedicadas a la \u00e9poca victoriana.<\/span><\/p>\n<p><span style=\"font-weight: 400;\">En los alrededores de la ciudad hay varios museos que explican la historia de la zona y su papel en la Guerra Civil. Los visitantes tambi\u00e9n pueden disfrutar de m\u00fasica cl\u00e1sica, \u00f3pera y teatro en el Hylton Performing Arts Center.<\/span><\/p>\n<p><span style=\"font-weight: 400;\">Cuando visite la zona, no deje de visitar alguna de las numerosas galer\u00edas de arte que exhiben la obra de artistas locales. El Creative Brush Studio es una de esas galer\u00edas, en la que se exponen las obras de arte del d\u00fao formado por madre e hija, Mary Reilley y Christine Raymond.<\/span><\/p>\n<p><span style=\"font-weight: 400;\">Cuando se viaja a trav\u00e9s de Manassas, vale la pena detenerse en el Old Manassas Courthouse para visitar este hermoso edificio. La estructura del siglo XIX ha sido restaurada y ahora es un museo.<\/span><\/p>\n<p><span style=\"font-weight: 400;\">El casco hist\u00f3rico de la ciudad tambi\u00e9n est\u00e1 repleto de magn\u00edficos restaurantes para disfrutar durante las vacaciones. Algunos de los restaurantes locales m\u00e1s populares de la zona son Okra&#8217;s Cajun Creole, Old Town Manassas y Battle Street Grill.<\/span><\/p>\n<p><span style=\"font-weight: 400;\">Punto de Inter\u00e9s #1 Pi\u00f1atas tiny Ruiz, Buckner Rd, Manassas, VA 20110<\/span><\/p>\n<p><span style=\"font-weight: 400;\">Punto de inter\u00e9s #2 Ac auto spa &amp; mobile detail, Manassas Dr, Manassas, VA 20111<\/span><\/p>\n<p><span style=\"font-weight: 400;\">Punto de inter\u00e9s #3 King Tree Services LLC, 9245 Taney Rd, Manassas, VA 20110<\/span><\/p>\n<p>C\u00f3mo Llegar A <a href=\"http:\/\/theirvinglawfirm.com\/es\">The Irving Law Firm<\/a> Desde King Tree Services LLC<\/p>\n<p><iframe style=\"border: 0;\" src=\"https:\/\/www.google.com\/maps\/embed?pb=!1m28!1m12!1m3!1d6223.328000432982!2d-77.47928802268738!3d38.74847193582172!2m3!1f0!2f0!3f0!3m2!1i1024!2i768!4f13.1!4m13!3e0!4m5!1s0x89b65c74430915a9%3A0xbe39dfa3669998e8!2sKing%20Tree%20Services%20LLC%2C%209245%20Taney%20Rd%2C%20Manassas%2C%20VA%2020110%2C%20United%20States!3m2!1d38.7433586!2d-77.4760342!4m5!1s0x89b65b8a5c9334bb%3A0x1f3aa0d68fc65fda!2sThe%20Irving%20Law%20Firm%2C%209253%20Mosby%20St%202nd%20Floor%2C%20Manassas%2C%20VA%2020110%2C%20United%20States!3m2!1d38.7531865!2d-77.47651599999999!5e0!3m2!1sen!2sph!4v1675803623389!5m2!1sen!2sph\" width=\"600\" height=\"450\" allowfullscreen=\"allowfullscreen\"><span data-mce-type=\"bookmark\" style=\"display: inline-block; width: 0px; overflow: hidden; line-height: 0;\" class=\"mce_SELRES_start\">\ufeff<\/span><\/iframe><\/p>\n<p><a href=\"https:\/\/www.theirvinglawfirm.com\/es\/manassas-va\/explore-la-ciudad-de-manassas-va\/\"><strong>M\u00e1s Informaci\u00f3n Aqu\u00ed<\/strong><\/a><\/p>\n<\/div><\/div><\/div><\/div><\/div>\n","protected":false},"excerpt":{"rendered":"","protected":false},"author":3,"featured_media":0,"parent":0,"menu_order":0,"comment_status":"closed","ping_status":"closed","template":"","meta":{"_analytify_skip_tracking":false,"rank_math_title":"M\u00e1s Sobre Manassas, VA, Aqu\u00ed |  The Irving Law Firm","rank_math_description":"La ciudad de Manassas se rige por la forma de gobierno Consejo-Gerente. Su \u00f3rgano de gobierno est\u00e1 compuesto por el alcalde y seis concejales. ","rank_math_focus_keyword":"manassas","rank_math_canonical_url":"","footnotes":""},"class_list":["post-9738","page","type-page","status-publish","hentry"],"acf":[],"_links":{"self":[{"href":"https:\/\/www.theirvinglawfirm.com\/es\/wp-json\/wp\/v2\/pages\/9738","targetHints":{"allow":["GET"]}}],"collection":[{"href":"https:\/\/www.theirvinglawfirm.com\/es\/wp-json\/wp\/v2\/pages"}],"about":[{"href":"https:\/\/www.theirvinglawfirm.com\/es\/wp-json\/wp\/v2\/types\/page"}],"author":[{"embeddable":true,"href":"https:\/\/www.theirvinglawfirm.com\/es\/wp-json\/wp\/v2\/users\/3"}],"replies":[{"embeddable":true,"href":"https:\/\/www.theirvinglawfirm.com\/es\/wp-json\/wp\/v2\/comments?post=9738"}],"version-history":[{"count":0,"href":"https:\/\/www.theirvinglawfirm.com\/es\/wp-json\/wp\/v2\/pages\/9738\/revisions"}],"wp:attachment":[{"href":"https:\/\/www.theirvinglawfirm.com\/es\/wp-json\/wp\/v2\/media?parent=9738"}],"curies":[{"name":"wp","href":"https:\/\/api.w.org\/{rel}","templated":true}]}}