{"id":8797,"date":"2023-08-02T00:23:32","date_gmt":"2023-08-02T00:23:32","guid":{"rendered":"https:\/\/www.theirvinglawfirm.com\/?page_id=8797"},"modified":"2024-12-05T15:06:11","modified_gmt":"2024-12-05T15:06:11","slug":"abogado-de-planificacion-patrimonial","status":"publish","type":"page","link":"https:\/\/www.theirvinglawfirm.com\/es\/areas-de-practica\/abogado-de-planificacion-patrimonial\/","title":{"rendered":"Abogado De Planificaci\u00f3n Patrimonial Protege Su Legado"},"content":{"rendered":"<div class=\"fusion-fullwidth fullwidth-box fusion-builder-row-1 fusion-flex-container nonhundred-percent-fullwidth non-hundred-percent-height-scrolling\" style=\"--awb-border-radius-top-left:0px;--awb-border-radius-top-right:0px;--awb-border-radius-bottom-right:0px;--awb-border-radius-bottom-left:0px;--awb-flex-wrap:wrap;\" ><div class=\"fusion-builder-row fusion-row fusion-flex-align-items-flex-start fusion-flex-content-wrap\" style=\"max-width:1497.6px;margin-left: calc(-4% \/ 2 );margin-right: calc(-4% \/ 2 );\"><div class=\"fusion-layout-column fusion_builder_column fusion-builder-column-0 fusion_builder_column_1_1 1_1 fusion-flex-column\" style=\"--awb-bg-size:cover;--awb-width-large:100%;--awb-margin-top-large:0px;--awb-spacing-right-large:1.92%;--awb-margin-bottom-large:0px;--awb-spacing-left-large:1.92%;--awb-width-medium:100%;--awb-spacing-right-medium:1.92%;--awb-spacing-left-medium:1.92%;--awb-width-small:100%;--awb-spacing-right-small:1.92%;--awb-spacing-left-small:1.92%;\"><div class=\"fusion-column-wrapper fusion-flex-justify-content-flex-start fusion-content-layout-column\"><div class=\"fusion-text fusion-text-1\"><p>A lo largo de la vida, uno suele acumular una serie de bienes y propiedades. Por ello, es esencial contar con un plan para transferirlos legalmente a sus seres queridos cuando fallezca. Aqu\u00ed es donde un abogado especializado en planificaci\u00f3n patrimonial puede ayudarle a crear un plan integral que garantice que sus seres queridos reciban su legado.<\/p>\n<p>En este art\u00edculo se analiza la importancia de la planificaci\u00f3n patrimonial y c\u00f3mo puede mantener a sus seres queridos incluso cuando usted ya no est\u00e9.<\/p>\n<\/div><div class=\"fusion-image-element \" style=\"text-align:center;--awb-margin-top:10px;--awb-margin-bottom:10px;--awb-max-width:750px;--awb-caption-title-font-family:var(--h2_typography-font-family);--awb-caption-title-font-weight:var(--h2_typography-font-weight);--awb-caption-title-font-style:var(--h2_typography-font-style);--awb-caption-title-size:var(--h2_typography-font-size);--awb-caption-title-transform:var(--h2_typography-text-transform);--awb-caption-title-line-height:var(--h2_typography-line-height);--awb-caption-title-letter-spacing:var(--h2_typography-letter-spacing);\"><span class=\" fusion-imageframe imageframe-none imageframe-1 hover-type-none\"><img decoding=\"async\" width=\"1024\" height=\"682\" alt=\"Conozca M\u00e1s Sobre Los Conceptos De La Planificaci\u00f3n Patrimonial Y Por Qu\u00e9 Deber\u00eda Comenzar Un Caso\" src=\"https:\/\/www.theirvinglawfirm.com\/wp-content\/uploads\/2023\/05\/conozca-mas-sobre-los-conceptos-de-la-planificacion-patrimonial-y-por-que-deberia-comenzar-un-caso.jpg\" class=\"img-responsive wp-image-8822\" srcset=\"https:\/\/www.theirvinglawfirm.com\/wp-content\/uploads\/2023\/05\/conozca-mas-sobre-los-conceptos-de-la-planificacion-patrimonial-y-por-que-deberia-comenzar-un-caso-200x133.jpg 200w, https:\/\/www.theirvinglawfirm.com\/wp-content\/uploads\/2023\/05\/conozca-mas-sobre-los-conceptos-de-la-planificacion-patrimonial-y-por-que-deberia-comenzar-un-caso-400x266.jpg 400w, https:\/\/www.theirvinglawfirm.com\/wp-content\/uploads\/2023\/05\/conozca-mas-sobre-los-conceptos-de-la-planificacion-patrimonial-y-por-que-deberia-comenzar-un-caso-600x400.jpg 600w, https:\/\/www.theirvinglawfirm.com\/wp-content\/uploads\/2023\/05\/conozca-mas-sobre-los-conceptos-de-la-planificacion-patrimonial-y-por-que-deberia-comenzar-un-caso-800x533.jpg 800w, https:\/\/www.theirvinglawfirm.com\/wp-content\/uploads\/2023\/05\/conozca-mas-sobre-los-conceptos-de-la-planificacion-patrimonial-y-por-que-deberia-comenzar-un-caso.jpg 1024w\" sizes=\"(max-width: 640px) 100vw, 1024px\" \/><\/span><\/div><div class=\"fusion-text fusion-text-2\"><h2>\u00bfQu\u00e9 Es La Planificaci\u00f3n Patrimonial En Manassas, Virginia?<\/h2>\n<p>La planificaci\u00f3n del patrimonio, o planificaci\u00f3n del legado, en Manassas, Virginia, implica la creaci\u00f3n de un plan integral sobre c\u00f3mo transferir sus activos y propiedades a sus seres queridos cuando usted ya no est\u00e9. Este plan suele incluir un testamento o fideicomiso y la designaci\u00f3n de una persona que gestione sus asuntos en caso de incapacidad.<\/p>\n<p>Con el uso de las herramientas legales adecuadas, un plan de sucesi\u00f3n le permite tomar disposiciones para un giro inesperado de los acontecimientos a lo largo de su vida.<\/p>\n<h3>\u00daltima Voluntad Y Testamento<\/h3>\n<p>El testamento es un documento legal en el que se recogen sus deseos sobre la distribuci\u00f3n de sus bienes, el nombramiento de un albacea y la tutela de los hijos menores, si procede. Le permite especificar qui\u00e9n heredar\u00e1 sus bienes y en qu\u00e9 proporciones.<\/p>\n<h3>Fideicomisos En Vida<\/h3>\n<p><a href=\"https:\/\/es.wikipedia.org\/wiki\/Fideicomiso\" target=\"_blank\" rel=\"noopener\">Los fideicomisos<\/a>\u00a0son instrumentos jur\u00eddicos que mantienen y gestionan activos en beneficio de beneficiarios designados. Pueden ayudar a evitar la sucesi\u00f3n, minimizar los impuestos sobre el patrimonio y prever fines espec\u00edficos, como el cuidado de un familiar con necesidades especiales.<\/p>\n<h3>Poder De Representaci\u00f3n<\/h3>\n<p>Un poder otorga a alguien la autoridad para tomar decisiones legales, financieras y sanitarias en su nombre si usted queda incapacitado. Puede nombrar a distintas personas para los poderes financiero y sanitario.<\/p>\n<h3>Directiva M\u00e9dica Anticipada<\/h3>\n<p>Las instrucciones m\u00e9dicas previas, tambi\u00e9n conocidas como testamento vital, le permiten expresar sus deseos en relaci\u00f3n con el tratamiento m\u00e9dico. Tambi\u00e9n incluye los cuidados al final de la vida si no puede comunicar sus preferencias y el nombramiento de un agente sanitario.<\/p>\n<h3>Designaci\u00f3n De Beneficiarios<\/h3>\n<p>Puede designar directamente a los beneficiarios de determinados activos, como p\u00f3lizas de seguro de vida, cuentas de jubilaci\u00f3n y cuentas bancarias de pago en caso de fallecimiento. Estas designaciones prevalecen sobre las instrucciones de su testamento, por lo que es importante revisarlas peri\u00f3dicamente para asegurarse de que se ajustan a sus deseos.<\/p>\n<h3>Planificaci\u00f3n Fiscal Del Patrimonio<\/h3>\n<p>Virginia no impone un impuesto sobre el patrimonio a nivel estatal, pero pueden aplicarse impuestos federales sobre el patrimonio si el valor de su patrimonio supera un determinado umbral. La planificaci\u00f3n fiscal del patrimonio implica estrategias para minimizar las posibles obligaciones fiscales, como la donaci\u00f3n, el establecimiento de fideicomisos o la utilizaci\u00f3n de exenciones y deducciones.<\/p>\n<h3>Designaciones De Tutela<\/h3>\n<p>Si tiene hijos menores, puede designar un tutor que se ocupe de ellos en caso de fallecimiento o incapacidad. Esta designaci\u00f3n ayuda a garantizar que sus hijos sean atendidos seg\u00fan sus deseos.<\/p>\n<h3>Planificaci\u00f3n De La Sucesi\u00f3n Empresarial<\/h3>\n<p>Si posee una empresa, la planificaci\u00f3n de la herencia puede implicar determinar c\u00f3mo transferir o gestionar la empresa tras su fallecimiento o jubilaci\u00f3n. Esto incluye elegir a un sucesor, establecer un acuerdo de compraventa o crear un fideicomiso para conservar y gestionar los activos de su empresa.<\/p>\n<p>Sin duda, la elaboraci\u00f3n de un elaborado plan de sucesi\u00f3n en Manassas, Virginia, tiene sus retos y complejidades. Es aconsejable consultar con un abogado experto en sucesiones que pueda guiarle a lo largo del proceso y alinear sus planes con sus objetivos espec\u00edficos.<\/p>\n<h2>C\u00f3mo Pueden Ayudarle Los Abogados Patrimonialistas<\/h2>\n<p>Sin un plan sucesorio adecuado, sus bienes pueden distribuirse en contra de sus deseos. Sus seres queridos pueden verse abocados a batallas legales y dificultades econ\u00f3micas. Aqu\u00ed es donde un abogado patrimonialista con experiencia puede ayudarle.<\/p>\n<h3>Elaborar Un Plan Patrimonial Integral<\/h3>\n<p>Un abogado experto en herencias puede ayudarle a elaborar un plan sucesorio completo. Este plan cubrir\u00e1 todos sus bienes, incluidas sus propiedades, inversiones y pertenencias personales. El abogado revisar\u00e1 sus activos y su situaci\u00f3n financiera para crear un plan que satisfaga sus necesidades y objetivos. Este plan puede incluir testamentos, fideicomisos, poderes notariales y directrices m\u00e9dicas avanzadas. Todas estas herramientas est\u00e1n dise\u00f1adas para garantizar que sus bienes vayan a los seres queridos que usted elija tras su fallecimiento.<\/p>\n<h3>Gestione Sus Asuntos<\/h3>\n<p>Un abogado experto en la redacci\u00f3n de poderes puede ayudarle a designar a una persona de confianza para que gestione sus asuntos si usted queda incapacitado. Esto implica dar a alguien la autoridad para manejar sus finanzas y tomar decisiones m\u00e9dicas. Puede tener la tranquilidad de saber que sus asuntos se gestionar\u00e1n de acuerdo con sus deseos.<\/p>\n<h3>Proteja Sus Activos<\/h3>\n<p>Un abogado especializado en planificaci\u00f3n de patrimonio puede ayudarle a proteger sus bienes de acreedores, demandas y otras amenazas. Mediante la creaci\u00f3n de fideicomisos, sociedades de responsabilidad limitada u otras estructuras jur\u00eddicas, un abogado experto puede ayudarle a proteger sus activos frente a posibles reclamaciones. Tambi\u00e9n pueden asesorar sobre c\u00f3mo minimizar los impuestos, incluidos los de sucesiones, renta y donaciones.<\/p>\n<p>Hablando de fideicomisos, una de las herramientas \u00fatiles en la planificaci\u00f3n del legado es el fideicomiso revocable. Este arreglo puede ahorrar tiempo y dinero a sus seres queridos a largo plazo.<\/p>\n<h2>Los Fideicomisos Revocables Pueden Ayudar A Evitar El Proceso Sucesorio<\/h2>\n<p>Una de las principales ventajas de un fideicomiso revocable es la posibilidad de eludir la legalizaci\u00f3n de un testamento. Cuando usted fallezca, los activos mantenidos en un fideicomiso revocable pueden transferirse directamente a sus beneficiarios, ahorrando tiempo, dinero y manteniendo la privacidad de su patrimonio. \u00bfPero c\u00f3mo?<\/p>\n<h3>Fideicomisos Revocables<\/h3>\n<p>Un fideicomiso revocable le permite transferir la propiedad de sus bienes a un fideicomiso durante su vida. Puede nombrarse a s\u00ed mismo fideicomisario y mantener el control de los activos del fideicomiso. Tambi\u00e9n tendr\u00e1 la posibilidad de modificar o revocar el fideicomiso en cualquier momento.<\/p>\n<p>A su muerte, los activos del fideicomiso pasan a los beneficiarios designados sin pasar por el proceso de sucesi\u00f3n. Esto significa que sus seres queridos pueden recibir su herencia m\u00e1s r\u00e1pidamente y con menos gastos.<\/p>\n<h3>Ventajas De Los Fideicomisos Revocables<\/h3>\n<p>Como ya se ha mencionado, una de las principales ventajas de un fideicomiso revocable es que puede ayudar a evitar el proceso sucesorio, que puede ser largo y costoso. En el momento de su fallecimiento, un fideicomiso revocable puede transferir los activos del fideicomiso directamente a sus beneficiarios sin necesidad de legalizaci\u00f3n. Este planteamiento no solo ahorra tiempo y dinero a sus seres queridos.<\/p>\n<p>He aqu\u00ed otras ventajas de crear un fideicomiso revocable.<\/p>\n<h4><i>Protege Tu Intimidad<\/i><\/h4>\n<p>Por lo general, los procedimientos sucesorios son de dominio p\u00fablico, lo que permite a cualquier persona acceder a la informaci\u00f3n sobre sus bienes y beneficiarios. Por el contrario, un fideicomiso revocable proporciona privacidad, ya que funciona al margen del sistema testamentario. Los t\u00e9rminos del fideicomiso y su distribuci\u00f3n se mantienen confidenciales.<\/p>\n<h4><i>Flexibilidad Y Control<\/i><\/h4>\n<p>Con un fideicomiso revocable, puede modificar el documento fiduciario en vida. Puede a\u00f1adir o eliminar activos, modificar beneficiarios o incluso revocar el fideicomiso si cambian sus circunstancias. Este nivel de control le permite adaptar el fideicomiso a sus necesidades cambiantes.<\/p>\n<h4><i>Planes De Incapacidad<\/i><\/h4>\n<p>Un fideicomiso revocable puede encargarse de la gesti\u00f3n de sus bienes en caso de incapacidad. Si usted no puede ocuparse de sus asuntos financieros, el fideicomisario sucesor que haya nombrado puede intervenir y gestionar los activos del fideicomiso en su nombre. Esto elimina la necesidad de una curatela o tutela designada por un tribunal, que puede ser costosa y llevar mucho tiempo.<\/p>\n<h4><i>Posibles Ventajas Fiscales<\/i><\/h4>\n<p>En Virginia, los fideicomisos revocables no ofrecen ventajas fiscales significativas con respecto a un testamento. Sin embargo, dependiendo de su situaci\u00f3n espec\u00edfica, un fideicomiso revocable puede ofrecer oportunidades para la planificaci\u00f3n del impuesto sobre el patrimonio, especialmente para patrimonios m\u00e1s grandes. A este respecto, se recomienda consultar a un abogado experto en administraci\u00f3n de herencias para comprender las posibles ventajas fiscales.<\/p>\n<p>Los fideicomisos revocables tambi\u00e9n pueden proteger a sus beneficiarios, sobre todo si son menores, tienen necesidades especiales o dificultades para administrar el dinero. Sin embargo, un fideicomiso revocable puede no ser la mejor opci\u00f3n para todo el mundo. Por lo tanto, obtener la ayuda de un abogado experto en fideicomisos en Manassas o Prince William County es crucial para determinar si esta opci\u00f3n se alinea con sus objetivos personales.<\/p>\n<\/div><div class=\"fusion-image-element \" style=\"text-align:center;--awb-margin-top:10px;--awb-margin-bottom:10px;--awb-max-width:750px;--awb-caption-title-font-family:var(--h2_typography-font-family);--awb-caption-title-font-weight:var(--h2_typography-font-weight);--awb-caption-title-font-style:var(--h2_typography-font-style);--awb-caption-title-size:var(--h2_typography-font-size);--awb-caption-title-transform:var(--h2_typography-text-transform);--awb-caption-title-line-height:var(--h2_typography-line-height);--awb-caption-title-letter-spacing:var(--h2_typography-letter-spacing);\"><span class=\" fusion-imageframe imageframe-none imageframe-2 hover-type-none\"><img decoding=\"async\" width=\"1024\" height=\"682\" alt=\"Organice, Designe Y Mantenga De La Mejor Forma Sus Bienes Con Un Abogado De Planificaci\u00f3n Patrimonial\" src=\"https:\/\/www.theirvinglawfirm.com\/wp-content\/uploads\/2023\/05\/organice-designe-y-mantenga-de-la-mejor-forma-sus-bienes-con-un-abogado-de-planificacion-patrimonial.jpg\" class=\"img-responsive wp-image-8824\" srcset=\"https:\/\/www.theirvinglawfirm.com\/wp-content\/uploads\/2023\/05\/organice-designe-y-mantenga-de-la-mejor-forma-sus-bienes-con-un-abogado-de-planificacion-patrimonial-200x133.jpg 200w, https:\/\/www.theirvinglawfirm.com\/wp-content\/uploads\/2023\/05\/organice-designe-y-mantenga-de-la-mejor-forma-sus-bienes-con-un-abogado-de-planificacion-patrimonial-400x266.jpg 400w, https:\/\/www.theirvinglawfirm.com\/wp-content\/uploads\/2023\/05\/organice-designe-y-mantenga-de-la-mejor-forma-sus-bienes-con-un-abogado-de-planificacion-patrimonial-600x400.jpg 600w, https:\/\/www.theirvinglawfirm.com\/wp-content\/uploads\/2023\/05\/organice-designe-y-mantenga-de-la-mejor-forma-sus-bienes-con-un-abogado-de-planificacion-patrimonial-800x533.jpg 800w, https:\/\/www.theirvinglawfirm.com\/wp-content\/uploads\/2023\/05\/organice-designe-y-mantenga-de-la-mejor-forma-sus-bienes-con-un-abogado-de-planificacion-patrimonial.jpg 1024w\" sizes=\"(max-width: 640px) 100vw, 1024px\" \/><\/span><\/div><div class=\"fusion-text fusion-text-3\"><h2>En Busca De Un Abogado De Planificaci\u00f3n Patrimonial En Manassas, VA Y \u00c1reas Cercanas<\/h2>\n<p>La b\u00fasqueda de un abogado especializado en planificaci\u00f3n patrimonial puede resultar desalentadora, sobre todo si no est\u00e1 familiarizado con el panorama jur\u00eddico. Una forma habitual de encontrar un abogado de herencias es a trav\u00e9s de una b\u00fasqueda en Internet. Usted puede utilizar frases como top estate attorney near me o top estate planning lawyers near me y obtener una lista de abogados en su \u00e1rea.<\/p>\n<p>Aunque pueda parecer sencillo encontrar un abogado cualificado, es esencial actuar con cautela cuando se conf\u00eda \u00fanicamente en las b\u00fasquedas en Internet. Es posible que los resultados no siempre reflejen los abogados m\u00e1s cualificados o reputados de su zona.<\/p>\n<p>Otra forma de buscar abogados de legados fiables es a trav\u00e9s de referencias de familiares, amigos y asesores de confianza. Es posible que alguno de ellos haya pasado antes por lo mismo y que sus referencias puedan darte un buen punto de partida. A continuaci\u00f3n, puede seguir investigando para obtener m\u00e1s informaci\u00f3n sobre los abogados recomendados.<\/p>\n<p>Dicho esto, The Irving Law Firm en Manassas, Virginia, tiene un enfoque personalizado para la planificaci\u00f3n del patrimonio, reconociendo que las necesidades de cada cliente son \u00fanicas. Trabajar\u00e1n estrechamente con usted para comprender sus objetivos, condiciones y preocupaciones y crear planes patrimoniales personalizados que satisfagan esas necesidades.<\/p>\n<p>Los abogados de la firma tambi\u00e9n conocen bien las \u00faltimas t\u00e9cnicas de planificaci\u00f3n de herencias. Adem\u00e1s, pueden orientarle para minimizar los impuestos sobre el patrimonio, garantizando que sus beneficiarios reciban los m\u00e1ximos beneficios posibles.<\/p>\n<h2>Resumen<\/h2>\n<p>Un abogado especializado en planificaci\u00f3n patrimonial ayuda a las personas a crear un plan integral sobre lo que ocurrir\u00e1 con sus bienes y propiedades tras su fallecimiento. Este acuerdo garantiza que sus bienes pasen a los seres queridos que elijan y que se cumplan sus \u00faltimos deseos.<\/p>\n<p>En Manassas, Virginia, los abogados expertos en planificaci\u00f3n patrimonial pueden ayudarle a crear incluso el plan patrimonial m\u00e1s complejo que se adapte a sus necesidades. Pueden redactar documentos legales que indiquen a qui\u00e9n y c\u00f3mo se distribuir\u00e1n sus bienes cuando usted fallezca. Adem\u00e1s, pueden ayudarle a designar a alguien que gestione sus asuntos si usted queda incapacitado. Por \u00faltimo, pueden proteger sus bienes de acreedores, demandas y otras amenazas.<\/p>\n<p><a href=\"http:\/\/theirvinglawfirm.com\/es\"><strong>M\u00e1s Informaci\u00f3n Relevante<\/strong><\/a><\/p>\n<\/div><\/div><\/div><\/div><\/div>\n","protected":false},"excerpt":{"rendered":"","protected":false},"author":3,"featured_media":0,"parent":8207,"menu_order":0,"comment_status":"closed","ping_status":"closed","template":"","meta":{"_analytify_skip_tracking":false,"rank_math_title":"Abogado De Planificaci\u00f3n Patrimonial En Manassas, VA","rank_math_description":"Descubra c\u00f3mo la planificaci\u00f3n patrimonial protege a sus seres queridos y bienes. Un abogado se asegura de que su plan refleje sus metas.","rank_math_focus_keyword":"planificaci\u00f3n patrimonial","rank_math_canonical_url":"","footnotes":""},"class_list":["post-8797","page","type-page","status-publish","hentry"],"acf":[],"_links":{"self":[{"href":"https:\/\/www.theirvinglawfirm.com\/es\/wp-json\/wp\/v2\/pages\/8797","targetHints":{"allow":["GET"]}}],"collection":[{"href":"https:\/\/www.theirvinglawfirm.com\/es\/wp-json\/wp\/v2\/pages"}],"about":[{"href":"https:\/\/www.theirvinglawfirm.com\/es\/wp-json\/wp\/v2\/types\/page"}],"author":[{"embeddable":true,"href":"https:\/\/www.theirvinglawfirm.com\/es\/wp-json\/wp\/v2\/users\/3"}],"replies":[{"embeddable":true,"href":"https:\/\/www.theirvinglawfirm.com\/es\/wp-json\/wp\/v2\/comments?post=8797"}],"version-history":[{"count":0,"href":"https:\/\/www.theirvinglawfirm.com\/es\/wp-json\/wp\/v2\/pages\/8797\/revisions"}],"up":[{"embeddable":true,"href":"https:\/\/www.theirvinglawfirm.com\/es\/wp-json\/wp\/v2\/pages\/8207"}],"wp:attachment":[{"href":"https:\/\/www.theirvinglawfirm.com\/es\/wp-json\/wp\/v2\/media?parent=8797"}],"curies":[{"name":"wp","href":"https:\/\/api.w.org\/{rel}","templated":true}]}}