{"id":8540,"date":"2022-10-08T21:02:38","date_gmt":"2022-10-08T21:02:38","guid":{"rendered":"https:\/\/www.theirvinglawfirm.com\/adopcion\/"},"modified":"2025-01-07T18:13:39","modified_gmt":"2025-01-07T18:13:39","slug":"adopcion","status":"publish","type":"page","link":"https:\/\/www.theirvinglawfirm.com\/es\/areas-de-practica\/derecho-de-familia\/adopcion\/","title":{"rendered":"Crezca Su Familia Con Abogados De Adopci\u00f3n En Manassas"},"content":{"rendered":"<div class=\"fusion-fullwidth fullwidth-box fusion-builder-row-1 fusion-flex-container has-pattern-background has-mask-background nonhundred-percent-fullwidth non-hundred-percent-height-scrolling\" style=\"--awb-border-sizes-bottom:1px;--awb-border-radius-top-left:0px;--awb-border-radius-top-right:0px;--awb-border-radius-bottom-right:0px;--awb-border-radius-bottom-left:0px;--awb-flex-wrap:wrap;\" ><div class=\"fusion-builder-row fusion-row fusion-flex-align-items-flex-start fusion-flex-content-wrap\" style=\"max-width:1497.6px;margin-left: calc(-4% \/ 2 );margin-right: calc(-4% \/ 2 );\"><div class=\"fusion-layout-column fusion_builder_column fusion-builder-column-0 fusion_builder_column_1_1 1_1 fusion-flex-column\" style=\"--awb-bg-size:cover;--awb-width-large:100%;--awb-margin-top-large:0px;--awb-spacing-right-large:1.92%;--awb-margin-bottom-large:20px;--awb-spacing-left-large:0%;--awb-width-medium:100%;--awb-order-medium:0;--awb-spacing-right-medium:1.92%;--awb-spacing-left-medium:0%;--awb-width-small:100%;--awb-order-small:0;--awb-spacing-right-small:1.92%;--awb-spacing-left-small:1.92%;\"><div class=\"fusion-column-wrapper fusion-column-has-shadow fusion-flex-justify-content-flex-start fusion-content-layout-column\"><div class=\"fusion-text fusion-text-1\"><p><span style=\"font-weight: 400;\">Los <a href=\"https:\/\/www.theirvinglawfirm.com\/es\/\">abogados de adopci\u00f3n de Manassas, VA<\/a>, le apoyan en el viaje transformador de ampliar su familia. Aportan habilidades y compasi\u00f3n al intrincado proceso legal<\/span> <span style=\"font-weight: 400;\"> y trabajan incansablemente para crear un camino <\/span><span style=\"font-weight: 400;\">hacia la paternidad.<\/span><\/p>\n<p><span style=\"font-weight: 400;\">Explora los distintos tipos de adopci\u00f3n en Virginia y los beneficios persistentes de un proceso satisfactorio. Aqu\u00ed ver\u00e1 c\u00f3mo una firma de abogados especializada en adopci\u00f3n puede garantizar el bienestar familiar mediante un apoyo jur\u00eddico integral.<\/span><\/p>\n<p><img decoding=\"async\" class=\"alignnone size-full wp-image-17718\" src=\"https:\/\/www.theirvinglawfirm.com\/wp-content\/uploads\/2024\/06\/start-your-adoption-process-with-an-adoption-lawyer-from-the-irving-law-firm.jpg\" alt=\"Comienza tu proceso de adopci\u00f3n con un abogado especializado en adopciones del bufete Irving\" width=\"100%\" height=\"800\" \/><\/p>\n<h2>Los Abogados De Adopci\u00f3n Apoyan A Los Padres En Virginia<\/h2>\n<p><span style=\"font-weight: 400;\">Los abogados de adopci\u00f3n de Virginia son sus asesores de confianza, que le guiar\u00e1n sin problemas a lo largo del proceso. Apoyan a los padres biol\u00f3gicos que quieren dar un beb\u00e9 en adopci\u00f3n y tambi\u00e9n a los que abrazan a un ni\u00f1o a nivel local o internacional.<\/span><\/p>\n<p><span style=\"font-weight: 400;\">Las habilidades de un abogado cubren diversas colocaciones de menores, cada una con requisitos y retos legales \u00fanicos. Desde colaborar con organismos p\u00fablicos o privados autorizados hasta encontrar padres biol\u00f3gicos de forma independiente, un abogado de familia competente puede ayudarle en su viaje.<\/span><\/p>\n<p><span style=\"font-weight: 400;\">Un abogado de derecho de familia proporciona una orientaci\u00f3n completa, permiti\u00e9ndole centrarse en prepararse emocional y mentalmente. Pueden informarle sobre los distintos tipos de adopciones en Virginia. Esta comprensi\u00f3n puede ayudarle a determinar el mejor camino hacia su objetivo de adopci\u00f3n.<\/span><\/p>\n<h2>Diferentes Tipos De V\u00edas De Adopci\u00f3n A Seguir<\/h2>\n<p><span style=\"font-weight: 400;\">Hay muchos caminos para construir una familia mediante la adopci\u00f3n en Virginia. Puede elegir desde acoger legalmente a un hijastro hasta acoger a uno de otro pa\u00eds. Adem\u00e1s, puede tomar como propio a un hijo de acogida al que haya estado cuidando. Hay una opci\u00f3n que se adapta a su situaci\u00f3n y preferencia.<\/span><\/p>\n<h3>Adopciones Por Padrastro O Madrastra<\/h3>\n<p><span style=\"font-weight: 400;\">Esta v\u00eda suele darse en familias mixtas en las que un padrastro o madrastra desea adoptar legalmente al hijo de su c\u00f3nyuge. Suele requerir el consentimiento del progenitor biol\u00f3gico no custodio, a menos que se le hayan retirado sus derechos. Si el adoptado ya es adulto, el hijastro debe dar su consentimiento.<\/span><\/p>\n<h3>Adopciones Parentales<\/h3>\n<p><span style=\"font-weight: 400;\">En las adopciones parentales, los padres biol\u00f3gicos eligen a la familia adoptiva para su hijo. Esto implica un acuerdo directo entre los padres biol\u00f3gicos y los elegidos. Requiere una cuidadosa mediaci\u00f3n jur\u00eddica para garantizar que los derechos de todas las partes, incluido el bienestar del menor, est\u00e9n protegidos durante todo el proceso.<\/span><\/p>\n<h3>Adopciones Por Agencia<\/h3>\n<p><span style=\"font-weight: 400;\">Agencias p\u00fablicas o privadas trabajan para emparejar a ni\u00f1os con padres adoptivos. Se encargan del trabajo legal y administrativo, incluidos los estudios de hogares, las comprobaciones de antecedentes y los servicios de colocaci\u00f3n. Los padres prefieren este tipo de adopci\u00f3n por su enfoque estructurado y por los servicios que las agencias prestan a las familias biol\u00f3gicas y adoptivas.<\/span><\/p>\n<h3>Adopciones Por Acogida<\/h3>\n<p><span style=\"font-weight: 400;\">La adopci\u00f3n a partir de una familia de acogida tiene un proceso diferente, y los ni\u00f1os implicados han experimentado p\u00e9rdidas y traumas. Necesitan estabilidad y un hogar cari\u00f1oso y comprensivo. Las agencias estatales como el <a href=\"https:\/\/www.dss.virginia.gov\/\" target=\"_blank\" rel=\"noopener\">Departamento de Servicios Sociales De Virginia (DSS)<\/a> \u00a0suelen encargarse de estas adopciones.<\/span><\/p>\n<h3>Adopciones Interestatales<\/h3>\n<p><span style=\"font-weight: 400;\">Si una madre biol\u00f3gica de otro Estado se pone en contacto con usted, consulte sin demora a un abogado de derecho de familia. Ambos estados deben aprobar la adopci\u00f3n antes de trasladar al ni\u00f1o. Para que el proceso a trav\u00e9s de las fronteras estatales sea seguro y fluido, los futuros padres deben atenerse al Pacto Interestatal sobre la Colocaci\u00f3n de Menores (ICPC). Garantiza que las leyes tanto del pa\u00eds emisor como del pa\u00eds receptor <\/span><span style=\"font-weight: 400;\">se siguen los estados receptores.<\/span><\/p>\n<h3>Adopciones En Familia Unida<\/h3>\n<p><span style=\"font-weight: 400;\">Este tipo se da cuando los parientes, como abuelos, t\u00edos o t\u00edas, adoptan ni\u00f1os dentro de su familia. Esta opci\u00f3n ayuda a mantener a los ni\u00f1os dentro de su red familiar ampliada. Las leyes estatales ofrecen un proceso potencialmente acelerado en tales adopciones, dependiendo del tiempo que el ni\u00f1o haya vivido con los familiares.<\/span><\/p>\n<h3>Adopciones De Adultos<\/h3>\n<p><span style=\"font-weight: 400;\">Las adopciones de adultos en Virginia no son tan frecuentes como las de ni\u00f1os, pero siguen siendo una opci\u00f3n legal. La gente persigue esto por varias razones, como formalizar una relaci\u00f3n parental de larga duraci\u00f3n con un padrastro o madrastra u otro pariente cercano. Establece una relaci\u00f3n paterno-filial reconocida, que ofrece beneficios emocionales y legales, como visitas al hospital o derechos de herencia.<\/span><\/p>\n<h3>Adopciones Internacionales<\/h3>\n<p><span style=\"font-weight: 400;\">Adoptar a un ni\u00f1o de otro pa\u00eds implica pasos legales adicionales, como el cumplimiento de los tratados internacionales y las leyes de inmigraci\u00f3n. El proceso depende de si el pa\u00eds de origen es parte del Convenio de La Haya sobre Adopci\u00f3n. Establece normas globales para las adopciones internacionales y se adhiere a la normativa extranjera estadounidense.<\/span><\/p>\n<h3>Adopciones Impugnadas<\/h3>\n<p><span style=\"font-weight: 400;\">Las adopciones impugnadas surgen cuando un padre biol\u00f3gico, o ambos padres, niegan su consentimiento o se oponen a la adopci\u00f3n de su hijo. Provoca la intervenci\u00f3n judicial del tribunal. Un juez celebrar\u00e1 audiencias para sopesar los motivos de la denegaci\u00f3n del consentimiento. El tribunal puede ordenar que se proceda a la adopci\u00f3n si considera que dicha acci\u00f3n redunda en el inter\u00e9s superior del menor.<\/span><\/p>\n<p><span style=\"font-weight: 400;\">Aunque estos diferentes caminos para hacer crecer su familia var\u00edan, todos reconocen los muchos beneficios que ofrece. Tanto si usted est\u00e1 pensando en adoptar como en dar a un ni\u00f1o en adopci\u00f3n, un proceso satisfactorio puede ser una fuente de gran esperanza para todos los implicados.<\/span><\/p>\n<h2>Ventajas Y Beneficios A Largo Plazo De Este Viaje<\/h2>\n<p><span style=\"font-weight: 400;\">La adopci\u00f3n proporciona numerosas ventajas y beneficios duraderos que afectan a los padres, al ni\u00f1o y a la comunidad en general. Si comprendes estas repercusiones, podr\u00e1s apreciar mejor los resultados profundos y positivos que pueden aportar tales decisiones.<\/span><\/p>\n<h3>Proporcionar Un Hogar Cari\u00f1oso<\/h3>\n<p><span style=\"font-weight: 400;\">La adopci\u00f3n le permite proporcionar un entorno permanente y acogedor a ni\u00f1os necesitados. Esta estabilidad fomenta el desarrollo emocional y psicol\u00f3gico del ni\u00f1o, lo que conduce a un fuerte sentido de s\u00ed mismo y a una base para una vida adulta sana.<\/span><\/p>\n<p><span style=\"font-weight: 400;\">Aunque la decisi\u00f3n de dar a un ni\u00f1o en adopci\u00f3n puede ser incre\u00edblemente dura, tambi\u00e9n puede ser un acto de profundo amor y desinter\u00e9s. El proceso permite a los padres biol\u00f3gicos proporcionar el entorno ideal para el bienestar y el futuro de su hijo.<\/span><\/p>\n<h3>Beneficios Legales Y Financieros<\/h3>\n<p><span style=\"font-weight: 400;\">En Virginia, la adopci\u00f3n tambi\u00e9n conlleva varias ventajas legales y econ\u00f3micas que pueden facilitar la transici\u00f3n tanto para el ni\u00f1o como para los padres adoptivos. Una vez finalizado el proceso, el ni\u00f1o adquiere los mismos derechos legales que un hijo biol\u00f3gico, incluidos los derechos sucesorios.<\/span><\/p>\n<p><span style=\"font-weight: 400;\">Adem\u00e1s, los padres adoptivos pueden optar a cr\u00e9ditos fiscales estatales y federales. Puede compensar algunos de los costes asociados al proceso de adopci\u00f3n. Tambi\u00e9n existen posibles subvenciones mensuales y programas de ayuda para la adopci\u00f3n de ni\u00f1os que necesiten cuidados especializados.<\/span><\/p>\n<h3>Construir Familias Diversas E Inclusivas<\/h3>\n<p><span style=\"font-weight: 400;\">Otra ventaja de la adopci\u00f3n es la oportunidad de construir familias diversas e inclusivas. Cumplir el sue\u00f1o de la paternidad permite a las personas enriquecer la din\u00e1mica familiar y adoptar diferentes or\u00edgenes culturales, raciales y \u00e9tnicos.<\/span><\/p>\n<p><span style=\"font-weight: 400;\">Esta diversidad puede dar a los ni\u00f1os una visi\u00f3n m\u00e1s completa del mundo, prepar\u00e1ndoles para contribuir a una sociedad cada vez m\u00e1s interconectada y multicultural. Considerar la adopci\u00f3n puede crear un futuro mejor para usted, su familia y el Estado de Virginia.<\/span><\/p>\n<p><span style=\"font-weight: 400;\">Sin embargo, la naturaleza jur\u00eddica de la adopci\u00f3n requiere las habilidades y la orientaci\u00f3n de un abogado competente. Debe asegurarse de colaborar con alguien que conozca el oficio.<\/span><\/p>\n<h2>Encuentre A Los Abogados De Adopci\u00f3n Adecuados En Manassas, Virginia<\/h2>\n<p><span style=\"font-weight: 400;\">El viaje de la adopci\u00f3n suele estar lleno de emociones, legalidades e incertidumbres. Contar con un abogado competente puede marcar la diferencia. Pero, \u00bfc\u00f3mo encontrar a la persona adecuada? Esto es lo que debe buscar en un abogado de adopciones de Manassas.<\/span><\/p>\n<ul>\n<li style=\"font-weight: 400;\" aria-level=\"1\"><span style=\"font-weight: 400;\">Experiencia En Casos De Adopci\u00f3n. Un abogado con amplia experiencia en este campo conocer\u00e1 bien la normativa y los procedimientos espec\u00edficos de Virginia. Sus profundos conocimientos le ayudar\u00e1n a navegar con eficacia por las complejidades del proceso.<\/span><\/li>\n<li style=\"font-weight: 400;\" aria-level=\"1\"><span style=\"font-weight: 400;\">Gran Capacidad De Comunicaci\u00f3n Y Empat\u00eda. Elija a alguien que escuche sus preocupaciones, simplifique los entresijos legales y le mantenga informado. La empat\u00eda es vital para generar confianza y garantizar que sus intereses est\u00e9n representados con precisi\u00f3n.<\/span><\/li>\n<li style=\"font-weight: 400;\" aria-level=\"1\"><span style=\"font-weight: 400;\">Atenci\u00f3n Al Detalle. El proceso de adopci\u00f3n implica mucho papeleo y un estricto cumplimiento de los requisitos legales. Un abogado meticuloso se asegurar\u00e1 de que todos los documentos est\u00e9n correctamente preparados y se presenten a tiempo para reducir el riesgo de retrasos o complicaciones legales.<\/span><\/li>\n<li style=\"font-weight: 400;\" aria-level=\"1\"><span style=\"font-weight: 400;\">Visi\u00f3n Local Integral. Aunque los conocimientos jur\u00eddicos son esenciales, los abogados de adopci\u00f3n buenos tambi\u00e9n reconocen la importancia de la colaboraci\u00f3n con las organizaciones locales. Conocen y pueden trabajar eficazmente con trabajadores sociales, agencias de adopci\u00f3n y otros profesionales implicados en el Estado.<\/span><\/li>\n<\/ul>\n<p><span style=\"font-weight: 400;\">Encontrar al abogado de adopci\u00f3n adecuado en Virginia es esencial para que el proceso de adopci\u00f3n tenga \u00e9xito. Dar prioridad a estas cualidades y llevar a cabo una investigaci\u00f3n exhaustiva puede ayudarle a elegir un defensor legal que le gu\u00ede con conocimientos, empat\u00eda y compromiso.<\/span><\/p>\n<h2>The Irving Law Firm Ayuda A Construir Su Familia<\/h2>\n<p><img decoding=\"async\" class=\"size-full wp-image-17720 alignright\" src=\"https:\/\/www.theirvinglawfirm.com\/wp-content\/uploads\/2024\/06\/an-adoption-attorney-is-your-ally-if-you-want-to-start-the-process-in-virginia.jpg\" alt=\"Un abogado especializado en adopciones es tu aliado si quieres iniciar el proceso en Virginia\" width=\"300\" height=\"200\" srcset=\"https:\/\/www.theirvinglawfirm.com\/wp-content\/uploads\/2024\/06\/an-adoption-attorney-is-your-ally-if-you-want-to-start-the-process-in-virginia-66x44.jpg 66w, https:\/\/www.theirvinglawfirm.com\/wp-content\/uploads\/2024\/06\/an-adoption-attorney-is-your-ally-if-you-want-to-start-the-process-in-virginia-177x118.jpg 177w, https:\/\/www.theirvinglawfirm.com\/wp-content\/uploads\/2024\/06\/an-adoption-attorney-is-your-ally-if-you-want-to-start-the-process-in-virginia-200x133.jpg 200w, https:\/\/www.theirvinglawfirm.com\/wp-content\/uploads\/2024\/06\/an-adoption-attorney-is-your-ally-if-you-want-to-start-the-process-in-virginia.jpg 300w\" sizes=\"(max-width: 300px) 100vw, 300px\" \/><\/p>\n<p><span style=\"font-weight: 400;\">The Irving Law Firm ve un lado gratificante en la adopci\u00f3n. Nos produce una inmensa alegr\u00eda ayudar a las familias a crecer y a los ni\u00f1os a encontrar un hogar acogedor. Ser testigos de c\u00f3mo los padres adoptivos afrontan este apasionante viaje y los ni\u00f1os encuentran amor y apoyo es uno de los aspectos m\u00e1s significativos de nuestra pr\u00e1ctica.<\/span><\/p>\n<p><span style=\"font-weight: 400;\">The Irving Law Firm es el fundador y Presidente de la Junta Directiva de Children with Disabilities Fund International (CDFI). Trabajamos activamente para mejorar la calidad de vida de los ni\u00f1os con necesidades especiales que viven en orfanatos de pa\u00edses en desarrollo. Proporcionando apoyo jur\u00eddico integral y alineando nuestra misi\u00f3n con la CDFI, ayudamos a crear hogares estables y afectuosos para ni\u00f1os necesitados a nivel local y mundial.<\/span><\/p>\n<p><span style=\"font-weight: 400;\">Nos apasiona ayudar a las familias a crecer mediante la adopci\u00f3n. Nuestra orientaci\u00f3n jur\u00eddica garantiza un proceso fluido y un resultado satisfactorio para todos. Este planteamiento hol\u00edstico y nuestro compromiso con el bienestar familiar est\u00e1n orientados a crear hogares afectuosos para quienes m\u00e1s los necesitan.<\/span><\/p>\n<h2>Resumen<\/h2>\n<p><span style=\"font-weight: 400;\">Formar una familia mediante la adopci\u00f3n en Virginia es un proceso complejo pero gratificante. Tanto los padres adoptivos como los biol\u00f3gicos pueden explorar opciones como la agencia, la colocaci\u00f3n parental, el padrastro o la madrastra, el acogimiento familiar y las adopciones internacionales.<\/span><\/p>\n<p><span style=\"font-weight: 400;\">Aunque cada tipo tiene una finalidad distinta, todos reconocen las ventajas del proceso. Las ventajas econ\u00f3micas y sociales y la seguridad jur\u00eddica ponen de relieve el valor de la adopci\u00f3n. Sobre todo, dar a los ni\u00f1os estabilidad y cuidados garantiza que crezcan y se conviertan en adultos responsables e independientes.<\/span><\/p>\n<p><span style=\"font-weight: 400;\">En este viaje legal, debes elegir un socio legal adecuado entre los abogados de adopci\u00f3n de Manassas. Alguien experimentado, meticuloso y emp\u00e1tico puede ayudarte a alcanzar el \u00e9xito. The Irving Law Firm tiene los abogados adecuados para usted. Nuestro compromiso con el bienestar de los ni\u00f1os garantiza que se cubran todos los aspectos legales y ayuda a proporcionar hogares afectuosos a quienes lo necesitan.<\/span><\/p>\n<\/div><\/div><\/div><\/div><\/div>\n","protected":false},"excerpt":{"rendered":"","protected":false},"author":3,"featured_media":0,"parent":8374,"menu_order":0,"comment_status":"closed","ping_status":"closed","template":"100-width.php","meta":{"_analytify_skip_tracking":false,"rank_math_title":"Abogado De Adopci\u00f3n En Manassas VA | The Irving Law Firm","rank_math_description":"Los abogados de adopci\u00f3n simplifican el proceso de formar una familia en Virginia. Le ayudan a navegar por los distintos tipos y procesos.","rank_math_focus_keyword":"adopci\u00f3n","rank_math_canonical_url":"","footnotes":""},"class_list":["post-8540","page","type-page","status-publish","hentry"],"acf":[],"_links":{"self":[{"href":"https:\/\/www.theirvinglawfirm.com\/es\/wp-json\/wp\/v2\/pages\/8540","targetHints":{"allow":["GET"]}}],"collection":[{"href":"https:\/\/www.theirvinglawfirm.com\/es\/wp-json\/wp\/v2\/pages"}],"about":[{"href":"https:\/\/www.theirvinglawfirm.com\/es\/wp-json\/wp\/v2\/types\/page"}],"author":[{"embeddable":true,"href":"https:\/\/www.theirvinglawfirm.com\/es\/wp-json\/wp\/v2\/users\/3"}],"replies":[{"embeddable":true,"href":"https:\/\/www.theirvinglawfirm.com\/es\/wp-json\/wp\/v2\/comments?post=8540"}],"version-history":[{"count":0,"href":"https:\/\/www.theirvinglawfirm.com\/es\/wp-json\/wp\/v2\/pages\/8540\/revisions"}],"up":[{"embeddable":true,"href":"https:\/\/www.theirvinglawfirm.com\/es\/wp-json\/wp\/v2\/pages\/8374"}],"wp:attachment":[{"href":"https:\/\/www.theirvinglawfirm.com\/es\/wp-json\/wp\/v2\/media?parent=8540"}],"curies":[{"name":"wp","href":"https:\/\/api.w.org\/{rel}","templated":true}]}}