{"id":8534,"date":"2022-11-20T20:15:47","date_gmt":"2022-11-20T20:15:47","guid":{"rendered":"https:\/\/www.theirvinglawfirm.com\/agencia-de-adopcion\/"},"modified":"2026-04-27T17:09:38","modified_gmt":"2026-04-27T17:09:38","slug":"adopcion-por-agencia","status":"publish","type":"page","link":"https:\/\/www.theirvinglawfirm.com\/es\/areas-de-practica\/derecho-de-familia\/adopcion\/adopcion-por-agencia\/","title":{"rendered":"Abogado de Adopci\u00f3n en Virginia maneja el proceso de agencia"},"content":{"rendered":"<div class=\"fusion-fullwidth fullwidth-box fusion-builder-row-1 fusion-flex-container has-pattern-background has-mask-background nonhundred-percent-fullwidth non-hundred-percent-height-scrolling\" style=\"--awb-border-sizes-bottom:1px;--awb-border-radius-top-left:0px;--awb-border-radius-top-right:0px;--awb-border-radius-bottom-right:0px;--awb-border-radius-bottom-left:0px;--awb-flex-wrap:wrap;\" ><div class=\"fusion-builder-row fusion-row fusion-flex-align-items-flex-start fusion-flex-content-wrap\" style=\"max-width:1497.6px;margin-left: calc(-4% \/ 2 );margin-right: calc(-4% \/ 2 );\"><div class=\"fusion-layout-column fusion_builder_column fusion-builder-column-0 fusion_builder_column_1_1 1_1 fusion-flex-column\" style=\"--awb-bg-size:cover;--awb-width-large:100%;--awb-margin-top-large:0px;--awb-spacing-right-large:1.92%;--awb-margin-bottom-large:20px;--awb-spacing-left-large:0%;--awb-width-medium:100%;--awb-order-medium:0;--awb-spacing-right-medium:1.92%;--awb-spacing-left-medium:0%;--awb-width-small:100%;--awb-order-small:0;--awb-spacing-right-small:1.92%;--awb-spacing-left-small:1.92%;\"><div class=\"fusion-column-wrapper fusion-column-has-shadow fusion-flex-justify-content-flex-start fusion-content-layout-column\"><div class=\"fusion-text fusion-text-1\"><p><span style=\"font-weight: 400;\">Formar una familia a trav\u00e9s de la adopci\u00f3n por agencia es un viaje emocionante que cambia la vida. Es una oportunidad de ofrecer a un ni\u00f1o un hogar estable y afectuoso a la vez que cumple sus sue\u00f1os de ser padre. Un <a href=\"https:\/\/www.theirvinglawfirm.com\/es\/areas-de-practica\/derecho-de-familia\/adopcion\/\">abogado de adopci\u00f3n en Virginia<\/a> proporciona un camino de apoyo y gu\u00eda a trav\u00e9s de este proceso a menudo complicado. <\/span><\/p>\n<p><span style=\"font-weight: 400;\">Si est\u00e1 pensando en pasar por esto, es probable que tenga muchas preguntas. Este art\u00edculo puede ayudarle a aclarar el proceso y darle una idea clara de c\u00f3mo funciona la adopci\u00f3n por agencia. Trabajar con un abogado de confianza facilita la comprensi\u00f3n de los requisitos legales y permite avanzar con confianza.<\/span><\/p>\n<p><img decoding=\"async\" class=\"size-full wp-image-25233 aligncenter\" src=\"https:\/\/www.theirvinglawfirm.com\/wp-content\/uploads\/2025\/01\/motivos-legales-para-la-adopcion-en-virginia.jpg\" alt=\"Motivos Legales Para La Adopci\u00f3n En Virginia\" width=\"800\" height=\"533\" srcset=\"https:\/\/www.theirvinglawfirm.com\/wp-content\/uploads\/2025\/01\/motivos-legales-para-la-adopcion-en-virginia-200x133.jpg 200w, https:\/\/www.theirvinglawfirm.com\/wp-content\/uploads\/2025\/01\/motivos-legales-para-la-adopcion-en-virginia-300x200.jpg 300w, https:\/\/www.theirvinglawfirm.com\/wp-content\/uploads\/2025\/01\/motivos-legales-para-la-adopcion-en-virginia-400x267.jpg 400w, https:\/\/www.theirvinglawfirm.com\/wp-content\/uploads\/2025\/01\/motivos-legales-para-la-adopcion-en-virginia-600x400.jpg 600w, https:\/\/www.theirvinglawfirm.com\/wp-content\/uploads\/2025\/01\/motivos-legales-para-la-adopcion-en-virginia-768x512.jpg 768w, https:\/\/www.theirvinglawfirm.com\/wp-content\/uploads\/2025\/01\/motivos-legales-para-la-adopcion-en-virginia.jpg 800w\" sizes=\"(max-width: 800px) 100vw, 800px\" \/><\/p>\n<h2>Por qu\u00e9 la adopci\u00f3n por agencia podr\u00eda ser el camino para usted<\/h2>\n<p><span style=\"font-weight: 400;\">La adopci\u00f3n por agencia ofrece un camino claro, con profesionales autorizados que le gu\u00edan en cada paso del camino. En lugar de intentar recomponer las cosas por su cuenta, pueden ayudarle a que todo vaya sobre ruedas, desde encontrar la pareja adecuada hasta ocuparse de los detalles legales. Hay dos tipos principales de agencias entre las que elegir: p\u00fablicas y privadas. <\/span><\/p>\n<p><span style=\"font-weight: 400;\">Las agencias p\u00fablicas de adopci\u00f3n est\u00e1n gestionadas por la ciudad o el condado y suelen ocuparse de los casos de abuso o negligencia. Primero se coloca a los ni\u00f1os en hogares de acogida mientras sus padres biol\u00f3gicos se esfuerzan por mejorar las condiciones que provocaron la expulsi\u00f3n. Si no pueden realizar los cambios necesarios en un plazo determinado, los tribunales pueden poner fin a sus derechos parentales. <\/span><\/p>\n<p><span style=\"font-weight: 400;\">Una cosa que hay que recordar es que los ni\u00f1os de las agencias p\u00fablicas suelen ser mayores, ya que el proceso de acogida lleva tiempo. Sin embargo, esta v\u00eda suele ser m\u00e1s asequible, con menos gastos iniciales. Esta podr\u00eda ser la v\u00eda adecuada si est\u00e1 abierto a tener un hijo mayor o un grupo de hermanos. <\/span><\/p>\n<p><span style=\"font-weight: 400;\">Por otro lado, las agencias privadas de adopci\u00f3n funcionan de forma un poco diferente. El estado las autoriza y suelen centrarse en colocar a reci\u00e9n nacidos con familias. En estos casos, los padres biol\u00f3gicos deciden voluntariamente dar a su hijo en adopci\u00f3n. <\/span><\/p>\n<p><span style=\"font-weight: 400;\">En estados como Virginia, los padres biol\u00f3gicos pueden recomendar a personas que pueden adoptar a su hijo, y el proceso avanza r\u00e1pidamente tras el nacimiento. Las agencias privadas tambi\u00e9n ofrecen un apoyo m\u00e1s personalizado, lo que conlleva unos honorarios m\u00e1s elevados. Esta podr\u00eda ser una opci\u00f3n m\u00e1s directa si desea un reci\u00e9n nacido y se siente c\u00f3modo con los costos. <\/span><\/p>\n<p><span style=\"font-weight: 400;\">Con una mejor comprensi\u00f3n de los tipos de agencias, usted est\u00e1 listo para explorar el proceso de adopci\u00f3n. Cada etapa, desde la b\u00fasqueda de representaci\u00f3n legal hasta la finalizaci\u00f3n, es un paso emocionante hacia la llegada de un ni\u00f1o a su vida. <\/span><\/p>\n<h2>Su gu\u00eda paso a paso del proceso de adopci\u00f3n<\/h2>\n<p><span style=\"font-weight: 400;\">Adoptar a trav\u00e9s de una agencia significa seguir un proceso que le ayuda a usted y al ni\u00f1o. Con unos pasos claros y un s\u00f3lido sistema de apoyo, se convierte en un viaje manejable y gratificante. Con preparaci\u00f3n, puede sentirse seguro del camino que tiene por delante.<\/span><\/p>\n<p><img decoding=\"async\" class=\"size-full wp-image-25235 alignright\" src=\"https:\/\/www.theirvinglawfirm.com\/wp-content\/uploads\/2025\/01\/abogado-de-adopcion-en-virginia-irving-law-firm.jpg\" alt=\"Abogado De Adopci\u00f3n En Virginia Irving Law Firm\" width=\"300\" height=\"200\" srcset=\"https:\/\/www.theirvinglawfirm.com\/wp-content\/uploads\/2025\/01\/abogado-de-adopcion-en-virginia-irving-law-firm-200x133.jpg 200w, https:\/\/www.theirvinglawfirm.com\/wp-content\/uploads\/2025\/01\/abogado-de-adopcion-en-virginia-irving-law-firm.jpg 300w\" sizes=\"(max-width: 300px) 100vw, 300px\" \/><\/p>\n<h3>Representaci\u00f3n legal segura<\/h3>\n<p><span style=\"font-weight: 400;\">El primer paso vital es encontrar un <a href=\"https:\/\/www.theirvinglawfirm.com\/es\/\">abogado de adopci\u00f3n<\/a> que est\u00e9 a su lado. Las leyes pueden ser complicadas y contar con alguien que conozca sus detalles puede ahorrarle muchos dolores de cabeza. Su abogado se ocupar\u00e1 de los detalles legales, asegur\u00e1ndose de que todos sus documentos sean correctos y de que su caso se desarrolle sin problemas. <\/span><\/p>\n<p><span style=\"font-weight: 400;\">Su abogado de familia en Virginia es como un puente sobre los baches del proceso legal. Est\u00e1n ah\u00ed para proteger el futuro de su familia y asegurarse de que no se encuentre con ning\u00fan bache legal por el camino. Cuanto antes incorpore a un abogado, m\u00e1s suave ser\u00e1 su viaje. <\/span><\/p>\n<h3>Elegir la agencia de adopci\u00f3n adecuada<\/h3>\n<p><span style=\"font-weight: 400;\">Una vez que tenga un abogado, es hora de elegir la agencia que le parezca m\u00e1s adecuada. Verifique si tienen licencia, compruebe su reputaci\u00f3n e inf\u00f3rmese de sus servicios. Algunas agencias ofrecen asesoramiento previo a la adopci\u00f3n, mientras que otras se centran en el apoyo posterior. <\/span><\/p>\n<p><span style=\"font-weight: 400;\">Considere factores como los honorarios de la agencia, el calendario t\u00edpico del proceso y el nivel de contacto con los padres biol\u00f3gicos. Estos detalles pueden influir en su experiencia, por lo que sopesarlos es esencial. Aunque las agencias comparten el mismo objetivo de colocar a los ni\u00f1os en hogares amorosos, sus m\u00e9todos y servicios pueden diferir. <\/span><\/p>\n<h3>Completar un estudio sobre el hogar<\/h3>\n<p><span style=\"font-weight: 400;\">Despu\u00e9s de elegir su agencia, tendr\u00e1 que abordar el estudio del hogar. Este proceso eval\u00faa su preparaci\u00f3n, centr\u00e1ndose en el entorno de su hogar, su estabilidad financiera y su preparaci\u00f3n emocional. Es un examen exhaustivo de su capacidad para cuidar a un ni\u00f1o. <\/span><\/p>\n<p><span style=\"font-weight: 400;\">Un trabajador social visitar\u00e1 su casa, hablar\u00e1 con usted y su familia y revisar\u00e1 sus antecedentes. Le pedir\u00e1n cosas como registros financieros e historial m\u00e9dico. Puede parecer mucho papeleo, pero el objetivo es asegurarse de que est\u00e1 en condiciones de acoger a un ni\u00f1o en su vida. <\/span><\/p>\n<p><span style=\"font-weight: 400;\">Para facilitar las cosas, re\u00fana todos sus documentos esenciales con antelaci\u00f3n y aseg\u00farese de que su casa es adecuada para los ni\u00f1os. No se trata tanto de tener una casa \u00abperfecta\u00bb como de demostrar que puede proporcionar un espacio enriquecedor. Su abogado tambi\u00e9n le ayudar\u00e1 a asegurarse de que su papeleo est\u00e1 en orden, lo que facilitar\u00e1 este paso. <\/span><\/p>\n<h3>Coincidir con un ni\u00f1o<\/h3>\n<p><span style=\"font-weight: 400;\">El emparejamiento con un ni\u00f1o es donde el viaje da un giro emocional. Es cuando le presentan a los ni\u00f1os potenciales que esperan su hogar definitivo. La agencia o el trabajador social le mostrar\u00e1n perfiles y le hablar\u00e1n de su edad, antecedentes y necesidades especiales. <\/span><\/p>\n<p><span style=\"font-weight: 400;\">Puede que tenga preferencias espec\u00edficas en cuanto a la edad o el sexo de su futuro hijo, y eso es completamente natural. Sin embargo, puede que al principio descubra que la pareja adecuada para su familia es diferente de lo que esperaba. T\u00f3mese su tiempo y comente cualquier preocupaci\u00f3n con su abogado y la agencia. Le ofrecer\u00e1n orientaci\u00f3n a medida que se acerque el momento de traer un ni\u00f1o a su hogar. <\/span><\/p>\n<h3>Colocaci\u00f3n y supervisi\u00f3n<\/h3>\n<p><span style=\"font-weight: 400;\">Cuando por fin trae a su hijo a casa, es un momento que puede parecer surrealista. Sin embargo, el proceso a\u00fan no ha terminado del todo. En Virginia, la supervisi\u00f3n posterior es una parte vital de la finalizaci\u00f3n de la adopci\u00f3n. Un trabajador social visitar\u00e1 su casa al menos tres veces para comprobar el bienestar del ni\u00f1o. <\/span><\/p>\n<p><span style=\"font-weight: 400;\">Estas visitas pueden apoyarle tanto a usted como al ni\u00f1o. El trabajador social puede ofrecerle orientaci\u00f3n y ponerle en contacto con recursos si surge alg\u00fan problema. Este paso ayuda a solidificar el v\u00ednculo y garantiza que las cosas avancen en la direcci\u00f3n correcta para una adopci\u00f3n con \u00e9xito. <\/span><\/p>\n<h3>Finalizaci\u00f3n en los tribunales<\/h3>\n<p><span style=\"font-weight: 400;\">Finalizar el proceso es el momento que ha estado esperando: la l\u00ednea de meta de su viaje. Tras la supervisi\u00f3n posterior a la adopci\u00f3n, una firma de abogados de adopci\u00f3n puede ayudarle a presentar una petici\u00f3n ante el tribunal. Este es el paso legal que lo hace oficial. <\/span><\/p>\n<p><span style=\"font-weight: 400;\">El juez revisar\u00e1 su caso en la audiencia, le har\u00e1 preguntas y se asegurar\u00e1 de que cumple los requisitos legales. Su abogado estar\u00e1 con usted para resolver cualquier duda legal. Una vez que el tribunal lo apruebe, emitir\u00e1 el decreto de adopci\u00f3n, reconoci\u00e9ndole oficialmente como padre legal del ni\u00f1o. <\/span><\/p>\n<p><span style=\"font-weight: 400;\">Aunque la sala del tribunal marca la conclusi\u00f3n legal del proceso, es vital comprender las leyes que allanaron el camino para este momento. Conocer los detalles de las leyes de adopci\u00f3n de Virginia ayuda a clarificar el proceso y aporta tranquilidad. Comprenderlas es esencial antes de iniciar el viaje. <\/span><\/p>\n<h2>Lo que debe saber sobre las leyes de adopci\u00f3n de Virginia<\/h2>\n<p><span style=\"font-weight: 400;\"><a href=\"https:\/\/adoptva.com\/\" target=\"_blank\" rel=\"noopener\">Adoptar en Virginia<\/a> significa seguir unas leyes estatales espec\u00edficas que ayudan a garantizar el mejor resultado tanto para el ni\u00f1o como para los padres adoptivos. En primer lugar, debe tener al menos 18 a\u00f1os para poder optar a la adopci\u00f3n. Tanto si es soltero, casado, divorciado o viudo, lo que m\u00e1s importa es su capacidad para proporcionar un hogar estable y un compromiso de por vida con el ni\u00f1o. <\/span><\/p>\n<p><span style=\"font-weight: 400;\">Aunque el objetivo principal es la estabilidad de la familia adoptiva, los ni\u00f1os de Virginia mayores de 14 a\u00f1os tambi\u00e9n necesitan dar su consentimiento para iniciar el proceso. Este requisito les permite participar activamente, ayud\u00e1ndoles a sentirse seguros y respetados en su nueva familia. Tambi\u00e9n hace que la decisi\u00f3n tenga sentido tanto para ellos como para los padres. <\/span><\/p>\n<p><span style=\"font-weight: 400;\">M\u00e1s all\u00e1 de eso, la ley impide que las agencias rechacen a padres adoptivos por su cultura, religi\u00f3n, raza, etnia, identidad de g\u00e9nero u orientaci\u00f3n sexual. Estos factores no pueden descalificar a alguien para adoptar. En su lugar, la atenci\u00f3n se centra en si la persona puede proporcionar un entorno seguro y afectuoso. <\/span><\/p>\n<p><span style=\"font-weight: 400;\">Sin embargo, tener antecedentes penales puede afectar a su elegibilidad. Los tribunales pueden tener en cuenta la naturaleza y gravedad de los delitos y cu\u00e1nto tiempo hace que ocurrieron. La ley de Virginia proh\u00edbe que las personas con ciertas condenas, conocidas como delitos barrera, sean aprobadas como padres adoptivos. <\/span><\/p>\n<p><span style=\"font-weight: 400;\">Cuando se trata de documentaci\u00f3n legal, hay papeleo requerido en cada etapa del proceso. Su abogado se asegurar\u00e1 de que todos los documentos necesarios, incluidos los formularios de consentimiento, las comprobaciones de antecedentes y las peticiones, sean completados y se presenten conforme a la ley de Virginia.<\/span><\/p>\n<p><img decoding=\"async\" class=\"size-full wp-image-25237 aligncenter\" src=\"https:\/\/www.theirvinglawfirm.com\/wp-content\/uploads\/2025\/01\/abogados-de-adopcion-cerca-de-manassas.jpg\" alt=\"Abogados De Adopci\u00f3n Cerca De Manassas\" width=\"800\" height=\"533\" srcset=\"https:\/\/www.theirvinglawfirm.com\/wp-content\/uploads\/2025\/01\/abogados-de-adopcion-cerca-de-manassas-200x133.jpg 200w, https:\/\/www.theirvinglawfirm.com\/wp-content\/uploads\/2025\/01\/abogados-de-adopcion-cerca-de-manassas-300x200.jpg 300w, https:\/\/www.theirvinglawfirm.com\/wp-content\/uploads\/2025\/01\/abogados-de-adopcion-cerca-de-manassas-400x267.jpg 400w, https:\/\/www.theirvinglawfirm.com\/wp-content\/uploads\/2025\/01\/abogados-de-adopcion-cerca-de-manassas-600x400.jpg 600w, https:\/\/www.theirvinglawfirm.com\/wp-content\/uploads\/2025\/01\/abogados-de-adopcion-cerca-de-manassas-768x512.jpg 768w, https:\/\/www.theirvinglawfirm.com\/wp-content\/uploads\/2025\/01\/abogados-de-adopcion-cerca-de-manassas.jpg 800w\" sizes=\"(max-width: 800px) 100vw, 800px\" \/><\/p>\n<h2>The Irving Law Firm le gu\u00eda a trav\u00e9s del proceso de adopci\u00f3n<\/h2>\n<p><span style=\"font-weight: 400;\">The Irving Law Firm entiende que la adopci\u00f3n de un ni\u00f1o es una de las decisiones m\u00e1s significativas que usted tomar\u00e1, y viene con un mont\u00f3n de emociones. Nuestro equipo est\u00e1 aqu\u00ed para ofrecerle apoyo y orientaci\u00f3n durante todo el proceso. Como firma que se ocupa de asuntos de derecho de familia en Virginia, estamos orgullosos de ayudar a las familias a crecer, y consideramos un privilegio formar parte de esta experiencia. <\/span><\/p>\n<p><span style=\"font-weight: 400;\">Cuando se trata de una adopci\u00f3n por agencia, estamos aqu\u00ed para que la parte legal sea lo m\u00e1s sencilla posible. Desde el primer d\u00eda, estaremos a su lado, ocup\u00e1ndonos de los detalles legales para ajustarlo a las leyes de adopci\u00f3n de Virginia. Nuestro equipo le ayudar\u00e1 a gestionar el papeleo, presentar los documentos necesarios y representarle ante el tribunal para finalizar los tr\u00e1mites. <\/span><\/p>\n<p><span style=\"font-weight: 400;\">Nuestro objetivo es eliminar el estr\u00e9s del proceso y darle tranquilidad. Nuestro equipo entiende que no hay dos familias iguales, y estamos preparados para ofrecerle un asesoramiento personalizado que se adapte a su situaci\u00f3n. Si est\u00e1 preparado para seguir adelante con su viaje,<a href=\"https:\/\/www.theirvinglawfirm.com\/es\/contacte-nuestra-oficina-en-manassas\/\"> p\u00f3ngase en contacto con nosotros<\/a>. Nos encantar\u00eda ayudarle a hacer realidad su sue\u00f1o de adopci\u00f3n. <\/span><\/p>\n<h2>Resumen<\/h2>\n<p><span style=\"font-weight: 400;\">La adopci\u00f3n por agencia ofrece un proceso sencillo y guiado que lleva a las familias desde la selecci\u00f3n de una agencia hasta la finalizaci\u00f3n ante el tribunal. Las personas mayores de 18 a\u00f1os en Virginia pueden adoptar siempre que proporcionen un hogar estable y afectuoso. Los pasos clave incluyen completar un estudio del hogar, obtener el consentimiento del ni\u00f1o si tiene 14 a\u00f1os o m\u00e1s y presentar los documentos legales necesarios. <\/span><\/p>\n<p><span style=\"font-weight: 400;\">Un abogado de adopci\u00f3n en Virginia puede simplificar el proceso encarg\u00e1ndose del papeleo, garantizando el cumplimiento de las leyes estatales y represent\u00e1ndole ante los tribunales. Con una orientaci\u00f3n personalizada, The Irving Law Firm le apoya en cada paso, permiti\u00e9ndole centrarse en construir su futuro con confianza y tranquilidad. <\/span><\/p>\n<\/div><\/div><\/div><\/div><\/div>\n","protected":false},"excerpt":{"rendered":"","protected":false},"author":3,"featured_media":0,"parent":8540,"menu_order":0,"comment_status":"closed","ping_status":"closed","template":"100-width.php","meta":{"_analytify_skip_tracking":false,"rank_math_title":"Abogado de adopci\u00f3n cerca de Manassas, Virginia","rank_math_description":"Un abogado de adopci\u00f3n en Virginia ayuda a guiar a las familias a trav\u00e9s del proceso de la agencia. Navegue este proceso con apoyo legal.","rank_math_focus_keyword":"Abogado de adopci\u00f3n","rank_math_canonical_url":"","footnotes":""},"class_list":["post-8534","page","type-page","status-publish","hentry"],"acf":[],"_links":{"self":[{"href":"https:\/\/www.theirvinglawfirm.com\/es\/wp-json\/wp\/v2\/pages\/8534","targetHints":{"allow":["GET"]}}],"collection":[{"href":"https:\/\/www.theirvinglawfirm.com\/es\/wp-json\/wp\/v2\/pages"}],"about":[{"href":"https:\/\/www.theirvinglawfirm.com\/es\/wp-json\/wp\/v2\/types\/page"}],"author":[{"embeddable":true,"href":"https:\/\/www.theirvinglawfirm.com\/es\/wp-json\/wp\/v2\/users\/3"}],"replies":[{"embeddable":true,"href":"https:\/\/www.theirvinglawfirm.com\/es\/wp-json\/wp\/v2\/comments?post=8534"}],"version-history":[{"count":1,"href":"https:\/\/www.theirvinglawfirm.com\/es\/wp-json\/wp\/v2\/pages\/8534\/revisions"}],"predecessor-version":[{"id":46824,"href":"https:\/\/www.theirvinglawfirm.com\/es\/wp-json\/wp\/v2\/pages\/8534\/revisions\/46824"}],"up":[{"embeddable":true,"href":"https:\/\/www.theirvinglawfirm.com\/es\/wp-json\/wp\/v2\/pages\/8540"}],"wp:attachment":[{"href":"https:\/\/www.theirvinglawfirm.com\/es\/wp-json\/wp\/v2\/media?parent=8534"}],"curies":[{"name":"wp","href":"https:\/\/api.w.org\/{rel}","templated":true}]}}