{"id":8528,"date":"2022-11-20T20:29:29","date_gmt":"2022-11-20T20:29:29","guid":{"rendered":"https:\/\/www.theirvinglawfirm.com\/para-madres-biologicas-que-se-plantean-la-adopcion\/"},"modified":"2025-02-08T00:13:27","modified_gmt":"2025-02-08T00:13:27","slug":"adopcion-para-madres-biologicas","status":"publish","type":"page","link":"https:\/\/www.theirvinglawfirm.com\/es\/areas-de-practica\/derecho-de-familia\/adopcion\/adopcion-para-madres-biologicas\/","title":{"rendered":"Abogados de adopci\u00f3n gu\u00edan a madres biol\u00f3gicas en Manassas"},"content":{"rendered":"<div class=\"fusion-fullwidth fullwidth-box fusion-builder-row-1 fusion-flex-container has-pattern-background has-mask-background nonhundred-percent-fullwidth non-hundred-percent-height-scrolling\" style=\"--awb-border-sizes-bottom:1px;--awb-border-radius-top-left:0px;--awb-border-radius-top-right:0px;--awb-border-radius-bottom-right:0px;--awb-border-radius-bottom-left:0px;--awb-flex-wrap:wrap;\" ><div class=\"fusion-builder-row fusion-row fusion-flex-align-items-flex-start fusion-flex-content-wrap\" style=\"max-width:1497.6px;margin-left: calc(-4% \/ 2 );margin-right: calc(-4% \/ 2 );\"><div class=\"fusion-layout-column fusion_builder_column fusion-builder-column-0 fusion_builder_column_1_1 1_1 fusion-flex-column\" style=\"--awb-bg-size:cover;--awb-width-large:100%;--awb-margin-top-large:0px;--awb-spacing-right-large:1.92%;--awb-margin-bottom-large:20px;--awb-spacing-left-large:0%;--awb-width-medium:100%;--awb-order-medium:0;--awb-spacing-right-medium:1.92%;--awb-spacing-left-medium:0%;--awb-width-small:100%;--awb-order-small:0;--awb-spacing-right-small:1.92%;--awb-spacing-left-small:1.92%;\"><div class=\"fusion-column-wrapper fusion-column-has-shadow fusion-flex-justify-content-flex-start fusion-content-layout-column\"><div class=\"fusion-text fusion-text-1\"><p><span style=\"font-weight: 400;\">Decidir dar a su hijo en adopci\u00f3n es como encontrarse en una encrucijada con el peso del mundo sobre los hombros. No es una elecci\u00f3n que nadie pueda hacer a la ligera, y las emociones ligadas a ella pueden parecer demasiado. Por ello, trabajar con <a href=\"https:\/\/www.theirvinglawfirm.com\/es\/areas-de-practica\/derecho-de-familia\/adopcion\/\">abogados de adopci\u00f3n<\/a> en Virginia es crucial, ya que pueden guiarle a trav\u00e9s de este proceso, asegur\u00e1ndose de que est\u00e1 plenamente informado. <\/span><\/p>\n<p><span style=\"font-weight: 400;\">Si est\u00e1 considerando la adopci\u00f3n, probablemente est\u00e9 buscando respuestas y apoyo. Este art\u00edculo puede ayudarle a explicar los derechos y responsabilidades legales de las madres biol\u00f3gicas en Virginia. Cubre aspectos cruciales, desde el proceso hasta los pasos clave que deber\u00e1 dar.<\/span><\/p>\n<p><img decoding=\"async\" class=\"size-full wp-image-25315 aligncenter\" src=\"https:\/\/www.theirvinglawfirm.com\/wp-content\/uploads\/2025\/01\/abogado-de-adopcion-para-madres-biologicas.jpg\" alt=\"Abogado De Adopci\u00f3n Para Madres Biol\u00f3gicas\" width=\"800\" height=\"533\" srcset=\"https:\/\/www.theirvinglawfirm.com\/wp-content\/uploads\/2025\/01\/abogado-de-adopcion-para-madres-biologicas-200x133.jpg 200w, https:\/\/www.theirvinglawfirm.com\/wp-content\/uploads\/2025\/01\/abogado-de-adopcion-para-madres-biologicas-300x200.jpg 300w, https:\/\/www.theirvinglawfirm.com\/wp-content\/uploads\/2025\/01\/abogado-de-adopcion-para-madres-biologicas-400x267.jpg 400w, https:\/\/www.theirvinglawfirm.com\/wp-content\/uploads\/2025\/01\/abogado-de-adopcion-para-madres-biologicas-600x400.jpg 600w, https:\/\/www.theirvinglawfirm.com\/wp-content\/uploads\/2025\/01\/abogado-de-adopcion-para-madres-biologicas-768x512.jpg 768w, https:\/\/www.theirvinglawfirm.com\/wp-content\/uploads\/2025\/01\/abogado-de-adopcion-para-madres-biologicas.jpg 800w\" sizes=\"(max-width: 800px) 100vw, 800px\" \/><\/p>\n<h2>\u00bfQu\u00e9 debe saber antes de plantearse la adopci\u00f3n?<\/h2>\n<p><span style=\"font-weight: 400;\">Desde una perspectiva legal, la adopci\u00f3n es la transferencia de los derechos parentales a otra parte. Sin embargo, m\u00e1s all\u00e1 del papeleo legal, la elecci\u00f3n tiene un profundo significado emocional. Cuando toma esta decisi\u00f3n, est\u00e1 eligiendo confiar a otra familia el futuro de su hijo. <\/span><\/p>\n<p><span style=\"font-weight: 400;\">Una de las cosas m\u00e1s importantes que debe recordar es que la decisi\u00f3n es suya. Las presiones externas de familiares, amigos o cualquier otra persona no deben influir en su decisi\u00f3n. Como madre biol\u00f3gica, sus pensamientos, sentimientos y creencias son lo m\u00e1s importante. Aunque otros puedan dar su opini\u00f3n, s\u00f3lo usted puede decidir lo que le parece adecuado a usted y a su hijo. <\/span><\/p>\n<p><span style=\"font-weight: 400;\">Tambi\u00e9n es esencial que se tome su tiempo. La adopci\u00f3n es una decisi\u00f3n legal permanente. No se precipite. Reflexione profundamente y considere si es el mejor paso para usted y su hijo. Si se siente insegura, no pasa nada. Pedir consejos a un abogado de adopci\u00f3n puede ayudarle a despejar dudas legales y darle tiempo para decidir. <\/span><\/p>\n<p><span style=\"font-weight: 400;\">Comprender el peso de su decisi\u00f3n es s\u00f3lo el principio. A medida que avanza, conocer sus derechos legales es igual de importante. \u00c9stos pueden protegerle y darle el poder de mantenerse implicada e informada durante todo el proceso. <\/span><\/p>\n<h2>\u00bfTienen las madres biol\u00f3gicas derechos legales durante el proceso?<\/h2>\n<p><span style=\"font-weight: 400;\">Las madres biol\u00f3gicas tienen derechos claros durante el proceso de adopci\u00f3n. La ley de Virginia establece varias protecciones para garantizar que se sienta segura y tratada con respeto. Conocerlas puede hacer que el proceso sea menos estresante y ayudarle a sentirse segura de sus decisiones. <\/span><\/p>\n<h3>Derecho a elegir la familia adoptiva<\/h3>\n<p><span style=\"font-weight: 400;\">Uno de los derechos que m\u00e1s empoderan a una madre biol\u00f3gica es la capacidad de elegir a la familia adoptiva. Este proceso le permite seleccionar a unos padres que coincidan con sus valores y deseos para el futuro de su hijo. Tanto si desea una familia con ciertas tradiciones como una pareja que comparta sus intereses, la decisi\u00f3n es suya. <\/span><\/p>\n<p><span style=\"font-weight: 400;\">Puede trabajar con una agencia o una firma de abogados de adopci\u00f3n para examinar a las posibles familias y tomar la decisi\u00f3n correcta. Es una responsabilidad importante, pero tambi\u00e9n reconforta. No est\u00e1 simplemente regalando a su hijo; est\u00e1 eligiendo un hogar afectuoso donde ser\u00e1 cuidado. <\/span><\/p>\n<h3>Consentimiento para la adopci\u00f3n<\/h3>\n<p><span style=\"font-weight: 400;\">Al dar su <a href=\"https:\/\/law.lis.virginia.gov\/vacode\/title63.2\/chapter12\/section63.2-1202\/\" target=\"_blank\" rel=\"noopener\">consentimiento legal para la adopci\u00f3n<\/a>, debe hacerlo por escrito y firmarlo bajo juramento. Un funcionario legal, como un notario o un juez, debe atestiguar y autentificar este consentimiento. Aqu\u00ed, usted confirma que comprende la decisi\u00f3n y que la toma voluntariamente. <\/span><\/p>\n<p><span style=\"font-weight: 400;\">El proceso judicial puede parecer intimidatorio, pero es sencillo. Es simplemente un paso legal para asegurarse de que sus deseos se entienden claramente y quedan registrados. Un abogado de adopci\u00f3n cualificado estar\u00e1 a su lado durante todo el proceso para asegurarse de que se hace correctamente. <\/span><\/p>\n<h3>Derecho a cambiar de opini\u00f3n<\/h3>\n<p><span style=\"font-weight: 400;\">A veces, puede cambiar de opini\u00f3n, algo que la ley de Virginia respeta. Sin embargo, existen directrices legales sobre cu\u00e1ndo y c\u00f3mo puede ocurrir esto. Despu\u00e9s de dar su consentimiento, dispone de siete d\u00edas para revocarlo, a menos que haya renunciado a ese derecho. Sin embargo, una vez que el tribunal finaliza la adopci\u00f3n, la decisi\u00f3n se convierte en permanente. <\/span><\/p>\n<h3>Requisitos de asesoramiento<\/h3>\n<p><span style=\"font-weight: 400;\">La ley de Virginia exige que las madres biol\u00f3gicas reciban asesoramiento antes de dar a un ni\u00f1o en adopci\u00f3n. No se trata s\u00f3lo de una casilla legal que marcar: es una oportunidad para explorar sus sentimientos, discutir sus opciones y recibir apoyo. El objetivo es ayudarle a ganar claridad y a sentirse m\u00e1s en paz con su decisi\u00f3n. <\/span><\/p>\n<h3>Acuerdos de contacto posteriores a la adopci\u00f3n<\/h3>\n<p><span style=\"font-weight: 400;\">Puede que le preocupe perder el contacto con su hijo. En el estado es posible establecer un acuerdo de contacto posterior a la adopci\u00f3n que le permita mantenerse en contacto. Ya se trate de visitas ocasionales, llamadas telef\u00f3nicas o intercambio de cartas y fotograf\u00edas, es algo que puede acordar de antemano con la familia adoptiva. <\/span><\/p>\n<p><span style=\"font-weight: 400;\">Sin embargo, es esencial saber que aunque puede discutir estos acuerdos, no siempre son legalmente vinculantes. Los abogados de adopci\u00f3n pueden ayudarle a determinar qu\u00e9 tipo de acuerdo es posible y qu\u00e9 puede esperar. <\/span><\/p>\n<p><span style=\"font-weight: 400;\">Conocer sus derechos le da poder, pero comprender el proceso paso a paso es igual de importante. Cada elecci\u00f3n -grande o peque\u00f1a- sigue un camino legal dise\u00f1ado para protegerle a usted y a su hijo. <\/span><\/p>\n<h2>\u00bfC\u00f3mo funciona la adopci\u00f3n legal en Virginia?<\/h2>\n<p><span style=\"font-weight: 400;\">La adopci\u00f3n puede tenerle abrumado, pregunt\u00e1ndose por d\u00f3nde empezar y tratando de contactar con los mejores abogados de adopci\u00f3n que pueda encontrar. El proceso puede parecer intimidante, con muchos pasos y decisiones legales por delante. Sin embargo, puede sentirse m\u00e1s segura navegando por esta dif\u00edcil decisi\u00f3n con el apoyo y la informaci\u00f3n adecuados.<\/span><\/p>\n<p><img decoding=\"async\" class=\"size-full wp-image-25317 alignright\" src=\"https:\/\/www.theirvinglawfirm.com\/wp-content\/uploads\/2025\/01\/abogados-de-adopcion-de-confianza-en-manassas-va.jpg\" alt=\"Abogados De Adopci\u00f3n De Confianza En Manassas, VA\" width=\"300\" height=\"200\" srcset=\"https:\/\/www.theirvinglawfirm.com\/wp-content\/uploads\/2025\/01\/abogados-de-adopcion-de-confianza-en-manassas-va-200x133.jpg 200w, https:\/\/www.theirvinglawfirm.com\/wp-content\/uploads\/2025\/01\/abogados-de-adopcion-de-confianza-en-manassas-va.jpg 300w\" sizes=\"(max-width: 300px) 100vw, 300px\" \/><\/p>\n<h3>Consiga un abogado de adopci\u00f3n en Virginia<\/h3>\n<p><span style=\"font-weight: 400;\">El primer paso es encontrar un abogado que le gu\u00ede. Le ayudar\u00e1n a entender sus derechos y le guiar\u00e1n a trav\u00e9s del proceso legal para que transcurra sin problemas. Piense que es como tener un copiloto: le ayuda a dirigir el rumbo, asegur\u00e1ndose de que se mantiene en la pista y evita cualquier bache inesperado. <\/span><\/p>\n<p><span style=\"font-weight: 400;\">El proceso puede parecer complicado, sobre todo cuando necesita ayuda para decidir qu\u00e9 pasos dar. Si no est\u00e1 seguro de por d\u00f3nde empezar, una r\u00e1pida b\u00fasqueda en Internet de \u00ababogado de adopci\u00f3n cerca de m\u00ed\u00bb puede ayudarle a encontrar representaci\u00f3n legal en Virginia. Contar con un abogado desde el principio puede marcar un mundo de diferencia. <\/span><\/p>\n<h3>Encontrar una agencia de adopci\u00f3n<\/h3>\n<p><span style=\"font-weight: 400;\">Las agencias desempe\u00f1an un papel vital en el proceso. Le ayudan a ponerse en contacto con familias adoptivas y le proporcionan apoyo durante el viaje. Adem\u00e1s, le ayudan en el asesoramiento y en su plan de adopci\u00f3n. Cuando elija una agencia, busque una que escuche sus necesidades y le d\u00e9 informaci\u00f3n transparente. <\/span><\/p>\n<h3>Crear un plan<\/h3>\n<p><span style=\"font-weight: 400;\">Un plan de adopci\u00f3n es un esquema escrito de c\u00f3mo quiere que se desarrolle el proceso. Puede incluir el tipo de familia que desea para su hijo o c\u00f3mo desea gestionar el nacimiento y el contacto posterior a la adopci\u00f3n. Disponer de un plan le garantiza el control de cada decisi\u00f3n. <\/span><\/p>\n<h3>Encontrar una familia adoptiva<\/h3>\n<p><span style=\"font-weight: 400;\">Una vez que haya creado su plan, puede comenzar la b\u00fasqueda de una familia adoptiva. Puede que tenga cualidades espec\u00edficas que est\u00e9 buscando. Una agencia puede ayudarle a ponerse en contacto con familias. Despu\u00e9s, puede revisar sus perfiles y reunirse con ellas antes de tomar una decisi\u00f3n. <\/span><\/p>\n<h3>Haga un plan hospitalario<\/h3>\n<p><span style=\"font-weight: 400;\">A medida que se acerca la fecha del parto, decidir c\u00f3mo quiere que sea el nacimiento es primordial. Tendr\u00e1 que pensar si los padres adoptivos estar\u00e1n presentes y cu\u00e1nto tiempo quiere pasar con su beb\u00e9 antes de la adopci\u00f3n. Un plan claro le ayuda a sentirse m\u00e1s en control, para que no haya sorpresas. Este es su momento y usted decide c\u00f3mo va a suceder. <\/span><\/p>\n<h3>Mant\u00e9ngase en contacto<\/h3>\n<p><span style=\"font-weight: 400;\">Si est\u00e1 considerando un acuerdo abierto o semiabierto, mantenerse en contacto con la familia adoptiva es una opci\u00f3n. Puede optar por mantener el contacto mediante cartas o visitas programadas o preferir m\u00e1s distancia. En cualquier caso, es esencial discutirlo y esbozarlo en su plan de adopci\u00f3n. <\/span><\/p>\n<p><span style=\"font-weight: 400;\">Aunque gran parte del proceso se centra en la madre biol\u00f3gica, el papel del padre biol\u00f3gico tambi\u00e9n es importante y no debe pasarse por alto. Tanto si participa activamente como si no, sus derechos legales y su consentimiento -o la falta del mismo- pueden influir en decisiones cr\u00edticas y determinar el calendario. <\/span><\/p>\n<h2>\u00bfNecesita el padre dar su consentimiento para iniciar el proceso?<\/h2>\n<p><span style=\"font-weight: 400;\">En la mayor\u00eda de los casos, necesitar\u00e1 el consentimiento del padre para seguir adelante. Esto se aplica tanto si est\u00e1 reconocido, adjudicado, presunto o inscrito en el registro de paternidad. Sin embargo, hay situaciones en las que el consentimiento del padre puede no ser necesario. Estas incluyen cuando: <\/span><\/p>\n<ul>\n<li style=\"font-weight: 400;\" aria-level=\"1\"><span style=\"font-weight: 400;\">El padre biol\u00f3gico niega la paternidad por escrito y bajo juramento.<\/span><\/li>\n<li style=\"font-weight: 400;\" aria-level=\"1\"><span style=\"font-weight: 400;\">El padre tiene cargos por violaci\u00f3n, violaci\u00f3n a un menor o un delito similar.<\/span><\/li>\n<li style=\"font-weight: 400;\" aria-level=\"1\"><span style=\"font-weight: 400;\">Un tribunal ya le ha retirado la patria potestad.<\/span><\/li>\n<li style=\"font-weight: 400;\" aria-level=\"1\"><span style=\"font-weight: 400;\">No han contactado ni visitado al ni\u00f1o durante al menos seis meses.<\/span><\/li>\n<li style=\"font-weight: 400;\" aria-level=\"1\"><span style=\"font-weight: 400;\">No se presentaron a la audiencia de adopci\u00f3n despu\u00e9s de haber sido debidamente notificados.<\/span><\/li>\n<\/ul>\n<p><span style=\"font-weight: 400;\">En estos casos, puede seguir adelante sin su consentimiento. Trabajar estrechamente con su abogado para manejar estos pasos correctamente y evitar problemas legales m\u00e1s adelante es fundamental. El proceso legal a veces puede parecer un laberinto, pero con el abogado adecuado, no tendr\u00e1 que navegarlo solo.<\/span><\/p>\n<p><img decoding=\"async\" class=\"size-full wp-image-25319 aligncenter\" src=\"https:\/\/www.theirvinglawfirm.com\/wp-content\/uploads\/2025\/01\/abogados-de-adopcion-profesionales-en-manassas.jpg\" alt=\"Abogados De Adopci\u00f3n Profesionales En Manassas\" width=\"800\" height=\"533\" srcset=\"https:\/\/www.theirvinglawfirm.com\/wp-content\/uploads\/2025\/01\/abogados-de-adopcion-profesionales-en-manassas-200x133.jpg 200w, https:\/\/www.theirvinglawfirm.com\/wp-content\/uploads\/2025\/01\/abogados-de-adopcion-profesionales-en-manassas-300x200.jpg 300w, https:\/\/www.theirvinglawfirm.com\/wp-content\/uploads\/2025\/01\/abogados-de-adopcion-profesionales-en-manassas-400x267.jpg 400w, https:\/\/www.theirvinglawfirm.com\/wp-content\/uploads\/2025\/01\/abogados-de-adopcion-profesionales-en-manassas-600x400.jpg 600w, https:\/\/www.theirvinglawfirm.com\/wp-content\/uploads\/2025\/01\/abogados-de-adopcion-profesionales-en-manassas-768x512.jpg 768w, https:\/\/www.theirvinglawfirm.com\/wp-content\/uploads\/2025\/01\/abogados-de-adopcion-profesionales-en-manassas.jpg 800w\" sizes=\"(max-width: 800px) 100vw, 800px\" \/><\/p>\n<h2>\u00bfC\u00f3mo puede ayudarle The Irving Law Firm?<\/h2>\n<p><span style=\"font-weight: 400;\">El equipo de <a href=\"https:\/\/www.theirvinglawfirm.com\/es\/\">The Irving Law Firm<\/a> comprende lo profundamente emocional y desafiante que puede ser el proceso de adopci\u00f3n para las madres biol\u00f3gicas. No s\u00f3lo est\u00e1 tomando decisiones legales: est\u00e1 tomando decisiones que afectan a su futuro y al de su hijo. Por eso estamos aqu\u00ed para guiarle en cada paso del camino, ofreci\u00e9ndole apoyo legal a la vez que respetamos sus sentimientos durante todo el proceso. <\/span><\/p>\n<p><span style=\"font-weight: 400;\">Nuestro equipo se asegura de que se sienta escuchado, apoyado y plenamente informado. Nos tomamos el tiempo necesario para escuchar sus preocupaciones y dar respuesta a sus preguntas para que pueda tomar decisiones con confianza. Cada situaci\u00f3n es diferente, y abordamos cada caso con el cuidado y la compasi\u00f3n que se merece. Nunca se sentir\u00e1 apurado ni presionado, s\u00f3lo apoyado. <\/span><\/p>\n<p><span style=\"font-weight: 400;\">Protegemos sus derechos legales. Tanto si est\u00e1 trabajando con una agencia de adopci\u00f3n como si est\u00e1 pasando por el proceso judicial, estamos a su lado, asegur\u00e1ndonos de que cada paso refleje sus deseos. The Irving Law Firm est\u00e1 aqu\u00ed para recorrer este camino con usted, proporcion\u00e1ndole la orientaci\u00f3n legal que necesita. <\/span><\/p>\n<h2>Resumen<\/h2>\n<p><span style=\"font-weight: 400;\">Optar por la adopci\u00f3n nunca es f\u00e1cil, pero comprender sus derechos y el proceso puede marcar una gran diferencia. Como madre biol\u00f3gica, tiene derecho legal a tomar decisiones sobre el futuro de su hijo. Esto incluye la elecci\u00f3n de la familia adoptiva y la gesti\u00f3n de pasos clave como el consentimiento y el contacto posterior a la adopci\u00f3n. <\/span><\/p>\n<p><span style=\"font-weight: 400;\">Cada paso es vital para asegurar que el proceso se desarrolle sin problemas. Con el apoyo de un equipo legal cualificado, como el de The Irving Law Firm, puede avanzar con confianza. Se trata de una elecci\u00f3n importante, y una orientaci\u00f3n adecuada ayuda a garantizar un resultado adecuado para usted y su hijo. <\/span><\/p>\n<\/div><\/div><\/div><\/div><\/div>\n","protected":false},"excerpt":{"rendered":"","protected":false},"author":3,"featured_media":0,"parent":8540,"menu_order":0,"comment_status":"closed","ping_status":"closed","template":"100-width.php","meta":{"_analytify_skip_tracking":false,"rank_math_title":"Abogados de adopci\u00f3n ayudan a madres biol\u00f3gicas en Virginia","rank_math_description":"Los abogados de adopci\u00f3n ayudan a las madres biol\u00f3gicas a comprender sus derechos legales en VA. Aprenda sobre el proceso con nuestra gu\u00eda.","rank_math_focus_keyword":"Abogados de adopci\u00f3n","rank_math_canonical_url":"","footnotes":""},"class_list":["post-8528","page","type-page","status-publish","hentry"],"acf":[],"_links":{"self":[{"href":"https:\/\/www.theirvinglawfirm.com\/es\/wp-json\/wp\/v2\/pages\/8528","targetHints":{"allow":["GET"]}}],"collection":[{"href":"https:\/\/www.theirvinglawfirm.com\/es\/wp-json\/wp\/v2\/pages"}],"about":[{"href":"https:\/\/www.theirvinglawfirm.com\/es\/wp-json\/wp\/v2\/types\/page"}],"author":[{"embeddable":true,"href":"https:\/\/www.theirvinglawfirm.com\/es\/wp-json\/wp\/v2\/users\/3"}],"replies":[{"embeddable":true,"href":"https:\/\/www.theirvinglawfirm.com\/es\/wp-json\/wp\/v2\/comments?post=8528"}],"version-history":[{"count":0,"href":"https:\/\/www.theirvinglawfirm.com\/es\/wp-json\/wp\/v2\/pages\/8528\/revisions"}],"up":[{"embeddable":true,"href":"https:\/\/www.theirvinglawfirm.com\/es\/wp-json\/wp\/v2\/pages\/8540"}],"wp:attachment":[{"href":"https:\/\/www.theirvinglawfirm.com\/es\/wp-json\/wp\/v2\/media?parent=8528"}],"curies":[{"name":"wp","href":"https:\/\/api.w.org\/{rel}","templated":true}]}}