{"id":8504,"date":"2022-11-20T20:34:26","date_gmt":"2022-11-20T20:34:26","guid":{"rendered":"https:\/\/www.theirvinglawfirm.com\/adopciones-por-familias-de-acogida\/"},"modified":"2025-01-08T21:34:28","modified_gmt":"2025-01-08T21:34:28","slug":"adopciones-por-familias-de-acogida","status":"publish","type":"page","link":"https:\/\/www.theirvinglawfirm.com\/es\/areas-de-practica\/derecho-de-familia\/adopcion\/adopciones-por-familias-de-acogida\/","title":{"rendered":"Abogado de adopci\u00f3n de padres de acogida en Virginia"},"content":{"rendered":"<div class=\"fusion-fullwidth fullwidth-box fusion-builder-row-1 fusion-flex-container has-pattern-background has-mask-background nonhundred-percent-fullwidth non-hundred-percent-height-scrolling\" style=\"--awb-border-sizes-bottom:1px;--awb-border-radius-top-left:0px;--awb-border-radius-top-right:0px;--awb-border-radius-bottom-right:0px;--awb-border-radius-bottom-left:0px;--awb-flex-wrap:wrap;\" ><div class=\"fusion-builder-row fusion-row fusion-flex-align-items-flex-start fusion-flex-content-wrap\" style=\"max-width:1497.6px;margin-left: calc(-4% \/ 2 );margin-right: calc(-4% \/ 2 );\"><div class=\"fusion-layout-column fusion_builder_column fusion-builder-column-0 fusion_builder_column_1_1 1_1 fusion-flex-column\" style=\"--awb-bg-size:cover;--awb-width-large:100%;--awb-margin-top-large:0px;--awb-spacing-right-large:1.92%;--awb-margin-bottom-large:20px;--awb-spacing-left-large:0%;--awb-width-medium:100%;--awb-order-medium:0;--awb-spacing-right-medium:1.92%;--awb-spacing-left-medium:0%;--awb-width-small:100%;--awb-order-small:0;--awb-spacing-right-small:1.92%;--awb-spacing-left-small:1.92%;\"><div class=\"fusion-column-wrapper fusion-column-has-shadow fusion-flex-justify-content-flex-start fusion-content-layout-column\"><div class=\"fusion-text fusion-text-1\"><p><span style=\"font-weight: 400;\">Adoptar a un ni\u00f1o que ha acogido puede ser un viaje emotivo y gratificante. Muchos padres de acogida desarrollan una profunda conexi\u00f3n con los ni\u00f1os a su cargo, con la esperanza de convertir esa colocaci\u00f3n temporal en una familia permanente. Un <a href=\"https:\/\/www.theirvinglawfirm.com\/es\/areas-de-practica\/derecho-de-familia\/adopcion\/\">abogado de adopci\u00f3n de padres de acogida<\/a> le ayudar\u00e1 a comprender los pasos legales para avanzar en este proceso sin problemas. <\/span><\/p>\n<p><span style=\"font-weight: 400;\">Si est\u00e1 pensando en adoptar, no es el \u00fanico que se pregunta por d\u00f3nde empezar. Este art\u00edculo puede ayudarle en cada etapa y en los retos que pueden surgir por el camino. Un abogado puede ofrecerle la orientaci\u00f3n que necesita para que esta transici\u00f3n sea m\u00e1s f\u00e1cil, asegur\u00e1ndole que se siente segura de sus decisiones.<\/span><\/p>\n<p><img decoding=\"async\" class=\"size-full wp-image-25328 aligncenter\" src=\"https:\/\/www.theirvinglawfirm.com\/wp-content\/uploads\/2025\/01\/abogado-de-adopcion-de-padres-de-acogida-en-manassas.jpg\" alt=\"Abogado De Adopci\u00f3n De Padres De Acogida En Manassas\" width=\"800\" height=\"533\" srcset=\"https:\/\/www.theirvinglawfirm.com\/wp-content\/uploads\/2025\/01\/abogado-de-adopcion-de-padres-de-acogida-en-manassas-200x133.jpg 200w, https:\/\/www.theirvinglawfirm.com\/wp-content\/uploads\/2025\/01\/abogado-de-adopcion-de-padres-de-acogida-en-manassas-300x200.jpg 300w, https:\/\/www.theirvinglawfirm.com\/wp-content\/uploads\/2025\/01\/abogado-de-adopcion-de-padres-de-acogida-en-manassas-400x267.jpg 400w, https:\/\/www.theirvinglawfirm.com\/wp-content\/uploads\/2025\/01\/abogado-de-adopcion-de-padres-de-acogida-en-manassas-600x400.jpg 600w, https:\/\/www.theirvinglawfirm.com\/wp-content\/uploads\/2025\/01\/abogado-de-adopcion-de-padres-de-acogida-en-manassas-768x512.jpg 768w, https:\/\/www.theirvinglawfirm.com\/wp-content\/uploads\/2025\/01\/abogado-de-adopcion-de-padres-de-acogida-en-manassas.jpg 800w\" sizes=\"(max-width: 800px) 100vw, 800px\" \/><\/p>\n<h2>\u00bfC\u00f3mo puede el acogimiento familiar conducir a un hogar permanente?<\/h2>\n<p><span style=\"font-weight: 400;\">El acogimiento familiar en Virginia existe para proporcionar hogares temporales a los ni\u00f1os necesitados. Estos ni\u00f1os pueden entrar en el sistema debido a negligencia, abusos u otras condiciones inseguras en sus familias biol\u00f3gicas. El estado intenta reunirlos con sus familias biol\u00f3gicas siempre que sea posible, pero esto no siempre es una opci\u00f3n. Es entonces cuando la adopci\u00f3n se convierte en una posibilidad. <\/span><\/p>\n<p><span style=\"font-weight: 400;\">Este proceso puede parecer diferente a la v\u00eda tradicional. Ya existe una conexi\u00f3n entre usted y el ni\u00f1o a trav\u00e9s de experiencias compartidas. Ya conocen a la familia y es probable que hayan creado un v\u00ednculo de confianza con usted a lo largo del tiempo. Este profundo v\u00ednculo convierte a menudo a los padres de acogida en los candidatos ideales para la adopci\u00f3n. <\/span><\/p>\n<p><span style=\"font-weight: 400;\">Sin embargo, <a href=\"https:\/\/law.lis.virginia.gov\/vacode\/title63.2\/chapter12\/section63.2-1229\/\" target=\"_blank\" rel=\"noopener\">Virginia tiene leyes estrictas<\/a> que rigen este proceso; pasar por alto incluso un peque\u00f1o detalle puede causar retrasos. Una vez que decida adoptar, deber\u00e1 seguir el planteamiento estructurado establecido por el estado. \u00c9ste consta de etapas espec\u00edficas, cada una de las cuales acerca m\u00e1s a la familia. <\/span><\/p>\n<h2>\u00bfCu\u00e1l es el proceso de la adopci\u00f3n por un padre de acogida?<\/h2>\n<p><span style=\"font-weight: 400;\">En Virginia, para adoptar como padre de acogida, debe cumplir unos requisitos espec\u00edficos: ser mayor de 18 a\u00f1os, residente en EE.UU. y estable econ\u00f3micamente. Tambi\u00e9n tendr\u00e1 que proporcionar un entorno hogare\u00f1o seguro y adecuado. Una vez que cumpla estas normas, el proceso contin\u00faa a trav\u00e9s de una serie de pasos para crear el mejor resultado para su hijo. <\/span><\/p>\n<h3>Contacto inicial y orientaci\u00f3n<\/h3>\n<p><span style=\"font-weight: 400;\">Puede ponerse en contacto con el Departamento de Servicios Sociales de su localidad o llamar al 1-800-DO-ADOPT para manifestar su inter\u00e9s. Una vez que haga esa llamada, recibir\u00e1 una invitaci\u00f3n para una orientaci\u00f3n. Estas reuniones le permiten conocer mejor el proceso y el sistema. Es como tantear el terreno, le da tiempo para hacer preguntas y comprender qu\u00e9 puede esperar. <\/span><\/p>\n<h3>Formaci\u00f3n<\/h3>\n<p><span style=\"font-weight: 400;\">Cada futura familia adoptiva debe completar entre 28 y 30 horas de formaci\u00f3n. Los trabajadores de los Servicios Familiares, padres de acogida experimentados y otros profesionales del sector suelen dirigir la formaci\u00f3n. Discutir\u00e1n aspectos como las necesidades emocionales de los ni\u00f1os de acogida y los detalles legales del proceso. <\/span><\/p>\n<h3>Estudio en casa<\/h3>\n<p><span style=\"font-weight: 400;\">Un trabajador de los servicios familiares se reunir\u00e1 con usted y su familia para asegurarse de que est\u00e1n preparados. Le preguntar\u00e1n sobre sus motivos para adoptar, su vida familiar y su estilo de crianza. Es probable que se incluya en la discusi\u00f3n a todos los miembros de la familia, desde los c\u00f3nyuges a los ni\u00f1os. No se trata de ser perfecto, sino de asegurarse de que el ni\u00f1o entra en un entorno estable y afectuoso. <\/span><\/p>\n<h3>Aplicaci\u00f3n<\/h3>\n<p><span style=\"font-weight: 400;\">Si el trabajador de los Servicios Familiares determina que est\u00e1 preparado, puede empezar a rellenar los formularios de adopci\u00f3n. En ellos se recogen detalles esenciales sobre su hogar y sus intenciones, que desempe\u00f1an un papel clave en la finalizaci\u00f3n del proceso. Un abogado de adopci\u00f3n para padres de acogida puede guiarle en este paso, asegur\u00e1ndose de que completa el papeleo y cumple todos los requisitos legales. <\/span><\/p>\n<h3>Colocaci\u00f3n<\/h3>\n<p><span style=\"font-weight: 400;\">El acogimiento familiar consiste en proporcionar un hogar temporal sin esperar inmediatamente la adopci\u00f3n. Sin embargo, si se convierte en una opci\u00f3n, el proceso de colocaci\u00f3n comienza con visitas para ayudar al ni\u00f1o y a la familia a adaptarse. La flexibilidad es fundamental, ya que el ni\u00f1o puede necesitar tiempo para sentirse c\u00f3modo. Estas visitas garantizan que el ni\u00f1o se sienta seguro antes de hacer la transici\u00f3n permanente. <\/span><\/p>\n<h3>Postcolocaci\u00f3n y finalizaci\u00f3n<\/h3>\n<p><span style=\"font-weight: 400;\">Despu\u00e9s de que el ni\u00f1o se mude, la transici\u00f3n est\u00e1 lejos de haber terminado. La agencia supervisar\u00e1 el acogimiento para asegurarse de que el ni\u00f1o y la familia se adaptan bien. Un trabajador de los servicios familiares visitar\u00e1 su casa al menos tres veces durante los primeros 90 d\u00edas. Estas visitas proporcionan apoyo, responden a preguntas y garantizan que se d\u00e9 prioridad al bienestar del ni\u00f1o. <\/span><\/p>\n<p><span style=\"font-weight: 400;\">Una vez finalizado el periodo de seis meses posterior a la colocaci\u00f3n, el \u00faltimo paso es acudir a los tribunales. Su abogado de adopci\u00f3n de padres de acogida le ayudar\u00e1 a presentar los documentos legales necesarios para finalizar el proceso. En la audiencia programada, el juez revisar\u00e1 su caso. Si el tribunal considera que la adopci\u00f3n es lo mejor para el ni\u00f1o, podr\u00e1 recibir la orden definitiva. <\/span><\/p>\n<p><span style=\"font-weight: 400;\">Por muy emocionante que sea finalizar la adopci\u00f3n, hay un paso crucial que tiene que darse primero: la rescisi\u00f3n de los derechos de los padres biol\u00f3gicos. Este paso es necesario antes de que el proceso pueda avanzar, y a veces puede ser la parte m\u00e1s emocional y complicada del proceso. Entender c\u00f3mo funciona esto y por qu\u00e9 es tan importante le ayudar\u00e1 a prepararse para lo que le espera. <\/span><\/p>\n<h2>\u00bfQu\u00e9 significa la finalizaci\u00f3n de la patria potestad?<\/h2>\n<p><span style=\"font-weight: 400;\">En Virginia, el objetivo de los tribunales es mantener unidas a las familias siempre que sea posible. Sin embargo, cuando eso no es una opci\u00f3n, el tribunal puede proceder a poner fin a la patria potestad (TPR). Esto significa que los padres biol\u00f3gicos ya no tienen ning\u00fan derecho legal sobre el ni\u00f1o, facilitando el camino para que usted adopte. Sin embargo, llegar a este punto puede ser complicado, sobre todo si los padres biol\u00f3gicos impugnan la decisi\u00f3n.<\/span><\/p>\n<p><img decoding=\"async\" class=\"size-full wp-image-25330 alignright\" src=\"https:\/\/www.theirvinglawfirm.com\/wp-content\/uploads\/2025\/01\/abogado-de-adopcion-de-padres-de-acogida-con-experiencia.jpg\" alt=\"Abogado De Adopci\u00f3n De Padres De Acogida Con Experiencia\" width=\"300\" height=\"200\" srcset=\"https:\/\/www.theirvinglawfirm.com\/wp-content\/uploads\/2025\/01\/abogado-de-adopcion-de-padres-de-acogida-con-experiencia-200x133.jpg 200w, https:\/\/www.theirvinglawfirm.com\/wp-content\/uploads\/2025\/01\/abogado-de-adopcion-de-padres-de-acogida-con-experiencia.jpg 300w\" sizes=\"(max-width: 300px) 100vw, 300px\" \/><\/p>\n<p><span style=\"font-weight: 400;\">Por lo general, tanto la madre como el padre del ni\u00f1o deben dar su consentimiento para que proceda una adopci\u00f3n. Esto incluye a los padres reconocidos, adjudicados, presuntos o registrados. Sin embargo, si es lo mejor para el ni\u00f1o, el tribunal puede poner fin a sus derechos parentales. <\/span><\/p>\n<p><span style=\"font-weight: 400;\">Uno de los mayores retos en los casos de TPR es el tiempo. Los padres biol\u00f3gicos tienen derecho a impugnar la rescisi\u00f3n, lo que a veces alarga el proceso durante meses. Esto puede crear incertidumbre. Un abogado de adopci\u00f3n de padres de acogida puede prepararle para estos retrasos y asegurarse de que se mantiene centrado en el objetivo final. <\/span><\/p>\n<p><span style=\"font-weight: 400;\">Tambi\u00e9n debe anticiparse a los obst\u00e1culos emocionales. Los ni\u00f1os suelen sentir emociones encontradas cuando los padres biol\u00f3gicos pierden sus derechos, aunque la adopci\u00f3n sea lo mejor para ellos. Un abogado de adopci\u00f3n de ni\u00f1os de acogida puede ayudarle a centrarse, gui\u00e1ndole mientras les apoya y tranquiliza. <\/span><\/p>\n<h2>\u00bfC\u00f3mo puede ayudarle un abogado de adopci\u00f3n a afrontar los retos?<\/h2>\n<p><span style=\"font-weight: 400;\">Adoptar a trav\u00e9s de un hogar de acogida conlleva inmensas recompensas, aunque puede haber algunos obst\u00e1culos en el camino. La clave es estar preparado y saber d\u00f3nde puede acudir en busca de apoyo. Una firma de abogados de adopci\u00f3n por acogimiento familiar puede ayudarle a sortear estos obst\u00e1culos, asegur\u00e1ndose de que se mantiene en el buen camino y evite retrasos innecesarios. <\/span><\/p>\n<h3>Evitar retrasos en la finalizaci\u00f3n de la patria potestad<\/h3>\n<p><span style=\"font-weight: 400;\">Esperar la finalizaci\u00f3n de la patria potestad puede ser frustrante. Localizar y notificar adecuadamente a los padres biol\u00f3gicos es uno de los mayores retos, lo que a menudo alarga el proceso. Esto puede a\u00f1adir mucho estr\u00e9s tanto para usted como para el ni\u00f1o. <\/span><\/p>\n<p><span style=\"font-weight: 400;\">Un abogado de adopci\u00f3n de padres de acogida le quita esa carga de encima, encarg\u00e1ndose de los avisos legales e impulsando las cosas. Con su ayuda, podr\u00e1 centrarse en lo m\u00e1s importante: dar al ni\u00f1o un hogar afectuoso y estable. <\/span><\/p>\n<h3>Ayudar con la carga emocional de un proceso largo<\/h3>\n<p><span style=\"font-weight: 400;\">Cuanto m\u00e1s dure el proceso, m\u00e1s agotador emocionalmente puede ser tanto para los padres de acogida como para el ni\u00f1o. Es como aguantar la respiraci\u00f3n durante demasiado tiempo: es agotador y uno s\u00f3lo quiere volver a respirar. Contar con un abogado de adopci\u00f3n de padres de acogida puede ayudar a aliviar parte de esa presi\u00f3n, proporcionando tranquilidad durante la espera. <\/span><\/p>\n<h3>Tramitaci\u00f3n de siniestros de familia extensa<\/h3>\n<p><span style=\"font-weight: 400;\">A veces, miembros de la familia extensa dan un paso al frente con inter\u00e9s en adoptar al ni\u00f1o. Aunque sus intenciones pueden ser buenas, esto complica las cosas. Cuando esto ocurre, la representaci\u00f3n legal puede proteger sus derechos y el inter\u00e9s superior del ni\u00f1o. <\/span><\/p>\n<p><span style=\"font-weight: 400;\">Afrontar estos retos con una s\u00f3lida orientaci\u00f3n jur\u00eddica puede hacer que el camino sea m\u00e1s llevadero. Comprender los posibles obst\u00e1culos le ayudar\u00e1 a sentirse preparado y confiado a medida que avanza. Por eso, contar con el apoyo legal adecuado no s\u00f3lo es \u00fatil, sino vital para garantizar un camino m\u00e1s fluido hacia la adopci\u00f3n.<\/span><\/p>\n<p><img decoding=\"async\" class=\"size-full wp-image-25332 aligncenter\" src=\"https:\/\/www.theirvinglawfirm.com\/wp-content\/uploads\/2025\/01\/encuentre-un-abogado-de-padres-de-acogida.jpg\" alt=\"Encuentre Un Abogado De Padres De Acogida\" width=\"800\" height=\"533\" srcset=\"https:\/\/www.theirvinglawfirm.com\/wp-content\/uploads\/2025\/01\/encuentre-un-abogado-de-padres-de-acogida-200x133.jpg 200w, https:\/\/www.theirvinglawfirm.com\/wp-content\/uploads\/2025\/01\/encuentre-un-abogado-de-padres-de-acogida-300x200.jpg 300w, https:\/\/www.theirvinglawfirm.com\/wp-content\/uploads\/2025\/01\/encuentre-un-abogado-de-padres-de-acogida-400x267.jpg 400w, https:\/\/www.theirvinglawfirm.com\/wp-content\/uploads\/2025\/01\/encuentre-un-abogado-de-padres-de-acogida-600x400.jpg 600w, https:\/\/www.theirvinglawfirm.com\/wp-content\/uploads\/2025\/01\/encuentre-un-abogado-de-padres-de-acogida-768x512.jpg 768w, https:\/\/www.theirvinglawfirm.com\/wp-content\/uploads\/2025\/01\/encuentre-un-abogado-de-padres-de-acogida.jpg 800w\" sizes=\"(max-width: 800px) 100vw, 800px\" \/><\/p>\n<h2>The Irving Law Firm le orienta<\/h2>\n<p><span style=\"font-weight: 400;\">Nuestro equipo en <a href=\"https:\/\/www.theirvinglawfirm.com\/es\/\">The Irving Law Firm<\/a> entiende que adoptar a su hijo adoptivo es una de las decisiones m\u00e1s importantes que usted tomar\u00e1. Sabemos que este proceso puede estar lleno de emoci\u00f3n e incertidumbre, por lo que nos tomamos el tiempo para entender su situaci\u00f3n \u00fanica porque el viaje de cada familia es diferente. <\/span><\/p>\n<p><span style=\"font-weight: 400;\">Desde la gesti\u00f3n del papeleo legal hasta su representaci\u00f3n ante los tribunales, trabajamos estrechamente con usted para asegurarnos de que el proceso se hace bien a la primera. Nuestro equipo est\u00e1 a su lado, asegur\u00e1ndose de que comprende los aspectos legales y se siente respaldado. Le cubrimos las espaldas para que pueda centrarse en lo que importa: construir su familia. <\/span><\/p>\n<p><span style=\"font-weight: 400;\">No le vemos simplemente como otro caso; usted es parte de nuestra comunidad. En The Irving Law Firm, nos apasiona ayudar a los padres de acogida a proporcionar hogares permanentes y cari\u00f1osos a los ni\u00f1os. Nuestro objetivo es hacer que el proceso legal sea lo menos estresante posible para que pueda comenzar el siguiente cap\u00edtulo de su vida. <\/span><\/p>\n<h2>Resumen<\/h2>\n<p><span style=\"font-weight: 400;\">Adoptar a un ni\u00f1o de acogida en Virginia implica varios pasos legales vitales, como completar un estudio del hogar, presentar la documentaci\u00f3n y poner fin a los derechos del padre biol\u00f3gico. Cada etapa debe cumplir las leyes estatales, y usted debe presentar la documentaci\u00f3n con exactitud y a tiempo. El proceso legal tambi\u00e9n puede implicar retrasos, especialmente con la impugnaci\u00f3n de la finalizaci\u00f3n de la patria potestad. <\/span><\/p>\n<p><span style=\"font-weight: 400;\">Dadas las complejidades legales, trabajar con un abogado de adopci\u00f3n experimentado es crucial. The Irving Law Firm ofrece la orientaci\u00f3n legal necesaria para manejar cada detalle adecuadamente, ayudando a las familias a avanzar en el proceso sin problemas y con eficacia. <\/span><\/p>\n<\/div><\/div><\/div><\/div><\/div>\n","protected":false},"excerpt":{"rendered":"","protected":false},"author":3,"featured_media":0,"parent":8540,"menu_order":0,"comment_status":"closed","ping_status":"closed","template":"100-width.php","meta":{"_analytify_skip_tracking":false,"rank_math_title":"Abogado de adopci\u00f3n de padres de acogida en Manassas, VA","rank_math_description":"Un abogado de adopci\u00f3n de padres de acogida ayuda a las familias a afrontar los retos legales. Comprenda el proceso con nuestra asistencia. ","rank_math_focus_keyword":"Abogado de adopci\u00f3n de padres de acogida","rank_math_canonical_url":"","footnotes":""},"class_list":["post-8504","page","type-page","status-publish","hentry"],"acf":[],"_links":{"self":[{"href":"https:\/\/www.theirvinglawfirm.com\/es\/wp-json\/wp\/v2\/pages\/8504","targetHints":{"allow":["GET"]}}],"collection":[{"href":"https:\/\/www.theirvinglawfirm.com\/es\/wp-json\/wp\/v2\/pages"}],"about":[{"href":"https:\/\/www.theirvinglawfirm.com\/es\/wp-json\/wp\/v2\/types\/page"}],"author":[{"embeddable":true,"href":"https:\/\/www.theirvinglawfirm.com\/es\/wp-json\/wp\/v2\/users\/3"}],"replies":[{"embeddable":true,"href":"https:\/\/www.theirvinglawfirm.com\/es\/wp-json\/wp\/v2\/comments?post=8504"}],"version-history":[{"count":0,"href":"https:\/\/www.theirvinglawfirm.com\/es\/wp-json\/wp\/v2\/pages\/8504\/revisions"}],"up":[{"embeddable":true,"href":"https:\/\/www.theirvinglawfirm.com\/es\/wp-json\/wp\/v2\/pages\/8540"}],"wp:attachment":[{"href":"https:\/\/www.theirvinglawfirm.com\/es\/wp-json\/wp\/v2\/media?parent=8504"}],"curies":[{"name":"wp","href":"https:\/\/api.w.org\/{rel}","templated":true}]}}