{"id":8499,"date":"2022-11-20T20:38:18","date_gmt":"2022-11-20T20:38:18","guid":{"rendered":"https:\/\/www.theirvinglawfirm.com\/adopciones-internacionales\/"},"modified":"2025-10-10T00:01:03","modified_gmt":"2025-10-10T00:01:03","slug":"adopcion-internacional","status":"publish","type":"page","link":"https:\/\/www.theirvinglawfirm.com\/es\/areas-de-practica\/derecho-de-familia\/adopcion\/adopcion-internacional\/","title":{"rendered":"Un abogado de adopci\u00f3n internacional simplifica el viaje"},"content":{"rendered":"<div class=\"fusion-fullwidth fullwidth-box fusion-builder-row-1 fusion-flex-container has-pattern-background has-mask-background nonhundred-percent-fullwidth non-hundred-percent-height-scrolling\" style=\"--awb-border-sizes-bottom:1px;--awb-border-radius-top-left:0px;--awb-border-radius-top-right:0px;--awb-border-radius-bottom-right:0px;--awb-border-radius-bottom-left:0px;--awb-flex-wrap:wrap;\" ><div class=\"fusion-builder-row fusion-row fusion-flex-align-items-flex-start fusion-flex-content-wrap\" style=\"max-width:1497.6px;margin-left: calc(-4% \/ 2 );margin-right: calc(-4% \/ 2 );\"><div class=\"fusion-layout-column fusion_builder_column fusion-builder-column-0 fusion_builder_column_1_1 1_1 fusion-flex-column\" style=\"--awb-bg-size:cover;--awb-width-large:100%;--awb-margin-top-large:0px;--awb-spacing-right-large:1.92%;--awb-margin-bottom-large:20px;--awb-spacing-left-large:0%;--awb-width-medium:100%;--awb-order-medium:0;--awb-spacing-right-medium:1.92%;--awb-spacing-left-medium:0%;--awb-width-small:100%;--awb-order-small:0;--awb-spacing-right-small:1.92%;--awb-spacing-left-small:1.92%;\"><div class=\"fusion-column-wrapper fusion-column-has-shadow fusion-flex-justify-content-flex-start fusion-content-layout-column\"><div class=\"fusion-text fusion-text-1\"><p><span style=\"font-weight: 400;\">Traer un ni\u00f1o a su familia a trav\u00e9s de la adopci\u00f3n internacional le cambiar\u00e1 la vida. Sin embargo, el proceso no siempre termina cuando llegan a EE.UU. Puede que necesite dar ciertos pasos para resguardar sus derechos y asegurar legalmente su lugar en su familia. Un <a href=\"https:\/\/www.theirvinglawfirm.com\/es\/areas-de-practica\/derecho-de-familia\/adopcion\/\">abogado de adopci\u00f3n internacional<\/a> le proporcionar\u00e1 un valioso apoyo al explicarle cada paso y ocuparse de los detalles legales. <\/span><\/p>\n<p><span style=\"font-weight: 400;\">Si necesita ayuda sobre qu\u00e9 esperar, este art\u00edculo puede ayudarle a aclarar las cosas. Le explicar\u00e1 las diferencias entre la adopci\u00f3n internacional y la nacional, los requisitos legales y la importancia de readoptar a su hijo en Virginia. Un abogado puede guiarle a trav\u00e9s del proceso, ofreci\u00e9ndole el apoyo y la tranquilidad que necesita.<\/span><\/p>\n<p><img decoding=\"async\" class=\"size-full wp-image-25339 aligncenter\" src=\"https:\/\/www.theirvinglawfirm.com\/wp-content\/uploads\/2025\/01\/abogado-de-adopcion-internacional-cerca-de-usted.jpg\" alt=\"Abogado De Adopci\u00f3n Internacional Cerca De Usted\" width=\"800\" height=\"533\" srcset=\"https:\/\/www.theirvinglawfirm.com\/wp-content\/uploads\/2025\/01\/abogado-de-adopcion-internacional-cerca-de-usted-200x133.jpg 200w, https:\/\/www.theirvinglawfirm.com\/wp-content\/uploads\/2025\/01\/abogado-de-adopcion-internacional-cerca-de-usted-300x200.jpg 300w, https:\/\/www.theirvinglawfirm.com\/wp-content\/uploads\/2025\/01\/abogado-de-adopcion-internacional-cerca-de-usted-400x267.jpg 400w, https:\/\/www.theirvinglawfirm.com\/wp-content\/uploads\/2025\/01\/abogado-de-adopcion-internacional-cerca-de-usted-600x400.jpg 600w, https:\/\/www.theirvinglawfirm.com\/wp-content\/uploads\/2025\/01\/abogado-de-adopcion-internacional-cerca-de-usted-768x512.jpg 768w, https:\/\/www.theirvinglawfirm.com\/wp-content\/uploads\/2025\/01\/abogado-de-adopcion-internacional-cerca-de-usted.jpg 800w\" sizes=\"(max-width: 800px) 100vw, 800px\" \/><\/p>\n<h2>Navegar por el camino de la adopci\u00f3n internacional<\/h2>\n<p><span style=\"font-weight: 400;\">La adopci\u00f3n internacional es un camino que atrae a la gente por razones profundamente personales. Puede que desee dar a un ni\u00f1o de otro pa\u00eds un hogar lleno de amor, o quiz\u00e1 haya encontrado m\u00e1s oportunidades de adopci\u00f3n en el extranjero. Sea cual sea su motivaci\u00f3n, las recompensas de este proceso son profundas, aunque al principio le resulte un poco desconocido. <\/span><\/p>\n<p><span style=\"font-weight: 400;\">Existen dos v\u00edas principales para adoptar internacionalmente. Acudir a una agencia es la m\u00e1s com\u00fan, ya que proporciona apoyo durante todo el proceso, como tener un gu\u00eda que le ayude en cada paso. La opci\u00f3n menos com\u00fan es trabajar de forma independiente, gestionando directamente los detalles con gobiernos o particulares extranjeros. <\/span><\/p>\n<p><span style=\"font-weight: 400;\">Al final, muchos padres sienten que todo el esfuerzo y la espera se desvanecen cuando por fin traen a su hijo a casa. El papeleo y los tr\u00e1mites legales pueden parecer interminables, pero abrazarlos por primera vez es como llegar a la cima de una monta\u00f1a tras una ardua escalada: merece la pena con creces. <\/span><\/p>\n<p><span style=\"font-weight: 400;\">Para los padres que se embarcan en este viaje, es igualmente importante comprender claramente el panorama legal. Conocer las legalidades que rodean el proceso, tanto en EE.UU. como en el pa\u00eds de nacimiento del ni\u00f1o, es esencial para proteger su futuro. <\/span><\/p>\n<h2>La legalidad de la adopci\u00f3n internacional<\/h2>\n<p><span style=\"font-weight: 400;\">La adopci\u00f3n internacional puede ser una experiencia conmovedora, pero el aspecto legal de las cosas puede parecer un rompecabezas. Dada la complejidad, probablemente est\u00e9 buscando un abogado de adopci\u00f3n internacional experimentado que le gu\u00ede a lo largo del proceso. Si es as\u00ed, est\u00e1 en el buen camino. Ellos pueden ayudarle a navegar por los detalles y evitar retrasos u obst\u00e1culos innecesarios. <\/span><\/p>\n<h3>El papel del derecho estadounidense e internacional<\/h3>\n<p><span style=\"font-weight: 400;\">A la hora de adoptar internacionalmente, uno de los marcos legales fundamentales que hay que comprender es la Convenci\u00f3n de La Haya. Este tratado existe para garantizar que el proceso sea seguro, \u00e9tico y legal, con un fuerte enfoque en la protecci\u00f3n de los ni\u00f1os frente a la explotaci\u00f3n. Establece una norma que todos los pa\u00edses participantes deben seguir. <\/span><\/p>\n<p><span style=\"font-weight: 400;\">Si va a adoptar de un pa\u00eds acogido a este tratado, hay requisitos espec\u00edficos que deber\u00e1 cumplir. Entre ellos se incluyen la comprobaci\u00f3n de antecedentes, estudios del hogar y evaluaciones financieras para asegurarse de que puede proporcionar a su hijo un entorno estable y afectuoso. Buscar servicios legales de adopci\u00f3n internacional le ayudar\u00e1 a asegurarse de que cumple con estos pasos esenciales. <\/span><\/p>\n<h3>Tramitaci\u00f3n de la visa para el ni\u00f1o adoptado<\/h3>\n<p><span style=\"font-weight: 400;\">Tras completar el proceso legal en el extranjero, a\u00fan queda un obst\u00e1culo m\u00e1s: su hijo necesitar\u00e1 una <a href=\"https:\/\/www.uscis.gov\/es\/adopciones\/traer-a-su-hijo-adoptado-internacionalmente-a-los-estados-unidos\" target=\"_blank\" rel=\"noopener\">Visa para entrar en EE.UU.<\/a> El tipo de Visa que reciba depende de varios factores. Entre ellos, si finaliz\u00f3 la adopci\u00f3n en el pa\u00eds de nacimiento del ni\u00f1o o necesita completarla en EE.UU. Otro factor es si conoci\u00f3 al ni\u00f1o antes de que comenzara el proceso. <\/span><\/p>\n<h3>Adopci\u00f3n vs. tutela<\/h3>\n<p><span style=\"font-weight: 400;\">Algunos pa\u00edses otorgan la tutela en lugar de la adopci\u00f3n, lo que puede complicar las cosas cuando traiga a su hijo a Estados Unidos. La tutela no tiene el mismo peso legal y puede que necesite finalizar la adopci\u00f3n en un tribunal estadounidense. Un abogado puede ayudarle a comprender la diferencia y a garantizar plenamente la patria potestad. <\/span><\/p>\n<p><span style=\"font-weight: 400;\">Despu\u00e9s de navegar por las leyes internacionales y de EE.UU., hay un paso cr\u00edtico m\u00e1s que dar despu\u00e9s de que su hijo llegue a EE.UU. Querr\u00e1 considerar readoptarlo en su estado de origen para proteger sus derechos. Este paso a\u00f1ade otra capa de seguridad jur\u00eddica y reconoce plenamente la adopci\u00f3n de su hijo bajo la ley estatal. <\/span><\/p>\n<h2>\u00bfPor qu\u00e9 la readopci\u00f3n protege el futuro de su familia?<\/h2>\n<p><span style=\"font-weight: 400;\">Aunque pueda parecer repetitivo, readoptar a su hijo es vital para reconocer plenamente sus derechos en su estado de origen. Sin ello, las escuelas, los m\u00e9dicos o los tribunales podr\u00edan no reconocer la sentencia de adopci\u00f3n extranjera. Una orden de adopci\u00f3n definitiva en Virginia consolida la posici\u00f3n de su hijo, garantiz\u00e1ndole los mismos derechos que a cualquier otro ni\u00f1o.<\/span><\/p>\n<p><img decoding=\"async\" class=\"size-full wp-image-25343 alignright\" src=\"https:\/\/www.theirvinglawfirm.com\/wp-content\/uploads\/2025\/01\/servicios-de-un-abogado-de-adopcion-internacional.jpg\" alt=\"Servicios De Un Abogado De Adopci\u00f3n Internacional\" width=\"300\" height=\"200\" srcset=\"https:\/\/www.theirvinglawfirm.com\/wp-content\/uploads\/2025\/01\/servicios-de-un-abogado-de-adopcion-internacional-200x133.jpg 200w, https:\/\/www.theirvinglawfirm.com\/wp-content\/uploads\/2025\/01\/servicios-de-un-abogado-de-adopcion-internacional.jpg 300w\" sizes=\"(max-width: 300px) 100vw, 300px\" \/><\/p>\n<p><span style=\"font-weight: 400;\">Este proceso tambi\u00e9n ayuda a prevenir problemas de herencia. Sin \u00e9l, alguien podr\u00eda impugnar el derecho de su hijo a heredar, especialmente si el decreto extranjero no se sostiene en los tribunales. Al readoptar, usted despeja cualquier incertidumbre y protege los derechos de su familia a largo plazo. Un abogado de adopci\u00f3n puede ayudarle a evitar estos riesgos y asegurar el futuro de su familia. <\/span><\/p>\n<p><span style=\"font-weight: 400;\">Incluso con estas ventajas, es posible que a\u00fan se pregunte qu\u00e9 implica el proceso. Implica una serie de pasos legales importantes que solidifican el estatus de su hijo bajo la ley estadounidense. Tomar estas medidas garantiza que los derechos de su hijo sean reconocidos y protegidos. <\/span><\/p>\n<h2>Pasos para asegurar el estatus legal de su hijo en Virginia<\/h2>\n<p><span style=\"font-weight: 400;\">Despu\u00e9s de completar una adopci\u00f3n internacional, todav\u00eda hay pasos necesarios que dar para asegurar el estatus legal de su hijo en Virginia. Aunque esto pueda parecer una formalidad m\u00e1s, es crucial para resguardar sus derechos y su futuro. <\/span><\/p>\n<h3>Paso 1: Presentar una petici\u00f3n<\/h3>\n<p><span style=\"font-weight: 400;\">Comienza con la presentaci\u00f3n de una petici\u00f3n formal ante el Tribunal de Circuito de su lugar de residencia. Este documento sienta las bases, proporcionando al tribunal detalles esenciales sobre la adopci\u00f3n original de su hijo y su solicitud para finalizar su estatus bajo la ley de Virginia. Es el primer paso para garantizar legalmente sus derechos en EE.UU. <\/span><\/p>\n<h3>Paso 2: Presentar el informe de adopci\u00f3n<\/h3>\n<p><span style=\"font-weight: 400;\">La agencia que le ayud\u00f3 a adoptar internacionalmente presentar\u00e1 un informe al tribunal. Este informe confirma que la adopci\u00f3n cumpli\u00f3 las leyes estadounidenses e internacionales. Proporciona al tribunal los antecedentes necesarios para hacer avanzar su caso. <\/span><\/p>\n<h3>Paso 3: Obtenci\u00f3n de la orden definitiva de adopci\u00f3n<\/h3>\n<p><span style=\"font-weight: 400;\">El tribunal revisa su petici\u00f3n y el informe de la agencia y, si la aprueba, emitir\u00e1 una orden final de adopci\u00f3n. Esto reconoce oficialmente a su hijo como legalmente adoptado seg\u00fan la ley de Virginia. Garantiza su pleno estatus legal, como el de cualquier otro ni\u00f1o nacido en el estado. <\/span><\/p>\n<h3>Paso 4: Solicitar un certificado de nacimiento extranjero<\/h3>\n<p><span style=\"font-weight: 400;\">Tras recibir la orden definitiva, puede solicitar un Certificado de Nacimiento Extranjero. Esto funciona como un certificado de nacimiento de Virginia, proporcionando a su hijo documentaci\u00f3n legal. Ser\u00e1 necesario para cosas como la inscripci\u00f3n en la escuela y otros aspectos esenciales de la vida. <\/span><\/p>\n<p><span style=\"font-weight: 400;\">Si lo desea, tambi\u00e9n puede solicitar un cambio de nombre legal para su hijo durante este proceso. El tribunal emitir\u00e1 un nuevo certificado que reflejar\u00e1 el nombre actualizado, lo que facilitar\u00e1 las cosas para la inscripci\u00f3n en la escuela, la atenci\u00f3n m\u00e9dica o la obtenci\u00f3n del permiso de conducir m\u00e1s adelante. <\/span><\/p>\n<p><span style=\"font-weight: 400;\">Aunque estos pasos garantizan el estatus legal de su hijo en Virginia, es esencial estar al tanto de otros posibles desaf\u00edos legales. Si conoce las posibles dificultades, podr\u00e1 evitar el estr\u00e9s innecesario y centrarse en garantizar la transici\u00f3n sin problemas de su hijo a su nueva vida. <\/span><\/p>\n<h2>Dificultades legales comunes en las adopciones internacionales<\/h2>\n<p><span style=\"font-weight: 400;\">Incluso despu\u00e9s de finalizar el proceso de adopci\u00f3n, pueden surgir problemas legales inesperados. Estar preparado para estos retos puede ayudarle a evitar un estr\u00e9s innecesario. Mantenerse informado sobre los posibles problemas desde el principio puede garantizar que el proceso se desarrolle sin problemas. Siempre es mejor abordar estas cuestiones por adelantado que enfrentarse a ellas m\u00e1s tarde. <\/span><\/p>\n<p><span style=\"font-weight: 400;\">Un problema com\u00fan es el papeleo incompleto o que falta. Cada pa\u00eds tiene sus requisitos legales, y a veces las cosas no siempre se trasladan sin problemas a EE.UU. Trabajar con una firma de abogados de adopci\u00f3n internacional puede ayudarle a asegurarse de que todo su papeleo est\u00e1 en orden antes de presentar nada ante el tribunal. <\/span><\/p>\n<p><span style=\"font-weight: 400;\">Tambi\u00e9n debe tener en cuenta que las adopciones internacionales suelen conllevar obligaciones posteriores a la adopci\u00f3n. Muchos pa\u00edses, en particular los que participan en la Convenci\u00f3n de La Haya, exigen informes continuos sobre el bienestar de su hijo. Salt\u00e1rselos podr\u00eda crear problemas con el pa\u00eds de nacimiento del ni\u00f1o, y es esencial estar al tanto de ellos para evitar complicaciones. <\/span><\/p>\n<p><span style=\"font-weight: 400;\">Buscar un abogado de confianza puede ayudarle a encontrar orientaci\u00f3n legal local para su viaje. Desde el inicio del proceso hasta el papeleo de la readopci\u00f3n, ellos se encargan de todos los detalles para que usted pueda centrarse en hacer crecer su familia.<\/span><\/p>\n<p><img decoding=\"async\" class=\"size-full wp-image-25348 aligncenter\" src=\"https:\/\/www.theirvinglawfirm.com\/wp-content\/uploads\/2025\/01\/ayuda-legal-de-un-abogado-de-adopcion-internacional.jpg\" alt=\"Ayuda Legal De Un Abogado De Adopci\u00f3n Internacional\" width=\"800\" height=\"533\" srcset=\"https:\/\/www.theirvinglawfirm.com\/wp-content\/uploads\/2025\/01\/ayuda-legal-de-un-abogado-de-adopcion-internacional-200x133.jpg 200w, https:\/\/www.theirvinglawfirm.com\/wp-content\/uploads\/2025\/01\/ayuda-legal-de-un-abogado-de-adopcion-internacional-300x200.jpg 300w, https:\/\/www.theirvinglawfirm.com\/wp-content\/uploads\/2025\/01\/ayuda-legal-de-un-abogado-de-adopcion-internacional-400x267.jpg 400w, https:\/\/www.theirvinglawfirm.com\/wp-content\/uploads\/2025\/01\/ayuda-legal-de-un-abogado-de-adopcion-internacional-600x400.jpg 600w, https:\/\/www.theirvinglawfirm.com\/wp-content\/uploads\/2025\/01\/ayuda-legal-de-un-abogado-de-adopcion-internacional-768x512.jpg 768w, https:\/\/www.theirvinglawfirm.com\/wp-content\/uploads\/2025\/01\/ayuda-legal-de-un-abogado-de-adopcion-internacional.jpg 800w\" sizes=\"(max-width: 800px) 100vw, 800px\" \/><\/p>\n<h2>The Irving Law Firm est\u00e1 aqu\u00ed para sus necesidades de adopci\u00f3n<\/h2>\n<p><span style=\"font-weight: 400;\">En <a href=\"https:\/\/www.theirvinglawfirm.com\/es\/\">The Irving Law Firm<\/a>, entendemos que el proceso de adopci\u00f3n internacional puede sentirse abrumador, pero estamos aqu\u00ed para ayudar a que sea m\u00e1s f\u00e1cil para usted. Si necesita ayuda para finalizar la adopci\u00f3n en Virginia, nuestro equipo estar\u00e1 a su lado en cada paso. <\/span><\/p>\n<p><span style=\"font-weight: 400;\">Nuestra firma se centra en el derecho de familia, y nos enorgullece trabajar estrechamente con los padres adoptivos para gestionar los detalles legales adecuadamente. Le ayudaremos con el proceso, desde presentar la documentaci\u00f3n necesaria hasta representarle ante los tribunales. Nuestro objetivo es darle tranquilidad para que pueda centrarse en dar la bienvenida a su nuevo hijo a su familia. <\/span><\/p>\n<p><span style=\"font-weight: 400;\">A la hora de readoptar a su hijo, le guiaremos en cada paso, desde la presentaci\u00f3n de la petici\u00f3n hasta la obtenci\u00f3n del certificado de nacimiento en el extranjero. Nos comprometemos a garantizar que el proceso sea fluido y sin estr\u00e9s. Las familias de Manassas, Virginia, han confiado en nosotros durante a\u00f1os, y ser\u00e1 un honor ayudarle a usted tambi\u00e9n. <\/span><\/p>\n<p><span style=\"font-weight: 400;\">Si est\u00e1 considerando la adopci\u00f3n internacional o necesita ayuda para finalizar el proceso, p\u00f3ngase en contacto con nosotros en The Irving Law Firm. Estamos listos para ayudarle a asegurar el futuro de su familia. <\/span><\/p>\n<h2>Resumen<\/h2>\n<p><span style=\"font-weight: 400;\">La adopci\u00f3n internacional es un proceso gratificante, pero a menudo complejo, que implica dar los pasos legales tanto en el pa\u00eds de nacimiento del ni\u00f1o como en EE.UU. Las familias suelen trabajar con una agencia de adopci\u00f3n, seguir las protecciones establecidas en la Convenci\u00f3n de La Haya y conseguir la Visa para el ni\u00f1o.<\/span><\/p>\n<p><span style=\"font-weight: 400;\">Una vez que el ni\u00f1o llega a los EE.UU., a menudo es necesario un proceso llamado readopci\u00f3n para asegurar que el ni\u00f1o sea reconocido legalmente y se le conceda la ciudadan\u00eda junto con todos sus derechos. The Irving Law Firm puede ayudarle con esto, ofreci\u00e9ndole una orientaci\u00f3n completa para ayudarle en cada paso del proceso. <\/span><\/p>\n<\/div><\/div><\/div><\/div><\/div>\n","protected":false},"excerpt":{"rendered":"","protected":false},"author":3,"featured_media":0,"parent":8540,"menu_order":0,"comment_status":"closed","ping_status":"closed","template":"100-width.php","meta":{"_analytify_skip_tracking":false,"rank_math_title":"Abogado de adopci\u00f3n internacional cerca de Manassas, VA","rank_math_description":"Un abogado de adopciones internacionales le gu\u00eda por los pasos legales para traer a su hijo a casa y asegurar su estatus en EE. UU. ya.","rank_math_focus_keyword":"Abogado de adopci\u00f3n internacional","rank_math_canonical_url":"","footnotes":""},"class_list":["post-8499","page","type-page","status-publish","hentry"],"acf":[],"_links":{"self":[{"href":"https:\/\/www.theirvinglawfirm.com\/es\/wp-json\/wp\/v2\/pages\/8499","targetHints":{"allow":["GET"]}}],"collection":[{"href":"https:\/\/www.theirvinglawfirm.com\/es\/wp-json\/wp\/v2\/pages"}],"about":[{"href":"https:\/\/www.theirvinglawfirm.com\/es\/wp-json\/wp\/v2\/types\/page"}],"author":[{"embeddable":true,"href":"https:\/\/www.theirvinglawfirm.com\/es\/wp-json\/wp\/v2\/users\/3"}],"replies":[{"embeddable":true,"href":"https:\/\/www.theirvinglawfirm.com\/es\/wp-json\/wp\/v2\/comments?post=8499"}],"version-history":[{"count":1,"href":"https:\/\/www.theirvinglawfirm.com\/es\/wp-json\/wp\/v2\/pages\/8499\/revisions"}],"predecessor-version":[{"id":41470,"href":"https:\/\/www.theirvinglawfirm.com\/es\/wp-json\/wp\/v2\/pages\/8499\/revisions\/41470"}],"up":[{"embeddable":true,"href":"https:\/\/www.theirvinglawfirm.com\/es\/wp-json\/wp\/v2\/pages\/8540"}],"wp:attachment":[{"href":"https:\/\/www.theirvinglawfirm.com\/es\/wp-json\/wp\/v2\/media?parent=8499"}],"curies":[{"name":"wp","href":"https:\/\/api.w.org\/{rel}","templated":true}]}}