{"id":8468,"date":"2022-11-20T20:52:15","date_gmt":"2022-11-20T20:52:15","guid":{"rendered":"https:\/\/www.theirvinglawfirm.com\/adopciones-por-padrastro-o-madrastra\/"},"modified":"2025-01-09T20:09:03","modified_gmt":"2025-01-09T20:09:03","slug":"adopciones-por-padrastro-o-madrastra","status":"publish","type":"page","link":"https:\/\/www.theirvinglawfirm.com\/es\/areas-de-practica\/derecho-de-familia\/adopcion\/adopciones-por-padrastro-o-madrastra\/","title":{"rendered":"Abogado de adopci\u00f3n para padrastros en Manassas, VA"},"content":{"rendered":"<div class=\"fusion-fullwidth fullwidth-box fusion-builder-row-1 fusion-flex-container has-pattern-background has-mask-background nonhundred-percent-fullwidth non-hundred-percent-height-scrolling\" style=\"--awb-border-sizes-bottom:1px;--awb-border-radius-top-left:0px;--awb-border-radius-top-right:0px;--awb-border-radius-bottom-right:0px;--awb-border-radius-bottom-left:0px;--awb-flex-wrap:wrap;\" ><div class=\"fusion-builder-row fusion-row fusion-flex-align-items-flex-start fusion-flex-content-wrap\" style=\"max-width:1497.6px;margin-left: calc(-4% \/ 2 );margin-right: calc(-4% \/ 2 );\"><div class=\"fusion-layout-column fusion_builder_column fusion-builder-column-0 fusion_builder_column_1_1 1_1 fusion-flex-column\" style=\"--awb-bg-size:cover;--awb-width-large:100%;--awb-margin-top-large:0px;--awb-spacing-right-large:1.92%;--awb-margin-bottom-large:20px;--awb-spacing-left-large:0%;--awb-width-medium:100%;--awb-order-medium:0;--awb-spacing-right-medium:1.92%;--awb-spacing-left-medium:0%;--awb-width-small:100%;--awb-order-small:0;--awb-spacing-right-small:1.92%;--awb-spacing-left-small:1.92%;\"><div class=\"fusion-column-wrapper fusion-column-has-shadow fusion-flex-justify-content-flex-start fusion-content-layout-column\"><div class=\"fusion-text fusion-text-1\"><p><span style=\"font-weight: 400;\">Convertirse en padre es algo m\u00e1s que biolog\u00eda: se trata de compromiso, amor y responsabilidad. Para muchos padrastros, estos lazos crecen de forma natural con el tiempo a medida que se convierten en la figura principal en la vida del ni\u00f1o. Aunque la conexi\u00f3n emocional est\u00e1 ah\u00ed, la adopci\u00f3n le permite formalizar esa relaci\u00f3n legalmente. Para ello, es crucial trabajar con un <a href=\"https:\/\/www.theirvinglawfirm.com\/es\/areas-de-practica\/derecho-de-familia\/adopcion\/\">abogado de adopci\u00f3n para padrastros<\/a> en Manassas. <\/span><\/p>\n<p><span style=\"font-weight: 400;\">Si est\u00e1 considerando la posibilidad de establecer ese v\u00ednculo significativo, esta gu\u00eda puede ayudarle a recorrer el proceso con detenimiento. Inf\u00f3rmese sobre los pasos que hay que dar, qu\u00e9 hacer si el otro progenitor est\u00e1 fuera de juego o los beneficios para su familia. Un abogado de adopci\u00f3n le dar\u00e1 la confianza necesaria para comprender todos los aspectos del proceso.<\/span><\/p>\n<p><img decoding=\"async\" class=\"size-full wp-image-25414 aligncenter\" src=\"https:\/\/www.theirvinglawfirm.com\/wp-content\/uploads\/2025\/01\/abogado-de-adopcion-para-padrastros-para-sus-necesidades.jpg\" alt=\"Abogado De Adopci\u00f3n Para Padrastros Para Sus Necesidades\" width=\"800\" height=\"508\" srcset=\"https:\/\/www.theirvinglawfirm.com\/wp-content\/uploads\/2025\/01\/abogado-de-adopcion-para-padrastros-para-sus-necesidades-200x127.jpg 200w, https:\/\/www.theirvinglawfirm.com\/wp-content\/uploads\/2025\/01\/abogado-de-adopcion-para-padrastros-para-sus-necesidades-300x191.jpg 300w, https:\/\/www.theirvinglawfirm.com\/wp-content\/uploads\/2025\/01\/abogado-de-adopcion-para-padrastros-para-sus-necesidades-320x202.jpg 320w, https:\/\/www.theirvinglawfirm.com\/wp-content\/uploads\/2025\/01\/abogado-de-adopcion-para-padrastros-para-sus-necesidades-400x254.jpg 400w, https:\/\/www.theirvinglawfirm.com\/wp-content\/uploads\/2025\/01\/abogado-de-adopcion-para-padrastros-para-sus-necesidades-600x381.jpg 600w, https:\/\/www.theirvinglawfirm.com\/wp-content\/uploads\/2025\/01\/abogado-de-adopcion-para-padrastros-para-sus-necesidades-768x488.jpg 768w, https:\/\/www.theirvinglawfirm.com\/wp-content\/uploads\/2025\/01\/abogado-de-adopcion-para-padrastros-para-sus-necesidades.jpg 800w\" sizes=\"(max-width: 800px) 100vw, 800px\" \/><\/p>\n<h2>\u00bfQu\u00e9 es la adopci\u00f3n por un padrastro o una madrastra?<\/h2>\n<p><span style=\"font-weight: 400;\">La adopci\u00f3n por padrastro o madrastra<\/span><span style=\"font-weight: 400;\"> es el proceso que le permite convertirse en el padre legal y permanente de su hijastro. A trav\u00e9s de este proceso, usted adquiere la patria potestad, otorg\u00e1ndole plena autoridad legal y responsabilidades sobre el ni\u00f1o. Este v\u00ednculo legal seguro establece formalmente su papel, creando una base estable para el futuro de su familia. <\/span><\/p>\n<p><span style=\"font-weight: 400;\">Imag\u00edneselo como construir una casa. Ya ha sentado las bases, pero la adopci\u00f3n es un marco robusto que garantiza que la estructura se mantenga s\u00f3lida. Sin este paso legal, podr\u00eda encontrarse con obst\u00e1culos en momentos esenciales, como la toma de decisiones sobre la educaci\u00f3n o la salud del ni\u00f1o. La adopci\u00f3n elimina esos obst\u00e1culos legales y aclara que usted es el progenitor del ni\u00f1o. <\/span><\/p>\n<p><span style=\"font-weight: 400;\">La adopci\u00f3n por un padrastro o una madrastra surge a menudo en los nuevos matrimonios. La vida trae cambios; a veces, uno de los progenitores ya no est\u00e1 involucrado, dejando al padrastro o a la madrastra que llene ese vac\u00edo. Tanto si un progenitor biol\u00f3gico ha fallecido como si ha dado un paso atr\u00e1s, asume de forma natural un papel m\u00e1s significativo. Para muchas familias, esto parece el siguiente paso obvio. <\/span><\/p>\n<p><span style=\"font-weight: 400;\">La adopci\u00f3n es un gran compromiso, no s\u00f3lo para usted sino para toda la familia. Tendr\u00e1 que sopesar sus opciones, tanto emocional como financieramente, antes de dar el paso. Reflexionar sobre estos factores puede ayudarle a abordar el viaje con claridad y confianza. <\/span><\/p>\n<h2>\u00bfQu\u00e9 debe tener en cuenta antes de dar este paso?<\/h2>\n<p><span style=\"font-weight: 400;\">Adoptar a su hijastro es una gran decisi\u00f3n y, como cualquier elecci\u00f3n importante, implica algunas consideraciones. Piense en ello como si planeara un viaje por carretera: Antes de salir a la carretera, querr\u00e1 trazar la mejor ruta y empacar todo lo que necesite. La <a href=\"https:\/\/law.lis.virginia.gov\/vacodefull\/title63.2\/chapter12\/article4\/\" target=\"_blank\" rel=\"noopener\">adopci\u00f3n por un padrastro o una madrastra<\/a> es similar. Merece la pena tomarse un minuto para ver el panorama completo antes de iniciar el proceso. <\/span><\/p>\n<h3>El inter\u00e9s superior del ni\u00f1o<\/h3>\n<p><span style=\"font-weight: 400;\">Ante todo, piense en el bienestar del ni\u00f1o. Aunque su v\u00ednculo con ellos ya sea fuerte, formalizar esa relaci\u00f3n puede dar al ni\u00f1o una sensaci\u00f3n de seguridad m\u00e1s profunda. Es como darles una habitaci\u00f3n permanente en la casa familiar, no s\u00f3lo un lugar donde quedarse temporalmente. <\/span><\/p>\n<p><span style=\"font-weight: 400;\">Cuando el padre biol\u00f3gico siga implicado en la vida de su hijastro, considere c\u00f3mo la adopci\u00f3n podr\u00eda afectar a esa relaci\u00f3n. Eval\u00fae cuidadosamente esta din\u00e1mica para ayudar a crear una transici\u00f3n m\u00e1s suave y evitar posibles conflictos. Equilibrar estas relaciones garantiza que se sientan seguros y apoyados durante este cambio cr\u00edtico. <\/span><\/p>\n<h3>Responsabilidades financieras<\/h3>\n<p><span style=\"font-weight: 400;\">Al adoptar a su hijastro, usted asume toda la responsabilidad financiera de sus necesidades diarias, educaci\u00f3n, atenci\u00f3n sanitaria y bienestar general. Este cambio puede afectar a cualquier acuerdo existente sobre manutenci\u00f3n infantil. Por ejemplo, si actualmente reciben manutenci\u00f3n del progenitor no custodio, esos pagos pueden cesar una vez que usted asuma la plena responsabilidad financiera. <\/span><\/p>\n<p><span style=\"font-weight: 400;\">La adopci\u00f3n tambi\u00e9n otorga a su hijastro derechos hereditarios directos, por lo que tiene derecho legal a heredar de usted como lo har\u00eda cualquier hijo biol\u00f3gico. Adem\u00e1s, pueden acceder a prestaciones como el seguro m\u00e9dico a trav\u00e9s de su empresa y otros recursos familiares. La adopci\u00f3n puede ayudar a construir una base financiera s\u00f3lida que ayude a asegurar su futuro en la familia. <\/span><\/p>\n<h3>Consentimiento del ni\u00f1o<\/h3>\n<p><span style=\"font-weight: 400;\">En Virginia, si su hijastro tiene 14 a\u00f1os o m\u00e1s, debe dar su consentimiento a la adopci\u00f3n. Este requisito desempe\u00f1a un papel vital en el proceso de adopci\u00f3n. Aseg\u00farese de mantener una conversaci\u00f3n abierta para entender c\u00f3mo se sienten al iniciar el proceso. Es esencial que se sientan implicados y preparados para este siguiente paso. <\/span><\/p>\n<p><span style=\"font-weight: 400;\">Una vez que haya considerado estos factores y se sienta seguro de que la adopci\u00f3n es el paso adecuado para su familia, es hora de comprender c\u00f3mo funciona el proceso legal. Tanto si el otro progenitor biol\u00f3gico coopera como si no, saber lo que le espera le ayudar\u00e1 a avanzar con claridad. <\/span><\/p>\n<h2>\u00bfC\u00f3mo ayuda un abogado de adopci\u00f3n para padrastros de Manassas?<\/h2>\n<p><span style=\"font-weight: 400;\">Adoptar a su hijastro no es un proceso \u00fanico. Puede variar en funci\u00f3n de la situaci\u00f3n con el otro progenitor biol\u00f3gico. Algunas adopciones son sencillas y sin complicaciones, mientras que otras requieren m\u00e1s esfuerzo.<\/span><\/p>\n<p><img decoding=\"async\" class=\"size-full wp-image-25416 alignright\" src=\"https:\/\/www.theirvinglawfirm.com\/wp-content\/uploads\/2025\/01\/adopcion-de-padrastro-y-madrastra-en-manassas-va.jpg\" alt=\"Adopci\u00f3n De Padrastro Y Madrastra En Manassas, VA\" width=\"300\" height=\"200\" srcset=\"https:\/\/www.theirvinglawfirm.com\/wp-content\/uploads\/2025\/01\/adopcion-de-padrastro-y-madrastra-en-manassas-va-200x133.jpg 200w, https:\/\/www.theirvinglawfirm.com\/wp-content\/uploads\/2025\/01\/adopcion-de-padrastro-y-madrastra-en-manassas-va.jpg 300w\" sizes=\"(max-width: 300px) 100vw, 300px\" \/><\/p>\n<h3>Adopci\u00f3n no impugnada<\/h3>\n<p><span style=\"font-weight: 400;\">El proceso es relativamente sencillo si el otro progenitor biol\u00f3gico acepta renunciar a sus derechos parentales. Si est\u00e1n dispuestos a hacerse a un lado por usted, la adopci\u00f3n puede proceder r\u00e1pidamente con su <\/span><span style=\"font-weight: 400;\">consentimiento por escrito<\/span><span style=\"font-weight: 400;\">. A partir de ah\u00ed, su abogado de adopci\u00f3n legal le guiar\u00e1 en la presentaci\u00f3n de la documentaci\u00f3n necesaria y en el proceso de aprobaci\u00f3n judicial. Si el juez determina que seguir adelante redunda en beneficio del menor y usted cumple todos los requisitos, puede completar el proceso en pocos meses.<\/span><\/p>\n<h3>Adopci\u00f3n impugnada<\/h3>\n<p><span style=\"font-weight: 400;\">Si el progenitor no custodio se opone, usted y su c\u00f3nyuge deben solicitar al tribunal que ponga fin a su patria potestad. Un juez examinar\u00e1 factores como si el progenitor biol\u00f3gico ha estado en contacto con el ni\u00f1o, le ha proporcionado apoyo financiero o ha cumplido con otras responsabilidades. <\/span><\/p>\n<p><span style=\"font-weight: 400;\">Esta parte del proceso puede ser emotiva y estresante, pero es esencial para que el tribunal garantice el mejor resultado para el ni\u00f1o. Un abogado le ayudar\u00e1 a presentar su caso, demostrando c\u00f3mo la adopci\u00f3n favorece el bienestar del ni\u00f1o. El proceso contin\u00faa si el tribunal acuerda poner fin a los derechos del padre biol\u00f3gico. <\/span><\/p>\n<h3>Cuando el otro progenitor est\u00e1 ausente<\/h3>\n<p><span style=\"font-weight: 400;\">Si el otro progenitor biol\u00f3gico ha estado fuera de escena durante mucho tiempo -ya sea porque ha abandonado al ni\u00f1o o porque est\u00e1 ausente- el proceso de adopci\u00f3n se vuelve un poco m\u00e1s sencillo. En estos casos, el tribunal puede poner fin a los derechos del padre biol\u00f3gico bas\u00e1ndose en el abandono, especialmente si han estado ausentes durante a\u00f1os. <\/span><\/p>\n<p><span style=\"font-weight: 400;\">Un abogado con experiencia puede ayudarle a reunir las pruebas necesarias para demostrar que el padre biol\u00f3gico no ha cumplido con sus responsabilidades. Si el tribunal reconoce estos hechos y concede la aprobaci\u00f3n, podr\u00e1 proceder con confianza, dando a su hijastro la estabilidad legal que necesita y merece. <\/span><\/p>\n<p><span style=\"font-weight: 400;\">A medida que el proceso legal llega a su fin, los beneficios de la adopci\u00f3n por padrastro o madrastra se hacen a\u00fan m\u00e1s patentes. M\u00e1s all\u00e1 de la simple formalizaci\u00f3n de su papel, ofrece ventajas que proporcionan seguridad de por vida para usted y su hijastro. <\/span><\/p>\n<h2>\u00bfCu\u00e1les son las ventajas de la adopci\u00f3n por padrastros?<\/h2>\n<p><span style=\"font-weight: 400;\">La adopci\u00f3n por un padrastro o una madrastra ofrece algo m\u00e1s que derechos legales; aporta ventajas emocionales y pr\u00e1cticas duraderas para usted y su hijastro o hijastra. Al adoptarlo legalmente, refuerza su v\u00ednculo familiar y le proporciona un futuro seguro. <\/span><\/p>\n<p><span style=\"font-weight: 400;\">La adopci\u00f3n conecta a su familia de una forma protegida por la ley, ofreciendo tranquilidad en todos los aspectos de la vida. Sin embargo, hay m\u00e1s beneficios a tener en cuenta. He aqu\u00ed algunos ejemplos: <\/span><\/p>\n<ul>\n<li style=\"font-weight: 400;\" aria-level=\"1\"><b>Plena patria potestad:<\/b><span style=\"font-weight: 400;\"> Obtenga la autoridad legal para tomar decisiones importantes sobre la salud, la educaci\u00f3n y el bienestar de su hijastro.<\/span><\/li>\n<li style=\"font-weight: 400;\" aria-level=\"1\"><b>Seguridad financiera: <\/b><span style=\"font-weight: 400;\">Pasan a tener derecho a herencia, prestaciones y seguro m\u00e9dico a trav\u00e9s de usted.<\/span><\/li>\n<li style=\"font-weight: 400;\" aria-level=\"1\"><b>Estabilidad emocional: <\/b><span style=\"font-weight: 400;\">Formalizar su relaci\u00f3n da a su hijastro un mayor sentido de pertenencia.<\/span><\/li>\n<li style=\"font-weight: 400;\" aria-level=\"1\"><b>Procesos legales simplificados:<\/b><span style=\"font-weight: 400;\"> Desde las emergencias m\u00e9dicas hasta el papeleo escolar, tener el estatus legal de padre hace que estas situaciones sean m\u00e1s f\u00e1ciles de manejar.<\/span><\/li>\n<li style=\"font-weight: 400;\" aria-level=\"1\"><b>Compromiso permanente: <\/b><span style=\"font-weight: 400;\">La adopci\u00f3n solidifica su papel en la vida de su hijastro, ofreci\u00e9ndoles a ambos la seguridad de ser una familia.<\/span><\/li>\n<\/ul>\n<p><span style=\"font-weight: 400;\">Estos beneficios van mucho m\u00e1s all\u00e1 del \u00e1mbito legal. La adopci\u00f3n es una promesa para toda la vida que fortalece a su familia y ayuda a su hijastro a sentirse seguro, valorado y querido. Les asegura que forman parte por completo de su familia, con todos los derechos y protecciones que ello conlleva. <\/span><\/p>\n<p><span style=\"font-weight: 400;\">Aunque los beneficios de la adopci\u00f3n por un padrastro o una madrastra est\u00e1n claros, el camino para conseguirlos a veces puede parecer un camino largo y tortuoso. Es f\u00e1cil sentirse abrumado entre el papeleo legal, las posibles audiencias judiciales y el peso emocional. Sin embargo, el proceso se hace m\u00e1s manejable con el apoyo y la orientaci\u00f3n legal adecuados.<\/span><\/p>\n<p><img decoding=\"async\" class=\"size-full wp-image-25418 aligncenter\" src=\"https:\/\/www.theirvinglawfirm.com\/wp-content\/uploads\/2025\/01\/abogado-de-adopcion-para-padrastros-para-soluciones-familiares.jpg\" alt=\"Abogado De Adopci\u00f3n Para Padrastros Para Soluciones Familiares\" width=\"800\" height=\"534\" srcset=\"https:\/\/www.theirvinglawfirm.com\/wp-content\/uploads\/2025\/01\/abogado-de-adopcion-para-padrastros-para-soluciones-familiares-200x134.jpg 200w, https:\/\/www.theirvinglawfirm.com\/wp-content\/uploads\/2025\/01\/abogado-de-adopcion-para-padrastros-para-soluciones-familiares-300x200.jpg 300w, https:\/\/www.theirvinglawfirm.com\/wp-content\/uploads\/2025\/01\/abogado-de-adopcion-para-padrastros-para-soluciones-familiares-400x267.jpg 400w, https:\/\/www.theirvinglawfirm.com\/wp-content\/uploads\/2025\/01\/abogado-de-adopcion-para-padrastros-para-soluciones-familiares-600x401.jpg 600w, https:\/\/www.theirvinglawfirm.com\/wp-content\/uploads\/2025\/01\/abogado-de-adopcion-para-padrastros-para-soluciones-familiares-768x513.jpg 768w, https:\/\/www.theirvinglawfirm.com\/wp-content\/uploads\/2025\/01\/abogado-de-adopcion-para-padrastros-para-soluciones-familiares.jpg 800w\" sizes=\"(max-width: 800px) 100vw, 800px\" \/><\/p>\n<h2>\u00bfPor qu\u00e9 confiar el futuro de su familia a The Irving Law Firm?<\/h2>\n<p><span style=\"font-weight: 400;\"><a href=\"https:\/\/www.theirvinglawfirm.com\/es\/areas-de-practica\/derecho-de-familia\/adopcion\/\">The Irving Law Firm<\/a> entiende que cada familia es \u00fanica, y tambi\u00e9n lo es cada adopci\u00f3n por un padrastro o una madrastra. Nuestro equipo est\u00e1 aqu\u00ed para ayudar a guiarle a trav\u00e9s del proceso, desde el primer paso hasta la aprobaci\u00f3n final del tribunal. Sabemos lo importante que es esta decisi\u00f3n para usted y su hijastro, y nos comprometemos a garantizar que el proceso se desarrolle lo mejor posible. <\/span><\/p>\n<p><span style=\"font-weight: 400;\">Con a\u00f1os de experiencia, nuestro equipo ha tramitado innumerables adopciones en Virginia. Nos ocupamos de los detalles, como la recopilaci\u00f3n de documentos, la gesti\u00f3n de las cuestiones relativas al consentimiento paterno y su representaci\u00f3n ante el tribunal. Nuestro objetivo es eliminar el estr\u00e9s del proceso para que pueda centrarse en lo que importa: su familia. <\/span><\/p>\n<p><span style=\"font-weight: 400;\">Estamos aqu\u00ed para apoyarle si est\u00e1 listo para dar el siguiente paso. En The Irving Law Firm, nos dedicamos a proteger el futuro de su familia y a ayudarle a construir un hogar seguro y lleno de amor. P\u00f3ngase en contacto con nosotros hoy mismo y comencemos juntos este importante viaje. <\/span><\/p>\n<h2>Resumen<\/h2>\n<p><span style=\"font-weight: 400;\">La adopci\u00f3n por un padrastro o una madrastra es una forma poderosa de formalizar el v\u00ednculo entre usted y su hijastro, dando a su familia la protecci\u00f3n legal y la seguridad emocional que se merece. Le permite obtener plenos derechos parentales, asegur\u00e1ndole la autoridad para tomar decisiones cruciales y proporcionar a su hijastro la estabilidad necesaria. <\/span><\/p>\n<p><span style=\"font-weight: 400;\">Aunque a veces el camino hacia la adopci\u00f3n puede parecer dif\u00edcil, las recompensas compensan con creces el esfuerzo. Una orientaci\u00f3n legal adecuada hace que el proceso sea m\u00e1s fluido, permiti\u00e9ndole centrarse en el futuro de su familia. Para aquellos listos para dar este paso vital, el The Irving Law Firm est\u00e1 aqu\u00ed para ayudar a guiarle a trav\u00e9s de cada etapa. <\/span><\/p>\n<\/div><\/div><\/div><\/div><\/div>\n","protected":false},"excerpt":{"rendered":"","protected":false},"author":3,"featured_media":0,"parent":8540,"menu_order":0,"comment_status":"closed","ping_status":"closed","template":"100-width.php","meta":{"_analytify_skip_tracking":false,"rank_math_title":"Abogado de adopci\u00f3n para padrastros en Manassas, Virginia","rank_math_description":"Un abogado de adopci\u00f3n para padrastros en Manassas puede ayudarle a asegurar el futuro de su familia. Conozca el proceso y las v\u00edas legales.","rank_math_focus_keyword":"Abogado de adopci\u00f3n para padrastros","rank_math_canonical_url":"","footnotes":""},"class_list":["post-8468","page","type-page","status-publish","hentry"],"acf":[],"_links":{"self":[{"href":"https:\/\/www.theirvinglawfirm.com\/es\/wp-json\/wp\/v2\/pages\/8468","targetHints":{"allow":["GET"]}}],"collection":[{"href":"https:\/\/www.theirvinglawfirm.com\/es\/wp-json\/wp\/v2\/pages"}],"about":[{"href":"https:\/\/www.theirvinglawfirm.com\/es\/wp-json\/wp\/v2\/types\/page"}],"author":[{"embeddable":true,"href":"https:\/\/www.theirvinglawfirm.com\/es\/wp-json\/wp\/v2\/users\/3"}],"replies":[{"embeddable":true,"href":"https:\/\/www.theirvinglawfirm.com\/es\/wp-json\/wp\/v2\/comments?post=8468"}],"version-history":[{"count":0,"href":"https:\/\/www.theirvinglawfirm.com\/es\/wp-json\/wp\/v2\/pages\/8468\/revisions"}],"up":[{"embeddable":true,"href":"https:\/\/www.theirvinglawfirm.com\/es\/wp-json\/wp\/v2\/pages\/8540"}],"wp:attachment":[{"href":"https:\/\/www.theirvinglawfirm.com\/es\/wp-json\/wp\/v2\/media?parent=8468"}],"curies":[{"name":"wp","href":"https:\/\/api.w.org\/{rel}","templated":true}]}}