{"id":8462,"date":"2022-11-16T06:54:05","date_gmt":"2022-11-16T06:54:05","guid":{"rendered":"https:\/\/www.theirvinglawfirm.com\/agresion\/"},"modified":"2025-10-08T00:48:55","modified_gmt":"2025-10-08T00:48:55","slug":"agresion","status":"publish","type":"page","link":"https:\/\/www.theirvinglawfirm.com\/es\/areas-de-practica\/derecho-criminal\/agresion\/","title":{"rendered":"\u00bfNecesita Un Abogado De Agresi\u00f3n En Manassas, VA?"},"content":{"rendered":"<div class=\"fusion-fullwidth fullwidth-box fusion-builder-row-1 fusion-flex-container has-pattern-background has-mask-background nonhundred-percent-fullwidth non-hundred-percent-height-scrolling\" style=\"--awb-border-sizes-bottom:1px;--awb-border-radius-top-left:0px;--awb-border-radius-top-right:0px;--awb-border-radius-bottom-right:0px;--awb-border-radius-bottom-left:0px;--awb-flex-wrap:wrap;\" ><div class=\"fusion-builder-row fusion-row fusion-flex-align-items-flex-start fusion-flex-content-wrap\" style=\"max-width:1497.6px;margin-left: calc(-4% \/ 2 );margin-right: calc(-4% \/ 2 );\"><div class=\"fusion-layout-column fusion_builder_column fusion-builder-column-0 fusion_builder_column_1_1 1_1 fusion-flex-column\" style=\"--awb-bg-size:cover;--awb-width-large:100%;--awb-margin-top-large:0px;--awb-spacing-right-large:1.92%;--awb-margin-bottom-large:20px;--awb-spacing-left-large:0%;--awb-width-medium:100%;--awb-order-medium:0;--awb-spacing-right-medium:1.92%;--awb-spacing-left-medium:0%;--awb-width-small:100%;--awb-order-small:0;--awb-spacing-right-small:1.92%;--awb-spacing-left-small:1.92%;\" data-scroll-devices=\"small-visibility,medium-visibility,large-visibility\"><div class=\"fusion-column-wrapper fusion-column-has-shadow fusion-flex-justify-content-flex-start fusion-content-layout-column\"><div class=\"fusion-text fusion-text-1\"><p><span style=\"font-weight: 400;\">Si se enfrenta a <a href=\"https:\/\/www.theirvinglawfirm.com\/es\/areas-de-practica\/derecho-criminal\/\">cargos de agresi\u00f3n en Manassas, Virginia<\/a>, es esencial que comprenda todas las facetas de su caso. Es mucho lo que est\u00e1 en juego, lo que subraya el papel crucial de una representaci\u00f3n legal experimentada. Contar con la ayuda de un abogado de agresi\u00f3n puede marcar la diferencia entre una resoluci\u00f3n favorable y unas consecuencias duraderas.<\/span><\/p>\n<p><span style=\"font-weight: 400;\">Descubra c\u00f3mo asociarse con un respetado defensor legal en Manassas puede proteger sus derechos y ayudar a forjar un futuro mejor. Tanto si impugna las acusaciones contra usted como si elabora una defensa estrat\u00e9gica, la orientaci\u00f3n de un abogado experimentado es indispensable.<\/span><\/p>\n<p><img decoding=\"async\" class=\"size-full wp-image-41118 aligncenter\" src=\"https:\/\/www.theirvinglawfirm.com\/wp-content\/uploads\/2025\/10\/descubre-por-que-podrias-necesitar-abogado-por-agresion-en-manassas-va.jpg\" alt=\"Descubre Por Qu\u00e9 Podr\u00edas Necesitar Abogado Por Agresi\u00f3n En Manassas VA\" width=\"1200\" height=\"800\" srcset=\"https:\/\/www.theirvinglawfirm.com\/wp-content\/uploads\/2025\/10\/descubre-por-que-podrias-necesitar-abogado-por-agresion-en-manassas-va-200x133.jpg 200w, https:\/\/www.theirvinglawfirm.com\/wp-content\/uploads\/2025\/10\/descubre-por-que-podrias-necesitar-abogado-por-agresion-en-manassas-va-400x267.jpg 400w, https:\/\/www.theirvinglawfirm.com\/wp-content\/uploads\/2025\/10\/descubre-por-que-podrias-necesitar-abogado-por-agresion-en-manassas-va-600x400.jpg 600w, https:\/\/www.theirvinglawfirm.com\/wp-content\/uploads\/2025\/10\/descubre-por-que-podrias-necesitar-abogado-por-agresion-en-manassas-va-768x512.jpg 768w, https:\/\/www.theirvinglawfirm.com\/wp-content\/uploads\/2025\/10\/descubre-por-que-podrias-necesitar-abogado-por-agresion-en-manassas-va-800x533.jpg 800w, https:\/\/www.theirvinglawfirm.com\/wp-content\/uploads\/2025\/10\/descubre-por-que-podrias-necesitar-abogado-por-agresion-en-manassas-va.jpg 1200w\" sizes=\"(max-width: 1200px) 100vw, 1200px\" \/><\/p>\n<h2>\u00bfPor Qu\u00e9 Necesitar\u00eda Un Abogado De Agresi\u00f3n?<\/h2>\n<p><span style=\"font-weight: 400;\">Una acusaci\u00f3n de agresi\u00f3n puede da\u00f1ar su vida personal y profesional. Podr\u00eda enfrentarse a un escrutinio injusto por parte de amigos y familiares, a preguntas dolorosas y a una posible erosi\u00f3n de la confianza en su car\u00e1cter. Por tanto, contratar a un abogado de agresiones es crucial para proteger su reputaci\u00f3n.<\/span><\/p>\n<p><span style=\"font-weight: 400;\">Un abogado de agresi\u00f3n puede ayudar a manejar la narrativa p\u00fablica. Elaborando declaraciones para los medios de comunicaci\u00f3n y asesor\u00e1ndole sobre comunicaci\u00f3n p\u00fablica, pueden ayudar a mitigar el impacto negativo en su reputaci\u00f3n. Esta estrategia es vital para mantener al m\u00e1ximo su imagen p\u00fablica mientras se desarrolla el proceso judicial.<\/span><\/p>\n<p><span style=\"font-weight: 400;\">Su abogado explorar\u00e1 todas las v\u00edas para defenderle, incluida la impugnaci\u00f3n de las pruebas presentadas contra usted y el cuestionamiento de la credibilidad de los testigos. Tambi\u00e9n pueden negociar cargos menores o resoluciones alternativas cuando sea posible.<\/span><\/p>\n<h2>\u00bfCu\u00e1les Son Los Tipos De Agresi\u00f3n En Manassas?<\/h2>\n<p><span style=\"font-weight: 400;\">En Virginia, la agresi\u00f3n se refiere a la amenaza o el intento intencionado e ilegal de infligir lesiones corporales a otra persona. Los cargos por este delito son graves y conllevan consecuencias. Cualquiera que se enfrente a estas acusaciones debe comprender las distintas categor\u00edas.<\/span><\/p>\n<h3>Agresi\u00f3n Y Lesiones<\/h3>\n<p><span style=\"font-weight: 400;\">Agresi\u00f3n se refiere a tocar o golpear ilegalmente a otra persona de forma airada o grosera sin su consentimiento. Este cargo suele derivarse de incidentes en los que los enfrentamientos verbales se convierten en altercados f\u00edsicos.<\/span><\/p>\n<p><span style=\"font-weight: 400;\">La agresi\u00f3n con lesiones puede ser un delito menor o un delito grave, dependiendo del caso y de la gravedad de las acciones. Tratarlo como un delito menor de Clase 1 puede acarrear penas de hasta 12 meses de c\u00e1rcel y multas de hasta 2.500 $. En casos m\u00e1s graves, puede convertirse en delito grave. Este cargo conlleva penas m\u00e1s graves, que pueden acarrear a\u00f1os de prisi\u00f3n y multas m\u00e1s importantes.<\/span><\/p>\n<h3>Agresi\u00f3n Simple<\/h3>\n<p><span style=\"font-weight: 400;\">Este delito se refiere a un intento de causar lesiones f\u00edsicas a otro o a un acto que hace temer razonablemente a alguien un da\u00f1o inminente. T\u00edpicamente clasificada como delito menor de Clase 1, esta forma de agresi\u00f3n se considera uno de los tipos menos graves, pero a\u00fan as\u00ed puede acarrear importantes consecuencias legales.<\/span><\/p>\n<h3>Agresi\u00f3n A Un Agente De La Autoridad<\/h3>\n<p><span style=\"font-weight: 400;\">Agredir o intentar agredir a un agente de las fuerzas del orden, incluidos polic\u00edas, sheriffs y dem\u00e1s personal autorizado, se trata con la m\u00e1xima seriedad. Este delito suele imputarse como <a href=\"https:\/\/law.lis.virginia.gov\/vacode\/title18.2\/chapter1\/section18.2-10\/\" target=\"_blank\" rel=\"noopener\">delito grave de Clase 6<\/a>. Las penas incluyen una pena m\u00ednima obligatoria de seis meses de c\u00e1rcel, que puede ampliarse a cinco a\u00f1os dependiendo de las caracter\u00edsticas del caso y de la discreci\u00f3n judicial.<\/span><\/p>\n<h3>Agresi\u00f3n A Un Funcionario Escolar<\/h3>\n<p><span style=\"font-weight: 400;\">En Virginia, agredir a funcionarios escolares, como profesores y administradores, conlleva importantes repercusiones legales debido a su papel fundamental a la hora de garantizar entornos educativos seguros. Este cargo suele clasificarse como delito menor de Clase 1, lo que subraya la importancia de una atm\u00f3sfera segura para el aprendizaje y el desarrollo.<\/span><\/p>\n<p><span style=\"font-weight: 400;\">Las penas por ello pueden ser graves, incluyendo hasta 12 meses de c\u00e1rcel y una multa de hasta 2.500 $. Sin embargo, supongamos que la agresi\u00f3n provoca lesiones m\u00e1s graves o implica otros factores agravantes. En ese caso, la acusaci\u00f3n puede elevarse a delito grave, lo que conlleva consecuencias a\u00fan m\u00e1s duras, que pueden incluir penas de prisi\u00f3n m\u00e1s largas y multas m\u00e1s importantes.<\/span><\/p>\n<p><span style=\"font-weight: 400;\">Entender los distintos tipos de cargos por agresi\u00f3n en Manassas es crucial, pero comprender c\u00f3mo estos cargos pueden afectar profundamente a la vida de una persona es igualmente importante. M\u00e1s all\u00e1 de las consecuencias legales inmediatas, una acusaci\u00f3n penal por agresi\u00f3n puede tener ramificaciones de gran alcance. Puede afectar a las relaciones personales y profesionales, a las oportunidades de empleo y a la reputaci\u00f3n general.<\/span><\/p>\n<h2>\u00bfC\u00f3mo Puede Afectar A Su Vida Una Acusaci\u00f3n Criminal?<\/h2>\n<p><span style=\"font-weight: 400;\">Las repercusiones de una acusaci\u00f3n criminal van m\u00e1s all\u00e1 de la sala del tribunal, ensombreciendo todos los aspectos de su vida. Cuando se enfrenta a cargos por agresi\u00f3n, el impacto puede ser profundo y duradero. He aqu\u00ed algunas consecuencias a las que uno puede enfrentarse ante tales acusaciones.<\/span><\/p>\n<ul>\n<li style=\"font-weight: 400;\" aria-level=\"1\">Retos Laborales:<span style=\"font-weight: 400;\"> Los antecedentes penales pueden restringir gravemente sus oportunidades laborales. Muchos empresarios dudan en contratar a personas con antecedentes penales, sobre todo en los sectores educativo, sanitario y gubernamental.<\/span><\/li>\n<li style=\"font-weight: 400;\" aria-level=\"1\">Estigma Social:<span style=\"font-weight: 400;\"> Ser acusado de un delito puede hacer que la gente le evite o le trate con desconfianza, afectando a sus interacciones con los dem\u00e1s y a su reputaci\u00f3n en la comunidad.<\/span><\/li>\n<li style=\"font-weight: 400;\" aria-level=\"1\">Tensiones En Las Relaciones: <span style=\"font-weight: 400;\">El estr\u00e9s del proceso penal puede afectar a las relaciones con la familia y los amigos, ya que las presiones emocionales y econ\u00f3micas de la situaci\u00f3n pasan factura.<\/span><\/li>\n<li style=\"font-weight: 400;\" aria-level=\"1\">Dificultades De Vivienda: <span style=\"font-weight: 400;\">La vivienda puede volverse m\u00e1s dif\u00edcil con antecedentes penales, ya que los propietarios pueden ser reacios a alquilar a alguien que perciben como un riesgo potencial.<\/span><\/li>\n<li style=\"font-weight: 400;\" aria-level=\"1\">Oportunidades Educativas: <span style=\"font-weight: 400;\">Si es estudiante o piensa seguir estudiando, una condena penal puede afectar su elegibilidad para determinados programas acad\u00e9micos y ayudas econ\u00f3micas.<\/span><\/li>\n<li style=\"font-weight: 400;\" aria-level=\"1\">Restricciones De Viaje:<span style=\"font-weight: 400;\"> Una condena podr\u00eda restringir su capacidad para viajar, especialmente si implica libertad condicional o es un delito grave que podr\u00eda limitar los viajes internacionales o incluso los viajes a trav\u00e9s de las fronteras estatales.<\/span><\/li>\n<\/ul>\n<p><span style=\"font-weight: 400;\">Reconocer el impacto m\u00e1s amplio de los cargos por agresi\u00f3n subraya la importancia de asegurarse una representaci\u00f3n legal eficaz para salvaguardar los intereses y perspectivas de cada uno. Esto tambi\u00e9n ayuda a emplear estrategias de defensa en las que su abogado puede trabajar para su caso.<\/span><\/p>\n<h2>\u00bfCu\u00e1les Son Las Estrategias De Defensa Que Puede Emplear Su Abogado De Agresi\u00f3n?<\/h2>\n<p><img decoding=\"async\" class=\"size-full wp-image-16669 alignright\" src=\"https:\/\/www.theirvinglawfirm.com\/wp-content\/uploads\/2024\/06\/consiga-representacion-legal-inmediata-con-un-abogado-de-agresion-si-le-acusan-en-virginia.jpg\" alt=\"Consiga Representaci\u00f3n Legal Inmediata Con Un Abogado De Agresi\u00f3n Si Le Acusan En Virginia\" width=\"300\" height=\"247\" srcset=\"https:\/\/www.theirvinglawfirm.com\/wp-content\/uploads\/2024\/06\/consiga-representacion-legal-inmediata-con-un-abogado-de-agresion-si-le-acusan-en-virginia-66x54.jpg 66w, https:\/\/www.theirvinglawfirm.com\/wp-content\/uploads\/2024\/06\/consiga-representacion-legal-inmediata-con-un-abogado-de-agresion-si-le-acusan-en-virginia-177x146.jpg 177w, https:\/\/www.theirvinglawfirm.com\/wp-content\/uploads\/2024\/06\/consiga-representacion-legal-inmediata-con-un-abogado-de-agresion-si-le-acusan-en-virginia-200x165.jpg 200w, https:\/\/www.theirvinglawfirm.com\/wp-content\/uploads\/2024\/06\/consiga-representacion-legal-inmediata-con-un-abogado-de-agresion-si-le-acusan-en-virginia.jpg 300w\" sizes=\"(max-width: 300px) 100vw, 300px\" \/><\/p>\n<p><span style=\"font-weight: 400;\">Enfrentarse a cargos de agresi\u00f3n en Manassas exige una estrategia de defensa integral cuidadosamente elaborada para las particularidades de tu caso. Un abogado experimentado puede utilizar diversas t\u00e1cticas legales para proteger sus derechos y luchar por el resultado m\u00e1s favorable. Puede utilizar las siguientes estrategias para su defensa.<\/span><\/p>\n<h3>Autodefensa<\/h3>\n<p><span style=\"font-weight: 400;\">Alegar defensa propia implica demostrar que estabas en peligro inminente de sufrir da\u00f1os y que su reacci\u00f3n fue una medida necesaria y razonable para protegerle. Esta defensa es aplicable cuando las pruebas demuestran que la presunta v\u00edctima fue el agresor inicial.<\/span><\/p>\n<h3>Coartada<\/h3>\n<p><span style=\"font-weight: 400;\">Una defensa de coartada significa demostrar que no estaba presente en la escena del crimen cuando ocurri\u00f3. Para ello puede ser necesario el testimonio de testigos, im\u00e1genes de vigilancia o registros digitales, como datos de GPS, que demuestren su presencia en otro lugar en el momento de la supuesta agresi\u00f3n.<\/span><\/p>\n<h3>Falta De Intenci\u00f3n<\/h3>\n<p><span style=\"font-weight: 400;\">Para condenar a alguien por agresi\u00f3n, la acusaci\u00f3n debe demostrar la intenci\u00f3n de hacer da\u00f1o. Su abogado puede impugnar los cargos argumentando que no hubo intenci\u00f3n de causar lesiones o miedo, lo que podr\u00eda debilitar la causa contra usted.<\/span><\/p>\n<h3>Incapacidad Mental<\/h3>\n<p><span style=\"font-weight: 400;\">Esta estrategia consiste en demostrar que usted no era mentalmente capaz de comprender la naturaleza o la ilicitud de sus actos. Los historiales m\u00e9dicos y el testimonio de los expertos son fundamentales para apoyar esta defensa.<\/span><\/p>\n<h3>Consentimiento<\/h3>\n<p><span style=\"font-weight: 400;\">En algunos casos de agresi\u00f3n, el consentimiento puede ser una defensa v\u00e1lida, sobre todo en contextos en los que las partes acordaron la conducta que supuestamente constituy\u00f3 la agresi\u00f3n. Ejemplos de ello son determinados deportes o actividades f\u00edsicas consentidas. Demostrar que la presunta v\u00edctima estuvo de acuerdo con las acciones puede conducir a la desestimaci\u00f3n de los cargos.<\/span><\/p>\n<p><span style=\"font-weight: 400;\">Estas defensas pueden proteger sus derechos y lograr el resultado m\u00e1s favorable en los tribunales. Cada caso requiere un planteamiento a medida, y un abogado de agresi\u00f3n trabajar\u00e1 en torno a estos matices con eficacia.<\/span><\/p>\n<h2>\u00bfC\u00f3mo Puede Defenderle The Irving Law Firm?<\/h2>\n<p><span style=\"font-weight: 400;\">The Irving Law Firm se compromete a defender en\u00e9rgicamente a los clientes que se enfrentan a cargos de agresi\u00f3n. Con un enfoque integral y centrado en el cliente, la firma adapta sus estrategias para lograr las necesidades \u00fanicas de cada caso. A continuaci\u00f3n se exponen las fases cr\u00edticas de la tramitaci\u00f3n de los casos de defensa, que demuestran su dedicaci\u00f3n a conseguir el resultado ideal.<\/span><\/p>\n<h3>Evaluaci\u00f3n De Casos<\/h3>\n<p><span style=\"font-weight: 400;\">La firma da prioridad a la comunicaci\u00f3n abierta desde la consulta inicial y eval\u00faa minuciosamente los detalles de cada caso. Esta fase de evaluaci\u00f3n es fundamental para comprender las circunstancias espec\u00edficas de su caso y planificar los pasos siguientes.<\/span><\/p>\n<h3>Investigaci\u00f3n<\/h3>\n<p><span style=\"font-weight: 400;\">Construir una defensa s\u00f3lida empieza con una investigaci\u00f3n exhaustiva. The Irving Law Firm colabora estrechamente con los clientes para recopilar todas las pruebas pertinentes, preparar a los testigos y verificar los hechos. Este esfuerzo de colaboraci\u00f3n explora todos los \u00e1ngulos posibles para fortificar su defensa.<\/span><\/p>\n<h3>Representaci\u00f3n Jur\u00eddica<\/h3>\n<p><span style=\"font-weight: 400;\">Puede confiar en que The Irving Law Firm le proporcionar\u00e1 un apoyo inquebrantable y una representaci\u00f3n adecuada durante todo el proceso legal. Los abogados se aseguran de que usted est\u00e9 informado e implicado en cada paso, fomentando la confianza y la colaboraci\u00f3n.<\/span><\/p>\n<h3>Estrategia De Defensa<\/h3>\n<p><span style=\"font-weight: 400;\">La firma elabora una estrategia de defensa adaptada a las particularidades de cada caso, bas\u00e1ndose en las aportaciones del cliente y en un an\u00e1lisis jur\u00eddico detallado. Ya sea impugnando las pruebas de la acusaci\u00f3n, presentando defensas afirmativas como la leg\u00edtima defensa, o demostrando factores atenuantes, la estrategia protege los derechos de los clientes y logra resultados favorables.<\/span><\/p>\n<p><img decoding=\"async\" class=\"size-full wp-image-16671 alignright\" src=\"https:\/\/www.theirvinglawfirm.com\/wp-content\/uploads\/2024\/06\/encuentre-asesoramiento-legal-con-un-abogado-de-agresion-en-manassas-para-su-caso.jpg\" alt=\"Encuentre Asesoramiento Legal Con Un Abogado De Agresi\u00f3n En Manassas Para Su Caso\" width=\"300\" height=\"200\" srcset=\"https:\/\/www.theirvinglawfirm.com\/wp-content\/uploads\/2024\/06\/encuentre-asesoramiento-legal-con-un-abogado-de-agresion-en-manassas-para-su-caso-66x44.jpg 66w, https:\/\/www.theirvinglawfirm.com\/wp-content\/uploads\/2024\/06\/encuentre-asesoramiento-legal-con-un-abogado-de-agresion-en-manassas-para-su-caso-177x118.jpg 177w, https:\/\/www.theirvinglawfirm.com\/wp-content\/uploads\/2024\/06\/encuentre-asesoramiento-legal-con-un-abogado-de-agresion-en-manassas-para-su-caso-200x133.jpg 200w, https:\/\/www.theirvinglawfirm.com\/wp-content\/uploads\/2024\/06\/encuentre-asesoramiento-legal-con-un-abogado-de-agresion-en-manassas-para-su-caso.jpg 300w\" sizes=\"(max-width: 300px) 100vw, 300px\" \/><\/p>\n<p><span style=\"font-weight: 400;\">The Irving Law Firm ofrece estrategias de defensa minuciosas y eficaces para los clientes que se enfrentan a cargos de agresi\u00f3n. Su enfoque met\u00f3dico -desde la evaluaci\u00f3n detallada del caso hasta la representaci\u00f3n asertiva- garantiza que cada cliente se beneficie de una defensa espec\u00edficamente adaptada a sus circunstancias.<\/span><\/p>\n<h2>Resumen<\/h2>\n<p><span style=\"font-weight: 400;\">En Manassas, Virginia, enfrentarse a cargos de agresi\u00f3n exige una comprensi\u00f3n exhaustiva y una representaci\u00f3n legal estrat\u00e9gica. Un abogado de agresi\u00f3n puede proteger sus derechos impugnando las acusaciones y elaborando una defensa s\u00f3lida.<\/span><\/p>\n<p><span style=\"font-weight: 400;\">Las acusaciones de agresi\u00f3n tienen graves repercusiones, que afectan a la vida personal y profesional. Por lo tanto, necesita la ayuda de un abogado con experiencia para elaborar estrategias de defensa eficaces, como la defensa propia y la falta de intenci\u00f3n, que son cruciales para obtener resultados favorables.<\/span><\/p>\n<p><span style=\"font-weight: 400;\"><a href=\"https:\/\/www.theirvinglawfirm.com\/es\/\">The Irving Law Firm<\/a>\u00a0ofrece un enfoque meticuloso de la defensa, adaptando las estrategias a los detalles espec\u00edficos de tu caso. Mediante un cuidadoso an\u00e1lisis y comprensi\u00f3n de tus circunstancias, elaboran una s\u00f3lida defensa para lograr el resultado m\u00e1s favorable posible.<\/span><\/p>\n<\/div><\/div><\/div><\/div><\/div>\n","protected":false},"excerpt":{"rendered":"","protected":false},"author":3,"featured_media":0,"parent":8435,"menu_order":0,"comment_status":"closed","ping_status":"closed","template":"100-width.php","meta":{"_analytify_skip_tracking":false,"rank_math_title":"Abogado de agresi\u00f3n cerca de Manassas, Virginia","rank_math_description":"Un abogado de agresi\u00f3n ofrece representaci\u00f3n estrat\u00e9gica para proteger sus derechos y reducir las repercusiones, logrando resultados favorables.","rank_math_focus_keyword":"Abogado de agresi\u00f3n","rank_math_canonical_url":"","footnotes":""},"class_list":["post-8462","page","type-page","status-publish","hentry"],"acf":[],"_links":{"self":[{"href":"https:\/\/www.theirvinglawfirm.com\/es\/wp-json\/wp\/v2\/pages\/8462","targetHints":{"allow":["GET"]}}],"collection":[{"href":"https:\/\/www.theirvinglawfirm.com\/es\/wp-json\/wp\/v2\/pages"}],"about":[{"href":"https:\/\/www.theirvinglawfirm.com\/es\/wp-json\/wp\/v2\/types\/page"}],"author":[{"embeddable":true,"href":"https:\/\/www.theirvinglawfirm.com\/es\/wp-json\/wp\/v2\/users\/3"}],"replies":[{"embeddable":true,"href":"https:\/\/www.theirvinglawfirm.com\/es\/wp-json\/wp\/v2\/comments?post=8462"}],"version-history":[{"count":2,"href":"https:\/\/www.theirvinglawfirm.com\/es\/wp-json\/wp\/v2\/pages\/8462\/revisions"}],"predecessor-version":[{"id":41120,"href":"https:\/\/www.theirvinglawfirm.com\/es\/wp-json\/wp\/v2\/pages\/8462\/revisions\/41120"}],"up":[{"embeddable":true,"href":"https:\/\/www.theirvinglawfirm.com\/es\/wp-json\/wp\/v2\/pages\/8435"}],"wp:attachment":[{"href":"https:\/\/www.theirvinglawfirm.com\/es\/wp-json\/wp\/v2\/media?parent=8462"}],"curies":[{"name":"wp","href":"https:\/\/api.w.org\/{rel}","templated":true}]}}