{"id":8421,"date":"2022-11-16T07:01:20","date_gmt":"2022-11-16T07:01:20","guid":{"rendered":"https:\/\/www.theirvinglawfirm.com\/crimenes-de-drogas\/"},"modified":"2025-10-16T22:41:30","modified_gmt":"2025-10-16T22:41:30","slug":"crimenes-de-drogas","status":"publish","type":"page","link":"https:\/\/www.theirvinglawfirm.com\/es\/areas-de-practica\/derecho-criminal\/crimenes-de-drogas\/","title":{"rendered":"Conf\u00ede en un abogado de cargo de drogas en norte de VA"},"content":{"rendered":"<div class=\"fusion-fullwidth fullwidth-box fusion-builder-row-1 fusion-flex-container has-pattern-background has-mask-background nonhundred-percent-fullwidth non-hundred-percent-height-scrolling\" style=\"--awb-border-sizes-bottom:1px;--awb-border-radius-top-left:0px;--awb-border-radius-top-right:0px;--awb-border-radius-bottom-right:0px;--awb-border-radius-bottom-left:0px;--awb-flex-wrap:wrap;\" ><div class=\"fusion-builder-row fusion-row fusion-flex-align-items-flex-start fusion-flex-content-wrap\" style=\"max-width:1497.6px;margin-left: calc(-4% \/ 2 );margin-right: calc(-4% \/ 2 );\"><div class=\"fusion-layout-column fusion_builder_column fusion-builder-column-0 fusion_builder_column_1_1 1_1 fusion-flex-column\" style=\"--awb-bg-size:cover;--awb-width-large:100%;--awb-margin-top-large:0px;--awb-spacing-right-large:1.92%;--awb-margin-bottom-large:20px;--awb-spacing-left-large:0%;--awb-width-medium:100%;--awb-order-medium:0;--awb-spacing-right-medium:1.92%;--awb-spacing-left-medium:0%;--awb-width-small:100%;--awb-order-small:0;--awb-spacing-right-small:1.92%;--awb-spacing-left-small:1.92%;\"><div class=\"fusion-column-wrapper fusion-column-has-shadow fusion-flex-justify-content-flex-start fusion-content-layout-column\"><div class=\"fusion-text fusion-text-1\"><p><span style=\"font-weight: 400;\">Las acusaciones relacionadas con drogas pueden ser ca\u00f3ticas, y encontrar al abogado adecuado en Virginia es su opci\u00f3n pr\u00e1ctica. Un <a href=\"https:\/\/www.theirvinglawfirm.com\/es\/areas-de-practica\/derecho-criminal\/\">abogado de cargos de drogas<\/a> puede librar su batalla legal. Pueden mitigar las consecuencias que pueden afectar significativamente a su vida durante a\u00f1os. Equiparse con los conocimientos adecuados sobre el delito puede capacitarle para tomar decisiones con conocimiento de causa.<\/span><\/p>\n<p><span style=\"font-weight: 400;\">Un abogado defensor es vital para proteger su libertad y su reputaci\u00f3n cuando se enfrente a infracciones por sustancias controladas. Explore c\u00f3mo puede atravesar las complejidades de los cargos de drogas con su ayuda. Se dar\u00e1 cuenta de que son aliados que trabajan para defender sus derechos. Tenerlos de su lado significa que usted est\u00e1 en buenas manos.<\/span><\/p>\n<p><img decoding=\"async\" class=\"alignnone size-full wp-image-16936\" src=\"https:\/\/www.theirvinglawfirm.com\/wp-content\/uploads\/2024\/06\/un-abogado-de-cargos-de-drogas-puede-proporcionarle-la-asistencia-legal-que-necesita-en-su-caso-legal.jpg\" alt=\"Un Abogado De Cargos De Drogas Puede Proporcionarle La Asistencia Legal Que Necesita En Su Caso Legal\" width=\"100%\" height=\"800\" srcset=\"https:\/\/www.theirvinglawfirm.com\/wp-content\/uploads\/2024\/06\/un-abogado-de-cargos-de-drogas-puede-proporcionarle-la-asistencia-legal-que-necesita-en-su-caso-legal-66x44.jpg 66w, https:\/\/www.theirvinglawfirm.com\/wp-content\/uploads\/2024\/06\/un-abogado-de-cargos-de-drogas-puede-proporcionarle-la-asistencia-legal-que-necesita-en-su-caso-legal-177x118.jpg 177w, https:\/\/www.theirvinglawfirm.com\/wp-content\/uploads\/2024\/06\/un-abogado-de-cargos-de-drogas-puede-proporcionarle-la-asistencia-legal-que-necesita-en-su-caso-legal-200x133.jpg 200w, https:\/\/www.theirvinglawfirm.com\/wp-content\/uploads\/2024\/06\/un-abogado-de-cargos-de-drogas-puede-proporcionarle-la-asistencia-legal-que-necesita-en-su-caso-legal-300x200.jpg 300w, https:\/\/www.theirvinglawfirm.com\/wp-content\/uploads\/2024\/06\/un-abogado-de-cargos-de-drogas-puede-proporcionarle-la-asistencia-legal-que-necesita-en-su-caso-legal-320x213.jpg 320w, https:\/\/www.theirvinglawfirm.com\/wp-content\/uploads\/2024\/06\/un-abogado-de-cargos-de-drogas-puede-proporcionarle-la-asistencia-legal-que-necesita-en-su-caso-legal-400x267.jpg 400w, https:\/\/www.theirvinglawfirm.com\/wp-content\/uploads\/2024\/06\/un-abogado-de-cargos-de-drogas-puede-proporcionarle-la-asistencia-legal-que-necesita-en-su-caso-legal-460x307.jpg 460w, https:\/\/www.theirvinglawfirm.com\/wp-content\/uploads\/2024\/06\/un-abogado-de-cargos-de-drogas-puede-proporcionarle-la-asistencia-legal-que-necesita-en-su-caso-legal-540x360.jpg 540w, https:\/\/www.theirvinglawfirm.com\/wp-content\/uploads\/2024\/06\/un-abogado-de-cargos-de-drogas-puede-proporcionarle-la-asistencia-legal-que-necesita-en-su-caso-legal-600x400.jpg 600w, https:\/\/www.theirvinglawfirm.com\/wp-content\/uploads\/2024\/06\/un-abogado-de-cargos-de-drogas-puede-proporcionarle-la-asistencia-legal-que-necesita-en-su-caso-legal-669x446.jpg 669w, https:\/\/www.theirvinglawfirm.com\/wp-content\/uploads\/2024\/06\/un-abogado-de-cargos-de-drogas-puede-proporcionarle-la-asistencia-legal-que-necesita-en-su-caso-legal-700x467.jpg 700w, https:\/\/www.theirvinglawfirm.com\/wp-content\/uploads\/2024\/06\/un-abogado-de-cargos-de-drogas-puede-proporcionarle-la-asistencia-legal-que-necesita-en-su-caso-legal-768x512.jpg 768w, https:\/\/www.theirvinglawfirm.com\/wp-content\/uploads\/2024\/06\/un-abogado-de-cargos-de-drogas-puede-proporcionarle-la-asistencia-legal-que-necesita-en-su-caso-legal-800x533.jpg 800w, https:\/\/www.theirvinglawfirm.com\/wp-content\/uploads\/2024\/06\/un-abogado-de-cargos-de-drogas-puede-proporcionarle-la-asistencia-legal-que-necesita-en-su-caso-legal-940x627.jpg 940w, https:\/\/www.theirvinglawfirm.com\/wp-content\/uploads\/2024\/06\/un-abogado-de-cargos-de-drogas-puede-proporcionarle-la-asistencia-legal-que-necesita-en-su-caso-legal-1024x683.jpg 1024w, https:\/\/www.theirvinglawfirm.com\/wp-content\/uploads\/2024\/06\/un-abogado-de-cargos-de-drogas-puede-proporcionarle-la-asistencia-legal-que-necesita-en-su-caso-legal.jpg 1200w\" sizes=\"(max-width: 1200px) 100vw, 1200px\" \/><\/p>\n<h2>Navegue por las complejidades con un abogado de cargos de drogas<\/h2>\n<p><span style=\"font-weight: 400;\">Virginia es conocida por su estricto enfoque de los delitos de drogas, con leyes que var\u00edan en severidad y penas que pueden alterar la vida. Sin una representaci\u00f3n legal adecuada, usted puede encontrarse muy vulnerable con todo el peso de la ley.<\/span><\/p>\n<p><span style=\"font-weight: 400;\">Sin embargo, con un abogado de cargos de drogas, usted puede acceder a amplios servicios legales para protegerse. Examinan los detalles de su caso para descubrir posibles defensas y v\u00edas de resoluci\u00f3n. Desde disputar la legalidad de los procedimientos de registro e incautaci\u00f3n hasta negociar acuerdos de culpabilidad, se esfuerzan por conseguir una resoluci\u00f3n favorable.<\/span><\/p>\n<p><span style=\"font-weight: 400;\">Adem\u00e1s, un abogado de defensa criminal con experiencia reconoce que los cargos por drogas pueden afectar a sus seres queridos. As\u00ed que comprenden la angustia que puede causar. Es necesario que conozca las clasificaciones de drogas en Virginia para que se de cuenta de la gravedad de su delito y del impacto en su familia.<\/span><\/p>\n<h2>Categor\u00edas de sustancias seg\u00fan ley de control de drogas de Virginia<\/h2>\n<p><span style=\"font-weight: 400;\">Seg\u00fan la <a href=\"https:\/\/law.lis.virginia.gov\/vacodepopularnames\/drug-control-act\/\" target=\"_blank\" rel=\"noopener\">Ley de Control de Drogas de Virginia<\/a>, las sustancias se clasifican en varias listas en funci\u00f3n de su potencial de abuso y su uso m\u00e9dico. Aprender sobre ellas le permite conocer las ramificaciones legales de cometer un delito.<\/span><\/p>\n<ul>\n<li style=\"font-weight: 400;\" aria-level=\"1\"><b>Anexo I<\/b><span style=\"font-weight: 400;\"> drogas, como la hero\u00edna y el LSD (dietilamida del \u00e1cido lis\u00e9rgico), son las m\u00e1s estrictamente reguladas. Tienen un alto potencial de abuso y ning\u00fan uso m\u00e9dico aceptado.<\/span><\/li>\n<\/ul>\n<ul>\n<li style=\"font-weight: 400;\" aria-level=\"1\"><b>Anexo II<\/b><span style=\"font-weight: 400;\"> incluye sustancias como la coca\u00edna y la metanfetamina. Tienen un alto potencial de abuso, pero algunos usos m\u00e9dicos son aceptados con severas restricciones.<\/span><\/li>\n<\/ul>\n<ul>\n<li style=\"font-weight: 400;\" aria-level=\"1\"><b>Anexo III<\/b><span style=\"font-weight: 400;\"> tienen un potencial de abuso menor que las de los Anexos I y II y tienen aplicaciones m\u00e9dicas validadas. Algunos ejemplos son los esteroides anabolizantes y algunos depresores.<\/span><\/li>\n<\/ul>\n<ul>\n<li style=\"font-weight: 400;\" aria-level=\"1\"><b>Anexo IV<\/b><span style=\"font-weight: 400;\"> como el Valium y el Xanax, tienen un potencial de abuso menor y se aceptan para usos m\u00e9dicos con menos restricciones.<\/span><\/li>\n<\/ul>\n<ul>\n<li style=\"font-weight: 400;\" aria-level=\"1\"><b>Anexo V<\/b><span style=\"font-weight: 400;\"> incluye medicamentos con cantidades limitadas de sustancias controladas, como los preparados para la tos con menos de 200 miligramos de code\u00edna.<\/span><\/li>\n<\/ul>\n<ul>\n<li style=\"font-weight: 400;\" aria-level=\"1\"><b>Anexo VI<\/b><span style=\"font-weight: 400;\"> cubre los medicamentos que requieren receta pero que no est\u00e1n incluidos en los otros esquemas. Se trata de sustancias con el menor potencial de abuso y que tienen usos m\u00e9dicos aceptados.<\/span><\/li>\n<\/ul>\n<p><span style=\"font-weight: 400;\">Este sistema de clasificaci\u00f3n establece el marco de los delitos vinculados a cada lista. Pueden ayudarle a comprender las distintas restricciones legales y las penas en caso de condena.<\/span><\/p>\n<h2>Tipos de delitos de drogas en Virginia y sus penas<\/h2>\n<p><span style=\"font-weight: 400;\">El C\u00f3digo de Virginia regula las leyes estatales sobre drogas. Comprender los tipos de delitos de drogas puede ayudarle a mantenerse informado y precavido. Virginia tiene tres categor\u00edas principales: posesi\u00f3n, distribuci\u00f3n y fabricaci\u00f3n. Conocerlas le permite comprender el caso al que puede enfrentarse cuando le acusen de delitos relacionados con drogas.<\/span><\/p>\n<h3>Posesi\u00f3n<\/h3>\n<p><span style=\"font-weight: 400;\">La posesi\u00f3n se refiere a tener una sustancia controlada sin una receta v\u00e1lida. Incluso peque\u00f1as cantidades pueden acarrear problemas legales, cuya gravedad suele depender del tipo y la cantidad de la sustancia. Por ejemplo, poseer marihuana puede dar lugar a una acusaci\u00f3n de delito menor, mientras que tener drogas m\u00e1s fuertes, como la coca\u00edna, puede conducir a un delito grave.<\/span><\/p>\n<p><span style=\"font-weight: 400;\">Concretamente, la simple posesi\u00f3n de drogas del Anexo I o II, como hero\u00edna o coca\u00edna, est\u00e1 clasificada como delito grave de Clase 5. Puede suponer de uno a diez a\u00f1os o hasta doce meses de c\u00e1rcel y una multa de hasta 2.500 $. Sin embargo, la posesi\u00f3n de drogas del Anexo III, como los esteroides anabolizantes, se considera un delito menor de Clase 1. Se castiga con hasta doce meses de c\u00e1rcel y una multa de hasta 2.500 $.<\/span><\/p>\n<h3>Distribuci\u00f3n<\/h3>\n<p><span style=\"font-weight: 400;\">La distribuci\u00f3n se refiere a la venta o intenci\u00f3n de vender drogas ilegales. Es un delito m\u00e1s grave que la posesi\u00f3n, y las condenas conllevan largas penas de prisi\u00f3n y cuantiosas multas. Las fuerzas del orden suelen centrarse en quienes distribuyen grandes cantidades para cortar las cadenas de suministro, pero incluso regalar drogas a los amigos puede considerarse distribuci\u00f3n.<\/span><\/p>\n<p><span style=\"font-weight: 400;\">La distribuci\u00f3n de drogas del Anexo I o II conlleva graves penas por delito grave. Por un primer delito, uno puede enfrentarse a entre 5 y 40 a\u00f1os de prisi\u00f3n y una multa de hasta 500.000 d\u00f3lares. Un segundo delito aumenta la pena de prisi\u00f3n de cinco a\u00f1os a cadena perpetua, con un m\u00ednimo obligatorio de tres a\u00f1os. Un reincidente suele recibir una pena mayor.<\/span><\/p>\n<p><span style=\"font-weight: 400;\">Adem\u00e1s, la distribuci\u00f3n de sustancias del Anexo III es un delito grave de Clase 5. Se castiga con una pena de uno a 10 a\u00f1os o hasta 12 meses de c\u00e1rcel y una multa de hasta 2.500 $. Para las sustancias del Anexo IV, las penas son equivalentes a un delito grave de la Clase 6, que incluye de uno a cinco a\u00f1os de prisi\u00f3n y multas similares.<\/span><\/p>\n<p><span style=\"font-weight: 400;\">Distribuir drogas de los Anexos V y VI supone un delito menor de Clase 1, que conlleva hasta doce meses de c\u00e1rcel y multas no superiores a 2.500 $.<\/span><\/p>\n<h3>Fabricaci\u00f3n<\/h3>\n<p><span style=\"font-weight: 400;\">La fabricaci\u00f3n incluye la producci\u00f3n de drogas ilegales, como cultivar marihuana, cocinar metanfetamina o crear drogas sint\u00e9ticas. Virginia impone fuertes penas a quienes son sorprendidos fabricando y a quienes suministran el equipo o los ingredientes para la producci\u00f3n de drogas. Incluso la intenci\u00f3n de fabricar drogas sin terminar puede dar lugar a cargos graves.<\/span><\/p>\n<p><span style=\"font-weight: 400;\">Las penas por fabricaci\u00f3n pueden ser tan severas como las penas por distribuci\u00f3n. Supone penas potenciales de 5 a 40 a\u00f1os de prisi\u00f3n. Tiene multas determinadas por el tribunal, que pueden llegar hasta 500.000 $ por un primer delito. Ciertos casos, como la fabricaci\u00f3n cerca de escuelas o con menores implicados, pueden aumentar significativamente estas penas.<\/span><\/p>\n<p><span style=\"font-weight: 400;\">La estricta aplicaci\u00f3n de la ley en Virginia pretende disuadir de la creaci\u00f3n y difusi\u00f3n de sustancias controladas, sobre todo de las consideradas m\u00e1s peligrosas. Las graves consecuencias reflejan el riguroso enfoque del estado en materia de control de drogas. Aparte de las consecuencias legales, tambi\u00e9n puede encontrarse vulnerable a los efectos adversos de las acusaciones de drogas.<\/span><\/p>\n<h2>\u00bfC\u00f3mo evitar el impacto a largo plazo de los cargos de drogas?<\/h2>\n<p><span style=\"font-weight: 400;\">Ser acusado de una infracci\u00f3n relacionada con las drogas puede tener implicaciones importantes que van m\u00e1s all\u00e1 de las consecuencias legales inmediatas. Confiar su defensa a un abogado de cargos de drogas puede mitigar los efectos duraderos de una sentencia condenatoria. Algunos de los <\/span><span style=\"font-weight: 400;\">las posibles <\/span><span style=\"font-weight: 400;\">repercusiones de una acusaci\u00f3n o condena por delito de drogas incluyen las siguientes.<\/span><\/p>\n<h3>Estigma y consecuencias sociales<\/h3>\n<p><span style=\"font-weight: 400;\">Los cargos por drogas pueden causar importantes repercusiones sociales, que conducen a la estigmatizaci\u00f3n, la discriminaci\u00f3n y el aislamiento. Estos efectos negativos pueden da\u00f1ar gravemente las relaciones y erosionar el sentido de pertenencia, dificultando el mantenimiento de las relaciones. Las consecuencias sociales resultantes pueden ser duraderas y dif\u00edciles de superar.<\/span><\/p>\n<h3>Empleo y carrera profesional<\/h3>\n<p><span style=\"font-weight: 400;\">Los cargos de drogas pueden limitar gravemente las oportunidades futuras, dificultando la obtenci\u00f3n de puestos de trabajo, especialmente los que requieren confianza. Los pr\u00e9stamos educativos y la progresi\u00f3n profesional tambi\u00e9n pueden verse afectados. Este impacto es especialmente pronunciado entre los j\u00f3venes, lo que dificulta a\u00fan m\u00e1s el crecimiento profesional a largo plazo.<\/span><\/p>\n<h3>Salud mental y bienestar emocional<\/h3>\n<p><span style=\"font-weight: 400;\">Las acusaciones de delitos de drogas pueden desencadenar una espiral de salud mental, provocando estr\u00e9s, ansiedad y aislamiento. El miedo y la incertidumbre pueden ser abrumadores, temiendo una condena por su presunto delito. Con un abogado de cargos de drogas, usted puede tener la tranquilidad de saber que tiene a alguien que le protege. Pueden elaborar estrategias para su defensa, logrando un resultado favorable.<\/span><\/p>\n<h3>Permiso de conducir profesional<\/h3>\n<p><span style=\"font-weight: 400;\">Los cargos de drogas pueden frenar su permiso de conducir profesional. Podr\u00eda enfrentarse a la suspensi\u00f3n, la revocaci\u00f3n o incluso a problemas para conseguirlo. Estas infracciones tambi\u00e9n pueden impedir que obtenga las homologaciones necesarias para determinados camiones o veh\u00edculos.<\/span><\/p>\n<p><span style=\"font-weight: 400;\">Las acusaciones de delitos de abuso de sustancias pueden tener amplias implicaciones que van m\u00e1s all\u00e1 de la sala del tribunal. Debes buscar el apoyo de tus seres queridos y de profesionales de la salud mental para superar estos retos. Adem\u00e1s, recibir orientaci\u00f3n de un abogado de cargos de drogas puede mitigar el impacto potencial de su caso en su vida.<\/span><\/p>\n<h2>Llame a The Irving Law Firm para una estrategia de defensa s\u00f3lida<\/h2>\n<p><img decoding=\"async\" class=\"size-full wp-image-16938 alignright\" src=\"https:\/\/www.theirvinglawfirm.com\/wp-content\/uploads\/2024\/06\/contrate-abogado-de-cargo-de-drogas-de-the-irving-law-firm-para-obtener-paz-mental-en-el-proceso.jpg\" alt=\"Contrate A Un Abogado De Cargo De Drogas De The Irving Law Firm Para Obtener Paz Mental En El Proceso\" width=\"300\" height=\"200\" srcset=\"https:\/\/www.theirvinglawfirm.com\/wp-content\/uploads\/2024\/06\/contrate-abogado-de-cargo-de-drogas-de-the-irving-law-firm-para-obtener-paz-mental-en-el-proceso-66x44.jpg 66w, https:\/\/www.theirvinglawfirm.com\/wp-content\/uploads\/2024\/06\/contrate-abogado-de-cargo-de-drogas-de-the-irving-law-firm-para-obtener-paz-mental-en-el-proceso-177x118.jpg 177w, https:\/\/www.theirvinglawfirm.com\/wp-content\/uploads\/2024\/06\/contrate-abogado-de-cargo-de-drogas-de-the-irving-law-firm-para-obtener-paz-mental-en-el-proceso-200x133.jpg 200w, https:\/\/www.theirvinglawfirm.com\/wp-content\/uploads\/2024\/06\/contrate-abogado-de-cargo-de-drogas-de-the-irving-law-firm-para-obtener-paz-mental-en-el-proceso.jpg 300w\" sizes=\"(max-width: 300px) 100vw, 300px\" \/><\/p>\n<p><span style=\"font-weight: 400;\">Los experimentados abogados de defensa criminal de The Irving Law Firm proporcionan asistencia jur\u00eddica completa cuando se enfrenta a acusaciones de cargos de drogas en Virginia. Con nuestro enfoque compasivo y comprometido, nos dedicamos a guiarle con habilidad y competencia. Bas\u00e1ndonos en d\u00e9cadas de \u00e9xito en los tribunales, ofrecemos una representaci\u00f3n personalizada adaptada a las circunstancias \u00fanicas de su caso.<\/span><\/p>\n<p><span style=\"font-weight: 400;\">Nuestro equipo puede proporcionarle la defensa legal que necesita en Manassas, Fairfax, Arlington, Alexandria, Annandale o los alrededores de la zona norte de Virginia. Si se enfrenta a cargos relacionados con drogas, deje que The Irving Law Firm sea su defensor y le ayude a navegar con confianza por el sistema legal.<\/span><\/p>\n<p>&nbsp;<\/p>\n<p><span style=\"font-weight: 400;\">Ante cargos relacionados con drogas, encontrar el apoyo legal adecuado es primordial. Virginia trata con severidad los delitos de drogas, incluidas la posesi\u00f3n, distribuci\u00f3n y fabricaci\u00f3n. Sus clasificaciones de drogas, del Anexo I al VI, tienen sus correspondientes cargos por delitos menores y graves que pueden causarle penas de c\u00e1rcel y multas importantes. Las acusaciones tambi\u00e9n conllevan implicaciones que pueden afectar a muchos aspectos de su vida.<\/span><\/p>\n<p><span style=\"font-weight: 400;\">Recurriendo a los servicios de un abogado de cargos de drogas, usted podr\u00e1 afrontar su caso con confianza. <a href=\"https:\/\/www.theirvinglawfirm.com\/es\/\">The Irving Law Firm<\/a> aporta d\u00e9cadas de experiencia en derecho criminal a su representaci\u00f3n legal. Le ayudamos a obtener un resultado m\u00e1s favorable para los cargos que se le imputan.<\/span><\/p>\n<\/div><\/div><\/div><\/div><\/div>\n","protected":false},"excerpt":{"rendered":"","protected":false},"author":3,"featured_media":0,"parent":8435,"menu_order":0,"comment_status":"closed","ping_status":"closed","template":"100-width.php","meta":{"_analytify_skip_tracking":false,"rank_math_title":"Abogado De Cargos De Drogas Cerca De Manassas, VA","rank_math_description":"Un abogado de cargos de drogas puede defenderle de los cargos por delitos de drogas en Virginia. Descubra c\u00f3mo le pueden ayudar.","rank_math_focus_keyword":"Abogado De Cargos De Drogas","rank_math_canonical_url":"","footnotes":""},"class_list":["post-8421","page","type-page","status-publish","hentry"],"acf":[],"_links":{"self":[{"href":"https:\/\/www.theirvinglawfirm.com\/es\/wp-json\/wp\/v2\/pages\/8421","targetHints":{"allow":["GET"]}}],"collection":[{"href":"https:\/\/www.theirvinglawfirm.com\/es\/wp-json\/wp\/v2\/pages"}],"about":[{"href":"https:\/\/www.theirvinglawfirm.com\/es\/wp-json\/wp\/v2\/types\/page"}],"author":[{"embeddable":true,"href":"https:\/\/www.theirvinglawfirm.com\/es\/wp-json\/wp\/v2\/users\/3"}],"replies":[{"embeddable":true,"href":"https:\/\/www.theirvinglawfirm.com\/es\/wp-json\/wp\/v2\/comments?post=8421"}],"version-history":[{"count":3,"href":"https:\/\/www.theirvinglawfirm.com\/es\/wp-json\/wp\/v2\/pages\/8421\/revisions"}],"predecessor-version":[{"id":41711,"href":"https:\/\/www.theirvinglawfirm.com\/es\/wp-json\/wp\/v2\/pages\/8421\/revisions\/41711"}],"up":[{"embeddable":true,"href":"https:\/\/www.theirvinglawfirm.com\/es\/wp-json\/wp\/v2\/pages\/8435"}],"wp:attachment":[{"href":"https:\/\/www.theirvinglawfirm.com\/es\/wp-json\/wp\/v2\/media?parent=8421"}],"curies":[{"name":"wp","href":"https:\/\/api.w.org\/{rel}","templated":true}]}}