{"id":8404,"date":"2022-11-16T10:03:09","date_gmt":"2022-11-16T10:03:09","guid":{"rendered":"https:\/\/www.theirvinglawfirm.com\/primera-infraccion-dui\/"},"modified":"2025-02-12T22:06:47","modified_gmt":"2025-02-12T22:06:47","slug":"primera-infraccion-dui","status":"publish","type":"page","link":"https:\/\/www.theirvinglawfirm.com\/es\/areas-de-practica\/derecho-criminal\/dui\/primera-infraccion-dui\/","title":{"rendered":"Abogado criminal se ocupa de su primera infracci\u00f3n DUI"},"content":{"rendered":"<div class=\"fusion-fullwidth fullwidth-box fusion-builder-row-1 fusion-flex-container has-pattern-background has-mask-background nonhundred-percent-fullwidth non-hundred-percent-height-scrolling\" style=\"--awb-border-sizes-bottom:1px;--awb-border-radius-top-left:0px;--awb-border-radius-top-right:0px;--awb-border-radius-bottom-right:0px;--awb-border-radius-bottom-left:0px;--awb-flex-wrap:wrap;\" ><div class=\"fusion-builder-row fusion-row fusion-flex-align-items-flex-start fusion-flex-content-wrap\" style=\"max-width:1497.6px;margin-left: calc(-4% \/ 2 );margin-right: calc(-4% \/ 2 );\"><div class=\"fusion-layout-column fusion_builder_column fusion-builder-column-0 fusion_builder_column_1_1 1_1 fusion-flex-column\" style=\"--awb-bg-size:cover;--awb-width-large:100%;--awb-margin-top-large:0px;--awb-spacing-right-large:1.92%;--awb-margin-bottom-large:20px;--awb-spacing-left-large:0%;--awb-width-medium:100%;--awb-order-medium:0;--awb-spacing-right-medium:1.92%;--awb-spacing-left-medium:0%;--awb-width-small:100%;--awb-order-small:0;--awb-spacing-right-small:1.92%;--awb-spacing-left-small:1.92%;\" data-scroll-devices=\"small-visibility,medium-visibility,large-visibility\"><div class=\"fusion-column-wrapper fusion-column-has-shadow fusion-flex-justify-content-flex-start fusion-content-layout-column\"><div class=\"fusion-text fusion-text-1\"><p><span style=\"font-weight: 400;\">Enfrentarse a una <a href=\"https:\/\/www.theirvinglawfirm.com\/es\/areas-de-practica\/derecho-criminal\/dui\/\">primera infracci\u00f3n de DUI<\/a> en Virginia puede tener graves consecuencias. El Estado impone penas estrictas, incluidas multas, suspensi\u00f3n de la licencia y posibles penas de c\u00e1rcel. Los efectos a largo plazo sobre tu historial de conducci\u00f3n, las tarifas del seguro y el empleo pueden complicar la situaci\u00f3n. Aqu\u00ed es donde entra en juego la ayuda de un abogado de defensa criminal.<\/span><\/p>\n<p><span style=\"font-weight: 400;\">Comprender las leyes de DUI de Virginia y el proceso legal es crucial para los infractores primerizos. Conseguir un abogado de DUI es igualmente importante para impugnar las pruebas y abogar a su favor. Esta gu\u00eda cubre los aspectos espec\u00edficos y los pasos esenciales que debe dar cuando se enfrente<\/span><span style=\"font-weight: 400;\"> a su primera infracci\u00f3n.<\/span><\/p>\n<h2>\u00bfQu\u00e9 es una primera infracci\u00f3n DUI en Virginia?<\/h2>\n<p><span style=\"font-weight: 400;\">Si es la primera vez que usted comete una infracci\u00f3n, es necesario que comprenda las implicaciones de la acusaci\u00f3n. En Virginia se considera <a href=\"https:\/\/www.dmv.virginia.gov\/safety\/programs\/drinking\/drinking-driving\" target=\"_blank\" rel=\"noopener\">conducir bajo los efectos del alcohol ( DUI)<\/a> si el contenido de alcohol en sangre (BAC) es de 0,08% o superior. Se aplica al conducir un veh\u00edculo de motor, una embarcaci\u00f3n o una moto acu\u00e1tica.<\/span><\/p>\n<p><span style=\"font-weight: 400;\">Incluso con una tasa de alcoholemia m\u00e1s baja, puede considerarse que est\u00e1 bajo los efectos del alcohol si su capacidad para conducir el veh\u00edculo est\u00e1 alterada. Se aplican las mismas sanciones si su conducci\u00f3n se ve afectada por las drogas. Si se ve implicado en un accidente y un agente de la ley tiene una causa probable, puede detenerle por DUI.<\/span><\/p>\n<p><img decoding=\"async\" class=\"size-full wp-image-17213 aligncenter\" src=\"https:\/\/www.theirvinglawfirm.com\/wp-content\/uploads\/2024\/06\/obtenga-asesoria-legal-con-un-abogado-de-defensa-criminal-que-atraviese-con-usted-su-primera-infraccion-dui.jpg\" alt=\"Obtenga Asesor\u00eda Legal Con Un Abogado De Defensa Criminal Que Atraviese Con Usted Su Primera Infracci\u00f3n DUI\" width=\"800\" height=\"534\" \/><\/p>\n<p><span style=\"font-weight: 400;\">La detenci\u00f3n puede producirse en las tres horas siguientes al incidente, sin orden judicial y en cualquier lugar. No podr\u00eda solicitarlo en espera de juicio por una tercera o posterior detenci\u00f3n en el plazo de cinco a\u00f1os. Todas las leyes sobre conducci\u00f3n bajo los efectos del alcohol tambi\u00e9n se aplican a los ciclomotores en la v\u00eda p\u00fablica.<\/span><\/p>\n<p><span style=\"font-weight: 400;\">Los infractores por primera vez pueden enfrentarse a multas, suspensi\u00f3n de la licencia, programas obligatorios de educaci\u00f3n sobre el alcohol e incluso penas de c\u00e1rcel. Comprender estas posibles infracciones pone de relieve la importancia de tomarse en serio estas penas. Buscar asistencia jur\u00eddica puede lograr un resultado positivo.<\/span><\/p>\n<h2>\u00bfC\u00f3mo lleva el caso un abogado de DUI?<\/h2>\n<p><span style=\"font-weight: 400;\">Un abogado de defensa criminal puede influir significativamente en el resultado de una primera infracci\u00f3n DUI. Comprenden los entresijos de la ley y se asegurar\u00e1n de que se tomen todas las medidas necesarias, incluida la recopilaci\u00f3n de pruebas y la preparaci\u00f3n de las comparecencias ante el tribunal.<\/span><\/p>\n<p><span style=\"font-weight: 400;\">Un abogado de DUI ofrece un asesoramiento fundamental para manejar las interacciones con las fuerzas del orden y el sistema judicial. Sus conocimientos pueden ayudar a mitigar sanciones como multas, suspensi\u00f3n del permiso de conducir o penas de c\u00e1rcel. Con apoyo cualificado, puedes tomar decisiones informadas que podr\u00edan disminuir el impacto de una acusaci\u00f3n por DUI en su vida.<\/span><\/p>\n<p><span style=\"font-weight: 400;\">Adem\u00e1s, un abogado de DUI puede ayudarle a explorar opciones como acuerdos con la fiscal\u00eda o programas de penas alternativas. Estas opciones podr\u00edan estar disponibles para los delincuentes primerizos. A veces, estas alternativas pueden dar lugar a una reducci\u00f3n de los cargos o las penas.<\/span><\/p>\n<p><span style=\"font-weight: 400;\">Este apoyo le permite avanzar m\u00e1s r\u00e1pidamente y con menos trastornos en su vida cotidiana. Buscar ayuda legal profesional al principio del proceso es crucial para lograr el resultado ideal.<\/span><\/p>\n<h2>Sanciones por primera infracci\u00f3n DUI en Virginia<\/h2>\n<p><span style=\"font-weight: 400;\">Es esencial que conozca las penas a las que puede enfrentarse, ya que esto acentuar\u00e1 la importancia de preparar una defensa s\u00f3lida. Su abogado debe hacer todo lo posible para salvarle de un destino peor que la muerte. \u00c9stas son las consecuencias de una primera infracci\u00f3n:<\/span><\/p>\n<ul>\n<li style=\"font-weight: 400;\" aria-level=\"1\"><span style=\"font-weight: 400;\">Multas: Se enfrentar\u00e1 a una multa m\u00ednima de 250 $, que puede aumentar dependiendo de las circunstancias de su detenci\u00f3n.<\/span><\/li>\n<\/ul>\n<ul>\n<li style=\"font-weight: 400;\" aria-level=\"1\"><span style=\"font-weight: 400;\">Suspensi\u00f3n Del Permiso: Su permiso de conducir puede quedar suspendido hasta un a\u00f1o, lo que limita su movilidad e independencia.<\/span><\/li>\n<\/ul>\n<ul>\n<li style=\"font-weight: 400;\" aria-level=\"1\"><span style=\"font-weight: 400;\">C\u00e1rcel: Aunque la c\u00e1rcel no suele ser obligatoria, puede imponerse si su tasa de alcoholemia es significativamente superior al l\u00edmite legal. Esto tambi\u00e9n puede ocurrir si hay un accidente que cause lesiones o da\u00f1os materiales.<\/span><\/li>\n<li style=\"font-weight: 400;\" aria-level=\"1\"><span style=\"font-weight: 400;\">Programas De Educaci\u00f3n Sobre El Alcohol: Debe participar en programas obligatorios de educaci\u00f3n sobre el alcohol. Su objetivo es prevenir futuras infracciones fomentando un comportamiento responsable y la concienciaci\u00f3n sobre los peligros de conducir bajo los efectos del alcohol.<\/span><\/li>\n<\/ul>\n<p><span style=\"font-weight: 400;\">M\u00e1s all\u00e1 de las penas legales, una condena por DUI puede afectar a muchos aspectos de su vida. Puede tensar las relaciones personales, limitar las oportunidades profesionales y crear retos a largo plazo. Comprenderlos subraya la importancia de desarrollar una estrategia de defensa bien planificada para navegar eficazmente por el proceso judicial.<\/span><\/p>\n<h2>\u00bfCu\u00e1les son las consecuencias a largo plazo?<\/h2>\n<p><span style=\"font-weight: 400;\">Una condena por DUI tiene implicaciones de gran alcance, m\u00e1s all\u00e1 de las penas legales, que afectan significativamente a diversos aspectos de la vida de una persona. Comprender estas posibles consecuencias es esencial para cualquiera que se enfrente a tales cargos.<\/span><\/p>\n<h3>Antecedentes penales<\/h3>\n<p><span style=\"font-weight: 400;\">Una condena por DUI conlleva antecedentes penales permanentes, que pueden afectar a las relaciones personales y a las interacciones sociales. El Departamento de Polic\u00eda Estatal de Virginia es el custodio oficial de los registros de la mayor\u00eda de las infracciones penales. Reciba y conserve los antecedentes penales de todo el Estado.<\/span><\/p>\n<p><span style=\"font-weight: 400;\">El estigma puede dar lugar a prejuicios, lo que supone un reto importante que superar. Tambi\u00e9n puede repercutir en su salud mental y en su bienestar mientras navega por las consecuencias sociales y personales de su condena.<\/span><\/p>\n<h3>Impacto profesional<\/h3>\n<p><span style=\"font-weight: 400;\">Una condena de este tipo puede afectar gravemente a las oportunidades de empleo. Muchos empresarios revisan los registros de conducci\u00f3n y los antecedentes penales durante la comprobaci\u00f3n de antecedentes. Puede poner en peligro su trabajo actual y limitar sus perspectivas, sobre todo en campos que requieran un historial de conducci\u00f3n limpio o que impliquen el manejo de maquinaria.<\/span><\/p>\n<p><span style=\"font-weight: 400;\">Adem\u00e1s, una condena por DUI puede conllevar la p\u00e9rdida de licencias profesionales. Puede repercutir en las carreras de Derecho, Medicina, Transporte y otros campos que requieran tales credenciales.<\/span><\/p>\n<h3>Carga financiera<\/h3>\n<p><span style=\"font-weight: 400;\">Las consecuencias econ\u00f3micas de un DUI van m\u00e1s all\u00e1 de las multas iniciales y los gastos legales. El aumento de las primas del seguro, la p\u00e9rdida del trabajo y los gastos de transporte durante la suspensi\u00f3n del permiso son algunas de las cargas econ\u00f3micas a las que puede enfrentarse.<\/span><\/p>\n<p><span style=\"font-weight: 400;\">Los gastos adicionales incluyen las tasas de los programas o tratamientos ordenados por el tribunal. Estas tensiones financieras pueden acumularse r\u00e1pidamente, por lo que es esencial tener en cuenta todos los costos potenciales.<\/span><\/p>\n<p><span style=\"font-weight: 400;\">Dadas las importantes ramificaciones personales, profesionales y econ\u00f3micas de la condena, es crucial montar una defensa s\u00f3lida. Descubra c\u00f3mo un abogado de defensa criminal puede ofrecer estrategias legales para mitigar o prevenir estos impactos que alteran la vida.<\/span><\/p>\n<h2>\u00bfC\u00f3mo actuar\u00e1 ante su primera infracci\u00f3n DUI?<\/h2>\n<p><span style=\"font-weight: 400;\">Asumir una Primera Infracci\u00f3n DUI puede ser estresante, pero un abogado de defensa criminal puede proporcionar una orientaci\u00f3n y un apoyo valiosos. Desde el momento de la detenci\u00f3n, estos profesionales del Derecho act\u00faan como asesores de confianza, sentando las bases de las siguientes estrategias de defensa.<\/span><\/p>\n<h3>Mantenga la calma<\/h3>\n<p><span style=\"font-weight: 400;\">Debe mantener la calma cuando se enfrente a una detenci\u00f3n por conducir bajo los efectos del alcohol. Mantener la compostura le ayuda a pensar con claridad y a evitar acciones o declaraciones que puedan complicar su situaci\u00f3n. Es esencial cooperar con los agentes de la ley y seguir sus instrucciones sin discutir ni resistirse.<\/span><\/p>\n<h3>Conozca sus derechos<\/h3>\n<p><span style=\"font-weight: 400;\">Ejercer sus derechos, como permanecer en silencio y solicitar representaci\u00f3n legal, es fundamental. Es aconsejable informar cort\u00e9smente a los agentes de su intenci\u00f3n de ejercer estos derechos. Evite hacer declaraciones o admisiones sin su abogado. Lo que diga puede utilizarse en su contra ante un tribunal.<\/span><\/p>\n<h3>Som\u00e9tase a las pruebas requeridas<\/h3>\n<p><span style=\"font-weight: 400;\">Negarse a someterse a una prueba de alcoholemia o de sangre en Virginia puede acarrear sanciones adicionales, incluida la suspensi\u00f3n autom\u00e1tica de la licencia. Cumpla las pruebas exigidas para evitar estos recargos. Sin embargo, f\u00edjese en los detalles del proceso de prueba, ya que cualquier error de procedimiento puede ser crucial para su defensa.<\/span><\/p>\n<h3>Documente los detalles<\/h3>\n<p><span style=\"font-weight: 400;\">Es aconsejable documentar tantos detalles como sea posible tras la detenci\u00f3n. Anotar la hora, el lugar, las interacciones con los agentes y otros datos pertinentes puede resultar muy valioso para que tu abogado elabore una estrategia de defensa eficaz.<\/span><\/p>\n<h3>Reciba asesor\u00eda legal<\/h3>\n<p><span style=\"font-weight: 400;\">Ponerse en contacto con un abogado de DUI garantiza el acceso a una orientaci\u00f3n esencial, una evaluaci\u00f3n jur\u00eddica exhaustiva y el desarrollo de una estrategia de defensa a medida. Sus conocimientos y habilidades salvaguardan sus derechos y maximizan sus perspectivas de obtener un resultado favorable.<\/span><\/p>\n<p><span style=\"font-weight: 400;\">Una vez que haya dado estos pasos necesarios, es hora de dejar que le defienda una firma de abogados acreditada. Con sus conocimientos de derecho criminal y defensa en casos de DUI, los abogados experimentados pueden proporcionar la defensa y el apoyo necesarios. Pueden ayudarle a entender los matices de su caso.<\/span><\/p>\n<h2>\u00bfPor qu\u00e9 debe acudir a The Irving Law Firm?<\/h2>\n<p><img decoding=\"async\" class=\"wp-image-17215 size-medium alignright\" src=\"https:\/\/www.theirvinglawfirm.com\/wp-content\/uploads\/2024\/06\/un-abogado-de-defensa-criminal-ayuda-con-una-primera-infraccion-de-dui-300x200.jpg\" alt=\"Un Abogado De Defensa Criminal Ayuda Con Una Primera Infracci\u00f3n De DUI\" width=\"300\" height=\"200\" srcset=\"https:\/\/www.theirvinglawfirm.com\/wp-content\/uploads\/2024\/06\/un-abogado-de-defensa-criminal-ayuda-con-una-primera-infraccion-de-dui-66x44.jpg 66w, https:\/\/www.theirvinglawfirm.com\/wp-content\/uploads\/2024\/06\/un-abogado-de-defensa-criminal-ayuda-con-una-primera-infraccion-de-dui-177x118.jpg 177w, https:\/\/www.theirvinglawfirm.com\/wp-content\/uploads\/2024\/06\/un-abogado-de-defensa-criminal-ayuda-con-una-primera-infraccion-de-dui-200x133.jpg 200w, https:\/\/www.theirvinglawfirm.com\/wp-content\/uploads\/2024\/06\/un-abogado-de-defensa-criminal-ayuda-con-una-primera-infraccion-de-dui-300x200.jpg 300w, https:\/\/www.theirvinglawfirm.com\/wp-content\/uploads\/2024\/06\/un-abogado-de-defensa-criminal-ayuda-con-una-primera-infraccion-de-dui-320x213.jpg 320w, https:\/\/www.theirvinglawfirm.com\/wp-content\/uploads\/2024\/06\/un-abogado-de-defensa-criminal-ayuda-con-una-primera-infraccion-de-dui-400x267.jpg 400w, https:\/\/www.theirvinglawfirm.com\/wp-content\/uploads\/2024\/06\/un-abogado-de-defensa-criminal-ayuda-con-una-primera-infraccion-de-dui-460x307.jpg 460w, https:\/\/www.theirvinglawfirm.com\/wp-content\/uploads\/2024\/06\/un-abogado-de-defensa-criminal-ayuda-con-una-primera-infraccion-de-dui-540x360.jpg 540w, https:\/\/www.theirvinglawfirm.com\/wp-content\/uploads\/2024\/06\/un-abogado-de-defensa-criminal-ayuda-con-una-primera-infraccion-de-dui-600x400.jpg 600w, https:\/\/www.theirvinglawfirm.com\/wp-content\/uploads\/2024\/06\/un-abogado-de-defensa-criminal-ayuda-con-una-primera-infraccion-de-dui-669x446.jpg 669w, https:\/\/www.theirvinglawfirm.com\/wp-content\/uploads\/2024\/06\/un-abogado-de-defensa-criminal-ayuda-con-una-primera-infraccion-de-dui-700x467.jpg 700w, https:\/\/www.theirvinglawfirm.com\/wp-content\/uploads\/2024\/06\/un-abogado-de-defensa-criminal-ayuda-con-una-primera-infraccion-de-dui-768x512.jpg 768w, https:\/\/www.theirvinglawfirm.com\/wp-content\/uploads\/2024\/06\/un-abogado-de-defensa-criminal-ayuda-con-una-primera-infraccion-de-dui-800x534.jpg 800w, https:\/\/www.theirvinglawfirm.com\/wp-content\/uploads\/2024\/06\/un-abogado-de-defensa-criminal-ayuda-con-una-primera-infraccion-de-dui-940x627.jpg 940w, https:\/\/www.theirvinglawfirm.com\/wp-content\/uploads\/2024\/06\/un-abogado-de-defensa-criminal-ayuda-con-una-primera-infraccion-de-dui.jpg 1000w\" sizes=\"(max-width: 300px) 100vw, 300px\" \/><\/p>\n<p><span style=\"font-weight: 400;\">Enfrentarse a una Primera Infracci\u00f3n DUI puede estar lleno de complejidades legales y consecuencias potenciales que pueden afectar significativamente su vida. Buscar la ayuda de una firma de abogados acreditada es crucial para superar estos retos. The Irving Law Firm de Manassas, VA, es una elecci\u00f3n inteligente por varias razones de peso.<\/span><\/p>\n<p><span style=\"font-weight: 400;\">Nuestro equipo de abogados de defensa criminal se centra en casos de DUI. Nuestro profundo conocimiento de las leyes de Virginia garantiza que usted reciba una orientaci\u00f3n cualificada y adaptada a su situaci\u00f3n. Conocemos bien los entresijos de los cargos de DUI, desde los procedimientos iniciales de detenci\u00f3n hasta las posibles defensas en los tribunales.<\/span><\/p>\n<p><span style=\"font-weight: 400;\">Nuestro enfoque personalizado nos distingue. Reconociendo que cada caso es \u00fanico, nos tomamos el tiempo necesario para comprender los detalles de su situaci\u00f3n y proporcionamos estrategias legales personalizadas. Esta atenci\u00f3n individualizada garantiza que te sientas apoyado y bien representado durante todo el proceso legal.<\/span><\/p>\n<p><span style=\"font-weight: 400;\">Se nos conoce por nuestro s\u00f3lido historial de defensas exitosas en casos de DUI. Nuestro compromiso con la investigaci\u00f3n exhaustiva, la preparaci\u00f3n meticulosa y la representaci\u00f3n agresiva han dado lugar a resultados favorables para muchos clientes. Esto es evidente en nuestras negociaciones para reducir los cargos, abogar por penas alternativas y luchar por una absoluci\u00f3n.<\/span><\/p>\n<p><span style=\"font-weight: 400;\">Elegir a <a href=\"https:\/\/www.theirvinglawfirm.com\/es\/\">The Irving Law Firm<\/a> para su Primera Infracci\u00f3n DUI significa buscar apoyo legal experimentado, personalizado y probado. Nuestra competencia y dedicaci\u00f3n ofrecen la posibilidad de minimizar el impacto de una acusaci\u00f3n por conducir bajo los efectos del alcohol, permiti\u00e9ndole avanzar con confianza.<\/span><\/p>\n<h2>Resumen<\/h2>\n<p><span style=\"font-weight: 400;\">Navegar por su Primera Infracci\u00f3n DUI en Virginia requiere una acci\u00f3n estrat\u00e9gica y un asesoramiento jur\u00eddico fiable. Las consecuencias, que van desde las multas a la suspensi\u00f3n de la licencia, subrayan la importancia de comprender los entresijos de la ley y asegurarse una representaci\u00f3n cualificada.<\/span><\/p>\n<p><span style=\"font-weight: 400;\">Un abogado de DUI proporciona orientaci\u00f3n legal y asesoramiento sobre las interacciones con las fuerzas del orden y el sistema judicial. Exploran opciones como acuerdos de culpabilidad y programas de penas alternativas para lograr un resultado favorable.<\/span><\/p>\n<p><span style=\"font-weight: 400;\">Con un apoyo jur\u00eddico proactivo, puede llevar su caso con confianza. Confiar en una firma de abogados de prestigio como The Irving Law Firm garantiza una atenci\u00f3n personalizada y una defensa estrat\u00e9gica. Si lo hace, maximizar\u00e1 sus posibilidades de obtener una resoluci\u00f3n positiva en cada fase del proceso judicial.<\/span><\/p>\n<\/div><\/div><\/div><\/div><\/div>\n","protected":false},"excerpt":{"rendered":"","protected":false},"author":3,"featured_media":0,"parent":8407,"menu_order":0,"comment_status":"closed","ping_status":"closed","template":"100-width.php","meta":{"_analytify_skip_tracking":false,"rank_math_title":"Abogado de primera infracci\u00f3n DUI cerca de Manassas, VA","rank_math_description":"Enfrentar una primera infracci\u00f3n DUI en VA requiere de un buen abogado. Obtenga asesor\u00eda para proteger sus derechos y reducir el impacto legal.","rank_math_focus_keyword":"Primera Infracci\u00f3n DUI","rank_math_canonical_url":"","footnotes":""},"class_list":["post-8404","page","type-page","status-publish","hentry"],"acf":[],"_links":{"self":[{"href":"https:\/\/www.theirvinglawfirm.com\/es\/wp-json\/wp\/v2\/pages\/8404","targetHints":{"allow":["GET"]}}],"collection":[{"href":"https:\/\/www.theirvinglawfirm.com\/es\/wp-json\/wp\/v2\/pages"}],"about":[{"href":"https:\/\/www.theirvinglawfirm.com\/es\/wp-json\/wp\/v2\/types\/page"}],"author":[{"embeddable":true,"href":"https:\/\/www.theirvinglawfirm.com\/es\/wp-json\/wp\/v2\/users\/3"}],"replies":[{"embeddable":true,"href":"https:\/\/www.theirvinglawfirm.com\/es\/wp-json\/wp\/v2\/comments?post=8404"}],"version-history":[{"count":0,"href":"https:\/\/www.theirvinglawfirm.com\/es\/wp-json\/wp\/v2\/pages\/8404\/revisions"}],"up":[{"embeddable":true,"href":"https:\/\/www.theirvinglawfirm.com\/es\/wp-json\/wp\/v2\/pages\/8407"}],"wp:attachment":[{"href":"https:\/\/www.theirvinglawfirm.com\/es\/wp-json\/wp\/v2\/media?parent=8404"}],"curies":[{"name":"wp","href":"https:\/\/api.w.org\/{rel}","templated":true}]}}