{"id":8393,"date":"2022-11-16T10:07:23","date_gmt":"2022-11-16T10:07:23","guid":{"rendered":"https:\/\/www.theirvinglawfirm.com\/segunda-multiple-infraccion-dui\/"},"modified":"2025-02-12T22:06:23","modified_gmt":"2025-02-12T22:06:23","slug":"segunda-multiple-infraccion-dui","status":"publish","type":"page","link":"https:\/\/www.theirvinglawfirm.com\/es\/areas-de-practica\/derecho-criminal\/dui\/segunda-multiple-infraccion-dui\/","title":{"rendered":"Abogado criminalista le ayuda en segunda infracci\u00f3n de DUI"},"content":{"rendered":"<div class=\"fusion-fullwidth fullwidth-box fusion-builder-row-1 fusion-flex-container has-pattern-background has-mask-background nonhundred-percent-fullwidth non-hundred-percent-height-scrolling\" style=\"--awb-border-sizes-bottom:1px;--awb-border-radius-top-left:0px;--awb-border-radius-top-right:0px;--awb-border-radius-bottom-right:0px;--awb-border-radius-bottom-left:0px;--awb-flex-wrap:wrap;\" ><div class=\"fusion-builder-row fusion-row fusion-flex-align-items-flex-start fusion-flex-content-wrap\" style=\"max-width:1497.6px;margin-left: calc(-4% \/ 2 );margin-right: calc(-4% \/ 2 );\"><div class=\"fusion-layout-column fusion_builder_column fusion-builder-column-0 fusion_builder_column_1_1 1_1 fusion-flex-column\" style=\"--awb-bg-size:cover;--awb-width-large:100%;--awb-margin-top-large:0px;--awb-spacing-right-large:1.92%;--awb-margin-bottom-large:20px;--awb-spacing-left-large:0%;--awb-width-medium:100%;--awb-order-medium:0;--awb-spacing-right-medium:1.92%;--awb-spacing-left-medium:0%;--awb-width-small:100%;--awb-order-small:0;--awb-spacing-right-small:1.92%;--awb-spacing-left-small:1.92%;\" data-scroll-devices=\"small-visibility,medium-visibility,large-visibility\"><div class=\"fusion-column-wrapper fusion-column-has-shadow fusion-flex-justify-content-flex-start fusion-content-layout-column\"><div class=\"fusion-text fusion-text-1\"><p><span style=\"font-weight: 400;\">\u00bfLe han acusado alguna vez de una segunda infracci\u00f3n de DUI en Virginia? Una consecuencia de una condena que normalmente se pasa por alto es c\u00f3mo afecta a cargos posteriores por infracciones similares. En esta situaci\u00f3n, sus ramificaciones legales pueden afectar gravemente su vida. Por tanto, un <a href=\"https:\/\/www.theirvinglawfirm.com\/es\/areas-de-practica\/derecho-criminal\/dui\/primera-infraccion-dui\/\">abogado de defensa criminal<\/a> es su aliado y su salvavidas para defender sus derechos como presunto delincuente reincidente.<\/span><\/p>\n<p><span style=\"font-weight: 400;\">Aqu\u00ed aprender\u00e1 las penas a las que puedes enfrentarse y c\u00f3mo trabajar con un abogado experimentado puede influir en el resultado de su caso. Aprenda c\u00f3mo pueden protegerle y reducir las consecuencias de otro delito por conducir bajo los efectos del alcohol.<\/span><\/p>\n<p><img decoding=\"async\" class=\"size-full wp-image-17136 aligncenter\" src=\"https:\/\/www.theirvinglawfirm.com\/wp-content\/uploads\/2024\/06\/un-abogado-de-defensa-criminal-es-su-principal-aliado-si-le-acusan-de-cometer-una-segunda-infraccion-dui.jpg\" alt=\"Un Abogado De Defensa Criminal Es Su Principal Aliado Si Le Acusan De Cometer Una Segunda Infracci\u00f3n DUI\" width=\"800\" height=\"553\" \/><\/p>\n<h2>Contrate A Un Abogado Para Su Segunda Infracci\u00f3n De DUI<\/h2>\n<p><span style=\"font-weight: 400;\">Debe elegir cuidadosamente a su abogado de defensa criminal cuando se enfrente a una DUI reiterada. Optar por alguien con un historial en el tratamiento de m\u00faltiples delitos puede aumentar las posibilidades de un resultado favorable para su caso. Su familiaridad con los entresijos de la reincidencia puede marcar la diferencia en su defensa. He aqu\u00ed algunas estrategias que pueden utilizar para defenderle.<\/span><\/p>\n<h3>Impugnar La Parada De Tr\u00e1fico<\/h3>\n<p><span style=\"font-weight: 400;\">La estrategia principal de un abogado es examinar la legalidad de la parada de tr\u00e1fico. La polic\u00eda debe tener motivos v\u00e1lidos para parar su veh\u00edculo, como una infracci\u00f3n de tr\u00e1fico o signos visibles de deterioro. Demostrando que la parada carec\u00eda de causa probable, cualquier prueba durante la misma podr\u00eda ser considerada inadmisible ante un tribunal.<\/span><\/p>\n<h3>Cuestionamiento De Los Procedimientos De Pruebas De Sobriedad<\/h3>\n<p><span style=\"font-weight: 400;\">Las pruebas de alcoholemia suelen ser fundamentales en los casos <a href=\"https:\/\/en.wikipedia.org\/wiki\/Driving_under_the_influence\" target=\"_blank\" rel=\"noopener\">de DUI<\/a>. Sin embargo, estas pruebas no son infalibles. Un abogado de defensa criminal identifica los errores de procedimiento o las condiciones que podr\u00edan afectar a los resultados. Por ejemplo, pueden examinar si el agente administr\u00f3 la prueba adecuadamente o mantuvo correctamente el dispositivo de alcoholemia. Cualquier fallo en estas \u00e1reas puede ser decisivo para desacreditar las pruebas.<\/span><\/p>\n<h3>Investigar La Conducta De Los Agentes<\/h3>\n<p><span style=\"font-weight: 400;\">La conducta de los agentes que le detuvieron es vital para la validez de los cargos que se le imputan. Un abogado de DUI revisa el proceso de detenci\u00f3n para descubrir desviaciones de los procedimientos legales est\u00e1ndar. Suponga que descubren que los agentes no siguieron el protocolo, manipularon mal las pruebas o violaron sus derechos durante la detenci\u00f3n. Estas cuestiones constituyen la base de una defensa s\u00f3lida, que puede conducir a la desestimaci\u00f3n de los cargos.<\/span><\/p>\n<h3>Negociar Acuerdos De Culpabilidad<\/h3>\n<p><span style=\"font-weight: 400;\">En muchos casos, especialmente en los de reincidencia, negociar un acuerdo puede ser estrat\u00e9gico. Un abogado especializado en DUI puede mediar con los fiscales para reducir sus cargos o penas. Puede implicar declararse culpable de un delito menor a cambio de una condena m\u00e1s indulgente.<\/span><\/p>\n<h3>Impulsar Las Penas Alternativas<\/h3>\n<p><span style=\"font-weight: 400;\">Adem\u00e1s de impugnar las pruebas y negociar acuerdos, un abogado de DUI puede abogar por opciones de condena alternativas. En lugar de penas de c\u00e1rcel, podr\u00edan proponer la inscripci\u00f3n en programas de educaci\u00f3n sobre el alcohol, servicios a la comunidad o tratamiento por abuso de sustancias.<\/span><\/p>\n<p><span style=\"font-weight: 400;\">Estas alternativas pretenden reducir el impacto inmediato de una condena y abordar los problemas subyacentes, ofreciendo un enfoque m\u00e1s rehabilitador. A veces, los tribunales est\u00e1n abiertos a estas opciones legales, sobre todo si su abogado puede demostrar su compromiso de hacer cambios positivos.<\/span><\/p>\n<p><span style=\"font-weight: 400;\">Los resultados de este caso pueden variar mucho, pero con un abogado de defensa criminal experimentado, aumentan las posibilidades de un resultado m\u00e1s favorable. Entre las posibles consecuencias est\u00e1 la reducci\u00f3n de los cargos -de delito grave a delito menor, por ejemplo- o el sobreseimiento total. El objetivo \u00faltimo es minimizar el efecto de la acusaci\u00f3n en su vida, ya sea rebajando la condena o limitando las multas.<\/span><\/p>\n<h2>Comprender Las Implicaciones Legales De La Segunda Infracci\u00f3n<\/h2>\n<p><span style=\"font-weight: 400;\">En Virginia, un cargo por DUI puede derivarse no solo de la conducci\u00f3n en estado de embriaguez por alcohol, sino tambi\u00e9n del deterioro debido a las drogas. El umbral legal de concentraci\u00f3n de alcohol en sangre es de 0,08% para los conductores mayores de 21 a\u00f1os. Para los conductores comerciales, el l\u00edmite baja al 0,04%. Para los menores de edad, cualquier tasa de alcohol detectable puede justificar una acusaci\u00f3n.<\/span><\/p>\n<p><span style=\"font-weight: 400;\">Cuando se enfrenta a un cargo de DUI en Virginia, las penas son severas y aumentan significativamente en funci\u00f3n del momento en que se cometi\u00f3 el delito anterior. Esto es lo que debe saber sobre las penas obligatorias por un segundo delito de conducir bajo los efectos del alcohol:<\/span><\/p>\n<ul>\n<li style=\"font-weight: 400;\" aria-level=\"1\"><b>Prisi\u00f3n M\u00ednima Obligatoria:<\/b><span style=\"font-weight: 400;\"> Si ocurri\u00f3 en un plazo de cinco a\u00f1os, se enfrenta a un m\u00ednimo de 20 d\u00edas de c\u00e1rcel. Si el segundo delito se produce despu\u00e9s de m\u00e1s de cinco a\u00f1os, pero dentro de un plazo de diez a\u00f1os, la pena m\u00ednima obligatoria de prisi\u00f3n se reduce a 10 d\u00edas. <\/span><\/li>\n<li style=\"font-weight: 400;\" aria-level=\"1\"><b>Suspensi\u00f3n Prolongada De La Licencia:<\/b><span style=\"font-weight: 400;\"> Una segunda condena por DUI conlleva la suspensi\u00f3n del permiso de conducir durante tres a\u00f1os. Esta suspensi\u00f3n prolongada puede afectar dr\u00e1sticamente a su vida diaria y a su movilidad.<\/span><\/li>\n<li style=\"font-weight: 400;\" aria-level=\"1\"><b>Multas:<\/b><span style=\"font-weight: 400;\"> Las sanciones econ\u00f3micas por una segunda DUI son importantes. Se enfrentar\u00e1 a multas de entre 500 y 2.500 d\u00f3lares, dependiendo de las particularidades de su caso.<\/span><\/li>\n<li style=\"font-weight: 400;\" aria-level=\"1\"><b>Dispositivo De Bloqueo Del Encendido:<\/b><span style=\"font-weight: 400;\"> Este dispositivo exige una prueba de alcoholemia antes de arrancar el veh\u00edculo, lo que garantiza que no vuelva a conducir bajo sus efectos. <\/span><\/li>\n<li style=\"font-weight: 400;\" aria-level=\"1\"><b>Inscripci\u00f3n En El ASAP:<\/b><span style=\"font-weight: 400;\"> La participaci\u00f3n obligatoria en el Programa de Acci\u00f3n para la Seguridad en el Consumo de Alcohol de Virginia subraya el enfoque preventivo y educativo del estado respecto a la conducci\u00f3n bajo los efectos del alcohol.<\/span><\/li>\n<li style=\"font-weight: 400;\" aria-level=\"1\"><b>Antecedentes Penales:<\/b><span style=\"font-weight: 400;\"> Cualquier segunda condena por DUI se clasifica como delito menor de Clase 1, lo que repercute en los antecedentes p\u00fablicos del infractor y puede afectar a futuras oportunidades.<\/span><\/li>\n<\/ul>\n<p><span style=\"font-weight: 400;\">Navegar por las leyes de DUI requiere comprender las diferencias en las penas entre los delitos que se producen en distintos marcos temporales. Evaluar a fondo la gravedad de las consecuencias puede ayudarle a prepararse mejor para el proceso judicial y a buscar la representaci\u00f3n legal adecuada.<\/span><\/p>\n<h2>D\u00e9se Cuenta Del Impacto A Largo Plazo De La Condena En Su Vida<\/h2>\n<p><span style=\"font-weight: 400;\">Los efectos a largo plazo de una segunda condena por DUI son profundos y variados, y afectan a varios aspectos de la vida. Es crucial comprender estos impactos, por qu\u00e9 se producen y qu\u00e9 puede hacer para mitigarlos.<\/span><\/p>\n<h3>Efectos En El Empleo<\/h3>\n<p><span style=\"font-weight: 400;\">Los empresarios suelen comprobar los antecedentes, y una condena por conducir bajo los efectos del alcohol puede tener consecuencias, sobre todo en trabajos que requieran conducir o manejar maquinaria pesada. Legalmente, los empresarios pueden rescindir el contrato si el puesto exige un historial limpio o si las acciones del empleado no reflejan los valores de la empresa.<\/span><\/p>\n<p><span style=\"font-weight: 400;\">Adem\u00e1s, permitir conducir a un trabajador con el carn\u00e9 suspendido puede exponer al empresario a responsabilidades legales en caso de accidente. Como consecuencia, los empresarios suelen ser m\u00e1s cautelosos con estas infracciones.<\/span><\/p>\n<h3>Impacto En Las Oportunidades Educativas<\/h3>\n<p><span style=\"font-weight: 400;\">Las facultades y universidades suelen tener pol\u00edticas de conducta que incluyen el cumplimiento de las leyes locales, estatales y federales. Una condena por DUI puede desencadenar acciones disciplinarias porque puede reflejar un comportamiento que contradice las normas de conducta estudiantil de la instituci\u00f3n.<\/span><\/p>\n<p><span style=\"font-weight: 400;\">Dependiendo de las pol\u00edticas del centro, las medidas disciplinarias pueden ir desde la libertad condicional dentro de la instituci\u00f3n hasta consecuencias m\u00e1s graves como la expulsi\u00f3n. La ayuda econ\u00f3mica y las oportunidades de obtener becas tambi\u00e9n podr\u00edan verse afectadas, ya que muchas exigen que los estudiantes mantengan un expediente judicial limpio.<\/span><\/p>\n<h3>Influencia En Las Relaciones Sociales Y Personales<\/h3>\n<p><span style=\"font-weight: 400;\">El estigma de un DUI puede provocar tensiones en las relaciones personales y sociales. La percepci\u00f3n de irresponsabilidad puede alterar la din\u00e1mica personal y disminuir las oportunidades profesionales. Sin embargo, la franqueza y la responsabilidad en el manejo de la situaci\u00f3n pueden mitigar las percepciones negativas y ayudar a reconstruir la confianza con el tiempo.<\/span><\/p>\n<p><span style=\"font-weight: 400;\">Aunque las ramificaciones de un segundo DUI son graves, enfrentarse a una acusaci\u00f3n de este tipo no es el fin de la vida personal o profesional. Muchos superan con \u00e9xito las repercusiones con la orientaci\u00f3n jur\u00eddica adecuada, la resistencia personal y el apoyo de la comunidad. Comprender estos impactos puede permitir una mejor toma de decisiones y ajustes en el estilo de vida tras la acusaci\u00f3n.<\/span><\/p>\n<h2>Evite Una Segunda Infracci\u00f3n De DUI Con Estos Consejos Pr\u00e1cticos<\/h2>\n<p><span style=\"font-weight: 400;\">Tras enfrentarse a una acusaci\u00f3n por conducir bajo los efectos del alcohol, adoptar medidas para evitar una segunda infracci\u00f3n es crucial. He aqu\u00ed algunos consejos pr\u00e1cticos de abogados experimentados que le ayudar\u00e1n a no repetir el error:<\/span><\/p>\n<ul>\n<li style=\"font-weight: 400;\" aria-level=\"1\"><b>Tenga Un Conductor Designado:<\/b><span style=\"font-weight: 400;\"> Si piensa beber, debes planificarlo siempre designando a un conductor sobrio. Una persona de confianza que se asegure de que llegue a casa sano y salvo puede eliminar el riesgo de conducir bajo los efectos del alcohol.<\/span><\/li>\n<li style=\"font-weight: 400;\" aria-level=\"1\"><b>Utilice El Transporte P\u00fablico O Los Servicios De Transporte Compartido:<\/b><span style=\"font-weight: 400;\"> Utilice el transporte p\u00fablico o los servicios de transporte compartido. Estas opciones est\u00e1n f\u00e1cilmente disponibles y pueden transportarle de forma segura a casa sin conducir despu\u00e9s de beber.<\/span><\/li>\n<li style=\"font-weight: 400;\" aria-level=\"1\"><b>Limite Su Consumo De Alcohol:<\/b><span style=\"font-weight: 400;\"> Vigile y limite el consumo de alcohol. Beber en exceso puede aumentar la probabilidad de tomar malas decisiones, incluida la de conducir bajo los efectos del alcohol.<\/span><\/li>\n<li style=\"font-weight: 400;\" aria-level=\"1\"><b>Conozca Los L\u00edmites Legales Y Las Leyes:<\/b><span style=\"font-weight: 400;\"> Mant\u00e9ngase informado sobre los l\u00edmites legales de alcohol y las leyes de DUI de su estado. Comprender estas leyes puede ayudarle a tomar mejores decisiones y a evitar problemas legales.<\/span><\/li>\n<li style=\"font-weight: 400;\" aria-level=\"1\"><b>Evite La Presi\u00f3n De Grupo:<\/b><span style=\"font-weight: 400;\"> No sucumba a la presi\u00f3n de grupo para beber m\u00e1s o conducir cuando no debe. Mant\u00e9ngase firme en su decisi\u00f3n de permanecer seguro y sobrio al volante.<\/span><\/li>\n<\/ul>\n<p><span style=\"font-weight: 400;\">Tomar medidas proactivas garantiza su seguridad y la de los dem\u00e1s en la carretera. Recuerde, una DUI es una infracci\u00f3n grave, y evitar una segunda infracci\u00f3n requiere compromiso y un comportamiento responsable. Sin embargo, si se enfrenta a una acusaci\u00f3n posterior, un abogado de defensa criminal puede ser su aliado para mitigar las consecuencias.<\/span><\/p>\n<h2>Busque La Ayuda De The Irving Law Firm En Manassas, VA<\/h2>\n<p><img decoding=\"async\" class=\"size-full wp-image-17138 alignright\" src=\"https:\/\/www.theirvinglawfirm.com\/wp-content\/uploads\/2024\/06\/consiga-representacion-legal-inmediata-si-enfrenta-cargos-por-segunda-infraccion-dui.jpg\" alt=\"Consiga Representaci\u00f3n Legal Inmediata Si Enfrenta Cargos Por Segunda Infracci\u00f3n DUI\" width=\"300\" height=\"200\" srcset=\"https:\/\/www.theirvinglawfirm.com\/wp-content\/uploads\/2024\/06\/consiga-representacion-legal-inmediata-si-enfrenta-cargos-por-segunda-infraccion-dui-66x44.jpg 66w, https:\/\/www.theirvinglawfirm.com\/wp-content\/uploads\/2024\/06\/consiga-representacion-legal-inmediata-si-enfrenta-cargos-por-segunda-infraccion-dui-177x118.jpg 177w, https:\/\/www.theirvinglawfirm.com\/wp-content\/uploads\/2024\/06\/consiga-representacion-legal-inmediata-si-enfrenta-cargos-por-segunda-infraccion-dui-200x133.jpg 200w, https:\/\/www.theirvinglawfirm.com\/wp-content\/uploads\/2024\/06\/consiga-representacion-legal-inmediata-si-enfrenta-cargos-por-segunda-infraccion-dui.jpg 300w\" sizes=\"(max-width: 300px) 100vw, 300px\" \/><\/p>\n<p><span style=\"font-weight: 400;\">The Irving Law Firm puede proporcionarle el apoyo y la representaci\u00f3n que necesita si se enfrenta a una segunda infracci\u00f3n de DUI. A trav\u00e9s de nuestro experimentado abogado de defensa criminal, le informaremos sobre los aspectos legales de esta acusaci\u00f3n. Nos centramos en elaborar estrategias s\u00f3lidas adaptadas a las circunstancias espec\u00edficas de su caso.<\/span><\/p>\n<p><span style=\"font-weight: 400;\">Enfrentarse a una situaci\u00f3n jur\u00eddica grave puede, comprensiblemente, causar confusi\u00f3n y estr\u00e9s en un momento ya de por s\u00ed problem\u00e1tico. Nuestro equipo entiende los matices de las leyes de DUI de Virginia y utiliza este conocimiento para defenderse con eficacia. Al elegirnos, usted gana un equipo comprometido a defender sus derechos y a luchar por un resultado favorable.<\/span><\/p>\n<p><span style=\"font-weight: 400;\">Ponerse en contacto con nosotros podr\u00eda ayudarle a gestionar significativamente las repercusiones. Podemos ayudarle a afrontar los retos de su caso con profesionalidad y dedicaci\u00f3n.<\/span><\/p>\n<h2>Resumen<\/h2>\n<p><span style=\"font-weight: 400;\">Un segundo delito de DUI en Virginia conlleva graves consecuencias legales. Est\u00e1 clasificado como un delito menor de Clase 1, que conlleva penas de c\u00e1rcel, suspensi\u00f3n prolongada del permiso de conducir y multas. Sin embargo, un abogado de defensa criminal puede protegerle impugnando la legalidad, los procedimientos de interrogatorio y la investigaci\u00f3n de la conducta de los agentes.<\/span><\/p>\n<p><span style=\"font-weight: 400;\">Enfrentarse a esta situaci\u00f3n legal puede, comprensiblemente, causar confusi\u00f3n y estr\u00e9s en un momento ya de por s\u00ed problem\u00e1tico. Un abogado de DUI de <a href=\"https:\/\/www.theirvinglawfirm.com\/es\/\">The Irving Law Firm<\/a> le informar\u00e1 sobre los aspectos legales y elaborar\u00e1 defensas s\u00f3lidas para su caso. Podemos prestarle asistencia profesional y dedicada en la tramitaci\u00f3n de su caso.<\/span><\/p>\n<\/div><\/div><\/div><\/div><\/div>\n","protected":false},"excerpt":{"rendered":"","protected":false},"author":3,"featured_media":0,"parent":8407,"menu_order":0,"comment_status":"closed","ping_status":"closed","template":"100-width.php","meta":{"_analytify_skip_tracking":false,"rank_math_title":"Abogado De DUI Por Segunda\/M\u00faltiple Vez En Manassas, VA","rank_math_description":"Enfrentar un segundo DUI en Virginia es grave. Un abogado defensor puede guiarlo y proteger sus derechos ante esta acusaci\u00f3n.","rank_math_focus_keyword":"dui","rank_math_canonical_url":"","footnotes":""},"class_list":["post-8393","page","type-page","status-publish","hentry"],"acf":[],"_links":{"self":[{"href":"https:\/\/www.theirvinglawfirm.com\/es\/wp-json\/wp\/v2\/pages\/8393","targetHints":{"allow":["GET"]}}],"collection":[{"href":"https:\/\/www.theirvinglawfirm.com\/es\/wp-json\/wp\/v2\/pages"}],"about":[{"href":"https:\/\/www.theirvinglawfirm.com\/es\/wp-json\/wp\/v2\/types\/page"}],"author":[{"embeddable":true,"href":"https:\/\/www.theirvinglawfirm.com\/es\/wp-json\/wp\/v2\/users\/3"}],"replies":[{"embeddable":true,"href":"https:\/\/www.theirvinglawfirm.com\/es\/wp-json\/wp\/v2\/comments?post=8393"}],"version-history":[{"count":0,"href":"https:\/\/www.theirvinglawfirm.com\/es\/wp-json\/wp\/v2\/pages\/8393\/revisions"}],"up":[{"embeddable":true,"href":"https:\/\/www.theirvinglawfirm.com\/es\/wp-json\/wp\/v2\/pages\/8407"}],"wp:attachment":[{"href":"https:\/\/www.theirvinglawfirm.com\/es\/wp-json\/wp\/v2\/media?parent=8393"}],"curies":[{"name":"wp","href":"https:\/\/api.w.org\/{rel}","templated":true}]}}