{"id":8387,"date":"2022-10-08T21:02:45","date_gmt":"2022-10-08T21:02:45","guid":{"rendered":"https:\/\/www.theirvinglawfirm.com\/planificacion-patrimonial\/"},"modified":"2024-10-14T17:48:17","modified_gmt":"2024-10-14T17:48:17","slug":"planificacion-patrimonial","status":"publish","type":"page","link":"https:\/\/www.theirvinglawfirm.com\/es\/areas-de-practica\/derecho-de-familia\/planificacion-patrimonial\/","title":{"rendered":"Planificaci\u00f3n Patrimonial"},"content":{"rendered":"<div class=\"fusion-fullwidth fullwidth-box fusion-builder-row-1 fusion-flex-container has-pattern-background has-mask-background nonhundred-percent-fullwidth non-hundred-percent-height-scrolling\" style=\"--awb-border-sizes-bottom:1px;--awb-border-radius-top-left:0px;--awb-border-radius-top-right:0px;--awb-border-radius-bottom-right:0px;--awb-border-radius-bottom-left:0px;--awb-flex-wrap:wrap;\" ><div class=\"fusion-builder-row fusion-row fusion-flex-align-items-flex-start fusion-flex-content-wrap\" style=\"max-width:1497.6px;margin-left: calc(-4% \/ 2 );margin-right: calc(-4% \/ 2 );\"><div class=\"fusion-layout-column fusion_builder_column fusion-builder-column-0 fusion_builder_column_1_1 1_1 fusion-flex-column\" style=\"--awb-bg-size:cover;--awb-width-large:100%;--awb-margin-top-large:0px;--awb-spacing-right-large:1.92%;--awb-margin-bottom-large:20px;--awb-spacing-left-large:0%;--awb-width-medium:100%;--awb-order-medium:0;--awb-spacing-right-medium:1.92%;--awb-spacing-left-medium:0%;--awb-width-small:100%;--awb-order-small:0;--awb-spacing-right-small:1.92%;--awb-spacing-left-small:1.92%;\"><div class=\"fusion-column-wrapper fusion-column-has-shadow fusion-flex-justify-content-flex-start fusion-content-layout-column\"><div class=\"fusion-title title fusion-title-1 fusion-title-text fusion-title-size-two\" style=\"--awb-margin-top:30px;--awb-margin-top-small:10px;--awb-margin-right-small:0px;--awb-margin-bottom-small:10px;--awb-margin-left-small:0px;\"><div class=\"title-sep-container title-sep-container-left fusion-no-large-visibility fusion-no-medium-visibility fusion-no-small-visibility\"><div class=\"title-sep sep-single sep-solid\" style=\"border-color:#e2e2e2;\"><\/div><\/div><span class=\"awb-title-spacer fusion-no-large-visibility fusion-no-medium-visibility fusion-no-small-visibility\"><\/span><h2 class=\"fusion-title-heading title-heading-left\" style=\"margin:0;\">Planificaci\u00f3n Patrimonial<\/h2><span class=\"awb-title-spacer\"><\/span><div class=\"title-sep-container title-sep-container-right\"><div class=\"title-sep sep-single sep-solid\" style=\"border-color:#e2e2e2;\"><\/div><\/div><\/div><div class=\"fusion-text fusion-text-1\" style=\"--awb-font-size:16px;\"><p>Abogados Dedicados Y Altamente Aclamados De Virginia De Lesiones Personales Proporcionan Minuciosa Y Reflexiva Representaci\u00f3n<\/p>\n<\/div><div class=\"fusion-text fusion-text-2\"><p>Hacer un <a href=\"https:\/\/www.investopedia.com\/terms\/e\/estateplanning.asp\" target=\"_blank\" rel=\"noopener\">plan de sucesi\u00f3n<\/a> implica algo m\u00e1s que planificar nuestros \u00abasuntos finales\u00bb en previsi\u00f3n de nuestra muerte. Un plan de sucesi\u00f3n es una herramienta utilizada para gestionar su patrimonio y sus asuntos financieros mientras vive, no s\u00f3lo despu\u00e9s de su fallecimiento. Un buen plan de sucesi\u00f3n es una herramienta importante para sus seres queridos y un valioso regalo que puede hacerles ahora y que les reportar\u00e1 beneficios en los a\u00f1os venideros.<\/p>\n<p>Muchas personas posponen la elaboraci\u00f3n de un plan de sucesi\u00f3n por diversos motivos. Algunos piensan que no tienen un patrimonio lo suficientemente grande como para necesitar un plan; otros no saben c\u00f3mo quieren distribuir sus bienes. A otros les resulta inc\u00f3modo contemplar la propia muerte. Esto, sin embargo, no es el foco de un plan de sucesi\u00f3n cuando se trabaja con nuestros abogados experimentados. Nuestros abogados creen que usted no est\u00e1 planificando su propia muerte, sino su vida.<\/p>\n<\/div><div class=\"fusion-image-element \" style=\"text-align:center;--awb-margin-top:10px;--awb-margin-bottom:10px;--awb-max-width:750px;--awb-caption-title-font-family:var(--h2_typography-font-family);--awb-caption-title-font-weight:var(--h2_typography-font-weight);--awb-caption-title-font-style:var(--h2_typography-font-style);--awb-caption-title-size:var(--h2_typography-font-size);--awb-caption-title-transform:var(--h2_typography-text-transform);--awb-caption-title-line-height:var(--h2_typography-line-height);--awb-caption-title-letter-spacing:var(--h2_typography-letter-spacing);\"><span class=\" fusion-imageframe imageframe-none imageframe-1 hover-type-none\"><img decoding=\"async\" width=\"1123\" height=\"585\" src=\"https:\/\/www.theirvinglawfirm.com\/wp-content\/uploads\/2022\/11\/estate-planning-banner.jpg\" alt class=\"img-responsive wp-image-7823\" srcset=\"https:\/\/www.theirvinglawfirm.com\/wp-content\/uploads\/2022\/11\/estate-planning-banner-200x104.jpg 200w, https:\/\/www.theirvinglawfirm.com\/wp-content\/uploads\/2022\/11\/estate-planning-banner-400x208.jpg 400w, https:\/\/www.theirvinglawfirm.com\/wp-content\/uploads\/2022\/11\/estate-planning-banner-600x313.jpg 600w, https:\/\/www.theirvinglawfirm.com\/wp-content\/uploads\/2022\/11\/estate-planning-banner-800x417.jpg 800w, https:\/\/www.theirvinglawfirm.com\/wp-content\/uploads\/2022\/11\/estate-planning-banner.jpg 1123w\" sizes=\"(max-width: 640px) 100vw, 1123px\" \/><\/span><\/div><div class=\"fusion-title title fusion-title-2 fusion-sep-none fusion-title-text fusion-title-size-three\" style=\"--awb-margin-top-small:10px;--awb-margin-right-small:0px;--awb-margin-bottom-small:10px;--awb-margin-left-small:0px;\"><h3 class=\"fusion-title-heading title-heading-left\" style=\"font-family:&quot;Cormorant&quot;;font-style:normal;font-weight:400;margin:0;\">En La Creaci\u00f3n De Un Plan Patrimonial Integral<\/h3><\/div><div class=\"fusion-text fusion-text-3\"><p>Est\u00e1 ayudando a su familia ahora, por escrito, en caso de que m\u00e1s adelante no est\u00e9 disponible para ayudarles en persona. Dado que la muerte no es el \u00fanico acontecimiento que puede alejarnos de nuestras familias, un plan sucesorio completo orienta a sus m\u00e9dicos y seres queridos en el cuidado de usted y sus bienes si alguna vez no puede hacerlo usted mismo. Nuestros experimentados abogados trabajar\u00e1n con usted para comprender los poderes notariales, las directivas m\u00e9dicas avanzadas, los testamentos, los fideicomisos y otras herramientas de planificaci\u00f3n disponibles, y si cada una de ellas es importante para usted y sus necesidades.<\/p>\n<p>\u00bfCu\u00e1l es el riesgo de no planificar su patrimonio? Usted y su familia estar\u00e1n limitados a las opciones, y los gastos relacionados, que Virginia ha hecho para usted. Si no puede tomar sus propias decisiones y no ha planificado con antelaci\u00f3n, su familia tendr\u00e1 que solicitar al tribunal la tutela y la autoridad para administrar su dinero. No s\u00f3lo es costoso, sino que puede llevar tiempo conseguirlo. Tambi\u00e9n puede a\u00f1adir niveles adicionales de informaci\u00f3n que desaprovechen a\u00fan m\u00e1s sus activos. Pero lo m\u00e1s importante es que el Estado no aconsejar\u00e1 a sus seres queridos sobre cu\u00e1l es la decisi\u00f3n correcta para usted.<\/p>\n<\/div><div class=\"fusion-title title fusion-title-3 fusion-sep-none fusion-title-text fusion-title-size-three\" style=\"--awb-margin-top-small:10px;--awb-margin-right-small:0px;--awb-margin-bottom-small:10px;--awb-margin-left-small:0px;\"><h3 class=\"fusion-title-heading title-heading-left\" style=\"font-family:&quot;Cormorant&quot;;font-style:normal;font-weight:400;margin:0;\">Para Muchas Familias<\/h3><\/div><div class=\"fusion-text fusion-text-4\"><p>Encontrar y tomar la decisi\u00f3n \u00abcorrecta\u00bb para pap\u00e1 o mam\u00e1 es una fuente de gran frustraci\u00f3n y divisi\u00f3n. Mediante la elaboraci\u00f3n de un plan anticipado, puede tomar la decisi\u00f3n por s\u00ed mismo, liberando a su familia de esta responsabilidad y carga. Del mismo modo, hacer testamento puede ayudar a evitar discusiones sobre sus pertenencias.<\/p>\n<p>Algunos clientes pueden beneficiarse de una planificaci\u00f3n patrimonial m\u00e1s avanzada. Planificar para un hijo con necesidades especiales, proteger los bienes de los acreedores y transferir el patrimonio minimizando las implicaciones fiscales son s\u00f3lo algunos de los beneficios que puede reportar una planificaci\u00f3n patrimonial avanzada.<\/p>\n<p>Tanto si cree que necesita un testamento sencillo como una planificaci\u00f3n patrimonial compleja y sensible desde el punto de vista fiscal, concertar una cita para obtener m\u00e1s informaci\u00f3n es el primer y sencillo paso. Recuerde, si no quiere tomar la decisi\u00f3n por usted y su familia, entonces est\u00e1 aceptando el plan, las normas y los gastos que el Estado ya ha hecho por usted.<\/p>\n<\/div><\/div><\/div><\/div><\/div>\n","protected":false},"excerpt":{"rendered":"","protected":false},"author":3,"featured_media":0,"parent":8374,"menu_order":0,"comment_status":"closed","ping_status":"closed","template":"100-width.php","meta":{"_analytify_skip_tracking":false,"rank_math_title":"Abogado De Planificaci\u00f3n Patrimonial | The Irving Law Firm","rank_math_description":"\u00bfNecesita un abogado de planificaci\u00f3n patrimonial en Manassas, VA? Conf\u00ede en los abogados experimentados de The Irving Law Firm para manejar su caso con cuidado y experiencia.","rank_math_focus_keyword":"planificaci\u00f3n patrimonial","rank_math_canonical_url":"","footnotes":""},"class_list":["post-8387","page","type-page","status-publish","hentry"],"acf":[],"_links":{"self":[{"href":"https:\/\/www.theirvinglawfirm.com\/es\/wp-json\/wp\/v2\/pages\/8387","targetHints":{"allow":["GET"]}}],"collection":[{"href":"https:\/\/www.theirvinglawfirm.com\/es\/wp-json\/wp\/v2\/pages"}],"about":[{"href":"https:\/\/www.theirvinglawfirm.com\/es\/wp-json\/wp\/v2\/types\/page"}],"author":[{"embeddable":true,"href":"https:\/\/www.theirvinglawfirm.com\/es\/wp-json\/wp\/v2\/users\/3"}],"replies":[{"embeddable":true,"href":"https:\/\/www.theirvinglawfirm.com\/es\/wp-json\/wp\/v2\/comments?post=8387"}],"version-history":[{"count":0,"href":"https:\/\/www.theirvinglawfirm.com\/es\/wp-json\/wp\/v2\/pages\/8387\/revisions"}],"up":[{"embeddable":true,"href":"https:\/\/www.theirvinglawfirm.com\/es\/wp-json\/wp\/v2\/pages\/8374"}],"wp:attachment":[{"href":"https:\/\/www.theirvinglawfirm.com\/es\/wp-json\/wp\/v2\/media?parent=8387"}],"curies":[{"name":"wp","href":"https:\/\/api.w.org\/{rel}","templated":true}]}}