{"id":8362,"date":"2022-11-16T04:47:57","date_gmt":"2022-11-16T04:47:57","guid":{"rendered":"https:\/\/www.theirvinglawfirm.com\/manutencion-de-los-hijos\/"},"modified":"2024-11-27T23:56:47","modified_gmt":"2024-11-27T23:56:47","slug":"manutencion-infantil","status":"publish","type":"page","link":"https:\/\/www.theirvinglawfirm.com\/es\/areas-de-practica\/derecho-de-familia\/manutencion-infantil\/","title":{"rendered":"Manutenci\u00f3n Infantil"},"content":{"rendered":"<div class=\"fusion-fullwidth fullwidth-box fusion-builder-row-1 fusion-flex-container has-pattern-background has-mask-background nonhundred-percent-fullwidth non-hundred-percent-height-scrolling\" style=\"--awb-border-sizes-bottom:1px;--awb-border-radius-top-left:0px;--awb-border-radius-top-right:0px;--awb-border-radius-bottom-right:0px;--awb-border-radius-bottom-left:0px;--awb-flex-wrap:wrap;\" ><div class=\"fusion-builder-row fusion-row fusion-flex-align-items-flex-start fusion-flex-content-wrap\" style=\"max-width:1497.6px;margin-left: calc(-4% \/ 2 );margin-right: calc(-4% \/ 2 );\"><div class=\"fusion-layout-column fusion_builder_column fusion-builder-column-0 fusion_builder_column_1_1 1_1 fusion-flex-column\" style=\"--awb-bg-size:cover;--awb-width-large:100%;--awb-margin-top-large:0px;--awb-spacing-right-large:1.92%;--awb-margin-bottom-large:20px;--awb-spacing-left-large:0%;--awb-width-medium:100%;--awb-order-medium:0;--awb-spacing-right-medium:1.92%;--awb-spacing-left-medium:0%;--awb-width-small:100%;--awb-order-small:0;--awb-spacing-right-small:1.92%;--awb-spacing-left-small:1.92%;\"><div class=\"fusion-column-wrapper fusion-column-has-shadow fusion-flex-justify-content-flex-start fusion-content-layout-column\"><div class=\"fusion-text fusion-text-1\"><p>Cuando los padres se separan, la vida toma giros inesperados. A pesar de los trastornos emocionales y log\u00edsticos, una cosa permanece igual: el cuidado de su peque\u00f1o. Aqu\u00ed es donde entra la manutenci\u00f3n infantil, llenando la brecha financiera entre dos hogares. Ayuda a mantener su vida estable y a satisfacer sus necesidades a pesar de los cambios.<\/p>\n<p>Si est\u00e1 navegando un divorcio y no sabe c\u00f3mo manejar las responsabilidades financieras para sus hijos, no est\u00e1 solo. Esta gu\u00eda desglosa los aspectos clave de los pagos de manutenci\u00f3n, desde el c\u00e1lculo hasta lo que ocurre cuando se omiten los pagos o necesitan ajustarse. Un <a href=\"https:\/\/www.theirvinglawfirm.com\/es\/areas-de-practica\/derecho-de-familia\/\">abogado de manutenci\u00f3n infantil<\/a> puede ayudarle a entender sus derechos y obligaciones legales en este proceso.<\/p>\n<h2>Lo Que Todo Padre Debe Saber Sobre La Manutenci\u00f3n Infantil<\/h2>\n<p>Cuando los c\u00f3nyuges se separan, no cambia el hecho de que ambos deben seguir proporcionando para su hijo. Normalmente se requiere que uno de los padres haga pagos para cubrir lo esencial como vivienda, alimentos, atenci\u00f3n m\u00e9dica y gastos escolares. Este apoyo financiero ayuda a mantener la estabilidad y proporciona los recursos necesarios para el crecimiento del ni\u00f1o.<\/p>\n<p>La idea es que su hijo deber\u00eda disfrutar del mismo nivel de vida que tendr\u00eda si ambos padres estuvieran juntos. Se trata de asegurar que la carga financiera no recaiga \u00fanicamente sobre los hombros de un padre. Esta responsabilidad compartida ayuda a proporcionar un entorno equilibrado y estable.<\/p>\n<p>Es posible que se pregunte sobre sus derechos y obligaciones y est\u00e9 buscando \u00abEl mejor abogado de <a href=\"https:\/\/www.abogado.com\/recursos\/manutencion-del-menor\/mantenimiento-de-menores.html#:~:text=La%20manutenci%C3%B3n%20de%20ni%C3%B1os%20(child,sus%20hijos%20menores%20de%20edad.\" target=\"_blank\" rel=\"noopener\">manutenci\u00f3n infantil<\/a> cerca de m\u00ed\u00bb en l\u00ednea. Si es as\u00ed, va por el buen camino. Contar con apoyo legal puede ayudarle a entender los factores considerados en el c\u00e1lculo de los pagos, para que est\u00e9 preparado para la decisi\u00f3n del tribunal.<\/p>\n<p><img decoding=\"async\" class=\"aligncenter size-full wp-image-19958\" src=\"https:\/\/www.theirvinglawfirm.com\/wp-content\/uploads\/2024\/10\/un-abogado-de-manutencion-infantil-ayuda-a-mantener-la-estabilidad-para-su-hijo.jpg\" alt=\"Un Abogado De Manutenci\u00f3n Infantil Ayuda A Mantener La Estabilidad Para Su Hijo\" width=\"800\" height=\"567\" srcset=\"https:\/\/www.theirvinglawfirm.com\/wp-content\/uploads\/2024\/10\/un-abogado-de-manutencion-infantil-ayuda-a-mantener-la-estabilidad-para-su-hijo-300x214.jpg 300w, https:\/\/www.theirvinglawfirm.com\/wp-content\/uploads\/2024\/10\/un-abogado-de-manutencion-infantil-ayuda-a-mantener-la-estabilidad-para-su-hijo.jpg 1200w\" sizes=\"(max-width: 800px) 100vw, 800px\" \/><\/p>\n<h2>C\u00f3mo Los Tribunales Calculan Los Pagos De Manutenci\u00f3n Infantil<\/h2>\n<p>Determinar los pagos de manutenci\u00f3n infantil puede sentirse como armar un rompecabezas. El sistema est\u00e1 dise\u00f1ado para asegurar que el apoyo financiero refleje lo que el ni\u00f1o tendr\u00eda si los padres estuvieran juntos. En otras palabras, ambos padres siguen siendo responsables de \u00abhornear el pastel,\u00bb solo que traen sus ingredientes de dos cocinas diferentes.<\/p>\n<p>La f\u00f3rmula de manutenci\u00f3n infantil considera varias piezas clave, incluidos los requisitos del ni\u00f1o, los ingresos combinados de los padres y su participaci\u00f3n en la crianza del ni\u00f1o. Piense en ello de esta manera: si un padre pasa m\u00e1s tiempo con el ni\u00f1o, la carga financiera puede cambiar un poco para reflejar eso.<\/p>\n<p>Los ingresos combinados de ambos padres son importantes porque el tribunal busca mantener la calidad de vida del ni\u00f1o en ambos hogares. Un abogado de manutenci\u00f3n infantil se asegura de que el tribunal entienda las finanzas y el rol de cada padre, ayudando a asegurar un apoyo justo para el ni\u00f1o.<\/p>\n<p>Sin embargo, a veces las cosas no siguen el libro. Los jueces tienen la facultad de desviarse de las directrices si surgen circunstancias excepcionales. El ni\u00f1o puede tener gastos m\u00e9dicos extraordinarios, o los padres pueden tener un arreglo de custodia compartida. Estos factores pueden influir en la cantidad final.<\/p>\n<p>Si alguna vez se siente perdido en el papeleo, buscar asesor\u00eda legal de un abogado de familia especializado en manutenci\u00f3n infantil puede ayudar a simplificar las cosas. Ellos lo guiar\u00e1n a trav\u00e9s de los n\u00fameros y asegurar\u00e1n que el resultado sea beneficioso para su hijo. Una vez establecidos los pagos, el siguiente paso es considerar qu\u00e9 ocurre cuando se omiten los pagos, una realidad vital que muchos padres enfrentan.<\/p>\n<h2>Acciones Legales Y Consecuencias Por Pagos Omitidos<\/h2>\n<p><img decoding=\"async\" class=\"alignright size-full wp-image-19961\" src=\"https:\/\/www.theirvinglawfirm.com\/wp-content\/uploads\/2024\/10\/como-calculan-los-tribunales-los-pagos-de-manutencion-infantil.jpg\" alt=\"C\u00f3mo Calculan Los Tribunales Los Pagos De Manutenci\u00f3n Infantil\" width=\"300\" height=\"200\" srcset=\"https:\/\/www.theirvinglawfirm.com\/wp-content\/uploads\/2024\/10\/como-calculan-los-tribunales-los-pagos-de-manutencion-infantil-200x133.jpg 200w, https:\/\/www.theirvinglawfirm.com\/wp-content\/uploads\/2024\/10\/como-calculan-los-tribunales-los-pagos-de-manutencion-infantil.jpg 300w\" sizes=\"(max-width: 300px) 100vw, 300px\" \/>Omitir los pagos de manutenci\u00f3n infantil no es algo que los tribunales de Virginia tomen a la ligera. Las consecuencias pueden ser r\u00e1pidas y desagradables. El Estado no ve con buenos ojos la manutenci\u00f3n no pagada y tiene algunos m\u00e9todos para asegurar que se realicen esos pagos. Aqu\u00ed algunos ejemplos de c\u00f3mo act\u00faan los tribunales:<\/p>\n<ul>\n<li>Embargo De Salario: El Estado toma una parte de su sueldo antes de que llegue a su cuenta bancaria.<\/li>\n<li>Intercepci\u00f3n De Reembolso De Impuestos: Pueden retener su reembolso de impuestos para cubrir la manutenci\u00f3n no pagada.<\/li>\n<li>Suspensi\u00f3n De Licencia: El estado suspende su licencia de conducir o profesional hasta que pague.<\/li>\n<li>Negaci\u00f3n De Pasaporte: Podr\u00eda ser bloqueado de obtener o renovar su pasaporte.<\/li>\n<li>Desacato Al Tribunal: Omitir los pagos podr\u00eda llevar a un cargo por desacato, lo que podr\u00eda significar tiempo en la c\u00e1rcel.<\/li>\n<\/ul>\n<p>Para los padres que no pueden hacer los pagos, ignorar la situaci\u00f3n no evitar\u00e1 las consecuencias. No pagar puede llevar a consecuencias que se vuelven m\u00e1s dif\u00edciles de revertir con el tiempo. Por lo tanto, la mejor opci\u00f3n es hablar con el tribunal lo antes posible. Un abogado experimentado puede explicar su situaci\u00f3n a un juez y posiblemente mitigar sanciones m\u00e1s severas.<\/p>\n<p>Lo que debe evitar es intentar crear un nuevo plan de pago por su cuenta. Estos arreglos informales generalmente no son v\u00e1lidos ante el tribunal. Siempre utilice los canales legales adecuados cuando se trate de pagos de manutenci\u00f3n infantil. Sin embargo, supongamos que las circunstancias han cambiado. \u00bfQu\u00e9 sucede cuando su situaci\u00f3n financiera ya no coincide con su orden de manutenci\u00f3n infantil?<\/p>\n<h2>Modificaci\u00f3n De Acuerdos Cuando Las Circunstancias Cambian<\/h2>\n<p>La vida no es est\u00e1tica. Los trabajos cambian, los ingresos fluct\u00faan y las necesidades de los ni\u00f1os evolucionan. En situaciones como esta, apegarse al plan de apoyo original puede sentirse como intentar ponerse unos zapatos que ya le quedan peque\u00f1os. La ley permite a los padres solicitar modificaciones cuando ciertas condiciones cambian.<\/p>\n<h3>\u00bfCu\u00e1ndo Modifica El Tribunal La Manutenci\u00f3n Infantil?<\/h3>\n<p>Las modificaciones se permiten cuando ha habido un cambio sustancial en las circunstancias. Esto podr\u00eda ser desde perder un trabajo hasta recibir un aumento de sueldo significativo. Adem\u00e1s, un cambio en las necesidades crecientes de su hijo es un factor que puede llevar al ajuste de la orden.<\/p>\n<p>Por ejemplo, si su hijo desarrolla una condici\u00f3n m\u00e9dica que requiere cuidados adicionales, es posible que necesite ajustar la cantidad de apoyo. Por el contrario, si experimenta dificultades financieras, puede solicitar al tribunal reducir sus pagos.<\/p>\n<h3>\u00bfC\u00f3mo Puede Modificar Las \u00d3rdenes?<\/h3>\n<p>Debe presentar una solicitud ante el tribunal para modificar la orden de manutenci\u00f3n infantil. Esto no es una soluci\u00f3n r\u00e1pida; necesitar\u00e1 pruebas s\u00f3lidas, como talones de pago, facturas m\u00e9dicas o prueba de cambio de ingresos. La ayuda legal de una firma de abogados de manutenci\u00f3n infantil experimentada puede hacer que este proceso sea m\u00e1s sencillo. Ellos le ayudar\u00e1n a reunir los documentos y presentar los hechos.<\/p>\n<p>Es importante tener en cuenta que las modificaciones no ocurren simplemente porque lo solicite amablemente. Toma tiempo y, hasta que el tribunal apruebe los cambios, usted sigue siendo responsable de los pagos originales. Una vez que reciba la aprobaci\u00f3n, puede estar tranquilo sabiendo que el nuevo acuerdo refleja mejor la situaci\u00f3n actual.<\/p>\n<p>Sin embargo, puede que usted se pregunte, \u00bfqu\u00e9 ocurre cuando la manutenci\u00f3n infantil llega a su fin? Saber cu\u00e1ndo sus obligaciones est\u00e1n completas es tan importante como saber cu\u00e1ndo comienzan. Comprender el cronograma le ayudar\u00e1 a planificar y evitar errores legales.<\/p>\n<h2>Cu\u00e1ndo Terminan Las Obligaciones De Manutenci\u00f3n Infantil En Virginia<\/h2>\n<p>La manutenci\u00f3n infantil no es para siempre. En Virginia, esta responsabilidad generalmente termina cuando el ni\u00f1o cumple los 18 a\u00f1os. Sin embargo, si a\u00fan es un estudiante de secundaria a tiempo completo, la manutenci\u00f3n contin\u00faa hasta que cumpla 19 a\u00f1os o se grad\u00fae, lo que ocurra primero.<\/p>\n<p>Adem\u00e1s, puede solicitar al tribunal si tiene una raz\u00f3n legal v\u00e1lida para detener los pagos antes de la fecha l\u00edmite habitual. En decisiones como esta, los tribunales siempre priorizar\u00e1n los mejores intereses del ni\u00f1o. Por lo tanto, contar con un abogado puede ayudarle a manejar los tr\u00e1mites necesarios y presentar su caso ante el tribunal.<\/p>\n<p>Sin embargo, hay circunstancias particulares en las que los pagos pueden continuar m\u00e1s all\u00e1 de este punto. Por ejemplo, si el ni\u00f1o tiene una discapacidad, el tribunal puede extender las obligaciones de manutenci\u00f3n. A veces, los padres acuerdan voluntariamente extenderla para cubrir gastos universitarios, aunque la ley no lo requiere.<\/p>\n<p>Tambi\u00e9n es importante se\u00f1alar que cualquier pago omitido debe hacerse, incluso despu\u00e9s de que el ni\u00f1o cumpla 18 a\u00f1os. Los pagos atrasados no desaparecen cuando el ni\u00f1o se convierte en adulto. El tribunal seguir\u00e1 haciendo cumplir esos montos no pagados hasta que se liquide la deuda.<\/p>\n<p>A medida que el proceso de manutenci\u00f3n infantil llega a su fin, los padres a menudo encuentran alivio al saber que han cumplido con sus obligaciones legales. Sin embargo, la manutenci\u00f3n infantil es solo una pieza del rompecabezas del derecho familiar.<\/p>\n<p><img decoding=\"async\" class=\"aligncenter size-full wp-image-19963\" src=\"https:\/\/www.theirvinglawfirm.com\/wp-content\/uploads\/2024\/10\/acciones-legales-y-consecuencias-por-pagos-no-realizados.jpg\" alt=\"Acciones Legales Y Consecuencias Por Pagos No Realizados\" width=\"800\" height=\"567\" srcset=\"https:\/\/www.theirvinglawfirm.com\/wp-content\/uploads\/2024\/10\/acciones-legales-y-consecuencias-por-pagos-no-realizados-300x214.jpg 300w, https:\/\/www.theirvinglawfirm.com\/wp-content\/uploads\/2024\/10\/acciones-legales-y-consecuencias-por-pagos-no-realizados.jpg 1200w\" sizes=\"(max-width: 800px) 100vw, 800px\" \/><\/p>\n<h2>The Irving Law Firm Ayuda A Resolver Problemas De Derecho Familiar<\/h2>\n<p>En <a href=\"https:\/\/www.theirvinglawfirm.com\/es\/\">The Irving Law Firm<\/a>, nos enfocamos en ayudar a las familias a asegurar su futuro financiero a trav\u00e9s de soluciones pr\u00e1cticas de manutenci\u00f3n infantil. Con sede en Manassas, Virginia, nuestro equipo ha pasado a\u00f1os trabajando con padres en asuntos de manutenci\u00f3n infantil, custodia y otros temas de derecho familiar.<\/p>\n<p>Ya sea que est\u00e9 comenzando el proceso, necesite ayuda para hacer cumplir los pagos o quiera modificar un acuerdo existente, estamos aqu\u00ed para guiarle. Le explicaremos sus opciones, c\u00f3mo se aplica la ley y trabajaremos para establecer o ajustar la orden de manutenci\u00f3n adecuada, sin importar su situaci\u00f3n.<\/p>\n<p>Sin embargo, nuestro trabajo no se detiene en la manutenci\u00f3n infantil. Tambi\u00e9n ayudamos con casos de custodia, divorcios y otros temas familiares que requieren atenci\u00f3n legal. Nuestro objetivo es asegurarnos de que usted tenga la informaci\u00f3n y el apoyo que necesita para tomar decisiones adecuadas para su familia. Estamos comprometidos a proporcionarle asesoramiento confiable y estaremos a su lado en cada paso del camino.<\/p>\n<h2>Resumen<\/h2>\n<p>La manutenci\u00f3n infantil asegura que los padres contribuyan al bienestar de su hijo despu\u00e9s de la separaci\u00f3n. En Virginia, los pagos se calculan bas\u00e1ndose en varios factores, incluidos los ingresos de cada padre, las necesidades del ni\u00f1o y los acuerdos de custodia. Si estos se omiten, el estado impone sanciones estrictas, como el embargo de salario y la suspensi\u00f3n de licencias.<\/p>\n<p>Si ocurren cambios en la vida, las modificaciones son posibles, pero requieren la aprobaci\u00f3n legal de un juez. Trabajar con un abogado de familia de The Irving Law Firm puede ayudar a los padres a navegar estos cambios y cumplir con las necesidades financieras del ni\u00f1o sin complicaciones.<\/p>\n<\/div><\/div><\/div><\/div><\/div>\n","protected":false},"excerpt":{"rendered":"","protected":false},"author":3,"featured_media":19965,"parent":8374,"menu_order":0,"comment_status":"closed","ping_status":"closed","template":"100-width.php","meta":{"_analytify_skip_tracking":false,"rank_math_title":"Abogado De Manutenci\u00f3n Infantil En Manassas, VA","rank_math_description":"Un abogado de manutenci\u00f3n infantil protege las necesidades de su hijo tras el divorcio. Conozca c\u00f3mo las leyes de Virginia afectan pagos y modificaciones.","rank_math_focus_keyword":"Manutencion infantil","rank_math_canonical_url":"","footnotes":""},"class_list":["post-8362","page","type-page","status-publish","has-post-thumbnail","hentry"],"acf":[],"_links":{"self":[{"href":"https:\/\/www.theirvinglawfirm.com\/es\/wp-json\/wp\/v2\/pages\/8362","targetHints":{"allow":["GET"]}}],"collection":[{"href":"https:\/\/www.theirvinglawfirm.com\/es\/wp-json\/wp\/v2\/pages"}],"about":[{"href":"https:\/\/www.theirvinglawfirm.com\/es\/wp-json\/wp\/v2\/types\/page"}],"author":[{"embeddable":true,"href":"https:\/\/www.theirvinglawfirm.com\/es\/wp-json\/wp\/v2\/users\/3"}],"replies":[{"embeddable":true,"href":"https:\/\/www.theirvinglawfirm.com\/es\/wp-json\/wp\/v2\/comments?post=8362"}],"version-history":[{"count":0,"href":"https:\/\/www.theirvinglawfirm.com\/es\/wp-json\/wp\/v2\/pages\/8362\/revisions"}],"up":[{"embeddable":true,"href":"https:\/\/www.theirvinglawfirm.com\/es\/wp-json\/wp\/v2\/pages\/8374"}],"wp:featuredmedia":[{"embeddable":true,"href":"https:\/\/www.theirvinglawfirm.com\/es\/wp-json\/wp\/v2\/media\/19965"}],"wp:attachment":[{"href":"https:\/\/www.theirvinglawfirm.com\/es\/wp-json\/wp\/v2\/media?parent=8362"}],"curies":[{"name":"wp","href":"https:\/\/api.w.org\/{rel}","templated":true}]}}