{"id":8349,"date":"2022-11-15T15:32:32","date_gmt":"2022-11-15T15:32:32","guid":{"rendered":"https:\/\/www.theirvinglawfirm.com\/custodia-y-visitas\/"},"modified":"2024-11-27T20:03:52","modified_gmt":"2024-11-27T20:03:52","slug":"custodia-de-menores","status":"publish","type":"page","link":"https:\/\/www.theirvinglawfirm.com\/es\/areas-de-practica\/derecho-de-familia\/custodia-de-menores\/","title":{"rendered":"Custodia Y Visitas"},"content":{"rendered":"<div class=\"fusion-fullwidth fullwidth-box fusion-builder-row-1 fusion-flex-container has-pattern-background has-mask-background nonhundred-percent-fullwidth non-hundred-percent-height-scrolling\" style=\"--awb-border-radius-top-left:0px;--awb-border-radius-top-right:0px;--awb-border-radius-bottom-right:0px;--awb-border-radius-bottom-left:0px;--awb-flex-wrap:wrap;\" ><div class=\"fusion-builder-row fusion-row fusion-flex-align-items-flex-start fusion-flex-content-wrap\" style=\"max-width:1497.6px;margin-left: calc(-4% \/ 2 );margin-right: calc(-4% \/ 2 );\"><div class=\"fusion-layout-column fusion_builder_column fusion-builder-column-0 fusion_builder_column_1_1 1_1 fusion-flex-column\" style=\"--awb-bg-size:cover;--awb-width-large:100%;--awb-margin-top-large:0px;--awb-spacing-right-large:1.92%;--awb-margin-bottom-large:20px;--awb-spacing-left-large:0%;--awb-width-medium:100%;--awb-order-medium:0;--awb-spacing-right-medium:1.92%;--awb-spacing-left-medium:0%;--awb-width-small:100%;--awb-order-small:0;--awb-spacing-right-small:1.92%;--awb-spacing-left-small:1.92%;\"><div class=\"fusion-column-wrapper fusion-column-has-shadow fusion-flex-justify-content-flex-start fusion-content-layout-column\"><div class=\"fusion-text fusion-text-1\"><p>Criar a un hijo es una de las mayores alegr\u00edas de la vida, pero tambi\u00e9n puede conllevar desaf\u00edos, especialmente cuando los padres ya no est\u00e1n juntos. Los asuntos de custodia y visitas pueden despertar fuertes emociones, dej\u00e1ndole incierto sobre el camino a seguir. Cuando el futuro de su hijo est\u00e1 en juego, es natural sentir el peso de cada decisi\u00f3n.<\/p>\n<p>Si enfrenta preocupaciones sobre la custodia o visitas, este art\u00edculo le guiar\u00e1 a trav\u00e9s del proceso. Aprender\u00e1 sobre los tipos y arreglos para ayudarle a tomar decisiones informadas. Aunque comprender la ley es vital, contar con un <a href=\"https:\/\/www.theirvinglawfirm.com\/es\/areas-de-practica\/derecho-de-familia\/\">abogado de custodia de menores<\/a> asegura que sus derechos y el bienestar de su hijo est\u00e9n en el centro de la atenci\u00f3n.<\/p>\n<h2>Tipos De Custodia En Virginia<\/h2>\n<p>La custodia puede parecer una de esas palabras clave legales, pero sus implicaciones afectan profundamente a cada familia involucrada. Generalmente, se divide en dos categor\u00edas en Virginia: custodia f\u00edsica y legal. Aunque los t\u00e9rminos pueden parecer claros, su impacto real en el futuro de su hijo y su rutina diaria es todo lo contrario.<\/p>\n<p>La custodia f\u00edsica determina d\u00f3nde vive el ni\u00f1o. La parte responsable de esto asegura que haya comida en la mesa, que se hagan las tareas escolares y que se respete la hora de dormir. Algunas familias tienen un solo padre encargado de todo esto, mientras que otras comparten la responsabilidad a trav\u00e9s de la custodia conjunta, con el ni\u00f1o movi\u00e9ndose entre dos hogares.<\/p>\n<p>La custodia legal, por otro lado, implica tomar decisiones importantes que dan forma a la vida de su hijo, como la educaci\u00f3n y el cuidado m\u00e9dico. Normalmente, a menos que haya una raz\u00f3n para no hacerlo, ambos padres comparten esta responsabilidad. Es como ser copart\u00edcipes de un equipo, donde ambas partes deben comunicarse y trabajar juntas.<\/p>\n<p>Sin embargo, determinar la custodia no se trata solo de dividir el tiempo o la autoridad. Los tribunales de Virginia eval\u00faan cuidadosamente las circunstancias de cada familia para determinar lo que mejor servir\u00e1 al bienestar del ni\u00f1o. Dar el primer paso buscando \u00ababogado de custodia de menores cerca de m\u00ed\u00bb en l\u00ednea puede conectarle con alguien que entienda el proceso. Le ayudar\u00e1n a elaborar un plan que aborde las necesidades de su familia mientras cumple con las expectativas del tribunal.<\/p>\n<p><img decoding=\"async\" class=\"aligncenter size-full wp-image-19765\" src=\"https:\/\/www.theirvinglawfirm.com\/wp-content\/uploads\/2024\/10\/que-hace-un-abogado-de-custodia-de-menores-para-el-futuro-de-su-familia.jpg\" alt=\"Qu\u00e9 Hace Un Abogado De Custodia De Menores Para El Futuro De Su Familia\" width=\"800\" height=\"567\" srcset=\"https:\/\/www.theirvinglawfirm.com\/wp-content\/uploads\/2024\/10\/que-hace-un-abogado-de-custodia-de-menores-para-el-futuro-de-su-familia-300x214.jpg 300w, https:\/\/www.theirvinglawfirm.com\/wp-content\/uploads\/2024\/10\/que-hace-un-abogado-de-custodia-de-menores-para-el-futuro-de-su-familia.jpg 1200w\" sizes=\"(max-width: 800px) 100vw, 800px\" \/><\/p>\n<h2>Lo Que Buscan Los Tribunales En Los Arreglos De Crianza<\/h2>\n<p>Ya sea que los padres lleguen a un acuerdo de custodia o no, un juez tiene la \u00faltima palabra para priorizar el bienestar del ni\u00f1o. Los tribunales de Virginia examinan cuidadosamente varios factores para determinar un arreglo adecuado. Estos son algunos aspectos que consideran:<\/p>\n<h3>Priorizar El Inter\u00e9s Superior Del Ni\u00f1o<\/h3>\n<p>Los tribunales de Virginia basan sus decisiones en el est\u00e1ndar de \u00abinter\u00e9s superior del ni\u00f1o.\u00bb Este principio coloca el bienestar del ni\u00f1o por encima de todo. Piense en ello como construir una casa: necesita una base s\u00f3lida para que todo se mantenga en pie. Un abogado de disputas de custodia le ayudar\u00e1 a presentar pruebas de que usted proporciona la base m\u00e1s fuerte para su hijo.<\/p>\n<p>Los jueces eval\u00faan detenidamente los lazos emocionales, los roles parentales y la participaci\u00f3n de los padres. Los tribunales quieren saber qui\u00e9n est\u00e1 haciendo el trabajo pesado, ya sea asistiendo a eventos escolares o haciendo citas m\u00e9dicas. Tener a un abogado de custodia de menores a su lado puede ser ventajoso para presentar su caso de manera efectiva.<\/p>\n<h3>Evaluaci\u00f3n De La Estabilidad Y Bienestar De Los Padres<\/h3>\n<p>La estabilidad es cr\u00edtica al determinar qui\u00e9n deber\u00eda tener la custodia. El tribunal profundizar\u00e1 en cada padre, desde su salud f\u00edsica y mental hasta si ha habido alg\u00fan historial de abuso o negligencia. Un abogado de familia puede ayudarle a pintar un cuadro claro de su oferta, ayudando al juez a ver que su hijo est\u00e1 en buenas manos.<\/p>\n<p>El tribunal tambi\u00e9n examinar\u00e1 el estilo de vida de cada padre, incluyendo su capacidad para crear un ambiente seguro y amoroso. La parte que demuestre buen juicio, responsabilidad y consistencia a menudo tendr\u00e1 ventaja en los procedimientos de custodia.<\/p>\n<h3>El Papel De Las Preferencias Del Ni\u00f1o En Las Decisiones Del Tribunal<\/h3>\n<p><img decoding=\"async\" class=\"alignright size-full wp-image-19767\" src=\"https:\/\/www.theirvinglawfirm.com\/wp-content\/uploads\/2024\/10\/tipos-de-custodia-en-virginia.jpg\" alt=\"Los Tipos De Custodia En Virginia\" width=\"300\" height=\"186\" srcset=\"https:\/\/www.theirvinglawfirm.com\/wp-content\/uploads\/2024\/10\/tipos-de-custodia-en-virginia-200x124.jpg 200w, https:\/\/www.theirvinglawfirm.com\/wp-content\/uploads\/2024\/10\/tipos-de-custodia-en-virginia.jpg 300w\" sizes=\"(max-width: 300px) 100vw, 300px\" \/>Cuando se trata de considerar la preferencia de un ni\u00f1o en las decisiones de custodia, no hay una edad espec\u00edfica que autom\u00e1ticamente otorgue m\u00e1s peso a su opini\u00f3n. En cambio, los tribunales de Virginia eval\u00faan su inteligencia, madurez y capacidad para comprender la situaci\u00f3n.<\/p>\n<p>Aunque no es la decisi\u00f3n final, la preferencia de un ni\u00f1o maduro tiene peso en el tribunal. En \u00faltima instancia, puede ayudar a guiar la decisi\u00f3n del juez. Sin embargo, es importante se\u00f1alar que el tribunal siempre priorizar\u00e1 el inter\u00e9s superior del ni\u00f1o sobre todo lo dem\u00e1s.<\/p>\n<p>Una vez que el tribunal establece la custodia, el siguiente enfoque es frecuentemente la visita. Cuando un padre tiene la custodia f\u00edsica, las visitas aseguran que el otro padre mantenga una relaci\u00f3n significativa con el ni\u00f1o. El plan var\u00eda seg\u00fan las necesidades y circunstancias de la familia.<\/p>\n<h2>Tipos De Visitas Y C\u00f3mo Funcionan<\/h2>\n<p>El hecho de que un padre no tenga la custodia principal no significa que est\u00e9 excluido de la vida de su hijo. Los derechos de visita fortalecen la conexi\u00f3n, incluso cuando los padres no viven bajo el mismo techo. Virginia ofrece varios planes, cada uno de ellos sirve a un prop\u00f3sito diferente seg\u00fan las necesidades de la familia.<\/p>\n<h3>Planes De Visitas Estructurados<\/h3>\n<p>Con un horario fijo, ambos padres saben cu\u00e1ndo es su turno de estar con el ni\u00f1o. Estos planes eliminan la incertidumbre de las visitas, ofreciendo previsibilidad y reduciendo conflictos. Esta consistencia les da a los ni\u00f1os una rutina en la que pueden confiar, ayud\u00e1ndolos a sentirse seguros y c\u00f3modos incluso mientras se mudan entre hogares.<\/p>\n<h3>Acuerdos Flexibles<\/h3>\n<p>Las visitas flexibles funcionan bien para los padres con horarios de trabajo inusuales o aquellos que viajan con frecuencia. En este acuerdo, la comunicaci\u00f3n es vital. Los padres deben ajustarse sin discutir ni alterar la rutina del ni\u00f1o. Un abogado puede ayudarle a llegar a un acuerdo que satisfaga sus necesidades mientras prioriza el bienestar de su hijo.<\/p>\n<h3>Visitas Supervisadas<\/h3>\n<p>En algunos casos, las visitas supervisadas son necesarias. Esto sucede cuando un tribunal tiene preocupaciones sobre el comportamiento de un padre o si hay problemas de seguridad. Un tercero, como un familiar o un profesional, supervisa estas visitas para proteger la seguridad del ni\u00f1o. Puede servir como un puente, ayudando a los padres a avanzar hacia visitas sin supervisi\u00f3n.<\/p>\n<h3>Visitas Virtuales<\/h3>\n<p>A medida que la tecnolog\u00eda avanza, las visitas virtuales son viables, especialmente para padres que viven a larga distancia. Esto les permite mantenerse conectados a trav\u00e9s de videollamadas, mensajes y otras plataformas en l\u00ednea. Es una forma de cerrar la brecha, asegurando que los padres sigan participando en la vida de su hijo, incluso desde lejos.<\/p>\n<h3>Derechos De Visita De Terceros<\/h3>\n<p>A veces, no son solo los padres quienes desean seguir involucrados. La ley de <a href=\"https:\/\/es.wikipedia.org\/wiki\/Virginia\" target=\"_blank\" rel=\"noopener\">Virginia<\/a> permite que los abuelos y otros familiares tambi\u00e9n busquen derechos de visita. Piense en estos familiares como las ra\u00edces del \u00e1rbol familiar, proporcionando estabilidad, apoyo y amor para el ni\u00f1o. Los tribunales otorgar\u00e1n visitas a terceros cuando sea en el mejor inter\u00e9s del ni\u00f1o.<\/p>\n<p>Los arreglos de visitas, al igual que las \u00f3rdenes de custodia, no siempre son definitivos. Los cambios en la vida pueden a veces requerir que se revisen. Si ya est\u00e1 buscando \u00abel mejor abogado de custodia de menores cerca de m\u00ed\u00bb en l\u00ednea, est\u00e1 en el camino correcto. Tener un abogado a su lado puede ayudarle a manejar las modificaciones que prioricen a su hijo.<\/p>\n<h2>Modificaci\u00f3n De \u00d3rdenes De Custodia Y Visitas En Virginia<\/h2>\n<p>La vida est\u00e1 llena de cambios. Cuando estos cambios afectan su arreglo de custodia o visitas, podr\u00eda ser hora de revisar las \u00f3rdenes judiciales. La ley de Virginia permite modificaciones, pero hay algunas reglas a tener en cuenta.<\/p>\n<p>Las \u00f3rdenes de custodia y visitas pueden ajustarse si hay un cambio significativo en las circunstancias. Podr\u00eda ser un cambio de trabajo, un cambio en la salud de uno de los padres o incluso las crecientes necesidades del ni\u00f1o. Un abogado de custodia de menores le ayudar\u00e1 a demostrar al tribunal por qu\u00e9 una modificaci\u00f3n es el paso correcto para el futuro de su familia.<\/p>\n<p>Cuando llega el momento de solicitar una modificaci\u00f3n, el proceso comienza con una petici\u00f3n al tribunal. Debe detallar los cambios necesarios y lo que ha cambiado desde la orden original. A partir de ah\u00ed, el tribunal evaluar\u00e1 los hechos y decidir\u00e1 si un ajuste es lo mejor para el bienestar del ni\u00f1o.<\/p>\n<p>A veces, no hay tiempo que perder. Las modificaciones de emergencia son cuando se necesita una acci\u00f3n inmediata para proteger el bienestar del ni\u00f1o. Si la seguridad est\u00e1 en riesgo, el tribunal puede cambiar temporalmente la custodia o las visitas hasta que se realice una audiencia completa. Un abogado de disputas de custodia puede ayudarle a asegurar una acci\u00f3n r\u00e1pida cuando las apuestas son altas.<\/p>\n<p><img decoding=\"async\" class=\"aligncenter size-full wp-image-19769\" src=\"https:\/\/www.theirvinglawfirm.com\/wp-content\/uploads\/2024\/10\/que-buscan-los-tribunales-en-los-acuerdos-de-crianza.jpg\" alt=\"Qu\u00e9 Buscan Los Tribunales En Los Acuerdos De Crianza\" width=\"800\" height=\"567\" srcset=\"https:\/\/www.theirvinglawfirm.com\/wp-content\/uploads\/2024\/10\/que-buscan-los-tribunales-en-los-acuerdos-de-crianza-300x214.jpg 300w, https:\/\/www.theirvinglawfirm.com\/wp-content\/uploads\/2024\/10\/que-buscan-los-tribunales-en-los-acuerdos-de-crianza.jpg 1200w\" sizes=\"(max-width: 800px) 100vw, 800px\" \/><\/p>\n<h2>The Irving Law Firm Gu\u00eda A Los Padres En Asuntos De Derecho Familiar<\/h2>\n<p><a href=\"https:\/\/www.theirvinglawfirm.com\/es\">The Irving Law Firm<\/a> ayuda a los padres a proteger a sus hijos y navegar los desaf\u00edos familiares est\u00e1 en el coraz\u00f3n de lo que hacemos. Los asuntos de custodia y visitas pueden traer mucha incertidumbre, y sabemos lo importante que es hacerlo bien. El futuro de su hijo est\u00e1 en juego, y nuestro objetivo es asegurar que cada decisi\u00f3n refleje lo que es mejor para ellos.<\/p>\n<p>Ya sea que est\u00e9 trabajando en una disputa de custodia, solicitando cambios a un acuerdo existente o resolviendo los detalles de las visitas, estamos aqu\u00ed para guiarle. Nuestros abogados adoptan un enfoque pr\u00e1ctico, manteni\u00e9ndole informado en cada paso y enfoc\u00e1ndose en lo que importa: asegurarse de que su hijo est\u00e9 en un ambiente estable y amoroso.<\/p>\n<p>Cuando se trata de sus asuntos de derecho familiar y divorcio, necesita un aliado que est\u00e9 de su lado y luche por sus derechos. En The Irving Law Firm, nuestros abogados de divorcios est\u00e1n comprometidos a ser ese defensor para usted. Estamos listos para ayudarle a tomar la decisi\u00f3n de preparar a su hijo para un futuro m\u00e1s brillante. Cont\u00e1ctenos hoy, y hablemos sobre c\u00f3mo podemos apoyarle en este momento tan crucial.<\/p>\n<h2>Resumen<\/h2>\n<p>Las decisiones de custodia y visitas en Virginia se centran en crear ambientes estables y de apoyo para los ni\u00f1os involucrados. Los tribunales consideran los lazos emocionales, la estabilidad de los padres y la madurez del ni\u00f1o al expresar sus preferencias. Para los padres que no tienen la custodia f\u00edsica principal, establecer visitas es una posibilidad. Los horarios pueden variar desde planes estructurados hasta acuerdos m\u00e1s flexibles o supervisados, dependiendo de lo que sea m\u00e1s adecuado para la familia.<\/p>\n<p>Estas \u00f3rdenes pueden modificarse cuando las circunstancias cambian para ajustarse a las necesidades cambiantes de la familia y garantizar un resultado favorable. A lo largo de todo esto, un abogado de derecho familiar puede guiar a los padres a trav\u00e9s de estas decisiones delicadas. The Irving Law Firm ofrece apoyo dedicado y experiencia legal para ayudar a las familias a navegar estos asuntos cr\u00edticos con confianza.<\/p>\n<\/div><\/div><\/div><\/div><\/div>\n","protected":false},"excerpt":{"rendered":"","protected":false},"author":3,"featured_media":19771,"parent":8374,"menu_order":0,"comment_status":"closed","ping_status":"closed","template":"100-width.php","meta":{"_analytify_skip_tracking":false,"rank_math_title":"Abogado De Custodia De Menores En Manassas, Virginia","rank_math_description":"Un abogado de custodia de menores le guiar\u00e1 en temas de custodia y visitas, asegurando el futuro de su familia con la orientaci\u00f3n legal adecuada.","rank_math_focus_keyword":"Abogado De Custodia De Menores","rank_math_canonical_url":"","footnotes":""},"class_list":["post-8349","page","type-page","status-publish","has-post-thumbnail","hentry"],"acf":[],"_links":{"self":[{"href":"https:\/\/www.theirvinglawfirm.com\/es\/wp-json\/wp\/v2\/pages\/8349","targetHints":{"allow":["GET"]}}],"collection":[{"href":"https:\/\/www.theirvinglawfirm.com\/es\/wp-json\/wp\/v2\/pages"}],"about":[{"href":"https:\/\/www.theirvinglawfirm.com\/es\/wp-json\/wp\/v2\/types\/page"}],"author":[{"embeddable":true,"href":"https:\/\/www.theirvinglawfirm.com\/es\/wp-json\/wp\/v2\/users\/3"}],"replies":[{"embeddable":true,"href":"https:\/\/www.theirvinglawfirm.com\/es\/wp-json\/wp\/v2\/comments?post=8349"}],"version-history":[{"count":0,"href":"https:\/\/www.theirvinglawfirm.com\/es\/wp-json\/wp\/v2\/pages\/8349\/revisions"}],"up":[{"embeddable":true,"href":"https:\/\/www.theirvinglawfirm.com\/es\/wp-json\/wp\/v2\/pages\/8374"}],"wp:featuredmedia":[{"embeddable":true,"href":"https:\/\/www.theirvinglawfirm.com\/es\/wp-json\/wp\/v2\/media\/19771"}],"wp:attachment":[{"href":"https:\/\/www.theirvinglawfirm.com\/es\/wp-json\/wp\/v2\/media?parent=8349"}],"curies":[{"name":"wp","href":"https:\/\/api.w.org\/{rel}","templated":true}]}}