{"id":8325,"date":"2022-11-16T05:04:14","date_gmt":"2022-11-16T05:04:14","guid":{"rendered":"https:\/\/www.theirvinglawfirm.com\/divorcio-de-grandes-fortunas\/"},"modified":"2025-10-07T01:03:15","modified_gmt":"2025-10-07T01:03:15","slug":"divorcio-de-alto-patrimonio","status":"publish","type":"page","link":"https:\/\/www.theirvinglawfirm.com\/es\/areas-de-practica\/derecho-de-familia\/divorcio-de-alto-patrimonio\/","title":{"rendered":"Abogado de divorcio de alto patrimonio para casos dif\u00edciles"},"content":{"rendered":"<div class=\"fusion-fullwidth fullwidth-box fusion-builder-row-1 fusion-flex-container has-pattern-background has-mask-background nonhundred-percent-fullwidth non-hundred-percent-height-scrolling\" style=\"--awb-border-sizes-bottom:1px;--awb-border-radius-top-left:0px;--awb-border-radius-top-right:0px;--awb-border-radius-bottom-right:0px;--awb-border-radius-bottom-left:0px;--awb-flex-wrap:wrap;\" ><div class=\"fusion-builder-row fusion-row fusion-flex-align-items-flex-start fusion-flex-content-wrap\" style=\"max-width:1497.6px;margin-left: calc(-4% \/ 2 );margin-right: calc(-4% \/ 2 );\"><div class=\"fusion-layout-column fusion_builder_column fusion-builder-column-0 fusion_builder_column_1_1 1_1 fusion-flex-column\" style=\"--awb-bg-size:cover;--awb-width-large:100%;--awb-margin-top-large:0px;--awb-spacing-right-large:1.92%;--awb-margin-bottom-large:20px;--awb-spacing-left-large:0%;--awb-width-medium:100%;--awb-order-medium:0;--awb-spacing-right-medium:1.92%;--awb-spacing-left-medium:0%;--awb-width-small:100%;--awb-order-small:0;--awb-spacing-right-small:1.92%;--awb-spacing-left-small:1.92%;\"><div class=\"fusion-column-wrapper fusion-column-has-shadow fusion-flex-justify-content-flex-start fusion-content-layout-column\"><div class=\"fusion-text fusion-text-1\"><p>Terminar un matrimonio puede ser dif\u00edcil para cualquiera, pero cuando hay una riqueza sustancial de por medio, se convierte en m\u00e1s que una lucha personal: es una batalla financiera. Bienes como negocios, propiedades e inversiones a\u00f1aden capas de complejidad que hacen que los divorcios de alto patrimonio sean \u00fanicos. Sin el conocimiento adecuado, puede salir con menos de lo que esperaba.<\/p>\n<p>Si est\u00e1 enfrentando un divorcio que involucra bienes significativos, este art\u00edculo le guiar\u00e1 a trav\u00e9s de los factores clave que pueden influir en su caso. Aprender\u00e1 sobre la divisi\u00f3n de bienes, la transparencia financiera y las estrategias para proteger su privacidad. A lo largo de este proceso, un <a href=\"https:\/\/www.theirvinglawfirm.com\/es\/areas-de-practica\/derecho-de-familia\/\">abogado de divorcio de alto patrimonio<\/a>\u00a0puede ayudarle a comprender c\u00f3mo se aplican las leyes de Virginia a su situaci\u00f3n.<\/p>\n<h2>Divorcio De Alto Patrimonio En Virginia<\/h2>\n<p>Los divorcios de alto patrimonio son como tratar de desatar un nudo con muchos hilos diferentes. No se trata solo de separar los bienes, sino de hacerlo cuidadosamente para que nadie pierda m\u00e1s de lo que deber\u00eda. Incluso el error m\u00e1s m\u00ednimo puede afectar significativamente el resultado y sacudir la seguridad financiera que ha trabajado arduamente para construir.<\/p>\n<h3>\u00bfQu\u00e9 Califica Como Un Divorcio De Alto Patrimonio?<\/h3>\n<p>Un divorcio de alto patrimonio generalmente involucra parejas con activos l\u00edquidos combinados que superan el mill\u00f3n de d\u00f3lares. Esto tambi\u00e9n puede incluir la gesti\u00f3n de una combinaci\u00f3n de inversiones, bienes ra\u00edces, negocios o incluso art\u00edculos de lujo como arte y joyas. Cuando hay una riqueza sustancial de por medio, hay m\u00e1s capas que navegar, con estructuras financieras complejas y preocupaciones de privacidad que requieren un manejo cuidadoso.<\/p>\n<h3>Consideraciones Esenciales<\/h3>\n<p>Las personas de alto perfil a menudo desean mantener sus asuntos personales y financieros en privado, por lo que la confidencialidad es una prioridad. Adem\u00e1s, la complejidad de estos casos significa que los bienes ocultos pueden interrumpir el proceso. Con tantos elementos en movimiento, estos divorcios requieren una planificaci\u00f3n cuidadosa para evitar errores costosos.<\/p>\n<h3>Ley De Distribuci\u00f3n Equitativa De Virginia<\/h3>\n<p>Dividir los bienes no es simplemente cortarlos a la mitad. Para los <a href=\"https:\/\/www.theirvinglawfirm.com\/es\/areas-de-practica\/derecho-de-familia\/abogado-de-divorcio\/\">divorcios en Virginia<\/a>, los tribunales buscan lo que es justo, lo que no siempre significa igual. La ley de distribuci\u00f3n equitativa del estado considera factores como la duraci\u00f3n del matrimonio, las contribuciones financieras de cada c\u00f3nyuge y los esfuerzos no monetarios como el mantenimiento del hogar.<\/p>\n<p>Esta ley mantiene las cosas equilibradas, pero esto puede ser dif\u00edcil de lograr en divorcios de alto patrimonio sin una s\u00f3lida representaci\u00f3n legal. Cada factor cuenta; un solo error podr\u00eda significar perder m\u00e1s de lo que esperaba. Sin una clara transparencia financiera, es dif\u00edcil saber d\u00f3nde est\u00e1n las cosas.<\/p>\n<p><img decoding=\"async\" class=\"aligncenter size-full wp-image-20222\" src=\"https:\/\/www.theirvinglawfirm.com\/wp-content\/uploads\/2024\/10\/abogados-de-divorcios-de-alto-patrimonio-navegan-issues-complejos.jpg\" alt=\"Abogados De Divorcios De Alto Patrimonio Navegan Issues Complejos\" width=\"800\" height=\"554\" srcset=\"https:\/\/www.theirvinglawfirm.com\/wp-content\/uploads\/2024\/10\/abogados-de-divorcios-de-alto-patrimonio-navegan-issues-complejos-200x139.jpg 200w, https:\/\/www.theirvinglawfirm.com\/wp-content\/uploads\/2024\/10\/abogados-de-divorcios-de-alto-patrimonio-navegan-issues-complejos-300x208.jpg 300w, https:\/\/www.theirvinglawfirm.com\/wp-content\/uploads\/2024\/10\/abogados-de-divorcios-de-alto-patrimonio-navegan-issues-complejos-400x277.jpg 400w, https:\/\/www.theirvinglawfirm.com\/wp-content\/uploads\/2024\/10\/abogados-de-divorcios-de-alto-patrimonio-navegan-issues-complejos-600x416.jpg 600w, https:\/\/www.theirvinglawfirm.com\/wp-content\/uploads\/2024\/10\/abogados-de-divorcios-de-alto-patrimonio-navegan-issues-complejos-768x532.jpg 768w, https:\/\/www.theirvinglawfirm.com\/wp-content\/uploads\/2024\/10\/abogados-de-divorcios-de-alto-patrimonio-navegan-issues-complejos.jpg 800w\" sizes=\"(max-width: 800px) 100vw, 800px\" \/><\/p>\n<h2>Transparencia Financiera Y Divulgaci\u00f3n De Activos En El Divorcio<\/h2>\n<p>Si est\u00e1 atravesando el proceso de divorcio, es vital recordar que la transparencia financiera es la base de un acuerdo justo. Con bienes sustanciales en juego, ambos c\u00f3nyuges deben divulgar abiertamente su situaci\u00f3n financiera para dividir los bienes conyugales de manera equitativa.<\/p>\n<p>Sin transparencia, el proceso puede convertirse en una mara\u00f1a de confusi\u00f3n, desconfianza y posibles batallas legales. No divulgar cuentas ocultas o tener activos subreportados puede ralentizar el proceso. Adem\u00e1s, pueden resultar en severas penalizaciones o resultados desfavorables para el c\u00f3nyuge que desconoce la situaci\u00f3n.<\/p>\n<p>Una de las principales razones por las que la transparencia importa es que los divorcios de alto patrimonio a menudo involucran estructuras financieras complicadas. Esto puede incluir negocios, portafolios de inversi\u00f3n y propiedades que pueden no ser f\u00e1ciles de valorar. La divulgaci\u00f3n completa ayuda a ambas partes a obtener una imagen clara de todos los bienes, asegurando una divisi\u00f3n justa.<\/p>\n<p>Un abogado de divorcio de alto perfil a menudo trabaja con contadores forenses para evitar que la riqueza oculta incline la balanza. Estos profesionales pueden rastrear bienes, descubrir cuentas ocultas y verificar valoraciones. Junto con su abogado, usted puede detectar discrepancias y proporcionar una comprensi\u00f3n de lo que est\u00e1 sobre la mesa.<\/p>\n<p>Incluso con transparencia, salvaguardar sus bienes sigue siendo cr\u00edtico. Si bien la riqueza no desaparece de la noche a la ma\u00f1ana, no tomar precauciones podr\u00eda llevar a p\u00e9rdidas inesperadas. Las protecciones adecuadas pueden marcar la diferencia en preservar lo que ha trabajado tan arduamente para construir.<\/p>\n<h2>Protegiendo La Riqueza Y Los Bienes Antes Y Durante El Proceso<\/h2>\n<p>Proteger sus bienes asegura su seguridad financiera durante todo el proceso de divorcio. Un <a href=\"https:\/\/www.abogado.com\/recursos\/ley-de-familia\/que-es-un-convenio-prenupcial.html\" target=\"_blank\" rel=\"noopener\">acuerdo prenupcial<\/a> o postnupcial puede proporcionar una hoja de ruta clara, reduciendo las disputas al detallar c\u00f3mo se dividir\u00e1n las propiedades, negocios o inversiones. Sin embargo, si su c\u00f3nyuge impugna el acuerdo, contar con un abogado de familia de alto patrimonio es esencial para defender sus t\u00e9rminos.<\/p>\n<p>Los fideicomisos y otras estructuras financieras tambi\u00e9n entran en juego. Aunque estos pueden proteger los bienes, el tribunal examinar\u00e1 c\u00f3mo est\u00e1n configurados y si protegen la riqueza personal o conyugal. Si un fideicomiso protege fondos personales, puede quedar fuera del alcance. Sin embargo, si el dinero conyugal contribuy\u00f3 a \u00e9l, el tribunal podr\u00eda incluirlo en la divisi\u00f3n.<\/p>\n<p>Otro problema es la disoluci\u00f3n de bienes, donde un c\u00f3nyuge podr\u00eda intentar vaciar cuentas o malgastar fondos conyugales. Esto podr\u00eda ser un gasto imprudente o movimientos furtivos como esconder dinero en una cuenta secreta. Si sospecha que esto est\u00e1 ocurriendo, actuar r\u00e1pidamente puede evitar que la situaci\u00f3n se agrave. Los tribunales toman esto en serio y ajustar\u00e1n la divisi\u00f3n de bienes para corregir el da\u00f1o.<\/p>\n<p>Al comprender c\u00f3mo estas herramientas legales impactan el proceso y estar al tanto de los posibles riesgos, puede proteger lo que es suyo. Despu\u00e9s de abordar la protecci\u00f3n de bienes, la atenci\u00f3n normalmente se desplaza hacia las \u00f3rdenes de manutenci\u00f3n, especialmente para los c\u00f3nyuges e hijos. Estas \u00e1reas son vitales para mantener la estabilidad financiera de ambas partes despu\u00e9s del divorcio.<\/p>\n<h2>C\u00e1lculo De La Manutenci\u00f3n Conyugal Y De Hijos Para Familias Acomodadas<\/h2>\n<p>Con una riqueza significativa en juego, los pagos de manutenci\u00f3n aseguran que los c\u00f3nyuges y los hijos puedan mantener sus est\u00e1ndares de vida despu\u00e9s del divorcio. El proceso considera varios factores, y determinar estas cantidades es vital para la estabilidad financiera y el bienestar de las partes involucradas.<\/p>\n<h3>Determinaci\u00f3n De La Manutenci\u00f3n Conyugal<\/h3>\n<p><img decoding=\"async\" class=\"alignright size-full wp-image-20224\" src=\"https:\/\/www.theirvinglawfirm.com\/wp-content\/uploads\/2024\/10\/divorcios-de-alto-patrimonio-en-virginia.jpg\" alt=\"Divorcios De Alto Patrimonio En Virginia\" width=\"300\" height=\"200\" srcset=\"https:\/\/www.theirvinglawfirm.com\/wp-content\/uploads\/2024\/10\/divorcios-de-alto-patrimonio-en-virginia-200x133.jpg 200w, https:\/\/www.theirvinglawfirm.com\/wp-content\/uploads\/2024\/10\/divorcios-de-alto-patrimonio-en-virginia.jpg 300w\" sizes=\"(max-width: 300px) 100vw, 300px\" \/><\/p>\n<p>La manutenci\u00f3n conyugal no se trata solo de dividir los ingresos. Los tribunales examinan varios factores, como la duraci\u00f3n del matrimonio y su capacidad de ganancia. Adem\u00e1s, si una de las partes est\u00e1 acostumbrada a un cierto nivel de vida, el tribunal considerar\u00e1 eso al decidir cu\u00e1nto se necesita en concepto de pago.<\/p>\n<p>La riqueza de inversiones, intereses comerciales y otras fuentes puede complicar los c\u00e1lculos de pensi\u00f3n alimenticia. Estos casos frecuentemente involucran altos est\u00e1ndares de vida, m\u00faltiples fuentes de ingresos y activos financieros fluctuantes. Los abogados de divorcio de alto patrimonio consideran estos detalles para crear un plan de manutenci\u00f3n que refleje las realidades econ\u00f3micas de ambas partes.<\/p>\n<h3>C\u00e1lculos De Manutenci\u00f3n Infantil<\/h3>\n<p>Las pautas est\u00e1ndar de manutenci\u00f3n infantil de Virginia podr\u00edan ser m\u00e1s complejas cuando las familias tienen gastos de escuelas privadas, actividades extracurriculares y otros gastos de alto nivel. En estos casos, los tribunales examinar\u00e1n c\u00f3mo mantener este estilo de vida despu\u00e9s del divorcio. Despu\u00e9s de todo, la manutenci\u00f3n asegura que los padres cubran las necesidades de sus hijos y contin\u00faen proporcionando asistencia financiera.<\/p>\n<h3>Preocupaciones Sobre La Custodia<\/h3>\n<p>Cuando los padres tienen altos ingresos y horarios ocupados, los acuerdos de custodia pueden volverse complicados. Los horarios de viaje, m\u00faltiples residencias y largas horas de trabajo afectan las visitas. Los tribunales siempre se enfocan en el mejor inter\u00e9s del ni\u00f1o, pero encontrar una soluci\u00f3n para la situaci\u00f3n \u00fanica de su familia es cr\u00edtico.<\/p>\n<p>M\u00e1s all\u00e1 de los aspectos financieros y personales, los detalles de su divorcio pueden atraer atenci\u00f3n no deseada. Mantener la discreci\u00f3n durante todo el proceso se convierte en una prioridad, ya que mantener los asuntos personales fuera del ojo p\u00fablico es tan crucial como abordar otros problemas.<\/p>\n<h2>Protecci\u00f3n De La Privacidad Y La Reputaci\u00f3n En Divorcios De Alto Perfil<\/h2>\n<p>En los divorcios de alto perfil, proteger la privacidad y la reputaci\u00f3n es tan vital como manejar los asuntos financieros. Cuando se involucra una riqueza significativa o estatus p\u00fablico, los detalles del divorcio pueden atraer r\u00e1pidamente atenci\u00f3n no deseada. Incluso sin prominencia p\u00fablica, muchas personas valoran mantener su informaci\u00f3n personal fuera del foco p\u00fablico.<\/p>\n<p>Para aquellos que necesitan discreci\u00f3n, no se trata solo de guardar silencio, sino de asegurarse de que los asuntos personales no se conviertan en chismes p\u00fablicos. Un abogado h\u00e1bil puede ayudar a proteger su privacidad mediante estrategias como registros judiciales sellados o negociaciones privadas, asegurando que la informaci\u00f3n sensible permanezca en secreto.<\/p>\n<p>Los acuerdos de liquidaci\u00f3n confidenciales tambi\u00e9n son una herramienta valiosa. Estos permiten a ambas partes resolver sus problemas a puerta cerrada, lejos de los tribunales y los medios. Este enfoque ayuda a evitar que los detalles personales se divulguen al p\u00fablico, protegiendo la privacidad de su familia y cualquier inter\u00e9s comercial en riesgo.<\/p>\n<p>La reputaci\u00f3n es igualmente esencial, especialmente para figuras p\u00fablicas o propietarios de negocios. El divorcio puede generar publicidad no deseada, afectando tanto los c\u00edrculos personales como profesionales. Con el abogado adecuado, usted puede navegar por el proceso legal manteniendo su vida personal en privado y su imagen profesional intacta.<\/p>\n<p><img decoding=\"async\" class=\"aligncenter size-full wp-image-20226\" src=\"https:\/\/www.theirvinglawfirm.com\/wp-content\/uploads\/2024\/10\/protegiendo-riqueza-y-activos-durante-el-divorcio.jpg\" alt=\"Protegiendo Riqueza Y Activos Durante El Divorcio\" width=\"800\" height=\"534\" srcset=\"https:\/\/www.theirvinglawfirm.com\/wp-content\/uploads\/2024\/10\/protegiendo-riqueza-y-activos-durante-el-divorcio-200x134.jpg 200w, https:\/\/www.theirvinglawfirm.com\/wp-content\/uploads\/2024\/10\/protegiendo-riqueza-y-activos-durante-el-divorcio-300x200.jpg 300w, https:\/\/www.theirvinglawfirm.com\/wp-content\/uploads\/2024\/10\/protegiendo-riqueza-y-activos-durante-el-divorcio-400x267.jpg 400w, https:\/\/www.theirvinglawfirm.com\/wp-content\/uploads\/2024\/10\/protegiendo-riqueza-y-activos-durante-el-divorcio-600x401.jpg 600w, https:\/\/www.theirvinglawfirm.com\/wp-content\/uploads\/2024\/10\/protegiendo-riqueza-y-activos-durante-el-divorcio-768x513.jpg 768w, https:\/\/www.theirvinglawfirm.com\/wp-content\/uploads\/2024\/10\/protegiendo-riqueza-y-activos-durante-el-divorcio.jpg 800w\" sizes=\"(max-width: 800px) 100vw, 800px\" \/><\/p>\n<h2>The Irving Law Firm Protege Sus Intereses<\/h2>\n<p><a href=\"https:\/\/www.theirvinglawfirm.com\/es\/\">The Irving Law Firm<\/a> ha manejado divorcios de alto patrimonio en Virginia. Nuestra experiencia significa que sabemos c\u00f3mo gestionar la complejidad de los bienes sustanciales. Ya sea dividiendo negocios, gestionando portafolios de inversi\u00f3n o abordando propiedades de lujo, estamos bien equipados para proteger sus intereses financieros en un divorcio.<\/p>\n<p>La privacidad es a menudo una preocupaci\u00f3n importante para nuestros clientes, que tomamos muy en serio. Desde acuerdos de liquidaci\u00f3n confidenciales hasta negociaciones privadas, nos aseguramos de que sus detalles personales y financieros no lleguen al ojo p\u00fablico.<\/p>\n<p>Sabemos que el divorcio no se trata solo de finanzas: tambi\u00e9n se trata de la familia. Por lo tanto, nuestro equipo aborda cada caso cuidadosamente, manteniendo el bienestar de su familia en el centro de todo el proceso. Si las tensiones aumentan, le guiamos en la elecci\u00f3n de un camino adecuado, ya sea mediante mediaci\u00f3n en divorcios de alto conflicto o litigio.<\/p>\n<p>Si usted est\u00e1 atravesando un divorcio de alto patrimonio y desea que un equipo priorice sus bienes y privacidad, estamos aqu\u00ed para ayudarle. Cont\u00e1ctenos hoy para programar una consulta y descubrir c\u00f3mo podemos apoyarle.<\/p>\n<h2>Resumen<\/h2>\n<p>Los divorcios de alto patrimonio presentan desaf\u00edos \u00fanicos, que requieren estrategias legales reflexivas para proteger los bienes sustanciales. En Virginia, las leyes de distribuci\u00f3n equitativa gu\u00edan c\u00f3mo los tribunales dividen estas propiedades, enfoc\u00e1ndose en la equidad en lugar de divisiones iguales. Los bienes ocultos, los fideicomisos y los acuerdos prenupciales a menudo influyen en el resultado, a\u00f1adiendo complejidad al proceso.<\/p>\n<p>M\u00e1s all\u00e1 de la divisi\u00f3n de bienes, los c\u00e1lculos de manutenci\u00f3n conyugal y de hijos consideran el estilo de vida acomodado y las m\u00faltiples fuentes de ingresos. Durante todo el proceso, la privacidad juega un papel importante, confiando a menudo en registros judiciales sellados y acuerdos confidenciales. En estos casos complejos, The Irving Law Firm protege su riqueza e intereses personales.<\/p>\n<\/div><\/div><\/div><\/div><\/div>\n","protected":false},"excerpt":{"rendered":"","protected":false},"author":3,"featured_media":20228,"parent":8374,"menu_order":0,"comment_status":"closed","ping_status":"closed","template":"100-width.php","meta":{"_analytify_skip_tracking":false,"rank_math_title":"Abogado De Divorcio De Alto Patrimonio Cerca De Arlington","rank_math_description":"Un abogado de divorcio de alto patrimonio protege sus bienes y privacidad en casos complejos. Aprenda a manejar sus finanzas y reputaci\u00f3n.","rank_math_focus_keyword":"divorcio de alto patrimonio","rank_math_canonical_url":"","footnotes":""},"class_list":["post-8325","page","type-page","status-publish","has-post-thumbnail","hentry"],"acf":[],"_links":{"self":[{"href":"https:\/\/www.theirvinglawfirm.com\/es\/wp-json\/wp\/v2\/pages\/8325","targetHints":{"allow":["GET"]}}],"collection":[{"href":"https:\/\/www.theirvinglawfirm.com\/es\/wp-json\/wp\/v2\/pages"}],"about":[{"href":"https:\/\/www.theirvinglawfirm.com\/es\/wp-json\/wp\/v2\/types\/page"}],"author":[{"embeddable":true,"href":"https:\/\/www.theirvinglawfirm.com\/es\/wp-json\/wp\/v2\/users\/3"}],"replies":[{"embeddable":true,"href":"https:\/\/www.theirvinglawfirm.com\/es\/wp-json\/wp\/v2\/comments?post=8325"}],"version-history":[{"count":2,"href":"https:\/\/www.theirvinglawfirm.com\/es\/wp-json\/wp\/v2\/pages\/8325\/revisions"}],"predecessor-version":[{"id":40936,"href":"https:\/\/www.theirvinglawfirm.com\/es\/wp-json\/wp\/v2\/pages\/8325\/revisions\/40936"}],"up":[{"embeddable":true,"href":"https:\/\/www.theirvinglawfirm.com\/es\/wp-json\/wp\/v2\/pages\/8374"}],"wp:featuredmedia":[{"embeddable":true,"href":"https:\/\/www.theirvinglawfirm.com\/es\/wp-json\/wp\/v2\/media\/20228"}],"wp:attachment":[{"href":"https:\/\/www.theirvinglawfirm.com\/es\/wp-json\/wp\/v2\/media?parent=8325"}],"curies":[{"name":"wp","href":"https:\/\/api.w.org\/{rel}","templated":true}]}}