{"id":8300,"date":"2022-11-15T15:11:25","date_gmt":"2022-11-15T15:11:25","guid":{"rendered":"https:\/\/www.theirvinglawfirm.com\/manutencion-conyugal\/"},"modified":"2025-10-21T18:04:16","modified_gmt":"2025-10-21T18:04:16","slug":"abogado-de-manutencion-conyugal-en-manassas","status":"publish","type":"page","link":"https:\/\/www.theirvinglawfirm.com\/es\/areas-de-practica\/derecho-de-familia\/abogado-de-manutencion-conyugal-en-manassas\/","title":{"rendered":"Un abogado de manutenci\u00f3n conyugal en Manassas le representa"},"content":{"rendered":"<div class=\"fusion-fullwidth fullwidth-box fusion-builder-row-1 fusion-flex-container has-pattern-background has-mask-background nonhundred-percent-fullwidth non-hundred-percent-height-scrolling\" style=\"--awb-border-sizes-bottom:1px;--awb-border-radius-top-left:0px;--awb-border-radius-top-right:0px;--awb-border-radius-bottom-right:0px;--awb-border-radius-bottom-left:0px;--awb-flex-wrap:wrap;\" ><div class=\"fusion-builder-row fusion-row fusion-flex-align-items-flex-start fusion-flex-content-wrap\" style=\"max-width:1497.6px;margin-left: calc(-4% \/ 2 );margin-right: calc(-4% \/ 2 );\"><div class=\"fusion-layout-column fusion_builder_column fusion-builder-column-0 fusion_builder_column_1_1 1_1 fusion-flex-column\" style=\"--awb-bg-size:cover;--awb-width-large:100%;--awb-margin-top-large:0px;--awb-spacing-right-large:1.92%;--awb-margin-bottom-large:20px;--awb-spacing-left-large:0%;--awb-width-medium:100%;--awb-order-medium:0;--awb-spacing-right-medium:1.92%;--awb-spacing-left-medium:0%;--awb-width-small:100%;--awb-order-small:0;--awb-spacing-right-small:1.92%;--awb-spacing-left-small:1.92%;\"><div class=\"fusion-column-wrapper fusion-column-has-shadow fusion-flex-justify-content-flex-start fusion-content-layout-column\"><div class=\"fusion-text fusion-text-1\"><p>El divorcio puede ser como una monta\u00f1a rusa\u2014lleno de altibajos y giros inesperados. En Virginia, la manutenci\u00f3n conyugal, tambi\u00e9n conocida como pensi\u00f3n alimenticia, es a menudo uno de los asuntos financieros m\u00e1s significativos en este proceso. No se trata solo de hacer cuentas; se trata de encontrar una soluci\u00f3n que ayude a ambas partes a adaptarse a la vida despu\u00e9s del matrimonio.<\/p>\n<p>Entender c\u00f3mo funcionan estos pagos es vital si est\u00e1 atravesando un divorcio. Aqu\u00ed, aprender\u00e1 sobre los diferentes tipos de manutenci\u00f3n, c\u00f3mo los tribunales toman decisiones y qu\u00e9 puede afectar el resultado. Un <a href=\"https:\/\/www.theirvinglawfirm.com\/es\/areas-de-practica\/derecho-de-familia\/\">abogado de manutenci\u00f3n conyugal<\/a> puede guiarle a lo largo del proceso, ayud\u00e1ndole a proteger su futuro financiero.<\/p>\n<h2>Abogado de manutenci\u00f3n conyugal en un divorcio en Virginia<\/h2>\n<p>Un abogado de\u00a0 manutenci\u00f3n conyugal en Manassas esta para proporcionar asistencia financiera a una de las partes, a menudo la que tiene menos ingresos, despu\u00e9s de un divorcio. El objetivo es ayudar a esa persona a hacer la transici\u00f3n a la vida despu\u00e9s del matrimonio sin perder estabilidad. Seg\u00fan las particularidades de cada caso, el tribunal decide cu\u00e1nto es justo y cu\u00e1nto tiempo debe durar.<\/p>\n<p>A diferencia de la manutenci\u00f3n infantil, que es exclusivamente para los hijos, esta se centra en los adultos. Tambi\u00e9n difiere de la divisi\u00f3n de activos como la casa familiar o los fondos de jubilaci\u00f3n. La manutenci\u00f3n conyugal nivela el campo de juego, especialmente si una de las partes gana significativamente m\u00e1s que la otra.<\/p>\n<p>El apoyo puede tomar diferentes formas dependiendo de las necesidades de los c\u00f3nyuges. No es una soluci\u00f3n \u00fanica para todos. Por lo tanto, entender los diversos tipos de pensi\u00f3n alimenticia es vital para quienes est\u00e1n involucrados en el proceso de divorcio.<\/p>\n<p><img decoding=\"async\" class=\"aligncenter size-full wp-image-19745\" src=\"https:\/\/www.theirvinglawfirm.com\/wp-content\/uploads\/2024\/10\/abogado-de-manutencion-conyugal-salvaguarda-tu-futuro-financiero.jpg\" alt=\"Abogado De Manutenci\u00f3n Conyugal Salvaguarda Tu Futuro Financiero\" width=\"800\" height=\"567\" srcset=\"https:\/\/www.theirvinglawfirm.com\/wp-content\/uploads\/2024\/10\/abogado-de-manutencion-conyugal-salvaguarda-tu-futuro-financiero-300x214.jpg 300w, https:\/\/www.theirvinglawfirm.com\/wp-content\/uploads\/2024\/10\/abogado-de-manutencion-conyugal-salvaguarda-tu-futuro-financiero.jpg 1200w\" sizes=\"(max-width: 800px) 100vw, 800px\" \/><\/p>\n<h2>Los Diferentes Tipos De Manutenci\u00f3n Conyugal<\/h2>\n<p>La manutenci\u00f3n conyugal viene en varias formas dependiendo de las necesidades de las personas involucradas. Al igual que escoger la llave correcta para una cerradura, los tribunales en Virginia intentan emparejar el tipo adecuado seg\u00fan la situaci\u00f3n de cada pareja. A veces, es una ayuda a corto plazo; otras veces, es una soluci\u00f3n a largo plazo.<\/p>\n<h3>Apoyo Temporal<\/h3>\n<p>El apoyo temporal puede considerarse como muletas financieras. Ayuda a uno de los c\u00f3nyuges a mantenerse mientras avanza el divorcio. Este tipo de apoyo entra en acci\u00f3n durante el periodo de separaci\u00f3n, cuando uno de los c\u00f3nyuges necesita ayuda para cubrir los gastos de vida y mantener su estilo de vida mientras hacen la transici\u00f3n fuera del matrimonio.<\/p>\n<p>Una vez finalizado el divorcio, el tribunal puede reevaluar y emitir una orden de manutenci\u00f3n conyugal m\u00e1s permanente. En algunos casos, el apoyo temporal es suficiente para ayudar a uno de los c\u00f3nyuges a adaptarse, pero a menudo es el primer paso hacia otro tipo de arreglo.<\/p>\n<h3>Apoyo Rehabilitativo<\/h3>\n<p>El apoyo rehabilitativo es como darle a alguien una escalera para volver a donde necesita estar. Est\u00e1 dise\u00f1ado para ayudar a un c\u00f3nyuge dependiente a volverse autosuficiente despu\u00e9s del matrimonio. Tal vez dejaron una carrera para cuidar a los hijos o administrar el hogar. Con el fin del matrimonio, necesitan tiempo para volver a capacitarse, reingresar al mercado laboral o adquirir nuevas habilidades.<\/p>\n<p>Los tribunales suelen otorgar apoyo rehabilitativo por un periodo determinado, suficiente para que el beneficiario recupere su estabilidad. Es una soluci\u00f3n temporal, pero que brinda al c\u00f3nyuge la oportunidad de alcanzar la independencia financiera. Un abogado de manutenci\u00f3n conyugal puede ayudar a garantizar que los t\u00e9rminos reflejen el tiempo necesario para recuperar esa estabilidad.<\/p>\n<h3>Apoyo Permanente<\/h3>\n<p>El apoyo permanente es un compromiso m\u00e1s largo para situaciones donde uno de los c\u00f3nyuges tal vez nunca logre independencia financiera. Imagine esto como una red de seguridad en lugar de un paso intermedio. Este tipo de apoyo entra en juego cuando la edad, la salud u otros factores hacen irrealista que el c\u00f3nyuge pueda reingresar al mercado laboral o sostenerse por s\u00ed mismo.<\/p>\n<p>Aunque menos com\u00fan que otros tipos, el apoyo permanente sigue siendo un salvavidas para quienes no pueden recuperar su estabilidad financiera debido a circunstancias personales. Un abogado de pensi\u00f3n alimenticia puede ayudar a asegurar que el acuerdo se alinee con su seguridad financiera a largo plazo.<\/p>\n<p>Estos tipos de apoyo ilustran c\u00f3mo los tribunales de Virginia adaptan la pensi\u00f3n alimenticia a las necesidades espec\u00edficas de cada pareja. Sin embargo, puede que se pregunte c\u00f3mo un juez determina qu\u00e9 tipo es el adecuado. Un abogado de manutenci\u00f3n conyugal puede explicarle los varios factores que influyen en el resultado de estos casos.<\/p>\n<h2>Qu\u00e9 Influye En Las Decisiones De Los Tribunales De Virginia<\/h2>\n<p><img decoding=\"async\" class=\"size-full wp-image-19747 alignright\" src=\"https:\/\/www.theirvinglawfirm.com\/wp-content\/uploads\/2024\/10\/diferentes-tipos-de-manutencion-conyugal.jpg\" alt=\"Diferentes Tipos De Manutenci\u00f3n Conyugal\" width=\"300\" height=\"200\" srcset=\"https:\/\/www.theirvinglawfirm.com\/wp-content\/uploads\/2024\/10\/diferentes-tipos-de-manutencion-conyugal-200x133.jpg 200w, https:\/\/www.theirvinglawfirm.com\/wp-content\/uploads\/2024\/10\/diferentes-tipos-de-manutencion-conyugal.jpg 300w\" sizes=\"(max-width: 300px) 100vw, 300px\" \/>Decidir sobre la manutenci\u00f3n conyugal no se trata solo de observar las finanzas; implica sopesar muchos aspectos del matrimonio. Los tribunales de Virginia examinan de cerca varios factores para determinar qu\u00e9 tipo, si acaso, debe ser otorgado. Aqu\u00ed algunos aspectos clave:<\/p>\n<ul>\n<li>Duraci\u00f3n Del Matrimonio: Generalmente, los matrimonios m\u00e1s largos suelen significar finanzas m\u00e1s entrelazadas, lo que lleva a un apoyo m\u00e1s prolongado o sustancial. Las uniones m\u00e1s cortas tal vez ni siquiera resulten en pensi\u00f3n, dependiendo de las circunstancias.<\/li>\n<li>Evaluaci\u00f3n De La Necesidad Financiera Y La Capacidad De Pago: Los tribunales act\u00faan como \u00e1rbitros, equilibrando las necesidades de un c\u00f3nyuge con la capacidad del otro para pagar. Los jueces probablemente ordenar\u00e1n el apoyo si una parte claramente necesita ayuda y la otra puede permit\u00edrselo.<\/li>\n<li>Mantener El Nivel De Vida Despu\u00e9s Del Divorcio: La manutenci\u00f3n conyugal tiene como objetivo mantener un nivel de vida similar al que se disfrutaba durante el matrimonio. Si un c\u00f3nyuge queda en una situaci\u00f3n financiera dif\u00edcil mientras el otro sigue c\u00f3modo, la ley interviene para nivelar las cosas.<\/li>\n<li>Salud, Edad Y Otras Consideraciones Personales: Un juez puede inclinarse hacia un apoyo m\u00e1s a largo plazo si un c\u00f3nyuge tiene problemas de salud graves o est\u00e1 cerca de la jubilaci\u00f3n. Se trata de reconocer que las circunstancias dificultan que una parte se sostenga por s\u00ed misma.<\/li>\n<li>Contribuciones Al Matrimonio: Una uni\u00f3n matrimonial no se trata solo de dinero. Los tribunales tambi\u00e9n consideran las contribuciones no financieras, como la crianza de los hijos o la administraci\u00f3n del hogar.<\/li>\n<\/ul>\n<p>Cada caso es \u00fanico, y la decisi\u00f3n de un juez se toma caso por caso. Para comprender las particularidades de su situaci\u00f3n, puede comenzar buscando en Google \u00ababogado de manutenci\u00f3n conyugal cerca de m\u00ed\u00bb. Contar con un abogado personal puede ayudarle a anticipar los resultados seg\u00fan los detalles de su caso y planificar para proteger sus intereses financieros.<\/p>\n<p>Una vez que el tribunal determina un acuerdo de manutenci\u00f3n conyugal, la decisi\u00f3n inicial puede cambiar a medida que la vida evoluciona. Esto nos lleva al siguiente aspecto importante: modificar las \u00f3rdenes de pensi\u00f3n cuando las circunstancias cambian.<\/p>\n<h2>C\u00f3mo Se Adaptan Las \u00d3rdenes A Las Circunstancias Cambiantes<\/h2>\n<p>La vida no se detiene despu\u00e9s de un divorcio; a veces, los acuerdos deben ajustarse para reflejar nuevas realidades. Cambios de empleo, problemas m\u00e9dicos y nuevas relaciones pueden alterar las cosas despu\u00e9s del divorcio, y en ocasiones, las \u00f3rdenes de manutenci\u00f3n conyugal deben ajustarse para adaptarse a estos cambios.<\/p>\n<p>La ley de Virginia permite modificaciones en el apoyo cuando las circunstancias cambian. Imagine la p\u00e9rdida de un empleo, por ejemplo: de repente, el c\u00f3nyuge que paga no puede cumplir con los requisitos de apoyo originales, lo que exige una revisi\u00f3n de la situaci\u00f3n. Esta flexibilidad garantiza que la pensi\u00f3n se mantenga justa y apropiada a medida que evolucionan las circunstancias.<\/p>\n<p>Solicitar una modificaci\u00f3n requiere m\u00e1s que un acuerdo verbal entre las dos partes. El tribunal debe ver pruebas de que las circunstancias han cambiado lo suficiente como para justificar el ajuste. Es como renegociar un contrato. Un juez revisa la situaci\u00f3n y actualizar\u00e1 los t\u00e9rminos si el caso es s\u00f3lido.<\/p>\n<p>Un abogado de pensi\u00f3n alimenticia experimentado puede ayudar a navegar estos cambios, ya sea que necesite solicitar una modificaci\u00f3n o defenderse de una. Con la ayuda legal adecuada, puede asegurarse de que cualquier cambio refleje su situaci\u00f3n actual de manera razonable, protegiendo su futuro financiero y su tranquilidad.<\/p>\n<p>M\u00e1s all\u00e1 de los cambios, tambi\u00e9n hay condiciones claras que pueden poner fin a la <a href=\"https:\/\/www.abogado.com\/recursos\/divorcio\/sostenimiento-al-conyuge\/cu-ndo-y-c-mo-los-tribunales-ordenan-la-pens.html\" target=\"_blank\" rel=\"noopener\">manutenci\u00f3n conyugal<\/a> por completo. Entender estas condiciones es esencial para saber cu\u00e1ndo terminar\u00e1n las obligaciones de apoyo.<\/p>\n<h2>Condiciones Que Ponen Fin Al Apoyo Financiero<\/h2>\n<p>A diferencia del apoyo temporal o rehabilitativo, que ya tiene fechas de finalizaci\u00f3n precisas, el apoyo permanente puede extenderse hasta que ocurra algo significativo. Un abogado de manutenci\u00f3n conyugal puede ayudar a identificar estos desencadenantes y prepararle para cualquier cambio.<\/p>\n<h3>Nuevo Matrimonio Del C\u00f3nyuge Receptor<\/h3>\n<p>El nuevo matrimonio es una de las razones m\u00e1s claras para que termine la manutenci\u00f3n conyugal. Piense en ello como el relevo en una carrera. Una vez que el receptor se casa con alguien m\u00e1s, la responsabilidad financiera pasa al nuevo c\u00f3nyuge, liberando al c\u00f3nyuge que paga de m\u00e1s obligaciones.<\/p>\n<h3>Cohabitaci\u00f3n<\/h3>\n<p>La cohabitaci\u00f3n tambi\u00e9n puede llevar al fin de la manutenci\u00f3n conyugal. Si el receptor comienza a vivir con una nueva pareja en una relaci\u00f3n que refleja un matrimonio, el tribunal puede determinar que la asistencia financiera ya no es necesaria. Esto suele suceder cuando la nueva relaci\u00f3n proporciona beneficios monetarios similares a los de un matrimonio.<\/p>\n<h3>Terminaci\u00f3n Por Fallecimiento<\/h3>\n<p>La obligaci\u00f3n de pagar la manutenci\u00f3n conyugal generalmente termina cuando cualquiera de las partes fallece. Sin embargo, es posible hacer arreglos para que los pagos contin\u00faen despu\u00e9s de la muerte del pagador, a menudo a trav\u00e9s de p\u00f3lizas de seguro de vida o el patrimonio. Estos arreglos normalmente se discuten en el decreto de divorcio para garantizar que sean legalmente vinculantes.<\/p>\n<p>Un abogado de pensi\u00f3n y manutenci\u00f3n conyugal puede ayudarle a defender estos acuerdos, asegurando un apoyo financiero continuo. Estos detalles deben quedar claramente expuestos en el acuerdo para evitar sorpresas y proporcionar apoyo continuo, incluso en tales circunstancias.<\/p>\n<p>Cada caso es \u00fanico, y hacerlo bien requiere una clara comprensi\u00f3n de la ley y c\u00f3mo se aplica a las circunstancias individuales. Un abogado de familia especializado en manutenci\u00f3n conyugal puede ser la mano firme que le gu\u00ede a trav\u00e9s de este proceso y proteja sus intereses financieros.<\/p>\n<p><img decoding=\"async\" class=\"aligncenter size-full wp-image-19749\" src=\"https:\/\/www.theirvinglawfirm.com\/wp-content\/uploads\/2024\/10\/condiciones-que-terminan-la-manutencion-conyugal.jpg\" alt=\"Condiciones Que Terminan La Manutenci\u00f3n Conyugal\" width=\"800\" height=\"567\" srcset=\"https:\/\/www.theirvinglawfirm.com\/wp-content\/uploads\/2024\/10\/condiciones-que-terminan-la-manutencion-conyugal-300x214.jpg 300w, https:\/\/www.theirvinglawfirm.com\/wp-content\/uploads\/2024\/10\/condiciones-que-terminan-la-manutencion-conyugal.jpg 1200w\" sizes=\"(max-width: 800px) 100vw, 800px\" \/><\/p>\n<h2>Por Qu\u00e9 Deber\u00eda Elegir The Irving Law Firm En Virginia<\/h2>\n<p>En <a href=\"https:\/\/www.theirvinglawfirm.com\/es\/\">The Irving Law Firm<\/a>, le ayudamos a lo largo del proceso de manutenci\u00f3n conyugal con un plan claro y un compromiso de hacer las cosas bien. Nuestro equipo conoce a fondo las leyes de familia de Virginia y trabaja arduamente para proteger sus intereses.<\/p>\n<p>A nadie le gusta sentirse en la oscuridad, especialmente durante algo tan personal como el divorcio. Por eso, adoptamos un enfoque pr\u00e1ctico, manteni\u00e9ndole informado en cada paso del camino. Nuestro equipo se enfoca en lo que realmente importa: asegurar que el resultado refleje su situaci\u00f3n. Con nuestra representaci\u00f3n pr\u00e1ctica, trabajamos para obtener un resultado favorable.<\/p>\n<p>El divorcio y la manutenci\u00f3n conyugal pueden sentirse como un laberinto, pero con nuestro equipo a su lado, no tendr\u00e1 que navegarlo solo. Cont\u00e1ctenos hoy y perm\u00edtanos ayudarle a abordar su asunto de derecho familiar con confianza y mano firme.<\/p>\n<p>Un abogado de divorcio y manutenci\u00f3n conyugal puede ayudarle a guiar el proceso sin problemas. Con el asesoramiento legal adecuado, puede ajustar las \u00f3rdenes de apoyo cuando la vida cambia, y sus intereses financieros estar\u00e1n mejor protegidos. The Irving Law Firm ofrece representaci\u00f3n confiable, estando a su lado en cada paso del camino.<\/p>\n<\/div><\/div><\/div><\/div><\/div>\n","protected":false},"excerpt":{"rendered":"","protected":false},"author":3,"featured_media":19751,"parent":8374,"menu_order":0,"comment_status":"closed","ping_status":"closed","template":"100-width.php","meta":{"_analytify_skip_tracking":false,"rank_math_title":"Abogado De Manutenci\u00f3n Conyugal En Manassas, VA","rank_math_description":"Un abogado de manutenci\u00f3n conyugal en Manassas puede guiarle y proteger sus intereses financieros tras el divorcio. ","rank_math_focus_keyword":"abogado de manutenci\u00f3n conyugal en manassas","rank_math_canonical_url":"","footnotes":""},"class_list":["post-8300","page","type-page","status-publish","has-post-thumbnail","hentry"],"acf":[],"_links":{"self":[{"href":"https:\/\/www.theirvinglawfirm.com\/es\/wp-json\/wp\/v2\/pages\/8300","targetHints":{"allow":["GET"]}}],"collection":[{"href":"https:\/\/www.theirvinglawfirm.com\/es\/wp-json\/wp\/v2\/pages"}],"about":[{"href":"https:\/\/www.theirvinglawfirm.com\/es\/wp-json\/wp\/v2\/types\/page"}],"author":[{"embeddable":true,"href":"https:\/\/www.theirvinglawfirm.com\/es\/wp-json\/wp\/v2\/users\/3"}],"replies":[{"embeddable":true,"href":"https:\/\/www.theirvinglawfirm.com\/es\/wp-json\/wp\/v2\/comments?post=8300"}],"version-history":[{"count":2,"href":"https:\/\/www.theirvinglawfirm.com\/es\/wp-json\/wp\/v2\/pages\/8300\/revisions"}],"predecessor-version":[{"id":41829,"href":"https:\/\/www.theirvinglawfirm.com\/es\/wp-json\/wp\/v2\/pages\/8300\/revisions\/41829"}],"up":[{"embeddable":true,"href":"https:\/\/www.theirvinglawfirm.com\/es\/wp-json\/wp\/v2\/pages\/8374"}],"wp:featuredmedia":[{"embeddable":true,"href":"https:\/\/www.theirvinglawfirm.com\/es\/wp-json\/wp\/v2\/media\/19751"}],"wp:attachment":[{"href":"https:\/\/www.theirvinglawfirm.com\/es\/wp-json\/wp\/v2\/media?parent=8300"}],"curies":[{"name":"wp","href":"https:\/\/api.w.org\/{rel}","templated":true}]}}