{"id":8291,"date":"2022-10-08T21:13:18","date_gmt":"2022-10-08T21:13:18","guid":{"rendered":"https:\/\/www.theirvinglawfirm.com\/aviso-legal\/"},"modified":"2026-04-15T15:00:05","modified_gmt":"2026-04-15T15:00:05","slug":"aviso-legal","status":"publish","type":"page","link":"https:\/\/www.theirvinglawfirm.com\/es\/aviso-legal\/","title":{"rendered":"Aviso Legal"},"content":{"rendered":"<p><div class=\"fusion-fullwidth fullwidth-box fusion-builder-row-1 fusion-flex-container fusion-parallax-none nonhundred-percent-fullwidth non-hundred-percent-height-scrolling\" style=\"--awb-border-radius-top-left:0px;--awb-border-radius-top-right:0px;--awb-border-radius-bottom-right:0px;--awb-border-radius-bottom-left:0px;--awb-padding-top:260px;--awb-padding-bottom:100px;--awb-margin-top:-185px;--awb-background-image:url(&quot;https:\/\/www.theirvinglawfirm.com\/wp-content\/uploads\/2022\/10\/blog-background.jpg&quot;);--awb-background-size:cover;--awb-flex-wrap:wrap;\" ><div class=\"fusion-builder-row fusion-row fusion-flex-align-items-flex-start fusion-flex-content-wrap\" style=\"max-width:1497.6px;margin-left: calc(-4% \/ 2 );margin-right: calc(-4% \/ 2 );\"><div class=\"fusion-layout-column fusion_builder_column fusion-builder-column-0 fusion_builder_column_1_1 1_1 fusion-flex-column\" style=\"--awb-padding-top:25px;--awb-bg-size:cover;--awb-width-large:100%;--awb-margin-top-large:0px;--awb-spacing-right-large:1.92%;--awb-margin-bottom-large:20px;--awb-spacing-left-large:1.92%;--awb-width-medium:100%;--awb-order-medium:0;--awb-spacing-right-medium:1.92%;--awb-spacing-left-medium:1.92%;--awb-width-small:100%;--awb-order-small:0;--awb-spacing-right-small:1.92%;--awb-spacing-left-small:1.92%;\"><div class=\"fusion-column-wrapper fusion-column-has-shadow fusion-flex-justify-content-flex-start fusion-content-layout-column\"><div class=\"fusion-title title fusion-title-1 fusion-sep-none fusion-title-center fusion-title-text fusion-title-size-one\" style=\"--awb-text-color:#ffffff;--awb-margin-top:0px;--awb-margin-top-small:10px;--awb-margin-right-small:0px;--awb-margin-bottom-small:10px;--awb-margin-left-small:0px;\"><h1 class=\"fusion-title-heading title-heading-center\" style=\"font-family:&quot;Cormorant&quot;;font-style:normal;font-weight:700;margin:0;letter-spacing:1px;\">AVISO LEGAL<\/h1><\/div><\/div><\/div><\/div><\/div><div class=\"fusion-fullwidth fullwidth-box fusion-builder-row-2 fusion-flex-container nonhundred-percent-fullwidth non-hundred-percent-height-scrolling\" style=\"--awb-border-sizes-bottom:1px;--awb-border-radius-top-left:0px;--awb-border-radius-top-right:0px;--awb-border-radius-bottom-right:0px;--awb-border-radius-bottom-left:0px;--awb-padding-top:3vw;--awb-padding-bottom:3vw;--awb-flex-wrap:wrap;\" ><div class=\"fusion-builder-row fusion-row fusion-flex-align-items-flex-start fusion-flex-content-wrap\" style=\"max-width:1497.6px;margin-left: calc(-4% \/ 2 );margin-right: calc(-4% \/ 2 );\"><div class=\"fusion-layout-column fusion_builder_column fusion-builder-column-1 fusion_builder_column_1_1 1_1 fusion-flex-column\" style=\"--awb-padding-right:5%;--awb-padding-left:5%;--awb-bg-size:cover;--awb-width-large:100%;--awb-margin-top-large:0px;--awb-spacing-right-large:1.92%;--awb-margin-bottom-large:20px;--awb-spacing-left-large:1.92%;--awb-width-medium:100%;--awb-order-medium:0;--awb-spacing-right-medium:1.92%;--awb-spacing-left-medium:1.92%;--awb-width-small:100%;--awb-order-small:0;--awb-spacing-right-small:1.92%;--awb-spacing-left-small:1.92%;\"><div class=\"fusion-column-wrapper fusion-column-has-shadow fusion-flex-justify-content-flex-start fusion-content-layout-column\"><div class=\"fusion-text fusion-text-1 fusion-text-no-margin\" style=\"--awb-content-alignment:center;--awb-margin-top:0px;--awb-margin-bottom:0px;\"><h2><a href=\"https:\/\/www.theirvinglawfirm.com\/es\/\">TheIrvingLawFirm.com<\/a> respeta sus derechos.<\/h2>\n<\/div><div class=\"fusion-text fusion-text-2 fusion-text-no-margin\" style=\"--awb-content-alignment:center;--awb-margin-top:0px;--awb-margin-bottom:0px;\"><h2 style=\"margin-bottom: 20px;\">El Uso De Este Sitio Web No Crea Una Relaci\u00f3n Abogado-Cliente<\/h2>\n<\/div><div class=\"fusion-text fusion-text-3 fusion-text-no-margin\" style=\"--awb-content-alignment:center;--awb-margin-top:0px;--awb-margin-bottom:20px;\"><p>El uso de este sitio web o la recepci\u00f3n de informaci\u00f3n publicada en el mismo NO crea una relaci\u00f3n abogado-cliente entre usted y The Irving Law Firm. Ponerse en contacto con The Irving Law Firm o con uno de sus abogados a trav\u00e9s de los formularios de contacto en l\u00ednea de este sitio web o de cualquiera de los n\u00fameros de tel\u00e9fono que aparecen en este sitio web, NO crea una relaci\u00f3n abogado-cliente con The Irving Law Firm. <u><i>En consecuencia, no debe utilizar este sitio web para facilitar informaci\u00f3n confidencial relativa a asuntos jur\u00eddicos a The Irving Law Firm.<\/i><\/u><\/p>\n<\/div><div class=\"fusion-text fusion-text-4 fusion-text-no-margin\" style=\"--awb-content-alignment:center;--awb-margin-top:0px;--awb-margin-bottom:0px;\"><h2 style=\"margin-bottom: 20px;\">Sitio Web No Destinado A Recibir Asesor\u00eda Legal<\/h2>\n<\/div><div class=\"fusion-text fusion-text-5 fusion-text-no-margin\" style=\"--awb-content-alignment:center;--awb-margin-top:0px;--awb-margin-bottom:20px;\"><p>Este sitio web puede contener informaci\u00f3n sobre cuestiones legales o desarrollo. La informaci\u00f3n publicada en nuestro sitio web no es, ni pretende ser, asesoramiento jur\u00eddico. Siempre debe consultar directamente con un abogado para que le asesore sobre su caso y situaci\u00f3n individual. Ninguna persona debe actuar o confiar en la informaci\u00f3n publicada en este sitio web sin buscar el consejo de un abogado.<\/p>\n<\/div><div class=\"fusion-text fusion-text-6 fusion-text-no-margin\" style=\"--awb-content-alignment:center;--awb-margin-top:0px;--awb-margin-bottom:0px;\"><h2 style=\"margin-bottom: 20px;\">Testimonios Y Veredictos Anteriores Publicados En Este Sitio Web<br \/>\nNo Deben Interpretarse Como Garant\u00eda De Resultados<\/h2>\n<\/div><div class=\"fusion-text fusion-text-7 fusion-text-no-margin\" style=\"--awb-content-alignment:center;--awb-margin-top:0px;--awb-margin-bottom:20px;\"><p>Los testimonios publicados en este sitio web de clientes anteriores de The Irving Law Firm no constituyen una garant\u00eda o predicci\u00f3n con respecto al resultado de su caso o asunto legal. El resultado de cualquier caso legal depende de muchos factores diferentes, incluyendo los hechos del caso espec\u00edfico y ning\u00fan abogado puede ofrecer un resultado positivo garantizado en cualquier caso particular. Cualquier resultado anterior logrado por un abogado no puede garantizar un resultado similar.<\/p>\n<\/div><div class=\"fusion-text fusion-text-8 fusion-text-no-margin\" style=\"--awb-content-alignment:center;--awb-margin-top:0px;--awb-margin-bottom:0px;\"><h2 style=\"margin-bottom: 20px;\">Este Sitio Web Es Un Anuncio De Servicios Legales<\/h2>\n<\/div><div class=\"fusion-text fusion-text-9 fusion-text-no-margin\" style=\"--awb-content-alignment:center;--awb-margin-top:0px;--awb-margin-bottom:20px;\"><p>Este sitio web puede considerarse publicidad en algunas jurisdicciones seg\u00fan la ley aplicable y las normas \u00e9ticas de conducta. La determinaci\u00f3n de la necesidad de servicios legales y la elecci\u00f3n de un abogado para la representaci\u00f3n son decisiones extremadamente importantes y no deben basarse \u00fanicamente en anuncios o experiencia autoproclamada. No se hace ninguna representaci\u00f3n de que la calidad de los servicios legales que se realizar\u00e1n es mayor que la calidad de los servicios legales prestados por otros abogados.<\/p>\n<\/div><div class=\"fusion-text fusion-text-10 fusion-text-no-margin\" style=\"--awb-content-alignment:center;--awb-margin-top:0px;--awb-margin-bottom:0px;\"><h2 style=\"margin-bottom: 20px;\">Contacto<\/h2>\n<\/div><div class=\"fusion-text fusion-text-11 fusion-text-no-margin\" style=\"--awb-content-alignment:center;--awb-margin-top:0px;--awb-margin-bottom:20px;\"><p>Para cualquier pregunta relacionada con este sitio web <strong><a href=\"https:\/\/www.theirvinglawfirm.com\/es\/aviso-legal\/\">Aviso Legal<\/a><\/strong>, <strong><a href=\"https:\/\/www.theirvinglawfirm.com\/es\/politica-de-privacidad\/\">Pol\u00edtica de privacidad<\/a><\/strong>, <strong><a href=\"https:\/\/www.theirvinglawfirm.com\/es\/terminos-de-uso\/\">Condiciones de uso<\/a><\/strong>u otro contenido publicado, p\u00f3ngase en contacto con The Irving Law Firm.<\/p>\n<\/div><div class=\"fusion-text fusion-text-12\"><p style=\"text-align: center;\"><strong>The Irving Law Firm<\/strong><br \/>\nOficina de Manassas, VA:<br \/>\nCalle Center 9001<br \/>\nManassas, VA 20110<br \/>\n<a href=\"tel:+1-703-844-4118\"><strong>(703) 844-4118<\/strong><\/a><\/p>\n<\/div><\/div><\/div><\/div><\/div><div class=\"fusion-fullwidth fullwidth-box fusion-builder-row-3 fusion-flex-container nonhundred-percent-fullwidth non-hundred-percent-height-scrolling\" style=\"--awb-border-radius-top-left:0px;--awb-border-radius-top-right:0px;--awb-border-radius-bottom-right:0px;--awb-border-radius-bottom-left:0px;--awb-padding-top:20px;--awb-padding-bottom:20px;--awb-background-color:#00294a;--awb-flex-wrap:wrap;\" ><div class=\"fusion-builder-row fusion-row fusion-flex-align-items-center fusion-flex-content-wrap\" style=\"max-width:1497.6px;margin-left: calc(-4% \/ 2 );margin-right: calc(-4% \/ 2 );\"><div class=\"fusion-layout-column fusion_builder_column fusion-builder-column-2 fusion_builder_column_2_3 2_3 fusion-flex-column fusion-flex-align-self-center\" style=\"--awb-bg-size:cover;--awb-width-large:66.666666666667%;--awb-margin-top-large:0px;--awb-spacing-right-large:2.88%;--awb-margin-bottom-large:0px;--awb-spacing-left-large:2.88%;--awb-width-medium:66.666666666667%;--awb-order-medium:0;--awb-spacing-right-medium:2.88%;--awb-spacing-left-medium:2.88%;--awb-width-small:100%;--awb-order-small:0;--awb-spacing-right-small:1.92%;--awb-spacing-left-small:1.92%;\"><div class=\"fusion-column-wrapper fusion-column-has-shadow fusion-flex-justify-content-flex-start fusion-content-layout-row fusion-flex-align-items-center\"><div class=\"fusion-text fusion-text-13 fusion-text-no-margin\" style=\"--awb-content-alignment:left;--awb-font-size:20px;--awb-text-color:#ffffff;--awb-margin-top:0px;--awb-margin-right:0px;--awb-margin-bottom:0px;--awb-margin-left:0px;\"><p>Nuestra misi\u00f3n en The Irving Law Firm es proporcionar un servicio excepcional y la satisfacci\u00f3n del cliente.<\/p>\n<\/div><\/div><\/div><div class=\"fusion-layout-column fusion_builder_column fusion-builder-column-3 fusion_builder_column_1_3 1_3 fusion-flex-column\" style=\"--awb-bg-size:cover;--awb-width-large:33.333333333333%;--awb-margin-top-large:0px;--awb-spacing-right-large:5.76%;--awb-margin-bottom-large:0px;--awb-spacing-left-large:5.76%;--awb-width-medium:33.333333333333%;--awb-order-medium:0;--awb-spacing-right-medium:5.76%;--awb-spacing-left-medium:5.76%;--awb-width-small:100%;--awb-order-small:0;--awb-spacing-right-small:1.92%;--awb-spacing-left-small:1.92%;\"><div class=\"fusion-column-wrapper fusion-column-has-shadow fusion-flex-justify-content-flex-start fusion-content-layout-column\"><div style=\"text-align:left;\"><a class=\"fusion-button button-flat fusion-button-default-size button-custom fusion-button-default button-1 fusion-button-span-yes fusion-button-span-default-medium fusion-button-default-type\" style=\"--awb-padding-top:15px;--awb-padding-right:20px;--awb-padding-bottom:15px;--awb-padding-left:20px;--button_accent_color:#ffffff;--button_accent_hover_color:#005490;--button_border_hover_color:#ffffff;--button-border-radius-top-left:5px;--button-border-radius-top-right:5px;--button-border-radius-bottom-right:5px;--button-border-radius-bottom-left:5px;--button_gradient_top_color:#005490;--button_gradient_bottom_color:#005490;--button_gradient_top_color_hover:#ffffff;--button_gradient_bottom_color_hover:#ffffff;--button_text_transform:uppercase;--button_font_size:18px;--button_line_height:32px;--button_typography-font-family:&quot;Open Sans&quot;;--button_typography-font-style:normal;--button_typography-font-weight:600;\" target=\"_self\" href=\"#\" data-toggle=\"modal\" data-target=\".fusion-modal.contact-modal\"><span class=\"fusion-button-text awb-button__text awb-button__text--default\">SOLICITAR EVALUACI\u00d3N DE CASO<\/span><\/a><\/div><\/div><\/div><\/div><\/div>\n<\/p>\n","protected":false},"excerpt":{"rendered":"","protected":false},"author":3,"featured_media":0,"parent":0,"menu_order":0,"comment_status":"closed","ping_status":"closed","template":"100-width.php","meta":{"_analytify_skip_tracking":false,"rank_math_title":"Aviso Legal | The Irving Law Firm","rank_math_description":"El aviso legal de nuestra firma en Virginia aclara las condiciones de uso, garantizando transparencia y una participaci\u00f3n responsable.","rank_math_focus_keyword":"aviso legal","rank_math_canonical_url":"","footnotes":""},"class_list":["post-8291","page","type-page","status-publish","hentry"],"acf":[],"_links":{"self":[{"href":"https:\/\/www.theirvinglawfirm.com\/es\/wp-json\/wp\/v2\/pages\/8291","targetHints":{"allow":["GET"]}}],"collection":[{"href":"https:\/\/www.theirvinglawfirm.com\/es\/wp-json\/wp\/v2\/pages"}],"about":[{"href":"https:\/\/www.theirvinglawfirm.com\/es\/wp-json\/wp\/v2\/types\/page"}],"author":[{"embeddable":true,"href":"https:\/\/www.theirvinglawfirm.com\/es\/wp-json\/wp\/v2\/users\/3"}],"replies":[{"embeddable":true,"href":"https:\/\/www.theirvinglawfirm.com\/es\/wp-json\/wp\/v2\/comments?post=8291"}],"version-history":[{"count":2,"href":"https:\/\/www.theirvinglawfirm.com\/es\/wp-json\/wp\/v2\/pages\/8291\/revisions"}],"predecessor-version":[{"id":45772,"href":"https:\/\/www.theirvinglawfirm.com\/es\/wp-json\/wp\/v2\/pages\/8291\/revisions\/45772"}],"wp:attachment":[{"href":"https:\/\/www.theirvinglawfirm.com\/es\/wp-json\/wp\/v2\/media?parent=8291"}],"curies":[{"name":"wp","href":"https:\/\/api.w.org\/{rel}","templated":true}]}}