{"id":8288,"date":"2022-11-16T07:43:01","date_gmt":"2022-11-16T07:43:01","guid":{"rendered":"https:\/\/www.theirvinglawfirm.com\/homicidio\/"},"modified":"2024-11-29T17:36:48","modified_gmt":"2024-11-29T17:36:48","slug":"homicidio","status":"publish","type":"page","link":"https:\/\/www.theirvinglawfirm.com\/es\/areas-de-practica\/derecho-criminal\/homicidio\/","title":{"rendered":"\u00bfEst\u00e1 Buscando Un Abogado De Homicidio En Manassas, VA?"},"content":{"rendered":"<div class=\"fusion-fullwidth fullwidth-box fusion-builder-row-1 fusion-flex-container has-pattern-background has-mask-background nonhundred-percent-fullwidth non-hundred-percent-height-scrolling\" style=\"--awb-border-sizes-bottom:1px;--awb-border-radius-top-left:0px;--awb-border-radius-top-right:0px;--awb-border-radius-bottom-right:0px;--awb-border-radius-bottom-left:0px;--awb-flex-wrap:wrap;\" ><div class=\"fusion-builder-row fusion-row fusion-flex-align-items-flex-start fusion-flex-content-wrap\" style=\"max-width:1497.6px;margin-left: calc(-4% \/ 2 );margin-right: calc(-4% \/ 2 );\"><div class=\"fusion-layout-column fusion_builder_column fusion-builder-column-0 fusion_builder_column_1_1 1_1 fusion-flex-column\" style=\"--awb-bg-size:cover;--awb-width-large:100%;--awb-margin-top-large:0px;--awb-spacing-right-large:1.92%;--awb-margin-bottom-large:20px;--awb-spacing-left-large:0%;--awb-width-medium:100%;--awb-order-medium:0;--awb-spacing-right-medium:1.92%;--awb-spacing-left-medium:0%;--awb-width-small:100%;--awb-order-small:0;--awb-spacing-right-small:1.92%;--awb-spacing-left-small:1.92%;\" data-scroll-devices=\"small-visibility,medium-visibility,large-visibility\"><div class=\"fusion-column-wrapper fusion-column-has-shadow fusion-flex-justify-content-flex-start fusion-content-layout-column\"><div class=\"fusion-text fusion-text-1\"><p><span style=\"font-weight: 400;\">Enterarse de que le acusan de <a href=\"https:\/\/www.theirvinglawfirm.com\/es\/areas-de-practica\/derecho-criminal\/\">homicidio<\/a> en Virginia puede causar grandes estragos en su vida. Las acusaciones pueden provocar un efecto de bola de nieve, empa\u00f1ando su reputaci\u00f3n, sus relaciones y su futuro. Por ello, conseguir una representaci\u00f3n legal competente es la \u00faltima opci\u00f3n, tanto si usted es culpable como si no. Un abogado de homicidio puede mitigar el resultado elaborando una estrategia de defensa adaptada a sus circunstancias.<\/span><\/p>\n<p><span style=\"font-weight: 400;\">En situaciones tan graves, debe comprender c\u00f3mo elegir un abogado adecuado y saber qu\u00e9 esperar de \u00e9l en el campo de batalla legal. Reconocer la diferencia que puede marcar una defensa adecuada le salvar\u00e1 a usted y a su familia de graves consecuencias y de un terrible estr\u00e9s.<\/span><\/p>\n<p><img decoding=\"async\" class=\"alignnone size-full wp-image-16952\" src=\"https:\/\/www.theirvinglawfirm.com\/wp-content\/uploads\/2024\/06\/deje-que-un-abogado-de-homicidio-le-represente-legalmente-y-le-ayude-a-atravesar-este-delicado-proceso-legal.jpg\" alt=\"Deje Que Un Abogado De Homicidio Le Represente Legalmente Y Le Ayude A Atravesar Este Delicado Proceso Legal\" width=\"100%\" height=\"801\" srcset=\"https:\/\/www.theirvinglawfirm.com\/wp-content\/uploads\/2024\/06\/deje-que-un-abogado-de-homicidio-le-represente-legalmente-y-le-ayude-a-atravesar-este-delicado-proceso-legal-66x44.jpg 66w, https:\/\/www.theirvinglawfirm.com\/wp-content\/uploads\/2024\/06\/deje-que-un-abogado-de-homicidio-le-represente-legalmente-y-le-ayude-a-atravesar-este-delicado-proceso-legal-177x118.jpg 177w, https:\/\/www.theirvinglawfirm.com\/wp-content\/uploads\/2024\/06\/deje-que-un-abogado-de-homicidio-le-represente-legalmente-y-le-ayude-a-atravesar-este-delicado-proceso-legal-200x134.jpg 200w, https:\/\/www.theirvinglawfirm.com\/wp-content\/uploads\/2024\/06\/deje-que-un-abogado-de-homicidio-le-represente-legalmente-y-le-ayude-a-atravesar-este-delicado-proceso-legal-300x200.jpg 300w, https:\/\/www.theirvinglawfirm.com\/wp-content\/uploads\/2024\/06\/deje-que-un-abogado-de-homicidio-le-represente-legalmente-y-le-ayude-a-atravesar-este-delicado-proceso-legal-320x214.jpg 320w, https:\/\/www.theirvinglawfirm.com\/wp-content\/uploads\/2024\/06\/deje-que-un-abogado-de-homicidio-le-represente-legalmente-y-le-ayude-a-atravesar-este-delicado-proceso-legal-400x267.jpg 400w, https:\/\/www.theirvinglawfirm.com\/wp-content\/uploads\/2024\/06\/deje-que-un-abogado-de-homicidio-le-represente-legalmente-y-le-ayude-a-atravesar-este-delicado-proceso-legal-460x307.jpg 460w, https:\/\/www.theirvinglawfirm.com\/wp-content\/uploads\/2024\/06\/deje-que-un-abogado-de-homicidio-le-represente-legalmente-y-le-ayude-a-atravesar-este-delicado-proceso-legal-540x360.jpg 540w, https:\/\/www.theirvinglawfirm.com\/wp-content\/uploads\/2024\/06\/deje-que-un-abogado-de-homicidio-le-represente-legalmente-y-le-ayude-a-atravesar-este-delicado-proceso-legal-600x401.jpg 600w, https:\/\/www.theirvinglawfirm.com\/wp-content\/uploads\/2024\/06\/deje-que-un-abogado-de-homicidio-le-represente-legalmente-y-le-ayude-a-atravesar-este-delicado-proceso-legal-669x447.jpg 669w, https:\/\/www.theirvinglawfirm.com\/wp-content\/uploads\/2024\/06\/deje-que-un-abogado-de-homicidio-le-represente-legalmente-y-le-ayude-a-atravesar-este-delicado-proceso-legal-700x467.jpg 700w, https:\/\/www.theirvinglawfirm.com\/wp-content\/uploads\/2024\/06\/deje-que-un-abogado-de-homicidio-le-represente-legalmente-y-le-ayude-a-atravesar-este-delicado-proceso-legal-768x513.jpg 768w, https:\/\/www.theirvinglawfirm.com\/wp-content\/uploads\/2024\/06\/deje-que-un-abogado-de-homicidio-le-represente-legalmente-y-le-ayude-a-atravesar-este-delicado-proceso-legal-800x534.jpg 800w, https:\/\/www.theirvinglawfirm.com\/wp-content\/uploads\/2024\/06\/deje-que-un-abogado-de-homicidio-le-represente-legalmente-y-le-ayude-a-atravesar-este-delicado-proceso-legal-940x627.jpg 940w, https:\/\/www.theirvinglawfirm.com\/wp-content\/uploads\/2024\/06\/deje-que-un-abogado-de-homicidio-le-represente-legalmente-y-le-ayude-a-atravesar-este-delicado-proceso-legal-1024x684.jpg 1024w, https:\/\/www.theirvinglawfirm.com\/wp-content\/uploads\/2024\/06\/deje-que-un-abogado-de-homicidio-le-represente-legalmente-y-le-ayude-a-atravesar-este-delicado-proceso-legal.jpg 1200w\" sizes=\"(max-width: 1200px) 100vw, 1200px\" \/><\/p>\n<h2>\u00bfC\u00f3mo Puede Defenderle Un Abogado De Homicidio?<\/h2>\n<p><span style=\"font-weight: 400;\">El papel principal de un abogado de homicidio es proporcionarle una defensa en la navegaci\u00f3n por los paisajes procesales del derecho criminal en Virginia. Comienza con una evaluaci\u00f3n exhaustiva de los cargos y pruebas presentados contra usted para desarrollar una estrategia informada y eficaz.<\/span><\/p>\n<p><span style=\"font-weight: 400;\">Un abogado criminalista debe analizar meticulosamente los detalles de su caso para identificar incoherencias o puntos d\u00e9biles en la acusaci\u00f3n. Adem\u00e1s, participan en actividades previas al juicio. Presentan peticiones de supresi\u00f3n de pruebas si se han obtenido ilegalmente, negocian acuerdos de culpabilidad cuando procede y preparan el juicio.<\/span><\/p>\n<p><span style=\"font-weight: 400;\">Los abogados defensores eficaces utilizan sus habilidades para rebatir los argumentos de la acusaci\u00f3n contrainterrogando a los testigos. Tambi\u00e9n pueden presentar atenuantes que reduzcan su responsabilidad. Su capacidad para contar su historia de forma convincente puede influir significativamente en la percepci\u00f3n del jurado y en el resultado del juicio.<\/span><\/p>\n<p><span style=\"font-weight: 400;\">Por \u00faltimo, tambi\u00e9n protegen su futuro frente a las graves acusaciones de homicidio. Dado que se enfrenta a cargos graves, es necesario que comprenda los matices de las leyes sobre homicidio en Virginia.<\/span><\/p>\n<h2>\u00bfCu\u00e1l Es El Significado De Homicidio En Virginia?<\/h2>\n<p><span style=\"font-weight: 400;\">En Virginia, el homicidio se refiere a la muerte ilegal de otra persona con alevos\u00eda. Puede referirse a una situaci\u00f3n en la que la intenci\u00f3n de matar es clara y deliberada o est\u00e1 impl\u00edcita en las circunstancias del acto. El estado distingue entre distintos grados de homicidio: homicidio capital, en primer grado y en segundo grado.<\/span><\/p>\n<p><span style=\"font-weight: 400;\">El homicidio capital, la forma m\u00e1s grave, incluye casos como los homicidios a sueldo, los homicidio durante un secuestro o el homicidio de un agente de la ley. Es premeditado, lo que significa que el acto fue deliberado y planeado. El homicidio en primer grado implica premeditaci\u00f3n, pero no cumple los criterios del homicidio capital.<\/span><\/p>\n<p><span style=\"font-weight: 400;\">Mientras tanto, el homicidio en segundo grado abarca todos los dem\u00e1s tipos de homicidio que no entran en las definiciones de homicidio capital o en primer grado. Estas definiciones gu\u00edan el planteamiento de la acusaci\u00f3n e influyen significativamente en su caso. Los cargos espec\u00edficos pueden afectar dr\u00e1sticamente a los procedimientos del juicio y a tu futuro si usted es declarado culpable.<\/span><\/p>\n<p><span style=\"font-weight: 400;\">Por lo tanto, conseguir un abogado criminalista familiarizado con los estatutos de homicidio de Virginia es vital para una defensa eficaz. Con su ayuda, puede aprender c\u00f3mo este delito puede afectar a su vida.<\/span><\/p>\n<h2>\u00bfCu\u00e1les Son Las Ramificaciones Legales Y Sociales?<\/h2>\n<p><span style=\"font-weight: 400;\">Comprender las consecuencias de los cargos de homicidio en Virginia es vital para cualquiera que se enfrente a ellos. De hecho, pueden afectar a casi todos los aspectos de su vida p\u00fablica y privada.<\/span><\/p>\n<h3>Sanciones Legales<\/h3>\n<p><span style=\"font-weight: 400;\">Las penas asociadas a la condena por homicidio dependen de la gravedad del acto. Los homicidios capitales, clasificados como <a href=\"https:\/\/virginiarules.org\/varules_topics\/criminal-law-basics\/#:~:text=Class%201%20felony%3A%20Imprisonment%20for,be%20eligible%20for%20conditional%20release.\" target=\"_blank\" rel=\"noopener\">delitos graves de Clase 1 en Virginia<\/a>, se castigan con la pena de muerte o cadena perpetua sin libertad condicional. Tambi\u00e9n est\u00e1 sujeto a una multa de hasta 100.000 d\u00f3lares.<\/span><\/p>\n<p><span style=\"font-weight: 400;\">Los homicidios en primer grado conllevan las penas de un delito grave de Clase 2. Generalmente conllevan penas de prisi\u00f3n que van de 20 a\u00f1os a cadena perpetua, junto con posibles multas que podr\u00edan alcanzar los 100.000 d\u00f3lares. Mientras tanto, un homicidio en segundo grado se arriesga a una condena por delito grave y a una pena de prisi\u00f3n de 5 a 40 a\u00f1os. Aparte de estas repercusiones legales, una condena por homicidio tambi\u00e9n conlleva consecuencias duraderas.<\/span><\/p>\n<h3>Implicaciones A Largo Plazo<\/h3>\n<p><span style=\"font-weight: 400;\">M\u00e1s all\u00e1 de las penas inmediatas, el estigma de una condena por homicidio puede conducir a menudo a la exclusi\u00f3n social y a importantes dificultades personales. Estas sentencias permanecen en sus antecedentes penales permanentes y pueden acabar afectando a sus perspectivas de trabajo, oportunidades de vivienda y relaciones sociales.<\/span><\/p>\n<p><span style=\"font-weight: 400;\">La familia de la v\u00edctima puede presentar una demanda civil por homicidio culposo, lo que puede acarrear importantes responsabilidades econ\u00f3micas. Adem\u00e1s, los delincuentes condenados pierden varios derechos, como el voto, la posesi\u00f3n de armas de fuego y determinadas licencias profesionales.<\/span><\/p>\n<p><span style=\"font-weight: 400;\">Estas consecuencias ponen de relieve la importancia de conseguir una representaci\u00f3n legal eficaz cuando se enfrenta a delitos tan graves. Elegir al abogado de defensa criminal adecuado puede mitigar estos graves resultados.<\/span><\/p>\n<h2>\u00bfPor Qu\u00e9 Deber\u00edas Contratar A Un Abogado Defensor?<\/h2>\n<p><span style=\"font-weight: 400;\">El aliado legal que elijas para protegerte influir\u00e1 mucho en el curso y el resultado de su caso. El tiempo es esencial cuando se enfrenta a acusaciones. Sin embargo, prestar atenci\u00f3n a estos factores cr\u00edticos es esencial a la hora de seleccionar a su abogado de homicidios.<\/span><\/p>\n<h3>Amplia Experiencia<\/h3>\n<p><span style=\"font-weight: 400;\">Los juicios penales requieren un profundo conocimiento de la ley, la evaluaci\u00f3n de las pruebas y la din\u00e1mica del jurado. Es m\u00e1s probable que un abogado con experiencia en este tipo de casos est\u00e9 familiarizado con estrategias de defensa eficaces y con los matices de las leyes estatales. Es importante preguntar a los posibles abogados por su experiencia y sus \u00edndices de \u00e9xito en casos similares.<\/span><\/p>\n<h3>Habilidades De Comunicaci\u00f3n<\/h3>\n<p><span style=\"font-weight: 400;\">Un abogado cre\u00edble debe ser tambi\u00e9n un buen comunicador, no solo para defender su caso, sino tambi\u00e9n para explicarle el proceso legal en t\u00e9rminos comprensibles. Su abogado de homicidios debe informarle sistem\u00e1ticamente de la evoluci\u00f3n de su caso y explicarle claramente sus opciones.<\/span><\/p>\n<p><span style=\"font-weight: 400;\">Durante las consultas, preste atenci\u00f3n a c\u00f3mo explica el abogado su planteamiento. Esto le dar\u00e1 una idea de c\u00f3mo se comunicar\u00e1n con jueces, jurados y abogados contrarios durante su juicio.<\/span><\/p>\n<h3>Compromiso E Implicaci\u00f3n Personal<\/h3>\n<p><span style=\"font-weight: 400;\">Busque un abogado de homicidio que muestre una aut\u00e9ntica dedicaci\u00f3n a su caso, que vaya m\u00e1s all\u00e1 de un compromiso superficial. Usted quiere a alguien que profundice en su conflicto y explore todas las v\u00edas para su defensa.<\/span><\/p>\n<p><span style=\"font-weight: 400;\">Elegir al abogado de defensa criminal adecuado consiste en encontrar a alguien con experiencia, capacidad de comunicaci\u00f3n y dedicaci\u00f3n. Deben proteger sus derechos legales y luchar en\u00e9rgicamente por su futuro. Si usted toma una decisi\u00f3n inteligente, seguro cosechar\u00e1 los frutos de tener un defensor fuerte.<\/span><\/p>\n<h2>\u00bfCu\u00e1les Son Las Ventajas De Un Abogado De Homicidio?<\/h2>\n<p><span style=\"font-weight: 400;\">Las ventajas de contratar a un abogado con experiencia superan cualquier costo o dificultad para encontrarlo. He aqu\u00ed por qu\u00e9 es esencial contratar los servicios de un socio jur\u00eddico cualificado.<\/span><\/p>\n<h3>Orientaci\u00f3n H\u00e1bil A Trav\u00e9s De Procesos Legales<\/h3>\n<p><span style=\"font-weight: 400;\">Un abogado aporta conocimientos sobre el sistema de justicia criminal y su funcionamiento. Conocen las normas procesales y los plazos que deben respetarse, lo que puede ser cr\u00edtico en un caso de homicidio. Estas habilidades son vitales para gestionar los numerosos expedientes, mociones y respuestas que forman parte de cualquier defensa criminal.<\/span><\/p>\n<p><span style=\"font-weight: 400;\">Adem\u00e1s, un abogado con experiencia puede interpretar eficazmente las leyes y reglamentos que podr\u00edan afectar directamente a su caso. Se aseguran de explorar todas las v\u00edas legales posibles.<\/span><\/p>\n<h3>Defensa Y Representaci\u00f3n Estrat\u00e9gicas<\/h3>\n<p><span style=\"font-weight: 400;\">Una ventaja importante de contar con un abogado experimentado es su capacidad para formular una defensa estrat\u00e9gica basada en las particularidades de su caso. Esto incluye reunir y analizar pruebas, identificar los puntos d\u00e9biles de los argumentos de la acusaci\u00f3n y construir una contraargumentaci\u00f3n convincente.<\/span><\/p>\n<p><span style=\"font-weight: 400;\">Los abogados tienen capacidad para negociar con los fiscales, lo que permite reducir los cargos o incluso desestimarlos en determinadas circunstancias. Durante el juicio, proporcionan una representaci\u00f3n h\u00e1bil, impugnan las pruebas de la acusaci\u00f3n y presentan su caso favorablemente.<\/span><\/p>\n<h3>Acceso A Recursos Y Apoyo<\/h3>\n<p><span style=\"font-weight: 400;\">Los abogados experimentados tienen acceso a una red de profesionales cuyos testimonios y conclusiones son vitales para refutar los cargos que se le imputan. Adem\u00e1s, cuentan con personal de apoyo que se encarga del papeleo y los preparativos log\u00edsticos para el juicio. Garantiza que los abogados puedan centrarse en los aspectos estrat\u00e9gicos de tu defensa.<\/span><\/p>\n<p><span style=\"font-weight: 400;\">Un abogado capaz y dedicado puede protegerle ante acusaciones graves en las que una sentencia condenatoria le coloca en una situaci\u00f3n precaria. Una forma de encontrar un abogado defensor cre\u00edble es buscar una firma de abogados reputada.<\/span><\/p>\n<h2>\u00bfPor Qu\u00e9 Deber\u00edas Elegir The Irving Law Firm?<\/h2>\n<p><img decoding=\"async\" class=\"size-full wp-image-16954 alignright\" src=\"https:\/\/www.theirvinglawfirm.com\/wp-content\/uploads\/2024\/06\/si-atraviesa-cargos-por-homicidio-un-abogado-de-homicidio-de-the-irving-law-firm-es-su-aliado-legal.jpg\" alt=\"Si Atraviesa Cargos Por Homicidio Un Abogado De Homicidio De The Irving Law Firm Es Su Aliado Legal\" width=\"300\" height=\"284\" srcset=\"https:\/\/www.theirvinglawfirm.com\/wp-content\/uploads\/2024\/06\/si-atraviesa-cargos-por-homicidio-un-abogado-de-homicidio-de-the-irving-law-firm-es-su-aliado-legal-66x62.jpg 66w, https:\/\/www.theirvinglawfirm.com\/wp-content\/uploads\/2024\/06\/si-atraviesa-cargos-por-homicidio-un-abogado-de-homicidio-de-the-irving-law-firm-es-su-aliado-legal-177x168.jpg 177w, https:\/\/www.theirvinglawfirm.com\/wp-content\/uploads\/2024\/06\/si-atraviesa-cargos-por-homicidio-un-abogado-de-homicidio-de-the-irving-law-firm-es-su-aliado-legal-200x189.jpg 200w, https:\/\/www.theirvinglawfirm.com\/wp-content\/uploads\/2024\/06\/si-atraviesa-cargos-por-homicidio-un-abogado-de-homicidio-de-the-irving-law-firm-es-su-aliado-legal.jpg 300w\" sizes=\"(max-width: 300px) 100vw, 300px\" \/><\/p>\n<p><span style=\"font-weight: 400;\">Cuando se enfrenta a cargos de homicidio en Virginia, lo que est\u00e1 en juego no puede ser mayor. The Irving Law Firm aporta habilidades y dedicaci\u00f3n de primera categor\u00eda. Nuestro equipo se ha forjado una reputaci\u00f3n de estrategias de defensa agresivas y eficaces que respetan la gravedad de su situaci\u00f3n.<\/span><\/p>\n<p><span style=\"font-weight: 400;\">Nos enorgullecemos de nuestra detallada preparaci\u00f3n del caso y de nuestro enfoque de elaboraci\u00f3n de la defensa. Profundizamos a fondo en los detalles del caso, empleando una s\u00f3lida estrategia de defensa para asegurarnos de que tenemos en cuenta todos los \u00e1ngulos de su caso. Este enfoque puede marcar la diferencia en la sala del tribunal, donde cada peque\u00f1o detalle podr\u00eda inclinar el resultado a su favor.<\/span><\/p>\n<p><span style=\"font-weight: 400;\">Elegir a The Irving Law Firm significa que no solo consigue a un abogado, sino que gana confianza y un aliado dispuesto a estar de su lado en cada paso del camino. Nuestro objetivo es lograr un resultado favorable y luchamos diligentemente para conseguirlo.<\/span><\/p>\n<h2>Resumen<\/h2>\n<p><span style=\"font-weight: 400;\">El viaje a trav\u00e9s de las graves consecuencias de una acusaci\u00f3n de homicidio en Virginia est\u00e1 plagado de desaf\u00edos. Exija un representante legal que entienda la ley y defienda apasionadamente su causa. El abogado de homicidios adecuado puede significar la diferencia entre un veredicto que altere el curso de su vida y otro que le permita empezar de nuevo.<\/span><\/p>\n<p><span style=\"font-weight: 400;\">Por lo tanto, elegir un abogado consiste en encontrar a alguien experimentado y comprometido a luchar por usted con todas las herramientas a su disposici\u00f3n. <a href=\"https:\/\/www.theirvinglawfirm.com\/es\/\">The Irving Law Firm<\/a> est\u00e1 preparado para estar a su lado, defendi\u00e9ndole contra una acusaci\u00f3n de homicidio. Cuando la situaci\u00f3n es tan cr\u00edtica, conformarse con menos no es una opci\u00f3n.<\/span><\/p>\n<\/div><\/div><\/div><\/div><\/div>\n","protected":false},"excerpt":{"rendered":"","protected":false},"author":3,"featured_media":0,"parent":8435,"menu_order":0,"comment_status":"closed","ping_status":"closed","template":"100-width.php","meta":{"_analytify_skip_tracking":false,"rank_math_title":"Abogado De Homicidio En Manassas VA | The Irving Law Firm","rank_math_description":"Un abogado de homicidio ofrece protecci\u00f3n frente a cargos imputados. Descubra los factores a tener en cuenta al elegir al socio legal adecuado.","rank_math_focus_keyword":"homicidio","rank_math_canonical_url":"","footnotes":""},"class_list":["post-8288","page","type-page","status-publish","hentry"],"acf":[],"_links":{"self":[{"href":"https:\/\/www.theirvinglawfirm.com\/es\/wp-json\/wp\/v2\/pages\/8288","targetHints":{"allow":["GET"]}}],"collection":[{"href":"https:\/\/www.theirvinglawfirm.com\/es\/wp-json\/wp\/v2\/pages"}],"about":[{"href":"https:\/\/www.theirvinglawfirm.com\/es\/wp-json\/wp\/v2\/types\/page"}],"author":[{"embeddable":true,"href":"https:\/\/www.theirvinglawfirm.com\/es\/wp-json\/wp\/v2\/users\/3"}],"replies":[{"embeddable":true,"href":"https:\/\/www.theirvinglawfirm.com\/es\/wp-json\/wp\/v2\/comments?post=8288"}],"version-history":[{"count":0,"href":"https:\/\/www.theirvinglawfirm.com\/es\/wp-json\/wp\/v2\/pages\/8288\/revisions"}],"up":[{"embeddable":true,"href":"https:\/\/www.theirvinglawfirm.com\/es\/wp-json\/wp\/v2\/pages\/8435"}],"wp:attachment":[{"href":"https:\/\/www.theirvinglawfirm.com\/es\/wp-json\/wp\/v2\/media?parent=8288"}],"curies":[{"name":"wp","href":"https:\/\/api.w.org\/{rel}","templated":true}]}}