{"id":8188,"date":"2022-11-16T11:04:12","date_gmt":"2022-11-16T11:04:12","guid":{"rendered":"https:\/\/www.theirvinglawfirm.com\/conduccion-temeraria\/"},"modified":"2025-10-17T17:13:21","modified_gmt":"2025-10-17T17:13:21","slug":"conduccion-temeraria","status":"publish","type":"page","link":"https:\/\/www.theirvinglawfirm.com\/es\/areas-de-practica\/derecho-criminal\/conduccion-temeraria\/","title":{"rendered":"Un abogado de conducci\u00f3n temeraria en VA defiende su caso"},"content":{"rendered":"<div class=\"fusion-fullwidth fullwidth-box fusion-builder-row-1 fusion-flex-container has-pattern-background has-mask-background nonhundred-percent-fullwidth non-hundred-percent-height-scrolling\" style=\"--awb-border-sizes-bottom:1px;--awb-border-radius-top-left:0px;--awb-border-radius-top-right:0px;--awb-border-radius-bottom-right:0px;--awb-border-radius-bottom-left:0px;--awb-flex-wrap:wrap;\" ><div class=\"fusion-builder-row fusion-row fusion-flex-align-items-flex-start fusion-flex-content-wrap\" style=\"max-width:1497.6px;margin-left: calc(-4% \/ 2 );margin-right: calc(-4% \/ 2 );\"><div class=\"fusion-layout-column fusion_builder_column fusion-builder-column-0 fusion_builder_column_1_1 1_1 fusion-flex-column\" style=\"--awb-bg-size:cover;--awb-width-large:100%;--awb-margin-top-large:0px;--awb-spacing-right-large:1.92%;--awb-margin-bottom-large:20px;--awb-spacing-left-large:0%;--awb-width-medium:100%;--awb-order-medium:0;--awb-spacing-right-medium:1.92%;--awb-spacing-left-medium:0%;--awb-width-small:100%;--awb-order-small:0;--awb-spacing-right-small:1.92%;--awb-spacing-left-small:1.92%;\" data-scroll-devices=\"small-visibility,medium-visibility,large-visibility\"><div class=\"fusion-column-wrapper fusion-column-has-shadow fusion-flex-justify-content-flex-start fusion-content-layout-column\"><div class=\"fusion-text fusion-text-1\"><p><span style=\"font-weight: 400;\">Virginia aplica estrictamente las leyes de tr\u00e1fico destinadas a proteger a los ciudadanos. Sin embargo, los errores pueden acarrear graves consecuencias, y puede resultar abrumador afrontarlo solo. Afortunadamente, un <a href=\"https:\/\/www.theirvinglawfirm.com\/es\/areas-de-practica\/derecho-criminal\/\">abogado de conducci\u00f3n temeraria<\/a> puede ayudarle a gestionar eficazmente las acusaciones y a alcanzar un resultado favorable.<\/span><\/p>\n<p><span style=\"font-weight: 400;\">Aqu\u00ed conocer\u00e1 los aspectos cr\u00edticos de la conducci\u00f3n temeraria en Virginia. Inf\u00f3rmese sobre las conductas espec\u00edficas que constituyen tales cargos y las graves penas que conllevan. Descubra c\u00f3mo un abogado de defensa criminal puede garantizar que usted est\u00e9 informado y preparado.<\/span><\/p>\n<p><img decoding=\"async\" class=\"size-full wp-image-17243 aligncenter\" src=\"https:\/\/www.theirvinglawfirm.com\/wp-content\/uploads\/2024\/06\/con-la-representacion-legal-de-un-abogado-de-conduccion-temeraria-no-sufrira-solo-este-camino.jpg\" alt=\"Con La Representaci\u00f3n Legal De Un Abogado De Conducci\u00f3n Temeraria No Sufrir\u00e1 Solo Este Camino\" width=\"800\" height=\"553\" \/><\/p>\n<h2>\u00bfPor Qu\u00e9 Buscar La Ayuda De Un Abogado De Conducci\u00f3n Temeraria?<\/h2>\n<p><span style=\"font-weight: 400;\">Un abogado de defensa criminal es crucial para ayudarle a comprender sus opciones cuando le acusan de cargos graves. Comprenden la complejidad de las leyes sobre conducci\u00f3n temeraria y pueden ayudarle a comprender sus derechos y los procesos legales que le esperan.<\/span><\/p>\n<p><span style=\"font-weight: 400;\">La principal ayuda de un abogado es examinar meticulosamente los detalles de su caso. Examinan las pruebas, incluidos los informes policiales, las declaraciones de los testigos y cualquier grabaci\u00f3n de video disponible. Este enfoque meticuloso suele conducir a resultados significativos, como la reducci\u00f3n de las penas o incluso la desestimaci\u00f3n de los cargos.<\/span><\/p>\n<p><span style=\"font-weight: 400;\">Adem\u00e1s, proporcionan representaci\u00f3n ante los tribunales, articulando una defensa convincente ante el juez y el jurado. Su objetivo es lograr un resultado favorable, ya sea la absoluci\u00f3n, la reducci\u00f3n de los cargos o la minimizaci\u00f3n de las penas.<\/span><\/p>\n<p><span style=\"font-weight: 400;\">Un abogado de defensa criminal es un defensor fundamental, que le gu\u00eda a trav\u00e9s de los tr\u00e1mites legales y lucha para proteger sus derechos y su futuro. Su experiencia y dedicaci\u00f3n pueden marcar una diferencia significativa en el resultado de su caso.<\/span><\/p>\n<h2>\u00bfA Qu\u00e9 Se Refiere La Conducci\u00f3n Temeraria En Virginia?<\/h2>\n<p><span style=\"font-weight: 400;\">La ley de Virginia define la conducci\u00f3n temeraria como comportamientos que entra\u00f1an peligros importantes para la vida, la integridad f\u00edsica o la propiedad, m\u00e1s all\u00e1 de las simples infracciones de tr\u00e1fico. El estado lo considera un delito criminal debido al mayor riesgo que crea en la carretera. Para comprender plenamente lo que constituye este delito, tenga en cuenta estos factores clave que eval\u00faan las fuerzas del orden y los tribunales.<\/span><\/p>\n<h3>Superar El L\u00edmite De Velocidad<\/h3>\n<p><span style=\"font-weight: 400;\">El exceso de velocidad sigue siendo una de las formas m\u00e1s comunes de conducci\u00f3n temeraria, y la ley de Virginia se lo toma especialmente en serio. Conducir demasiado r\u00e1pido pone en peligro al conductor y pone en peligro a pasajeros, peatones y otros automovilistas.<\/span><\/p>\n<ul>\n<li style=\"font-weight: 400;\" aria-level=\"1\"><b>M\u00e1s De 20:<\/b><span style=\"font-weight: 400;\"> Conducir a m\u00e1s de 30 km\/h por encima del l\u00edmite de velocidad establecido se considera autom\u00e1ticamente conducci\u00f3n temeraria. <\/span><\/li>\n<li style=\"font-weight: 400;\" aria-level=\"1\"><b>M\u00e1s De 85:<\/b><span style=\"font-weight: 400;\"> Alcanzar los 85 km\/h es ilegal, independientemente del l\u00edmite de velocidad indicado. <\/span><\/li>\n<li style=\"font-weight: 400;\" aria-level=\"1\"><b>Conducir Demasiado R\u00e1pido:<\/b><span style=\"font-weight: 400;\"> Conducir un veh\u00edculo con tr\u00e1fico denso, mal tiempo o en obras requiere reducir la velocidad para garantizar la seguridad.<\/span><\/li>\n<\/ul>\n<p><span style=\"font-weight: 400;\">Reconocer los umbrales que constituyen un exceso de velocidad imprudente ayuda a los conductores a comprender las profundas implicaciones de sus actos. Respetar los l\u00edmites de velocidad garantiza la seguridad vial y evita graves consecuencias legales.<\/span><\/p>\n<h3>No Controlar Correctamente El Veh\u00edculo<\/h3>\n<p><span style=\"font-weight: 400;\">Conducir un veh\u00edculo con los frenos mal o mal calibrados en cualquier carretera de Virginia es ilegal. Este aspecto puede afectar significativamente al tiempo de respuesta ante cambios repentinos del tr\u00e1fico o de las condiciones de la carretera, aumentando la probabilidad de colisiones.<\/span><\/p>\n<h3>Conducir Con Obstrucci\u00f3n<\/h3>\n<p><span style=\"font-weight: 400;\">Aunque tener a todo el mundo en el mismo auto es c\u00f3modo, es imprudente si impide la l\u00ednea de visi\u00f3n del conductor y afecta a su capacidad de conducci\u00f3n. Adem\u00e1s, conducir un veh\u00edculo cargado que bloquea la visi\u00f3n del conductor es ilegal. Garantizar una visi\u00f3n sin obst\u00e1culos y un control total del veh\u00edculo es crucial para una conducci\u00f3n segura.<\/span><\/p>\n<h3>Haga Un Pase Peligroso<\/h3>\n<p><span style=\"font-weight: 400;\">Adelantar a otros veh\u00edculos en carretera es una maniobra rutinaria al volante, pero determinadas situaciones la hacen muy peligrosa. Comprender las situaciones que constituyen conducci\u00f3n temeraria puede ayudar a los conductores a evitar estas acciones peligrosas.<\/span><\/p>\n<h4>Cresta De Una Pendiente Y Curvas<\/h4>\n<p><span style=\"font-weight: 400;\">Adelantar en estas curvas es peligroso porque limita la capacidad del conductor para ver el tr\u00e1fico que se aproxima. Cuando la visibilidad se ve comprometida, puede aumentar el riesgo de colisiones frontales.<\/span><\/p>\n<h4>Dos Veh\u00edculos A La Vez<\/h4>\n<p><span style=\"font-weight: 400;\">Intentar adelantar a dos veh\u00edculos simult\u00e1neamente en una carretera de dos carriles es una imprudencia. Esta pr\u00e1ctica puede confundir a otros conductores y crear situaciones impredecibles, aumentando significativamente el riesgo de accidentes. Cuando un conductor intenta adelantar a dos veh\u00edculos simult\u00e1neamente normalmente implica cruzar la l\u00ednea central, lo que pone a todos en peligro.<\/span><\/p>\n<h4>Paso A Nivel Ferroviario<\/h4>\n<p><span style=\"font-weight: 400;\">Estas zonas requieren precauci\u00f3n adicional debido a la posibilidad de que se acerquen trenes, lo que hace que los adelantamientos sean especialmente peligrosos. La proximidad a las v\u00edas del tren y la posibilidad de un tren en sentido contrario hacen necesario que los conductores permanezcan en sus carriles. Deben esperar a pasar con seguridad el cruce.<\/span><\/p>\n<p><span style=\"font-weight: 400;\">Cada escenario plantea peligros importantes para el conductor y los dem\u00e1s usuarios de la carretera. Los conductores deben extremar la precauci\u00f3n y la paciencia al adelantar a otros veh\u00edculos para evitar sus graves consecuencias legales.<\/span><\/p>\n<h3>No Ceder El Paso<\/h3>\n<p><span style=\"font-weight: 400;\">Un conductor debe detenerse inmediatamente antes de incorporarse a una autopista desde una v\u00eda lateral si hay tr\u00e1fico en sentido contrario a menos de 500 pies. Esta norma se aplica a menos que haya una se\u00f1al de <a href=\"https:\/\/www.safemotorist.com\/articles\/right-of-way\/\" target=\"_blank\" rel=\"noopener\">\u00abCeda el paso<\/a>\u00ab. Si este poste est\u00e1 presente, el conductor debe ceder el paso a los veh\u00edculos que se aproximen desde cualquier direcci\u00f3n antes de entrar en la autopista.<\/span><\/p>\n<h3>Participar En Carreras De Autos<\/h3>\n<p><span style=\"font-weight: 400;\">La ley de Virginia proh\u00edbe estrictamente las carreras, reflejando su potencial para causar da\u00f1os catastr\u00f3ficos. Adem\u00e1s, si provoca lesiones o la muerte, las consecuencias son a\u00fan m\u00e1s graves, y el conductor infractor se enfrenta a importantes sanciones legales.<\/span><\/p>\n<p><span style=\"font-weight: 400;\">Comprender estos comportamientos espec\u00edficos de conducci\u00f3n temeraria ayuda a las personas a reconocer la gravedad de este delito y la importancia de cumplir las leyes de tr\u00e1fico. Consultar a un abogado de defensa criminal competente es vital para defenderse de estos graves cargos.<\/span><\/p>\n<h2>\u00bfCu\u00e1les Son Las Consecuencias Legales De La Conducci\u00f3n Temeraria?<\/h2>\n<p><span style=\"font-weight: 400;\">La conducci\u00f3n temeraria es un delito menor de Clase 1. Una condena puede conllevar una pena de 12 meses. La duraci\u00f3n de la condena suele depender de elementos como la gravedad del delito, las condenas anteriores y el resultado del delito. Adem\u00e1s de las posibles penas de c\u00e1rcel, las multas pueden alcanzar los 2.500 $. La cantidad exacta suele depender de las particularidades del caso, incluido el peligro planteado por las acciones del conductor.<\/span><\/p>\n<p><span style=\"font-weight: 400;\">Un veredicto de culpabilidad puede conllevar la suspensi\u00f3n de su permiso de conducir hasta seis meses. El tribunal determina este periodo bas\u00e1ndose en la naturaleza del delito y en cualquier factor agravante. Debe cumplir ciertas condiciones para recuperar los privilegios de conducir, como completar una cl\u00ednica de mejora de la conducci\u00f3n o pagar las tasas de restablecimiento.<\/span><\/p>\n<p><span style=\"font-weight: 400;\">Adem\u00e1s, la conducci\u00f3n temeraria a\u00f1ade seis puntos de dem\u00e9rito a su historial de conducci\u00f3n. Demasiados puntos de dem\u00e9rito pueden dar lugar a otras acciones administrativas del Departamento de Veh\u00edculos de Motor. Puede que tengas que hacer cursos obligatorios de conducci\u00f3n o suspensiones adicionales del permiso.<\/span><\/p>\n<p><span style=\"font-weight: 400;\">Las consecuencias de la conducci\u00f3n temeraria van m\u00e1s all\u00e1 de las sanciones legales inmediatas, pues afectan a sus tarifas del seguro y a sus futuras oportunidades de empleo. Es crucial comprender estos posibles resultados y buscar un abogado criminal para navegar eficazmente por las complejidades de su caso.<\/span><\/p>\n<h2>\u00bfC\u00f3mo Puede Protegerle Un Abogado De Conducci\u00f3n Temeraria?<\/h2>\n<p><span style=\"font-weight: 400;\">Un abogado de conducci\u00f3n temeraria emplea diversas estrategias de defensa para impugnar los cargos que se te imputan. Cada caso presenta circunstancias \u00fanicas; un buen abogado adapta la defensa a estas especificidades.<\/span><\/p>\n<h3>Su Historial De Conducci\u00f3n<\/h3>\n<p><span style=\"font-weight: 400;\">Un abogado revisa su historial de conducci\u00f3n para destacar un expediente limpio. Un expediente limpio puede convencer al tribunal para que considere la indulgencia o una reducci\u00f3n de cargos, sugiriendo que el incidente imprudente fue un hecho aislado. Aunque su historial no sea perfecto, mostrar un historial de conducci\u00f3n largo y seguro puede ser beneficioso.<\/span><\/p>\n<h3>Justificaciones De Su Comportamiento<\/h3>\n<p><span style=\"font-weight: 400;\">Su abogado podr\u00eda presentar este contexto al tribunal si conduc\u00edas con exceso de velocidad o agresividad debido a una urgencia m\u00e9dica u otra situaci\u00f3n urgente. Las emergencias pueden explicar que haya infringido las leyes de tr\u00e1fico de forma que parezca imprudente.<\/span><\/p>\n<p><span style=\"font-weight: 400;\">Adem\u00e1s, puede haber tomado medidas para evitar da\u00f1os m\u00e1s importantes, como dar un volantazo para evitar un obst\u00e1culo. En este caso, su justificaci\u00f3n puede ser una poderosa defensa.<\/span><\/p>\n<h3>Desafiar Las Pruebas<\/h3>\n<p><span style=\"font-weight: 400;\">Un abogado de defensa criminal cuestiona la precisi\u00f3n de los dispositivos de medici\u00f3n de la velocidad, como las pistolas de radar. Un equipo defectuoso o un uso inadecuado pueden poner en duda las pruebas de la acusaci\u00f3n. El contrainterrogatorio de testigos, incluido el agente que efectu\u00f3 la detenci\u00f3n, puede revelar incoherencias o prejuicios en el relato. Un abogado puede examinar meticulosamente las pruebas para descubrir los puntos d\u00e9biles de la acusaci\u00f3n.<\/span><\/p>\n<h3>Errores De Procedimiento<\/h3>\n<p><span style=\"font-weight: 400;\">Si la polic\u00eda no sigui\u00f3 los procedimientos adecuados durante la parada de tr\u00e1fico, su abogado podr\u00eda argumentar que \u00e9stos invalidan los cargos. Los errores de procedimiento legal pueden incluir el calibrado incorrecto de los dispositivos de detecci\u00f3n de velocidad o no informarte de sus derechos. Poner de manifiesto estos errores puede conducir a la reducci\u00f3n o desestimaci\u00f3n de los cargos. <\/span><\/p>\n<p><span style=\"font-weight: 400;\">Empleando estas estrategias, un abogado pretende reducir o desestimar los cargos, protegiendo su expediente y minimizando el impacto en su vida. Su orientaci\u00f3n puede influir significativamente en el resultado, permiti\u00e9ndote avanzar sin la pesada carga de una condena.<\/span><\/p>\n<h2>\u00bfC\u00f3mo Puede Defenderle The Irving Law Firm En Manassas?<\/h2>\n<p><img decoding=\"async\" class=\"size-full wp-image-17245 alignright\" src=\"https:\/\/www.theirvinglawfirm.com\/wp-content\/uploads\/2024\/06\/un-abogado-de-conduccion-temeraria-le-dara-la-asesoria-legal-adecuada-si-esta-enfrentando-cargos-en-virginia.jpg\" alt=\"Un Abogado De Conducci\u00f3n Temeraria Le Dar\u00e1 La Asesor\u00eda Legal Adecuada Si Est\u00e1 Enfrentando Cargos En Virginia\" width=\"300\" height=\"200\" srcset=\"https:\/\/www.theirvinglawfirm.com\/wp-content\/uploads\/2024\/06\/un-abogado-de-conduccion-temeraria-le-dara-la-asesoria-legal-adecuada-si-esta-enfrentando-cargos-en-virginia-66x44.jpg 66w, https:\/\/www.theirvinglawfirm.com\/wp-content\/uploads\/2024\/06\/un-abogado-de-conduccion-temeraria-le-dara-la-asesoria-legal-adecuada-si-esta-enfrentando-cargos-en-virginia-177x118.jpg 177w, https:\/\/www.theirvinglawfirm.com\/wp-content\/uploads\/2024\/06\/un-abogado-de-conduccion-temeraria-le-dara-la-asesoria-legal-adecuada-si-esta-enfrentando-cargos-en-virginia-200x133.jpg 200w, https:\/\/www.theirvinglawfirm.com\/wp-content\/uploads\/2024\/06\/un-abogado-de-conduccion-temeraria-le-dara-la-asesoria-legal-adecuada-si-esta-enfrentando-cargos-en-virginia.jpg 300w\" sizes=\"(max-width: 300px) 100vw, 300px\" \/><\/p>\n<p><span style=\"font-weight: 400;\">En <a href=\"https:\/\/www.theirvinglawfirm.com\/es\/\">The Irving Law Firm<\/a>, nuestros abogados tienen a\u00f1os de experiencia en la defensa contra cargos por conducci\u00f3n temeraria. Entendemos las leyes de tr\u00e1fico de Virginia, lo que nos permite elaborar estrategias de defensa personalizadas. Revisando a fondo cada detalle de su caso, queremos conseguir un resultado favorable para su caso.<\/span><\/p>\n<p><span style=\"font-weight: 400;\">Cuando usted elige a un abogado de defensa criminal de nuestra firma, recibe algo m\u00e1s que representaci\u00f3n legal. Nuestro equipo se preocupa sinceramente por su futuro y se toma el tiempo necesario para explicarle el proceso legal, responder a sus preguntas y orientarle. Nos esforzamos para que se sienta apoyado e informado a lo largo de su caso.<\/span><\/p>\n<p><span style=\"font-weight: 400;\">Asociarse con nosotros significa contar con un equipo legal dedicado a proteger sus derechos y privilegios de conducci\u00f3n. Nos comprometemos a conseguir resultados favorables para cualquiera que se enfrente a infracciones de tr\u00e1fico graves en Virginia.<\/span><\/p>\n<\/div><\/div><\/div><\/div><\/div>\n","protected":false},"excerpt":{"rendered":"","protected":false},"author":3,"featured_media":0,"parent":8435,"menu_order":0,"comment_status":"closed","ping_status":"closed","template":"100-width.php","meta":{"_analytify_skip_tracking":false,"rank_math_title":"Abogado De Conducci\u00f3n Temeraria En Manassas, VA","rank_math_description":"Un abogado de conducci\u00f3n temeraria le defiende contra cargos graves. Conozca los comportamientos imprudentes y sus consecuencias.  ","rank_math_focus_keyword":"Conducci\u00f3n Temeraria","rank_math_canonical_url":"","footnotes":""},"class_list":["post-8188","page","type-page","status-publish","hentry"],"acf":[],"_links":{"self":[{"href":"https:\/\/www.theirvinglawfirm.com\/es\/wp-json\/wp\/v2\/pages\/8188","targetHints":{"allow":["GET"]}}],"collection":[{"href":"https:\/\/www.theirvinglawfirm.com\/es\/wp-json\/wp\/v2\/pages"}],"about":[{"href":"https:\/\/www.theirvinglawfirm.com\/es\/wp-json\/wp\/v2\/types\/page"}],"author":[{"embeddable":true,"href":"https:\/\/www.theirvinglawfirm.com\/es\/wp-json\/wp\/v2\/users\/3"}],"replies":[{"embeddable":true,"href":"https:\/\/www.theirvinglawfirm.com\/es\/wp-json\/wp\/v2\/comments?post=8188"}],"version-history":[{"count":3,"href":"https:\/\/www.theirvinglawfirm.com\/es\/wp-json\/wp\/v2\/pages\/8188\/revisions"}],"predecessor-version":[{"id":41738,"href":"https:\/\/www.theirvinglawfirm.com\/es\/wp-json\/wp\/v2\/pages\/8188\/revisions\/41738"}],"up":[{"embeddable":true,"href":"https:\/\/www.theirvinglawfirm.com\/es\/wp-json\/wp\/v2\/pages\/8435"}],"wp:attachment":[{"href":"https:\/\/www.theirvinglawfirm.com\/es\/wp-json\/wp\/v2\/media?parent=8188"}],"curies":[{"name":"wp","href":"https:\/\/api.w.org\/{rel}","templated":true}]}}