{"id":8184,"date":"2022-11-16T12:13:29","date_gmt":"2022-11-16T12:13:29","guid":{"rendered":"https:\/\/www.theirvinglawfirm.com\/exceso-de-velocidad\/"},"modified":"2025-10-06T23:34:55","modified_gmt":"2025-10-06T23:34:55","slug":"exceso-de-velocidad","status":"publish","type":"page","link":"https:\/\/www.theirvinglawfirm.com\/es\/areas-de-practica\/derecho-criminal\/conduccion-temeraria\/exceso-de-velocidad\/","title":{"rendered":"Abogado de exceso de velocidad en Manassas defiende su caso"},"content":{"rendered":"<div class=\"fusion-fullwidth fullwidth-box fusion-builder-row-1 fusion-flex-container has-pattern-background has-mask-background nonhundred-percent-fullwidth non-hundred-percent-height-scrolling\" style=\"--awb-border-sizes-bottom:1px;--awb-border-radius-top-left:0px;--awb-border-radius-top-right:0px;--awb-border-radius-bottom-right:0px;--awb-border-radius-bottom-left:0px;--awb-flex-wrap:wrap;\" ><div class=\"fusion-builder-row fusion-row fusion-flex-align-items-flex-start fusion-flex-content-wrap\" style=\"max-width:1497.6px;margin-left: calc(-4% \/ 2 );margin-right: calc(-4% \/ 2 );\"><div class=\"fusion-layout-column fusion_builder_column fusion-builder-column-0 fusion_builder_column_1_1 1_1 fusion-flex-column\" style=\"--awb-bg-size:cover;--awb-width-large:100%;--awb-margin-top-large:0px;--awb-spacing-right-large:1.92%;--awb-margin-bottom-large:20px;--awb-spacing-left-large:0%;--awb-width-medium:100%;--awb-order-medium:0;--awb-spacing-right-medium:1.92%;--awb-spacing-left-medium:0%;--awb-width-small:100%;--awb-order-small:0;--awb-spacing-right-small:1.92%;--awb-spacing-left-small:1.92%;\" data-scroll-devices=\"small-visibility,medium-visibility,large-visibility\"><div class=\"fusion-column-wrapper fusion-column-has-shadow fusion-flex-justify-content-flex-start fusion-content-layout-column\"><div class=\"fusion-text fusion-text-1\"><p><span style=\"font-weight: 400;\">Los cargos por exceso de velocidad en Virginia no son solo inconvenientes. Pueden afectar gravemente su vida con multas, penas de c\u00e1rcel y suspensi\u00f3n del permiso de conducir. Muchas personas se sienten perdidas cuando navegan solas por el sistema jur\u00eddico. Afortunadamente, un <a href=\"https:\/\/www.theirvinglawfirm.com\/es\/areas-de-practica\/derecho-criminal\/conduccion-temeraria\/\">abogado de exceso de velocidad<\/a> puede ayudar a manejar estas dificultades, orientando estos cargos.<\/span><\/p>\n<p><span style=\"font-weight: 400;\">Aqu\u00ed explorar\u00e1 por qu\u00e9 necesita a un abogado de defensa criminal de confianza. Conozca c\u00f3mo pueden protegerle cuando le acusen y dise\u00f1e estrategias para luchar en\u00e9rgicamente por su caso. Inf\u00f3rmese sobre lo que constituye exceso de velocidad en Virginia y las sanciones asociadas. Comprender estos factores puede mitigar el impacto de estos cargos en su vida.<\/span><\/p>\n<p><img decoding=\"async\" class=\"alignnone size-full wp-image-17570\" src=\"https:\/\/www.theirvinglawfirm.com\/wp-content\/uploads\/2024\/06\/un-abogado-de-exceso-de-velocidad-le-ayuda-con-cargos-que-enfrente-en-manassas-virginia.jpg\" alt=\"Un Abogado De Exceso De Velocidad Le Ayuda Con Cargos Que Enfrente En Manassas, Virginia\" width=\"100%\" height=\"894\" srcset=\"https:\/\/www.theirvinglawfirm.com\/wp-content\/uploads\/2024\/06\/un-abogado-de-exceso-de-velocidad-le-ayuda-con-cargos-que-enfrente-en-manassas-virginia-66x49.jpg 66w, https:\/\/www.theirvinglawfirm.com\/wp-content\/uploads\/2024\/06\/un-abogado-de-exceso-de-velocidad-le-ayuda-con-cargos-que-enfrente-en-manassas-virginia-177x132.jpg 177w, https:\/\/www.theirvinglawfirm.com\/wp-content\/uploads\/2024\/06\/un-abogado-de-exceso-de-velocidad-le-ayuda-con-cargos-que-enfrente-en-manassas-virginia-200x149.jpg 200w, https:\/\/www.theirvinglawfirm.com\/wp-content\/uploads\/2024\/06\/un-abogado-de-exceso-de-velocidad-le-ayuda-con-cargos-que-enfrente-en-manassas-virginia-300x224.jpg 300w, https:\/\/www.theirvinglawfirm.com\/wp-content\/uploads\/2024\/06\/un-abogado-de-exceso-de-velocidad-le-ayuda-con-cargos-que-enfrente-en-manassas-virginia-320x238.jpg 320w, https:\/\/www.theirvinglawfirm.com\/wp-content\/uploads\/2024\/06\/un-abogado-de-exceso-de-velocidad-le-ayuda-con-cargos-que-enfrente-en-manassas-virginia-400x298.jpg 400w, https:\/\/www.theirvinglawfirm.com\/wp-content\/uploads\/2024\/06\/un-abogado-de-exceso-de-velocidad-le-ayuda-con-cargos-que-enfrente-en-manassas-virginia-460x343.jpg 460w, https:\/\/www.theirvinglawfirm.com\/wp-content\/uploads\/2024\/06\/un-abogado-de-exceso-de-velocidad-le-ayuda-con-cargos-que-enfrente-en-manassas-virginia-540x402.jpg 540w, https:\/\/www.theirvinglawfirm.com\/wp-content\/uploads\/2024\/06\/un-abogado-de-exceso-de-velocidad-le-ayuda-con-cargos-que-enfrente-en-manassas-virginia-600x447.jpg 600w, https:\/\/www.theirvinglawfirm.com\/wp-content\/uploads\/2024\/06\/un-abogado-de-exceso-de-velocidad-le-ayuda-con-cargos-que-enfrente-en-manassas-virginia-669x498.jpg 669w, https:\/\/www.theirvinglawfirm.com\/wp-content\/uploads\/2024\/06\/un-abogado-de-exceso-de-velocidad-le-ayuda-con-cargos-que-enfrente-en-manassas-virginia-700x522.jpg 700w, https:\/\/www.theirvinglawfirm.com\/wp-content\/uploads\/2024\/06\/un-abogado-de-exceso-de-velocidad-le-ayuda-con-cargos-que-enfrente-en-manassas-virginia-768x572.jpg 768w, https:\/\/www.theirvinglawfirm.com\/wp-content\/uploads\/2024\/06\/un-abogado-de-exceso-de-velocidad-le-ayuda-con-cargos-que-enfrente-en-manassas-virginia-800x596.jpg 800w, https:\/\/www.theirvinglawfirm.com\/wp-content\/uploads\/2024\/06\/un-abogado-de-exceso-de-velocidad-le-ayuda-con-cargos-que-enfrente-en-manassas-virginia-940x700.jpg 940w, https:\/\/www.theirvinglawfirm.com\/wp-content\/uploads\/2024\/06\/un-abogado-de-exceso-de-velocidad-le-ayuda-con-cargos-que-enfrente-en-manassas-virginia-1024x763.jpg 1024w, https:\/\/www.theirvinglawfirm.com\/wp-content\/uploads\/2024\/06\/un-abogado-de-exceso-de-velocidad-le-ayuda-con-cargos-que-enfrente-en-manassas-virginia.jpg 1200w\" sizes=\"(max-width: 1200px) 100vw, 1200px\" \/><\/p>\n<h2>\u00bfPor Qu\u00e9 Necesita Un Abogado De Exceso De Velocidad Cuando Le Acusan?<\/h2>\n<p><span style=\"font-weight: 400;\">Los abogados de defensa criminal conocen las peculiaridades y complejidades de las leyes de tr\u00e1fico de Virginia. Pueden evaluar los m\u00e9ritos de su caso, identificar y encontrar puntos d\u00e9biles en las pruebas de la acusaci\u00f3n. Desafiando las circunstancias que rodean la acusaci\u00f3n, a menudo consiguen que se reduzcan los cargos o incluso que se desestimen.<\/span><\/p>\n<p><span style=\"font-weight: 400;\">Un abogado de defensa criminal puede negociar su caso. Comprenden el funcionamiento del sistema jur\u00eddico y pueden comunicarse eficazmente con fiscales y jueces. Pueden conseguir resultados m\u00e1s favorables, como multas reducidas o penas alternativas. Su experiencia les permite navegar por el proceso legal con eficacia, ahorrando tiempo y estr\u00e9s.<\/span><\/p>\n<p><span style=\"font-weight: 400;\">Adem\u00e1s, los abogados proporcionan un valioso apoyo a lo largo de todo el proceso. Ofrecen orientaci\u00f3n sobre qu\u00e9 pasos dar y c\u00f3mo manejar las interacciones con las fuerzas de seguridad y el tribunal. Este apoyo es inestimable para ayudarte a tomar decisiones con conocimiento de causa y evitar los errores m\u00e1s comunes.<\/span><\/p>\n<p><span style=\"font-weight: 400;\">En resumen, un abogado de defensa criminal puede influir significativamente en el resultado de su caso. Sus conocimientos, capacidad de negociaci\u00f3n y apoyo pueden ayudarle a evitar sanciones dif\u00edciles y a proteger su historial de conducci\u00f3n. Con su ayuda, tendr\u00e1 muchas m\u00e1s posibilidades de minimizar el impacto de un cargo por exceso de velocidad en su vida.<\/span><\/p>\n<h2>\u00bfQu\u00e9 Se Considera Exceso De Velocidad Al Volante En Virginia?<\/h2>\n<p><span style=\"font-weight: 400;\">En Virginia, las leyes sobre exceso de velocidad son estrictas y est\u00e1n bien definidas. El Estado funciona con un sistema de l\u00edmite de velocidad absoluto. Conducir incluso una milla por hora por encima del l\u00edmite establecido es t\u00e9cnicamente un delito de exceso de velocidad.<\/span><\/p>\n<p><span style=\"font-weight: 400;\">Virginia tambi\u00e9n tiene leyes espec\u00edficas para la conducci\u00f3n temeraria por exceso de velocidad. Seg\u00fan el C\u00f3digo de Virginia, conducir a 20 mph por encima del l\u00edmite de velocidad exigido o a m\u00e1s de 85 mph constituye conducci\u00f3n temeraria. Esta infracci\u00f3n es m\u00e1s grave que una multa por exceso de velocidad normal y conlleva penas m\u00e1s severas.<\/span><\/p>\n<p><span style=\"font-weight: 400;\">Es esencial conocer los distintos l\u00edmites de velocidad seg\u00fan el tipo de carretera y la zona. Las zonas residenciales, las escuelas y las zonas de trabajo suelen tener l\u00edmites m\u00e1s bajos. Superarlos puede acarrear sanciones m\u00e1s graves. En cambio, las autopistas suelen tener velocidades m\u00e1ximas m\u00e1s altas, pero el umbral puede entrar en juego si supera los 85 km\/h.<\/span><\/p>\n<p><span style=\"font-weight: 400;\">Adem\u00e1s, estos l\u00edmites pueden cambiar, por lo que estar atento a las leyes de tr\u00e1fico le da ventaja. Evita que tenga que enfrentarse a cargos por exceso de velocidad. Tambi\u00e9n hay se\u00f1ales para que los conductores conozcan la velocidad permitida, pero saltarse una se\u00f1al no le exime de cumplir la ley.<\/span><\/p>\n<p><span style=\"font-weight: 400;\">Entender qu\u00e9 constituye exceso de velocidad en Virginia le ayuda a mantenerse dentro de los l\u00edmites legales y evitar complicaciones innecesarias. Tanto si es de aqu\u00ed como si est\u00e1 de paso, respetar los l\u00edmites de velocidad indicados y ser consciente de las leyes espec\u00edficas puede evitarle problemas legales.<\/span><\/p>\n<h2>\u00bfCu\u00e1les Son Los Cargos Y Las Penas De Este Delito?<\/h2>\n<p><span style=\"font-weight: 400;\">Los casos de exceso de velocidad en Virginia conllevan varias penas, dependiendo de la gravedad de la infracci\u00f3n. Comprender estas sanciones es esencial, ya que pueden afectar significativamente a su vida. Desde multas a penas de c\u00e1rcel, las consecuencias disuadir\u00e1n del comportamiento imprudente en la carretera.<\/span><\/p>\n<h3>Multas<\/h3>\n<p><span style=\"font-weight: 400;\">En las multas por exceso de velocidad normales, las multas var\u00edan en funci\u00f3n de cu\u00e1nto superes el l\u00edmite de velocidad. Sin embargo, las sanciones pecuniarias pueden ser sustancialmente mayores en los casos de conducci\u00f3n temeraria. Si le declaran culpable de este cargo, que es un delito menor de Clase 1, podr\u00eda enfrentarse a multas de hasta 2.500 $.<\/span><\/p>\n<p><span style=\"font-weight: 400;\">Algunas infracciones, como las relacionadas con las carreras en carretera o la conducci\u00f3n sin permiso v\u00e1lido, conllevan multas m\u00ednimas obligatorias a partir de 250 $.<\/span><\/p>\n<h3>Tiempo En La C\u00e1rcel<\/h3>\n<p><span style=\"font-weight: 400;\">La c\u00e1rcel es una pena importante para los delitos m\u00e1s graves. Una condena por exceso de velocidad puede suponer hasta 12 meses de c\u00e1rcel. En casos especialmente atroces, como causar la muerte o conducir sin carn\u00e9 v\u00e1lido, la acusaci\u00f3n se eleva a delito grave de Clase 6.<\/span><\/p>\n<p><span style=\"font-weight: 400;\">Un delito grave conlleva una posible pena de prisi\u00f3n de entre uno y cinco a\u00f1os. El tribunal tambi\u00e9n tiene discreci\u00f3n para reducirlo a un m\u00e1ximo de 12 meses de c\u00e1rcel y una multa. Los fiscales podr\u00edan a\u00f1adir otros cargos relacionados con el incidente, lo que dar\u00eda lugar a penas m\u00e1s largas.<\/span><\/p>\n<h3>Suspensi\u00f3n De La Licencia<\/h3>\n<p><span style=\"font-weight: 400;\">Otra consecuencia grave del exceso de velocidad en Virginia es la posible suspensi\u00f3n de su permiso de conducir. Dependiendo de la gravedad de la infracci\u00f3n y del historial de conducci\u00f3n, su permiso podr\u00eda quedar suspendido de meses a varios a\u00f1os. Esta suspensi\u00f3n puede afectar gravemente a su vida cotidiana, limitando su capacidad para desplazarse al trabajo o realizar otras actividades esenciales.<\/span><\/p>\n<h3>Historial De Conducci\u00f3n<\/h3>\n<p><span style=\"font-weight: 400;\">Las condenas por exceso de velocidad a\u00f1aden puntos de dem\u00e9rito a tu historial de conducci\u00f3n. Obtener demasiados puntos puede acarrear sanciones adicionales, incluidas suspensiones m\u00e1s largas del carnet. Adem\u00e1s, un historial de conducci\u00f3n manchado puede tener efectos a largo plazo, dificultando la obtenci\u00f3n de empleos que exigen un historial limpio.<\/span><\/p>\n<h3>Primas De Seguro<\/h3>\n<p><span style=\"font-weight: 400;\">Una condena por exceso de velocidad suele dar lugar a primas de seguro m\u00e1s elevadas. Las aseguradoras consideran las infracciones por exceso de velocidad como un mayor riesgo, lo que conlleva un aumento de las tarifas. En algunos casos, las compa\u00f1\u00edas de seguros pueden incluso rescindir totalmente su p\u00f3liza, oblig\u00e1ndole a buscar cobertura a un costo mucho mayor.<\/span><\/p>\n<h3>Sanciones Adicionales<\/h3>\n<p><span style=\"font-weight: 400;\">Existen otras posibles sanciones por exceso de velocidad. Por ejemplo, los infractores reincidentes o los que sean sorprendidos conduciendo por encima del l\u00edmite pueden enfrentarse a cursos obligatorios de conducci\u00f3n o a trabajos comunitarios. Estas sanciones tienen por objeto corregir el comportamiento y prevenir futuras infracciones.<\/span><\/p>\n<p><span style=\"font-weight: 400;\">La gravedad de los cargos por exceso de velocidad imprudente es crucial, pero saber c\u00f3mo combatir estos cargos es igualmente esencial. Aqu\u00ed es donde el abogado de defensa criminal se hace indispensable. Con un conocimiento detallado de las leyes de tr\u00e1fico y las t\u00e1cticas de los tribunales, pueden desarrollar una s\u00f3lida estrategia de defensa adaptada a su caso.<\/span><\/p>\n<h2>\u00bfC\u00f3mo Puede Un Abogado De Exceso De Velocidad Elaborar Una Estrategia Para Su Defensa?<\/h2>\n<p><span style=\"font-weight: 400;\">Un abogado de defensa criminal es vital en su defensa contra los <a href=\"https:\/\/www.idrivesafely.com\/dmv\/virginia\/laws\/traffic-tickets-fines-and-penalties\/#:~:text=Virginia%20Traffic%20Ticket%20Fines&amp;text=In%20general%2C%20a%20speeding%20ticket,%24200%20in%20a%20residential%20area.\" target=\"_blank\" rel=\"noopener\">cargos de exceso de velocidad.<\/a> Ofrecen conocimientos de las leyes de tr\u00e1fico y un enfoque estrat\u00e9gico en la sala del tribunal. Examinan meticulosamente cada detalle de su caso para crear una s\u00f3lida defensa adaptada a su situaci\u00f3n espec\u00edfica. He aqu\u00ed algunas t\u00e1cticas de defensa habituales que pueden utilizar:<\/span><\/p>\n<ul>\n<li style=\"font-weight: 400;\" aria-level=\"1\"><b>Cuestionar Los Dispositivos De Medici\u00f3n De La Velocidad: <\/b><span style=\"font-weight: 400;\">Los abogados suelen cuestionar la precisi\u00f3n de los dispositivos de radar o LIDAR utilizados para medir su velocidad.<\/span><\/li>\n<li style=\"font-weight: 400;\" aria-level=\"1\"><b>Probar La Necesidad:<\/b><span style=\"font-weight: 400;\"> A veces, los conductores aceleran debido a emergencias, como ir deprisa a un hospital. Los abogados pueden argumentar que las circunstancias justificaron sus actos.<\/span><\/li>\n<li style=\"font-weight: 400;\" aria-level=\"1\"><b>Identificaci\u00f3n De Errores De Procedimiento:<\/b><span style=\"font-weight: 400;\"> Cualquier desviaci\u00f3n de los procedimientos legales, como procesos incorrectos de expedici\u00f3n de multas, puede ser motivo para desestimar los cargos.<\/span><\/li>\n<li style=\"font-weight: 400;\" aria-level=\"1\"><b>Argumentar Identidad Err\u00f3nea:<\/b><span style=\"font-weight: 400;\"> En los casos en que hab\u00eda varios veh\u00edculos, los abogados pueden alegar que el agente identific\u00f3 err\u00f3neamente su veh\u00edculo como el que circulaba con exceso de velocidad.<\/span><\/li>\n<\/ul>\n<p><span style=\"font-weight: 400;\">Para emplear estas estrategias con eficacia, un abogado de exceso de velocidad re\u00fane pruebas meticulosamente. Podr\u00edan revisar los registros de mantenimiento de los dispositivos de medici\u00f3n de la velocidad, las grabaciones de las dashcam, las declaraciones de los testigos y los informes medioambientales. Al presentar estas pruebas ante el tribunal, pretenden debilitar el caso introduciendo una duda razonable.<\/span><\/p>\n<p><span style=\"font-weight: 400;\">Adem\u00e1s, un abogado negocia con los fiscales para reducir potencialmente los cargos o las penas. Esto a menudo puede conducir a multas menores, puntos de dem\u00e9rito menores en su historial de conducci\u00f3n u opciones de sentencia alternativas como la escuela de tr\u00e1fico.<\/span><\/p>\n<p><span style=\"font-weight: 400;\">Una vez exploradas las estrategias de defensa que puede emplear un abogado de defensa criminal, est\u00e1 claro que su papel es fundamental para obtener un resultado favorable. El siguiente paso fundamental es comprender c\u00f3mo elegir la representaci\u00f3n legal adecuada para aplicar estas estrategias con eficacia.<\/span><\/p>\n<h2>\u00bfC\u00f3mo Luchar\u00e1 Su Caso The Irving Law Firm?<\/h2>\n<p><img decoding=\"async\" class=\"size-full wp-image-17574 alignright\" src=\"https:\/\/www.theirvinglawfirm.com\/wp-content\/uploads\/2024\/06\/en-the-irving-law-firm-nuestro-abogado-de-exceso-de-velocidad-le-guia-durante-este-proceso-legal-delicado.jpg\" alt=\"En The Irving Law Firm Nuestro Abogado De Exceso De Velocidad Le Gu\u00eda Durante Este Proceso Legal Delicado\" width=\"300\" height=\"199\" srcset=\"https:\/\/www.theirvinglawfirm.com\/wp-content\/uploads\/2024\/06\/en-the-irving-law-firm-nuestro-abogado-de-exceso-de-velocidad-le-guia-durante-este-proceso-legal-delicado-66x44.jpg 66w, https:\/\/www.theirvinglawfirm.com\/wp-content\/uploads\/2024\/06\/en-the-irving-law-firm-nuestro-abogado-de-exceso-de-velocidad-le-guia-durante-este-proceso-legal-delicado-177x117.jpg 177w, https:\/\/www.theirvinglawfirm.com\/wp-content\/uploads\/2024\/06\/en-the-irving-law-firm-nuestro-abogado-de-exceso-de-velocidad-le-guia-durante-este-proceso-legal-delicado-200x133.jpg 200w, https:\/\/www.theirvinglawfirm.com\/wp-content\/uploads\/2024\/06\/en-the-irving-law-firm-nuestro-abogado-de-exceso-de-velocidad-le-guia-durante-este-proceso-legal-delicado.jpg 300w\" sizes=\"(max-width: 300px) 100vw, 300px\" \/><\/p>\n<p><span style=\"font-weight: 400;\">Cuando recibe multas por exceso de velocidad, necesita una defensa que aborde exhaustivamente todos los aspectos de su caso. Comprendemos el impacto de estos cargos en su vida. Por ello, realizamos un an\u00e1lisis detallado de las circunstancias que rodean su caso.<\/span><\/p>\n<p><span style=\"font-weight: 400;\">Examinamos meticulosamente la precisi\u00f3n de los dispositivos de detecci\u00f3n de velocidad y los procedimientos seguidos por las fuerzas del orden. Al identificar los puntos d\u00e9biles de la acusaci\u00f3n, pretendemos introducir una duda razonable. Nuestros h\u00e1biles abogados negocian con los fiscales, esforz\u00e1ndose por conseguir cargos reducidos o penas alternativas con menor efecto en su expediente.<\/span><\/p>\n<p><span style=\"font-weight: 400;\">Adem\u00e1s, comprendemos la importancia de las estrategias de defensa personalizadas. Cada caso es \u00fanico, y adaptamos nuestro planteamiento a su situaci\u00f3n concreta. Nuestro compromiso de proteger sus derechos y privilegios de conducci\u00f3n garantiza que reciba el mejor resultado posible. Conf\u00ede en nosotros para luchar en\u00e9rgicamente por su caso.<\/span><\/p>\n<h2>Resumen<\/h2>\n<p><span style=\"font-weight: 400;\">El exceso de velocidad en Virginia se toma en serio, y las leyes estrictas lo definen como conducci\u00f3n temeraria. Ir a 20 millas por hora por encima del l\u00edmite o conducir a m\u00e1s de 85 millas por hora se considera un delito menor. Sin embargo, otros factores pueden convertirlo en delito grave.<\/span><\/p>\n<p><span style=\"font-weight: 400;\">Las penas por estos delitos son severas. Conlleva hasta la suspensi\u00f3n de la licencia, 12 meses de c\u00e1rcel y una multa de 2.500 $. Estos cargos tambi\u00e9n pueden aumentar significativamente las primas de su seguro y repercutir en su vida durante a\u00f1os. Un abogado es esencial para navegar por los delitos y las penas.<\/span><\/p>\n<p><span style=\"font-weight: 400;\">Un abogado de exceso de velocidad impugna las pruebas, cuestiona los procedimientos policiales y negocia con los fiscales para mitigar las consecuencias. Garantizan un resultado m\u00e1s favorable, protegiendo sus derechos y privilegios de conducci\u00f3n. Conf\u00ede en <a href=\"https:\/\/www.theirvinglawfirm.com\/es\/\">The Irving Law Firm<\/a> para que le proporcione la defensa en\u00e9rgica que usted necesita.<\/span><\/p>\n<\/div><\/div><\/div><\/div><\/div>\n","protected":false},"excerpt":{"rendered":"","protected":false},"author":3,"featured_media":0,"parent":8188,"menu_order":0,"comment_status":"closed","ping_status":"closed","template":"100-width.php","meta":{"_analytify_skip_tracking":false,"rank_math_title":"Abogado De Exceso De Velocidad En Manassas, VA","rank_math_description":"Un abogado de exceso de velocidad le ayuda a enfrentar cargos por conducci\u00f3n temeraria en VA con estrategias para positivas para su caso.","rank_math_focus_keyword":"exceso de velocidad","rank_math_canonical_url":"","footnotes":""},"class_list":["post-8184","page","type-page","status-publish","hentry"],"acf":[],"_links":{"self":[{"href":"https:\/\/www.theirvinglawfirm.com\/es\/wp-json\/wp\/v2\/pages\/8184","targetHints":{"allow":["GET"]}}],"collection":[{"href":"https:\/\/www.theirvinglawfirm.com\/es\/wp-json\/wp\/v2\/pages"}],"about":[{"href":"https:\/\/www.theirvinglawfirm.com\/es\/wp-json\/wp\/v2\/types\/page"}],"author":[{"embeddable":true,"href":"https:\/\/www.theirvinglawfirm.com\/es\/wp-json\/wp\/v2\/users\/3"}],"replies":[{"embeddable":true,"href":"https:\/\/www.theirvinglawfirm.com\/es\/wp-json\/wp\/v2\/comments?post=8184"}],"version-history":[{"count":1,"href":"https:\/\/www.theirvinglawfirm.com\/es\/wp-json\/wp\/v2\/pages\/8184\/revisions"}],"predecessor-version":[{"id":41034,"href":"https:\/\/www.theirvinglawfirm.com\/es\/wp-json\/wp\/v2\/pages\/8184\/revisions\/41034"}],"up":[{"embeddable":true,"href":"https:\/\/www.theirvinglawfirm.com\/es\/wp-json\/wp\/v2\/pages\/8188"}],"wp:attachment":[{"href":"https:\/\/www.theirvinglawfirm.com\/es\/wp-json\/wp\/v2\/media?parent=8184"}],"curies":[{"name":"wp","href":"https:\/\/api.w.org\/{rel}","templated":true}]}}