{"id":8171,"date":"2022-11-16T12:29:56","date_gmt":"2022-11-16T12:29:56","guid":{"rendered":"https:\/\/www.theirvinglawfirm.com\/agresion-sexual-con-agravantes\/"},"modified":"2024-11-27T23:14:50","modified_gmt":"2024-11-27T23:14:50","slug":"agresion-sexual-con-agravantes","status":"publish","type":"page","link":"https:\/\/www.theirvinglawfirm.com\/es\/areas-de-practica\/derecho-criminal\/delitos-sexuales\/agresion-sexual-con-agravantes\/","title":{"rendered":"\u00bfQu\u00e9 Es La Agresi\u00f3n Sexual Agravada En Virginia?"},"content":{"rendered":"<div class=\"fusion-fullwidth fullwidth-box fusion-builder-row-1 fusion-flex-container has-pattern-background has-mask-background nonhundred-percent-fullwidth non-hundred-percent-height-scrolling\" style=\"--awb-border-sizes-bottom:1px;--awb-border-radius-top-left:0px;--awb-border-radius-top-right:0px;--awb-border-radius-bottom-right:0px;--awb-border-radius-bottom-left:0px;--awb-flex-wrap:wrap;\" ><div class=\"fusion-builder-row fusion-row fusion-flex-align-items-flex-start fusion-flex-content-wrap\" style=\"max-width:1497.6px;margin-left: calc(-4% \/ 2 );margin-right: calc(-4% \/ 2 );\"><div class=\"fusion-layout-column fusion_builder_column fusion-builder-column-0 fusion_builder_column_1_1 1_1 fusion-flex-column\" style=\"--awb-bg-size:cover;--awb-width-large:100%;--awb-margin-top-large:0px;--awb-spacing-right-large:1.92%;--awb-margin-bottom-large:20px;--awb-spacing-left-large:0%;--awb-width-medium:100%;--awb-order-medium:0;--awb-spacing-right-medium:1.92%;--awb-spacing-left-medium:0%;--awb-width-small:100%;--awb-order-small:0;--awb-spacing-right-small:1.92%;--awb-spacing-left-small:1.92%;\"><div class=\"fusion-column-wrapper fusion-column-has-shadow fusion-flex-justify-content-flex-start fusion-content-layout-column\"><div class=\"fusion-text fusion-text-1\"><p><span style=\"font-weight: 400;\">El peso de las acusaciones de agresi\u00f3n sexual agravada puede ser aplastante, pero no tiene por qu\u00e9 afrontarlo solo. El apoyo inquebrantable de un <a href=\"https:\/\/www.theirvinglawfirm.com\/es\/areas-de-practica\/derecho-criminal\/delitos-sexuales\/\">abogado de delitos sexuales<\/a> puede marcar la diferencia, luchando por el resultado m\u00e1s favorable para su caso.<\/span><\/p>\n<p><span style=\"font-weight: 400;\">Este art\u00edculo le proporciona conocimientos sobre las leyes que rigen los delitos sexuales. Tambi\u00e9n conocer\u00e1 las penas legales por estos delitos y su repercusi\u00f3n en su vida. Siga leyendo para descubrir las poderosas estrategias que pueden emplear los abogados criminales.<\/span><\/p>\n<p><img decoding=\"async\" class=\"alignnone size-full wp-image-17696\" src=\"https:\/\/www.theirvinglawfirm.com\/wp-content\/uploads\/2024\/06\/leyes-de-agresion-sexual-agravada-en-virginia-lo-que-necesita-saber.jpg\" alt=\"Leyes De Agresi\u00f3n Sexual Agravada En Virginia: Lo Que Necesita Saber\" width=\"100%\" height=\"800\" srcset=\"https:\/\/www.theirvinglawfirm.com\/wp-content\/uploads\/2024\/06\/leyes-de-agresion-sexual-agravada-en-virginia-lo-que-necesita-saber-66x44.jpg 66w, https:\/\/www.theirvinglawfirm.com\/wp-content\/uploads\/2024\/06\/leyes-de-agresion-sexual-agravada-en-virginia-lo-que-necesita-saber-177x118.jpg 177w, https:\/\/www.theirvinglawfirm.com\/wp-content\/uploads\/2024\/06\/leyes-de-agresion-sexual-agravada-en-virginia-lo-que-necesita-saber-200x133.jpg 200w, https:\/\/www.theirvinglawfirm.com\/wp-content\/uploads\/2024\/06\/leyes-de-agresion-sexual-agravada-en-virginia-lo-que-necesita-saber-300x200.jpg 300w, https:\/\/www.theirvinglawfirm.com\/wp-content\/uploads\/2024\/06\/leyes-de-agresion-sexual-agravada-en-virginia-lo-que-necesita-saber-320x213.jpg 320w, https:\/\/www.theirvinglawfirm.com\/wp-content\/uploads\/2024\/06\/leyes-de-agresion-sexual-agravada-en-virginia-lo-que-necesita-saber-400x267.jpg 400w, https:\/\/www.theirvinglawfirm.com\/wp-content\/uploads\/2024\/06\/leyes-de-agresion-sexual-agravada-en-virginia-lo-que-necesita-saber-460x307.jpg 460w, https:\/\/www.theirvinglawfirm.com\/wp-content\/uploads\/2024\/06\/leyes-de-agresion-sexual-agravada-en-virginia-lo-que-necesita-saber-540x360.jpg 540w, https:\/\/www.theirvinglawfirm.com\/wp-content\/uploads\/2024\/06\/leyes-de-agresion-sexual-agravada-en-virginia-lo-que-necesita-saber-600x400.jpg 600w, https:\/\/www.theirvinglawfirm.com\/wp-content\/uploads\/2024\/06\/leyes-de-agresion-sexual-agravada-en-virginia-lo-que-necesita-saber-669x446.jpg 669w, https:\/\/www.theirvinglawfirm.com\/wp-content\/uploads\/2024\/06\/leyes-de-agresion-sexual-agravada-en-virginia-lo-que-necesita-saber-700x467.jpg 700w, https:\/\/www.theirvinglawfirm.com\/wp-content\/uploads\/2024\/06\/leyes-de-agresion-sexual-agravada-en-virginia-lo-que-necesita-saber-768x512.jpg 768w, https:\/\/www.theirvinglawfirm.com\/wp-content\/uploads\/2024\/06\/leyes-de-agresion-sexual-agravada-en-virginia-lo-que-necesita-saber-800x533.jpg 800w, https:\/\/www.theirvinglawfirm.com\/wp-content\/uploads\/2024\/06\/leyes-de-agresion-sexual-agravada-en-virginia-lo-que-necesita-saber-940x627.jpg 940w, https:\/\/www.theirvinglawfirm.com\/wp-content\/uploads\/2024\/06\/leyes-de-agresion-sexual-agravada-en-virginia-lo-que-necesita-saber-1024x683.jpg 1024w, https:\/\/www.theirvinglawfirm.com\/wp-content\/uploads\/2024\/06\/leyes-de-agresion-sexual-agravada-en-virginia-lo-que-necesita-saber.jpg 1200w\" sizes=\"(max-width: 1200px) 100vw, 1200px\" \/><\/p>\n<h2>Por Qu\u00e9 Buscar La Ayuda De Un Abogado De Agresi\u00f3n Sexual Agravada<\/h2>\n<p><span style=\"font-weight: 400;\">Los delitos sexuales en Virginia se persiguen con un alto grado de seriedad debido a su naturaleza delicada y a su importante impacto en las v\u00edctimas. El sistema jur\u00eddico impone penas estrictas, por lo que es mucho lo que est\u00e1 en juego para cualquier acusado. La complejidad de estos casos requiere las habilidades y la orientaci\u00f3n de abogados penalistas.<\/span><\/p>\n<p><span style=\"font-weight: 400;\">Buscar la ayuda de un abogado de agresi\u00f3n sexual agravada en Manassas es crucial por varias razones. Conocen en profundidad las leyes y los precedentes legales espec\u00edficos de los delitos sexuales en Virginia. Saben interpretar y aplicar los estatutos a su caso e investigan a fondo las circunstancias que rodean los cargos.<\/span><\/p>\n<p><span style=\"font-weight: 400;\">Adem\u00e1s, los abogados de defensa criminal le ayudar\u00e1n a comprender sus derechos, los posibles resultados y las estrategias pr\u00e1cticas para defenderle. Su orientaci\u00f3n puede ser la diferencia entre una condena y una desestimaci\u00f3n o reducci\u00f3n de la pena. Comprender las particularidades de la agresi\u00f3n sexual elevada en Virginia es el siguiente paso fundamental para construir su defensa.<\/span><\/p>\n<h2>\u00bfCu\u00e1ndo Es La Agresi\u00f3n Sexual Un Delito Con Agravantes En Virginia?<\/h2>\n<p><span style=\"font-weight: 400;\">En Virginia, la <a href=\"https:\/\/en.wikipedia.org\/wiki\/Sexual_assault\" target=\"_blank\" rel=\"noopener\">agresi\u00f3n sexual<\/a> se produce cuando un individuo toca las partes \u00edntimas de otra persona o el material que cubre directamente esas partes para molestarla, excitarla o gratificarla. Este acto debe realizarse mediante fuerza, amenaza, intimidaci\u00f3n o artima\u00f1a contra la voluntad de la otra persona. El delito tambi\u00e9n incluye los casos en que el agresor obliga a la persona a tocar las partes \u00edntimas del agresor con el mismo fin.<\/span><\/p>\n<p><span style=\"font-weight: 400;\">Seg\u00fan el C\u00f3digo de Virginia, la agresi\u00f3n sexual puede convertirse en delito agravado en determinadas circunstancias. Incluye los siguientes factores agravantes:<\/span><\/p>\n<ul>\n<li style=\"font-weight: 400;\" aria-level=\"1\"><b>Edad De La V\u00edctima<\/b><span style=\"font-weight: 400;\">. La v\u00edctima es menor de 13 a\u00f1os.<\/span><\/li>\n<li style=\"font-weight: 400;\" aria-level=\"1\"><b>Incapacidad Mental O F\u00edsica<\/b><span style=\"font-weight: 400;\">. El acto se lleva a cabo explotando la incapacidad mental o la indefensi\u00f3n f\u00edsica de la v\u00edctima.<\/span><\/li>\n<li style=\"font-weight: 400;\" aria-level=\"1\"><b>Relaci\u00f3n Familiar<\/b><span style=\"font-weight: 400;\">. El agresor es un padre, padrastro, abuelo o abuelastro; la v\u00edctima es un menor de entre 13 y 17 a\u00f1os.<\/span><\/li>\n<li style=\"font-weight: 400;\" aria-level=\"1\"><b>Uso De La Fuerza, Amenaza O Intimidaci\u00f3n<\/b><span style=\"font-weight: 400;\">. El acto se realiza contra la voluntad de la v\u00edctima utilizando la fuerza, amenazas o coacci\u00f3n. Esto se aplica si el acusado causa lesiones corporales o mentales graves a la v\u00edctima, utiliza o amenaza con utilizar un arma peligrosa, o si la v\u00edctima tiene entre 13 y 14 a\u00f1os.<\/span><\/li>\n<\/ul>\n<p><span style=\"font-weight: 400;\">Los tribunales se toman muy en serio estas acciones y reflejan el rigor de la postura legal de Virginia ante los delitos sexuales. El Estado garantiza que los delincuentes condenados se enfrenten a duras consecuencias por sus acciones ilegales.<\/span><\/p>\n<h2>\u00bfCu\u00e1les Son Las Penas Y Consecuencias Legales Para Los Agresores?<\/h2>\n<p><span style=\"font-weight: 400;\">Un cargo elevado de agresi\u00f3n sexual est\u00e1 clasificado como delito grave en Virginia. Las consecuencias jur\u00eddicas sirven de castigo y disuasi\u00f3n, destacando la gravedad del delito. El c\u00f3digo estatal especifica penas severas para los culpables.<\/span><\/p>\n<h3>Largas Penas De Prisi\u00f3n Y Multas Elevadas<\/h3>\n<p><span style=\"font-weight: 400;\">Una condena por este delito conlleva una pena de uno a veinte a\u00f1os de prisi\u00f3n. Adem\u00e1s, el tribunal puede imponer una multa de hasta 100.000 d\u00f3lares. \u00c9stas son las penas m\u00e1ximas, pero la condena real depender\u00e1 de los elementos que rodeen el caso.<\/span><\/p>\n<p><span style=\"font-weight: 400;\">Los casos que implican fuerza, amenazas o el uso de un arma peligrosa suelen dar lugar a penas de prisi\u00f3n m\u00e1s largas. Adem\u00e1s, la gravedad de la violencia o coacci\u00f3n empleadas influye significativamente en el veredicto. Para los reincidentes, las penas son a\u00fan m\u00e1s graves. Tambi\u00e9n existe la posibilidad de que un juez ordene penas de prisi\u00f3n m\u00ednimas obligatorias, especialmente si el agresor tiene antecedentes por agresi\u00f3n sexual.<\/span><\/p>\n<h3>Restricciones Y Supervisi\u00f3n<\/h3>\n<p><span style=\"font-weight: 400;\">Al salir de prisi\u00f3n, los delincuentes pueden enfrentarse a una supervisi\u00f3n estricta y a numerosas restricciones. Pueden ser puestos en libertad condicional o vigilada, lo que requiere visitas peri\u00f3dicas a un agente de libertad condicional y el cumplimiento de condiciones espec\u00edficas. \u00c9stas podr\u00edan incluir abstenerse de consumir alcohol y drogas, asistir a programas obligatorios de tratamiento de delincuentes sexuales y evitar el contacto con la v\u00edctima.<\/span><\/p>\n<p><span style=\"font-weight: 400;\">Adem\u00e1s, las personas condenadas pueden ver limitada su capacidad para viajar, sobre todo cerca de escuelas, parques infantiles y otras zonas donde haya ni\u00f1os. En algunos casos, los delincuentes pueden tener que llevar dispositivos electr\u00f3nicos de vigilancia para seguir sus movimientos y garantizar el cumplimiento de las restricciones ordenadas por el tribunal.<\/span><\/p>\n<p><span style=\"font-weight: 400;\">Virginia suele exigir que los condenados se inscriban en un registro de delincuentes sexuales. Esta lista es accesible al p\u00fablico y puede limitar las oportunidades de empleo y vivienda. Algunos tribunales tambi\u00e9n pueden imponer limitaciones al acceso a Internet para impedir que los delincuentes se pongan en contacto con menores o accedan a contenidos nocivos en l\u00ednea.<\/span><\/p>\n<h3>Impacto En Los Derechos Civiles<\/h3>\n<p><span style=\"font-weight: 400;\">Una condena por un delito sexual en Virginia puede conllevar la p\u00e9rdida de ciertos derechos civiles. Pueden incluir el derecho a votar, a ocupar cargos p\u00fablicos y a poseer armas de fuego. Restaurarlas puede ser un proceso largo y dif\u00edcil. Suelen requerir una petici\u00f3n al tribunal de circuito para restablecer los derechos, aunque a veces puede ser posible un indulto del gobernador.<\/span><\/p>\n<p><span style=\"font-weight: 400;\">No se puede negar que los cargos relacionados con el sexo conllevan implicaciones jur\u00eddicas duras y polifac\u00e9ticas. Por ello, contar con un representante legal de confianza es crucial a la hora de enfrentarse a este reto. Los abogados de defensa criminal son sus aliados, construyendo una estrategia s\u00f3lida para aumentar sus posibilidades de obtener un mejor resultado.<\/span><\/p>\n<h2>\u00bfC\u00f3mo Puede Combatir Los Cargos Un Abogado De Delitos Sexuales?<\/h2>\n<p><span style=\"font-weight: 400;\">Los abogados experimentados emplean diversas t\u00e1cticas legales para rebatir el caso de la acusaci\u00f3n y buscar el mejor resultado posible para sus clientes. He aqu\u00ed algunas estrategias de defensa pr\u00e1cticas y eficaces que suelen utilizarse en casos de agresi\u00f3n sexual agravada.<\/span><\/p>\n<h3>Impugnar Una Demanda No Consentida<\/h3>\n<p><span style=\"font-weight: 400;\">Impugnar la afirmaci\u00f3n de la acusaci\u00f3n de que el acto sexual no fue consentido es una medida sensata. Su abogado puede investigar y presentar pruebas que indiquen que la presunta v\u00edctima consinti\u00f3 la actividad. Esto socava el argumento de fuerza o coacci\u00f3n de la acusaci\u00f3n.<\/span><\/p>\n<h3>Cuestionar La Credibilidad De Los Testigos<\/h3>\n<p><span style=\"font-weight: 400;\">Su abogado puede escudri\u00f1ar la credibilidad de los testigos, incluida la presunta v\u00edctima y otras personas implicadas en el caso. Esto podr\u00eda implicar revelar discrepancias o conflictos en sus declaraciones para poner de relieve posibles sesgos, motivos o pruebas de acusaciones falsas. Al poner en duda el testimonio de un testigo, la defensa puede sembrar la semilla de la duda razonable en la mente del jurado, lo que podr\u00eda conducir a una absoluci\u00f3n.<\/span><\/p>\n<h3>Establecer Una Coartada<\/h3>\n<p><span style=\"font-weight: 400;\">Si tiene coartada, su abogado puede utilizarla para rebatir las alegaciones de la acusaci\u00f3n. Puede tratarse de testigos, grabaciones de vigilancia o registros electr\u00f3nicos que demuestren que no estaba en el lugar de los hechos cuando se produjo el delito. Esto crear\u00e1 incertidumbre sobre su implicaci\u00f3n en el presunto delito.<\/span><\/p>\n<h3>Desafiar Las Pruebas<\/h3>\n<p><span style=\"font-weight: 400;\">Su abogado defensor examinar\u00e1 cuidadosamente las pruebas de la acusaci\u00f3n, incluidas las pruebas f\u00edsicas, los relatos de los testigos y los informes forenses. Pueden cuestionar la fiabilidad o validez de estas pruebas, especialmente si existen dudas sobre c\u00f3mo se han manejado, analizado o identificado.<\/span><\/p>\n<h3>Utilizar El Testimonio De Expertos<\/h3>\n<p><span style=\"font-weight: 400;\">Su abogado puede traer a testigos expertos, como psic\u00f3logos, m\u00e9dicos o especialistas en ADN, para que testifiquen y apoyen su caso. Estos profesionales pueden ofrecer informaci\u00f3n sobre los aspectos cient\u00edficos o m\u00e9dicos relevantes del caso para ayudar a poner en duda las acusaciones de la fiscal\u00eda.<\/span><\/p>\n<h3>Afirmar Errores De Procedimiento<\/h3>\n<p><span style=\"font-weight: 400;\">Los errores de procedimiento de las fuerzas del orden durante la investigaci\u00f3n y la detenci\u00f3n tambi\u00e9n pueden convertirse en el centro de su defensa. Su abogado puede presentar mociones para suprimir las pruebas si se violaron sus derechos, por ejemplo mediante registros ilegales o confesiones coaccionadas.<\/span><\/p>\n<h3>Negociar Acuerdos Extrajudiciales<\/h3>\n<p><span style=\"font-weight: 400;\">Si parece improbable obtener una absoluci\u00f3n o las consecuencias de una condena son graves, tu abogado puede negociar acuerdos con la acusaci\u00f3n. Esto implica declararse culpable de cargos menores o aceptar una condena reducida para evitar un juicio y penas m\u00e1s duras.<\/span><\/p>\n<p><span style=\"font-weight: 400;\">Para defenderse con \u00e9xito de los cargos de agresi\u00f3n sexual se requiere una defensa eficaz. Dado que tu destino depende de las habilidades de abogados de defensa criminal experimentados, es crucial que elijas cuidadosamente a qui\u00e9n conf\u00eda su caso.<\/span><\/p>\n<h2>Por Qu\u00e9 Elegir A The Irving Law Firm Para Que Le Represente<\/h2>\n<p><img decoding=\"async\" class=\"wp-image-17698 size-medium alignright\" src=\"https:\/\/www.theirvinglawfirm.com\/wp-content\/uploads\/2024\/06\/un-abogado-de-agresion-sexual-agravada-podra-aconsejarle-adecuadamente-en-su-proceso-legal-300x157.jpg\" alt=\"Un Abogado De Agresi\u00f3n Sexual Agravada Podr\u00e1 Aconsejarle Adecuadamente En Su Proceso Legal\" width=\"300\" height=\"157\" srcset=\"https:\/\/www.theirvinglawfirm.com\/wp-content\/uploads\/2024\/06\/un-abogado-de-agresion-sexual-agravada-podra-aconsejarle-adecuadamente-en-su-proceso-legal-66x34.jpg 66w, https:\/\/www.theirvinglawfirm.com\/wp-content\/uploads\/2024\/06\/un-abogado-de-agresion-sexual-agravada-podra-aconsejarle-adecuadamente-en-su-proceso-legal-177x92.jpg 177w, https:\/\/www.theirvinglawfirm.com\/wp-content\/uploads\/2024\/06\/un-abogado-de-agresion-sexual-agravada-podra-aconsejarle-adecuadamente-en-su-proceso-legal-200x104.jpg 200w, https:\/\/www.theirvinglawfirm.com\/wp-content\/uploads\/2024\/06\/un-abogado-de-agresion-sexual-agravada-podra-aconsejarle-adecuadamente-en-su-proceso-legal-300x157.jpg 300w, https:\/\/www.theirvinglawfirm.com\/wp-content\/uploads\/2024\/06\/un-abogado-de-agresion-sexual-agravada-podra-aconsejarle-adecuadamente-en-su-proceso-legal-320x167.jpg 320w, https:\/\/www.theirvinglawfirm.com\/wp-content\/uploads\/2024\/06\/un-abogado-de-agresion-sexual-agravada-podra-aconsejarle-adecuadamente-en-su-proceso-legal-400x209.jpg 400w, https:\/\/www.theirvinglawfirm.com\/wp-content\/uploads\/2024\/06\/un-abogado-de-agresion-sexual-agravada-podra-aconsejarle-adecuadamente-en-su-proceso-legal-460x240.jpg 460w, https:\/\/www.theirvinglawfirm.com\/wp-content\/uploads\/2024\/06\/un-abogado-de-agresion-sexual-agravada-podra-aconsejarle-adecuadamente-en-su-proceso-legal-540x282.jpg 540w, https:\/\/www.theirvinglawfirm.com\/wp-content\/uploads\/2024\/06\/un-abogado-de-agresion-sexual-agravada-podra-aconsejarle-adecuadamente-en-su-proceso-legal.jpg 600w\" sizes=\"(max-width: 300px) 100vw, 300px\" \/><\/p>\n<p><span style=\"font-weight: 400;\">Cuando se enfrente a una acusaci\u00f3n elevada de agresi\u00f3n sexual, necesita un representante legal con un historial probado. The Irving Law Firm ofrece una combinaci\u00f3n de experiencia, dedicaci\u00f3n y atenci\u00f3n personalizada que nos distingue. Entendemos los matices de la ley de Virginia y tenemos un historial cre\u00edble de defensa de clientes contra cargos de delitos sexuales.<\/span><\/p>\n<p><span style=\"font-weight: 400;\">Nuestro equipo se dedica a proporcionar una representaci\u00f3n agresiva pero compasiva. Nos tomamos el tiempo necesario para comprender tu situaci\u00f3n particular y adaptar nuestras estrategias de defensa a sus necesidades. Nuestro objetivo es garantizarle un juicio justo y el mejor resultado posible.<\/span><\/p>\n<h2>Resumen<\/h2>\n<p><span style=\"font-weight: 400;\">Diversos factores, como la edad, la capacidad mental y la relaci\u00f3n con la v\u00edctima, pueden elevar los cargos por agresi\u00f3n sexual. Esto puede dar lugar a penas m\u00e1s duras, como una pena de prisi\u00f3n m\u00e1s larga y multas m\u00e1s elevadas. Conocer los elementos legales del delito y las posibles penas puede ayudarle a comprender mejor sus circunstancias.<\/span><\/p>\n<p><span style=\"font-weight: 400;\">Tambi\u00e9n es crucial que recuerde que no tienes que afrontarlo solo. Cuando se enfrenta a cargos de agresi\u00f3n sexual agravada, es esencial tener a su lado a un abogado de delitos sexuales. <a href=\"https:\/\/www.theirvinglawfirm.com\/es\/\">The Irving Law Firm<\/a> ofrece apoyo y estrategias de defensa para ayudarle a afrontar sus cargos con confianza. Proporcionamos una representaci\u00f3n s\u00f3lida para proteger sus derechos y luchar por un futuro seguro para usted.<\/span><\/p>\n<\/div><\/div><\/div><\/div><\/div>\n","protected":false},"excerpt":{"rendered":"","protected":false},"author":3,"featured_media":0,"parent":8174,"menu_order":0,"comment_status":"closed","ping_status":"closed","template":"100-width.php","meta":{"_analytify_skip_tracking":false,"rank_math_title":"Abogado De Agresi\u00f3n Sexual Agravada En Manassas VA","rank_math_description":"Enfrentar un cargo de agresi\u00f3n sexual agravada en Virginia es desafiante. Conf\u00ede en un abogado de agresi\u00f3n sexual para proteger sus derechos.","rank_math_focus_keyword":"agresi\u00f3n sexual","rank_math_canonical_url":"","footnotes":""},"class_list":["post-8171","page","type-page","status-publish","hentry"],"acf":[],"_links":{"self":[{"href":"https:\/\/www.theirvinglawfirm.com\/es\/wp-json\/wp\/v2\/pages\/8171","targetHints":{"allow":["GET"]}}],"collection":[{"href":"https:\/\/www.theirvinglawfirm.com\/es\/wp-json\/wp\/v2\/pages"}],"about":[{"href":"https:\/\/www.theirvinglawfirm.com\/es\/wp-json\/wp\/v2\/types\/page"}],"author":[{"embeddable":true,"href":"https:\/\/www.theirvinglawfirm.com\/es\/wp-json\/wp\/v2\/users\/3"}],"replies":[{"embeddable":true,"href":"https:\/\/www.theirvinglawfirm.com\/es\/wp-json\/wp\/v2\/comments?post=8171"}],"version-history":[{"count":0,"href":"https:\/\/www.theirvinglawfirm.com\/es\/wp-json\/wp\/v2\/pages\/8171\/revisions"}],"up":[{"embeddable":true,"href":"https:\/\/www.theirvinglawfirm.com\/es\/wp-json\/wp\/v2\/pages\/8174"}],"wp:attachment":[{"href":"https:\/\/www.theirvinglawfirm.com\/es\/wp-json\/wp\/v2\/media?parent=8171"}],"curies":[{"name":"wp","href":"https:\/\/api.w.org\/{rel}","templated":true}]}}