{"id":8163,"date":"2022-11-16T12:21:14","date_gmt":"2022-11-16T12:21:14","guid":{"rendered":"https:\/\/www.theirvinglawfirm.com\/pornografia-infantil\/"},"modified":"2024-12-05T00:07:14","modified_gmt":"2024-12-05T00:07:14","slug":"pornografia-infantil","status":"publish","type":"page","link":"https:\/\/www.theirvinglawfirm.com\/es\/areas-de-practica\/derecho-criminal\/delitos-sexuales\/pornografia-infantil\/","title":{"rendered":"Abogado De Pornograf\u00eda Infantil Construye Una Defensa Firme"},"content":{"rendered":"<div class=\"fusion-fullwidth fullwidth-box fusion-builder-row-1 fusion-flex-container has-pattern-background has-mask-background nonhundred-percent-fullwidth non-hundred-percent-height-scrolling\" style=\"--awb-border-sizes-bottom:1px;--awb-border-radius-top-left:0px;--awb-border-radius-top-right:0px;--awb-border-radius-bottom-right:0px;--awb-border-radius-bottom-left:0px;--awb-flex-wrap:wrap;\" ><div class=\"fusion-builder-row fusion-row fusion-flex-align-items-flex-start fusion-flex-content-wrap\" style=\"max-width:1497.6px;margin-left: calc(-4% \/ 2 );margin-right: calc(-4% \/ 2 );\"><div class=\"fusion-layout-column fusion_builder_column fusion-builder-column-0 fusion_builder_column_1_1 1_1 fusion-flex-column\" style=\"--awb-bg-size:cover;--awb-width-large:100%;--awb-margin-top-large:0px;--awb-spacing-right-large:1.92%;--awb-margin-bottom-large:20px;--awb-spacing-left-large:0%;--awb-width-medium:100%;--awb-order-medium:0;--awb-spacing-right-medium:1.92%;--awb-spacing-left-medium:0%;--awb-width-small:100%;--awb-order-small:0;--awb-spacing-right-small:1.92%;--awb-spacing-left-small:1.92%;\"><div class=\"fusion-column-wrapper fusion-column-has-shadow fusion-flex-justify-content-flex-start fusion-content-layout-column\"><div class=\"fusion-text fusion-text-1\"><p><span style=\"font-weight: 400;\">Un <a href=\"https:\/\/www.theirvinglawfirm.com\/es\/areas-de-practica\/derecho-criminal\/delitos-sexuales\/\">abogado de pornograf\u00eda infantil<\/a> comprende la gravedad y el impacto devastador de las acusaciones de delitos sexuales que afectan a menores. Si le acusan de tales delitos, su enfoque compasivo marca una diferencia significativa a la hora de afrontar los cargos y sus consecuencias emocionales.<\/span><\/p>\n<p><span style=\"font-weight: 400;\">Este art\u00edculo ofrece una visi\u00f3n de los entresijos de las leyes de Virginia sobre pornograf\u00eda infantil y de c\u00f3mo un abogado de delitos sexuales proporciona un apoyo jur\u00eddico esencial. Tambi\u00e9n aprender\u00e1 las consecuencias de largo alcance de una condena. Descubra las estrategias de defensa que desarrolla un abogado experimentado para proteger sus derechos y su intimidad en casos tan delicados.<\/span><\/p>\n<p><img decoding=\"async\" class=\"alignnone size-full wp-image-17711\" src=\"https:\/\/www.theirvinglawfirm.com\/wp-content\/uploads\/2024\/06\/un-abogado-de-pornografia-infantil-puede-ser-de-gran-utilidad-si-le-presentan-acusaciones.jpg\" alt=\"Un Abogado De Pornograf\u00eda Infantil Puede Ser De Gran Utilidad Si Le Presentan Acusaciones\" width=\"100%\" height=\"801\" srcset=\"https:\/\/www.theirvinglawfirm.com\/wp-content\/uploads\/2024\/06\/un-abogado-de-pornografia-infantil-puede-ser-de-gran-utilidad-si-le-presentan-acusaciones-66x44.jpg 66w, https:\/\/www.theirvinglawfirm.com\/wp-content\/uploads\/2024\/06\/un-abogado-de-pornografia-infantil-puede-ser-de-gran-utilidad-si-le-presentan-acusaciones-177x118.jpg 177w, https:\/\/www.theirvinglawfirm.com\/wp-content\/uploads\/2024\/06\/un-abogado-de-pornografia-infantil-puede-ser-de-gran-utilidad-si-le-presentan-acusaciones-200x134.jpg 200w, https:\/\/www.theirvinglawfirm.com\/wp-content\/uploads\/2024\/06\/un-abogado-de-pornografia-infantil-puede-ser-de-gran-utilidad-si-le-presentan-acusaciones-300x200.jpg 300w, https:\/\/www.theirvinglawfirm.com\/wp-content\/uploads\/2024\/06\/un-abogado-de-pornografia-infantil-puede-ser-de-gran-utilidad-si-le-presentan-acusaciones-320x214.jpg 320w, https:\/\/www.theirvinglawfirm.com\/wp-content\/uploads\/2024\/06\/un-abogado-de-pornografia-infantil-puede-ser-de-gran-utilidad-si-le-presentan-acusaciones-400x267.jpg 400w, https:\/\/www.theirvinglawfirm.com\/wp-content\/uploads\/2024\/06\/un-abogado-de-pornografia-infantil-puede-ser-de-gran-utilidad-si-le-presentan-acusaciones-460x307.jpg 460w, https:\/\/www.theirvinglawfirm.com\/wp-content\/uploads\/2024\/06\/un-abogado-de-pornografia-infantil-puede-ser-de-gran-utilidad-si-le-presentan-acusaciones-540x360.jpg 540w, https:\/\/www.theirvinglawfirm.com\/wp-content\/uploads\/2024\/06\/un-abogado-de-pornografia-infantil-puede-ser-de-gran-utilidad-si-le-presentan-acusaciones-600x401.jpg 600w, https:\/\/www.theirvinglawfirm.com\/wp-content\/uploads\/2024\/06\/un-abogado-de-pornografia-infantil-puede-ser-de-gran-utilidad-si-le-presentan-acusaciones-669x447.jpg 669w, https:\/\/www.theirvinglawfirm.com\/wp-content\/uploads\/2024\/06\/un-abogado-de-pornografia-infantil-puede-ser-de-gran-utilidad-si-le-presentan-acusaciones-700x467.jpg 700w, https:\/\/www.theirvinglawfirm.com\/wp-content\/uploads\/2024\/06\/un-abogado-de-pornografia-infantil-puede-ser-de-gran-utilidad-si-le-presentan-acusaciones-768x513.jpg 768w, https:\/\/www.theirvinglawfirm.com\/wp-content\/uploads\/2024\/06\/un-abogado-de-pornografia-infantil-puede-ser-de-gran-utilidad-si-le-presentan-acusaciones-800x534.jpg 800w, https:\/\/www.theirvinglawfirm.com\/wp-content\/uploads\/2024\/06\/un-abogado-de-pornografia-infantil-puede-ser-de-gran-utilidad-si-le-presentan-acusaciones-940x627.jpg 940w, https:\/\/www.theirvinglawfirm.com\/wp-content\/uploads\/2024\/06\/un-abogado-de-pornografia-infantil-puede-ser-de-gran-utilidad-si-le-presentan-acusaciones-1024x684.jpg 1024w, https:\/\/www.theirvinglawfirm.com\/wp-content\/uploads\/2024\/06\/un-abogado-de-pornografia-infantil-puede-ser-de-gran-utilidad-si-le-presentan-acusaciones.jpg 1200w\" sizes=\"(max-width: 1200px) 100vw, 1200px\" \/><\/p>\n<h2>Un Abogado De Pornograf\u00eda Infantil Ofrece Apoyo Legal<\/h2>\n<p><span style=\"font-weight: 400;\">Virginia adopta una postura estricta respecto a los delitos sexuales, incluido el material sexualmente expl\u00edcito protagonizado por menores. Las exhaustivas leyes y severas penas del estado reflejan la gravedad de estos delitos. Un abogado de delitos sexuales es necesario en un entorno legal tan estricto.<\/span><\/p>\n<p><span style=\"font-weight: 400;\">Los abogados de pornograf\u00eda infantil pueden ayudarle a interpretar estas complicadas leyes para asegurarse de que comprendes los cargos y las posibles penas. Examinan meticulosamente las pruebas y los procedimientos utilizados en la investigaci\u00f3n. Ayuda a identificar cualquier infracci\u00f3n legal o punto d\u00e9bil de su caso. Estos abogados pueden explorar todas las v\u00edas posibles para obtener un resultado favorable.<\/span><\/p>\n<p><span style=\"font-weight: 400;\">Al proporcionar este apoyo legal, un abogado de defensa criminal puede abordar los retos inmediatos y ayudar a mitigar el impacto m\u00e1s amplio en su vida. Involucrarlos en su caso al conocer los cargos puede darte m\u00e1s posibilidades de proteger su libertad.<\/span><\/p>\n<h2>Entender Las Leyes Sobre Pornograf\u00eda Infantil En Virginia<\/h2>\n<p><span style=\"font-weight: 400;\">Este delito abarca una amplia gama de materiales sexualmente expl\u00edcitos en los que aparecen menores identificables. Seg\u00fan el c\u00f3digo estatal, un menor identificable es alguien que ten\u00eda menos de 18 a\u00f1os cuando se adapt\u00f3, cre\u00f3 o modific\u00f3 la representaci\u00f3n visual. Se considera delito, independientemente de la edad actual de la v\u00edctima.<\/span><\/p>\n<p><span style=\"font-weight: 400;\">El menor debe ser reconocible como una persona real a trav\u00e9s de su rostro, parecido u otros rasgos distintivos, como una marca de nacimiento \u00fanica. Sin embargo, la ley no exige una prueba de su identidad para tipificar el delito.<\/span><\/p>\n<p><span style=\"font-weight: 400;\">El material sexualmente expl\u00edcito se define en sentido amplio para incluir una amplia gama de medios que muestran contenido obsceno. Esto incluye fotograf\u00edas, dibujos, esculturas, pel\u00edculas cinematogr\u00e1ficas e im\u00e1genes digitales. Incluso las almacenadas en la cach\u00e9 temporal de Internet de un ordenador cumplen los requisitos si existen tres o m\u00e1s de esas im\u00e1genes o v\u00eddeos en streaming.<\/span><\/p>\n<p><span style=\"font-weight: 400;\">Quien coaccione o persuada a un menor para que participe en pornograf\u00eda infantil o intente producir dicho material es culpable de delito. Incluso participar en la filmaci\u00f3n o fotograf\u00eda de un menor con este fin es ilegal.<\/span><\/p>\n<p><span style=\"font-weight: 400;\">La ley va m\u00e1s all\u00e1 y tipifica como delito la financiaci\u00f3n de la producci\u00f3n, venta, distribuci\u00f3n y reproducci\u00f3n de dichos materiales. Cualquier persona acusada en virtud de estos estatutos se enfrenta a importantes retos legales y a posibles efectos a largo plazo que ponen de relieve las repercusiones de largo alcance m\u00e1s all\u00e1 de la sala del tribunal.<\/span><\/p>\n<h2>Consecuencias Legales Y Sociales De Una Condena<\/h2>\n<p><span style=\"font-weight: 400;\">Enfrentarse a cargos de pornograf\u00eda infantil en Virginia afecta a todos los aspectos de su vida. M\u00e1s all\u00e1 de las consecuencias jur\u00eddicas inmediatas, las consecuencias sociales pueden ser igualmente devastadoras.<\/span><\/p>\n<h3>Cuando El Sujeto Es Un Menor De 15 A\u00f1os<\/h3>\n<p><span style=\"font-weight: 400;\">En Virginia, la producci\u00f3n, publicaci\u00f3n o financiaci\u00f3n de pornograf\u00eda infantil que implique a menores de 15 a\u00f1os conlleva penas severas. Los infractores se enfrentan a penas de prisi\u00f3n de entre 5 y 30 a\u00f1os en un correccional estatal.<\/span><\/p>\n<p><span style=\"font-weight: 400;\">Si el delincuente es al menos siete a\u00f1os mayor que el menor, la pena incluye una condena m\u00ednima obligatoria de cinco a\u00f1os. Los reincidentes se enfrentan a penas a\u00fan m\u00e1s duras. La segunda infracci\u00f3n o infracciones posteriores pueden acarrear de 15 a 40 a\u00f1os de prisi\u00f3n, incluido un m\u00ednimo obligatorio de 15 a\u00f1os.<\/span><\/p>\n<h3>Cuando Afecte A Menores De 15 A 18 A\u00f1os<\/h3>\n<p><span style=\"font-weight: 400;\">Cuando el sujeto es un menor de entre 15 y 18 a\u00f1os, las penas siguen siendo severas. Los condenados pueden ser condenados de uno a 20 a\u00f1os en un centro penitenciario estatal.<\/span><\/p>\n<p><span style=\"font-weight: 400;\">Si el delincuente es siete o m\u00e1s a\u00f1os mayor que el menor, la pena m\u00ednima obligatoria es de tres a\u00f1os. Esta pena puede alcanzar un m\u00e1ximo de 30 a\u00f1os de prisi\u00f3n. Mientras tanto, la reincidencia conlleva de 10 a 30 a\u00f1os de prisi\u00f3n, con un m\u00ednimo obligatorio de 10 a\u00f1os.<\/span><\/p>\n<h3>Consecuencias De La Posesi\u00f3n<\/h3>\n<p><span style=\"font-weight: 400;\">La posesi\u00f3n de pornograf\u00eda infantil est\u00e1 clasificada como un<\/span> <a href=\"https:\/\/law.lis.virginia.gov\/vacode\/title18.2\/chapter1\/section18.2-10\/#:~:text=(f)%20For%20Class%206%20felonies,than%20%242%2C500%2C%20either%20or%20both.\" target=\"_blank\" rel=\"noopener\"><span style=\"font-weight: 400;\">Delito Grave de Clase 6 en Virginia<\/span><\/a><span style=\"font-weight: 400;\">. Puede acarrear una pena de uno a cinco a\u00f1os de prisi\u00f3n o reclusi\u00f3n en prisi\u00f3n no superior a un a\u00f1o y una multa m\u00e1xima de 2.500 $. Una segunda o posterior infracci\u00f3n eleva el cargo a Delito Grave de Clase 5. Lleva aparejada una pena de uno a diez a\u00f1os de prisi\u00f3n o reclusi\u00f3n en prisi\u00f3n durante un a\u00f1o, adem\u00e1s de una multa no superior a 2.500 $.<\/span><\/p>\n<p><span style=\"font-weight: 400;\">Adem\u00e1s, gestionar un sitio web de Internet para facilitar pagos por el acceso a material expl\u00edcito est\u00e1 tipificado como Delito Grave de Clase 4. Esto puede acarrear una condena de dos a diez a\u00f1os de prisi\u00f3n y una multa m\u00e1xima de 100.000 d\u00f3lares.<\/span><\/p>\n<h3>Impactos Sociales<\/h3>\n<p><span style=\"font-weight: 400;\">Una condena penal tiene consecuencias sociales radicales. Las personas culpables de estos delitos a menudo se enfrentan a un estigma importante, que les lleva al ostracismo de sus comunidades, amigos e incluso familia. El costo emocional y psicol\u00f3gico es igualmente inmenso, ya que el aislamiento puede provocar importantes problemas de salud mental, como depresi\u00f3n y ansiedad.<\/span><\/p>\n<p><span style=\"font-weight: 400;\">Ser etiquetado como delincuente sexual tambi\u00e9n limita gravemente las oportunidades laborales. Numerosos empresarios son reacios a contratar a personas con este tipo de condenas, sobre todo en \u00e1mbitos que implican el contacto con ni\u00f1os o poblaciones vulnerables. Adem\u00e1s, las opciones de alojamiento se limitan, ya que muchos propietarios son reacios a alquilar a delincuentes sexuales registrados.<\/span><\/p>\n<p><span style=\"font-weight: 400;\">El estr\u00e9s de navegar por la vida tras la condena y las repercusiones legales y sociales pueden hacer que reconstruir su vida sea todo un reto. Estas consecuencias jur\u00eddicas y sociales ponen de relieve por qu\u00e9 necesita a un abogado de defensa criminal con experiencia que emplee estrategias para proteger sus derechos y su futuro.<\/span><\/p>\n<h2>Un Abogado De Pornograf\u00eda Infantil Explora Las Estrategias De Defensa<\/h2>\n<p><span style=\"font-weight: 400;\">Protegerle frente a los casos de abuso sexual infantil requiere comprender tanto la ley como las particularidades de su situaci\u00f3n. Es esencial afrontar el problema con el apoyo legal adecuado. Un abogado de pornograf\u00eda infantil explora diversas estrategias de defensa para ayudarle a conseguir el mejor resultado posible para usted.<\/span><\/p>\n<h3>Impugnar La Legalidad Del Registro Y La Incautaci\u00f3n<\/h3>\n<p><span style=\"font-weight: 400;\">Un abogado revisar\u00e1 meticulosamente las circunstancias que rodean el registro y la incautaci\u00f3n de pruebas. Sup\u00f3n que las fuerzas de seguridad violaron los derechos constitucionales al realizar un registro ilegal o exceder el alcance de una orden judicial. En ese caso, su abogado puede argumentar que las pruebas deben ser excluidas. Esto puede debilitar significativamente el caso de la acusaci\u00f3n.<\/span><\/p>\n<h3>Pregunta Intenci\u00f3n Y Conocimiento<\/h3>\n<p><span style=\"font-weight: 400;\">Su abogado puede argumentar que usted no pose\u00eda ni distribu\u00eda conscientemente pornograf\u00eda infantil. Esta defensa es especialmente pertinente en los casos en que el material se descarg\u00f3 involuntariamente o sin su conocimiento. Probar la falta de intenci\u00f3n puede ser un factor decisivo para reducir o desestimar los cargos.<\/span><\/p>\n<h3>Utiliza La Ciencia Forense Digital Y Las Defensas T\u00e9cnicas<\/h3>\n<p><span style=\"font-weight: 400;\">Se puede recurrir a peritos forenses digitales para analizar dispositivos electr\u00f3nicos. Su abogado puede pedirles que demuestren que su ordenador fue pirateado o que se introdujo material ilegal en el dispositivo sin su conocimiento. Estas pruebas t\u00e9cnicas pueden crear una duda razonable sobre su culpabilidad.<\/span><\/p>\n<h3>Impugnar La Identificaci\u00f3n Del Menor<\/h3>\n<p><span style=\"font-weight: 400;\">Su abogado de defensa criminal tambi\u00e9n puede cuestionar si el individuo representado en el material es un menor identificable. Se trata de cuestionar las pruebas de la acusaci\u00f3n sobre la edad de la persona que aparece en las im\u00e1genes. Sin pruebas claras de que el sujeto es menor de edad, pueden debilitar significativamente el caso de la acusaci\u00f3n.<\/span><\/p>\n<h3>Negociar Acuerdos Extrajudiciales<\/h3>\n<p><span style=\"font-weight: 400;\">A veces, un acuerdo de culpabilidad puede ser la mejor opci\u00f3n. Su abogado puede negociar con los fiscales para rebajar los cargos o explorar penas alternativas, como programas de tratamiento o libertad condicional. Esto puede ayudar a reducir las ramificaciones a largo plazo de una condena.<\/span><\/p>\n<p><span style=\"font-weight: 400;\">Estas estrategias pueden garantizar un juicio justo y el resultado m\u00e1s favorable. Destacan c\u00f3mo su elecci\u00f3n de abogado de pornograf\u00eda infantil puede determinar si se enfrenta a una condena o si asegura su futuro.<\/span><\/p>\n<h2>The Irving Law Firm Protege Sus Derechos Y Su Intimidad<\/h2>\n<p><img decoding=\"async\" class=\"size-full wp-image-17713 alignright\" src=\"https:\/\/www.theirvinglawfirm.com\/wp-content\/uploads\/2024\/06\/obtenga-una-defensa-solida-de-su-caso-con-abogados-de-pornografia-infantil-en-virginia.jpg\" alt=\"Obtenga Una Defensa S\u00f3lida De Su Caso Con Abogados De Pornograf\u00eda Infantil En Virginia\" width=\"300\" height=\"221\" srcset=\"https:\/\/www.theirvinglawfirm.com\/wp-content\/uploads\/2024\/06\/obtenga-una-defensa-solida-de-su-caso-con-abogados-de-pornografia-infantil-en-virginia-66x49.jpg 66w, https:\/\/www.theirvinglawfirm.com\/wp-content\/uploads\/2024\/06\/obtenga-una-defensa-solida-de-su-caso-con-abogados-de-pornografia-infantil-en-virginia-177x130.jpg 177w, https:\/\/www.theirvinglawfirm.com\/wp-content\/uploads\/2024\/06\/obtenga-una-defensa-solida-de-su-caso-con-abogados-de-pornografia-infantil-en-virginia-200x147.jpg 200w, https:\/\/www.theirvinglawfirm.com\/wp-content\/uploads\/2024\/06\/obtenga-una-defensa-solida-de-su-caso-con-abogados-de-pornografia-infantil-en-virginia.jpg 300w\" sizes=\"(max-width: 300px) 100vw, 300px\" \/><\/p>\n<p><span style=\"font-weight: 400;\">Si se enfrenta a cargos de pornograf\u00eda infantil, The Irving Law Firm puede ser un firme defensor de su causa. Nuestro equipo de abogados comprende la gravedad de estas acusaciones y luchar\u00e1 para proteger sus derechos y su intimidad. Abordamos cada caso con sensibilidad y profesionalidad.<\/span><\/p>\n<p><span style=\"font-weight: 400;\">En The Irving Law Firm, usted tendr\u00e1 una representaci\u00f3n legal personalizada. Analizaremos los detalles de su caso, construiremos una s\u00f3lida estrategia de defensa y trabajaremos con diligencia para lograr el mejor resultado posible. Nuestro equipo tambi\u00e9n ofrece empat\u00eda y comprensi\u00f3n m\u00e1s all\u00e1 del apoyo legal durante estos momentos dif\u00edciles.<\/span><\/p>\n<p><span style=\"font-weight: 400;\">Elegir a The Irving Law Firm significa beneficiarle de un equipo que da prioridad a su bienestar y a sus derechos legales. Deje que nuestro enfoque integral proteja sus antecedentes penales, su nombre y su reputaci\u00f3n.<\/span><\/p>\n<h2>Resumen<\/h2>\n<p><span style=\"font-weight: 400;\">Los delitos de pornograf\u00eda infantil en Virginia implican la publicaci\u00f3n, producci\u00f3n, financiaci\u00f3n o venta de material visual sexualmente expl\u00edcito en el que aparezcan menores identificables. Las infracciones pueden acarrear largas penas de prisi\u00f3n, multas importantes y consecuencias sociales que afectan profundamente a muchos aspectos de su vida. Un abogado de pornograf\u00eda infantil es esencial para navegar por estas complejas leyes y desarrollar s\u00f3lidas estrategias de defensa.<\/span><\/p>\n<p><span style=\"font-weight: 400;\"><a href=\"https:\/\/www.theirvinglawfirm.com\/es\/\">The Irving Law Firm<\/a> se compromete a tratar casos tan delicados. Proporcionamos apoyo legal emp\u00e1tico y h\u00e1bil para proteger su libertad y su reputaci\u00f3n. Nuestra amplia experiencia garantiza una gesti\u00f3n meticulosa de todos los aspectos de su caso. Con nuestro equipo a su lado, usted puede enfrentarse con confianza a los cargos, sabiendo que sus derechos est\u00e1n protegidos.<\/span><\/p>\n<\/div><\/div><\/div><\/div><\/div>\n","protected":false},"excerpt":{"rendered":"","protected":false},"author":3,"featured_media":0,"parent":8174,"menu_order":0,"comment_status":"closed","ping_status":"closed","template":"100-width.php","meta":{"_analytify_skip_tracking":false,"rank_math_title":"Abogado De Pornograf\u00eda Infantil En Manassas, VA","rank_math_description":"Un abogado de pornograf\u00eda infantil analiza opciones legales para proteger su reputaci\u00f3n y emplea estrategias pr\u00e1cticas para manejar su caso.","rank_math_focus_keyword":"Pornograf\u00eda Infantil","rank_math_canonical_url":"","footnotes":""},"class_list":["post-8163","page","type-page","status-publish","hentry"],"acf":[],"_links":{"self":[{"href":"https:\/\/www.theirvinglawfirm.com\/es\/wp-json\/wp\/v2\/pages\/8163","targetHints":{"allow":["GET"]}}],"collection":[{"href":"https:\/\/www.theirvinglawfirm.com\/es\/wp-json\/wp\/v2\/pages"}],"about":[{"href":"https:\/\/www.theirvinglawfirm.com\/es\/wp-json\/wp\/v2\/types\/page"}],"author":[{"embeddable":true,"href":"https:\/\/www.theirvinglawfirm.com\/es\/wp-json\/wp\/v2\/users\/3"}],"replies":[{"embeddable":true,"href":"https:\/\/www.theirvinglawfirm.com\/es\/wp-json\/wp\/v2\/comments?post=8163"}],"version-history":[{"count":0,"href":"https:\/\/www.theirvinglawfirm.com\/es\/wp-json\/wp\/v2\/pages\/8163\/revisions"}],"up":[{"embeddable":true,"href":"https:\/\/www.theirvinglawfirm.com\/es\/wp-json\/wp\/v2\/pages\/8174"}],"wp:attachment":[{"href":"https:\/\/www.theirvinglawfirm.com\/es\/wp-json\/wp\/v2\/media?parent=8163"}],"curies":[{"name":"wp","href":"https:\/\/api.w.org\/{rel}","templated":true}]}}