{"id":8152,"date":"2022-11-16T09:11:38","date_gmt":"2022-11-16T09:11:38","guid":{"rendered":"https:\/\/www.theirvinglawfirm.com\/exposicion-indecente\/"},"modified":"2024-12-03T03:20:40","modified_gmt":"2024-12-03T03:20:40","slug":"exposicion-indecente","status":"publish","type":"page","link":"https:\/\/www.theirvinglawfirm.com\/es\/areas-de-practica\/derecho-criminal\/delitos-sexuales\/exposicion-indecente\/","title":{"rendered":"Un Abogado De Exposici\u00f3n Indecente Protege Su Reputaci\u00f3n"},"content":{"rendered":"<div class=\"fusion-fullwidth fullwidth-box fusion-builder-row-1 fusion-flex-container has-pattern-background has-mask-background nonhundred-percent-fullwidth non-hundred-percent-height-scrolling\" style=\"--awb-border-sizes-bottom:1px;--awb-border-radius-top-left:0px;--awb-border-radius-top-right:0px;--awb-border-radius-bottom-right:0px;--awb-border-radius-bottom-left:0px;--awb-flex-wrap:wrap;\" ><div class=\"fusion-builder-row fusion-row fusion-flex-align-items-flex-start fusion-flex-content-wrap\" style=\"max-width:1497.6px;margin-left: calc(-4% \/ 2 );margin-right: calc(-4% \/ 2 );\"><div class=\"fusion-layout-column fusion_builder_column fusion-builder-column-0 fusion_builder_column_1_1 1_1 fusion-flex-column\" style=\"--awb-bg-size:cover;--awb-width-large:100%;--awb-margin-top-large:0px;--awb-spacing-right-large:1.92%;--awb-margin-bottom-large:20px;--awb-spacing-left-large:0%;--awb-width-medium:100%;--awb-order-medium:0;--awb-spacing-right-medium:1.92%;--awb-spacing-left-medium:0%;--awb-width-small:100%;--awb-order-small:0;--awb-spacing-right-small:1.92%;--awb-spacing-left-small:1.92%;\"><div class=\"fusion-column-wrapper fusion-column-has-shadow fusion-flex-justify-content-flex-start fusion-content-layout-column\"><div class=\"fusion-text fusion-text-1\"><p><span style=\"font-weight: 400;\">Un <a href=\"https:\/\/www.theirvinglawfirm.com\/es\/areas-de-practica\/derecho-criminal\/delitos-sexuales\/\">abogado de exposici\u00f3n indecente<\/a> es un aliado inestimable cuando el pensamiento moderno no coincide con las leyes relativas a la decencia p\u00fablica. Por ejemplo, algunos consideran la desnudez una forma de arte o una manera de practicar su libertad de expresi\u00f3n. Sin embargo, las fuerzas del orden pueden acusarte de sobrepasar las normas sociales.<\/span><\/p>\n<p><span style=\"font-weight: 400;\">En tales casos, un abogado de defensa criminal experimentado puede proporcionarle informaci\u00f3n sobre la ley y sus derechos y ofrecelte una defensa s\u00f3lida. Aqu\u00ed aprender\u00e1 los matices que rodean la exposici\u00f3n indecente en Virginia. Tambi\u00e9n descubrir\u00e1 c\u00f3mo un asesor jur\u00eddico puede guiarle para afrontar un caso tan desalentador con estrategias pr\u00e1cticas de defensa.<\/span><\/p>\n<h2>\u00bfC\u00f3mo Puede Ayudar Un Abogado De Exposici\u00f3n Indecente?<\/h2>\n<p><span style=\"font-weight: 400;\">Cuando se enfrente a acusaciones de conducta lasciva en Virginia, debe pedir ayuda legal a un abogado de delitos sexuales para proteger sus derechos y su reputaci\u00f3n. Pueden impugnar las pruebas de la acusaci\u00f3n, interrogar a los testigos y desarrollar una s\u00f3lida estrategia de defensa.<\/span><\/p>\n<p><span style=\"font-weight: 400;\">Con un abogado experimentado, usted puede acceder a todas las estrategias de defensa posibles para su situaci\u00f3n concreta y mucho m\u00e1s. El impacto emocional de una acusaci\u00f3n puede ser abrumador, pero le proporcionar\u00e1n apoyo y orientaci\u00f3n constantes durante todo el proceso.<\/span><\/p>\n<p><span style=\"font-weight: 400;\">Adem\u00e1s, le explicar\u00e1n con claridad la intimidante jerga jur\u00eddica y los procesos. Este enfoque le capacita para comprender sus opciones y tomar decisiones con conocimiento de causa. Pueden ayudarle a comprender plenamente las leyes que rigen la exposici\u00f3n indecente y permitirle comprender los cargos que se le imputan.<\/span><\/p>\n<p><img decoding=\"async\" class=\"alignnone size-full wp-image-17616\" src=\"https:\/\/www.theirvinglawfirm.com\/wp-content\/uploads\/2024\/06\/un-abogado-de-exposicion-indecente-puede-llevar-su-caso-en-virginia-para-que-pueda-pasar-por-un-proceso-sin-problemas.jpg\" alt=\"Un Abogado De Exposici\u00f3n Indecente Puede Llevar Su Caso En Virginia Para Que Pueda Pasar Por Un Proceso Sin Problemas\" width=\"100%\" height=\"800\" srcset=\"https:\/\/www.theirvinglawfirm.com\/wp-content\/uploads\/2024\/06\/un-abogado-de-exposicion-indecente-puede-llevar-su-caso-en-virginia-para-que-pueda-pasar-por-un-proceso-sin-problemas-66x44.jpg 66w, https:\/\/www.theirvinglawfirm.com\/wp-content\/uploads\/2024\/06\/un-abogado-de-exposicion-indecente-puede-llevar-su-caso-en-virginia-para-que-pueda-pasar-por-un-proceso-sin-problemas-177x118.jpg 177w, https:\/\/www.theirvinglawfirm.com\/wp-content\/uploads\/2024\/06\/un-abogado-de-exposicion-indecente-puede-llevar-su-caso-en-virginia-para-que-pueda-pasar-por-un-proceso-sin-problemas-200x133.jpg 200w, https:\/\/www.theirvinglawfirm.com\/wp-content\/uploads\/2024\/06\/un-abogado-de-exposicion-indecente-puede-llevar-su-caso-en-virginia-para-que-pueda-pasar-por-un-proceso-sin-problemas-300x200.jpg 300w, https:\/\/www.theirvinglawfirm.com\/wp-content\/uploads\/2024\/06\/un-abogado-de-exposicion-indecente-puede-llevar-su-caso-en-virginia-para-que-pueda-pasar-por-un-proceso-sin-problemas-320x213.jpg 320w, https:\/\/www.theirvinglawfirm.com\/wp-content\/uploads\/2024\/06\/un-abogado-de-exposicion-indecente-puede-llevar-su-caso-en-virginia-para-que-pueda-pasar-por-un-proceso-sin-problemas-400x267.jpg 400w, https:\/\/www.theirvinglawfirm.com\/wp-content\/uploads\/2024\/06\/un-abogado-de-exposicion-indecente-puede-llevar-su-caso-en-virginia-para-que-pueda-pasar-por-un-proceso-sin-problemas-460x307.jpg 460w, https:\/\/www.theirvinglawfirm.com\/wp-content\/uploads\/2024\/06\/un-abogado-de-exposicion-indecente-puede-llevar-su-caso-en-virginia-para-que-pueda-pasar-por-un-proceso-sin-problemas-540x360.jpg 540w, https:\/\/www.theirvinglawfirm.com\/wp-content\/uploads\/2024\/06\/un-abogado-de-exposicion-indecente-puede-llevar-su-caso-en-virginia-para-que-pueda-pasar-por-un-proceso-sin-problemas-600x400.jpg 600w, https:\/\/www.theirvinglawfirm.com\/wp-content\/uploads\/2024\/06\/un-abogado-de-exposicion-indecente-puede-llevar-su-caso-en-virginia-para-que-pueda-pasar-por-un-proceso-sin-problemas-669x446.jpg 669w, https:\/\/www.theirvinglawfirm.com\/wp-content\/uploads\/2024\/06\/un-abogado-de-exposicion-indecente-puede-llevar-su-caso-en-virginia-para-que-pueda-pasar-por-un-proceso-sin-problemas-700x467.jpg 700w, https:\/\/www.theirvinglawfirm.com\/wp-content\/uploads\/2024\/06\/un-abogado-de-exposicion-indecente-puede-llevar-su-caso-en-virginia-para-que-pueda-pasar-por-un-proceso-sin-problemas-768x512.jpg 768w, https:\/\/www.theirvinglawfirm.com\/wp-content\/uploads\/2024\/06\/un-abogado-de-exposicion-indecente-puede-llevar-su-caso-en-virginia-para-que-pueda-pasar-por-un-proceso-sin-problemas-800x533.jpg 800w, https:\/\/www.theirvinglawfirm.com\/wp-content\/uploads\/2024\/06\/un-abogado-de-exposicion-indecente-puede-llevar-su-caso-en-virginia-para-que-pueda-pasar-por-un-proceso-sin-problemas-940x627.jpg 940w, https:\/\/www.theirvinglawfirm.com\/wp-content\/uploads\/2024\/06\/un-abogado-de-exposicion-indecente-puede-llevar-su-caso-en-virginia-para-que-pueda-pasar-por-un-proceso-sin-problemas-1024x683.jpg 1024w, https:\/\/www.theirvinglawfirm.com\/wp-content\/uploads\/2024\/06\/un-abogado-de-exposicion-indecente-puede-llevar-su-caso-en-virginia-para-que-pueda-pasar-por-un-proceso-sin-problemas.jpg 1200w\" sizes=\"(max-width: 1200px) 100vw, 1200px\" \/><\/p>\n<h2>\u00bfQu\u00e9 Es La Exposici\u00f3n Indecente En Virginia?<\/h2>\n<p><span style=\"font-weight: 400;\">El C\u00f3digo de Virginia define la exposici\u00f3n indecente como la exhibici\u00f3n intencionada de las partes \u00edntimas en un lugar p\u00fablico o en cualquier lugar en el que haya otras personas presentes. El acto debe realizarse con la intenci\u00f3n de escandalizar, alarmar u ofender a quienes lo presencien.<\/span><\/p>\n<p><span style=\"font-weight: 400;\">Aunque la ley pueda parecer sencilla, deben cumplirse factores espec\u00edficos para constituir un delito. Por ejemplo, si alguien se expone accidentalmente mientras se cambia de ropa en un lavabo p\u00fablico, probablemente no se considerar\u00eda exhibicionismo. Eso es porque no fue intencionado y hab\u00eda una expectativa razonable de intimidad.<\/span><\/p>\n<p><span style=\"font-weight: 400;\">La ley busca un equilibrio entre la decencia p\u00fablica y la libertad individual. Aunque su objetivo es proteger a las personas de la exposici\u00f3n no deseada y de la obscenidad, las complejidades legales a veces pueden crear interpretaciones err\u00f3neas de lo que se considera un delito.<\/span><\/p>\n<h2>\u00bfCu\u00e1les Son Los Errores M\u00e1s Comunes Del Delito?<\/h2>\n<p><span style=\"font-weight: 400;\">Muchos creen que los cargos por exhibicionismo solo se derivan de actos atrevidamente ofensivos. Sin embargo, algunas acciones que puedes pensar que no se califican como delito, pero que re\u00fanen los elementos podr\u00edan ser imputables. Hay varios conceptos err\u00f3neos sobre lo que constituye exhibicionismo en Virginia.<\/span><\/p>\n<ul>\n<li style=\"font-weight: 400;\" aria-level=\"1\"><b>Lactancia Materna<\/b><span style=\"font-weight: 400;\">.<\/span> <span style=\"font-weight: 400;\">Virginia exime espec\u00edficamente la lactancia materna de la definici\u00f3n de exposici\u00f3n indecente, reconoci\u00e9ndola como un acto natural y esencial.<\/span><\/li>\n<li style=\"font-weight: 400;\" aria-level=\"1\"><b>Actos No Sexuales<\/b><span style=\"font-weight: 400;\">. Algunos creen que solo los actos con motivaci\u00f3n sexual pueden considerarse delito. Sin embargo, los actos no sexuales, como orinar en p\u00fablico, tambi\u00e9n pueden dar lugar a cargos si cumplen los criterios legales.<\/span><\/li>\n<li style=\"font-weight: 400;\" aria-level=\"1\"><b>Desnudez P\u00fablica<\/b><span style=\"font-weight: 400;\">. La desnudez en s\u00ed no es ilegal. Sin embargo, si alguien est\u00e1 desnudo en un lugar p\u00fablico de forma que cumpla los elementos del delito, podr\u00eda ser acusado. <\/span><\/li>\n<li style=\"font-weight: 400;\" aria-level=\"1\"><b>Mal Funcionamiento De La Ropa<\/b><span style=\"font-weight: 400;\">. La exposici\u00f3n accidental debida a un mal funcionamiento del vestuario no suele constituir delito, ya que se requiere intenci\u00f3n.<\/span><\/li>\n<li style=\"font-weight: 400;\" aria-level=\"1\"><b>Propiedad Privada<\/b><span style=\"font-weight: 400;\">. Muchos suponen que estar en una propiedad privada exime de estas leyes. Sin embargo, si la exposici\u00f3n puede ser vista desde un espacio p\u00fablico o por otras personas en propiedades colindantes, puede seguir consider\u00e1ndose exposici\u00f3n indecente.<\/span><\/li>\n<\/ul>\n<p><span style=\"font-weight: 400;\">Comprender estos conceptos err\u00f3neos puede ayudar a evitar infracciones involuntarias y a aclarar la naturaleza de los cargos. Un abogado de exposici\u00f3n indecente en Manassas puede aclarar los mitos sobre el delito. Pueden presentar los hechos, incluidas las penas y ramificaciones legales.<\/span><\/p>\n<h2>\u00bfCu\u00e1les Son Las Sanciones Y Consecuencias Legales?<\/h2>\n<p><span style=\"font-weight: 400;\">La exposici\u00f3n indecente es un <a href=\"https:\/\/virginiarules.org\/varules_topics\/criminal-law-basics\/#:~:text=Misdemeanor%20classes,of%20not%20more%20than%20%24500.\" target=\"_blank\" rel=\"noopener\">delito menor de Clase 1<\/a>. Los infractores condenados se enfrentan a penas de prisi\u00f3n de hasta 12 meses y a una multa m\u00e1xima de 2.500 $. Los cargos pueden escalar a penas m\u00e1s graves cuando implican a un menor.<\/span><\/p>\n<p><span style=\"font-weight: 400;\">Suponga que alguien muestra partes \u00edntimas a un menor de 15 a\u00f1os. En ese caso, pueden ser acusados de un delito grave en lugar de un delito menor, lo que podr\u00eda suponer hasta 10 a\u00f1os de c\u00e1rcel si son condenados. Si le declaran culpable de exposici\u00f3n indecente tres o m\u00e1s veces, puede que tenga que registrarse como delincuente sexual seg\u00fan el C\u00f3digo de Virginia.<\/span><\/p>\n<p><span style=\"font-weight: 400;\">La lista de delincuentes sexuales es p\u00fablica, por lo que pueden verla sus conocidos, incluso sus empleadores. Cuando se enfrente a este delito, no acepte sin m\u00e1s las acusaciones y renuncie a su derecho a un juicio justo. Al hacerlo, est\u00e1 reconociendo la culpa y arriesgando un futuro mejor.<\/span><\/p>\n<h2>\u00bfCu\u00e1les Son Los Efectos A Largo Plazo De Una Condena?<\/h2>\n<p><span style=\"font-weight: 400;\">Aparte de las consecuencias legales inmediatas, una condena por exposici\u00f3n indecente en Virginia puede proyectar una larga sombra en varios aspectos de su vida. El efecto m\u00e1s significativo es la dificultad para conseguir un empleo. Como ya se ha dicho, cuando se est\u00e1 registrado como Delincuente Sexual de Virginia por reincidencia, los empresarios pueden comprobarlo. En consecuencia, pueden elegir a un solicitante con antecedentes limpios.<\/span><\/p>\n<p><span style=\"font-weight: 400;\">El estigma de un delincuente sexual puede causar una importante tensi\u00f3n emocional. El aislamiento social, los problemas de relaci\u00f3n e incluso la depresi\u00f3n son frecuentes tras la condena. Esto es especialmente cierto cuando el delito implica a menores o se considera particularmente contrario a las normas comunitarias de decencia o moralidad.<\/span><\/p>\n<p><span style=\"font-weight: 400;\">Las repercusiones legales tambi\u00e9n pueden persistir. Algunas licencias profesionales pueden restringirse o revocarse por completo debido a la condena. Las restricciones estrictas sobre d\u00f3nde puedes vivir, especialmente cerca de colegios o parques, tambi\u00e9n pueden alterar su vida y limitar sus opciones de vivienda.<\/span><\/p>\n<p><span style=\"font-weight: 400;\">Navegar por las secuelas de una condena por exposici\u00f3n indecente en Virginia requiere una cuidadosa consideraci\u00f3n y, a menudo, la ayuda de un profesional jur\u00eddico experimentado. Buscar orientaci\u00f3n puede ayudarle a comprender sus derechos, explorar las opciones de defensa y mitigar las posibles repercusiones a largo plazo de acusaciones tan graves.<\/span><\/p>\n<h2>\u00bfC\u00f3mo Puede Proteger Su Nombre Un Abogado De Exposici\u00f3n Indecente?<\/h2>\n<p><span style=\"font-weight: 400;\">Un abogado de delitos sexuales puede emplear varias estrategias de defensa legal para proteger su reputaci\u00f3n. Se esfuerzan por obtener un resultado favorable en su caso y trabajan en\u00e9rgicamente para garantizar un juicio justo. Estas estrategias incluyen varios factores.<\/span><\/p>\n<h3>Desaf\u00edo Intenci\u00f3n<\/h3>\n<p><span style=\"font-weight: 400;\">Su abogado puede argumentar que no hubo intenci\u00f3n deliberada de exponerte para ofender o alarmar a otros. Pueden presentar pruebas de que la exposici\u00f3n fue accidental o no intencionada para desvirtuar la alegaci\u00f3n de dolo de la acusaci\u00f3n.<\/span><\/p>\n<h3>Cuestionar La Credibilidad<\/h3>\n<p><span style=\"font-weight: 400;\">Es fundamental examinar la credibilidad de los testigos y las circunstancias que rodearon la supuesta exposici\u00f3n. Un abogado de defensa criminal puede descubrir incoherencias en las declaraciones de los testigos o demostrar prejuicios. Esta estrategia puede poner en duda el caso de la acusaci\u00f3n y debilitar su argumento.<\/span><\/p>\n<h3>Argumentar Un Error De Identidad<\/h3>\n<p><span style=\"font-weight: 400;\">En los casos en que la exposici\u00f3n se produjo en una zona concurrida o mal iluminada, puede haber incertidumbre sobre qui\u00e9n cometi\u00f3 el acto. Un abogado criminal puede cuestionar la fiabilidad de los testigos oculares e introducir dudas sobre si le identificaron correctamente como el delincuente.<\/span><\/p>\n<h3>Afirmar Acusaciones Falsas<\/h3>\n<p><span style=\"font-weight: 400;\">A veces, las acusaciones pueden surgir de malentendidos o con mala intenci\u00f3n. Su abogado de exposici\u00f3n indecente puede investigar las circunstancias que rodean la acusaci\u00f3n e indagar en conflictos personales, prejuicios o relaciones entre usted y el acusador.<\/span><\/p>\n<h3>Demostrar La Falta De Pruebas<\/h3>\n<p><span style=\"font-weight: 400;\">La acusaci\u00f3n debe demostrar que cometiste una exposici\u00f3n indecente m\u00e1s all\u00e1 de toda duda razonable. Un abogado puede escudri\u00f1ar las pruebas presentadas para poner de relieve incoherencias o lagunas. Si las pruebas no son lo suficientemente s\u00f3lidas para cumplir la norma legal, esto puede dar lugar a una desestimaci\u00f3n o absoluci\u00f3n.<\/span><\/p>\n<h3>Emplear Defensas Procesales<\/h3>\n<p><span style=\"font-weight: 400;\">Su abogado puede explorar defensas procesales para proteger sus derechos. Esto podr\u00eda implicar impugnar la legalidad de la investigaci\u00f3n o la detenci\u00f3n, sobre todo si los agentes violaron sus derechos constitucionales. Un abogado defensor tambi\u00e9n puede presentar peticiones de supresi\u00f3n de pruebas obtenidas ilegalmente, lo que puede conducir al sobreseimiento de su caso o a un acuerdo favorable.<\/span><\/p>\n<p><span style=\"font-weight: 400;\">Con estas estrategias, un abogado experimentado puede trabajar para preservar su reputaci\u00f3n. Su objetivo es poner en duda las acusaciones y luchar por un resultado favorable, ya sea mediante el sobreseimiento, la reducci\u00f3n de los cargos o la absoluci\u00f3n.<\/span><\/p>\n<h2>\u00bfPor Qu\u00e9 Elegir A The Irving Law Firm Para Que Le Represente?<\/h2>\n<p><img decoding=\"async\" class=\"size-full wp-image-17618 alignright\" src=\"https:\/\/www.theirvinglawfirm.com\/wp-content\/uploads\/2024\/06\/contrate-los-servicios-legales-de-un-abogado-de-exposicion-indecente-en-manassas-para-que-saneje-su-situacion.jpg\" alt=\"Contrate Los Servicios Legales De Un Abogado De Exposici\u00f3n Indecente En Manassas Para Que Maneje Su Situaci\u00f3n\" width=\"300\" height=\"200\" srcset=\"https:\/\/www.theirvinglawfirm.com\/wp-content\/uploads\/2024\/06\/contrate-los-servicios-legales-de-un-abogado-de-exposicion-indecente-en-manassas-para-que-saneje-su-situacion-66x44.jpg 66w, https:\/\/www.theirvinglawfirm.com\/wp-content\/uploads\/2024\/06\/contrate-los-servicios-legales-de-un-abogado-de-exposicion-indecente-en-manassas-para-que-saneje-su-situacion-177x118.jpg 177w, https:\/\/www.theirvinglawfirm.com\/wp-content\/uploads\/2024\/06\/contrate-los-servicios-legales-de-un-abogado-de-exposicion-indecente-en-manassas-para-que-saneje-su-situacion-200x133.jpg 200w, https:\/\/www.theirvinglawfirm.com\/wp-content\/uploads\/2024\/06\/contrate-los-servicios-legales-de-un-abogado-de-exposicion-indecente-en-manassas-para-que-saneje-su-situacion.jpg 300w\" sizes=\"(max-width: 300px) 100vw, 300px\" \/><\/p>\n<p><span style=\"font-weight: 400;\">Enfrentarse a cargos de exposici\u00f3n indecente puede ser incre\u00edblemente estresante y provocar ansiedad. La preocupaci\u00f3n por la reputaci\u00f3n, las consecuencias legales y el estigma asociado a los delitos sexuales pesan mucho sobre los acusados. Por eso es vital elegir una defensa jur\u00eddica adecuada.<\/span><\/p>\n<p><span style=\"font-weight: 400;\">The Irving Law Firm tiene un s\u00f3lido historial de \u00e9xito en la defensa de clientes contra cargos de exposici\u00f3n indecente. Nuestros experimentados abogados comprenden perfectamente las complejidades y se dedican a prestar un apoyo personalizado y compasivo. Comprendemos la gravedad de estas acusaciones y nos comprometemos a proteger sus derechos y su futuro.<\/span><\/p>\n<p><span style=\"font-weight: 400;\">En <a href=\"https:\/\/www.theirvinglawfirm.com\/es\/\">The Irving Law Firm<\/a>, el servicio centrado en el cliente es nuestra prioridad. Escuchamos sus preocupaciones, abordamos sus inquietudes y le explicamos claramente sus opciones legales. Nuestro equipo colabora para desarrollar una estrategia de defensa espec\u00edfica para su caso, a fin de garantizar que se sienta respaldado. Deje que le ayudemos a hacer frente a estos cargos y a trabajar para lograr una resoluci\u00f3n positiva.<\/span><\/p>\n<h2>Resumen<\/h2>\n<p><span style=\"font-weight: 400;\">En Virginia, la exposici\u00f3n indecente se refiere a la exhibici\u00f3n intencionada de partes privadas del cuerpo en p\u00fablico o en un lugar en el que est\u00e9n presentes otras personas. Aunque suele considerarse un delito menor, este delito puede tener consecuencias inmediatas y a largo plazo. Un abogado de exposici\u00f3n indecente puede proporcionar una ayuda y una defensa inestimables, desde impugnar la intencionalidad hasta demostrar la falta de pruebas.<\/span><\/p>\n<p><span style=\"font-weight: 400;\">Si busca ayuda profesional, The Irving Law Firm le ofrece una representaci\u00f3n legal dedicada, compasiva y bien informada. Las habilidades de nuestro equipo en el manejo de casos de delitos sexuales garantizan que reciba una defensa eficaz y apoyo durante estos momentos dif\u00edciles. <\/span><\/p>\n<\/div><\/div><\/div><\/div><\/div>\n","protected":false},"excerpt":{"rendered":"","protected":false},"author":3,"featured_media":0,"parent":8174,"menu_order":0,"comment_status":"closed","ping_status":"closed","template":"100-width.php","meta":{"_analytify_skip_tracking":false,"rank_math_title":"Abogado De Exposici\u00f3n Indecente En Manassas, VA","rank_math_description":"Un abogado de exposici\u00f3n indecente le ayuda a enfrentar acusaciones de conducta sexual y a limpiar su imagen.","rank_math_focus_keyword":"exposici\u00f3n indecente","rank_math_canonical_url":"","footnotes":""},"class_list":["post-8152","page","type-page","status-publish","hentry"],"acf":[],"_links":{"self":[{"href":"https:\/\/www.theirvinglawfirm.com\/es\/wp-json\/wp\/v2\/pages\/8152","targetHints":{"allow":["GET"]}}],"collection":[{"href":"https:\/\/www.theirvinglawfirm.com\/es\/wp-json\/wp\/v2\/pages"}],"about":[{"href":"https:\/\/www.theirvinglawfirm.com\/es\/wp-json\/wp\/v2\/types\/page"}],"author":[{"embeddable":true,"href":"https:\/\/www.theirvinglawfirm.com\/es\/wp-json\/wp\/v2\/users\/3"}],"replies":[{"embeddable":true,"href":"https:\/\/www.theirvinglawfirm.com\/es\/wp-json\/wp\/v2\/comments?post=8152"}],"version-history":[{"count":0,"href":"https:\/\/www.theirvinglawfirm.com\/es\/wp-json\/wp\/v2\/pages\/8152\/revisions"}],"up":[{"embeddable":true,"href":"https:\/\/www.theirvinglawfirm.com\/es\/wp-json\/wp\/v2\/pages\/8174"}],"wp:attachment":[{"href":"https:\/\/www.theirvinglawfirm.com\/es\/wp-json\/wp\/v2\/media?parent=8152"}],"curies":[{"name":"wp","href":"https:\/\/api.w.org\/{rel}","templated":true}]}}