{"id":8135,"date":"2022-11-16T12:35:28","date_gmt":"2022-11-16T12:35:28","guid":{"rendered":"https:\/\/www.theirvinglawfirm.com\/violacion\/"},"modified":"2025-10-16T22:59:48","modified_gmt":"2025-10-16T22:59:48","slug":"violacion","status":"publish","type":"page","link":"https:\/\/www.theirvinglawfirm.com\/es\/areas-de-practica\/derecho-criminal\/delitos-sexuales\/violacion\/","title":{"rendered":"Abogado de violaci\u00f3n en Manassas VA le ayuda legalmente"},"content":{"rendered":"<div class=\"fusion-fullwidth fullwidth-box fusion-builder-row-1 fusion-flex-container has-pattern-background has-mask-background nonhundred-percent-fullwidth non-hundred-percent-height-scrolling\" style=\"--awb-border-sizes-bottom:1px;--awb-border-radius-top-left:0px;--awb-border-radius-top-right:0px;--awb-border-radius-bottom-right:0px;--awb-border-radius-bottom-left:0px;--awb-flex-wrap:wrap;\" ><div class=\"fusion-builder-row fusion-row fusion-flex-align-items-flex-start fusion-flex-content-wrap\" style=\"max-width:1497.6px;margin-left: calc(-4% \/ 2 );margin-right: calc(-4% \/ 2 );\"><div class=\"fusion-layout-column fusion_builder_column fusion-builder-column-0 fusion_builder_column_1_1 1_1 fusion-flex-column\" style=\"--awb-bg-size:cover;--awb-width-large:100%;--awb-margin-top-large:0px;--awb-spacing-right-large:1.92%;--awb-margin-bottom-large:20px;--awb-spacing-left-large:0%;--awb-width-medium:100%;--awb-order-medium:0;--awb-spacing-right-medium:1.92%;--awb-spacing-left-medium:0%;--awb-width-small:100%;--awb-order-small:0;--awb-spacing-right-small:1.92%;--awb-spacing-left-small:1.92%;\"><div class=\"fusion-column-wrapper fusion-column-has-shadow fusion-flex-justify-content-flex-start fusion-content-layout-column\"><div class=\"fusion-text fusion-text-1\"><p><span style=\"font-weight: 400;\">Los delitos sexuales pueden empa\u00f1ar tu reputaci\u00f3n, tus relaciones con los dem\u00e1s y tu futuro. Por tanto, un <a href=\"https:\/\/www.theirvinglawfirm.com\/es\/areas-de-practica\/derecho-criminal\/delitos-sexuales\/\">abogado especializado en violaciones<\/a> es tu aliado indispensable cuando te acusan. Pueden darte esperanza en una situaci\u00f3n tan devastadora, ya que Virginia tiene graves consecuencias para los delitos sexuales.<\/span><\/p>\n<p><span style=\"font-weight: 400;\">Aqu\u00ed ver\u00e1s los pasos esenciales que debes dar si te enfrentas a estos cargos de violaci\u00f3n. Aprender\u00e1s la necesidad de elegir un abogado penalista para salvaguardar tu futuro. Averigua c\u00f3mo pueden orientarte sobre los pormenores de esta acusaci\u00f3n y las posibles consecuencias para preparar una defensa s\u00f3lida.<\/span><\/p>\n<p><img decoding=\"async\" class=\"alignnone wp-image-17664 size-full\" src=\"https:\/\/www.theirvinglawfirm.com\/wp-content\/uploads\/2024\/06\/find-out-how-a-rape-lawyer-can-legally-defend-you-if-you-are-accused-in-virginia.jpg\" alt=\"Descubre c\u00f3mo puede defenderte legalmente un abogado especializado en violaciones si te acusan en Virginia\" width=\"100%\" height=\"800\" srcset=\"https:\/\/www.theirvinglawfirm.com\/wp-content\/uploads\/2024\/06\/find-out-how-a-rape-lawyer-can-legally-defend-you-if-you-are-accused-in-virginia-66x44.jpg 66w, https:\/\/www.theirvinglawfirm.com\/wp-content\/uploads\/2024\/06\/find-out-how-a-rape-lawyer-can-legally-defend-you-if-you-are-accused-in-virginia-177x118.jpg 177w, https:\/\/www.theirvinglawfirm.com\/wp-content\/uploads\/2024\/06\/find-out-how-a-rape-lawyer-can-legally-defend-you-if-you-are-accused-in-virginia-200x133.jpg 200w, https:\/\/www.theirvinglawfirm.com\/wp-content\/uploads\/2024\/06\/find-out-how-a-rape-lawyer-can-legally-defend-you-if-you-are-accused-in-virginia-300x200.jpg 300w, https:\/\/www.theirvinglawfirm.com\/wp-content\/uploads\/2024\/06\/find-out-how-a-rape-lawyer-can-legally-defend-you-if-you-are-accused-in-virginia-320x213.jpg 320w, https:\/\/www.theirvinglawfirm.com\/wp-content\/uploads\/2024\/06\/find-out-how-a-rape-lawyer-can-legally-defend-you-if-you-are-accused-in-virginia-400x267.jpg 400w, https:\/\/www.theirvinglawfirm.com\/wp-content\/uploads\/2024\/06\/find-out-how-a-rape-lawyer-can-legally-defend-you-if-you-are-accused-in-virginia-460x307.jpg 460w, https:\/\/www.theirvinglawfirm.com\/wp-content\/uploads\/2024\/06\/find-out-how-a-rape-lawyer-can-legally-defend-you-if-you-are-accused-in-virginia-540x360.jpg 540w, https:\/\/www.theirvinglawfirm.com\/wp-content\/uploads\/2024\/06\/find-out-how-a-rape-lawyer-can-legally-defend-you-if-you-are-accused-in-virginia-600x400.jpg 600w, https:\/\/www.theirvinglawfirm.com\/wp-content\/uploads\/2024\/06\/find-out-how-a-rape-lawyer-can-legally-defend-you-if-you-are-accused-in-virginia-669x446.jpg 669w, https:\/\/www.theirvinglawfirm.com\/wp-content\/uploads\/2024\/06\/find-out-how-a-rape-lawyer-can-legally-defend-you-if-you-are-accused-in-virginia-700x467.jpg 700w, https:\/\/www.theirvinglawfirm.com\/wp-content\/uploads\/2024\/06\/find-out-how-a-rape-lawyer-can-legally-defend-you-if-you-are-accused-in-virginia-768x512.jpg 768w, https:\/\/www.theirvinglawfirm.com\/wp-content\/uploads\/2024\/06\/find-out-how-a-rape-lawyer-can-legally-defend-you-if-you-are-accused-in-virginia-800x533.jpg 800w, https:\/\/www.theirvinglawfirm.com\/wp-content\/uploads\/2024\/06\/find-out-how-a-rape-lawyer-can-legally-defend-you-if-you-are-accused-in-virginia-940x627.jpg 940w, https:\/\/www.theirvinglawfirm.com\/wp-content\/uploads\/2024\/06\/find-out-how-a-rape-lawyer-can-legally-defend-you-if-you-are-accused-in-virginia-1024x683.jpg 1024w, https:\/\/www.theirvinglawfirm.com\/wp-content\/uploads\/2024\/06\/find-out-how-a-rape-lawyer-can-legally-defend-you-if-you-are-accused-in-virginia.jpg 1200w\" sizes=\"(max-width: 1200px) 100vw, 1200px\" \/><\/p>\n<h2>Un abogado de violaci\u00f3n le protege contra las acusaciones<\/h2>\n<p><span style=\"font-weight: 400;\">Un abogado competente en delitos sexuales puede salvarte de los cargos de violaci\u00f3n, protegiendo tus derechos y garantizando un juicio justo. Abogan por un resultado favorable, si no por el sobreseimiento de tu caso. Se aseguran de que no quede piedra sin remover, desde examinar las pruebas hasta representarte ante el tribunal y negociar penas menores.<\/span><\/p>\n<h3>Examinar las pruebas<\/h3>\n<p><span style=\"font-weight: 400;\">Un abogado especializado en delitos sexuales se centra en limpiar tu nombre de acusaciones. Examinan meticulosamente todas las pruebas, escudri\u00f1ando las declaraciones de los testigos, los informes forenses y las pruebas f\u00edsicas para identificar incoherencias. Esta revisi\u00f3n exhaustiva tambi\u00e9n ayuda a comprender la estrategia de la acusaci\u00f3n y a preparar una defensa s\u00f3lida.<\/span><\/p>\n<h3>Construir una defensa estrat\u00e9gica<\/h3>\n<p><span style=\"font-weight: 400;\">Los abogados construyen una estrategia s\u00f3lida mediante investigaciones minuciosas, recopilaci\u00f3n de pruebas adicionales y testimonios de expertos. Tambi\u00e9n se aseguran de que se siguen correctamente todos los procedimientos legales e impugnan cualquier violaci\u00f3n de tus derechos constitucionales. Entre ellas se incluyen los registros indebidos o las confesiones coaccionadas.<\/span><\/p>\n<h3>Orientaci\u00f3n personalizada<\/h3>\n<p><span style=\"font-weight: 400;\">Un abogado especializado en violaciones de Manassas escuchar\u00e1 tu versi\u00f3n de los hechos y te tranquilizar\u00e1 con su convincente asesoramiento y orientaci\u00f3n jur\u00eddicos. Interrogan a los testigos para poner de manifiesto contradicciones y prejuicios, reforzando tu caso. Este enfoque ayuda a crear una defensa que pueda resistir los argumentos de la acusaci\u00f3n y poner en duda su caso.<\/span><\/p>\n<h3>Practicar una negociaci\u00f3n h\u00e1bil<\/h3>\n<p><span style=\"font-weight: 400;\">Con empat\u00eda y comprensi\u00f3n, los abogados negocian con los fiscales para reducir los cargos o llegar a acuerdos cuando procede. Siempre dan prioridad a tus intereses. Una negociaci\u00f3n exitosa puede mitigar significativamente las consecuencias a largo plazo de una acusaci\u00f3n de violaci\u00f3n y preservar m\u00e1s de tus oportunidades futuras.<\/span><\/p>\n<p><span style=\"font-weight: 400;\">Examinando meticulosamente las pruebas y construyendo una defensa s\u00f3lida, los abogados especializados en violaciones trabajan sin descanso para limpiar tu nombre. Sin embargo, comprender las particularidades de las leyes a las que te enfrentas es igualmente esencial. Para prepararte a fondo, es crucial saber c\u00f3mo se define y se enjuicia la violaci\u00f3n en Virginia.<\/span><\/p>\n<h2>Visi\u00f3n general de la ley de Virginia sobre violaci\u00f3n<\/h2>\n<p><span style=\"font-weight: 400;\">El <a href=\"https:\/\/law.lis.virginia.gov\/vacode\/title46.2\/chapter8\/section18.2-61\/\" target=\"_blank\" rel=\"noopener\">c\u00f3digo de Virginia<\/a> define la violaci\u00f3n como una relaci\u00f3n sexual no consentida con otro individuo, independientemente de que sea o no su c\u00f3nyuge. Este delito se produce cuando el acto se lleva a cabo contra la voluntad de la v\u00edctima mediante la fuerza, la amenaza o la intimidaci\u00f3n. Incluye las situaciones en las que la v\u00edctima no puede dar su consentimiento por incapacidad mental o f\u00edsica.<\/span><\/p>\n<p><span style=\"font-weight: 400;\">Adem\u00e1s, una persona es culpable de violaci\u00f3n si el otro individuo es un ni\u00f1o menor de 13 a\u00f1os, independientemente de cualquier consentimiento. Estas disposiciones garantizan que los autores rindan cuentas por estos actos sexuales, protegiendo a las v\u00edctimas de la coacci\u00f3n, la incapacidad y la explotaci\u00f3n.<\/span><\/p>\n<p><span style=\"font-weight: 400;\">Una vez definido lo que constituye una violaci\u00f3n seg\u00fan la ley de Virginia, es esencial conocer las penas legales asociadas a este grave delito. El Estado impone severas consecuencias a quienes son declarados culpables, lo que refleja la gravedad del delito y su impacto en las v\u00edctimas.<\/span><\/p>\n<h2>Consecuencias jur\u00eddicas del delito<\/h2>\n<p><span style=\"font-weight: 400;\">Comprender las graves consecuencias de una condena por violaci\u00f3n en Virginia pone de relieve la necesidad cr\u00edtica de una estrategia s\u00f3lida. Las penas son extensas, afectan a todos los aspectos de la vida y dejan un impacto duradero en el futuro.<\/span><\/p>\n<h3>Encarcelamiento<\/h3>\n<p><span style=\"font-weight: 400;\">Una condena por violaci\u00f3n en Virginia puede conllevar importantes penas de c\u00e1rcel. Para el delito principal, la pena m\u00ednima oscila entre cinco a\u00f1os y cadena perpetua. Factores agravantes como la edad elevan a\u00fan m\u00e1s las apuestas. Si la v\u00edctima es menor de 13 a\u00f1os, la pena de prisi\u00f3n m\u00ednima obligatoria es de 25 a\u00f1os.<\/span><\/p>\n<p><span style=\"font-weight: 400;\">Lo mismo ocurre si el agresor es m\u00e1s de tres a\u00f1os mayor que la v\u00edctima. En algunos casos, cuando el segundo es menor de 13 a\u00f1os y el primero tiene 18 o m\u00e1s, la ley impone una pena obligatoria de cadena perpetua. Destaca la severidad con que Virginia trata la violaci\u00f3n, insistiendo en la necesidad de representaci\u00f3n legal.<\/span><\/p>\n<h3>Registro de delincuentes sexuales<\/h3>\n<p><span style=\"font-weight: 400;\">Una de las consecuencias m\u00e1s duraderas de una condena por violaci\u00f3n es la obligaci\u00f3n de registrarse como delincuente sexual. Este registro es p\u00fablico, lo que significa que es accesible a cualquiera. El estigma asociado a estar en el registro puede afectar gravemente a las oportunidades de empleo, las opciones de vivienda y las relaciones sociales.<\/span><\/p>\n<p><span style=\"font-weight: 400;\">Los delincuentes sexuales registrados deben cumplir numerosas restricciones y requisitos, como notificar a las autoridades los cambios de residencia, empleo y otros datos personales. La supervisi\u00f3n constante y los controles peri\u00f3dicos pueden crear un entorno de escrutinio continuo y libertad limitada.<\/span><\/p>\n<p><span style=\"font-weight: 400;\">Dadas las graves y duraderas consecuencias de una condena por violaci\u00f3n, es imprescindible montar una defensa s\u00f3lida. Puedes rebatir el caso de la fiscal\u00eda y proteger tus derechos con la representaci\u00f3n legal adecuada.<\/span><\/p>\n<h2>Un abogado de violaci\u00f3n construye una defensa s\u00f3lida<\/h2>\n<p><span style=\"font-weight: 400;\">Contratar a un abogado especializado en delitos sexuales en Manassas, VA, hace que tu situaci\u00f3n sea menos desalentadora, ya que te aseguran su apoyo. Comprenden los matices de la ley y son expertos en elaborar una defensa que pueda proteger tus derechos y tu futuro.<\/span><\/p>\n<p><span style=\"font-weight: 400;\">La construcci\u00f3n de una estrategia s\u00f3lida comienza con la recopilaci\u00f3n de pruebas. Los abogados pueden crear defensas para limpiar tu reputaci\u00f3n recopilando meticulosamente toda la informaci\u00f3n relevante para demostrar tu inocencia. He aqu\u00ed algunos ejemplos de las estrategias que utilizan para reivindicar tu nombre:<\/span><\/p>\n<h3>Consentimiento<\/h3>\n<p><span style=\"font-weight: 400;\">Demostrar que el acto fue consentido puede ser una poderosa defensa en un caso de violaci\u00f3n. Tu abogado reunir\u00e1 pruebas y testimonios de testigos para apoyar esta reclamaci\u00f3n. Esto puede incluir mensajes de texto, correos electr\u00f3nicos u otras comunicaciones que muestren un acuerdo mutuo.<\/span><\/p>\n<p><span style=\"font-weight: 400;\">Tambi\u00e9n pueden ser muy valiosos los testigos que puedan declarar sobre la naturaleza de la relaci\u00f3n y las interacciones entre las partes implicadas. Presentando un relato claro y convincente, los abogados penalistas pretenden demostrar que el acto fue consentido y no coaccionado.<\/span><\/p>\n<h3>Acusaciones falsas<\/h3>\n<p><span style=\"font-weight: 400;\">Demostrar que las acusaciones son inventadas o malintencionadas puede conducir a la desestimaci\u00f3n de los cargos. Implica una investigaci\u00f3n exhaustiva de los motivos y la credibilidad del acusador. Tu abogado penalista analizar\u00e1 cualquier historial de denuncias falsas, incoherencias y posibles motivos para hacer las acusaciones.<\/span><\/p>\n<p><span style=\"font-weight: 400;\">Pruebas como mensajes, publicaciones en redes sociales o declaraciones de testigos pueden revelar motivos ocultos o venganzas personales. Al exponer estas falsedades, tu abogado pretende desacreditar las acusaciones y proteger tu reputaci\u00f3n.<\/span><\/p>\n<h3>Identificaci\u00f3n err\u00f3nea<\/h3>\n<p><span style=\"font-weight: 400;\">Demostrar que el acusado fue identificado err\u00f3neamente es crucial, sobre todo en los casos en que el acusador no conoc\u00eda personalmente al agresor. Tu abogado podr\u00eda utilizar testigos oculares o pruebas forenses para demostrar este punto. Por ejemplo, las pruebas de ADN o las huellas dactilares que no coincidan con las del acusado pueden ser convincentes.<\/span><\/p>\n<p><span style=\"font-weight: 400;\">Las grabaciones de vigilancia o el testimonio de personas que est\u00e9n contigo tambi\u00e9n pueden ayudar a establecer que t\u00fa no eras el autor. Su objetivo es poner de manifiesto los fallos del proceso de identificaci\u00f3n y limpiar tu nombre.<\/span><\/p>\n<h3>Coartada<\/h3>\n<p><span style=\"font-weight: 400;\">Las pruebas de que el acusado estaba en otro lugar cuando se produjo el delito pueden demostrar decisivamente su inocencia. Una coartada puede ser una de las defensas m\u00e1s sencillas y eficaces si est\u00e1 bien documentada y corroborada por m\u00faltiples fuentes. Tu abogado reunir\u00e1 diligentemente todas las pruebas necesarias para apoyar tu coartada y las presentar\u00e1 de forma convincente.<\/span><\/p>\n<p><span style=\"font-weight: 400;\">Su papel va m\u00e1s all\u00e1 de presentar defensas; garantizan un juicio justo impugnando procedimientos indebidos, defendiendo tus derechos y minimizando los posibles da\u00f1os. Esto incluye presentar peticiones de supresi\u00f3n de pruebas y dar instrucciones claras y precisas al jurado.<\/span><\/p>\n<p><span style=\"font-weight: 400;\">Los abogados crean dudas razonables y se esfuerzan por limpiar tu nombre de acusaciones graves. Tenerlos a tu lado es esencial a la hora de hacer frente a los cargos y proteger tu futuro. Su compromiso con tu caso puede marcar una profunda diferencia, ofreci\u00e9ndote la oportunidad de un juicio justo y un resultado favorable.<\/span><\/p>\n<h2>The Irving Law Firm es su gran aliado<\/h2>\n<p><img decoding=\"async\" class=\"size-full wp-image-17666 alignright\" src=\"https:\/\/www.theirvinglawfirm.com\/wp-content\/uploads\/2024\/06\/defend-your-rights-with-legal-representation-from-rape-attorneys.jpg\" alt=\"Defiende tus derechos con la representaci\u00f3n legal de abogados especializados en violaciones\" width=\"300\" height=\"198\" srcset=\"https:\/\/www.theirvinglawfirm.com\/wp-content\/uploads\/2024\/06\/defend-your-rights-with-legal-representation-from-rape-attorneys-66x44.jpg 66w, https:\/\/www.theirvinglawfirm.com\/wp-content\/uploads\/2024\/06\/defend-your-rights-with-legal-representation-from-rape-attorneys-177x117.jpg 177w, https:\/\/www.theirvinglawfirm.com\/wp-content\/uploads\/2024\/06\/defend-your-rights-with-legal-representation-from-rape-attorneys-200x132.jpg 200w, https:\/\/www.theirvinglawfirm.com\/wp-content\/uploads\/2024\/06\/defend-your-rights-with-legal-representation-from-rape-attorneys.jpg 300w\" sizes=\"(max-width: 300px) 100vw, 300px\" \/><\/p>\n<p><span style=\"font-weight: 400;\">Enfrentarse a acusaciones de violaci\u00f3n puede ser una de las experiencias m\u00e1s angustiosas de tu vida. En esos momentos, necesitas un equipo jur\u00eddico que entienda la ley y se preocupe de verdad por tu bienestar y tu futuro. En The Irving Law Firm, damos prioridad a tu defensa con un compromiso de experiencia y atenci\u00f3n personalizada.<\/span><\/p>\n<p><span style=\"font-weight: 400;\">Nuestro bufete tiene una s\u00f3lida reputaci\u00f3n en defensa penal gracias a a\u00f1os de servicio dedicado. Hemos llevado numerosos casos similares al tuyo, y nuestra experiencia en los tribunales nos capacita para gestionar las complejidades de tu caso. El enfoque de nuestro equipo va m\u00e1s all\u00e1 de la mera estrategia jur\u00eddica.<\/span><\/p>\n<p><span style=\"font-weight: 400;\">Entendemos que cada caso es \u00fanico y profundamente personal. Por eso ofrecemos una atenci\u00f3n personalizada, asegur\u00e1ndonos de que te sientas apoyado e informado durante todo el proceso. Tratamos los asuntos delicados con la m\u00e1xima discreci\u00f3n, respetando tu intimidad y manteniendo la confidencialidad.<\/span><\/p>\n<p><span style=\"font-weight: 400;\">Desde el momento en que te pones en contacto con nosotros, trabajamos incansablemente para reunir pruebas, interrogar a testigos y construir una defensa convincente. Nuestro equipo examina cada detalle del caso de la acusaci\u00f3n, identificando los puntos d\u00e9biles y las oportunidades de cuestionar su relato.<\/span><\/p>\n<p><span style=\"font-weight: 400;\">Nuestro compromiso de defender tus derechos y preservar tu futuro es inquebrantable en <a href=\"https:\/\/www.theirvinglawfirm.com\/es\/\">The Irving Law Firm<\/a>. Comprendemos la gravedad de tu situaci\u00f3n y estamos aqu\u00ed para proporcionarte el apoyo jur\u00eddico que necesitas en estos dif\u00edciles momentos. Perm\u00edtenos ser tu abogado y gu\u00eda mientras navegas por estas acusaciones.<\/span><\/p>\n<p>&nbsp;<\/p>\n<p><span style=\"font-weight: 400;\">Las acusaciones sexuales pueden devastar tu reputaci\u00f3n, tus relaciones y tu futuro. Virginia define la violaci\u00f3n como el coito no consentido conseguido mediante fuerza, amenaza o con una v\u00edctima menor de 13 a\u00f1os. Tiene graves consecuencias, como penas de prisi\u00f3n de larga duraci\u00f3n y el registro obligatorio como delincuente sexual.<\/span><\/p>\n<p><span style=\"font-weight: 400;\">Un abogado experto en violaciones de Manassas te ayuda reuniendo pruebas, interrogando a testigos y presentando defensas. Un abogado penalista puede utilizar estrategias comunes como probar el consentimiento, las acusaciones falsas, la identidad equivocada o la coartada para demostrar la inocencia.<\/span><\/p>\n<p><span style=\"font-weight: 400;\">El bufete de abogados Irving se compromete con tu caso, proporcion\u00e1ndote orientaci\u00f3n jur\u00eddica y defensa. Nos esforzamos por proteger tu futuro de los efectos devastadores de las falsas acusaciones de violaci\u00f3n.<\/span><\/p>\n<\/div><\/div><\/div><\/div><\/div>\n","protected":false},"excerpt":{"rendered":"","protected":false},"author":3,"featured_media":0,"parent":8174,"menu_order":0,"comment_status":"closed","ping_status":"closed","template":"100-width.php","meta":{"_analytify_skip_tracking":false,"rank_math_title":"Abogado de violaci\u00f3n en Manassas, VA","rank_math_description":"Un abogado de violaci\u00f3n construye una estrategia s\u00f3lida para proteger sus derechos frente a acusaciones de delitos sexuales.","rank_math_focus_keyword":"violaci\u00f3n","rank_math_canonical_url":"","footnotes":""},"class_list":["post-8135","page","type-page","status-publish","hentry"],"acf":[],"_links":{"self":[{"href":"https:\/\/www.theirvinglawfirm.com\/es\/wp-json\/wp\/v2\/pages\/8135","targetHints":{"allow":["GET"]}}],"collection":[{"href":"https:\/\/www.theirvinglawfirm.com\/es\/wp-json\/wp\/v2\/pages"}],"about":[{"href":"https:\/\/www.theirvinglawfirm.com\/es\/wp-json\/wp\/v2\/types\/page"}],"author":[{"embeddable":true,"href":"https:\/\/www.theirvinglawfirm.com\/es\/wp-json\/wp\/v2\/users\/3"}],"replies":[{"embeddable":true,"href":"https:\/\/www.theirvinglawfirm.com\/es\/wp-json\/wp\/v2\/comments?post=8135"}],"version-history":[{"count":2,"href":"https:\/\/www.theirvinglawfirm.com\/es\/wp-json\/wp\/v2\/pages\/8135\/revisions"}],"predecessor-version":[{"id":41713,"href":"https:\/\/www.theirvinglawfirm.com\/es\/wp-json\/wp\/v2\/pages\/8135\/revisions\/41713"}],"up":[{"embeddable":true,"href":"https:\/\/www.theirvinglawfirm.com\/es\/wp-json\/wp\/v2\/pages\/8174"}],"wp:attachment":[{"href":"https:\/\/www.theirvinglawfirm.com\/es\/wp-json\/wp\/v2\/media?parent=8135"}],"curies":[{"name":"wp","href":"https:\/\/api.w.org\/{rel}","templated":true}]}}