{"id":8116,"date":"2022-09-29T03:57:38","date_gmt":"2022-09-29T03:57:38","guid":{"rendered":"https:\/\/www.theirvinglawfirm.com\/testimonios\/"},"modified":"2026-04-15T15:09:03","modified_gmt":"2026-04-15T15:09:03","slug":"testimonios","status":"publish","type":"page","link":"https:\/\/www.theirvinglawfirm.com\/es\/testimonios\/","title":{"rendered":"Testimonios"},"content":{"rendered":"<p><div class=\"fusion-fullwidth fullwidth-box fusion-builder-row-1 fusion-flex-container fusion-parallax-none nonhundred-percent-fullwidth non-hundred-percent-height-scrolling\" style=\"--awb-border-radius-top-left:0px;--awb-border-radius-top-right:0px;--awb-border-radius-bottom-right:0px;--awb-border-radius-bottom-left:0px;--awb-padding-top:260px;--awb-padding-bottom:100px;--awb-margin-top:-185px;--awb-background-image:url(&quot;https:\/\/www.theirvinglawfirm.com\/wp-content\/uploads\/2022\/09\/irving-law-firm-bg-header.jpg&quot;);--awb-background-size:cover;--awb-flex-wrap:wrap;\" ><div class=\"fusion-builder-row fusion-row fusion-flex-align-items-flex-start fusion-flex-content-wrap\" style=\"max-width:1497.6px;margin-left: calc(-4% \/ 2 );margin-right: calc(-4% \/ 2 );\"><div class=\"fusion-layout-column fusion_builder_column fusion-builder-column-0 fusion_builder_column_1_1 1_1 fusion-flex-column\" style=\"--awb-padding-top:25px;--awb-bg-size:cover;--awb-width-large:100%;--awb-margin-top-large:0px;--awb-spacing-right-large:1.92%;--awb-margin-bottom-large:20px;--awb-spacing-left-large:1.92%;--awb-width-medium:100%;--awb-order-medium:0;--awb-spacing-right-medium:1.92%;--awb-spacing-left-medium:1.92%;--awb-width-small:100%;--awb-order-small:0;--awb-spacing-right-small:1.92%;--awb-spacing-left-small:1.92%;\"><div class=\"fusion-column-wrapper fusion-column-has-shadow fusion-flex-justify-content-flex-start fusion-content-layout-column\"><div class=\"fusion-title title fusion-title-1 fusion-sep-none fusion-title-center fusion-title-text fusion-title-size-one\" style=\"--awb-text-color:#ffffff;--awb-margin-top:0px;--awb-margin-top-small:10px;--awb-margin-right-small:0px;--awb-margin-bottom-small:10px;--awb-margin-left-small:0px;\"><h1 class=\"fusion-title-heading title-heading-center\" style=\"font-family:&quot;Cormorant&quot;;font-style:normal;font-weight:700;margin:0;letter-spacing:1px;\">TESTIMONIOS DE CLIENTES<\/h1><\/div><\/div><\/div><\/div><\/div><div class=\"fusion-fullwidth fullwidth-box fusion-builder-row-2 fusion-flex-container fusion-parallax-none nonhundred-percent-fullwidth non-hundred-percent-height-scrolling\" style=\"--awb-background-position:left top;--awb-border-radius-top-left:0px;--awb-border-radius-top-right:0px;--awb-border-radius-bottom-right:0px;--awb-border-radius-bottom-left:0px;--awb-padding-top:50px;--awb-padding-bottom:5vw;--awb-min-height:900px;--awb-background-image:linear-gradient(180deg, #ffffff 0%,rgba(255,255,255,0) 100%),url(https:\/\/www.theirvinglawfirm.com\/wp-content\/uploads\/2022\/10\/happy-family.jpg);;--awb-background-size:cover;--awb-flex-wrap:wrap;\" ><div class=\"fusion-builder-row fusion-row fusion-flex-align-items-flex-start fusion-flex-content-wrap\" style=\"max-width:1454.4px;margin-left: calc(-1% \/ 2 );margin-right: calc(-1% \/ 2 );\"><div class=\"fusion-layout-column fusion_builder_column fusion-builder-column-1 fusion_builder_column_1_1 1_1 fusion-flex-column\" style=\"--awb-bg-size:cover;--awb-width-large:100%;--awb-margin-top-large:0px;--awb-spacing-right-large:2.97%;--awb-margin-bottom-large:20px;--awb-spacing-left-large:2.97%;--awb-width-medium:100%;--awb-order-medium:0;--awb-spacing-right-medium:2.97%;--awb-spacing-left-medium:2.97%;--awb-width-small:100%;--awb-order-small:0;--awb-spacing-right-small:0.495%;--awb-spacing-left-small:0.495%;\"><div class=\"fusion-column-wrapper fusion-column-has-shadow fusion-flex-justify-content-flex-start fusion-content-layout-column\"><div class=\"fusion-separator fusion-has-icon\" style=\"align-self: center;margin-left: auto;margin-right: auto;width:100%;max-width:30%;\"><div class=\"fusion-separator-border sep-single sep-solid\" style=\"--awb-height:20px;--awb-amount:20px;--awb-sep-color:rgba(176,32,37,0.14);border-color:rgba(176,32,37,0.14);border-top-width:1px;\"><\/div><span class=\"icon-wrapper\" style=\"border-color:transparent;font-size:25px;width: 1.75em; height: 1.75em;border-width:1px;padding:1px;margin-top:-0.5px\"><i class=\"fa-user-edit fas\" style=\"font-size: inherit;color:#0176bc;\" aria-hidden=\"true\"><\/i><\/span><div class=\"fusion-separator-border sep-single sep-solid\" style=\"--awb-height:20px;--awb-amount:20px;--awb-sep-color:rgba(176,32,37,0.14);border-color:rgba(176,32,37,0.14);border-top-width:1px;\"><\/div><\/div><div class=\"fusion-title title fusion-title-2 fusion-sep-none fusion-title-center fusion-title-text fusion-title-size-two\" style=\"--awb-margin-top:30px;--awb-margin-top-small:10px;--awb-margin-right-small:0px;--awb-margin-bottom-small:10px;--awb-margin-left-small:0px;--awb-font-size:46px;\"><h2 class=\"fusion-title-heading title-heading-center\" style=\"font-family:&quot;Cormorant&quot;;font-style:normal;font-weight:400;margin:0;font-size:1em;\"><span style=\"color: #0176bc;\">Lo Que Nuestros Clientes<\/span> Dicen De Nosotros<\/h2><\/div><div class=\"fusion-text fusion-text-1\" style=\"--awb-content-alignment:center;--awb-font-size:16px;\"><p>En <a href=\"http:\/\/theirvinglawfirm.com\">The Irving Law Firm<\/a>, sabemos que si usted nos est\u00e1 llamando, usted est\u00e1 pasando por un momento dif\u00edcil y dif\u00edcil. Si se trata de un asunto familiar emocional, o un arresto reciente, o una consecuencia de una lesi\u00f3n grave, estamos listos para defender y proteger sus derechos. Tratamos cada contacto y cada caso con la m\u00e1xima urgencia y la empat\u00eda que usted se merece. Con muchas d\u00e9cadas de experiencia de nuestro lado, y el compromiso de proporcionar s\u00f3lo servicios legales extraordinarios, usted estar\u00e1 en buenas manos.<\/p>\n<\/div><\/div><\/div><div class=\"fusion-layout-column fusion_builder_column fusion-builder-column-2 fusion_builder_column_1_5 1_5 fusion-flex-column\" style=\"--awb-bg-size:cover;--awb-width-large:20%;--awb-margin-top-large:0px;--awb-spacing-right-large:0%;--awb-margin-bottom-large:20px;--awb-spacing-left-large:0%;--awb-width-medium:20%;--awb-order-medium:0;--awb-spacing-right-medium:0%;--awb-spacing-left-medium:0%;--awb-width-small:100%;--awb-order-small:0;--awb-spacing-right-small:0.495%;--awb-spacing-left-small:0.495%;\"><div class=\"fusion-column-wrapper fusion-column-has-shadow fusion-flex-justify-content-flex-start fusion-content-layout-column\"><\/div><\/div><div class=\"fusion-layout-column fusion_builder_column fusion-builder-column-3 fusion_builder_column_3_5 3_5 fusion-flex-column\" style=\"--awb-bg-size:cover;--awb-width-large:60%;--awb-margin-top-large:0px;--awb-spacing-right-large:0%;--awb-margin-bottom-large:20px;--awb-spacing-left-large:0%;--awb-width-medium:60%;--awb-order-medium:0;--awb-spacing-right-medium:0%;--awb-spacing-left-medium:0%;--awb-width-small:100%;--awb-order-small:0;--awb-spacing-right-small:0.495%;--awb-spacing-left-small:0.495%;\"><div class=\"fusion-column-wrapper fusion-column-has-shadow fusion-flex-justify-content-flex-start fusion-content-layout-column\"><div class=\"fusion-testimonials clean awb-speech-bubble-show fusion-testimonials-1\" style=\"--awb-textcolor:#00294a;--awb-backgroundcolor:rgba(255,255,255,0.53);--awb-testimonial-border-style:solid;--awb-testimonial-border-color:var(--awb-color3);--awb-navigation-size:12px;--awb-border-top-left-radius:0px;--awb-border-top-right-radius:0px;--awb-border-bottom-left-radius:0px;--awb-border-bottom-right-radius:0px;--testimonial-border-width-top:0px;--testimonial-border-width-right:0px;--testimonial-border-width-bottom:0px;--testimonial-border-width-left:0px;\" data-random=\"0\" data-speed=\"20000\"><div class=\"reviews\"><div class=\"review active-testimonial avatar-above no-avatar\"><blockquote class=\"testimonials-shortcode-blockquote\"><div class=\"awb-quote\"><div class=\"awb-quote-content\"><b>Son de primera<\/b><\/p>\n<p style=\"margin-top: 20px; font-size: 14px; font-style: normal !important;\">Para ser una firma que ofrece servicios de adopciones en el condado, son de primera. No trataron nuestro caso de forma diferente a la de alguien que realiza adopciones privadas. Fueron atentos, profesionales, receptivos y cari\u00f1osos. Gracias por todo lo que hacen.<\/p>\n<\/div><\/div><\/blockquote><div class=\"author\"><span class=\"company-name\"><strong>Jackie Johnson<\/strong>, <span>Rese\u00f1a De Cliente En Google<\/span><\/span><\/div><\/div><div class=\"review avatar-above no-avatar\"><blockquote class=\"testimonials-shortcode-blockquote\"><div class=\"awb-quote\"><div class=\"awb-quote-content\"><strong style=\"font-style: normal !important;\">Lo recomiendo ampliamente<\/strong><\/p>\n<p style=\"margin-top: 20px; font-size: 14px; font-style: normal !important;\">Organic\u00e9 que Rachel Goldsher de esta firma se encargara del divorcio de mi hermano. Ella y el personal de la firma respondieron muy bien a sus necesidades y recomendaron un curso de acci\u00f3n que fue razonable y rentable. Sus tarifas fueron muy razonables, con los asistentes legales y otro personal encarg\u00e1ndose de gran parte del trabajo rutinario y facturando en consecuencia. Como resultado, el costo total del divorcio fue razonable. Rachel tambi\u00e9n abord\u00f3 eficazmente las necesidades particulares de mi hermano en el acuerdo de liquidaci\u00f3n. Lo recomiendo ampliamente.<\/p>\n<\/div><\/div><\/blockquote><div class=\"author\"><span class=\"company-name\"><strong>James Gillespie<\/strong>, <span>Rese\u00f1a De Cliente En Google<\/span><\/span><\/div><\/div><div class=\"review avatar-above no-avatar\"><blockquote class=\"testimonials-shortcode-blockquote\"><div class=\"awb-quote\"><div class=\"awb-quote-content\"><strong style=\"font-style: normal !important;\">Los recomiendo mucho<\/strong><\/p>\n<p style=\"margin-top: 20px; font-size: 14px; font-style: normal !important;\">En un momento de incertidumbre, Irving Law Firm estuvo all\u00ed para responder mis preguntas sobre un divorcio. No intentan estafarte y explican formas de hacer tu divorcio menos estresante y m\u00e1s econ\u00f3mico. Los recomiendo mucho.<\/p>\n<\/div><\/div><\/blockquote><div class=\"author\"><span class=\"company-name\"><strong>Angel Fanaro<\/strong>, <span>Rese\u00f1a De Cliente En Google<\/span><\/span><\/div><\/div><div class=\"review avatar-above no-avatar\"><blockquote class=\"testimonials-shortcode-blockquote\"><div class=\"awb-quote\"><div class=\"awb-quote-content\"><b>Definitivamente volver\u00eda a contratarlos si fuera necesario<\/b><\/p>\n<p style=\"margin-top: 20px; font-size: 14px; font-style: normal !important;\">Rebecca y el personal fueron maravillosos al manejar mi caso. Parec\u00edan tener en cuenta el tiempo facturado y no sent\u00ed que ninguno fuera excesivo. Su atenci\u00f3n a los detalles me trajo atrasos adicionales que un ex abogado no not\u00f3 ni hizo cumplir en presentaciones anteriores. Definitivamente volver\u00eda a contratarlos si fuera necesario.<\/p>\n<\/div><\/div><\/blockquote><div class=\"author\"><span class=\"company-name\"><strong>Shannan Vail-Goodman<\/strong>, <span>Rese\u00f1a De Cliente En Google<\/span><\/span><\/div><\/div><div class=\"review avatar-above no-avatar\"><blockquote class=\"testimonials-shortcode-blockquote\"><div class=\"awb-quote\"><div class=\"awb-quote-content\"><b>Recomiendo ampliamente The Irving Law Firm a todos<\/b><\/p>\n<p style=\"margin-top: 20px; font-size: 14px; font-style: normal !important;\">Mi experiencia con la Sra. Rachel Goldsher fue excepcional. Tramit\u00f3 mi caso con la m\u00e1xima profesionalidad y cuidado. Su proactividad fue excepcional. Recomiendo ampliamente THE IRVING LAW FIRM a todos.<\/p>\n<\/div><\/div><\/blockquote><div class=\"author\"><span class=\"company-name\"><strong>Gee wiafe<\/strong>, <span>Rese\u00f1a De Cliente En Google<\/span><\/span><\/div><\/div><div class=\"review avatar-above no-avatar\"><blockquote class=\"testimonials-shortcode-blockquote\"><div class=\"awb-quote\"><div class=\"awb-quote-content\"><b>Resultados excelentes en casos de familia y penales<\/b><\/p>\n<p style=\"margin-top: 20px; font-size: 14px; font-style: normal !important;\">Resultados excelentes en casos de familia y penales. Recomiendo The Irving Law Firm; usted quedar\u00e1 satisfecho. Muchas gracias.<\/p>\n<\/div><\/div><\/blockquote><div class=\"author\"><span class=\"company-name\"><strong>Nick Ayala<\/strong>, <span>Rese\u00f1a De Cliente En Google<\/span><\/span><\/div><\/div><div class=\"review avatar-above no-avatar\"><blockquote class=\"testimonials-shortcode-blockquote\"><div class=\"awb-quote\"><div class=\"awb-quote-content\"><strong style=\"font-style: normal !important;\">\u00a1Muy recomendable!<\/strong><\/p>\n<p style=\"margin-top: 20px; font-size: 14px; font-style: normal !important;\">Excelente apoyo durante todo el proceso y excelentes resultados. \u00a1Muy recomendable!<\/p>\n<\/div><\/div><\/blockquote><div class=\"author\"><span class=\"company-name\"><strong>A A<\/strong>, <span>Rese\u00f1a De Cliente En Google<\/span><\/span><\/div><\/div><\/div><div class=\"testimonial-pagination\" id=\"fusion-testimonials-1\"><a href=\"#\" aria-label=\"Testimonial Pagination\"  class=\"activeSlide\"><\/a><a href=\"#\" aria-label=\"Testimonial Pagination\" ><\/a><a href=\"#\" aria-label=\"Testimonial Pagination\" ><\/a><a href=\"#\" aria-label=\"Testimonial Pagination\" ><\/a><a href=\"#\" aria-label=\"Testimonial Pagination\" ><\/a><a href=\"#\" aria-label=\"Testimonial Pagination\" ><\/a><a href=\"#\" aria-label=\"Testimonial Pagination\" ><\/a><\/div><\/div><\/div><\/div><div class=\"fusion-layout-column fusion_builder_column fusion-builder-column-4 fusion_builder_column_1_5 1_5 fusion-flex-column\" style=\"--awb-bg-size:cover;--awb-width-large:20%;--awb-margin-top-large:0px;--awb-spacing-right-large:0%;--awb-margin-bottom-large:20px;--awb-spacing-left-large:0%;--awb-width-medium:20%;--awb-order-medium:0;--awb-spacing-right-medium:0%;--awb-spacing-left-medium:0%;--awb-width-small:100%;--awb-order-small:0;--awb-spacing-right-small:0.495%;--awb-spacing-left-small:0.495%;\"><div class=\"fusion-column-wrapper fusion-column-has-shadow fusion-flex-justify-content-flex-start fusion-content-layout-column\"><\/div><\/div><\/div><\/div><div class=\"fusion-fullwidth fullwidth-box fusion-builder-row-3 fusion-flex-container nonhundred-percent-fullwidth non-hundred-percent-height-scrolling\" style=\"--awb-border-radius-top-left:0px;--awb-border-radius-top-right:0px;--awb-border-radius-bottom-right:0px;--awb-border-radius-bottom-left:0px;--awb-padding-top:20px;--awb-padding-bottom:20px;--awb-background-color:#00294a;--awb-flex-wrap:wrap;\" ><div class=\"fusion-builder-row fusion-row fusion-flex-align-items-center fusion-flex-content-wrap\" style=\"max-width:1497.6px;margin-left: calc(-4% \/ 2 );margin-right: calc(-4% \/ 2 );\"><div class=\"fusion-layout-column fusion_builder_column fusion-builder-column-5 fusion_builder_column_2_3 2_3 fusion-flex-column fusion-flex-align-self-center\" style=\"--awb-bg-size:cover;--awb-width-large:66.666666666667%;--awb-margin-top-large:0px;--awb-spacing-right-large:2.88%;--awb-margin-bottom-large:0px;--awb-spacing-left-large:2.88%;--awb-width-medium:66.666666666667%;--awb-order-medium:0;--awb-spacing-right-medium:2.88%;--awb-spacing-left-medium:2.88%;--awb-width-small:100%;--awb-order-small:0;--awb-spacing-right-small:1.92%;--awb-spacing-left-small:1.92%;\"><div class=\"fusion-column-wrapper fusion-column-has-shadow fusion-flex-justify-content-flex-start fusion-content-layout-row fusion-flex-align-items-center\"><div class=\"fusion-text fusion-text-2 fusion-text-no-margin\" style=\"--awb-content-alignment:left;--awb-font-size:20px;--awb-text-color:#ffffff;--awb-margin-top:0px;--awb-margin-right:0px;--awb-margin-bottom:0px;--awb-margin-left:0px;\"><p>Nuestra misi\u00f3n en The Irving Law Firm es proporcionar un servicio excepcional y la satisfacci\u00f3n del cliente.<\/p>\n<\/div><\/div><\/div><div class=\"fusion-layout-column fusion_builder_column fusion-builder-column-6 fusion_builder_column_1_3 1_3 fusion-flex-column\" style=\"--awb-bg-size:cover;--awb-width-large:33.333333333333%;--awb-margin-top-large:0px;--awb-spacing-right-large:5.76%;--awb-margin-bottom-large:0px;--awb-spacing-left-large:5.76%;--awb-width-medium:33.333333333333%;--awb-order-medium:0;--awb-spacing-right-medium:5.76%;--awb-spacing-left-medium:5.76%;--awb-width-small:100%;--awb-order-small:0;--awb-spacing-right-small:1.92%;--awb-spacing-left-small:1.92%;\"><div class=\"fusion-column-wrapper fusion-column-has-shadow fusion-flex-justify-content-flex-start fusion-content-layout-column\"><div style=\"text-align:left;\"><a class=\"fusion-button button-flat fusion-button-default-size button-custom fusion-button-default button-1 fusion-button-span-yes fusion-button-span-default-medium fusion-button-default-type\" style=\"--awb-padding-top:15px;--awb-padding-right:20px;--awb-padding-bottom:15px;--awb-padding-left:20px;--button_accent_color:#ffffff;--button_accent_hover_color:#005490;--button_border_hover_color:#ffffff;--button-border-radius-top-left:5px;--button-border-radius-top-right:5px;--button-border-radius-bottom-right:5px;--button-border-radius-bottom-left:5px;--button_gradient_top_color:#005490;--button_gradient_bottom_color:#005490;--button_gradient_top_color_hover:#ffffff;--button_gradient_bottom_color_hover:#ffffff;--button_text_transform:uppercase;--button_font_size:18px;--button_line_height:32px;--button_typography-font-family:&quot;Open Sans&quot;;--button_typography-font-style:normal;--button_typography-font-weight:600;\" target=\"_self\" href=\"#\" data-toggle=\"modal\" data-target=\".fusion-modal.contact-modal\"><span class=\"fusion-button-text awb-button__text awb-button__text--default\">SOLICITAR EVALUACI\u00d3N DE CASO<\/span><\/a><\/div><\/div><\/div><\/div><\/div>\n<\/p>\n","protected":false},"excerpt":{"rendered":"","protected":false},"author":3,"featured_media":0,"parent":0,"menu_order":0,"comment_status":"closed","ping_status":"closed","template":"100-width.php","meta":{"_analytify_skip_tracking":false,"rank_math_title":"Testimonios | The Irving Law Firm","rank_math_description":"En esta p\u00e1gina leer\u00e1 los testimonios de clientes satisfechos que validan nuestro compromiso de brindar servicios legales excepcionales.","rank_math_focus_keyword":"testimonios","rank_math_canonical_url":"","footnotes":""},"class_list":["post-8116","page","type-page","status-publish","hentry"],"acf":[],"_links":{"self":[{"href":"https:\/\/www.theirvinglawfirm.com\/es\/wp-json\/wp\/v2\/pages\/8116","targetHints":{"allow":["GET"]}}],"collection":[{"href":"https:\/\/www.theirvinglawfirm.com\/es\/wp-json\/wp\/v2\/pages"}],"about":[{"href":"https:\/\/www.theirvinglawfirm.com\/es\/wp-json\/wp\/v2\/types\/page"}],"author":[{"embeddable":true,"href":"https:\/\/www.theirvinglawfirm.com\/es\/wp-json\/wp\/v2\/users\/3"}],"replies":[{"embeddable":true,"href":"https:\/\/www.theirvinglawfirm.com\/es\/wp-json\/wp\/v2\/comments?post=8116"}],"version-history":[{"count":3,"href":"https:\/\/www.theirvinglawfirm.com\/es\/wp-json\/wp\/v2\/pages\/8116\/revisions"}],"predecessor-version":[{"id":45799,"href":"https:\/\/www.theirvinglawfirm.com\/es\/wp-json\/wp\/v2\/pages\/8116\/revisions\/45799"}],"wp:attachment":[{"href":"https:\/\/www.theirvinglawfirm.com\/es\/wp-json\/wp\/v2\/media?parent=8116"}],"curies":[{"name":"wp","href":"https:\/\/api.w.org\/{rel}","templated":true}]}}