{"id":8007,"date":"2022-10-08T21:02:54","date_gmt":"2022-10-08T21:02:54","guid":{"rendered":"https:\/\/www.theirvinglawfirm.com\/testamentos-y-fideicomisos\/"},"modified":"2025-02-07T01:08:08","modified_gmt":"2025-02-07T01:08:08","slug":"testamentos-y-fideicomisos","status":"publish","type":"page","link":"https:\/\/www.theirvinglawfirm.com\/es\/areas-de-practica\/abogado-de-planificacion-patrimonial\/testamentos-y-fideicomisos\/","title":{"rendered":"Abogado de testamentos y fideicomisos en Manassas le protege"},"content":{"rendered":"<div class=\"fusion-fullwidth fullwidth-box fusion-builder-row-1 fusion-flex-container has-pattern-background has-mask-background nonhundred-percent-fullwidth non-hundred-percent-height-scrolling\" style=\"--awb-border-sizes-bottom:1px;--awb-border-radius-top-left:0px;--awb-border-radius-top-right:0px;--awb-border-radius-bottom-right:0px;--awb-border-radius-bottom-left:0px;--awb-flex-wrap:wrap;\" ><div class=\"fusion-builder-row fusion-row fusion-flex-align-items-flex-start fusion-flex-content-wrap\" style=\"max-width:1497.6px;margin-left: calc(-4% \/ 2 );margin-right: calc(-4% \/ 2 );\"><div class=\"fusion-layout-column fusion_builder_column fusion-builder-column-0 fusion_builder_column_1_1 1_1 fusion-flex-column\" style=\"--awb-bg-size:cover;--awb-width-large:100%;--awb-margin-top-large:0px;--awb-spacing-right-large:1.92%;--awb-margin-bottom-large:20px;--awb-spacing-left-large:0%;--awb-width-medium:100%;--awb-order-medium:0;--awb-spacing-right-medium:1.92%;--awb-spacing-left-medium:0%;--awb-width-small:100%;--awb-order-small:0;--awb-spacing-right-small:1.92%;--awb-spacing-left-small:1.92%;\" data-scroll-devices=\"small-visibility,medium-visibility,large-visibility\"><div class=\"fusion-column-wrapper fusion-column-has-shadow fusion-flex-justify-content-flex-start fusion-content-layout-column\"><div class=\"fusion-text fusion-text-1\"><p><span style=\"font-weight: 400;\">Cuando se trata de su legado, usted quiere asegurarse de que las personas a las que quiere sean atendidas de la forma m\u00e1s sencilla posible. Planificar con antelaci\u00f3n le ayuda a proteger a su familia y a cumplir sus deseos. Un <a href=\"https:\/\/www.theirvinglawfirm.com\/es\/areas-de-practica\/abogado-de-planificacion-patrimonial\/\" target=\"_blank\" rel=\"noopener\">abogado de testamentos y fideicomisos en Manassas<\/a> puede ayudarle a formar los cimientos de su plan sucesorio, d\u00e1ndole instrucciones claras para el futuro. <\/span><\/p>\n<p><span style=\"font-weight: 400;\">Es posible que tenga muchas preguntas sobre c\u00f3mo proteger el futuro de su familia. Aqu\u00ed conocer\u00e1 las ventajas de los testamentos, la privacidad que proporcionan los fideicomisos y c\u00f3mo la planificaci\u00f3n reduce los problemas de la sucesi\u00f3n. Un abogado con experiencia le ayudar\u00e1 a tomar decisiones acertadas, asegurar su legado y facilitar el proceso a sus seres queridos.<\/span><\/p>\n<p><img decoding=\"async\" class=\"size-full wp-image-25527 aligncenter\" src=\"https:\/\/www.theirvinglawfirm.com\/wp-content\/uploads\/2025\/01\/abogado-de-testamentos-y-fideicomisos-cerca-de-manassas-va.jpg\" alt=\"Abogado De Testamentos Y Fideicomisos Cerca De Manassas, VA\" width=\"800\" height=\"533\" srcset=\"https:\/\/www.theirvinglawfirm.com\/wp-content\/uploads\/2025\/01\/abogado-de-testamentos-y-fideicomisos-cerca-de-manassas-va-200x133.jpg 200w, https:\/\/www.theirvinglawfirm.com\/wp-content\/uploads\/2025\/01\/abogado-de-testamentos-y-fideicomisos-cerca-de-manassas-va-300x200.jpg 300w, https:\/\/www.theirvinglawfirm.com\/wp-content\/uploads\/2025\/01\/abogado-de-testamentos-y-fideicomisos-cerca-de-manassas-va-400x267.jpg 400w, https:\/\/www.theirvinglawfirm.com\/wp-content\/uploads\/2025\/01\/abogado-de-testamentos-y-fideicomisos-cerca-de-manassas-va-600x400.jpg 600w, https:\/\/www.theirvinglawfirm.com\/wp-content\/uploads\/2025\/01\/abogado-de-testamentos-y-fideicomisos-cerca-de-manassas-va-768x512.jpg 768w, https:\/\/www.theirvinglawfirm.com\/wp-content\/uploads\/2025\/01\/abogado-de-testamentos-y-fideicomisos-cerca-de-manassas-va.jpg 800w\" sizes=\"(max-width: 800px) 100vw, 800px\" \/><\/p>\n<h2>C\u00f3mo una mala planificaci\u00f3n patrimonial complica la sucesi\u00f3n<\/h2>\n<p><span style=\"font-weight: 400;\">Uno de los mayores obst\u00e1culos a los que se enfrentan las familias tras la p\u00e9rdida de un ser querido es la sucesi\u00f3n, especialmente cuando no existe un plan claro. Este proceso legal valida un testamento, liquida las deudas y distribuye los bienes. Sin un testamento o un fideicomiso, el proceso de sucesi\u00f3n puede alargarse durante meses o incluso a\u00f1os, inmovilizando dinero y bienes que podr\u00edan beneficiar a los seres queridos de forma inmediata. <\/span><\/p>\n<p><span style=\"font-weight: 400;\">Las leyes sucesorias de Virginia deciden la divisi\u00f3n de los bienes cuando una persona fallece intestada o sin un testamento v\u00e1lido. Estas leyes, que pueden no coincidir con sus deseos, pueden causar desaf\u00edos, particularmente para aquellos con familias mezcladas o relaciones complejas. Las leyes de sucesi\u00f3n pueden dividir los bienes entre c\u00f3nyuges, hijos o padres, lo que a menudo provoca reparticiones no intencionadas y tensiones entre los miembros de la familia. <\/span><\/p>\n<p><span style=\"font-weight: 400;\">La planificaci\u00f3n patrimonial ofrece un camino preciso para sortear estas cuestiones. Un testamento o fideicomiso bien organizado simplifica la sucesi\u00f3n, acelera la distribuci\u00f3n de los bienes y honra sus intenciones. La planificaci\u00f3n patrimonial ayuda a evitar confusiones y mantiene el foco en la familia. <\/span><\/p>\n<h2>\u00bfPor qu\u00e9 necesita un testamento?<\/h2>\n<p><span style=\"font-weight: 400;\">Redactar un testamento puede parecer algo de lo que hay que ocuparse m\u00e1s tarde en la vida, pero es valioso para personas de todas las edades. Proporciona instrucciones claras sobre lo que ocurrir\u00e1 con sus bienes y garantiza que sus seres queridos adquieran lo que usted pretende. Este paso protege a su familia de disputas innecesarias y protege su bienestar a largo plazo. <\/span><\/p>\n<h3>Principales componentes de un testamento<\/h3>\n<p><span style=\"font-weight: 400;\">Un testamento le permite establecer qui\u00e9n recibe sus bienes, ya sean familiares, amigos u organizaciones ben\u00e9ficas. Unas instrucciones claras evitan disputas y garantizan que las personas adecuadas se beneficien de su patrimonio. M\u00e1s all\u00e1 de la distribuci\u00f3n de los bienes, tambi\u00e9n le permite designar un tutor para los hijos menores, para que alguien de su confianza cuide de ellos. <\/span><\/p>\n<p><span style=\"font-weight: 400;\">Nombrar a un testamentario otorga a alguien la autoridad para gestionar y liquidar su patrimonio. Supervisan el pago de las deudas, la distribuci\u00f3n de los bienes y la gesti\u00f3n de las declaraciones fiscales, lo que ayuda a cumplir sus deseos sin problemas. Esta elecci\u00f3n alivia la carga administrativa de su familia en unos momentos ya de por s\u00ed dif\u00edciles. <\/span><\/p>\n<h3>Requisitos legales antes de redactar<\/h3>\n<p><span style=\"font-weight: 400;\">Virginia establece requisitos espec\u00edficos para crear un testamento v\u00e1lido. En primer lugar, debe tener al menos 18 a\u00f1os y estar en pleno uso de sus facultades mentales, lo que significa que comprende plenamente sus decisiones y el alcance de sus bienes. Este requisito confirma que el testamento refleja sus verdaderas intenciones. <\/span><\/p>\n<p><span style=\"font-weight: 400;\">Adem\u00e1s, la ley exige que dos testigos est\u00e9n presentes en la firma. Ellos verifican que el testador (la persona que crea el testamento) entiende y acepta sus t\u00e9rminos. Las firmas de los testigos a\u00f1aden fuerza legal al testamento, haciendo menos probable que sea impugnado. Seguir estos pasos establece una base legal s\u00f3lida para un testamento v\u00e1lido. <\/span><\/p>\n<h3>Tipos de testamento<\/h3>\n<p><span style=\"font-weight: 400;\">Elegir el tipo correcto depende de sus bienes, de la din\u00e1mica familiar y de sus objetivos personales para la distribuci\u00f3n de activos. Los distintos testamentos ofrecen caracter\u00edsticas diferentes, cada uno adecuado a necesidades y circunstancias \u00fanicas. He aqu\u00ed algunos tipos comunes a tener en cuenta. <\/span><\/p>\n<ul>\n<li style=\"font-weight: 400;\" aria-level=\"1\">Testamento simple: <span style=\"font-weight: 400;\">Un testamento simple indica qui\u00e9n recibe sus bienes y nombra a alguien para que se encargue de su patrimonio. Es ideal para situaciones sencillas, como patrimonios m\u00e1s peque\u00f1os o familias con pocas complejidades. <\/span><\/li>\n<li style=\"font-weight: 400;\" aria-level=\"1\">Testamento de traspaso:<span style=\"font-weight: 400;\"> Este tipo funciona junto a un fideicomiso, enviando los bienes sobrantes al fideicomiso en caso de fallecimiento. Garantiza que todos los bienes fluyan hacia un \u00fanico plan, proporcionando tranquilidad a quienes ya han establecido un fideicomiso. <\/span><\/li>\n<li style=\"font-weight: 400;\" aria-level=\"1\">Testamento ol\u00f3grafo: <span style=\"font-weight: 400;\">Un documento manuscrito puede ser v\u00e1lido en algunos estados, incluido Virginia, si cumple determinados requisitos legales. <\/span><\/li>\n<\/ul>\n<p><span style=\"font-weight: 400;\">Elegir el testamento adecuado mantendr\u00e1 claros sus deseos, protegiendo a sus seres queridos de confusiones y disputas. Una planificaci\u00f3n adecuada puede ayudarle a evitar errores comunes que debilitan su eficacia. Con el enfoque adecuado, crear\u00e1 un acuerdo que reflejar\u00e1 sus intenciones y apoyar\u00e1 el futuro de su familia. <\/span><\/p>\n<h3>Errores comunes que debe evitar<\/h3>\n<p><span style=\"font-weight: 400;\">La creaci\u00f3n de un testamento ofrece inmensos beneficios, pero algunos errores comunes pueden desbaratar sus intenciones. Uno de los principales problemas proviene de un lenguaje vago o impreciso. Las instrucciones confusas suelen dar lugar a malas interpretaciones y pueden desencadenar disputas entre los beneficiarios. Una redacci\u00f3n clara y directa evita confusiones y garantiza que sus bienes vayan exactamente a donde usted quiere. <\/span><\/p>\n<p><span style=\"font-weight: 400;\">Otro problema frecuente ocurre cuando la gente pasa por alto los requisitos legales de Virginia para firmar y atestiguar un testamento. Sin las firmas de dos testigos, un testamento puede perder su validez, dejando su patrimonio sujeto a las leyes de sucesi\u00f3n intestada, donde las leyes estatales dictan la distribuci\u00f3n. Atenerse a estos pasos legales mantiene su testamento en vigor. <\/span><\/p>\n<p><span style=\"font-weight: 400;\">Disponer de un testamento proporciona instrucciones claras para la distribuci\u00f3n de activos, la tutela y la administraci\u00f3n de su patrimonio. Sin embargo, para aquellos que buscan a\u00f1adir flexibilidad, privacidad o protecciones espec\u00edficas, un fideicomiso puede ofrecer beneficios adicionales. <\/span><\/p>\n<h2>\u00bfQu\u00e9 son los fideicomisos?<\/h2>\n<p><span style=\"font-weight: 400;\">Los fideicomisos ofrecen privacidad y flexibilidad. A menudo, este documento puede eludir el proceso sucesorio, manteniendo en privado la distribuci\u00f3n de sus bienes. Le permite controlar c\u00f3mo y cu\u00e1ndo los beneficiarios reciben las herencias, lo que lo hace ideal para patrimonios grandes o complejos. Existen varios tipos a tener en cuenta, cada uno de los cuales responde a circunstancias espec\u00edficas. He aqu\u00ed algunos ejemplos:<\/span><\/p>\n<p><img decoding=\"async\" class=\"size-full wp-image-25529 alignright\" src=\"https:\/\/www.theirvinglawfirm.com\/wp-content\/uploads\/2025\/01\/soluciones-de-planificacion-patrimonial-en-virginia.jpg\" alt=\"Soluciones De Planificaci\u00f3n Patrimonial En Virginia\" width=\"300\" height=\"200\" srcset=\"https:\/\/www.theirvinglawfirm.com\/wp-content\/uploads\/2025\/01\/soluciones-de-planificacion-patrimonial-en-virginia-200x133.jpg 200w, https:\/\/www.theirvinglawfirm.com\/wp-content\/uploads\/2025\/01\/soluciones-de-planificacion-patrimonial-en-virginia.jpg 300w\" sizes=\"(max-width: 300px) 100vw, 300px\" \/><\/p>\n<h3>Fideicomisos revocables<\/h3>\n<p><span style=\"font-weight: 400;\">Con un <a href=\"https:\/\/www.investopedia.com\/terms\/r\/revocabletrust.asp\" target=\"_blank\" rel=\"noopener\">fideicomiso revocable<\/a>, el otorgante mantiene el control sobre los activos. Pueden realizar cambios, a\u00f1adir o eliminar propiedades, actualizar los t\u00e9rminos o incluso disolver el acuerdo. Muchas personas lo eligen para planificar su patrimonio, evitando el proceso sucesorio. El otorgante puede garantizar una transferencia fluida a los beneficiarios sin la intervenci\u00f3n de los tribunales. <\/span><\/p>\n<p><span style=\"font-weight: 400;\">Un fideicomiso revocable tambi\u00e9n facilita la actualizaci\u00f3n de los t\u00e9rminos cuando cambian las circunstancias. Si nace un nuevo miembro de la familia o si cambian las prioridades financieras. Sin embargo, como el otorgante conserva el control total, los activos en un fideicomiso revocable no est\u00e1n protegidos de los acreedores. <\/span><\/p>\n<p><span style=\"font-weight: 400;\">Cuando el otorgante fallece, un fideicomiso revocable se convierte normalmente en irrevocable, fijando los t\u00e9rminos y avanzando en la distribuci\u00f3n de los activos. Aunque los fideicomisos revocables pueden no ofrecer protecci\u00f3n a los acreedores en vida del otorgante, siguen siendo una opci\u00f3n popular para quienes priorizan la flexibilidad y la gesti\u00f3n directa de sus activos. <\/span><\/p>\n<h3>Fideicomisos irrevocables<\/h3>\n<p><span style=\"font-weight: 400;\">Un fideicomiso irrevocable, por el contrario, requiere un compromiso serio. Una vez que el otorgante coloca los activos en este acuerdo, renuncia a la propiedad y al control. Esta falta de control puede parecer restrictiva, pero aporta importantes ventajas, sobre todo en lo que respecta a la protecci\u00f3n de los activos y la desgravaci\u00f3n fiscal. <\/span><\/p>\n<p><span style=\"font-weight: 400;\">Una ventaja importante de un fideicomiso irrevocable es la protecci\u00f3n frente a los acreedores. Dado que el otorgante ya no es propietario de estos activos, la ley suele protegerlos de reclamaciones. Tambi\u00e9n reduce el patrimonio imponible del otorgante, reduciendo potencialmente los impuestos para aquellos con un patrimonio sustancial. <\/span><\/p>\n<p><span style=\"font-weight: 400;\">Estos fideicomisos suelen formar parte de la planificaci\u00f3n a largo plazo para preservar el patrimonio para las generaciones futuras o financiar necesidades espec\u00edficas como la educaci\u00f3n o la asistencia sanitaria. Sin embargo, dado que los t\u00e9rminos est\u00e1n \u00abfijados\u00bb, el otorgante debe estar seguro de sus decisiones, ya que hacer cambios es posible pero dif\u00edcil. <\/span><\/p>\n<h3>Fideicomisos especializados<\/h3>\n<p><span style=\"font-weight: 400;\">M\u00e1s all\u00e1 de las opciones est\u00e1ndar, los fideicomisos especializados responden a necesidades y objetivos \u00fanicos. Cada tipo permite a los otorgantes afinar la gesti\u00f3n de los activos y lograr beneficios espec\u00edficos. He aqu\u00ed algunos de los ejemplos m\u00e1s utilizados: <\/span><\/p>\n<ul>\n<li style=\"font-weight: 400;\" aria-level=\"1\">Fideicomisos ben\u00e9ficos:<span style=\"font-weight: 400;\"> Esto le permite destinar activos a obras ben\u00e9ficas, proporcion\u00e1ndole beneficios fiscales a la vez que apoya causas cercanas a usted.<\/span><\/li>\n<li style=\"font-weight: 400;\" aria-level=\"1\">Fideicomisos para necesidades especiales:<span style=\"font-weight: 400;\"> Garantiza el apoyo financiero a un beneficiario con necesidades especiales sin que ello repercuta en su derecho a recibir asistencia gubernamental.<\/span><\/li>\n<li style=\"font-weight: 400;\" aria-level=\"1\">Fideicomisos de despilfarro:<span style=\"font-weight: 400;\"> Protege a los beneficiarios que puedan ser financieramente irresponsables poniendo a un fideicomisario en control de los desembolsos.<\/span><\/li>\n<li style=\"font-weight: 400;\" aria-level=\"1\">Fideicomiso de salto generacional:<span style=\"font-weight: 400;\"> Transfiere los activos a los nietos, ayudando a evitar impuestos adicionales sobre el patrimonio a lo largo de las generaciones.<\/span><\/li>\n<li style=\"font-weight: 400;\" aria-level=\"1\">Fideicomisos para mascotas: <span style=\"font-weight: 400;\">Proporciona fondos para el cuidado de una mascota, con un fideicomisario designado para administrar esos recursos.<\/span><\/li>\n<\/ul>\n<p><span style=\"font-weight: 400;\">Con opciones que se adaptan a diversas necesidades, los fideicomisos ofrecen ventajas que ayudan a proteger a los seres queridos a la vez que simplifican el proceso de administraci\u00f3n. Pero un buen plan sucesorio nunca es \u00abarmarlo y olvidarlo\u00bb. Revisar y actualizar su plan es igualmente vital. <\/span><\/p>\n<h2>\u00bfC\u00f3mo un abogado de testamentos y fideicomisos en Manassas le protege?<\/h2>\n<p><span style=\"font-weight: 400;\">Un patrimonio bien planificado es como un jard\u00edn: necesita cuidados y ajustes constantes para florecer con el tiempo. Debe revisar su plan con regularidad para tener en cuenta cambios como nuevas relaciones, evoluci\u00f3n de los objetivos financieros o actualizaciones de la legislaci\u00f3n. Mantener todo al d\u00eda garantiza que, llegado el momento, su plan refleje realmente sus intenciones actuales. <\/span><\/p>\n<p><span style=\"font-weight: 400;\">Un \u00e1rea que es f\u00e1cil pasar por alto es la informaci\u00f3n sobre los beneficiarios. Imagine que nombr\u00f3 a un hermano en una cuenta hace a\u00f1os, pero ahora est\u00e1 casado y quiere que esos activos vayan a su c\u00f3nyuge. Si no actualiza esto, su c\u00f3nyuge podr\u00eda quedar fuera involuntariamente. Revisar regularmente su plan puede evitar estos descuidos y mantener su legado intacto. <\/span><\/p>\n<p><span style=\"font-weight: 400;\">Revisar su plan sucesorio cada tres o cinco a\u00f1os o despu\u00e9s de acontecimientos vitales significativos es una medida inteligente. Estas actualizaciones alinean su plan con sus deseos y garantizan que se ajuste a las leyes vigentes. La planificaci\u00f3n patrimonial protege su legado, pero mantenerla requiere un buen ojo para los detalles. La orientaci\u00f3n de una firma de abogados de confianza puede marcar la diferencia.<\/span><\/p>\n<p><img decoding=\"async\" class=\"size-full wp-image-25531 aligncenter\" src=\"https:\/\/www.theirvinglawfirm.com\/wp-content\/uploads\/2025\/01\/comprendiendo-los-testamentos-y-fideicomisos-en-manassas.jpg\" alt=\"Comprendiendo Los Testamentos Y Fideicomisos En Manassas\" width=\"800\" height=\"533\" srcset=\"https:\/\/www.theirvinglawfirm.com\/wp-content\/uploads\/2025\/01\/comprendiendo-los-testamentos-y-fideicomisos-en-manassas-200x133.jpg 200w, https:\/\/www.theirvinglawfirm.com\/wp-content\/uploads\/2025\/01\/comprendiendo-los-testamentos-y-fideicomisos-en-manassas-300x200.jpg 300w, https:\/\/www.theirvinglawfirm.com\/wp-content\/uploads\/2025\/01\/comprendiendo-los-testamentos-y-fideicomisos-en-manassas-400x267.jpg 400w, https:\/\/www.theirvinglawfirm.com\/wp-content\/uploads\/2025\/01\/comprendiendo-los-testamentos-y-fideicomisos-en-manassas-600x400.jpg 600w, https:\/\/www.theirvinglawfirm.com\/wp-content\/uploads\/2025\/01\/comprendiendo-los-testamentos-y-fideicomisos-en-manassas-768x512.jpg 768w, https:\/\/www.theirvinglawfirm.com\/wp-content\/uploads\/2025\/01\/comprendiendo-los-testamentos-y-fideicomisos-en-manassas.jpg 800w\" sizes=\"(max-width: 800px) 100vw, 800px\" \/><\/p>\n<h2>The Irving Law Firm simplifica la administraci\u00f3n de patrimonios<\/h2>\n<p><span style=\"font-weight: 400;\">La planificaci\u00f3n del patrimonio implica decisiones importantes que a veces pueden parecer complejas, especialmente cuando se enfrentan a consideraciones legales y financieras. En <a href=\"https:\/\/www.theirvinglawfirm.com\/es\/\">The Irving Law Firm<\/a>, comprendemos lo significativas que son estas elecciones. Le guiamos a trav\u00e9s de cada paso del proceso de planificaci\u00f3n, ayud\u00e1ndole a tomar decisiones claras y seguras sobre su legado. <\/span><\/p>\n<p><span style=\"font-weight: 400;\">Un plan sucesorio meditado simplifica la futura administraci\u00f3n de sus bienes. Al preparar un testamento y un fideicomiso, usted proporciona instrucciones claras que reducen el estr\u00e9s de sus seres queridos y evitan conflictos innecesarios. Trabajamos estrechamente con usted para garantizar que su plan refleje sus deseos y proteja lo que m\u00e1s le importa. <\/span><\/p>\n<p><span style=\"font-weight: 400;\">Por encima de todo, The Irving Law Firm ayuda a las personas a crear planes patrimoniales que ofrezcan seguridad y tranquilidad. La planificaci\u00f3n patrimonial es m\u00e1s que documentos se trata de resguardar el futuro de su familia y honrar sus intenciones. Si est\u00e1 listo para dar este paso, estamos aqu\u00ed para ayudarle en cada paso del camino. <\/span><\/p>\n<h2>Resumen<\/h2>\n<p><span style=\"font-weight: 400;\">La planificaci\u00f3n patrimonial es una forma s\u00f3lida de proteger su legado, cuidar de sus seres queridos y evitar complicaciones legales innecesarias. Un testamento bien preparado garantiza que los bienes se entreguen a las personas de acuerdo con sus deseos, mientras que un fideicomiso puede a\u00f1adir privacidad y control a su plan. <\/span><\/p>\n<p><span style=\"font-weight: 400;\">Usted crea un plan que refleja sus objetivos eligiendo las herramientas adecuadas y evitando los errores comunes. Revisiones regulares alinean su plan de sucesi\u00f3n con los cambios de vida o cambios en la ley. The Irving Law Firm est\u00e1 aqu\u00ed para ayudarle a crear un plan seguro y duradero que le proporcione tranquilidad a usted y a su familia. <\/span><\/p>\n<\/div><\/div><\/div><\/div><\/div>\n","protected":false},"excerpt":{"rendered":"","protected":false},"author":3,"featured_media":0,"parent":8797,"menu_order":0,"comment_status":"closed","ping_status":"closed","template":"100-width.php","meta":{"_analytify_skip_tracking":false,"rank_math_title":"Abogado de testamentos y fideicomisos en Manassas, VA","rank_math_description":"Un abogado de testamentos y fideicomisos en Manassas puede ayudarle a asegurar su legado. Aprenda c\u00f3mo tomar medidas y planifique su futuro","rank_math_focus_keyword":"abogado de testamentos y fideicomisos","rank_math_canonical_url":"","footnotes":""},"class_list":["post-8007","page","type-page","status-publish","hentry"],"acf":[],"_links":{"self":[{"href":"https:\/\/www.theirvinglawfirm.com\/es\/wp-json\/wp\/v2\/pages\/8007","targetHints":{"allow":["GET"]}}],"collection":[{"href":"https:\/\/www.theirvinglawfirm.com\/es\/wp-json\/wp\/v2\/pages"}],"about":[{"href":"https:\/\/www.theirvinglawfirm.com\/es\/wp-json\/wp\/v2\/types\/page"}],"author":[{"embeddable":true,"href":"https:\/\/www.theirvinglawfirm.com\/es\/wp-json\/wp\/v2\/users\/3"}],"replies":[{"embeddable":true,"href":"https:\/\/www.theirvinglawfirm.com\/es\/wp-json\/wp\/v2\/comments?post=8007"}],"version-history":[{"count":0,"href":"https:\/\/www.theirvinglawfirm.com\/es\/wp-json\/wp\/v2\/pages\/8007\/revisions"}],"up":[{"embeddable":true,"href":"https:\/\/www.theirvinglawfirm.com\/es\/wp-json\/wp\/v2\/pages\/8797"}],"wp:attachment":[{"href":"https:\/\/www.theirvinglawfirm.com\/es\/wp-json\/wp\/v2\/media?parent=8007"}],"curies":[{"name":"wp","href":"https:\/\/api.w.org\/{rel}","templated":true}]}}