{"id":25189,"date":"2025-04-15T00:23:53","date_gmt":"2025-04-15T00:23:53","guid":{"rendered":"https:\/\/www.theirvinglawfirm.com\/?page_id=25189"},"modified":"2025-04-15T00:23:55","modified_gmt":"2025-04-15T00:23:55","slug":"separaciones","status":"publish","type":"page","link":"https:\/\/www.theirvinglawfirm.com\/es\/areas-de-practica\/derecho-de-familia\/separaciones\/","title":{"rendered":"C\u00f3mo un abogado de separaci\u00f3n alivia el estr\u00e9s del divorcio"},"content":{"rendered":"<p><span style=\"font-weight: 400;\">\u00bfEst\u00e1 buscando un <a href=\"https:\/\/www.theirvinglawfirm.com\/es\/areas-de-practica\/derecho-de-familia\/\">abogado de separaci\u00f3n legal<\/a>? Si es as\u00ed, espere un momento-Virginia no ofrece este estatus como otros estados. Eso no significa que carezca de opciones. Para los c\u00f3nyuges que est\u00e9n considerando una ruptura, hay maneras de separarse informalmente y abordar los l\u00edmites, las finanzas o la cohabitaci\u00f3n. <\/span><\/p>\n<p><span style=\"font-weight: 400;\">Cuando se enfrenta a las complejidades de una separaci\u00f3n, tener informaci\u00f3n sobre qu\u00e9 hacer a continuaci\u00f3n puede marcar la diferencia. Este art\u00edculo puede ayudarle desglosando las opciones disponibles y las medidas pr\u00e1cticas a tomar durante este periodo. Con el abogado adecuado, estas decisiones pueden ser m\u00e1s claras, protegiendo sus intereses y apoyando el futuro de su familia.<\/span><\/p>\n<p><img decoding=\"async\" class=\"size-full wp-image-25206 aligncenter\" src=\"https:\/\/www.theirvinglawfirm.com\/wp-content\/uploads\/2025\/01\/abogado-de-separacion-en-manassas-va.jpg\" alt=\"Abogado De Separaci\u00f3n En Manassas, VA\" width=\"800\" height=\"533\" srcset=\"https:\/\/www.theirvinglawfirm.com\/wp-content\/uploads\/2025\/01\/abogado-de-separacion-en-manassas-va-200x133.jpg 200w, https:\/\/www.theirvinglawfirm.com\/wp-content\/uploads\/2025\/01\/abogado-de-separacion-en-manassas-va-300x200.jpg 300w, https:\/\/www.theirvinglawfirm.com\/wp-content\/uploads\/2025\/01\/abogado-de-separacion-en-manassas-va-400x267.jpg 400w, https:\/\/www.theirvinglawfirm.com\/wp-content\/uploads\/2025\/01\/abogado-de-separacion-en-manassas-va-600x400.jpg 600w, https:\/\/www.theirvinglawfirm.com\/wp-content\/uploads\/2025\/01\/abogado-de-separacion-en-manassas-va-768x512.jpg 768w, https:\/\/www.theirvinglawfirm.com\/wp-content\/uploads\/2025\/01\/abogado-de-separacion-en-manassas-va.jpg 800w\" sizes=\"(max-width: 800px) 100vw, 800px\" \/><\/p>\n<h2>\u00bfExiste la separaci\u00f3n legal en Virginia?<\/h2>\n<p><span style=\"font-weight: 400;\">Virginia no reconoce la \u00abseparaci\u00f3n legal\u00bb como hacen muchos estados, donde las parejas pueden separarse bajo t\u00e9rminos legales formales sin divorciarse completamente. Esto puede hacer que la situaci\u00f3n sea imprecisa. Sin embargo, sigue abriendo un per\u00edodo para los l\u00edmites personales y financieros, los acuerdos claros y la planificaci\u00f3n futura. <\/span><\/p>\n<p><span style=\"font-weight: 400;\">Durante esta separaci\u00f3n informal, es prudente que las parejas comprendan sus derechos y obligaciones. Aunque no hay papeleo formal que presentar, un abogado de separaciones familiares puede ayudar a estructurar acuerdos en torno a las finanzas, la custodia de los hijos y la convivencia. Este enfoque ofrece un marco estable, lo que facilita que la separaci\u00f3n sea tranquila y justa. <\/span><\/p>\n<p><span style=\"font-weight: 400;\">Sin un estatus oficial de separaci\u00f3n legal, a\u00fan puede buscar otra opci\u00f3n. Aqu\u00ed es donde entra en juego el divorcio de lecho y cama de Virginia como soluci\u00f3n parcial para quienes re\u00fanan los requisitos. <\/span><\/p>\n<h2>\u00bfQu\u00e9 es el divorcio de cama y vivienda?<\/h2>\n<p><span style=\"font-weight: 400;\">El <a href=\"https:\/\/law.lis.virginia.gov\/vacode\/title20\/chapter6\/section20-95\/\" target=\"_blank\" rel=\"noopener\">divorcio de cama y vivienda<\/a> separa formalmente a los c\u00f3nyuges sin poner fin al matrimonio. Las personas pueden elegir esta opci\u00f3n si necesitan protecci\u00f3n inmediata para sus bienes, propiedades y derechos personales. Adem\u00e1s, este divorcio limitado permite a los c\u00f3nyuges conservar ciertas prestaciones conyugales, como el seguro m\u00e9dico. <\/span><\/p>\n<p><span style=\"font-weight: 400;\">Sin embargo, los motivos estrictos limitan el acceso, lo que significa que las parejas que no re\u00fanan estos requisitos pueden no ser elegibles. Suele ser una opci\u00f3n para quienes necesitan protecci\u00f3n legal o apoyo estructurado debido a problemas basados en la culpa. Por ejemplo, uno de los c\u00f3nyuges sufre crueldad, abandono o miedo a sufrir da\u00f1os. <\/span><\/p>\n<p><span style=\"font-weight: 400;\">Para quienes no re\u00fanen las condiciones, la separaci\u00f3n bajo un mismo techo es otra v\u00eda para la separaci\u00f3n informal. Sin embargo, es esencial comprender que la cohabitaci\u00f3n puede complicar el cumplimiento de las normas de Virginia para un divorcio sin culpa. <\/span><\/p>\n<h2>\u00bfPuede divorciarse mientras vive bajo el mismo techo?<\/h2>\n<p><span style=\"font-weight: 400;\">En Virginia, las parejas que persiguen un divorcio sin culpa deben vivir \u00abseparadas y aparte\u00bb de seis meses a un a\u00f1o, dependiendo de si tienen hijos menores. Esto no significa que las parejas tengan que vivir en residencias separadas; pueden vivir bajo el mismo techo mientras cumplan las normas del tribunal. <\/span><\/p>\n<p><span style=\"font-weight: 400;\">Una pareja necesita demostrar una aut\u00e9ntica ruptura de la relaci\u00f3n conyugal. Esto incluye dormir en dormitorios separados, separar las finanzas y limitar las actividades sociales y recreativas. Adem\u00e1s, los tribunales de Virginia pueden buscar como prueba la falta de comidas compartidas o de celebraciones festivas. <\/span><\/p>\n<p><span style=\"font-weight: 400;\">Este acuerdo requiere una documentaci\u00f3n cuidadosa si el tribunal necesita pruebas de que viven separados. Un juez puede requerir que amigos, familiares o vecinos testifiquen y validen las rutinas de la pareja. Mantener registros exhaustivos de los gastos individuales, las tareas dom\u00e9sticas y las actividades sociales puede ayudar a reforzar la demanda de separaci\u00f3n legal dentro del hogar compartido. <\/span><\/p>\n<p><span style=\"font-weight: 400;\">Elegir esta v\u00eda puede resultar pr\u00e1ctico para quienes no pueden permitirse residencias separadas, pero requiere unos l\u00edmites claros y una documentaci\u00f3n exhaustiva. Consultar a un abogado puede ayudar a las parejas a comprender las expectativas del tribunal y asegurarse de que cumplen todos los requisitos. <\/span><\/p>\n<h2>\u00bfPuede tener citas estando separado en Virginia?<\/h2>\n<p><span style=\"font-weight: 400;\">Mientras se vive separado o bajo un divorcio limitado, las citas pueden parecer una forma natural de empezar de cero. Sin embargo, puede complicar las cosas debido a las estrictas leyes de adulterio del estado. Virginia a\u00fan considera delito menor la relaci\u00f3n rom\u00e1ntica con otra persona antes del divorcio definitivo.<\/span><\/p>\n<p><img decoding=\"async\" class=\"size-full wp-image-25210 alignright\" src=\"https:\/\/www.theirvinglawfirm.com\/wp-content\/uploads\/2025\/01\/abogados-de-separacion-cerca-de-manassas-va.jpg\" alt=\"Abogados De Separaci\u00f3n Cerca De Manassas, VA\" width=\"300\" height=\"200\" srcset=\"https:\/\/www.theirvinglawfirm.com\/wp-content\/uploads\/2025\/01\/abogados-de-separacion-cerca-de-manassas-va-200x133.jpg 200w, https:\/\/www.theirvinglawfirm.com\/wp-content\/uploads\/2025\/01\/abogados-de-separacion-cerca-de-manassas-va.jpg 300w\" sizes=\"(max-width: 300px) 100vw, 300px\" \/><\/p>\n<p><span style=\"font-weight: 400;\">En Virginia, el adulterio es tambi\u00e9n uno de los motivos de divorcio por culpa, lo que significa que puede pesar mucho en el proceso judicial. Si un c\u00f3nyuge acusa al otro durante el periodo de separaci\u00f3n, puede afectar al proceso. Podr\u00eda repercutir en varias \u00e1reas, incluida la manutenci\u00f3n del c\u00f3nyuge y la divisi\u00f3n de bienes. <\/span><\/p>\n<p><span style=\"font-weight: 400;\">Para los padres, salir con alguien durante la separaci\u00f3n tambi\u00e9n puede complicar los asuntos de custodia. Los tribunales pueden preguntarse si una nueva relaci\u00f3n introduce estabilidad o perturbaci\u00f3n. Si el tribunal percibe que perjudica el bienestar de los hijos, podr\u00eda influir en las decisiones del juez sobre la custodia o el r\u00e9gimen de visitas. <\/span><\/p>\n<p><span style=\"font-weight: 400;\">Dadas las implicaciones legales y financieras, consultar con un abogado de separaciones antes de salir con alguien durante una separaci\u00f3n es prudente. Un abogado puede aclarar c\u00f3mo las citas pueden afectar a su divorcio, ofreciendo estrategias para ayudar a evitar los problemas que puedan surgir. <\/span><\/p>\n<h2>\u00bfQu\u00e9 medidas debe considerar?<\/h2>\n<p><span style=\"font-weight: 400;\">Al separarse, es natural sentir que est\u00e1 trazando un territorio desconocido. Cada paso adelante -financiero, emocional y legal- requiere una cuidadosa reflexi\u00f3n, de forma parecida a empacar lo esencial para un largo viaje. A continuaci\u00f3n le detallamos las medidas pr\u00e1cticas que le proporcionar\u00e1n la estructura y la tranquilidad necesarias para el camino. <\/span><\/p>\n<h3>Documentaci\u00f3n y planificaci\u00f3n financiera<\/h3>\n<p><span style=\"font-weight: 400;\">Gestionar las finanzas durante la separaci\u00f3n es crucial, ya que sienta las bases para una eventual divisi\u00f3n de bienes y acuerdos de manutenci\u00f3n. Empiece por reunir todos los documentos financieros, incluidos extractos bancarios, recibos de sueldo, declaraciones de impuestos e informaci\u00f3n sobre cuentas compartidas. As\u00ed ambas partes tendr\u00e1n una visi\u00f3n clara de sus bienes y obligaciones. <\/span><\/p>\n<p><span style=\"font-weight: 400;\">Adem\u00e1s, establecer un presupuesto es vital para prepararse para unas finanzas independientes. Esto incluye organizar los pagos de las deudas, calcular los gastos diarios y planificar los pr\u00f3ximos cambios financieros. Un plan financiero bien organizado proporciona estabilidad durante este periodo y ayuda a construir una base para futuras negociaciones. <\/span><\/p>\n<h3>Proteja sus activos<\/h3>\n<p><span style=\"font-weight: 400;\">Proteger sus bienes durante la separaci\u00f3n evita cualquier agotamiento innecesario o uso indebido. Empiece por congelar o cerrar las cuentas conjuntas, si es posible, para asegurarse de que ninguno de los c\u00f3nyuges retira fondos compartidos injustamente. Adem\u00e1s, actualizar los beneficiarios en las cuentas de jubilaci\u00f3n, p\u00f3lizas de seguro y cuentas personales es prudente para proteger sus intereses. <\/span><\/p>\n<p><span style=\"font-weight: 400;\">En Virginia, cualquier activo acumulado durante el matrimonio se considera normalmente propiedad conyugal y est\u00e1 sujeto a divisi\u00f3n en caso de divorcio. Evite realizar compras, transferencias o decisiones financieras importantes sin mutuo acuerdo, ya que pueden plantear problemas legales. Asegurando sus bienes, puede asegurarse de que el proceso de divisi\u00f3n de la propiedad sea sencillo y equitativo a la hora de resolver formalmente los asuntos financieros. <\/span><\/p>\n<h3>Desarrollar un plan de crianza<\/h3>\n<p><span style=\"font-weight: 400;\">Para los padres, crear un plan de crianza estructurado durante la separaci\u00f3n ayuda a mantener la estabilidad y la claridad para los hijos. Un buen plan debe incluir directrices claras sobre el horario de custodia, las decisiones importantes para el ni\u00f1o y un m\u00e9todo para resolver los desacuerdos. Establecer estos l\u00edmites desde el principio minimiza las interrupciones de la rutina y previene posibles conflictos entre ambos padres. <\/span><\/p>\n<p><span style=\"font-weight: 400;\">Los acuerdos de comunicaci\u00f3n son otra parte valiosa del plan de paternidad. Establecer las expectativas sobre c\u00f3mo y cu\u00e1ndo discutir los asuntos que conciernen a los hijos, como la salud, la educaci\u00f3n y las actividades extraescolares, puede hacer que la coparentalidad sea m\u00e1s fluida. Esta estructura proporciona a ambos progenitores una hoja de ruta para una colaboraci\u00f3n positiva, creando un entorno m\u00e1s estable durante la separaci\u00f3n. <\/span><\/p>\n<h3>Decisiones sobre vivienda y propiedad<\/h3>\n<p><span style=\"font-weight: 400;\">Decidir qui\u00e9n se queda en el hogar conyugal y qui\u00e9n se muda es uno de los pasos m\u00e1s significativos en una separaci\u00f3n. Si uno de los c\u00f3nyuges decide marcharse, puede afectar a las reclamaciones sobre la casa y otros bienes conyugales, por lo que es esencial tomar estas decisiones de forma meditada. <\/span><\/p>\n<p><span style=\"font-weight: 400;\">Al determinar los arreglos de vivienda, considere las implicaciones financieras y pr\u00e1cticas, como los desplazamientos por trabajo o la ubicaci\u00f3n de los hijos en la escuela. Independientemente de la decisi\u00f3n, tener una comprensi\u00f3n clara de los derechos de cada parte sobre la propiedad ayuda a sentar las bases para una divisi\u00f3n equitativa en el futuro. <\/span><\/p>\n<h3>Crear acuerdos temporales de manutenci\u00f3n<\/h3>\n<p><span style=\"font-weight: 400;\">Crear acuerdos temporales de manutenci\u00f3n durante la separaci\u00f3n puede ayudar a aliviar las responsabilidades financieras a la vez que ofrece estabilidad a ambas partes. Decidir una manutenci\u00f3n para los gastos de los hijos o las necesidades del c\u00f3nyuge ayuda a cubrir las necesidades dom\u00e9sticas y cotidianas. Aunque las parejas pueden establecer estos acuerdos de manera informal, revisarlos legalmente o formalizarlos ante un tribunal los hace exigibles. <\/span><\/p>\n<h3>Busque la ayuda de un abogado de separaci\u00f3n<\/h3>\n<p><span style=\"font-weight: 400;\">Buscar el apoyo de un abogado durante la separaci\u00f3n aporta seguridad y claridad al proceso. Ayudan a los c\u00f3nyuges a comprender sus derechos y responsabilidades, gui\u00e1ndoles en los pasos cr\u00edticos para cumplir los requisitos legales y proteger sus intereses. Un abogado de mediaci\u00f3n para una separaci\u00f3n puede ayudar a aclarar las \u00e1reas complicadas y evitar sorpresas. <\/span><\/p>\n<p><span style=\"font-weight: 400;\">La representaci\u00f3n legal tambi\u00e9n aporta una capa adicional de toma de decisiones informada. Un abogado puede ayudar a interpretar las leyes espec\u00edficas de Virginia sobre la separaci\u00f3n, crear acuerdos ejecutables y resguardar sus derechos parentales. De este modo, ambas partes pueden atravesar con confianza el periodo de separaci\u00f3n, reduciendo la posibilidad de disputas o complicaciones costosas.<\/span><\/p>\n<p><img decoding=\"async\" class=\"size-full wp-image-25208 aligncenter\" src=\"https:\/\/www.theirvinglawfirm.com\/wp-content\/uploads\/2025\/01\/motivos-legales-de-separacion-en-va.jpg\" alt=\"Motivos Legales De Separaci\u00f3n En VA\" width=\"800\" height=\"533\" srcset=\"https:\/\/www.theirvinglawfirm.com\/wp-content\/uploads\/2025\/01\/motivos-legales-de-separacion-en-va-200x133.jpg 200w, https:\/\/www.theirvinglawfirm.com\/wp-content\/uploads\/2025\/01\/motivos-legales-de-separacion-en-va-300x200.jpg 300w, https:\/\/www.theirvinglawfirm.com\/wp-content\/uploads\/2025\/01\/motivos-legales-de-separacion-en-va-400x267.jpg 400w, https:\/\/www.theirvinglawfirm.com\/wp-content\/uploads\/2025\/01\/motivos-legales-de-separacion-en-va-600x400.jpg 600w, https:\/\/www.theirvinglawfirm.com\/wp-content\/uploads\/2025\/01\/motivos-legales-de-separacion-en-va-768x512.jpg 768w, https:\/\/www.theirvinglawfirm.com\/wp-content\/uploads\/2025\/01\/motivos-legales-de-separacion-en-va.jpg 800w\" sizes=\"(max-width: 800px) 100vw, 800px\" \/><\/p>\n<h2>\u00bfPor qu\u00e9 confiar el futuro de su familia a The Irving Law Firm?<\/h2>\n<p><span style=\"font-weight: 400;\">En <a href=\"https:\/\/www.theirvinglawfirm.com\/es\/\">The Irving Law Firm<\/a>, entendemos que los asuntos familiares requieren un enfoque cuidadoso y compasivo. Nuestro equipo prioriza escuchar sus necesidades y construir una estrategia que apoye el bienestar de su familia. Si usted est\u00e1 navegando la separaci\u00f3n antes del divorcio, la obtenci\u00f3n de planes de crianza, o la protecci\u00f3n de sus activos, estamos aqu\u00ed para proporcionar la orientaci\u00f3n y la estabilidad que se merece. <\/span><\/p>\n<p><span style=\"font-weight: 400;\">Creemos en mantener las cosas claras, reducir la incertidumbre y asegurarnos de que se sienta apoyado en cada etapa. P\u00f3ngase en contacto con nosotros para obtener un asesoramiento fiable y la confianza necesaria para seguir adelante pensando en lo mejor para su familia. <\/span><\/p>\n<p><span style=\"font-weight: 400;\">En Virginia, no existe un estatus formal de separaci\u00f3n legal como se reconoce en algunos otros estados. Sin embargo, opciones como el divorcio de mutuo acuerdo permiten a las parejas establecer l\u00edmites y proteger los bienes durante este tiempo. Adem\u00e1s, pasos como la documentaci\u00f3n financiera, la protecci\u00f3n de los bienes y la creaci\u00f3n de acuerdos temporales de manutenci\u00f3n pueden proporcionar estabilidad y estructura. <\/span><\/p>\n<p><span style=\"font-weight: 400;\">Un abogado experimentado aporta claridad a este proceso, defendiendo los derechos y abordando las responsabilidades. The Irving Law Firm le gu\u00eda a trav\u00e9s de este periodo, ayud\u00e1ndole a tomar decisiones informadas para el futuro de su familia. <\/span><\/p>\n","protected":false},"excerpt":{"rendered":"<p>\u00bfEst\u00e1 buscando un abogado de separaci\u00f3n legal? Si es as\u00ed,  [&#8230;]<\/p>\n","protected":false},"author":3,"featured_media":0,"parent":8374,"menu_order":0,"comment_status":"closed","ping_status":"closed","template":"","meta":{"_analytify_skip_tracking":false,"rank_math_title":"Abogado de separaci\u00f3n cerca de Manassas, Virginia","rank_math_description":"Un abogado de separaciones puede ayudarle a navegar por las incertidumbres del divorcio. Busque orientaci\u00f3n adecuada para su futuro. ","rank_math_focus_keyword":"Abogado de separaci\u00f3n","rank_math_canonical_url":"","footnotes":""},"class_list":["post-25189","page","type-page","status-publish","hentry"],"acf":[],"_links":{"self":[{"href":"https:\/\/www.theirvinglawfirm.com\/es\/wp-json\/wp\/v2\/pages\/25189","targetHints":{"allow":["GET"]}}],"collection":[{"href":"https:\/\/www.theirvinglawfirm.com\/es\/wp-json\/wp\/v2\/pages"}],"about":[{"href":"https:\/\/www.theirvinglawfirm.com\/es\/wp-json\/wp\/v2\/types\/page"}],"author":[{"embeddable":true,"href":"https:\/\/www.theirvinglawfirm.com\/es\/wp-json\/wp\/v2\/users\/3"}],"replies":[{"embeddable":true,"href":"https:\/\/www.theirvinglawfirm.com\/es\/wp-json\/wp\/v2\/comments?post=25189"}],"version-history":[{"count":0,"href":"https:\/\/www.theirvinglawfirm.com\/es\/wp-json\/wp\/v2\/pages\/25189\/revisions"}],"up":[{"embeddable":true,"href":"https:\/\/www.theirvinglawfirm.com\/es\/wp-json\/wp\/v2\/pages\/8374"}],"wp:attachment":[{"href":"https:\/\/www.theirvinglawfirm.com\/es\/wp-json\/wp\/v2\/media?parent=25189"}],"curies":[{"name":"wp","href":"https:\/\/api.w.org\/{rel}","templated":true}]}}