{"id":25151,"date":"2025-04-15T00:23:49","date_gmt":"2025-04-15T00:23:49","guid":{"rendered":"https:\/\/www.theirvinglawfirm.com\/?page_id=25151"},"modified":"2025-04-15T00:23:51","modified_gmt":"2025-04-15T00:23:51","slug":"liquidacion-de-bienes","status":"publish","type":"page","link":"https:\/\/www.theirvinglawfirm.com\/es\/areas-de-practica\/derecho-de-familia\/liquidacion-de-bienes\/","title":{"rendered":"Abogado de liquidaci\u00f3n de bienes gu\u00eda a parejas en Virginia"},"content":{"rendered":"<p>El divorcio puede parecer un torbellino, con emociones y decisiones que se acumulan r\u00e1pidamente. Un <a href=\"https:\/\/www.theirvinglawfirm.com\/es\/areas-de-practica\/derecho-de-familia\/\">abogado de liquidaci\u00f3n de bienes<\/a> puede ayudar a las parejas a crear un acuerdo para tomar el control de decisiones cr\u00edticas como la divisi\u00f3n de bienes, la custodia y la manutenci\u00f3n. Esto puede ser un salvavidas, ya que este acuerdo permite a cada c\u00f3nyuge establecer l\u00edmites claros, a\u00f1adiendo estabilidad y estructura cuando sea necesario.<\/p>\n<p>Los aspectos legales pueden resultar confusos, especialmente con tantos factores a tener en cuenta. Este art\u00edculo puede ayudarle a comprender los elementos cr\u00edticos de un acuerdo de liquidaci\u00f3n de bienes, desde la divisi\u00f3n de los bienes hasta la custodia y la manutenci\u00f3n. Consultar con un abogado de divorcio puede facilitarle la navegaci\u00f3n por este proceso, asegurando que su acuerdo sea minucioso, preciso y ejecutable seg\u00fan la ley de Virginia.<\/p>\n<p><img decoding=\"async\" class=\"size-full wp-image-25180 aligncenter\" src=\"https:\/\/www.theirvinglawfirm.com\/wp-content\/uploads\/2025\/01\/abogado-de-liquidacion-de-bienes-en-manassas.jpg\" alt=\"Abogado De Liquidaci\u00f3n De Bienes En Manassas\" width=\"800\" height=\"534\" srcset=\"https:\/\/www.theirvinglawfirm.com\/wp-content\/uploads\/2025\/01\/abogado-de-liquidacion-de-bienes-en-manassas-200x134.jpg 200w, https:\/\/www.theirvinglawfirm.com\/wp-content\/uploads\/2025\/01\/abogado-de-liquidacion-de-bienes-en-manassas-300x200.jpg 300w, https:\/\/www.theirvinglawfirm.com\/wp-content\/uploads\/2025\/01\/abogado-de-liquidacion-de-bienes-en-manassas-400x267.jpg 400w, https:\/\/www.theirvinglawfirm.com\/wp-content\/uploads\/2025\/01\/abogado-de-liquidacion-de-bienes-en-manassas-600x401.jpg 600w, https:\/\/www.theirvinglawfirm.com\/wp-content\/uploads\/2025\/01\/abogado-de-liquidacion-de-bienes-en-manassas-768x513.jpg 768w, https:\/\/www.theirvinglawfirm.com\/wp-content\/uploads\/2025\/01\/abogado-de-liquidacion-de-bienes-en-manassas.jpg 800w\" sizes=\"(max-width: 800px) 100vw, 800px\" \/><\/p>\n<h2>C\u00f3mo los acuerdos de liquidaci\u00f3n de bienes resguardan lo que es suyo<\/h2>\n<p>Los Acuerdos de Liquidaci\u00f3n de Bienes (PSA) act\u00faan como un mapa de ruta de confianza, dando direcci\u00f3n durante un divorcio. Gu\u00eda a los c\u00f3nyuges a trav\u00e9s de decisiones esenciales como dividir los bienes, manejar las deudas, establecer acuerdos de custodia y delinear el apoyo financiero. Establecer responsabilidades claras puede ayudar a cada persona a avanzar con mayor claridad.<\/p>\n<p>Este acuerdo ofrece a las parejas una forma sencilla de dividir las finanzas y las obligaciones, especialmente \u00fatil en los divorcios no disputados. Proporciona una soluci\u00f3n mutuamente acordada que permite a ambas partes tomar decisiones cr\u00edticas. Sin embargo, sigue necesitando la aprobaci\u00f3n de un juez para que sea legalmente vinculante, lo que a\u00f1ade una capa adicional de protecci\u00f3n.<\/p>\n<p>Para que un acuerdo de divorcio tenga validez en Virginia, debe constar por escrito, estar firmado e, idealmente, notariado, con total transparencia. No revelar informaci\u00f3n vital puede anular el acuerdo, enviando a ambas partes de vuelta al punto de partida. Disponer de los componentes principales de un PSA claro hace que un momento de otro modo incierto parezca m\u00e1s manejable.<\/p>\n<h2>Principales componentes que debe incluir en su PSA<\/h2>\n<p>Un PSA s\u00f3lido no deja piedra sin remover, abordando cada \u00e1rea cr\u00edtica de un divorcio para ayudar a ambos c\u00f3nyuges a seguir adelante sin preguntas persistentes. Cubrir estos componentes principales en detalle garantiza que ambas partes est\u00e9n en la misma p\u00e1gina, evitando confusiones y facilitando el camino.<\/p>\n<h3>Divisi\u00f3n de bienes y deudas conyugales<\/h3>\n<p>Virginia utiliza un enfoque de \u00abdistribuci\u00f3n equitativa\u00bb para dividir los bienes. Esto significa que los bienes adquiridos durante el matrimonio, o bienes conyugales, no se dividen necesariamente al 50%. Un PSA permite a ambas partes dise\u00f1ar c\u00f3mo quieren manejarlos, d\u00e1ndoles m\u00e1s control.<\/p>\n<p>Las deudas conyugales -tarjetas de cr\u00e9dito, hipotecas, pr\u00e9stamos contra\u00eddos durante el matrimonio- suelen repartirse entre los c\u00f3nyuges. Un PSA detalla qui\u00e9n es responsable de cada deuda, para que no haya sorpresas en el futuro. Esta claridad ayuda a evitar conflictos innecesarios.<\/p>\n<h3>Custodia y visitas de los hijos<\/h3>\n<p>Los acuerdos sobre la custodia pueden ser la parte m\u00e1s complicada de un divorcio para las familias. Los tribunales de Virginia se centran en el \u00abinter\u00e9s superior del menor\u00bb en estas decisiones, teniendo en cuenta factores como la estabilidad, el papel de cada progenitor y el bienestar emocional del ni\u00f1o. Aunque el PSA puede establecer las preferencias de los padres, un juez debe aprobarlo.<\/p>\n<p>Un horario de visitas coherente ayuda a facilitar las transiciones para los ni\u00f1os y mantiene la conexi\u00f3n con ambos progenitores. Al establecer un plan predecible, las familias pueden evitar tensiones y sorpresas innecesarias. Por ejemplo, los padres pueden decidir alternar los fines de semana, y las cenas entre semana pueden dar a los ni\u00f1os una rutina estable en la que puedan confiar.<\/p>\n<h3>Acuerdos de manutenci\u00f3n de los hijos<\/h3>\n<p>Las pautas de manutenci\u00f3n infantil de Virginia tienen en cuenta los ingresos de cada progenitor, los acuerdos de custodia y las necesidades del ni\u00f1o. Un PSA permite a las parejas acordar las condiciones de manutenci\u00f3n que mejor se adapten a su familia, en lugar de dejar la decisi\u00f3n en manos del tribunal. Este enfoque permite a ambos progenitores decidir c\u00f3mo contribuir\u00e1n econ\u00f3micamente.<\/p>\n<p>Unos t\u00e9rminos claros sobre la manutenci\u00f3n de los hijos en el PSA definen las obligaciones de cada progenitor, lo que reduce el riesgo de malentendidos o disputas por impagos. Cuando las parejas fijan juntos estos t\u00e9rminos, se comprometen m\u00e1s firmemente con el acuerdo, creando un entorno estable y predecible para su hijo.<\/p>\n<h3>Manutenci\u00f3n Conyugal<\/h3>\n<p>La pensi\u00f3n alimenticia salva las disparidades financieras, proporcionando estabilidad mientras las personas se adaptan a la vida posterior al divorcio. <a href=\"https:\/\/law.lis.virginia.gov\/vacode\/title20\/chapter6\/section20-108.1\/\" target=\"_blank\" rel=\"noopener\">La ley de Virginia<\/a> permite varios tipos de pensi\u00f3n alimenticia -temporal, de rehabilitaci\u00f3n o permanente- en funci\u00f3n de factores como la duraci\u00f3n del matrimonio, la independencia econ\u00f3mica y las necesidades individuales.<\/p>\n<p>En el PSA, ambos c\u00f3nyuges pueden especificar si la pensi\u00f3n alimenticia es apropiada, la duraci\u00f3n exacta y las condiciones para los cambios. Definir estos t\u00e9rminos de antemano elimina posibles confusiones y establece expectativas claras, dando a ambas partes una sensaci\u00f3n de seguridad financiera.<\/p>\n<p>Cada uno de estos componentes proporciona una base s\u00f3lida para cada c\u00f3nyuge tras el divorcio. Aclarar los t\u00e9rminos de antemano evita malentendidos, previene discusiones y crea seguridad, ventajas que marcan la diferencia cuando el objetivo es la tranquilidad.<\/p>\n<h2>Un acuerdo integral protege su tranquilidad<\/h2>\n<p>Un PSA es algo m\u00e1s que una lista de normas; es un salvavidas cuando se navega por aguas agitadas. Todos pueden descansar un poco m\u00e1s tranquilos cuando cada parte comprende sus obligaciones futuras. La tranquilidad que proporciona un acuerdo detallado puede ayudar a reducir los habituales factores de estr\u00e9s que el divorcio puede acarrear.<\/p>\n<h3>Minimiza los conflictos y la incertidumbre<\/h3>\n<p>Las definiciones claras de los derechos y responsabilidades de cada c\u00f3nyuge tienden a reducir los conflictos. Un PSA permite a las parejas discutir y acordar los t\u00e9rminos directamente, lo que fomenta la comprensi\u00f3n y el respeto mutuo. Con esta claridad, ambas partes interact\u00faan con m\u00e1s calma y avanzan sin reavivar discusiones pasadas.<\/p>\n<h3>Reduce la necesidad de intervenci\u00f3n judicial<\/h3>\n<p>Un PSA debe resistir la prueba del tiempo, eliminando la necesidad de repetidos viajes a los tribunales. Aunque el acuerdo necesita la aprobaci\u00f3n de un juez para ser ejecutable, puede ayudar a ambas partes a evitar futuras batallas legales. Un documento bien redactado aclara los t\u00e9rminos por adelantado, ahorrando tiempo y reduciendo los costos de posibles disputas.<\/p>\n<h3>Preserva la intimidad<\/h3>\n<p>A diferencia de una acalorada batalla judicial, un PSA mantiene los asuntos familiares en privado, lejos de la mirada p\u00fablica. Al resolver los t\u00e9rminos en privado, ambas partes mantienen el control sobre lo que permanece confidencial. Tambi\u00e9n proporciona un valioso nivel de respeto para ambas partes.<\/p>\n<h3>Facilita una transici\u00f3n m\u00e1s fluida<\/h3>\n<p>Piense en un acuerdo de liquidaci\u00f3n de bienes como el \u00abplan de juego\u00bb que cada c\u00f3nyuge necesita para realizar la transici\u00f3n sin problemas. Saber cu\u00e1l es la situaci\u00f3n de cada uno tras el divorcio elimina algunas de las sorpresas habituales y hace que el paso a vidas separadas sea mucho m\u00e1s sencillo. Cada parte puede avanzar con confianza y comprensi\u00f3n de su nuevo camino.<\/p>\n<p>Los beneficios pr\u00e1cticos de un acuerdo integral van m\u00e1s all\u00e1 de los detalles. Ofrecen una forma de crear un futuro en el que ambas partes conozcan sus derechos y obligaciones. Cada paso hacia la claridad merece la pena a la hora de construir una base estable para la vida despu\u00e9s del matrimonio.<\/p>\n<h2>Cree un PSA s\u00f3lido con un abogado de liquidaci\u00f3n de bienes<\/h2>\n<p>Elaborar un PSA s\u00f3lido no es tan abrumador como parece. Se trata de seguir los pasos adecuados, cada uno de los cuales conduce a un acuerdo m\u00e1s claro y s\u00f3lido. Piense en este proceso como en la creaci\u00f3n de una red de seguridad: cuanto mejor sea la red, m\u00e1s seguro se sentir\u00e1 cuando siga adelante.<\/p>\n<p><img decoding=\"async\" class=\"size-full wp-image-25182 alignright\" src=\"https:\/\/www.theirvinglawfirm.com\/wp-content\/uploads\/2025\/01\/liquidacion-de-la-propiedad-la-guia-completa.jpg\" alt=\"Liquidaci\u00f3n De La Propiedad: La Gu\u00eda Completa\" width=\"300\" height=\"200\" srcset=\"https:\/\/www.theirvinglawfirm.com\/wp-content\/uploads\/2025\/01\/liquidacion-de-la-propiedad-la-guia-completa-200x133.jpg 200w, https:\/\/www.theirvinglawfirm.com\/wp-content\/uploads\/2025\/01\/liquidacion-de-la-propiedad-la-guia-completa.jpg 300w\" sizes=\"(max-width: 300px) 100vw, 300px\" \/><\/p>\n<ol>\n<li style=\"font-weight: 400;\" aria-level=\"1\">Re\u00fana documentos financieros: Re\u00fana todos los registros financieros, incluidas las declaraciones de ingresos, gastos, activos y deudas. La total transparencia crea una base s\u00f3lida en la que ambos c\u00f3nyuges pueden confiar.<\/li>\n<li style=\"font-weight: 400;\" aria-level=\"1\">Discuta los t\u00e9rminos del acuerdo clave: Trabaje con su abogado y su c\u00f3nyuge para definir los t\u00e9rminos esenciales. Una discusi\u00f3n abierta ahorra tiempo m\u00e1s adelante y garantiza que el acuerdo refleje las necesidades de ambas partes.<\/li>\n<li style=\"font-weight: 400;\" aria-level=\"1\">Redacte t\u00e9rminos detallados: Especifique\u00a0los t\u00e9rminos para la divisi\u00f3n de bienes, deudas, custodia y responsabilidades de manutenci\u00f3n, centr\u00e1ndose en la precisi\u00f3n para evitar futuras disputas.<\/li>\n<li style=\"font-weight: 400;\" aria-level=\"1\">Revise el acuerdo a fondo: Rev\u00edselo cuidadosamente con su abogado, comprobando dos veces cada condici\u00f3n para confirmar que son exactas y precisas. Ajuste cualquier t\u00e9rmino seg\u00fan sea necesario para asegurarse de que ambas partes est\u00e1n de acuerdo.<\/li>\n<li style=\"font-weight: 400;\" aria-level=\"1\">Finalice y certifique ante notario el acuerdo: Una vez revisado y acordado, ambas partes deben firmarlo y certificarlo ante notario. Esto prueba la autenticidad del acuerdo y confirma que ambas partes lo suscribieron voluntariamente.<\/li>\n<li style=\"font-weight: 400;\" aria-level=\"1\">Presente el PSA ante el Tribunal: Someta el documento finalizado a la aprobaci\u00f3n de un juez, haci\u00e9ndolo ejecutable seg\u00fan la ley de Virginia. Este \u00faltimo paso garantiza que el acuerdo se mantenga en caso de futuras disputas.<\/li>\n<\/ol>\n<p>Aunque cada acuerdo de liquidaci\u00f3n de bienes tiene t\u00e9rminos \u00fanicos, crear uno requiere paciencia, preparaci\u00f3n y una mente clara. Estos pasos construyen un acuerdo en el que ambas partes pueden confiar, pero a veces surgen desaf\u00edos, por lo que saber c\u00f3mo abordarlos por adelantado es igualmente valioso.<\/p>\n<h2>C\u00f3mo afrontar los retos comunes de los PSA<\/h2>\n<p>Incluso los mejores anuncios de servicio p\u00fablico pueden toparse con algunos baches, ya que surgen ciertos retos con m\u00e1s frecuencia de lo que se piensa. Abordar estas cuestiones por adelantado puede evitar malentendidos, p\u00e9rdidas de tiempo y estr\u00e9s. Un enfoque proactivo mantiene el acuerdo justo y eficaz, ayudando a ambas partes a evitar conflictos legales innecesarios.<\/p>\n<h3>Ambig\u00fcedades del lenguaje<\/h3>\n<p>Palabras como \u00abrazonable\u00bb o \u00abjusto\u00bb est\u00e1n demasiado abiertas a la interpretaci\u00f3n y pueden dar lugar a malentendidos. El uso de t\u00e9rminos precisos y definiciones claras elimina cualquier conjetura. Esta claridad garantiza que ambas partes entiendan el acuerdo a fondo, reduciendo la posibilidad de futuras disputas.<\/p>\n<h3>Omisiones o detalles pasados por alto<\/h3>\n<p>Algunos bienes y deudas, como las herencias familiares o las cuentas de jubilaci\u00f3n, son f\u00e1ciles de pasar por alto. Incluir cada detalle y prever cambios futuros, como ajustes en la manutenci\u00f3n de los hijos, mantiene el PSA relevante y minucioso, dejando poco margen para la disputa.<\/p>\n<h3>Barreras emocionales y psicol\u00f3gicas<\/h3>\n<p>Las emociones pueden complicar las discusiones sobre las condiciones. Mantenerse centrado en los objetivos a largo plazo, en lugar de reaccionar a las frustraciones a corto plazo, mantiene las cosas en su sitio. En este caso, una voz profesional puede guiar el proceso y ayudar a que las negociaciones sean civiles y constructivas.<\/p>\n<p>Abordar estos retos desde el principio es una de las mejores maneras de prevenir futuros malentendidos. Comunicarse con claridad y abordar las posibles \u00e1reas de conflicto por adelantado hacen que el acuerdo sea m\u00e1s s\u00f3lido, pero contar con un apoyo jur\u00eddico fiable tambi\u00e9n puede marcar una diferencia significativa.<\/p>\n<p><img decoding=\"async\" class=\"size-full wp-image-25184 aligncenter\" src=\"https:\/\/www.theirvinglawfirm.com\/wp-content\/uploads\/2025\/01\/abogado-de-liquidacion-de-bienes-resguarda-su-futuro.jpg\" alt=\"Abogado De Liquidaci\u00f3n De Bienes Resguarda Su Futuro\" width=\"800\" height=\"533\" srcset=\"https:\/\/www.theirvinglawfirm.com\/wp-content\/uploads\/2025\/01\/abogado-de-liquidacion-de-bienes-resguarda-su-futuro-200x133.jpg 200w, https:\/\/www.theirvinglawfirm.com\/wp-content\/uploads\/2025\/01\/abogado-de-liquidacion-de-bienes-resguarda-su-futuro-300x200.jpg 300w, https:\/\/www.theirvinglawfirm.com\/wp-content\/uploads\/2025\/01\/abogado-de-liquidacion-de-bienes-resguarda-su-futuro-400x267.jpg 400w, https:\/\/www.theirvinglawfirm.com\/wp-content\/uploads\/2025\/01\/abogado-de-liquidacion-de-bienes-resguarda-su-futuro-600x400.jpg 600w, https:\/\/www.theirvinglawfirm.com\/wp-content\/uploads\/2025\/01\/abogado-de-liquidacion-de-bienes-resguarda-su-futuro-768x512.jpg 768w, https:\/\/www.theirvinglawfirm.com\/wp-content\/uploads\/2025\/01\/abogado-de-liquidacion-de-bienes-resguarda-su-futuro.jpg 800w\" sizes=\"(max-width: 800px) 100vw, 800px\" \/><\/p>\n<h2>The Irving Law Firm le ayuda a planificar con confianza<\/h2>\n<p>Cuando se trata de asuntos familiares, sabemos que es m\u00e1s que papeleo &#8211; se trata de construir seguridad y tranquilidad para el futuro. Aqu\u00ed en <a href=\"https:\/\/www.theirvinglawfirm.com\/es\/\">The Irving Law Firm<\/a>, estamos dedicados a guiarle a trav\u00e9s de la creaci\u00f3n de un acuerdo de liquidaci\u00f3n de bienes que se adapte a sus necesidades.<\/p>\n<p>Desde la consulta inicial hasta la redacci\u00f3n, revisi\u00f3n y finalizaci\u00f3n de su PSA, nuestro equipo trabaja para asegurarse de que cada detalle sea claro y aplicable. Le ayudamos a gestionar cuestiones de derecho de familia como la divisi\u00f3n de bienes, la custodia de los hijos y la manutenci\u00f3n del c\u00f3nyuge. En todo ello, nuestro equipo adapta nuestros servicios para aportarle claridad, apoyo y confianza a lo largo de este proceso.<\/p>\n<p>Para las familias y parejas de Manassas y zonas cercanas, ofrecemos una mano firme cuando m\u00e1s se necesita. Perm\u00edtanos ayudarle a navegar por el proceso, sabiendo que su futuro est\u00e1 en manos fiables.<\/p>\n<p>Un acuerdo de liquidaci\u00f3n de bienes ofrece un marco fiable para gestionar la divisi\u00f3n de bienes, las condiciones de manutenci\u00f3n y los acuerdos de custodia durante un divorcio. Abordar cada aspecto por adelantado permite a las parejas tomar el control, evita conflictos, resguarda la intimidad y crea una transici\u00f3n m\u00e1s suave para ambas partes tras el divorcio.<\/p>\n<p>Involucrar a un abogado de divorcio experimentado puede marcar la diferencia a la hora de crear un PSA que sea legalmente s\u00f3lido y est\u00e9 listo para su aprobaci\u00f3n por el tribunal. The Irving Law Firm proporciona una orientaci\u00f3n completa durante todo el proceso, ayud\u00e1ndole a conseguir una protecci\u00f3n duradera.<\/p>\n","protected":false},"excerpt":{"rendered":"<p>El divorcio puede parecer un torbellino, con emociones y decisiones  [&#8230;]<\/p>\n","protected":false},"author":3,"featured_media":0,"parent":8374,"menu_order":0,"comment_status":"closed","ping_status":"closed","template":"","meta":{"_analytify_skip_tracking":false,"rank_math_title":"Abogado de liquidaci\u00f3n de bienes cerca de Manassas, VA","rank_math_description":"Garantice la estabilidad en su divorcio con un abogado de liquidaci\u00f3n de bienes. Proteja sus derechos y facilite la transici\u00f3n con un acuerdo claro. ","rank_math_focus_keyword":"abogado de liquidaci\u00f3n de bienes","rank_math_canonical_url":"","footnotes":""},"class_list":["post-25151","page","type-page","status-publish","hentry"],"acf":[],"_links":{"self":[{"href":"https:\/\/www.theirvinglawfirm.com\/es\/wp-json\/wp\/v2\/pages\/25151","targetHints":{"allow":["GET"]}}],"collection":[{"href":"https:\/\/www.theirvinglawfirm.com\/es\/wp-json\/wp\/v2\/pages"}],"about":[{"href":"https:\/\/www.theirvinglawfirm.com\/es\/wp-json\/wp\/v2\/types\/page"}],"author":[{"embeddable":true,"href":"https:\/\/www.theirvinglawfirm.com\/es\/wp-json\/wp\/v2\/users\/3"}],"replies":[{"embeddable":true,"href":"https:\/\/www.theirvinglawfirm.com\/es\/wp-json\/wp\/v2\/comments?post=25151"}],"version-history":[{"count":0,"href":"https:\/\/www.theirvinglawfirm.com\/es\/wp-json\/wp\/v2\/pages\/25151\/revisions"}],"up":[{"embeddable":true,"href":"https:\/\/www.theirvinglawfirm.com\/es\/wp-json\/wp\/v2\/pages\/8374"}],"wp:attachment":[{"href":"https:\/\/www.theirvinglawfirm.com\/es\/wp-json\/wp\/v2\/media?parent=25151"}],"curies":[{"name":"wp","href":"https:\/\/api.w.org\/{rel}","templated":true}]}}