{"id":25142,"date":"2025-01-09T00:55:42","date_gmt":"2025-01-09T00:55:42","guid":{"rendered":"https:\/\/www.theirvinglawfirm.com\/?page_id=25142"},"modified":"2025-01-09T00:55:44","modified_gmt":"2025-01-09T00:55:44","slug":"abuso-y-custodia-de-menores","status":"publish","type":"page","link":"https:\/\/www.theirvinglawfirm.com\/es\/areas-de-practica\/derecho-de-familia\/abuso-y-custodia-de-menores\/","title":{"rendered":"Abogado de abuso y custodia de menores protege a su familia"},"content":{"rendered":"<p><span style=\"font-weight: 400;\">Cuando la seguridad de un ni\u00f1o est\u00e1 en entredicho, el sistema de derecho de familia de Virginia da prioridad a su protecci\u00f3n. En esos momentos, los padres y tutores se ven a menudo inmersos en un torbellino de procedimientos legales para proteger lo que m\u00e1s importa. Cuando es tanto lo que est\u00e1 en juego, contar con un <a href=\"https:\/\/www.theirvinglawfirm.com\/es\/areas-de-practica\/derecho-de-familia\/\">abogado de abuso y custodia de menores<\/a> a su lado puede facilitar este proceso emocional. <\/span><\/p>\n<p><span style=\"font-weight: 400;\">Si cree que su hijo est\u00e1 sufriendo da\u00f1os, no es el \u00fanico que desea actuar con rapidez. Este art\u00edculo le ofrece una orientaci\u00f3n clara para reconocer el maltrato, denunciarlo y comprender los pasos que siguen en Virginia.<\/span><\/p>\n<p><img decoding=\"async\" class=\"size-full wp-image-25165 aligncenter\" src=\"https:\/\/www.theirvinglawfirm.com\/wp-content\/uploads\/2025\/01\/abogado-de-abuso-y-custodia-de-menores-en-manassas.jpg\" alt=\"Abogado De Abuso Y Custodia De Menores En Manassas\" width=\"800\" height=\"533\" srcset=\"https:\/\/www.theirvinglawfirm.com\/wp-content\/uploads\/2025\/01\/abogado-de-abuso-y-custodia-de-menores-en-manassas-200x133.jpg 200w, https:\/\/www.theirvinglawfirm.com\/wp-content\/uploads\/2025\/01\/abogado-de-abuso-y-custodia-de-menores-en-manassas-300x200.jpg 300w, https:\/\/www.theirvinglawfirm.com\/wp-content\/uploads\/2025\/01\/abogado-de-abuso-y-custodia-de-menores-en-manassas-400x267.jpg 400w, https:\/\/www.theirvinglawfirm.com\/wp-content\/uploads\/2025\/01\/abogado-de-abuso-y-custodia-de-menores-en-manassas-600x400.jpg 600w, https:\/\/www.theirvinglawfirm.com\/wp-content\/uploads\/2025\/01\/abogado-de-abuso-y-custodia-de-menores-en-manassas-768x512.jpg 768w, https:\/\/www.theirvinglawfirm.com\/wp-content\/uploads\/2025\/01\/abogado-de-abuso-y-custodia-de-menores-en-manassas.jpg 800w\" sizes=\"(max-width: 800px) 100vw, 800px\" \/><\/p>\n<h2>\u00bfC\u00f3mo reconocer el maltrato o el abandono infantil?<\/h2>\n<p><span style=\"font-weight: 400;\">El maltrato puede ser tanto f\u00edsico como emocional, y cada uno deja su propio tipo de da\u00f1o. El f\u00edsico incluye cualquier acci\u00f3n intencionada que cause lesiones, como pegar, zarandear u otras formas de agresi\u00f3n f\u00edsica. El emocional se refiere a los comportamientos que da\u00f1an el bienestar mental y emocional de un ni\u00f1o, como gritarle constantemente, menospreciarle o aislarle. <\/span><\/p>\n<p><span style=\"font-weight: 400;\">La negligencia, por otro lado, es cuando un padre o cuidador no satisface las necesidades b\u00e1sicas. No siempre es obvio: puede incluir cosas como dejar a un ni\u00f1o solo durante demasiado tiempo o no llevarlo al m\u00e9dico cuando es necesario. La negligencia emocional tambi\u00e9n se produce cuando los padres los dejan abandonados sin el amor y el apoyo que necesitan. <\/span><\/p>\n<p><span style=\"font-weight: 400;\">Reconocer los signos puede parecer como intentar armar un rompecabezas. Entre las pruebas m\u00e1s comunes de maltrato se encuentran los moretones inexplicables, los cambios repentinos de comportamiento o que el ni\u00f1o est\u00e9 inusualmente callado. En el caso de la negligencia, cosas como una higiene deficiente, faltar a la escuela con frecuencia o que el ni\u00f1o se quede solo durante mucho tiempo pueden hacer saltar las alarmas. <\/span><\/p>\n<p><span style=\"font-weight: 400;\">La familia, los profesores y los m\u00e9dicos suelen ser los primeros en darse cuenta de estos signos. Incluso los vecinos o miembros de la comunidad que vean algo sospechoso deber\u00edan decir algo. Siempre es mejor hablar si cree que un ni\u00f1o est\u00e1 experimentando esto \u00abm\u00e1s vale prevenir que lamentar\u00bb. <\/span><\/p>\n<p><span style=\"font-weight: 400;\">Una cosa es darse cuenta de que algo no va bien y otra saber actuar en consecuencia. La seguridad de un ni\u00f1o depende de que se tomen las medidas adecuadas. Una vez que detecte estas se\u00f1ales de alarma, la siguiente pregunta es: \u00bfQu\u00e9 ocurre cuando las denuncia? Un abogado para investigaciones sobre bienestar infantil puede guiarle a trav\u00e9s de sus efectos legales. <\/span><\/p>\n<h2>\u00bfD\u00f3nde denunciar estos casos?<\/h2>\n<p><span style=\"font-weight: 400;\">Cuando salen a la luz indicios de maltrato o abandono infantil, denunciarlos no es solo una responsabilidad moral, sino tambi\u00e9n legal para determinadas personas. En Virginia, la ley obliga a cualquier adulto de 18 a\u00f1os o m\u00e1s que haya recibido una formaci\u00f3n aprobada por el Departamento de Servicios Sociales a denunciar las sospechas de <a href=\"https:\/\/law.lis.virginia.gov\/vacode\/title63.2\/chapter15\/\" target=\"_blank\" rel=\"noopener\">maltrato o abandono infantil<\/a>. <\/span><\/p>\n<p><span style=\"font-weight: 400;\">Estas personas se conocen como informadores obligatorios y est\u00e1n legalmente obligados a intervenir. Normalmente se trata de profesionales como profesores, personal sanitario y trabajadores sociales. Sin embargo, cualquiera que crea que un ni\u00f1o est\u00e1 en peligro puede y debe denunciarlo, independientemente de su obligaci\u00f3n legal. <\/span><\/p>\n<p><span style=\"font-weight: 400;\">Si se encuentra en esta situaci\u00f3n, puede sentirse como si se adentrara en aguas desconocidas. Una vez que presente una denuncia, los Servicios de Protecci\u00f3n de Menores (SPI) inician una investigaci\u00f3n. Los SPI entrevistan al ni\u00f1o, a los padres y a otras personas vitales mientras visitan el hogar para evaluar las condiciones de vida. Su objetivo principal es garantizar la seguridad del ni\u00f1o. <\/span><\/p>\n<p><span style=\"font-weight: 400;\">La investigaci\u00f3n puede conducir a diferentes resultados. Los SPI pueden cerrar el caso si no hay pruebas que respalden las acusaciones, o pueden llevar el caso a los tribunales. Pueden producirse decisiones sobre la custodia, \u00f3rdenes de protecci\u00f3n o incluso el cese de la patria potestad. Un abogado de investigaciones de los servicios de protecci\u00f3n de menores (SPI) puede ayudarle a comprender sus implicaciones. <\/span><\/p>\n<h2>\u00bfInfluyen el abuso y la negligencia en el derecho familiar?<\/h2>\n<p><span style=\"font-weight: 400;\">Si cree que su hijo corre el riesgo de sufrir malos tratos o abandono, estas preocupaciones pueden pesar mucho en su coraz\u00f3n y en su mente. El sistema legal se vuelve cr\u00edtico para proteger su seguridad y su futuro. Comprender c\u00f3mo influyen estas demandas en los asuntos de derecho de familia puede ayudarle a tomar las medidas adecuadas para dar prioridad a su bienestar. <\/span><\/p>\n<h3>Custodia de los hijos<\/h3>\n<p><span style=\"font-weight: 400;\">Los tribunales se centran en lo que es mejor para el ni\u00f1o, pase lo que pase. Si un juez considera que un progenitor ha causado da\u00f1o o no ha protegido al ni\u00f1o, puede cambiar los arreglos. A veces, la custodia pasa por completo al progenitor no infractor y, en casos extremos, el acusado podr\u00eda incluso perder su patria potestad. <\/span><\/p>\n<h3>Derecho de visita<\/h3>\n<p><span style=\"font-weight: 400;\">Cuando el tribunal sospecha que un progenitor representa una amenaza para su hijo, puede limitar o detener por completo las visitas. En algunos casos, las visitas cesan durante un tiempo o el tribunal exige que otro adulto est\u00e9 presente hasta que se resuelva la situaci\u00f3n. El objetivo es siempre mantener al ni\u00f1o a salvo al tiempo que se permite a ambos progenitores mantener una relaci\u00f3n. <\/span><\/p>\n<h3>Manutenci\u00f3n de los hijos<\/h3>\n<p><span style=\"font-weight: 400;\">Si la custodia cambia, la manutenci\u00f3n de los hijos tambi\u00e9n podr\u00eda necesitar una segunda mirada. Si uno de los progenitores obtiene m\u00e1s custodia debido a las acusaciones, el acusado puede ver un cambio en las responsabilidades financieras. Un abogado de familia puede ayudarle a asegurarse de que estas decisiones son justas y se ajustan a lo que el ni\u00f1o necesita. <\/span><\/p>\n<p><span style=\"font-weight: 400;\">En las decisiones sobre custodia y manutenci\u00f3n intervienen algo m\u00e1s que los padres y los jueces. El guardi\u00e1n ad litem es fundamental en estos casos, ya que ofrece puntos de vista que influyen en gran medida en las decisiones del tribunal. Sus recomendaciones ayudan a garantizar que el bienestar del menor siga siendo la m\u00e1xima prioridad en cualquier resultado legal. <\/span><\/p>\n<h2>\u00bfCu\u00e1l es el papel de un guardi\u00e1n ad litem en estos casos?<\/h2>\n<p><span style=\"font-weight: 400;\">En los casos de maltrato y abandono de menores, el tribunal nombra a un Guardi\u00e1n ad Litem (GAL) como la voz del menor. Piense en el GAL como su defensor, que se asegura de que el tribunal comprenda su inter\u00e9s superior. Esta persona, normalmente un abogado, analiza los hechos entrevistando a los padres, a los profesores y al ni\u00f1o para hacerse una idea completa.<\/span><\/p>\n<p><img decoding=\"async\" class=\"size-full wp-image-25167 alignright\" src=\"https:\/\/www.theirvinglawfirm.com\/wp-content\/uploads\/2025\/01\/lo-que-necesita-saber-acerca-del-abuso-de-menores.jpg\" alt=\"Lo Que Necesita Saber Acerca Del Abuso De Menores\" width=\"300\" height=\"200\" srcset=\"https:\/\/www.theirvinglawfirm.com\/wp-content\/uploads\/2025\/01\/lo-que-necesita-saber-acerca-del-abuso-de-menores-200x133.jpg 200w, https:\/\/www.theirvinglawfirm.com\/wp-content\/uploads\/2025\/01\/lo-que-necesita-saber-acerca-del-abuso-de-menores.jpg 300w\" sizes=\"(max-width: 300px) 100vw, 300px\" \/><\/p>\n<p><span style=\"font-weight: 400;\">El GAL visitar\u00e1 el hogar del menor, hablar\u00e1 con figuras influyentes y observar\u00e1 su situaci\u00f3n vital. Tras recabar informaci\u00f3n, el GAL presenta un informe al tribunal con recomendaciones sobre la custodia, el r\u00e9gimen de visitas y las \u00f3rdenes de protecci\u00f3n. Su trabajo consiste en garantizar la seguridad y el bienestar general del menor. <\/span><\/p>\n<p><span style=\"font-weight: 400;\">Los puntos de vista de este profesional pueden influir significativamente en las decisiones del tribunal, por lo que entender c\u00f3mo funciona su papel es fundamental. Tener a su lado a un abogado de custodia de menores en casos de maltrato puede ayudarle a comprender mejor su papel en el proceso. <\/span><\/p>\n<p><span style=\"font-weight: 400;\">Aunque el guardi\u00e1n ad litem desempe\u00f1a un papel crucial, las familias deben saber que existen otras protecciones legales para resguardar la seguridad del menor. Los tribunales disponen de varias herramientas para hacer frente a las amenazas inmediatas y garantizar un entorno seguro. Comprender estas opciones puede dar a las familias la seguridad de que la ayuda est\u00e1 disponible cuando m\u00e1s se necesita. <\/span><\/p>\n<h2>\u00bfQu\u00e9 protecciones legales existen para mantener a salvo a los ni\u00f1os?<\/h2>\n<p><span style=\"font-weight: 400;\">Cuando un ni\u00f1o est\u00e1 en peligro, la ley proporciona redes de seguridad para protegerlo. Un abogado de abuso y custodia de menores puede ayudar a las familias a acceder a estas protecciones, garantizando que la protecci\u00f3n sea siempre la m\u00e1xima prioridad. <\/span><\/p>\n<h3>Traslado de emergencia y custodia temporal<\/h3>\n<p><span style=\"font-weight: 400;\">Si las cosas empeoran, los tribunales pueden intervenir r\u00e1pidamente ordenando la expulsi\u00f3n urgente de un menor de su hogar. Esto ocurre cuando los SPI o las fuerzas del orden creen que el ni\u00f1o est\u00e1 en peligro inmediato. Una vez retirado, el ni\u00f1o puede ir con un pariente, a un hogar de acogida o con el progenitor no agresor mientras contin\u00faan las investigaciones. <\/span><\/p>\n<h3>\u00d3rdenes de protecci\u00f3n y de alejamiento<\/h3>\n<p><span style=\"font-weight: 400;\">En Virginia, los tribunales pueden emitir \u00f3rdenes de protecci\u00f3n para mantener a salvo a un menor. \u00c9stas pueden proporcionar una protecci\u00f3n inmediata o abarcar un per\u00edodo prolongado. Las \u00f3rdenes de alejamiento pueden impedir que el acusado contacte o se acerque al ni\u00f1o, garantizando un espacio seguro mientras se desarrolla el caso. <\/span><\/p>\n<h3>Cese de la patria potestad<\/h3>\n<p><span style=\"font-weight: 400;\">En los casos m\u00e1s extremos, el tribunal despoja a un progenitor de sus derechos cuando el peligro continuo para el ni\u00f1o es evidente. Esto significa que ya no tienen responsabilidades legales ni derechos para tomar decisiones sobre la vida del ni\u00f1o. Un abogado puede ayudar a asegurarse de que el juez considere todas las partes antes de tomar una decisi\u00f3n tan duradera. <\/span><\/p>\n<p><span style=\"font-weight: 400;\">Estas protecciones proporcionan una seguridad vital para los ni\u00f1os, pero comprender estos pasos legales requiere experiencia y un enfoque firme. La representaci\u00f3n legal ayuda a garantizar que el tribunal d\u00e9 prioridad al inter\u00e9s superior de la familia. <\/span><\/p>\n<h2>\u00bfC\u00f3mo puede ayudar un abogado de abuso y custodia de menores?<\/h2>\n<p><span style=\"font-weight: 400;\">Los casos de abuso y negligencia infantil son emocional y legalmente complejos, especialmente cuando la seguridad de su ser querido est\u00e1 en peligro. Estas acusaciones conllevan mucho en juego, afectando a diversos asuntos, desde los acuerdos de custodia hasta la patria potestad. Un abogado de familia con experiencia en casos de maltrato puede ofrecerle una orientaci\u00f3n crucial, protegiendo activamente el inter\u00e9s superior de su hijo. <\/span><\/p>\n<p><span style=\"font-weight: 400;\">Adem\u00e1s, tambi\u00e9n existe la posibilidad de que las acusaciones sean falsas o exageradas. Esto puede da\u00f1ar reputaciones, relaciones y familias, dejando cicatrices duraderas. La ayuda legal en caso de falsas demandas por abuso infantil puede contribuir a limpiar su nombre y ayudarle a reclamar sus derechos. En estas situaciones de alto riesgo, contar con una representaci\u00f3n cualificada es fundamental para garantizar la seguridad de su hijo.<\/span><\/p>\n<p><img decoding=\"async\" class=\"size-full wp-image-25169 aligncenter\" src=\"https:\/\/www.theirvinglawfirm.com\/wp-content\/uploads\/2025\/01\/abogado-de-abuso-y-custodia-de-menores-le-ayuda.jpg\" alt=\"Abogado De Abuso Y Custodia De Menores Le Ayuda\" width=\"800\" height=\"433\" srcset=\"https:\/\/www.theirvinglawfirm.com\/wp-content\/uploads\/2025\/01\/abogado-de-abuso-y-custodia-de-menores-le-ayuda-200x108.jpg 200w, https:\/\/www.theirvinglawfirm.com\/wp-content\/uploads\/2025\/01\/abogado-de-abuso-y-custodia-de-menores-le-ayuda-300x162.jpg 300w, https:\/\/www.theirvinglawfirm.com\/wp-content\/uploads\/2025\/01\/abogado-de-abuso-y-custodia-de-menores-le-ayuda-400x217.jpg 400w, https:\/\/www.theirvinglawfirm.com\/wp-content\/uploads\/2025\/01\/abogado-de-abuso-y-custodia-de-menores-le-ayuda-600x325.jpg 600w, https:\/\/www.theirvinglawfirm.com\/wp-content\/uploads\/2025\/01\/abogado-de-abuso-y-custodia-de-menores-le-ayuda-768x416.jpg 768w, https:\/\/www.theirvinglawfirm.com\/wp-content\/uploads\/2025\/01\/abogado-de-abuso-y-custodia-de-menores-le-ayuda.jpg 800w\" sizes=\"(max-width: 800px) 100vw, 800px\" \/><\/p>\n<h2>\u00bfC\u00f3mo The Irving Law Firm puede proteger a sus hijos?<\/h2>\n<p><span style=\"font-weight: 400;\">En <a href=\"https:\/\/www.theirvinglawfirm.com\/es\/\">The Irving Law Firm<\/a>\u00a0entendemos que proteger a sus hijos est\u00e1 en lo m\u00e1s alto de sus prioridades. Con a\u00f1os de experiencia en derecho de familia, nuestro equipo est\u00e1 aqu\u00ed para estar a su lado. Ya sea que est\u00e9 atrapado en una investigaci\u00f3n de abuso infantil o luchando por la custodia, lucharemos con usted en cada paso del camino. <\/span><\/p>\n<p><span style=\"font-weight: 400;\">Podemos ayudar con las investigaciones de los SPI, la gesti\u00f3n de disputas por la custodia y la obtenci\u00f3n de \u00f3rdenes de protecci\u00f3n. Nuestro equipo conoce lo mucho que est\u00e1 en juego y se compromete a garantizar un futuro seguro para su familia. P\u00f3ngase en contacto con nosotros hoy mismo para programar una evaluaci\u00f3n y saber c\u00f3mo podemos ayudarle. <\/span><\/p>\n<h2>Resumen<\/h2>\n<p><span style=\"font-weight: 400;\">Cuando aparecen indicios de maltrato, el sistema legal puede intervenir para proteger al ni\u00f1o de cualquier da\u00f1o. Los tribunales pueden ajustar la custodia, las visitas y la patria potestad para proporcionar un entorno seguro. Tras una denuncia, los Servicios de Protecci\u00f3n de Menores (SPI) pueden retirar al ni\u00f1o del entorno abusivo o solicitar \u00f3rdenes de protecci\u00f3n para garantizar su bienestar. <\/span><\/p>\n<p><span style=\"font-weight: 400;\">Contar con un abogado de familia es fundamental a la hora de enfrentarse a estos retos. The Irving Law Firm ofrece una representaci\u00f3n compasiva y experimentada, ayudando a las familias a navegar por las acusaciones, defender sus derechos y proteger el futuro de sus hijos. <\/span><\/p>\n","protected":false},"excerpt":{"rendered":"<p>Cuando la seguridad de un ni\u00f1o est\u00e1 en entredicho, el  [&#8230;]<\/p>\n","protected":false},"author":3,"featured_media":0,"parent":8374,"menu_order":0,"comment_status":"closed","ping_status":"closed","template":"","meta":{"_analytify_skip_tracking":false,"rank_math_title":"Abogado de abuso y custodia de menores en Manassas, VA","rank_math_description":"Abogado de abuso y custodia de menores: Proteja el bienestar de su hijo. Sepa c\u00f3mo afecta el maltrato a la custodia y las visitas con un abogado. ","rank_math_focus_keyword":"Abogado de abuso y custodia de menores","rank_math_canonical_url":"","footnotes":""},"class_list":["post-25142","page","type-page","status-publish","hentry"],"acf":[],"_links":{"self":[{"href":"https:\/\/www.theirvinglawfirm.com\/es\/wp-json\/wp\/v2\/pages\/25142","targetHints":{"allow":["GET"]}}],"collection":[{"href":"https:\/\/www.theirvinglawfirm.com\/es\/wp-json\/wp\/v2\/pages"}],"about":[{"href":"https:\/\/www.theirvinglawfirm.com\/es\/wp-json\/wp\/v2\/types\/page"}],"author":[{"embeddable":true,"href":"https:\/\/www.theirvinglawfirm.com\/es\/wp-json\/wp\/v2\/users\/3"}],"replies":[{"embeddable":true,"href":"https:\/\/www.theirvinglawfirm.com\/es\/wp-json\/wp\/v2\/comments?post=25142"}],"version-history":[{"count":0,"href":"https:\/\/www.theirvinglawfirm.com\/es\/wp-json\/wp\/v2\/pages\/25142\/revisions"}],"up":[{"embeddable":true,"href":"https:\/\/www.theirvinglawfirm.com\/es\/wp-json\/wp\/v2\/pages\/8374"}],"wp:attachment":[{"href":"https:\/\/www.theirvinglawfirm.com\/es\/wp-json\/wp\/v2\/media?parent=25142"}],"curies":[{"name":"wp","href":"https:\/\/api.w.org\/{rel}","templated":true}]}}