{"id":25061,"date":"2025-01-18T00:11:17","date_gmt":"2025-01-18T00:11:17","guid":{"rendered":"https:\/\/www.theirvinglawfirm.com\/?page_id=25061"},"modified":"2026-04-27T19:22:44","modified_gmt":"2026-04-27T19:22:44","slug":"paternidad","status":"publish","type":"page","link":"https:\/\/www.theirvinglawfirm.com\/es\/ubicaciones\/arlington-va\/abogado-de-familia\/paternidad\/","title":{"rendered":"Un abogado de paternidad en Arlington protege sus intereses"},"content":{"rendered":"<p>Nadie deber\u00eda tener que luchar por el derecho a ser conocido como el padre de su hijo. Sin embargo, para muchos, afirmar la paternidad se convierte en un paso necesario para obtener el reconocimiento legal. Un <a href=\"https:\/\/www.theirvinglawfirm.com\/es\/ubicaciones\/arlington-va\/abogado-de-familia\/\">abogado de paternidad en Arlington<\/a> puede proporcionarle una orientaci\u00f3n inestimable para establecer una conexi\u00f3n con su hijo y proteger sus derechos.<\/p>\n<p>Este art\u00edculo explica c\u00f3mo Virginia establece la paternidad legal y las implicaciones que tiene. Tambi\u00e9n cubre los casos en los que se cuestiona esta relaci\u00f3n, as\u00ed como situaciones complejas relacionadas con las adopciones y la concepci\u00f3n asistida. Sean cuales sean sus circunstancias, una orientaci\u00f3n legal adecuada resulta esencial.<\/p>\n<p><img decoding=\"async\" class=\"size-full wp-image-25075 aligncenter\" src=\"https:\/\/www.theirvinglawfirm.com\/wp-content\/uploads\/2025\/01\/abogado-de-paternidad-en-arlington-asegura-sus-derechos.jpg\" alt=\"Abogado De Paternidad En Arlington Asegura Sus Derechos\" width=\"800\" height=\"556\" srcset=\"https:\/\/www.theirvinglawfirm.com\/wp-content\/uploads\/2025\/01\/abogado-de-paternidad-en-arlington-asegura-sus-derechos-200x139.jpg 200w, https:\/\/www.theirvinglawfirm.com\/wp-content\/uploads\/2025\/01\/abogado-de-paternidad-en-arlington-asegura-sus-derechos-300x209.jpg 300w, https:\/\/www.theirvinglawfirm.com\/wp-content\/uploads\/2025\/01\/abogado-de-paternidad-en-arlington-asegura-sus-derechos-400x278.jpg 400w, https:\/\/www.theirvinglawfirm.com\/wp-content\/uploads\/2025\/01\/abogado-de-paternidad-en-arlington-asegura-sus-derechos-600x417.jpg 600w, https:\/\/www.theirvinglawfirm.com\/wp-content\/uploads\/2025\/01\/abogado-de-paternidad-en-arlington-asegura-sus-derechos-768x534.jpg 768w, https:\/\/www.theirvinglawfirm.com\/wp-content\/uploads\/2025\/01\/abogado-de-paternidad-en-arlington-asegura-sus-derechos.jpg 800w\" sizes=\"(max-width: 800px) 100vw, 800px\" \/><\/p>\n<h2>\u00bfPor qu\u00e9 es importante establecer la paternidad?<\/h2>\n<p>La paternidad identifica legalmente al padre de un ni\u00f1o, asegurando que ambos progenitores comparten los derechos y responsabilidades de la paternidad. La ley de Virginia suele dar prioridad al bienestar del ni\u00f1o en los asuntos familiares, por lo que este paso es esencial para su bienestar. Independientemente del estado civil de los padres, el reconocimiento legal del padre proporciona al ni\u00f1o una base estable para el futuro.<\/p>\n<p>Tener una relaci\u00f3n s\u00f3lida con su hijo o hija puede reforzar su identidad. Conocer a ambos padres puede aumentar la autoestima y fomentar un sentimiento de pertenencia. Los ni\u00f1os se benefician emocionalmente cuando se sienten queridos y apoyados por la familia. Establecer legalmente la paternidad tambi\u00e9n proporciona ventajas tangibles. Garantiza unas responsabilidades parentales compartidas, en las que ambos progenitores contribuyen al cuidado del ni\u00f1o, incluyendo la alimentaci\u00f3n, la ropa, el alojamiento y las necesidades m\u00e9dicas.<\/p>\n<p>La confirmaci\u00f3n de la paternidad proporciona claridad y seguridad tanto al padre como al hijo, creando una base para los compromisos compartidos y las conexiones significativas. Comprender los m\u00e9todos legales para establecer este v\u00ednculo es esencial para reconocer estos derechos.<\/p>\n<h2>\u00bfC\u00f3mo se confirma la paternidad en Virginia?<\/h2>\n<p>El reconocimiento legal de la paternidad es un proceso estructurado dise\u00f1ado para proteger los derechos de los ni\u00f1os y de los padres. El m\u00e9todo utilizado depende de su relaci\u00f3n, del nivel de acuerdo y de si existen dudas sobre la paternidad biol\u00f3gica. Cada v\u00eda ofrece sus ventajas.<\/p>\n<h3>Presunci\u00f3n de paternidad<\/h3>\n<p>La ley de Virginia presume que el marido es el padre cuando nace un ni\u00f1o de padres casados. Esta presunci\u00f3n simplifica las cosas para las familias casadas, ya que no se necesitan m\u00e1s tr\u00e1mites legales para confirmar la paternidad.<\/p>\n<p>Sin embargo, el marido puede impugnar esta presunci\u00f3n si cuestiona la relaci\u00f3n parental.<\/p>\n<h3>Reconocimiento voluntario<\/h3>\n<p>Para las parejas no casadas, el establecimiento de la paternidad comienza con la firma de un <a href=\"https:\/\/www.vdh.virginia.gov\/content\/uploads\/sites\/125\/2017\/05\/Acknowledgement_of_Paternity_VS22_07-04.pdf\" target=\"_blank\" rel=\"noopener\">formulario de Reconocimiento Voluntario de Paternidad (AOP)<\/a>. Ambos progenitores firman el documento para identificar legalmente al padre. Este formulario suele rellenarse en el hospital tras el nacimiento del ni\u00f1o, pero tambi\u00e9n puede firmarse en las cl\u00ednicas del departamento de salud local o en los servicios sociales. El proceso es sencillo siempre que ambos progenitores est\u00e9n de acuerdo. Una vez firmado, el reconocimiento pasa a ser legalmente vinculante al cabo de 60 d\u00edas.<\/p>\n<h3>Pruebas gen\u00e9ticas<\/h3>\n<p>Cuando existe incertidumbre sobre la paternidad de un ni\u00f1o, las pruebas gen\u00e9ticas ofrecen una forma fiable de verificar o refutar la paternidad. Este m\u00e9todo cient\u00edfico analiza el ADN del presunto padre, la madre y el ni\u00f1o y se considera altamente preciso. En Virginia, los tribunales aceptan los resultados de las pruebas de ADN con una probabilidad de paternidad del 98% o superior.<\/p>\n<h3>\u00d3rdenes judiciales<\/h3>\n<p>La intervenci\u00f3n judicial puede ser necesaria en disputas sobre la paternidad. Por ejemplo, si una madre solicita la manutenci\u00f3n de sus hijos y el presunto padre niega su responsabilidad, el tribunal puede intervenir para resolver el asunto. Los jueces suelen ordenar pruebas gen\u00e9ticas para confirmar la paternidad. Una vez confirmado, el tribunal decide sobre la custodia, el r\u00e9gimen de visitas y la manutenci\u00f3n econ\u00f3mica.<\/p>\n<h3>Adopci\u00f3n<\/h3>\n<p>Un hombre que adopta legalmente a un ni\u00f1o asume plenamente el papel de padre del ni\u00f1o. La adopci\u00f3n establece una relaci\u00f3n legal permanente, que otorga todos los derechos y responsabilidades de la paternidad. Esto puede ocurrir mediante la adopci\u00f3n por padrastro o madrastra, en la que un marido adopta al hijo de su c\u00f3nyuge, u otras formas de adopci\u00f3n. Una vez finalizada, la ley de Virginia reconoce al padre adoptivo como padre legal.<\/p>\n<p>Comprender estas v\u00edas permite a los padres tomar medidas proactivas para asegurar su relaci\u00f3n legal con sus hijos. Tambi\u00e9n abren la puerta a discusiones significativas sobre los derechos y responsabilidades de ser un padre legal.<\/p>\n<h2>\u00bfQu\u00e9 implicaciones tiene la confirmaci\u00f3n de la paternidad?<\/h2>\n<p>La confirmaci\u00f3n de la paternidad afecta significativamente al ni\u00f1o y a los padres desde el punto de vista legal y personal. Establecer esta relaci\u00f3n crea una base de derechos, responsabilidades y oportunidades futuras que benefician a todos los implicados.<\/p>\n<ul>\n<li aria-level=\"1\">Custodia y visitas: La paternidad verificada le permite solicitar la custodia o derechos de visita, asegurando que pueda desempe\u00f1ar un papel activo en la vida de su hijo. Tambi\u00e9n ayuda a asegurar una relaci\u00f3n estable y consistente entre usted y su hijo.<\/li>\n<li aria-level=\"1\">Obligaciones de manutenci\u00f3n de los hijos: Una vez que el tribunal establece la paternidad, usted debe proporcionar apoyo financiero para cubrir las necesidades de vivienda, educaci\u00f3n y atenci\u00f3n sanitaria de su hijo.<\/li>\n<li aria-level=\"1\">Derechos de sucesi\u00f3n: Un hijo puede heredar de su patrimonio, incluso si usted fallece sin testamento. Esta protecci\u00f3n legal asegura su futuro acceso a sus bienes, beneficios o propiedades.<\/li>\n<li aria-level=\"1\">Informaci\u00f3n m\u00e9dica y sanitaria: Establecer el reconocimiento legal de la filiaci\u00f3n le da a su hijo acceso a su historial m\u00e9dico, lo que ayuda a identificar afecciones o riesgos gen\u00e9ticos para la salud. Tambi\u00e9n pueden beneficiarse de su seguro m\u00e9dico y otras ayudas m\u00e9dicas.<\/li>\n<li style=\"font-weight: 400;\" aria-level=\"1\">Cambio de nombre: La confirmaci\u00f3n de la paternidad le permite a\u00f1adir su nombre al certificado de nacimiento del ni\u00f1o. Este paso ayuda a alinear su identidad con la relaci\u00f3n parental establecida.<\/li>\n<\/ul>\n<p>La confirmaci\u00f3n de la paternidad crea un marco jur\u00eddico claro que protege los intereses de la familia. Cuando surgen disputas o dudas, la impugnaci\u00f3n puede resultar necesaria para abordar asuntos persistentes.<\/p>\n<h2>\u00bfC\u00f3mo impugnar las demandas de paternidad?<\/h2>\n<p>Los hombres pueden impugnar las demandas cuando creen que no son el padre biol\u00f3gico del ni\u00f1o. Esta situaci\u00f3n puede derivarse de una informaci\u00f3n err\u00f3nea, un enga\u00f1o o nuevas pruebas que generen incertidumbre. En otros casos, las dudas pueden surgir si se entera de la existencia del ni\u00f1o de forma inesperada u otra persona afirma ser el padre.<\/p>\n<p><img decoding=\"async\" class=\"size-full wp-image-25077 alignright\" src=\"https:\/\/www.theirvinglawfirm.com\/wp-content\/uploads\/2025\/01\/abogado-de-familia-en-arlington-defiende-sus-derechos.jpg\" alt=\"Abogado De Familia En Arlington Defiende Sus Derechos\" width=\"300\" height=\"200\" srcset=\"https:\/\/www.theirvinglawfirm.com\/wp-content\/uploads\/2025\/01\/abogado-de-familia-en-arlington-defiende-sus-derechos-200x133.jpg 200w, https:\/\/www.theirvinglawfirm.com\/wp-content\/uploads\/2025\/01\/abogado-de-familia-en-arlington-defiende-sus-derechos.jpg 300w\" sizes=\"(max-width: 300px) 100vw, 300px\" \/><\/p>\n<p>El proceso comienza presentando una petici\u00f3n ante el tribunal para impugnar la reclamaci\u00f3n. En la mayor\u00eda de los casos, los jueces ordenan pruebas gen\u00e9ticas para confirmar o refutar la paternidad biol\u00f3gica; sin embargo, el momento es importante. Los retrasos en la impugnaci\u00f3n de la paternidad pueden dificultar la disputa de las reclamaciones. Esto es especialmente cierto si ha firmado un Reconocimiento de Paternidad (AOP) u otros documentos legales.<\/p>\n<p>Pueden surgir obst\u00e1culos adicionales si se le han exigido responsabilidades legales como la manutenci\u00f3n econ\u00f3mica. Un tribunal puede dictaminar que usted no es el padre biol\u00f3gico, pero esto no pone fin autom\u00e1ticamente a las \u00f3rdenes de manutenci\u00f3n o custodia. Esta complejidad exige una representaci\u00f3n legal eficaz para abordar las preocupaciones de los padres. Un abogado de paternidad experimentado adquiere aun m\u00e1s importancia en casos poco convencionales, como la adopci\u00f3n o la reproducci\u00f3n asistida.<\/p>\n<h2>\u00bfPor qu\u00e9 contratar a un abogado de paternidad en Arlington?<\/h2>\n<p>Los casos de paternidad pueden volverse m\u00e1s dif\u00edciles cuando implican adopci\u00f3n, gestaci\u00f3n subrogada o concepci\u00f3n asistida. Estas situaciones suelen requerir un cuidadoso enfoque jur\u00eddico para defender y proteger sus derechos. Comprender los matices de las leyes de Virginia en estos casos es fundamental para lograr una resoluci\u00f3n justa y legal.<\/p>\n<h3>Casos de adopci\u00f3n<\/h3>\n<p>Las disputas sobre la paternidad surgen a menudo en los escenarios de adopci\u00f3n cuando un padre biol\u00f3gico impugna el proceso o se le pide que d\u00e9 su consentimiento. Los padres deben emprender acciones legales para proteger sus derechos parentales y asegurarse de que el tribunal escuche sus voces. Un abogado le ayuda a cumplir todos los requisitos y plazos al tiempo que defiende sus intereses ante el tribunal.<\/p>\n<h3>Acuerdos de gestaci\u00f3n subrogada<\/h3>\n<p>La maternidad subrogada conlleva sus propios retos legales, en particular para los futuros padres. Establecer una relaci\u00f3n legal en estos casos implica a menudo navegar por acuerdos escritos, historiales m\u00e9dicos y aprobaciones judiciales. Con una representaci\u00f3n adecuada, puede evitar retrasos o bloqueos legales que podr\u00edan complicar su condici\u00f3n de padre. Un abogado garantiza el cumplimiento de las leyes de maternidad subrogada de Virginia para evitar futuros conflictos de paternidad.<\/p>\n<h3>Tecnolog\u00edas de reproducci\u00f3n asistida (TRA)<\/h3>\n<p>Las tecnolog\u00edas de reproducci\u00f3n asistida, incluida la transferencia de embriones congelados (FET) y la fecundaci\u00f3n in vitro (FIV), requieren acuerdos legales precisos para definir los derechos de los padres. Los futuros padres pueden necesitar establecer la paternidad siguiendo procedimientos espec\u00edficos. Los malentendidos o los acuerdos incompletos pueden dar lugar a disputas legales, principalmente cuando las expectativas de paternidad difieren. Un abogado garantiza que las leyes de concepci\u00f3n asistida se cumplan y los acuerdos se ajusten a sus intenciones.<\/p>\n<p>Abordar la filiaci\u00f3n biol\u00f3gica en casos poco convencionales exige un enfoque jur\u00eddico preciso. Para los padres que se enfrentan a estos retos \u00fanicos, una firma de abogados de paternidad en Arlington puede proporcionar la claridad y la tranquilidad que tanto necesitan.<\/p>\n<p><img decoding=\"async\" class=\"aligncenter wp-image-25937 size-full\" src=\"https:\/\/www.theirvinglawfirm.com\/wp-content\/uploads\/2025\/01\/abogados-de-paternidad-en-arlington-protegen-sus-derechos.jpg\" alt=\"Abogados De Paternidad En Arlington Protegen Sus Derechos\" width=\"800\" height=\"533\" srcset=\"https:\/\/www.theirvinglawfirm.com\/wp-content\/uploads\/2025\/01\/abogados-de-paternidad-en-arlington-protegen-sus-derechos-200x133.jpg 200w, https:\/\/www.theirvinglawfirm.com\/wp-content\/uploads\/2025\/01\/abogados-de-paternidad-en-arlington-protegen-sus-derechos-300x200.jpg 300w, https:\/\/www.theirvinglawfirm.com\/wp-content\/uploads\/2025\/01\/abogados-de-paternidad-en-arlington-protegen-sus-derechos-400x267.jpg 400w, https:\/\/www.theirvinglawfirm.com\/wp-content\/uploads\/2025\/01\/abogados-de-paternidad-en-arlington-protegen-sus-derechos-600x400.jpg 600w, https:\/\/www.theirvinglawfirm.com\/wp-content\/uploads\/2025\/01\/abogados-de-paternidad-en-arlington-protegen-sus-derechos-768x512.jpg 768w, https:\/\/www.theirvinglawfirm.com\/wp-content\/uploads\/2025\/01\/abogados-de-paternidad-en-arlington-protegen-sus-derechos.jpg 800w\" sizes=\"(max-width: 800px) 100vw, 800px\" \/><\/p>\n<h2>\u00bfC\u00f3mo puede The Irving Law Firm proteger sus derechos?<\/h2>\n<p>La paternidad es un viaje que a veces requiere tomar medidas legales para proteger sus derechos. Ya sea que est\u00e9 buscando el reconocimiento legal como padre o disputando una reclamaci\u00f3n de paternidad, el camino a seguir puede sentirse incierto. En <a href=\"https:\/\/www.theirvinglawfirm.com\/es\/ubicaciones\/arlington-va\/\">The Irving Law Firm<\/a>, le proporcionamos la claridad y el apoyo que necesita para manejar con confianza estos asuntos.<\/p>\n<p>Nuestro equipo le gu\u00eda en cada paso del proceso, desde la presentaci\u00f3n de las peticiones hasta su representaci\u00f3n ante el tribunal. Si est\u00e1 luchando por la custodia o los derechos de visita, trabajaremos para presentar un caso s\u00f3lido que destaque su papel y compromiso como padre. Para quienes se enfrentan a obligaciones financieras, nuestra firma se asegura de que las decisiones sobre paternidad se basen en pruebas precisas y adecuadas.<\/p>\n<p>Desde la representaci\u00f3n ante los tribunales hasta la redacci\u00f3n de acuerdos legalmente vinculantes, nos ocupamos de cada detalle con precisi\u00f3n. Los padres merecen el derecho a construir relaciones significativas con sus hijos y tomar decisiones informadas sobre su futuro. The Irving Law Firm est\u00e1 aqu\u00ed para ayudarle a obtener resultados que resguarden su futuro y el bienestar de su hijo.<\/p>\n<h2>Resumen<\/h2>\n<p>La paternidad establece legalmente la relaci\u00f3n de un padre con un hijo y determina los principales derechos y responsabilidades. En Virginia, puede confirmarla mediante reconocimiento voluntario, pruebas gen\u00e9ticas u \u00f3rdenes judiciales. Afirmar una relaci\u00f3n legal le permite solicitar la custodia, el r\u00e9gimen de visitas y un papel activo en la vida de su hijo. Tambi\u00e9n garantiza que los hijos reciban apoyo financiero, derechos de herencia y acceso a informaci\u00f3n m\u00e9dica importante.<\/p>\n<p><span style=\"font-weight: 400;\">Establecer o cuestionar la paternidad puede ser emocional y legalmente complicado. En The Irving Law Firm, entendemos lo importante que es resolver los asuntos de paternidad de manera eficiente. Nuestro equipo se compromete a guiarle a trav\u00e9s de cada paso, asegurando que su voz sea escuchada y sus derechos defendidos. <\/span><\/p>\n","protected":false},"excerpt":{"rendered":"<p>Nadie deber\u00eda tener que luchar por el derecho a ser  [&#8230;]<\/p>\n","protected":false},"author":3,"featured_media":0,"parent":19028,"menu_order":0,"comment_status":"closed","ping_status":"closed","template":"","meta":{"_analytify_skip_tracking":false,"rank_math_title":"Un abogado de paternidad en Arlington protege sus derechos","rank_math_description":"Un abogado de paternidad en Arlington le ayuda a establecer o impugnar reclamaciones de paternidad. Proteja sus derechos con orientaci\u00f3n legal.","rank_math_focus_keyword":"Abogado de paternidad en Arlington","rank_math_canonical_url":"","footnotes":""},"class_list":["post-25061","page","type-page","status-publish","hentry"],"acf":[],"_links":{"self":[{"href":"https:\/\/www.theirvinglawfirm.com\/es\/wp-json\/wp\/v2\/pages\/25061","targetHints":{"allow":["GET"]}}],"collection":[{"href":"https:\/\/www.theirvinglawfirm.com\/es\/wp-json\/wp\/v2\/pages"}],"about":[{"href":"https:\/\/www.theirvinglawfirm.com\/es\/wp-json\/wp\/v2\/types\/page"}],"author":[{"embeddable":true,"href":"https:\/\/www.theirvinglawfirm.com\/es\/wp-json\/wp\/v2\/users\/3"}],"replies":[{"embeddable":true,"href":"https:\/\/www.theirvinglawfirm.com\/es\/wp-json\/wp\/v2\/comments?post=25061"}],"version-history":[{"count":1,"href":"https:\/\/www.theirvinglawfirm.com\/es\/wp-json\/wp\/v2\/pages\/25061\/revisions"}],"predecessor-version":[{"id":46841,"href":"https:\/\/www.theirvinglawfirm.com\/es\/wp-json\/wp\/v2\/pages\/25061\/revisions\/46841"}],"up":[{"embeddable":true,"href":"https:\/\/www.theirvinglawfirm.com\/es\/wp-json\/wp\/v2\/pages\/19028"}],"wp:attachment":[{"href":"https:\/\/www.theirvinglawfirm.com\/es\/wp-json\/wp\/v2\/media?parent=25061"}],"curies":[{"name":"wp","href":"https:\/\/api.w.org\/{rel}","templated":true}]}}