{"id":24540,"date":"2024-12-23T23:46:30","date_gmt":"2024-12-23T23:46:30","guid":{"rendered":"https:\/\/www.theirvinglawfirm.com\/?page_id=24540"},"modified":"2026-04-30T12:50:11","modified_gmt":"2026-04-30T12:50:11","slug":"segundo-dui","status":"publish","type":"page","link":"https:\/\/www.theirvinglawfirm.com\/es\/ubicaciones\/arlington-va\/abogado-de-defensa-criminal\/dui\/segundo-dui\/","title":{"rendered":"Abogado de segundo DUI en Arlington VA"},"content":{"rendered":"<p><span style=\"font-weight: 400;\">Las leyes sobre conducir bajo los efectos del alcohol (DUI) en Virginia no se detienen. Si se trata de una reincidencia, podr\u00eda enfrentarse a penas de c\u00e1rcel obligatorias, multas m\u00e1s elevadas y el riesgo de perder su licencia durante varios a\u00f1os. Con tanto en juego, tener un <a href=\"https:\/\/www.theirvinglawfirm.com\/es\/ubicaciones\/arlington-va\/abogado-de-defensa-criminal\/dui\/\">abogado de segundo DUI en Arlington<\/a> a su lado puede marcar una diferencia significativa. <\/span><\/p>\n<p><span style=\"font-weight: 400;\">Si se siente abrumado por su situaci\u00f3n actual, este art\u00edculo puede proporcionarle la claridad que tanto necesita. Inf\u00f3rmese sobre las penas de Virginia por reincidencia en DUI, los factores que podr\u00edan intensificar su caso y los pasos a seguir. Con estos conocimientos, podr\u00e1 prepararse para una experiencia m\u00e1s sencilla. <\/span><\/p>\n<h2>Observaci\u00f3n de Virginia sobre una segunda infracci\u00f3n de DUI<\/h2>\n<p><span style=\"font-weight: 400;\">En Virginia, conducir bajo los efectos de las drogas se refiere a conducir un veh\u00edculo en estado de embriaguez por drogas, alcohol o ambos. Cuando se trata de reincidencia, el Estado adopta una postura a\u00fan m\u00e1s dura. Una segunda infracci\u00f3n por conducir bajo los efectos del alcohol en un plazo determinado tiene consecuencias mayores, lo que acent\u00faa la gravedad de ser reincidente. <\/span><\/p>\n<p><span style=\"font-weight: 400;\">El per\u00edodo de \u00abretrospecci\u00f3n\u00bb desempe\u00f1a un papel importante en la forma en que Virginia trata una segunda DUI. Este per\u00edodo, normalmente de cinco a diez a\u00f1os, significa que una segunda DUI cuenta como reincidencia, incluso si la primera ocurri\u00f3 fuera del estado. Si la acusaci\u00f3n se produce dentro de este plazo, puede acarrear mayores consecuencias.<\/span><\/p>\n<p><img decoding=\"async\" class=\"size-full wp-image-24671 aligncenter\" src=\"https:\/\/www.theirvinglawfirm.com\/wp-content\/uploads\/2024\/12\/servicios-de-abogado-de-segundo-dui-en-arlington.jpg\" alt=\"Servicios De Abogado De Segundo DUI En Arlington\" width=\"800\" height=\"533\" srcset=\"https:\/\/www.theirvinglawfirm.com\/wp-content\/uploads\/2024\/12\/servicios-de-abogado-de-segundo-dui-en-arlington-200x133.jpg 200w, https:\/\/www.theirvinglawfirm.com\/wp-content\/uploads\/2024\/12\/servicios-de-abogado-de-segundo-dui-en-arlington-300x200.jpg 300w, https:\/\/www.theirvinglawfirm.com\/wp-content\/uploads\/2024\/12\/servicios-de-abogado-de-segundo-dui-en-arlington-400x267.jpg 400w, https:\/\/www.theirvinglawfirm.com\/wp-content\/uploads\/2024\/12\/servicios-de-abogado-de-segundo-dui-en-arlington-600x400.jpg 600w, https:\/\/www.theirvinglawfirm.com\/wp-content\/uploads\/2024\/12\/servicios-de-abogado-de-segundo-dui-en-arlington-768x512.jpg 768w, https:\/\/www.theirvinglawfirm.com\/wp-content\/uploads\/2024\/12\/servicios-de-abogado-de-segundo-dui-en-arlington.jpg 800w\" sizes=\"(max-width: 800px) 100vw, 800px\" \/><\/p>\n<h2>Penas que siguen a esta infracci\u00f3n<\/h2>\n<p><span style=\"font-weight: 400;\">El castigo aumenta considerablemente por una segunda DUI en Virginia. El Estado pretende que las personas eviten la reincidencia, por lo que las sanciones incluyen penas de c\u00e1rcel, multas y suspensiones prolongadas de la licencia. Esto es lo que debe anticipar si se enfrenta a estas consecuencias. <\/span><\/p>\n<h3>Si la segunda infracci\u00f3n se produce en un plazo de 5 a\u00f1os<\/h3>\n<p><span style=\"font-weight: 400;\">Si se enfrenta a una segunda DUI en los cinco a\u00f1os siguientes a la primera, el tiempo de c\u00e1rcel obligatorio forma parte del paquete. Le espera un m\u00ednimo obligatorio de 20 d\u00edas en la c\u00e1rcel, con un confinamiento total que oscila entre un mes y un a\u00f1o. Las multas por DUI en Virginia empiezan en 500 d\u00f3lares y pueden llegar hasta los 2.500 d\u00f3lares, con tasas judiciales adicionales. <\/span><\/p>\n<p><span style=\"font-weight: 400;\">La revocaci\u00f3n de la licencia por este cargo significa no conducir durante tres a\u00f1os, y s\u00f3lo podr\u00e1 solicitar una licencia restringida despu\u00e9s de un a\u00f1o. Si recupera sus privilegios de conducci\u00f3n, probablemente necesitar\u00e1 un dispositivo de bloqueo de encendido para volver a conducir, lo que no es barato ni conveniente. <\/span><\/p>\n<h3>Si el segundo delito es entre cinco y diez a\u00f1os<\/h3>\n<p><span style=\"font-weight: 400;\">Si su segunda infracci\u00f3n por DUI cae dentro de los cinco a diez a\u00f1os de la primera infracci\u00f3n, las penas se suavizan un poco pero siguen siendo un reto. <a href=\"https:\/\/law.lis.virginia.gov\/vacode\/title18.2\/chapter7\/section18.2-270\/#:~:text=B.%201.%20Any,mandatory%20minimum%20sentence.\" target=\"_blank\" rel=\"noopener\">La ley de Virginia<\/a> impone una multa m\u00ednima de 500 d\u00f3lares. Se requiere tiempo de c\u00e1rcel, con una sentencia de al menos un mes, incluyendo un m\u00ednimo obligatorio de 10 d\u00edas. <\/span><\/p>\n<p><span style=\"font-weight: 400;\">Una reincidencia dentro de este rango tambi\u00e9n conlleva una suspensi\u00f3n de tres a\u00f1os y cuatro meses antes de poder optar a un permiso restringido. Incluso cuando recupere sus privilegios de conducci\u00f3n, Virginia le exige que instale un dispositivo de bloqueo del encendido. Aunque pueda parecer una molestia, este dispositivo es una condici\u00f3n para tener cualquier posibilidad de volver a conducir. <\/span><\/p>\n<p><span style=\"font-weight: 400;\">Cada capa de estas penas puede depender de factores adicionales, como altos niveles de alcoholemia o si alguien result\u00f3 herido. Si estos elementos agravantes entran en juego, el castigo puede apilarse r\u00e1pidamente. Saber c\u00f3mo afecta cada detalle de su caso a la sentencia puede suponer una gran diferencia en la forma de afrontarlo. <\/span><\/p>\n<h2>Factores que podr\u00edan empeorar sus sanciones<\/h2>\n<p><span style=\"font-weight: 400;\">Ciertos factores pueden hacer que un segundo cargo por DUI en Virginia sea a\u00fan m\u00e1s grave. Por ejemplo, si su Concentraci\u00f3n de Alcohol en Eangre (BAC) es significativamente superior al l\u00edmite legal, los tribunales de Virginia tienden a considerar esto como una amenaza mayor para la seguridad p\u00fablica. Una tasa de alcoholemia superior al 0,15% puede a\u00f1adir d\u00edas adicionales a su condena de c\u00e1rcel, aumentar las multas y dar lugar a una suspensi\u00f3n de la licencia m\u00e1s prolongada. <\/span><\/p>\n<p><span style=\"font-weight: 400;\">En los casos que implican un accidente o lesiones, las penas pueden intensificarse r\u00e1pidamente. Si la propiedad result\u00f3 da\u00f1ada o, lo que es peor, alguien result\u00f3 herido como consecuencia de una conducci\u00f3n bajo los efectos del alcohol, los Tribunales de Virginia suelen adoptar una postura inflexible. Los fiscales suelen presionar para que se dicten sentencias m\u00e1s duras, incluyendo penas de c\u00e1rcel adicionales y multas m\u00e1s elevadas, especialmente cuando hay lesiones graves implicadas. <\/span><\/p>\n<p><span style=\"font-weight: 400;\">Por \u00faltimo, conducir bajo los efectos del alcohol con menores en el coche puede agravar a\u00fan m\u00e1s la situaci\u00f3n. La ley trata esto como un delito adicional, a menudo a\u00f1adiendo cargos por poner en peligro a los ni\u00f1os al caso de DUI. Refleja falta de juicio y aumenta los riesgos percibidos para que los tribunales puedan a\u00f1adir m\u00e1s tiempo de c\u00e1rcel y multas. <\/span><\/p>\n<p><span style=\"font-weight: 400;\">Una parte de la ecuaci\u00f3n es saber c\u00f3mo afectan estos factores agravantes a sus penas. Sin embargo, tomar medidas cuidadosas durante su arresto puede marcar una gran diferencia en su caso. Actuar con rapidez y detenimiento puede ayudarle a proteger sus derechos y a construir una defensa m\u00e1s s\u00f3lida. <\/span><\/p>\n<h2>Pasos clave para llevar el proceso legal sin problemas<\/h2>\n<p><span style=\"font-weight: 400;\">Enfrentarse a un segundo cargo por DUI puede parecer como navegar por aguas tormentosas, pero los pasos adecuados pueden ayudar a estabilizar el rumbo. Tomar algunas medidas bien planificadas desde el principio puede marcar la diferencia en el desarrollo de su caso. He aqu\u00ed una gu\u00eda para llevar el proceso sin problemas, desde la detenci\u00f3n hasta las comparecencias ante la corte.<\/span><\/p>\n<p><img decoding=\"async\" class=\"size-full wp-image-24673 alignright\" src=\"https:\/\/www.theirvinglawfirm.com\/wp-content\/uploads\/2024\/12\/abogado-de-segundo-dui-en-virginia-le-ayuda.jpg\" alt=\"Abogado De Segundo DUI En Virginia Le Ayuda\" width=\"300\" height=\"168\" srcset=\"https:\/\/www.theirvinglawfirm.com\/wp-content\/uploads\/2024\/12\/abogado-de-segundo-dui-en-virginia-le-ayuda-200x112.jpg 200w, https:\/\/www.theirvinglawfirm.com\/wp-content\/uploads\/2024\/12\/abogado-de-segundo-dui-en-virginia-le-ayuda.jpg 300w\" sizes=\"(max-width: 300px) 100vw, 300px\" \/><\/p>\n<h3>Mantenga la calma durante la detenci\u00f3n<\/h3>\n<p><span style=\"font-weight: 400;\">Cuando los agentes le detienen, observan todos sus movimientos, y cualquier cosa que diga puede aparecer m\u00e1s tarde en los tribunales. Mantener la calma, ser respetuoso y evitar cualquier signo de resistencia puede contribuir en gran medida a minimizar las complicaciones. Mant\u00e9ngase educado, proporcione solo la informaci\u00f3n necesaria y recuerde que no es el momento de defenderse. <\/span><\/p>\n<p><span style=\"font-weight: 400;\">Evite decir nada m\u00e1s de lo legalmente requerido, ya que compartir detalles adicionales puede complicar su defensa en caso de arresto por DUI. Evitar discusiones o declaraciones a la defensiva tambi\u00e9n es aconsejable, ya que incluso comentarios menores pueden confundir a los dem\u00e1s. Manteniendo la compostura y cooperando, estar\u00e1 estableciendo una base m\u00e1s estable para su caso. <\/span><\/p>\n<h3>Conozca sus derechos y rechace pruebas innecesarias<\/h3>\n<p><span style=\"font-weight: 400;\">Las leyes de consentimiento impl\u00edcito de Virginia exigen pruebas espec\u00edficas, como an\u00e1lisis de sangre o de aliento, si los agentes realizan un arresto. Negarse a estas pruebas supone la suspensi\u00f3n autom\u00e1tica del carn\u00e9, por lo que saber lo que es obligatorio ayuda. Sin embargo, las pruebas de sobriedad sobre el terreno son voluntarias, y optar por no hacerlas podr\u00eda mantener pruebas innecesarias fuera del caso. <\/span><\/p>\n<h3>Aseg\u00farese una representaci\u00f3n legal temprana<\/h3>\n<p><span style=\"font-weight: 400;\">Despu\u00e9s de ser arrestado, ponerse en contacto con un abogado de Segundo DUI debe ser su m\u00e1xima prioridad. Conseguir que un abogado se involucre pronto le permite empezar a construir una estrategia inmediatamente. Su orientaci\u00f3n puede ayudarle a prevenir errores tempranos y guiarle para seguir adelante. <\/span><\/p>\n<h3>Prep\u00e1rese para la comparecencia<\/h3>\n<p><span style=\"font-weight: 400;\">La comparecencia marca su primera presentaci\u00f3n oficial ante el tribunal, donde el juez leer\u00e1 los cargos contra usted y decidir\u00e1 la fianza. Esta primera impresi\u00f3n puede ser muy importante, ya que el juez tambi\u00e9n tiene en cuenta factores como su comportamiento a la hora de determinar las condiciones de la fianza. Un comportamiento preparado y respetuoso puede influir en su opini\u00f3n sobre su caso, ayudando a establecer el tono para futuras comparecencias ante el tribunal. <\/span><\/p>\n<h3>Considere las opciones para negociar los cargos y la condena<\/h3>\n<p><span style=\"font-weight: 400;\">En algunas situaciones, considerar un acuerdo con la fiscal\u00eda puede ser sensato, especialmente si supone una reducci\u00f3n de las penas. Una negociaci\u00f3n de culpabilidad puede ofrecer beneficios como sentencias m\u00e1s cortas o multas menores, dependiendo de la fuerza de las pruebas y otros detalles del caso. Con la orientaci\u00f3n de un abogado de DUI en Arlington, usted puede sopesar las ventajas y desventajas de una negociaci\u00f3n de los cargos y la condena. <\/span><\/p>\n<p><span style=\"font-weight: 400;\">Sin embargo, los acuerdos con la fiscal\u00eda no son el mejor camino para todos los casos, principalmente si las pruebas son d\u00e9biles o se produjeron errores de procedimiento durante su detenci\u00f3n. En estos casos, su abogado podr\u00eda recomendarle ir a juicio para impugnar las pruebas. Sopesar sus opciones garantiza que cualquier decisi\u00f3n de declararse culpable minimice los riesgos potenciales. <\/span><\/p>\n<h3>Prep\u00e1rese para el juicio<\/h3>\n<p><span style=\"font-weight: 400;\">Si su caso se dirige al tribunal criminal de Arlington, la fase de preparaci\u00f3n se vuelve cr\u00edtica. Revisar y organizar todas las pruebas disponibles, preparar los testimonios y alinearse con la estrategia de su abogado defensor puede ayudarle a presentar un caso m\u00e1s s\u00f3lido. Esta fase implica reunir todo, desde las declaraciones de los testigos hasta las discrepancias en el an\u00e1lisis de sangre de DUI. <\/span><\/p>\n<p><span style=\"font-weight: 400;\">Ir al juicio bien preparado puede marcar una gran diferencia en la corte. Un abogado de DUI tambi\u00e9n puede ayudarle a ensayar su testimonio, asegur\u00e1ndose de que est\u00e1 preparado para las preguntas de la acusaci\u00f3n y present\u00e1ndose con confianza. Con un abogado de DUI m\u00faltiple, puede convertir el juicio en una oportunidad para defender sus derechos.<\/span><\/p>\n<p><img decoding=\"async\" class=\"size-full wp-image-24675 aligncenter\" src=\"https:\/\/www.theirvinglawfirm.com\/wp-content\/uploads\/2024\/12\/abogado-de-segundo-dui-en-arlington-va-de-confianza.jpg\" alt=\"Abogado De Segundo DUI En Arlington, VA De Confianza\" width=\"800\" height=\"533\" srcset=\"https:\/\/www.theirvinglawfirm.com\/wp-content\/uploads\/2024\/12\/abogado-de-segundo-dui-en-arlington-va-de-confianza-200x133.jpg 200w, https:\/\/www.theirvinglawfirm.com\/wp-content\/uploads\/2024\/12\/abogado-de-segundo-dui-en-arlington-va-de-confianza-300x200.jpg 300w, https:\/\/www.theirvinglawfirm.com\/wp-content\/uploads\/2024\/12\/abogado-de-segundo-dui-en-arlington-va-de-confianza-400x267.jpg 400w, https:\/\/www.theirvinglawfirm.com\/wp-content\/uploads\/2024\/12\/abogado-de-segundo-dui-en-arlington-va-de-confianza-600x400.jpg 600w, https:\/\/www.theirvinglawfirm.com\/wp-content\/uploads\/2024\/12\/abogado-de-segundo-dui-en-arlington-va-de-confianza-768x512.jpg 768w, https:\/\/www.theirvinglawfirm.com\/wp-content\/uploads\/2024\/12\/abogado-de-segundo-dui-en-arlington-va-de-confianza.jpg 800w\" sizes=\"(max-width: 800px) 100vw, 800px\" \/><\/p>\n<h2>The Irving Law Firm est\u00e1 aqu\u00ed para ayudarle a luchar<\/h2>\n<p><span style=\"font-weight: 400;\"><a href=\"https:\/\/www.theirvinglawfirm.com\/es\/ubicaciones\/arlington-va\/\">The Irving Law Firm<\/a> entiende que enfrentarse a un segundo cargo por DUI puede sentirse abrumador. Sabemos que cada caso es \u00fanico y nos acercamos a cada uno con cuidado y compromiso. Nuestro objetivo es proporcionarle una representaci\u00f3n completa y apoyo, gui\u00e1ndole a trav\u00e9s de cada paso con un equipo fuerte y bien informado a su lado. <\/span><\/p>\n<p><span style=\"font-weight: 400;\">Cuando nos encargamos de su caso, nos aseguramos de que entienda el proceso, los posibles resultados y las opciones en cada paso del camino. Ya sea negociando una declaraci\u00f3n de culpabilidad o prepar\u00e1ndose para un juicio, nuestros experimentados abogados pueden construir una estrategia adecuada a los detalles espec\u00edficos de su situaci\u00f3n. <\/span><\/p>\n<p><span style=\"font-weight: 400;\">En todos los casos de DUI, contar con un equipo de defensa que conozca la ley y los tribunales locales puede marcar la diferencia. Nuestros abogados est\u00e1n aqu\u00ed para responder a sus preguntas, hacer frente a los desaf\u00edos de frente, y proporcionar una representaci\u00f3n firme. Juntos, podemos trabajar para proteger sus derechos, minimizar el impacto de este cargo, y seguir adelante. <\/span><\/p>\n<h2>Resumen<\/h2>\n<p><span style=\"font-weight: 400;\">Un segundo cargo por DUI en Virginia conlleva graves consecuencias, especialmente si se produce en los cinco a\u00f1os siguientes a una infracci\u00f3n anterior. Entender estas penas y los factores que podr\u00edan hacerlas m\u00e1s duras -como niveles elevados de alcoholemia, accidentes o menores en el veh\u00edculo- puede dar una idea de lo que est\u00e1 en juego. <\/span><\/p>\n<p><span style=\"font-weight: 400;\">Tomar medidas cuidadosas desde el momento del arresto, incluyendo mantener la calma, conocer sus derechos y consultar a un abogado defensor de DUI, puede tener un impacto positivo en el resultado de su caso. The Irving Law Firm ofrece representaci\u00f3n legal dedicada en Arlington para ayudarle a proteger sus derechos. <\/span><\/p>\n","protected":false},"excerpt":{"rendered":"<p>Las leyes sobre conducir bajo los efectos del alcohol (DUI)  [&#8230;]<\/p>\n","protected":false},"author":3,"featured_media":0,"parent":21952,"menu_order":0,"comment_status":"closed","ping_status":"closed","template":"","meta":{"_analytify_skip_tracking":false,"rank_math_title":"Abogado de segundo DUI en Arlington reduce condenas","rank_math_description":"Una firma de abogados de segundo DUI le ayudan a reducir las penas. Descubra las opciones que pueden disminuir el impacto en su futuro. ","rank_math_focus_keyword":"Abogado De Segundo DUI En Arlington","rank_math_canonical_url":"","footnotes":""},"class_list":["post-24540","page","type-page","status-publish","hentry"],"acf":[],"_links":{"self":[{"href":"https:\/\/www.theirvinglawfirm.com\/es\/wp-json\/wp\/v2\/pages\/24540","targetHints":{"allow":["GET"]}}],"collection":[{"href":"https:\/\/www.theirvinglawfirm.com\/es\/wp-json\/wp\/v2\/pages"}],"about":[{"href":"https:\/\/www.theirvinglawfirm.com\/es\/wp-json\/wp\/v2\/types\/page"}],"author":[{"embeddable":true,"href":"https:\/\/www.theirvinglawfirm.com\/es\/wp-json\/wp\/v2\/users\/3"}],"replies":[{"embeddable":true,"href":"https:\/\/www.theirvinglawfirm.com\/es\/wp-json\/wp\/v2\/comments?post=24540"}],"version-history":[{"count":2,"href":"https:\/\/www.theirvinglawfirm.com\/es\/wp-json\/wp\/v2\/pages\/24540\/revisions"}],"predecessor-version":[{"id":46976,"href":"https:\/\/www.theirvinglawfirm.com\/es\/wp-json\/wp\/v2\/pages\/24540\/revisions\/46976"}],"up":[{"embeddable":true,"href":"https:\/\/www.theirvinglawfirm.com\/es\/wp-json\/wp\/v2\/pages\/21952"}],"wp:attachment":[{"href":"https:\/\/www.theirvinglawfirm.com\/es\/wp-json\/wp\/v2\/media?parent=24540"}],"curies":[{"name":"wp","href":"https:\/\/api.w.org\/{rel}","templated":true}]}}