{"id":24513,"date":"2024-12-23T21:34:25","date_gmt":"2024-12-23T21:34:25","guid":{"rendered":"https:\/\/www.theirvinglawfirm.com\/?page_id=24513"},"modified":"2026-04-30T12:51:00","modified_gmt":"2026-04-30T12:51:00","slug":"primer-dui","status":"publish","type":"page","link":"https:\/\/www.theirvinglawfirm.com\/es\/ubicaciones\/arlington-va\/abogado-de-defensa-criminal\/dui\/primer-dui\/","title":{"rendered":"Abogado de primer DUI en Arlington Virginia"},"content":{"rendered":"<p>Ser acusado de un DUI puede sentirse como una bola curva lanzada directamente a su futuro. En Virginia, las leyes estrictas hacen cumplir la seguridad vial y tienen como objetivo disuadir la conducci\u00f3n bajo los efectos del alcohol. Con la orientaci\u00f3n de un <a href=\"https:\/\/www.theirvinglawfirm.com\/es\/ubicaciones\/arlington-va\/abogado-de-defensa-criminal\/dui\/\">abogado de primer DUI en Arlington<\/a>, usted puede entender mejor sus opciones. Saber lo que le espera puede ayudarle a navegar su caso y proteger su futuro.<\/p>\n<p>Puede que le preocupe el proceso legal, los costos y c\u00f3mo afectar\u00e1 esta acusaci\u00f3n a su vida diaria. Este art\u00edculo cubre los detalles cr\u00edticos de un DUI por primera vez, incluyendo las consecuencias potenciales y qu\u00e9 esperar en cada etapa.<\/p>\n<p><img decoding=\"async\" class=\"size-full wp-image-24531 aligncenter\" src=\"https:\/\/www.theirvinglawfirm.com\/wp-content\/uploads\/2024\/12\/abogado-de-primer-dui-en-arlington-va-de-confianza.jpg\" alt=\"Abogado De Primer DUI En Arlington, VA De Confianza\" width=\"800\" height=\"527\" srcset=\"https:\/\/www.theirvinglawfirm.com\/wp-content\/uploads\/2024\/12\/abogado-de-primer-dui-en-arlington-va-de-confianza-200x132.jpg 200w, https:\/\/www.theirvinglawfirm.com\/wp-content\/uploads\/2024\/12\/abogado-de-primer-dui-en-arlington-va-de-confianza-300x198.jpg 300w, https:\/\/www.theirvinglawfirm.com\/wp-content\/uploads\/2024\/12\/abogado-de-primer-dui-en-arlington-va-de-confianza-400x264.jpg 400w, https:\/\/www.theirvinglawfirm.com\/wp-content\/uploads\/2024\/12\/abogado-de-primer-dui-en-arlington-va-de-confianza-600x395.jpg 600w, https:\/\/www.theirvinglawfirm.com\/wp-content\/uploads\/2024\/12\/abogado-de-primer-dui-en-arlington-va-de-confianza-768x506.jpg 768w, https:\/\/www.theirvinglawfirm.com\/wp-content\/uploads\/2024\/12\/abogado-de-primer-dui-en-arlington-va-de-confianza.jpg 800w\" sizes=\"(max-width: 800px) 100vw, 800px\" \/><\/p>\n<h2>\u00bfQu\u00e9 es un cargo por DUI seg\u00fan la ley de Virginia?<\/h2>\n<p>En Virginia, se aplica un cargo de DUI cuando alguien conduce bajo los efectos del alcohol, de ciertos medicamentos o de drogas ilegales. Los agentes suelen evaluar el contenido de Alcohol en Sangre (BAC) para determinar el nivel de deterioro y si supera los l\u00edmites legales. Estos son los umbrales que debe tener en cuenta:<\/p>\n<ul>\n<li style=\"font-weight: 400;\" aria-level=\"1\">Mayores de 21 a\u00f1os: Una tasa de alcoholemia de 0,08% o superior se considera conducci\u00f3n en estado de embriaguez.<\/li>\n<li style=\"font-weight: 400;\" aria-level=\"1\">Menores de 21 a\u00f1os: Virginia tiene una pol\u00edtica de tolerancia cero, por lo que los conductores con una tasa de alcoholemia de 0,02% o m\u00e1s pueden enfrentarse a cargos por conducir bajo los efectos del alcohol.<\/li>\n<li style=\"font-weight: 400;\" aria-level=\"1\">Conductores comerciales: Los titulares de una licencia CDL se enfrentan a l\u00edmites m\u00e1s estrictos, con un l\u00edmite legal de alcoholemia de 0,04%.<\/li>\n<\/ul>\n<p>A pesar de estas normas, un agente puede efectuar una detenci\u00f3n si usted muestra signos visibles de deterioro, incluso si su tasa de alcoholemia est\u00e1 por debajo del l\u00edmite legal. Por lo tanto, conocer sus derechos y saber qu\u00e9 esperar en la parada inicial puede marcar una gran diferencia. Aqu\u00ed es donde empieza todo, y c\u00f3mo lo maneje puede marcar la pauta de lo que sigue.<\/p>\n<h2>\u00bfQu\u00e9 debe esperar durante un control de tr\u00e1fico?<\/h2>\n<p>Una control de tr\u00e1fico puede parecer como estar bajo un microscopio, con los agentes observando cada movimiento y palabra. Aunque es angustioso, recuerde que necesitan una raz\u00f3n v\u00e1lida para pararle, como una infracci\u00f3n de tr\u00e1fico o signos de deterioro. Saber qu\u00e9 esperar puede ayudarle a mantener la calma y controlar cada paso.<\/p>\n<h3>Control inicial de tr\u00e1fico<\/h3>\n<p>Cuando le detengan, espere que el agente le pida el carnet y la matr\u00edcula, que es el procedimiento habitual. Tambi\u00e9n es entonces cuando tomar\u00e1n nota de los signos de deterioro en su comportamiento o apariencia, como ojos rojizos, buscar con dificultad los documentos o el olor a alcohol. Mantener la calma y la serenidad durante este momento puede marcar la pauta para el resto del control.<\/p>\n<h3>Pruebas de sobriedad sobre el terreno<\/h3>\n<p>Si el agente sospecha de una deficiencia, puede pedirle que realice pruebas de sobriedad sobre el terreno. Estas pueden revelar cualquier signo de que el alcohol o las drogas puedan estar afectando a su coordinaci\u00f3n, equilibrio y concentraci\u00f3n. Los agentes de la ley pueden pedirle que haga la prueba de caminar y girar, la prueba de nistagmo de la mirada horizontal o la de ponerse de pie con una sola pierna.<\/p>\n<h3>Pruebas de aliento y sangre<\/h3>\n<p>Si hay motivos para creer que est\u00e1 bajo los efectos del alcohol, el agente tambi\u00e9n puede solicitarle una prueba de alcoholemia o de sangre. Suelen realizar una Prueba Preliminar de Alcoholemia (PBT) en carretera para calibrar la tasa de alcoholemia, seguida de una prueba m\u00e1s precisa si realizan una detenci\u00f3n. Si se sospecha que ha consumido drogas, el agente puede solicitar un an\u00e1lisis de sangre, especialmente si ya est\u00e1 detenido.<\/p>\n<h2>Proteja sus derechos durante un control de DUI<\/h2>\n<p>Durante un control por DUI, entender sus derechos puede marcar una gran diferencia en c\u00f3mo se desarrolle la situaci\u00f3n. Los abogados est\u00e1n ah\u00ed para protegerle, ayud\u00e1ndole a tomar decisiones sensatas bajo presi\u00f3n. He aqu\u00ed un r\u00e1pido resumen de los derechos clave que debe recordar:<\/p>\n<ul>\n<li>Derecho a permanecer en silencio: No est\u00e1 obligado a responder a preguntas sobre la bebida o d\u00f3nde ha estado, as\u00ed que mant\u00e9ngase educado pero reservado.<\/li>\n<li>Derecho a rechazar las pruebas de sobriedad sobre el terreno: En la mayor\u00eda de los casos, puede negarse a someterse a las pruebas de sobriedad sobre el terreno sin enfrentarse a sanciones autom\u00e1ticas. Esto puede ayudarle a evitar la autoinculpaci\u00f3n, ya que \u00e9stas son subjetivas y pueden verse influidas por factores como las condiciones m\u00e9dicas o el terreno irregular.<\/li>\n<li aria-level=\"1\">Derecho a rechazar las pruebas preliminares de alcoholemia: La <a href=\"https:\/\/law.lis.virginia.gov\/vacode\/title18.2\/chapter7\/section18.2-268.2\/\" target=\"_blank\" rel=\"noopener\">ley de consentimiento impl\u00edcito de Virginia<\/a> solo obliga a realizar pruebas que midan la alcoholemia despu\u00e9s de que se le detenga formalmente. Por lo tanto, negarse a las pruebas preliminares de alcoholemia en la parada inicial no desencadena consecuencias legales inmediatas.<\/li>\n<li style=\"font-weight: 400;\" aria-level=\"1\">Derecho a negarse a consentir un registro: Los agentes necesitan una causa probable para registrar su veh\u00edculo. Es m\u00e1s seguro ejercer este derecho para evitar incriminarse potencialmente.<\/li>\n<li style=\"font-weight: 400;\" aria-level=\"1\">Derecho a obtener un abogado: Puede solicitar representaci\u00f3n legal antes de responder a m\u00e1s preguntas o de acceder a las pruebas.<\/li>\n<\/ul>\n<p>Un cargo por DUI tras una parada de tr\u00e1fico puede parecer pesado, y comprender el peso de esas consecuencias es vital. Una primera infracci\u00f3n puede parecer manejable, pero las leyes de DUI de Virginia son estrictas, y una condena puede tener efectos domin\u00f3 en otras partes de la vida.<\/p>\n<h2>\u00bfQu\u00e9 gravedad tienen las consecuencias de un primer delito?<\/h2>\n<p>Una condena por DUI por primera vez conlleva importantes consecuencias legales y personales, incluso sin ning\u00fan factor agravante. Aunque cada caso de DUI es \u00fanico, las penas pueden perturbar varios aspectos de la vida, desde las finanzas hasta la libertad. Esto es lo que puede esperar si es condenado:<\/p>\n<p><img decoding=\"async\" class=\"size-full wp-image-24533 alignright\" src=\"https:\/\/www.theirvinglawfirm.com\/wp-content\/uploads\/2024\/12\/servicios-de-abogado-de-primer-dui-en-arlington.jpg\" alt=\"Servicios De Abogado De Primer DUI En Arlington\" width=\"300\" height=\"216\" srcset=\"https:\/\/www.theirvinglawfirm.com\/wp-content\/uploads\/2024\/12\/servicios-de-abogado-de-primer-dui-en-arlington-200x144.jpg 200w, https:\/\/www.theirvinglawfirm.com\/wp-content\/uploads\/2024\/12\/servicios-de-abogado-de-primer-dui-en-arlington.jpg 300w\" sizes=\"(max-width: 300px) 100vw, 300px\" \/><\/p>\n<h3>Castigos criminales<\/h3>\n<p>Las penas por un primer delito de DUI dependen de los detalles del caso. Si no hay factores agravantes, puede ser un delito menor de Clase 1. Puede conllevar hasta un a\u00f1o de c\u00e1rcel y multas a partir de 250 d\u00f3lares. El tribunal puede imponer multas o penas legales adicionales si encuentra factores que justifiquen consecuencias m\u00e1s estrictas.<\/p>\n<h3>Sanciones administrativas<\/h3>\n<p>M\u00e1s all\u00e1 de las sanciones penales, una primera condena por DUI conlleva consecuencias administrativas, empezando por una suspensi\u00f3n autom\u00e1tica del permiso de conducir. \u00c9sta suele durar un a\u00f1o, aunque algunos conductores pueden optar a privilegios restringidos. Estos privilegios limitados permiten desplazamientos esenciales como ir al trabajo, a citas m\u00e9dicas o a la escuela.<\/p>\n<p>Otro requisito probable es un dispositivo de bloqueo de encendido (IID), instalado en al menos un veh\u00edculo que usted posea o conduzca. Los tribunales suelen exigir un IID como condici\u00f3n para restringir los privilegios de conducci\u00f3n; si un juez no lo hace, el DMV de Virginia puede exigirlo igualmente. Los proveedores de seguros tambi\u00e9n aumentan significativamente las tarifas despu\u00e9s de una DUI, ya que le consideran un riesgo mayor.<\/p>\n<h3>Consecuencias a largo plazo<\/h3>\n<p>Una condena por DUI permanece en su expediente permanentemente, y en Virginia, la eliminaci\u00f3n de antecedentes no est\u00e1 disponible si usted fue declarado culpable. Es accesible a posibles empleadores, instituciones educativas y juntas de concesi\u00f3n de licencias. Este registro puede convertirse en una barrera, limitando las oportunidades en muchos \u00e1mbitos de la vida.<\/p>\n<p>Las perspectivas de empleo pueden verse significativamente afectadas, en particular para puestos que requieran conducir o un historial limpio. Para los delincuentes m\u00e1s j\u00f3venes, la condena tambi\u00e9n puede repercutir en la educaci\u00f3n. Por ejemplo, algunas universidades pueden restringir las becas o limitar la participaci\u00f3n en programas espec\u00edficos a los estudiantes con antecedentes.<\/p>\n<p>Dados estos efectos potencialmente de gran alcance, una preparaci\u00f3n cuidadosa para una defensa de DUI puede afectar significativamente a c\u00f3mo se desarrollan estas sanciones. Tomar medidas proactivas, como consultar con un abogado de DUI en Arlington, puede ayudarle a trabajar para minimizar el impacto.<\/p>\n<h2>\u00bfPara qu\u00e9 debe prepararse en una audiencia por DUI?<\/h2>\n<p>Prepararse para una audiencia por DUI puede ser un reto, especialmente si es la primera vez que se enfrenta al proceso legal. Sin embargo, con la preparaci\u00f3n adecuada, puede afrontarlo con m\u00e1s confianza y una estrategia clara. Esto es lo que debe saber sobre el proceso, sus opciones y c\u00f3mo un abogado puede presentar un caso s\u00f3lido a su favor.<\/p>\n<h3>Proceso judicial<\/h3>\n<p>Las audiencias por DUI suelen comenzar con una comparecencia, en la que el tribunal presenta los cargos y usted se declara culpable. El caso procede a trav\u00e9s de audiencias y mociones y puede ir a juicio si ambas partes no llegan a un acuerdo. Un abogado de DUI puede ayudarle asesor\u00e1ndole sobre sus opciones, reuniendo pruebas y construyendo una defensa s\u00f3lida.<\/p>\n<h3>Negociaci\u00f3n de los cargos y la condena<\/h3>\n<p>La negociaci\u00f3n de los cargos y la condena ofrece la oportunidad de negociar los cargos o las penas antes del juicio. A trav\u00e9s de este proceso, usted y su abogado pueden trabajar con la fiscal\u00eda para reducir el cargo de DUI a un delito menor. Aunque el resultado depende de las particularidades de su caso, esto puede conducir a una sentencia m\u00e1s favorable, especialmente para los infractores por primera vez.<\/p>\n<h3>Factores que afectan a los resultados judiciales<\/h3>\n<p>Varios factores pueden afectar a la decisi\u00f3n de la corte, y conocerlos de antemano puede ayudarle a conformar una defensa m\u00e1s s\u00f3lida. La gravedad de su infracci\u00f3n importa mucho: un nivel de alcoholemia m\u00e1s alto o detalles agravantes como un accidente tendr\u00e1n m\u00e1s peso. Los jueces tambi\u00e9n tienen en cuenta los detalles concretos y, con cierta discreci\u00f3n, pueden ajustar los resultados en funci\u00f3n de la situaci\u00f3n.<\/p>\n<p>Su comportamiento y preparaci\u00f3n tambi\u00e9n cuentan en la corte. Un juez ve con buenos ojos a los acusados respetuosos y cooperativos, por lo que vestirse bien, ser puntual y mostrar respeto pueden ayudar a causar una buena impresi\u00f3n. Trabajar estrechamente con un abogado le prepara para resaltar estos factores positivos y presentarse de la mejor manera.<\/p>\n<h2>\u00bfC\u00f3mo puede defenderse de una acusaci\u00f3n inicial?<\/h2>\n<p>Construir una defensa contra una acusaci\u00f3n inicial de DUI puede parecer una cuesta empinada, pero est\u00e1 lejos de ser imposible. Al igual que cada caso tiene detalles \u00fanicos, un <a href=\"https:\/\/www.theirvinglawfirm.com\/es\/contacte-nuestra-oficina-en-arlington\/\">abogado de DWI<\/a> puede adaptar las estrategias para ajustarse a los detalles espec\u00edficos de lo sucedido. Con el enfoque adecuado, es posible impugnar ciertos aspectos de la acusaci\u00f3n, posiblemente reducir las penas, o incluso evitar una condena.<\/p>\n<h3>Impugnar la detenci\u00f3n y el arresto<\/h3>\n<p>Para que una acusaci\u00f3n de DUI se mantenga, el agente debe tener una raz\u00f3n v\u00e1lida para la parada. Si no hay causa probable, los tribunales pueden desestimar las pruebas reunidas. Otras infracciones, como el registro y la incautaci\u00f3n ilegales, tambi\u00e9n pueden ser motivo para retirar los cargos por completo. Un abogado puede examinar los detalles en estas situaciones para determinar si sus derechos se vieron comprometidos.<\/p>\n<h3>Cuestionar la fiabilidad de las pruebas<\/h3>\n<p>Las pruebas de sobriedad sobre el terreno, aunque comunes, no son infalibles, y factores como la fatiga o el estr\u00e9s pueden afectar a los resultados. Un equipo defectuoso o unos procedimientos seguidos incorrectamente tambi\u00e9n pueden poner en duda los resultados de las pruebas de alcoholemia y de sangre. Las lecturas inexactas ocurren, y su defensa puede poner de relieve estos errores.<\/p>\n<h3>Considere las explicaciones m\u00e9dicas<\/h3>\n<p>Ciertas afecciones m\u00e9dicas, como la GERD, pueden interferir con las pruebas de alcoholemia, dando lugar a lecturas inexactas de la tasa de alcoholemia. Los s\u00edntomas pueden a veces imitar los signos de la deficiencia, creando una imagen enga\u00f1osa. Un abogado que entienda la defensa en casos de DUI puede sacar a la luz estos factores y reforzar su estrategia.<\/p>\n<p><img decoding=\"async\" class=\"size-full wp-image-24535 aligncenter\" src=\"https:\/\/www.theirvinglawfirm.com\/wp-content\/uploads\/2024\/12\/abogado-de-primer-dui-en-virginia-le-ayuda.jpg\" alt=\"Abogado De Primer DUI En Virginia Le Ayuda\" width=\"800\" height=\"533\" srcset=\"https:\/\/www.theirvinglawfirm.com\/wp-content\/uploads\/2024\/12\/abogado-de-primer-dui-en-virginia-le-ayuda-200x133.jpg 200w, https:\/\/www.theirvinglawfirm.com\/wp-content\/uploads\/2024\/12\/abogado-de-primer-dui-en-virginia-le-ayuda-300x200.jpg 300w, https:\/\/www.theirvinglawfirm.com\/wp-content\/uploads\/2024\/12\/abogado-de-primer-dui-en-virginia-le-ayuda-400x267.jpg 400w, https:\/\/www.theirvinglawfirm.com\/wp-content\/uploads\/2024\/12\/abogado-de-primer-dui-en-virginia-le-ayuda-600x400.jpg 600w, https:\/\/www.theirvinglawfirm.com\/wp-content\/uploads\/2024\/12\/abogado-de-primer-dui-en-virginia-le-ayuda-768x512.jpg 768w, https:\/\/www.theirvinglawfirm.com\/wp-content\/uploads\/2024\/12\/abogado-de-primer-dui-en-virginia-le-ayuda.jpg 800w\" sizes=\"(max-width: 800px) 100vw, 800px\" \/><\/p>\n<h2>\u00bfC\u00f3mo puede The Irving Law Firm defender sus derechos?<\/h2>\n<p>Defender sus derechos despu\u00e9s de un cargo por DUI es una prioridad en <a href=\"https:\/\/www.theirvinglawfirm.com\/es\/ubicaciones\/arlington-va\/\">The Irving Law Firm<\/a>. Nuestro equipo est\u00e1 aqu\u00ed para guiarle a trav\u00e9s de cada paso con una h\u00e1bil estrategia legal y un apoyo genuino. Indagamos en cada detalle, desde el motivo de la parada hasta el manejo de las pruebas, para identificar violaciones o errores de procedimiento que podr\u00edan fortalecer su caso.<\/p>\n<p>Nuestro objetivo es apoyarle durante todo el proceso. Nos dedicamos a responder preguntas, explicar opciones y mantener una comunicaci\u00f3n abierta para que nunca se quede sin saber qu\u00e9 sigue. En The Irving Law Firm, combinamos el conocimiento legal con un compromiso personal para proporcionarle una defensa s\u00f3lida.<\/p>\n<h2>Resumen<\/h2>\n<p>Un primer cargo por DUI conlleva una serie de consecuencias, desde sanciones legales hasta impactos a largo plazo en su historial, empleo y seguro. Comprender el proceso legal y saber c\u00f3mo ejercer sus derechos puede afectar significativamente a la forma de abordar cada paso, ya sea prepar\u00e1ndose para la corte, negociando las penas o construyendo una defensa.<\/p>\n<p>Con orientaci\u00f3n legal, usted puede proteger sus derechos y aspirar al mejor resultado posible. The Irving Law Firm proporciona apoyo dedicado y un enfoque exhaustivo para defenderse contra los cargos de DUI, ayudando a los clientes a seguir adelante con confianza.<\/p>\n","protected":false},"excerpt":{"rendered":"<p>Ser acusado de un DUI puede sentirse como una bola  [&#8230;]<\/p>\n","protected":false},"author":3,"featured_media":0,"parent":21952,"menu_order":0,"comment_status":"closed","ping_status":"closed","template":"","meta":{"_analytify_skip_tracking":false,"rank_math_title":"Abogados de Primer DUI en Arlington protegen su futuro","rank_math_description":"Una firma de abogados de primer DUI ofrece apoyo para proteger sus derechos y su futuro. Inf\u00f3rmese sobre las posibles opciones.","rank_math_focus_keyword":"Abogado de primer DUI en Arlington","rank_math_canonical_url":"","footnotes":""},"class_list":["post-24513","page","type-page","status-publish","hentry"],"acf":[],"_links":{"self":[{"href":"https:\/\/www.theirvinglawfirm.com\/es\/wp-json\/wp\/v2\/pages\/24513","targetHints":{"allow":["GET"]}}],"collection":[{"href":"https:\/\/www.theirvinglawfirm.com\/es\/wp-json\/wp\/v2\/pages"}],"about":[{"href":"https:\/\/www.theirvinglawfirm.com\/es\/wp-json\/wp\/v2\/types\/page"}],"author":[{"embeddable":true,"href":"https:\/\/www.theirvinglawfirm.com\/es\/wp-json\/wp\/v2\/users\/3"}],"replies":[{"embeddable":true,"href":"https:\/\/www.theirvinglawfirm.com\/es\/wp-json\/wp\/v2\/comments?post=24513"}],"version-history":[{"count":1,"href":"https:\/\/www.theirvinglawfirm.com\/es\/wp-json\/wp\/v2\/pages\/24513\/revisions"}],"predecessor-version":[{"id":46977,"href":"https:\/\/www.theirvinglawfirm.com\/es\/wp-json\/wp\/v2\/pages\/24513\/revisions\/46977"}],"up":[{"embeddable":true,"href":"https:\/\/www.theirvinglawfirm.com\/es\/wp-json\/wp\/v2\/pages\/21952"}],"wp:attachment":[{"href":"https:\/\/www.theirvinglawfirm.com\/es\/wp-json\/wp\/v2\/media?parent=24513"}],"curies":[{"name":"wp","href":"https:\/\/api.w.org\/{rel}","templated":true}]}}