{"id":24295,"date":"2024-12-23T18:01:51","date_gmt":"2024-12-23T18:01:51","guid":{"rendered":"https:\/\/www.theirvinglawfirm.com\/?page_id=24295"},"modified":"2026-04-30T12:42:47","modified_gmt":"2026-04-30T12:42:47","slug":"captacion-en-linea","status":"publish","type":"page","link":"https:\/\/www.theirvinglawfirm.com\/es\/ubicaciones\/arlington-va\/abogado-de-defensa-criminal\/delitos-sexuales\/captacion-en-linea\/","title":{"rendered":"Abogados de captaci\u00f3n en l\u00ednea en Arlington VA"},"content":{"rendered":"<p><span style=\"font-weight: 400;\">Un <a href=\"https:\/\/www.theirvinglawfirm.com\/es\/ubicaciones\/arlington-va\/abogado-de-defensa-criminal\/delitos-sexuales\/\">abogado de captaci\u00f3n en l\u00ednea en Arlington<\/a> puede sentirse como un salvavidas cuando cargos graves arrojan una nube oscura sobre su vida. Con la orientaci\u00f3n adecuada usted tendr\u00e1 el apoyo necesario para hacer frente a estas acusaciones desafiantes. Encontrar una representaci\u00f3n legal fiable es ese resquicio de esperanza, que le ayudar\u00e1 a tomar las riendas de su caso. <\/span><\/p>\n<p><span style=\"font-weight: 400;\">Este art\u00edculo explica qu\u00e9 significan los cargos por captaci\u00f3n en l\u00ednea, sus posibles penas y las defensas eficaces que podr\u00edan marcar la diferencia. Aqu\u00ed descubrir\u00e1 c\u00f3mo protegerse de las posibles repercusiones y obtendr\u00e1 una gu\u00eda para elegir un abogado. Inf\u00f3rmese sobre c\u00f3mo podr\u00edan mitigar las penas y proteger su futuro. <\/span><\/p>\n<h2>Punto de vista de Virginia sobre la captaci\u00f3n en l\u00ednea<\/h2>\n<p><span style=\"font-weight: 400;\">La captaci\u00f3n en l\u00ednea en Virginia implica el uso de la comunicaci\u00f3n electr\u00f3nica para proponer una conducta sexual con un menor, incluso a trav\u00e9s de Internet o mensajes de texto. Este grave delito abarca cualquier medio, desde los correos electr\u00f3nicos hasta las redes sociales, y pueden derivarse cargos criminales de cualquier comunicaci\u00f3n expl\u00edcita dirigida a un menor. <\/span><\/p>\n<p><span style=\"font-weight: 400;\">Virginia suele emparejar los cargos de captaci\u00f3n con otros delitos, como libertades indecentes con un menor. Esto aumenta significativamente las penas potenciales. Las condenas por estos cargos combinados suelen conllevar sentencias m\u00e1s duras. Estas implicaciones legales a\u00f1adidas agravan la gravedad del delito. <\/span><\/p>\n<p><span style=\"font-weight: 400;\">Comprender las consecuencias es esencial para cualquiera que se enfrente a este tipo de acusaciones en Arlington. Conocer los riesgos legales de una condena es un paso vital para proteger sus derechos, su futuro y su reputaci\u00f3n.<\/span><\/p>\n<p><img decoding=\"async\" class=\"size-full wp-image-24435 aligncenter\" src=\"https:\/\/www.theirvinglawfirm.com\/wp-content\/uploads\/2024\/12\/abogado-en-arlington-para-casos-de-captacion-en-linea.jpg\" alt=\"Abogado En Arlington Para Casos De Captaci\u00f3n En L\u00ednea\" width=\"800\" height=\"533\" srcset=\"https:\/\/www.theirvinglawfirm.com\/wp-content\/uploads\/2024\/12\/abogado-en-arlington-para-casos-de-captacion-en-linea-200x133.jpg 200w, https:\/\/www.theirvinglawfirm.com\/wp-content\/uploads\/2024\/12\/abogado-en-arlington-para-casos-de-captacion-en-linea-300x200.jpg 300w, https:\/\/www.theirvinglawfirm.com\/wp-content\/uploads\/2024\/12\/abogado-en-arlington-para-casos-de-captacion-en-linea-400x267.jpg 400w, https:\/\/www.theirvinglawfirm.com\/wp-content\/uploads\/2024\/12\/abogado-en-arlington-para-casos-de-captacion-en-linea-600x400.jpg 600w, https:\/\/www.theirvinglawfirm.com\/wp-content\/uploads\/2024\/12\/abogado-en-arlington-para-casos-de-captacion-en-linea-768x512.jpg 768w, https:\/\/www.theirvinglawfirm.com\/wp-content\/uploads\/2024\/12\/abogado-en-arlington-para-casos-de-captacion-en-linea.jpg 800w\" sizes=\"(max-width: 800px) 100vw, 800px\" \/><\/p>\n<h2>Posibles penas y consecuencias de una condena por captaci\u00f3n en l\u00ednea<\/h2>\n<p><span style=\"font-weight: 400;\">Enfrentarse a cargos de <a href=\"https:\/\/law.lis.virginia.gov\/vacode\/title18.2\/chapter8\/section18.2-346.01\/\" target=\"_blank\" rel=\"noopener\">captaci\u00f3n en l\u00ednea<\/a> conlleva fuertes penas que pueden afectar a m\u00faltiples aspectos de su vida. Una condena no solo significa tiempo entre rejas; a menudo conlleva repercusiones financieras, sociales y personales duraderas. Estas consecuencias subrayan la importancia de construir una defensa s\u00f3lida contra tales cargos. <\/span><\/p>\n<h3>Penalizaciones legales de la captaci\u00f3n en l\u00ednea<\/h3>\n<p><span style=\"font-weight: 400;\">Si la presunta v\u00edctima es menor de 15 a\u00f1os y el acusado es al menos siete a\u00f1os mayor, el delito es de clase 5. Este cargo conlleva una pena de prisi\u00f3n de cinco a 30 a\u00f1os, con un m\u00ednimo obligatorio de cinco a\u00f1os. Para los reincidentes con la misma diferencia de edad, la pena aumenta de 10 a 40 a\u00f1os, con un m\u00ednimo obligatorio de 10 a\u00f1os. <\/span><\/p>\n<p><span style=\"font-weight: 400;\">Para las v\u00edctimas de entre 15 y 17 a\u00f1os, si el acusado es siete o m\u00e1s a\u00f1os mayor, tambi\u00e9n es un delito de Clase 5. Las condenas pueden conllevar de uno a 20 a\u00f1os de prisi\u00f3n, con un m\u00ednimo obligatorio de un a\u00f1o por delitos posteriores. <\/span><\/p>\n<h3>Consecuencias financieras<\/h3>\n<p><span style=\"font-weight: 400;\">Las repercusiones financieras van m\u00e1s all\u00e1 de las multas. Los honorarios legales y otros gastos relacionados con los tribunales pueden suponer una carga significativa para usted y su familia. Esta tensi\u00f3n financiera puede agravarse, ya que las personas a menudo tienen dificultades para conseguir empleo o vivienda debido a la marca en sus antecedentes. <\/span><\/p>\n<p><span style=\"font-weight: 400;\">Adem\u00e1s, algunos individuos pueden tener problemas econ\u00f3micos a largo plazo debido a la restricci\u00f3n de sus opciones profesionales tras una condena. Los empleadores suelen desconfiar de contratar a individuos con cargos de captaci\u00f3n o relacionados, lo que puede reducir los ingresos de por vida y la estabilidad general. <\/span><\/p>\n<h3>Repercusiones sociales<\/h3>\n<p><span style=\"font-weight: 400;\">Una condena por captaci\u00f3n en l\u00ednea puede acarrear graves consecuencias sociales. Normalmente los individuos ven gravemente da\u00f1adas su reputaci\u00f3n y sus relaciones. La familia, los amigos y los miembros de la comunidad pueden cambiar sus interacciones con alguien que se enfrenta a tales cargos. <\/span><\/p>\n<p><span style=\"font-weight: 400;\">Adem\u00e1s, una condena suele conllevar la inscripci\u00f3n obligatoria en el registro de delincuentes sexuales de Virginia. Este registro es de acceso p\u00fablico, lo que crea un estigma permanente que afecta a las interacciones sociales y a la participaci\u00f3n en la comunidad. Estos retos sociales pueden conducir a un mayor aislamiento, complicando el camino hacia la rehabilitaci\u00f3n personal. <\/span><\/p>\n<h3>Efecto personal<\/h3>\n<p><span style=\"font-weight: 400;\">El efecto personal de una condena por captaci\u00f3n es significativo, afectando a la autoestima, las relaciones y las perspectivas de futuro. Muchos descubren que su salud mental se deteriora bajo el peso de la condena y la p\u00e9rdida de normalidad en su vida cotidiana. Las relaciones con la familia y los seres queridos a menudo se vuelven tensas a medida que se imponen las realidades de la acusaci\u00f3n. <\/span><\/p>\n<p><span style=\"font-weight: 400;\">Enfrentarse a restricciones comunitarias, perspectivas laborales limitadas y un sentimiento de alienaci\u00f3n puede provocar luchas emocionales, como ansiedad y depresi\u00f3n. Para muchos, estos cargos dejan una marca indeleble en su autopercepci\u00f3n y confianza. <\/span><\/p>\n<p><span style=\"font-weight: 400;\">Conocer sus opciones de defensa y sus derechos legales puede ser el punto de inflexi\u00f3n para luchar eficazmente contra los cargos de captaci\u00f3n en l\u00ednea. Comprender estas estrategias resulta vital para las personas que desean mitigar estos efectos y reconstruir sus vidas. <\/span><\/p>\n<h2>Estrategias de defensa eficaces para cargos de captaci\u00f3n en l\u00ednea<\/h2>\n<p><span style=\"font-weight: 400;\">Elaborar una defensa s\u00f3lida para los cargos de captaci\u00f3n en l\u00ednea requiere una estrategia que aborde cada aspecto del caso. Las defensas eficaces pueden cuestionar las pruebas, aclarar la intenci\u00f3n y defender sus derechos. Estos enfoques persiguen un resultado favorable considerando todos los \u00e1ngulos posibles.<\/span><\/p>\n<p><img decoding=\"async\" class=\"size-full wp-image-24439 alignright\" src=\"https:\/\/www.theirvinglawfirm.com\/wp-content\/uploads\/2024\/12\/abogado-de-arlington-para-defensa-de-captacion-en-linea.jpg\" alt=\"Abogado De Arlington Para Defensa De Capatci\u00f3n En L\u00ednea\" width=\"300\" height=\"200\" srcset=\"https:\/\/www.theirvinglawfirm.com\/wp-content\/uploads\/2024\/12\/abogado-de-arlington-para-defensa-de-captacion-en-linea-200x133.jpg 200w, https:\/\/www.theirvinglawfirm.com\/wp-content\/uploads\/2024\/12\/abogado-de-arlington-para-defensa-de-captacion-en-linea.jpg 300w\" sizes=\"(max-width: 300px) 100vw, 300px\" \/><\/p>\n<h3>Impugnar las pruebas<\/h3>\n<p><span style=\"font-weight: 400;\">Una defensa eficaz suele comenzar por el escrutinio de las pruebas. Un abogado criminalista en Arlington analiza cuidadosamente todos los registros de comunicaci\u00f3n digital para identificar inconsistencias o fallos t\u00e9cnicos que puedan afectar a las alegaciones de la acusaci\u00f3n. Cualquier laguna en la cadena de comunicaci\u00f3n podr\u00eda crear oportunidades para una desestimaci\u00f3n o reducci\u00f3n del caso. <\/span><\/p>\n<p><span style=\"font-weight: 400;\">En algunos casos, el asesor legal puede recurrir a profesionales de la ciencia forense digital para verificar o impugnar la autenticidad de los mensajes y metadatos en l\u00ednea. Asegurarse de que las pruebas cumplen las normas legales de exactitud es esencial, ya que una manipulaci\u00f3n inadecuada de las pruebas digitales podr\u00eda debilitar el argumento de la acusaci\u00f3n. <\/span><\/p>\n<h3>Probar la falta de intenci\u00f3n<\/h3>\n<p><span style=\"font-weight: 400;\">La intenci\u00f3n desempe\u00f1a un papel fundamental en los casos de solicitaci\u00f3n. Sin una intenci\u00f3n clara, demostrar la culpabilidad se convierte en un reto mucho mayor para la acusaci\u00f3n. Una estrategia de defensa s\u00f3lida puede consistir en demostrar que no hab\u00eda un motivo genuino detr\u00e1s de la supuesta comunicaci\u00f3n. <\/span><\/p>\n<p><span style=\"font-weight: 400;\">Los abogados defensores en Virginia suelen utilizar el contexto para demostrar que una conversaci\u00f3n puede haber sido malinterpretada o sacada de contexto. Los abogados pueden presionar para obtener un resultado m\u00e1s favorable haciendo hincapi\u00e9 en la falta de intenci\u00f3n, como la reducci\u00f3n de cargos o incluso el sobreseimiento. <\/span><\/p>\n<h3>Defensa por inducci\u00f3n<\/h3>\n<p><span style=\"font-weight: 400;\">La inducci\u00f3n es una defensa leg\u00edtima en los casos en que el acusado fue inducido o presionado por las fuerzas del orden para cometer un acto que de otro modo no habr\u00eda intentado. Un abogado de delitos sexuales en Arlington analiza la conducta de la polic\u00eda, buscando cualquier indicio de que los oficiales o agentes manipularon la situaci\u00f3n. <\/span><\/p>\n<p><span style=\"font-weight: 400;\">Los equipos de defensa pueden argumentar que el acusado fue colocado en un entorno en el que se le anim\u00f3 indebidamente a cometer un delito. Probando el entrapamiento, el acusado puede evitar la condena por completo. <\/span><\/p>\n<h3>Probar las infracciones procesales<\/h3>\n<p><span style=\"font-weight: 400;\">Las violaciones procesales pueden servir como otra piedra angular de una defensa s\u00f3lida. Si las fuerzas del orden se extralimitan, por ejemplo realizando registros ilegales o utilizando m\u00e9todos de interrogatorio inadecuados, puede comprometer el caso. Los abogados eval\u00faan cada paso procesal para asegurarse de que se respetaron las garant\u00edas procesales durante toda la detenci\u00f3n. <\/span><\/p>\n<p><span style=\"font-weight: 400;\">Cualquier violaci\u00f3n de los derechos procesales puede dar lugar a la exclusi\u00f3n de pruebas espec\u00edficas, lo que podr\u00eda debilitar cr\u00edticamente el caso de la acusaci\u00f3n. Esta estrategia puede aumentar significativamente las posibilidades de un resultado favorable para el acusado. <\/span><\/p>\n<h3>Malentendido o error de identidad<\/h3>\n<p><span style=\"font-weight: 400;\">A veces, los malentendidos o las identidades equivocadas pueden dar lugar a acusaciones err\u00f3neas. Por ejemplo, los dispositivos digitales compartidos o las conversaciones malinterpretadas pueden confundir qui\u00e9n se est\u00e1 comunicando. Los equipos de defensa pueden utilizar coartadas o pruebas digitales para refutar las afirmaciones de la acusaci\u00f3n. <\/span><\/p>\n<p><span style=\"font-weight: 400;\">La impugnaci\u00f3n de la identidad err\u00f3nea permite un enfoque m\u00e1s personalizado que considera cuidadosamente las circunstancias \u00fanicas del acusado. Esta defensa puede ser fundamental para aquellos acusados injustamente y que buscan limpiar su nombre. <\/span><\/p>\n<p><span style=\"font-weight: 400;\">Comprender lo que su abogado debe aportar es igualmente esencial para una defensa s\u00f3lida. Un abogado experimentado debe tener las habilidades adecuadas para defenderle de posibles cargos. <\/span><\/p>\n<h2>C\u00f3mo elegir a su abogado de captaci\u00f3n en l\u00ednea en Arlington<\/h2>\n<p><span style=\"font-weight: 400;\">La elecci\u00f3n del abogado defensor adecuado en Arlington puede determinar la direcci\u00f3n y el resultado de un caso de incitaci\u00f3n en l\u00ednea. Aqu\u00ed descubrir\u00e1 las cualidades esenciales que distinguen a un abogado defensor competente y le ayudar\u00e1n a hacer una elecci\u00f3n informada. <\/span><\/p>\n<h3><b>Experiencia <\/b><\/h3>\n<p><span style=\"font-weight: 400;\">Un abogado con experiencia comprende los matices y los retos espec\u00edficos de los casos de incitaci\u00f3n en l\u00ednea. La familiaridad con los procedimientos legales locales y un conocimiento pr\u00e1ctico de las leyes de Virginia permiten mejorar las estrategias de defensa. Esta perspicacia puede ayudar a los clientes a ir un paso por delante durante todo el proceso legal. <\/span><\/p>\n<h3>Historial de \u00e9xitos probados<\/h3>\n<p><span style=\"font-weight: 400;\">Un historial de resultados satisfactorios en casos similares dice mucho de la capacidad de un abogado para defender con eficacia. Dicho \u00e9xito demuestra su habilidad para conseguir sentencias reducidas, acuerdos favorables o anulaciones de casos. Saber que clientes anteriores han obtenido resultados positivos puede ser una inyecci\u00f3n de confianza. <\/span><\/p>\n<h3>Competente en aspectos t\u00e9cnicos y de procedimiento<\/h3>\n<p><span style=\"font-weight: 400;\">Los casos de captaci\u00f3n en l\u00ednea se basan en gran medida en pruebas digitales, por lo que los conocimientos t\u00e9cnicos son esenciales. Un abogado versado en el manejo de registros electr\u00f3nicos y t\u00e9cnicas forenses tiene ventaja a la hora de impugnar las pruebas de la acusaci\u00f3n. Comprender el aspecto t\u00e9cnico puede evitar el mal manejo de las pruebas. <\/span><\/p>\n<h3>Enfoque centrado en el cliente<\/h3>\n<p><span style=\"font-weight: 400;\">La comunicaci\u00f3n efectiva y la implicaci\u00f3n del cliente son vitales durante todo el proceso de defensa. Los abogados criminalistas dan prioridad a un enfoque centrado en el cliente para asegurarse de que se sienta informado y respaldado. Este enfoque puede marcar una diferencia significativa a la hora de aliviar el estr\u00e9s y fomentar la confianza con el cliente. <\/span><\/p>\n<p><span style=\"font-weight: 400;\">Contar con un abogado de delitos sexuales en Arlington, especialmente uno con sede local en Arlington, influye sustancialmente en la direcci\u00f3n del caso. Una firma de abogados que escucha y responde a las preocupaciones del cliente tiene un valor incalculable en los momentos dif\u00edciles.<\/span><\/p>\n<p><img decoding=\"async\" class=\"size-full wp-image-24437 aligncenter\" src=\"https:\/\/www.theirvinglawfirm.com\/wp-content\/uploads\/2024\/12\/abogado-de-arlington-experimentado-en-captacion-en-linea.jpg\" alt=\"Abogado De Arlington Experimentado En Captaci\u00f3n En L\u00ednea\" width=\"800\" height=\"534\" srcset=\"https:\/\/www.theirvinglawfirm.com\/wp-content\/uploads\/2024\/12\/abogado-de-arlington-experimentado-en-captacion-en-linea-200x134.jpg 200w, https:\/\/www.theirvinglawfirm.com\/wp-content\/uploads\/2024\/12\/abogado-de-arlington-experimentado-en-captacion-en-linea-300x200.jpg 300w, https:\/\/www.theirvinglawfirm.com\/wp-content\/uploads\/2024\/12\/abogado-de-arlington-experimentado-en-captacion-en-linea-400x267.jpg 400w, https:\/\/www.theirvinglawfirm.com\/wp-content\/uploads\/2024\/12\/abogado-de-arlington-experimentado-en-captacion-en-linea-600x401.jpg 600w, https:\/\/www.theirvinglawfirm.com\/wp-content\/uploads\/2024\/12\/abogado-de-arlington-experimentado-en-captacion-en-linea-768x513.jpg 768w, https:\/\/www.theirvinglawfirm.com\/wp-content\/uploads\/2024\/12\/abogado-de-arlington-experimentado-en-captacion-en-linea.jpg 800w\" sizes=\"(max-width: 800px) 100vw, 800px\" \/><\/p>\n<h2>The Irving Law Firm aboga por usted<\/h2>\n<p><span style=\"font-weight: 400;\">Nuestro equipo en <a href=\"https:\/\/www.theirvinglawfirm.com\/es\/ubicaciones\/arlington-va\/\">The Irving Law Firm<\/a> aporta un enfoque dedicado a la defensa de casos de captaci\u00f3n en l\u00ednea. Entendemos el profundo impacto que estos cargos pueden tener en cada \u00e1rea de su vida. Con estrategias de defensa minuciosas y orientadas al detalle, nuestra firma pretende minimizar los da\u00f1os potenciales y apoyar sus derechos dentro y fuera del tribunal. <\/span><\/p>\n<p><span style=\"font-weight: 400;\">Nuestro enfoque en The Irving Law Firm hace hincapi\u00e9 en una comunicaci\u00f3n clara. Mantenerle informado es esencial para una colaboraci\u00f3n eficaz. Nuestro equipo est\u00e1 siempre disponible para discutir el progreso del caso, responder a sus preguntas y explicarle la terminolog\u00eda legal, asegur\u00e1ndonos e que se sienta capacitado. <\/span><\/p>\n<p><span style=\"font-weight: 400;\">Utilizamos estrategias de defensa integrales, incluyendo la impugnaci\u00f3n de pruebas, la identificaci\u00f3n de errores de procedimiento y el cuestionamiento de la intenci\u00f3n. Nos centramos en dar a los clientes una evaluaci\u00f3n honesta y guiarles a trav\u00e9s de cada fase del proceso legal. Nunca estar\u00e1 solo cuando navegue por estas situaciones desafiantes con nuestro apoyo constante. <\/span><\/p>\n<h2>Resumen<\/h2>\n<p><span style=\"font-weight: 400;\">Los cargos de captaci\u00f3n en l\u00ednea pueden acarrear graves consecuencias legales y personales, afectando a su carrera, reputaci\u00f3n y vida personal. Una defensa s\u00f3lida puede reducir estos riesgos y lograr un resultado m\u00e1s favorable. Una orientaci\u00f3n legal temprana y una defensa bien preparada son vitales en este proceso. <\/span><\/p>\n<p><span style=\"font-weight: 400;\">The Irving Law Firm ofrece servicios legales compasivos y robustos para proteger sus derechos y perseguir la anulaci\u00f3n del caso. El compromiso de nuestro equipo con una defensa minuciosa y una comunicaci\u00f3n clara proporciona una base fiable para aquellos que se enfrentan a cargos graves. <\/span><\/p>\n","protected":false},"excerpt":{"rendered":"<p>Un abogado de captaci\u00f3n en l\u00ednea en Arlington puede sentirse  [&#8230;]<\/p>\n","protected":false},"author":3,"featured_media":0,"parent":22140,"menu_order":0,"comment_status":"closed","ping_status":"closed","template":"","meta":{"_analytify_skip_tracking":false,"rank_math_title":"Abogado de captaci\u00f3n en l\u00ednea en Arlington le apoya","rank_math_description":"Una firma de abogados de captaci\u00f3n en l\u00ednea en VA proporciona apoyo y protecci\u00f3n vitales. Obtenga orientaci\u00f3n legal experimentada. ","rank_math_focus_keyword":"abogado de captaci\u00f3n en L\u00ednea en Arlington","rank_math_canonical_url":"","footnotes":""},"class_list":["post-24295","page","type-page","status-publish","hentry"],"acf":[],"_links":{"self":[{"href":"https:\/\/www.theirvinglawfirm.com\/es\/wp-json\/wp\/v2\/pages\/24295","targetHints":{"allow":["GET"]}}],"collection":[{"href":"https:\/\/www.theirvinglawfirm.com\/es\/wp-json\/wp\/v2\/pages"}],"about":[{"href":"https:\/\/www.theirvinglawfirm.com\/es\/wp-json\/wp\/v2\/types\/page"}],"author":[{"embeddable":true,"href":"https:\/\/www.theirvinglawfirm.com\/es\/wp-json\/wp\/v2\/users\/3"}],"replies":[{"embeddable":true,"href":"https:\/\/www.theirvinglawfirm.com\/es\/wp-json\/wp\/v2\/comments?post=24295"}],"version-history":[{"count":2,"href":"https:\/\/www.theirvinglawfirm.com\/es\/wp-json\/wp\/v2\/pages\/24295\/revisions"}],"predecessor-version":[{"id":46974,"href":"https:\/\/www.theirvinglawfirm.com\/es\/wp-json\/wp\/v2\/pages\/24295\/revisions\/46974"}],"up":[{"embeddable":true,"href":"https:\/\/www.theirvinglawfirm.com\/es\/wp-json\/wp\/v2\/pages\/22140"}],"wp:attachment":[{"href":"https:\/\/www.theirvinglawfirm.com\/es\/wp-json\/wp\/v2\/media?parent=24295"}],"curies":[{"name":"wp","href":"https:\/\/api.w.org\/{rel}","templated":true}]}}