{"id":24253,"date":"2024-12-23T17:41:46","date_gmt":"2024-12-23T17:41:46","guid":{"rendered":"https:\/\/www.theirvinglawfirm.com\/?page_id=24253"},"modified":"2024-12-23T17:41:51","modified_gmt":"2024-12-23T17:41:51","slug":"libertades-indecentes","status":"publish","type":"page","link":"https:\/\/www.theirvinglawfirm.com\/es\/ubicaciones\/arlington-va\/abogado-de-defensa-criminal\/delitos-sexuales\/libertades-indecentes\/","title":{"rendered":"Abogado de libertades indecentes en Arlington le protege"},"content":{"rendered":"<p><span style=\"font-weight: 400;\">Enfrentarse a acusaciones de insinuaciones sexuales indebidas es una experiencia desgarradora. Lo que est\u00e1 en juego no podr\u00eda ser mayor, desde graves consecuencias legales hasta da\u00f1os duraderos a su reputaci\u00f3n. Un <a href=\"https:\/\/www.theirvinglawfirm.com\/es\/ubicaciones\/arlington-va\/abogado-de-defensa-criminal\/delitos-sexuales\/\">abogado de libertades indecentes en Arlington<\/a> puede intervenir legalmente para proteger su futuro y luchar contra las acusaciones. <\/span><\/p>\n<p><span style=\"font-weight: 400;\">Este art\u00edculo definir\u00e1 los cargos por libertades indecentes, las repercusiones de una condena y los pasos esenciales que debe dar si es acusado. Es necesario comprender las leyes de Virginia, el proceso legal y c\u00f3mo un abogado criminalista puede limpiar su nombre. <\/span><\/p>\n<h2>\u00bfQu\u00e9 constituye libertades indecentes en Virginia?<\/h2>\n<p><span style=\"font-weight: 400;\">El c\u00f3digo de Virginia establece que un adulto que cometa actos lascivos con un menor de 15 a\u00f1os puede enfrentarse a cargos criminales. Estos cargos se aplican a los mayores de 18 a\u00f1os y requieren que el individuo haya actuado con intenci\u00f3n lasciva, lo que significa un deseo consciente o intencionado de provocar gratificaci\u00f3n sexual. <\/span><\/p>\n<p><span style=\"font-weight: 400;\">Este delito suele incluir acciones que no requieren necesariamente contacto f\u00edsico. Puede implicar gestos, propuestas o acciones destinadas a estimular o provocar sentimientos sexuales. <\/span><\/p>\n<p><span style=\"font-weight: 400;\">Los delitos de libertades indecentes incluyen penas severas, especialmente cuando se demuestra una clara intenci\u00f3n de provocar un compromiso sexual. Comprender los comportamientos espec\u00edficos que conducen a estas acusaciones es fundamental para construir una defensa legal eficaz. <\/span><\/p>\n<p><span style=\"font-weight: 400;\">Ejemplos de delitos contra las libertades indecentes en Virginia:<\/span><\/p>\n<ul>\n<li style=\"font-weight: 400;\" aria-level=\"1\"><span style=\"font-weight: 400;\">Exponerse a un menor con intenci\u00f3n lasciva, cuando el adulto y el menor no est\u00e9n legalmente casados.<\/span><\/li>\n<li style=\"font-weight: 400;\" aria-level=\"1\"><span style=\"font-weight: 400;\">Proponer o solicitar al menor que participe en caricias u otros actos sexuales.<\/span><\/li>\n<li style=\"font-weight: 400;\" aria-level=\"1\"><span style=\"font-weight: 400;\">Persuadir al ni\u00f1o para que entre en un espacio apartado, con la intenci\u00f3n de participar en un acto sexual.<\/span><\/li>\n<li style=\"font-weight: 400;\" aria-level=\"1\"><span style=\"font-weight: 400;\">Alentar o implicar a un menor en la producci\u00f3n de contenidos sexualmente expl\u00edcitos.<\/span><\/li>\n<\/ul>\n<p><span style=\"font-weight: 400;\">Estas acciones criminales indican la gravedad de los cargos y subrayan por qu\u00e9 es fundamental comprender sus repercusiones. Enfrentarse a estas acusaciones por s\u00ed solo puede acarrear duras consecuencias, pero conocer el proceso de justicia penal puede ayudar en la defensa proactiva del caso.<\/span><\/p>\n<p><img decoding=\"async\" class=\"size-full wp-image-24275 aligncenter\" src=\"https:\/\/www.theirvinglawfirm.com\/wp-content\/uploads\/2024\/12\/asistencia-de-abogado-de-libertades-indecentes-en-arlington.jpg\" alt=\"Asistencia De Abogado De Libertades Indecentes En Arlington\" width=\"800\" height=\"533\" srcset=\"https:\/\/www.theirvinglawfirm.com\/wp-content\/uploads\/2024\/12\/asistencia-de-abogado-de-libertades-indecentes-en-arlington-200x133.jpg 200w, https:\/\/www.theirvinglawfirm.com\/wp-content\/uploads\/2024\/12\/asistencia-de-abogado-de-libertades-indecentes-en-arlington-300x200.jpg 300w, https:\/\/www.theirvinglawfirm.com\/wp-content\/uploads\/2024\/12\/asistencia-de-abogado-de-libertades-indecentes-en-arlington-400x267.jpg 400w, https:\/\/www.theirvinglawfirm.com\/wp-content\/uploads\/2024\/12\/asistencia-de-abogado-de-libertades-indecentes-en-arlington-600x400.jpg 600w, https:\/\/www.theirvinglawfirm.com\/wp-content\/uploads\/2024\/12\/asistencia-de-abogado-de-libertades-indecentes-en-arlington-768x512.jpg 768w, https:\/\/www.theirvinglawfirm.com\/wp-content\/uploads\/2024\/12\/asistencia-de-abogado-de-libertades-indecentes-en-arlington.jpg 800w\" sizes=\"(max-width: 800px) 100vw, 800px\" \/><\/p>\n<h2>Consecuencias de una condena por libertades indecentes<\/h2>\n<p><span style=\"font-weight: 400;\">Una condena por libertades indecentes puede afectar a todos los aspectos de la vida de una persona, desde <a href=\"https:\/\/law.lis.virginia.gov\/vacode\/title18.2\/chapter5\/section18.2-370\/\" target=\"_blank\" rel=\"noopener\">penas<\/a> inmediatas hasta restricciones a largo plazo. A continuaci\u00f3n, comprender\u00e1 las diversas repercusiones de una condena de este tipo, desde los castigos legales hasta las ramificaciones sociales. <\/span><\/p>\n<h3>Sanciones legales<\/h3>\n<p><span style=\"font-weight: 400;\">Un delito grave de Clase 5 se aplica a los casos en los que un adulto utiliza sistemas de comunicaci\u00f3n para solicitar o explotar a un menor. Cuando la presunta v\u00edctima es menor de 15 a\u00f1os y el acusado es al menos siete a\u00f1os mayor, el delito conlleva una pena de prisi\u00f3n de cinco a 30 a\u00f1os. En caso de reincidencia en las mismas condiciones de edad, las penas aumentan de 10 a 40 a\u00f1os. <\/span><\/p>\n<p><span style=\"font-weight: 400;\">Para las v\u00edctimas de entre 15 y 17 a\u00f1os, si el acusado es siete o m\u00e1s a\u00f1os mayor, sigue siendo un delito de Clase 5. Las condenas para este grupo de edad pueden acarrear de uno a 20 a\u00f1os de prisi\u00f3n, con una sentencia m\u00ednima obligatoria de un a\u00f1o en caso de reincidencia. Esta ley abarca diversas acciones, incluidas las propuestas de conductas expl\u00edcitas o la invitaci\u00f3n a menores a lugares privados. <\/span><\/p>\n<p><span style=\"font-weight: 400;\">Estas clasificaciones reflejan el estricto enfoque de Virginia respecto a los delitos en l\u00ednea que implican a menores. Los tribunales del Estado aplican duras penas para disuadir del uso de la comunicaci\u00f3n digital para explotar o intentar involucrar a menores en actividades ilegales <\/span><span style=\"font-weight: 400;\"><br \/>\n<\/span><\/p>\n<h3>Registro de delincuentes sexuales<\/h3>\n<p><span style=\"font-weight: 400;\">El registro de delincuentes sexuales puede tener un impacto duradero en la vida de alguien. Las personas condenadas deben enviar informaci\u00f3n personal, incluida su direcci\u00f3n, a un registro en l\u00ednea accesible al p\u00fablico. Esto restringe sus movimientos, opciones de vivienda y posibles oportunidades de empleo. <\/span><\/p>\n<p><span style=\"font-weight: 400;\">El cumplimiento del registro se convierte en otro obst\u00e1culo, ya que los inscritos deben informar con frecuencia de las actualizaciones de su ubicaci\u00f3n. Este requisito afecta a la intimidad esencial y a menudo conlleva una grave estigmatizaci\u00f3n, lo que complica a\u00fan m\u00e1s la vida tras una condena. <\/span><\/p>\n<h3>P\u00e9rdida de derechos civiles<\/h3>\n<p><span style=\"font-weight: 400;\">Las condenas por este delito conllevan la p\u00e9rdida de varios derechos civiles, incluido el derecho a votar, a ocupar cargos p\u00fablicos y a formar parte de un jurado. La p\u00e9rdida de estos derechos limita el compromiso c\u00edvico y puede aislar a los individuos de la participaci\u00f3n en la comunidad. <\/span><\/p>\n<p><span style=\"font-weight: 400;\">Estas restricciones se extienden al derecho a portar armas de fuego, afectando a\u00fan m\u00e1s a las libertades personales. Restablecer estos derechos requiere un complicado proceso dif\u00edcil de atravesar sin asesor\u00eda legal. <\/span><\/p>\n<h3>Asesoramiento obligatorio<\/h3>\n<p><span style=\"font-weight: 400;\">Los tribunales pueden exigir a los condenados que asistan a programas de asesoramiento obligatorios como parte de la sentencia. Las sesiones se centran en la rehabilitaci\u00f3n del delincuente y en el desarrollo de una comprensi\u00f3n de los l\u00edmites sexuales y de la conducta apropiada. <\/span><\/p>\n<p><span style=\"font-weight: 400;\">No asistir a estos programas o no completarlos puede acarrear penas adicionales. Las obligaciones de asesoramiento se suman a las presiones sociales y financieras a las que se enfrentan los condenados. <\/span><\/p>\n<h3>Responsabilidad civil<\/h3>\n<p><span style=\"font-weight: 400;\">Las v\u00edctimas o sus familias pueden solicitar da\u00f1os civiles a trav\u00e9s de una demanda, creando una v\u00eda paralela de consecuencias separada del tribunal criminal. Dichas demandas suelen tener como objetivo obtener una compensaci\u00f3n econ\u00f3mica por el dolor y el sufrimiento o la angustia emocional. <\/span><\/p>\n<p><span style=\"font-weight: 400;\">Las demandas de responsabilidad civil pueden suponer una pesada carga financiera, con sentencias que pueden dar lugar a embargos de salarios o confiscaciones de bienes. Reconocer el importante impacto de estas demandas subraya por qu\u00e9 es esencial conocer los propios derechos y las posibles defensas. <\/span><\/p>\n<p><span style=\"font-weight: 400;\">Comprender las consecuencias de una condena en Arlington es solo una parte del camino. Conocer los pasos correctos si se enfrenta a cargos puede ser vital para protegerse legal y personalmente. <\/span><\/p>\n<h2>\u00bfQu\u00e9 hacer si le acusan de libertades indecentes?<\/h2>\n<p><span style=\"font-weight: 400;\">Enfrentarse a acusaciones de libertades indecentes puede parecer desalentador, pero una acci\u00f3n inmediata y decisiva es su mejor l\u00ednea de defensa. Las elecciones tempranas, incluidas las respuestas a las fuerzas del orden, el intercambio de informaci\u00f3n y los pasos legales, pueden afectar significativamente al resultado. Protegerse empieza por conocer sus derechos y disponer de los recursos adecuados.<\/span><\/p>\n<p><img decoding=\"async\" class=\"size-full wp-image-24283 alignright\" src=\"https:\/\/www.theirvinglawfirm.com\/wp-content\/uploads\/2024\/12\/abogado-de-libertades-indecentes-en-arlington-experimentado.jpg\" alt=\"Abogado De Libertades Indecentes En Arlington Experimentado\" width=\"300\" height=\"199\" srcset=\"https:\/\/www.theirvinglawfirm.com\/wp-content\/uploads\/2024\/12\/abogado-de-libertades-indecentes-en-arlington-experimentado-200x133.jpg 200w, https:\/\/www.theirvinglawfirm.com\/wp-content\/uploads\/2024\/12\/abogado-de-libertades-indecentes-en-arlington-experimentado.jpg 300w\" sizes=\"(max-width: 300px) 100vw, 300px\" \/><\/p>\n<h3>Guardar silencio<\/h3>\n<p><span style=\"font-weight: 400;\">Un abogado litigante proporciona una representaci\u00f3n vital a lo largo del proceso judicial, abogando por sus derechos en cada etapa. Una s\u00f3lida representaci\u00f3n legal garantiza que todos los aspectos de su defensa se manejen con profesionalidad, desde las audiencias previas al juicio hasta los procedimientos judiciales. <\/span><\/p>\n<p><span style=\"font-weight: 400;\">Esta representaci\u00f3n incluye la negociaci\u00f3n con los fiscales para explorar la reducci\u00f3n o desestimaci\u00f3n de los cargos. Con un abogado experimentado, usted se beneficia de una estrategia legal adaptada a su situaci\u00f3n espec\u00edfica. <\/span><\/p>\n<h3>Preservar cualquier prueba relevante<\/h3>\n<p><span style=\"font-weight: 400;\">Un abogado de defensa criminal con experiencia en negociaci\u00f3n puede lograr condiciones favorables fuera de la corte. Una negociaci\u00f3n h\u00e1bil puede reducir las penas o incluso evitar una condena. <\/span><\/p>\n<p><span style=\"font-weight: 400;\">A trav\u00e9s de negociaciones profesionales, su abogado trabaja para disminuir los cargos o llegar a un acuerdo de culpabilidad cuando sea apropiado. Este enfoque minimiza los riesgos, asegurando resultados favorables para sus circunstancias. <\/span><\/p>\n<h3>Contratar a un abogado de defensa criminal<\/h3>\n<p><span style=\"font-weight: 400;\">Con la representaci\u00f3n ante la corte, su abogado articula su defensa, rebate a la acusaci\u00f3n y defiende sus derechos. Una presencia eficaz en la sala del tribunal es vital para presentar un caso cre\u00edble ante el juez y el jurado. <\/span><\/p>\n<p><span style=\"font-weight: 400;\">Un abogado defensor en Arlington especializado aprovechar\u00e1 su experiencia en los tribunales locales y sus conocimientos procesales para reforzar su posici\u00f3n. Contar con un abogado experimentado a su lado tiene un valor incalculable para proteger su futuro. <\/span><\/p>\n<h2>\u00bfC\u00f3mo limpiar su nombre con un abogado de libertades indecentes en Arlington?<\/h2>\n<p><span style=\"font-weight: 400;\">El apoyo legal adecuado puede ayudarle a construir una defensa que examine todas las pruebas, aproveche la negociaci\u00f3n y presente un caso convincente ante la corte. Cada etapa es esencial para proteger sus derechos y lograr un resultado favorable. <\/span><\/p>\n<h3>Representaci\u00f3n legal<\/h3>\n<p><span style=\"font-weight: 400;\">Una representaci\u00f3n eficaz comienza con la protecci\u00f3n de sus derechos desde el principio. Su abogado criminal en Arlington se asegura de que sus interacciones con las fuerzas del orden se lleven a cabo legalmente y de que usted est\u00e9 informado de cada evoluci\u00f3n de su caso. Al guiarle en todo momento, su abogado le ayuda a evitar complicaciones y le prepara para tomar decisiones con conocimiento de causa. <\/span><\/p>\n<h3>Investigaci\u00f3n y recopilaci\u00f3n de pruebas<\/h3>\n<p><span style=\"font-weight: 400;\">Un abogado de delitos sexuales en Arlington lleva a cabo una investigaci\u00f3n detallada, reuniendo pruebas esenciales para reforzar su caso. Esto incluye la obtenci\u00f3n de declaraciones de testigos, la revisi\u00f3n de las actuaciones policiales y la identificaci\u00f3n de errores de procedimiento. Un posible error puede ser motivo de desestimaci\u00f3n o reducci\u00f3n de los cargos. <\/span><\/p>\n<h3>Habilidades De Negociaci\u00f3n<\/h3>\n<p><span style=\"font-weight: 400;\">La negociaci\u00f3n es fundamental para asegurar resultados favorables, permitiendo a menudo la reducci\u00f3n de cargos u opciones alternativas de sentencia. Un abogado abogar\u00e1 en su nombre en las discusiones con la fiscal\u00eda, buscando el resultado ideal. Este enfoque puede disminuir el impacto de los cargos e incluso puede ayudar a evitar una condena por completo. <\/span><\/p>\n<h3>Representaci\u00f3n ante la corte<\/h3>\n<p><span style=\"font-weight: 400;\">El papel de un abogado de delitos sexuales en Arlington se vuelve a\u00fan m\u00e1s vital en la corte, presentando una defensa bien construida para desafiar a la acusaci\u00f3n. La experiencia de su abogado garantiza que todas las pruebas se presenten eficazmente y que cada testigo sea contrainterrogado. Su presencia da a su caso una voz cre\u00edble ante el juez y el jurado. <\/span><\/p>\n<p><span style=\"font-weight: 400;\">Comprender el impacto de una asesor\u00eda legal cualificada es vital, especialmente con un abogado defensor en Arlington. Una firma de abogados cualificada estar\u00e1 familiarizada con los estatutos y procedimientos locales, fortaleciendo su defensa. Con un apoyo dedicado, tendr\u00e1 la ventaja del conocimiento local y de un equipo legal que prioriza su futuro.<\/span><\/p>\n<p><img decoding=\"async\" class=\"size-full wp-image-24285 aligncenter\" src=\"https:\/\/www.theirvinglawfirm.com\/wp-content\/uploads\/2024\/12\/top-abogados-de-libertades-indecentes-en-arlington.jpg\" alt=\"Top Abogados De Libertades Indecentes En Arlington\" width=\"800\" height=\"533\" srcset=\"https:\/\/www.theirvinglawfirm.com\/wp-content\/uploads\/2024\/12\/top-abogados-de-libertades-indecentes-en-arlington-200x133.jpg 200w, https:\/\/www.theirvinglawfirm.com\/wp-content\/uploads\/2024\/12\/top-abogados-de-libertades-indecentes-en-arlington-300x200.jpg 300w, https:\/\/www.theirvinglawfirm.com\/wp-content\/uploads\/2024\/12\/top-abogados-de-libertades-indecentes-en-arlington-400x267.jpg 400w, https:\/\/www.theirvinglawfirm.com\/wp-content\/uploads\/2024\/12\/top-abogados-de-libertades-indecentes-en-arlington-600x400.jpg 600w, https:\/\/www.theirvinglawfirm.com\/wp-content\/uploads\/2024\/12\/top-abogados-de-libertades-indecentes-en-arlington-768x512.jpg 768w, https:\/\/www.theirvinglawfirm.com\/wp-content\/uploads\/2024\/12\/top-abogados-de-libertades-indecentes-en-arlington.jpg 800w\" sizes=\"(max-width: 800px) 100vw, 800px\" \/><\/p>\n<h2>\u00bfPor qu\u00e9 elegir a The Irving Law Firm para su defensa?<\/h2>\n<p><span style=\"font-weight: 400;\"><a href=\"https:\/\/www.theirvinglawfirm.com\/es\/ubicaciones\/arlington-va\/\">The Irving Law Firm<\/a> tiene una s\u00f3lida reputaci\u00f3n en la defensa de clientes contra cargos de libertades indecentes. Con un profundo conocimiento de las leyes sobre delitos sexuales de Virginia, elaboramos estrategias de defensa espec\u00edficamente adaptadas a cada caso. Nuestro conocimiento de los tribunales locales y sus procedimientos refuerza a\u00fan m\u00e1s nuestro enfoque de defensa del cliente. <\/span><\/p>\n<p><span style=\"font-weight: 400;\">Nos dedicamos a proporcionar una orientaci\u00f3n personalizada, reconociendo la naturaleza personal de cada caso. Desarrollamos estrategias que priorizan las necesidades y derechos del cliente analizando cuidadosamente los aspectos \u00fanicos de cada caso. Nuestros abogados adoptan un enfoque centrado en el cliente, con una comunicaci\u00f3n abierta y expectativas claras en cada etapa. <\/span><\/p>\n<p><span style=\"font-weight: 400;\">Entendemos el impacto de estos cargos en la vida de nuestros clientes, por lo que nuestros m\u00e9todos se centran en aliviar el estr\u00e9s y abordar los retos legales de frente. Con nuestro equipo, usted recibe una consulta legal integral y apoyo en cada paso de su caso, asegurando que ning\u00fan detalle sea pasado por alto. <\/span><\/p>\n<h2>Resumen<\/h2>\n<p><span style=\"font-weight: 400;\">Las libertades indecentes en Virginia se refieren a los actos en los que participa un menor de 15 a\u00f1os por parte de un adulto de 18 a\u00f1os o m\u00e1s con la intenci\u00f3n de excitar o gratificar deseos sexuales. Esto puede incluir gestos y proposiciones, incluso sin contacto f\u00edsico. Las condenas conllevan penas severas, incluida la prisi\u00f3n y el registro como delincuente sexual, lo que subraya la importancia de una defensa legal cualificada. <\/span><\/p>\n<p><span style=\"font-weight: 400;\">The Irving Law Firm est\u00e1 aqu\u00ed para proporcionar esa defensa legal con un enfoque estrat\u00e9gico centrado en el cliente. La dedicaci\u00f3n de nuestro equipo a la defensa del cliente y el profundo conocimiento de las leyes de protecci\u00f3n de menores de Virginia garantizan que su caso reciba la atenci\u00f3n y la defensa que merece. <\/span><\/p>\n","protected":false},"excerpt":{"rendered":"<p>Enfrentarse a acusaciones de insinuaciones sexuales indebidas es una experiencia  [&#8230;]<\/p>\n","protected":false},"author":3,"featured_media":0,"parent":22140,"menu_order":0,"comment_status":"closed","ping_status":"closed","template":"","meta":{"_analytify_skip_tracking":false,"rank_math_title":"Abogado de libertades indecentes en Arlington, VA","rank_math_description":"Un abogado de libertades indecentes en Arlington combate los cargos con una defensa estrat\u00e9gica. Obtenga orientaci\u00f3n y proteja sus derechos.","rank_math_focus_keyword":"Abogado de libertades indecentes en Arlington","rank_math_canonical_url":"","footnotes":""},"class_list":["post-24253","page","type-page","status-publish","hentry"],"acf":[],"_links":{"self":[{"href":"https:\/\/www.theirvinglawfirm.com\/es\/wp-json\/wp\/v2\/pages\/24253","targetHints":{"allow":["GET"]}}],"collection":[{"href":"https:\/\/www.theirvinglawfirm.com\/es\/wp-json\/wp\/v2\/pages"}],"about":[{"href":"https:\/\/www.theirvinglawfirm.com\/es\/wp-json\/wp\/v2\/types\/page"}],"author":[{"embeddable":true,"href":"https:\/\/www.theirvinglawfirm.com\/es\/wp-json\/wp\/v2\/users\/3"}],"replies":[{"embeddable":true,"href":"https:\/\/www.theirvinglawfirm.com\/es\/wp-json\/wp\/v2\/comments?post=24253"}],"version-history":[{"count":0,"href":"https:\/\/www.theirvinglawfirm.com\/es\/wp-json\/wp\/v2\/pages\/24253\/revisions"}],"up":[{"embeddable":true,"href":"https:\/\/www.theirvinglawfirm.com\/es\/wp-json\/wp\/v2\/pages\/22140"}],"wp:attachment":[{"href":"https:\/\/www.theirvinglawfirm.com\/es\/wp-json\/wp\/v2\/media?parent=24253"}],"curies":[{"name":"wp","href":"https:\/\/api.w.org\/{rel}","templated":true}]}}