{"id":24168,"date":"2024-12-19T19:52:40","date_gmt":"2024-12-19T19:52:40","guid":{"rendered":"https:\/\/www.theirvinglawfirm.com\/?page_id=24168"},"modified":"2026-04-30T12:31:43","modified_gmt":"2026-04-30T12:31:43","slug":"violacion","status":"publish","type":"page","link":"https:\/\/www.theirvinglawfirm.com\/es\/ubicaciones\/arlington-va\/abogado-de-defensa-criminal\/delitos-sexuales\/violacion\/","title":{"rendered":"Abogados de violaci\u00f3n en Arlington VA"},"content":{"rendered":"<p><span style=\"font-weight: 400;\">Un <a href=\"https:\/\/www.theirvinglawfirm.com\/es\/ubicaciones\/arlington-va\/abogado-de-defensa-criminal\/delitos-sexuales\/\">abogado de violaci\u00f3n en Arlington VA<\/a> puede ser un salvavidas para cualquiera que se enfrente a acusaciones graves. Contar con una defensa cualificada es esencial en estas situaciones de alto riesgo, en las que las vidas pueden verse irrevocablemente alteradas. Con el abogado adecuado, puede construir una defensa s\u00f3lida y cuidadosamente elaborada para proteger sus derechos y su futuro. <\/span><\/p>\n<p><span style=\"font-weight: 400;\">En este art\u00edculo, conocer\u00e1 las normas legales de Virginia, el impacto de una condena y c\u00f3mo un abogado puede marcar la diferencia. Tambi\u00e9n comprender\u00e1 los aspectos cr\u00edticos de las estrategias de defensa, las cualidades que distinguen a los abogados excepcionales y la importancia de seleccionar una firma con experiencia. <\/span><\/p>\n<h2>Comprendiendo cargos por violaci\u00f3n en VA<\/h2>\n<p><span style=\"font-weight: 400;\">La violaci\u00f3n implica mantener relaciones sexuales no consentidas, a menudo con fuerza, intimidaci\u00f3n o cuando la v\u00edctima es incapaz de dar su consentimiento. Un aspecto central en estos casos es probar la falta de consentimiento y examinar las acciones que supuestamente llev\u00f3 a cabo el acusado para anularlo. <\/span><\/p>\n<p><span style=\"font-weight: 400;\">La violaci\u00f3n es un delito grave, y una condena conlleva consecuencias que alteran la vida. Exige una representaci\u00f3n legal cualificada y experimentada en defensa criminal compleja. Las acusaciones tambi\u00e9n pueden venir acompa\u00f1adas de cargos adicionales, como conducta sexual inapropiada o agresi\u00f3n, que pueden complicar a\u00fan m\u00e1s una estrategia de defensa. <\/span><\/p>\n<p><span style=\"font-weight: 400;\">El proceso legal es complejo y requiere una navegaci\u00f3n cuidadosa, especialmente en los casos de alto riesgo. Sin el apoyo adecuado, los acusados pueden tener dificultades para manejar eficazmente los retos legales y procesales. Con un abogado experimentado, pueden abordar cada etapa del caso con una defensa estrat\u00e9gica y bien planificada. <\/span><\/p>\n<p><span style=\"font-weight: 400;\">Conocer el impacto potencial de una condena es esencial para cualquiera que se enfrente a cargos de violaci\u00f3n. Con esta comprensi\u00f3n, el acusado y su abogado pueden enfocar la defensa de forma m\u00e1s estrat\u00e9gica, centr\u00e1ndose en minimizar estos efectos duraderos.<\/span><\/p>\n<p><img decoding=\"async\" class=\"size-full wp-image-24204 aligncenter\" src=\"https:\/\/www.theirvinglawfirm.com\/wp-content\/uploads\/2024\/12\/apoyo-de-un-abogado-de-violancion-en-arlington-va.jpg\" alt=\"Apoyo De Un Abogado De Violaci\u00f3n En Arlington VA\" width=\"800\" height=\"533\" srcset=\"https:\/\/www.theirvinglawfirm.com\/wp-content\/uploads\/2024\/12\/apoyo-de-un-abogado-de-violancion-en-arlington-va-200x133.jpg 200w, https:\/\/www.theirvinglawfirm.com\/wp-content\/uploads\/2024\/12\/apoyo-de-un-abogado-de-violancion-en-arlington-va-300x200.jpg 300w, https:\/\/www.theirvinglawfirm.com\/wp-content\/uploads\/2024\/12\/apoyo-de-un-abogado-de-violancion-en-arlington-va-400x267.jpg 400w, https:\/\/www.theirvinglawfirm.com\/wp-content\/uploads\/2024\/12\/apoyo-de-un-abogado-de-violancion-en-arlington-va-600x400.jpg 600w, https:\/\/www.theirvinglawfirm.com\/wp-content\/uploads\/2024\/12\/apoyo-de-un-abogado-de-violancion-en-arlington-va-768x512.jpg 768w, https:\/\/www.theirvinglawfirm.com\/wp-content\/uploads\/2024\/12\/apoyo-de-un-abogado-de-violancion-en-arlington-va.jpg 800w\" sizes=\"(max-width: 800px) 100vw, 800px\" \/><\/p>\n<h2>Posibles repercusiones de una condena por violaci\u00f3n<\/h2>\n<p><span style=\"font-weight: 400;\">Una condena por <a href=\"https:\/\/law.lis.virginia.gov\/vacode\/title18.2\/chapter4\/section18.2-61\/\" target=\"_blank\" rel=\"noopener\">cargos de violaci\u00f3n<\/a> en Virginia puede afectar a casi todos los aspectos de la vida de una persona, desde las finanzas hasta las relaciones personales. M\u00e1s all\u00e1 de las consecuencias legales inmediatas, estos impactos pueden crear obst\u00e1culos duraderos que reconfiguren la vida cotidiana. Comprender estos retos puede ser vital para preparar una defensa eficaz. <\/span><\/p>\n<h3>Impacto financiero<\/h3>\n<p><span style=\"font-weight: 400;\">Las multas, los costos judiciales y los honorarios legales se acumulan r\u00e1pidamente, a menudo forzando o agotando las cuentas de ahorro. Adem\u00e1s, los condenados pueden perder oportunidades de trabajo actuales o futuras, ya que muchos empleadores dudan en contratar a personas con antecedentes por delitos graves. <\/span><\/p>\n<p><span style=\"font-weight: 400;\">Adem\u00e1s, los requisitos posteriores a la condena, como el asesoramiento o la terapia obligatorios, tambi\u00e9n pueden a\u00f1adirse a la carga financiera. Estos retos a menudo se acumulan haciendo que una defensa s\u00f3lida sea importante para prevenir o mitigar los da\u00f1os potenciales. <\/span><\/p>\n<h3>Repercusiones sociales<\/h3>\n<p><span style=\"font-weight: 400;\">Las repercusiones sociales para los condenados por violaci\u00f3n pueden ser devastadoras, y a menudo conducen al aislamiento o al alejamiento de la familia y los amigos. Una persona condenada puede experimentar el estigma social, incluso cuando la condena es impugnada, lo que causa da\u00f1os en sus c\u00edrculos personales y profesionales. <\/span><\/p>\n<p><span style=\"font-weight: 400;\">La participaci\u00f3n en actos comunitarios, funciones escolares o reuniones sociales puede verse limitada, ya que las personas pueden sentirse poco bienvenidas en esos espacios. El estigma suele seguir a los condenados, afect\u00e1ndoles durante a\u00f1os o incluso d\u00e9cadas despu\u00e9s de cumplir su condena. Un abogado defensor con experiencia puede ayudar a reducir estas repercusiones buscando los resultados ideales. <\/span><\/p>\n<h3>Problemas personales<\/h3>\n<p><span style=\"font-weight: 400;\">Una condena por violaci\u00f3n puede dar lugar a relaciones tensas o rotas con la familia, los amigos y las parejas sentimentales. Muchos individuos experimentan dificultades para reconstruir su vida personal, principalmente mientras trabajan para restablecer la confianza con sus allegados. <\/span><\/p>\n<p><span style=\"font-weight: 400;\">Una condena conlleva la p\u00e9rdida de la identidad personal y sentimientos de verg\u00fcenza o culpabilidad, independientemente de las circunstancias que rodearon la acusaci\u00f3n. Esto repercute en las relaciones futuras y altera la propia autoestima, algo que un abogado criminal solidario puede ayudar a abordar mediante una defensa s\u00f3lida. <\/span><\/p>\n<h3>Consecuencias legales<\/h3>\n<p><span style=\"font-weight: 400;\">Los requisitos de libertad condicional, los mandatos de presentaci\u00f3n de informes y las audiencias regulares al tribunal son consecuencias esperadas. Esto tambi\u00e9n se extiende m\u00e1s all\u00e1 de las penas y sentencias inmediatas, ya que a menudo se exige el registro de por vida como delincuente sexual. Las condenas en el condado de Arlington tambi\u00e9n inscriben a los individuos en registros p\u00fablicos, a los que pueden acceder vecinos, empleadores y escuelas. <\/span><\/p>\n<p><span style=\"font-weight: 400;\">Una defensa legal efectiva puede ayudar a disminuir estas consecuencias y asegurar opciones para sentencias reducidas o alternativas. Elaborar una defensa s\u00f3lida con un abogado de violaci\u00f3n en Arlington es esencial para lograr un resultado favorable. <\/span><\/p>\n<h2>Defensa legal de un abogado de violaci\u00f3n en Arlington VA<\/h2>\n<p><span style=\"font-weight: 400;\">Defenderse de una acusaci\u00f3n de violaci\u00f3n requiere una estrategia detallada y de varios niveles que un abogado experimentado puede elaborar con esmero. Un abogado defensor en casos de violaci\u00f3n puede identificar posibles puntos de error o mala interpretaci\u00f3n, cuestionar la validez de las confesiones y utilizar testigos para apoyar la defensa.<\/span><\/p>\n<p><img decoding=\"async\" class=\"size-full wp-image-24206 alignright\" src=\"https:\/\/www.theirvinglawfirm.com\/wp-content\/uploads\/2024\/12\/abogado-de-violacion-en-arlington-va-le-defiende.jpg\" alt=\"Abogado De Violaci\u00f3n En Arlington VA Le Defiende\" width=\"300\" height=\"198\" srcset=\"https:\/\/www.theirvinglawfirm.com\/wp-content\/uploads\/2024\/12\/abogado-de-violacion-en-arlington-va-le-defiende-200x132.jpg 200w, https:\/\/www.theirvinglawfirm.com\/wp-content\/uploads\/2024\/12\/abogado-de-violacion-en-arlington-va-le-defiende.jpg 300w\" sizes=\"(max-width: 300px) 100vw, 300px\" \/><\/p>\n<h3>Enfrentarse a reclamaciones por identidad err\u00f3nea<\/h3>\n<p><span style=\"font-weight: 400;\">El error de identidad es una cuesti\u00f3n importante en algunos casos de violaci\u00f3n, sobre todo cuando los testigos o las v\u00edctimas identifican err\u00f3neamente al acusado. Un abogado analizar\u00e1 las pruebas, incluidas las im\u00e1genes de vigilancia o los informes forenses, para confirmar la exactitud de la identificaci\u00f3n. Mediante la investigaci\u00f3n, los abogados pueden impugnar la validez de la identificaci\u00f3n. <\/span><\/p>\n<p><span style=\"font-weight: 400;\">Los m\u00e9todos cient\u00edficos como el an\u00e1lisis de ADN tambi\u00e9n pueden aclarar si el acusado est\u00e1 realmente relacionado con el incidente. Adem\u00e1s, los abogados experimentados pueden interrogar a los testigos y ayudar a revelar cualquier incoherencia en el testimonio que pueda indicar un error de identidad. <\/span><\/p>\n<h3>Impugnar la coacci\u00f3n o las confesiones incompletas<\/h3>\n<p><span style=\"font-weight: 400;\">En algunos casos, la acusaci\u00f3n puede basarse en confesiones incompletas que se obtuvieron bajo coacci\u00f3n. Los abogados defensores averiguan las condiciones en las que se obtuvieron las confesiones, cuestionando cualquier signo de coacci\u00f3n. Al hacerlo, los abogados protegen a sus clientes de pr\u00e1cticas legales injustas que pueden haber influido en sus declaraciones. <\/span><\/p>\n<p><span style=\"font-weight: 400;\">Un abogado puede presentar mociones para suprimir confesiones coaccionadas o manipuladas indebidamente, asegur\u00e1ndose de que en el tribunal solo se utilicen pruebas justas. Este enfoque protege los derechos de los clientes y obliga a la acusaci\u00f3n a aportar pruebas m\u00e1s cre\u00edbles. <\/span><\/p>\n<h3>Manipulaci\u00f3n cuidadosa de las pruebas f\u00edsicas<\/h3>\n<p><span style=\"font-weight: 400;\">Las pruebas f\u00edsicas son esenciales en un caso de violaci\u00f3n, ya que proporcionan datos objetivos para apoyar o refutar las alegaciones. Un abogado experimentado examina todas las pruebas disponibles en busca de incoherencias o errores, como contaminaci\u00f3n o manipulaci\u00f3n indebida. Esta atenci\u00f3n a los detalles puede a menudo suscitar dudas razonables, lo que conduce a un resultado m\u00e1s favorable para el acusado. <\/span><\/p>\n<p><span style=\"font-weight: 400;\">Trabajar con los forenses es otro aspecto crucial, ya que pueden aclarar las pruebas y resolver cualquier problema t\u00e9cnico. Con un manejo cuidadoso, los abogados pueden construir un caso que debilite las pruebas f\u00edsicas de la acusaci\u00f3n, fortaleciendo as\u00ed la defensa. <\/span><\/p>\n<h3>Probar el consentimiento<\/h3>\n<p><span style=\"font-weight: 400;\">En muchos casos, el consentimiento es una defensa compleja pero v\u00e1lida, principalmente cuando existen relaciones o interacciones previas entre las partes. Un abogado puede presentar registros de comunicaci\u00f3n, como textos o correos electr\u00f3nicos, para apoyar el argumento de que ambas partes dieron su consentimiento. Esta defensa requiere un manejo cuidadoso y con tacto, ya que debe abordarse con respeto hacia todos los implicados. <\/span><\/p>\n<p><span style=\"font-weight: 400;\">Elegir al abogado adecuado en Arlington es esencial para navegar por las complejidades de una defensa por violaci\u00f3n. Un abogado bien informado entiende las leyes locales, que pueden afectar significativamente el resultado de un caso. Aportan experiencia, pensamiento estrat\u00e9gico y compasi\u00f3n, asegurando que cada posible v\u00eda de defensa sea explorada con cuidado y profesionalidad. <\/span><\/p>\n<h2>Elegir al abogado adecuado para casos de violaci\u00f3n en Arlington<\/h2>\n<p><span style=\"font-weight: 400;\">Seleccionar al abogado adecuado para una defensa por violaci\u00f3n en Arlington requiere prestar atenci\u00f3n a los antecedentes del abogado, su enfoque y su experiencia con casos similares. La experiencia con casos de agresi\u00f3n sexual garantiza que el abogado comprenda matices que otros abogados pueden pasar por alto. <\/span><\/p>\n<p><span style=\"font-weight: 400;\">Adem\u00e1s, el conocimiento local es inestimable. Los abogados criminales de Arlington familiarizados con la zona conocen la cultura legal, los protocolos de los tribunales y las figuras locales importantes del sistema judicial. Esta perspicacia suele beneficiar al cliente, ya que las conexiones del abogado pueden ayudar a gestionar eficazmente diversos aspectos del caso. <\/span><\/p>\n<p><span style=\"font-weight: 400;\">Un abogado defensor experimentado en manejar la intensidad emocional de un caso de violaci\u00f3n tambi\u00e9n puede ayudar a los clientes a controlar el estr\u00e9s y proteger su dignidad. La empat\u00eda y la profesionalidad son vitales para apoyar al cliente a lo largo de todo el trayecto legal, ya que estos casos conllevan una pesada carga emocional. <\/span><\/p>\n<p><span style=\"font-weight: 400;\">Con estas consideraciones, las personas acusadas de delitos graves pueden desenvolverse mejor en el panorama jur\u00eddico eligiendo una firma de abogados de probada eficacia y con un historial de resultados favorables.<\/span><\/p>\n<p><img decoding=\"async\" class=\"size-full wp-image-24208 aligncenter\" src=\"https:\/\/www.theirvinglawfirm.com\/wp-content\/uploads\/2024\/12\/abogado-de-defensa-en-casos-de-violacion.jpg\" alt=\"Abogado De Defensa En Casos De Violaci\u00f3n\" width=\"800\" height=\"534\" srcset=\"https:\/\/www.theirvinglawfirm.com\/wp-content\/uploads\/2024\/12\/abogado-de-defensa-en-casos-de-violacion-200x134.jpg 200w, https:\/\/www.theirvinglawfirm.com\/wp-content\/uploads\/2024\/12\/abogado-de-defensa-en-casos-de-violacion-300x200.jpg 300w, https:\/\/www.theirvinglawfirm.com\/wp-content\/uploads\/2024\/12\/abogado-de-defensa-en-casos-de-violacion-400x267.jpg 400w, https:\/\/www.theirvinglawfirm.com\/wp-content\/uploads\/2024\/12\/abogado-de-defensa-en-casos-de-violacion-600x401.jpg 600w, https:\/\/www.theirvinglawfirm.com\/wp-content\/uploads\/2024\/12\/abogado-de-defensa-en-casos-de-violacion-768x513.jpg 768w, https:\/\/www.theirvinglawfirm.com\/wp-content\/uploads\/2024\/12\/abogado-de-defensa-en-casos-de-violacion.jpg 800w\" sizes=\"(max-width: 800px) 100vw, 800px\" \/><\/p>\n<h2>Busque la ayuda de The Irving Law Firm<\/h2>\n<p><a href=\"https:\/\/www.theirvinglawfirm.com\/es\/ubicaciones\/arlington-va\/\">The Irving Law Firm<\/a> <span style=\"font-weight: 400;\">se ha forjado una s\u00f3lida reputaci\u00f3n en Arlington por llevar casos complejos de defensa en casos de violaci\u00f3n con profesionalidad y dedicaci\u00f3n. Con una amplia experiencia en defensa criminal, nuestra firma est\u00e1 bien equipada para hacer frente a los desaf\u00edos espec\u00edficos que presentan estos casos. Nuestro equipo aporta una comprensi\u00f3n matizada de los tribunales de Virginia, trabajando para proteger a los clientes. <\/span><\/p>\n<p><span style=\"font-weight: 400;\">Nuestro enfoque centrado en el cliente proporciona una atenci\u00f3n personalizada, reconociendo que cada caso tiene necesidades y preocupaciones \u00fanicas. Desde las consultas iniciales hasta la planificaci\u00f3n estrat\u00e9gica, The Irving Law Firm adapta su enfoque, centr\u00e1ndose en los objetivos y circunstancias de cada cliente. <\/span><\/p>\n<p><span style=\"font-weight: 400;\">Garantizamos una minuciosa recopilaci\u00f3n de pruebas, una adecuada preparaci\u00f3n de los testigos y una detallada orientaci\u00f3n jur\u00eddica. Examinando meticulosamente cada aspecto de un caso, nuestro equipo trabaja para identificar los puntos d\u00e9biles en las alegaciones de la acusaci\u00f3n y construir una defensa legal exhaustiva. The Irving Law Firm le ayuda a afrontar estos retos con entereza y confianza. <\/span><\/p>\n<p><span style=\"font-weight: 400;\">Conf\u00ede en nosotros para manejar las complejidades de su caso con el m\u00e1ximo cuidado y profesionalidad. Nos enorgullece abogar por nuestros clientes y defender su futuro. Nuestro compromiso es estar a su lado, por muy dif\u00edcil que sea la situaci\u00f3n. Deje que nuestra firma sea su mejor aliado para proteger sus derechos y asegurar el resultado \u00f3ptimo. <\/span><\/p>\n<h2>Resumen<\/h2>\n<p><span style=\"font-weight: 400;\">Construir una defensa s\u00f3lida por cargos de violaci\u00f3n es un proceso complejo que requiere un abogado con conocimientos y experiencia en procesos criminales y en los tribunales locales de Arlington VA. Con una s\u00f3lida comprensi\u00f3n de la preparaci\u00f3n de un juicio con jurado, la negociaci\u00f3n de los cargos y la planificaci\u00f3n estrat\u00e9gica, una defensa s\u00f3lida puede ayudar a asegurar el resultado \u00f3ptimo. <\/span><\/p>\n<p><span style=\"font-weight: 400;\">The Irving Law Firm est\u00e1 listo para apoyar a los clientes con un servicio compasivo y profesional y un enfoque proactivo en casos desafiantes. Nuestro enfoque en la evaluaci\u00f3n detallada del caso y la defensa centrada en el cliente asegura una representaci\u00f3n integral en cada etapa. <\/span><\/p>\n","protected":false},"excerpt":{"rendered":"<p>Un abogado de violaci\u00f3n en Arlington VA puede ser un  [&#8230;]<\/p>\n","protected":false},"author":3,"featured_media":0,"parent":22140,"menu_order":0,"comment_status":"closed","ping_status":"closed","template":"","meta":{"_analytify_skip_tracking":false,"rank_math_title":"Abogado de violaci\u00f3n en Arlington VA prepara defensa s\u00f3lida","rank_math_description":"Una firma de abogados de violaci\u00f3n defienden su caso. Emplean defensas eficaces para proteger su reputaci\u00f3n y su futuro.   ","rank_math_focus_keyword":"Abogado De Violaci\u00f3n En Arlington VA","rank_math_canonical_url":"","footnotes":""},"class_list":["post-24168","page","type-page","status-publish","hentry"],"acf":[],"_links":{"self":[{"href":"https:\/\/www.theirvinglawfirm.com\/es\/wp-json\/wp\/v2\/pages\/24168","targetHints":{"allow":["GET"]}}],"collection":[{"href":"https:\/\/www.theirvinglawfirm.com\/es\/wp-json\/wp\/v2\/pages"}],"about":[{"href":"https:\/\/www.theirvinglawfirm.com\/es\/wp-json\/wp\/v2\/types\/page"}],"author":[{"embeddable":true,"href":"https:\/\/www.theirvinglawfirm.com\/es\/wp-json\/wp\/v2\/users\/3"}],"replies":[{"embeddable":true,"href":"https:\/\/www.theirvinglawfirm.com\/es\/wp-json\/wp\/v2\/comments?post=24168"}],"version-history":[{"count":2,"href":"https:\/\/www.theirvinglawfirm.com\/es\/wp-json\/wp\/v2\/pages\/24168\/revisions"}],"predecessor-version":[{"id":46967,"href":"https:\/\/www.theirvinglawfirm.com\/es\/wp-json\/wp\/v2\/pages\/24168\/revisions\/46967"}],"up":[{"embeddable":true,"href":"https:\/\/www.theirvinglawfirm.com\/es\/wp-json\/wp\/v2\/pages\/22140"}],"wp:attachment":[{"href":"https:\/\/www.theirvinglawfirm.com\/es\/wp-json\/wp\/v2\/media?parent=24168"}],"curies":[{"name":"wp","href":"https:\/\/api.w.org\/{rel}","templated":true}]}}