{"id":22003,"date":"2024-11-15T20:56:40","date_gmt":"2024-11-15T20:56:40","guid":{"rendered":"https:\/\/www.theirvinglawfirm.com\/?page_id=22003"},"modified":"2026-04-29T17:23:39","modified_gmt":"2026-04-29T17:23:39","slug":"abogado-de-lesiones-personales","status":"publish","type":"page","link":"https:\/\/www.theirvinglawfirm.com\/es\/ubicaciones\/arlington-va\/abogado-de-lesiones-personales\/","title":{"rendered":"Abogado de lesiones personales en Arlington"},"content":{"rendered":"<p>Si se ha lesionado en un accidente en Arlington, VA, puede estar enfrent\u00e1ndose a un torbellino de facturas m\u00e9dicas, dolor y angustia emocional. La vida no se detiene despu\u00e9s de una lesi\u00f3n, y lo \u00faltimo que quiere es batallar con las compa\u00f1\u00edas de seguros o navegar por complicados procesos legales por su cuenta.<\/p>\n<p>Afortunadamente, usted no est\u00e1 solo. Un <a href=\"https:\/\/www.theirvinglawfirm.com\/es\/ubicaciones\/arlington-va\/\">abogado de lesiones personales en Arlington de The Irving Law Firm<\/a> puede abogar por usted, trabajando incansablemente para asegurarse de que la parte responsable rinda cuentas y usted obtenga la indemnizaci\u00f3n que necesita para seguir adelante con su vida.<\/p>\n<p><img decoding=\"async\" class=\"size-full wp-image-22006 aligncenter\" src=\"https:\/\/www.theirvinglawfirm.com\/wp-content\/uploads\/2024\/11\/firma-de-abogados-de-lesiones-personales-en-arlington-proteccion-a-victimas-de-accidentes.jpg\" alt=\"Firma De Abogados De Lesiones Personales En Arlington: Protecci\u00f3n A V\u00edctimas De Accidentes\" width=\"800\" height=\"534\" srcset=\"https:\/\/www.theirvinglawfirm.com\/wp-content\/uploads\/2024\/11\/firma-de-abogados-de-lesiones-personales-en-arlington-proteccion-a-victimas-de-accidentes-200x134.jpg 200w, https:\/\/www.theirvinglawfirm.com\/wp-content\/uploads\/2024\/11\/firma-de-abogados-de-lesiones-personales-en-arlington-proteccion-a-victimas-de-accidentes-300x200.jpg 300w, https:\/\/www.theirvinglawfirm.com\/wp-content\/uploads\/2024\/11\/firma-de-abogados-de-lesiones-personales-en-arlington-proteccion-a-victimas-de-accidentes-400x267.jpg 400w, https:\/\/www.theirvinglawfirm.com\/wp-content\/uploads\/2024\/11\/firma-de-abogados-de-lesiones-personales-en-arlington-proteccion-a-victimas-de-accidentes-600x401.jpg 600w, https:\/\/www.theirvinglawfirm.com\/wp-content\/uploads\/2024\/11\/firma-de-abogados-de-lesiones-personales-en-arlington-proteccion-a-victimas-de-accidentes-768x513.jpg 768w, https:\/\/www.theirvinglawfirm.com\/wp-content\/uploads\/2024\/11\/firma-de-abogados-de-lesiones-personales-en-arlington-proteccion-a-victimas-de-accidentes.jpg 800w\" sizes=\"(max-width: 800px) 100vw, 800px\" \/><\/p>\n<h2>Por Qu\u00e9 Necesita A Un Abogado De Lesiones Personales En Arlington<\/h2>\n<p>Los accidentes ocurren en un santiam\u00e9n y sus consecuencias pueden durar toda la vida. Ya sea un accidente de auto en la Ruta 50 o un resbal\u00f3n y ca\u00edda en un negocio local, las lesiones pueden dejar a las v\u00edctimas sinti\u00e9ndose abrumadas y vulnerables. M\u00e1s all\u00e1 del dolor f\u00edsico, es posible que tenga que hacer frente a costosas facturas m\u00e9dicas, p\u00e9rdida de ingresos y el estr\u00e9s de llegar a fin de mes.<\/p>\n<p>En Virginia, la ley de lesiones personales le permite solicitar una indemnizaci\u00f3n si la negligencia de otra persona provoc\u00f3 su lesi\u00f3n. Pero comprender y aplicar estas leyes no es tarea sencilla. Desde los estrictos plazos hasta las complejas p\u00f3lizas de seguros, presentar una demanda sin representaci\u00f3n legal puede resultar abrumador. Por eso es fundamental contar con un experimentado abogado de lesiones personales en Arlington a su lado, alguien que entienda las leyes locales y los sistemas judiciales y sepa c\u00f3mo luchar por el mejor resultado a su nombre.<\/p>\n<p>En The Irving Law Firm nuestros abogados de lesiones personales en Arlington se comprometen a luchar por sus derechos. Ofrecemos servicios legales personalizados dise\u00f1ados para asegurar la m\u00e1xima compensaci\u00f3n por sus lesiones, permiti\u00e9ndole centrarse en lo que realmente importa: su recuperaci\u00f3n.<\/p>\n<h2>Casos Comunes De Lesiones Personales Que Manejamos<\/h2>\n<p>Cada caso de lesiones personales es \u00fanico, y no hay dos situaciones iguales. A lo largo de los a\u00f1os, The Irving Law Firm ha llevado varios casos de lesiones personales en Arlington y en el Norte de Virginia. Estos son algunos de los tipos m\u00e1s comunes de reclamaciones que gestionamos:<\/p>\n<h3>Accidentes De Auto<\/h3>\n<p>Los accidentes de auto se encuentran entre las causas m\u00e1s frecuentes de lesiones personales en Arlington. Las colisiones pueden ocurrir en cualquier lugar, ya sea yendo al trabajo o haciendo recados. Un conductor imprudente que env\u00eda mensajes de texto al volante o un conductor distra\u00eddo que se salta un sem\u00e1foro en rojo pueden poner su vida patas arriba en una fracci\u00f3n de segundo.<\/p>\n<p>Nuestros abogados de accidentes de auto ayudan a las v\u00edctimas de todo tipo de accidentes de tr\u00e1fico: colisiones traseras, choques en T e incluso accidentes m\u00faltiples. Le guiaremos en la presentaci\u00f3n de una reclamaci\u00f3n y en la negociaci\u00f3n con las compa\u00f1\u00edas de seguros para obtener una indemnizaci\u00f3n justa.<\/p>\n<h3>Accidentes Por Resbalones Y Ca\u00eddas<\/h3>\n<p>Los incidentes de resbalones y ca\u00eddas pueden ocurrir en cualquier lugar, desde una tienda de comestibles hasta un aparcamiento o un restaurante. Los propietarios tienen la responsabilidad de mantener unas instalaciones seguras. Si no lo hacen y usted resulta herido, podr\u00eda tener motivos para hacer una reclamaci\u00f3n por responsabilidad de las instalaciones.<\/p>\n<p>Nuestros abogados de resbalones y ca\u00eddas investigar\u00e1n las circunstancias de su ca\u00edda, ya se deba a suelos mojados, mala iluminaci\u00f3n o pavimento irregular. A continuaci\u00f3n, lucharemos por obtener una indemnizaci\u00f3n por sus facturas m\u00e9dicas, salarios perdidos y otros da\u00f1os.<\/p>\n<h3>Negligencia M\u00e9dica<\/h3>\n<p>Cuando busca atenci\u00f3n m\u00e9dica, conf\u00eda en que los profesionales sanitarios actuar\u00e1n de forma competente. Por desgracia, eso no siempre ocurre. La negligencia m\u00e9dica se produce cuando un m\u00e9dico, enfermera u otro profesional de la medicina act\u00faa con negligencia, causando lesiones o da\u00f1os. Esto puede incluir diagn\u00f3sticos err\u00f3neos, errores quir\u00fargicos, equivocaciones en la medicaci\u00f3n o no diagnosticar a tiempo una afecci\u00f3n grave.<\/p>\n<p>Un abogado de negligencia m\u00e9dica de The Irving Law Firm puede ayudarle a exigir responsabilidades a los proveedores m\u00e9dicos negligentes y a obtener la indemnizaci\u00f3n que merece por los da\u00f1os causados.<\/p>\n<h3>Indemnizaci\u00f3n Y Accidentes En El Trabajo<\/h3>\n<p>Las lesiones laborales pueden producirse en cualquier \u00e1mbito, ya sea usted un trabajador de la construcci\u00f3n en una obra o un empleado de oficina que sufre una ca\u00edda. Si se ha lesionado en el trabajo, es probable que tenga derecho a prestaciones de compensaci\u00f3n laboral, que cubren el tratamiento m\u00e9dico y una parte de los salarios perdidos.<\/p>\n<p>Sin embargo, las compa\u00f1\u00edas de seguros niegan, retrasan o infravaloran muchas reclamaciones. Un abogado de indemnizaciones laborales puede ayudarle a asegurarse de que reciba todas las prestaciones a las que tiene derecho y, si es necesario, a recurrir cualquier reclamaci\u00f3n negada.<\/p>\n<p>Un abogado de accidentes en una construcci\u00f3n puede ayudar a identificar la responsabilidad de terceros, como un contratista o un fabricante de equipos, para conseguir una indemnizaci\u00f3n adicional m\u00e1s all\u00e1 de la compensaci\u00f3n de los trabajadores para los lesionados en una obra o en otro entorno laboral peligroso.<\/p>\n<h3>Accidentes De Camiones<\/h3>\n<p>Los accidentes en los que se ven implicados grandes camiones comerciales pueden ser especialmente devastadores debido al enorme tama\u00f1o y peso de estos veh\u00edculos. Las v\u00edctimas de accidentes de cami\u00f3n suelen sufrir lesiones graves, como da\u00f1os en la m\u00e9dula espinal, lesiones cerebrales traum\u00e1ticas o incluso la muerte. La industria del transporte por cami\u00f3n se rige por normativas espec\u00edficas, y determinar la responsabilidad puede resultar complicado.<\/p>\n<p>Un abogado de accidentes de cami\u00f3n de The Irving Law Firm conoce los entresijos de las leyes de camiones. Trabajar\u00e1n para que todas las partes responsables respondan por sus lesiones, ya sea el conductor del cami\u00f3n, la empresa de transporte o el fabricante del veh\u00edculo.<\/p>\n<h3>Accidentes De Moto<\/h3>\n<p>Los motociclistas son especialmente vulnerables en la carretera. Debido a su menor tama\u00f1o y a la falta de protecci\u00f3n, incluso una colisi\u00f3n menor puede provocar lesiones potencialmente mortales. Si ha sufrido lesiones en un accidente de moto, necesita un abogado de accidentes de moto en Arlington que comprenda los retos a los que se enfrentan los motociclistas y pueda buscar agresivamente una indemnizaci\u00f3n por sus lesiones.<\/p>\n<h3>Accidentes Peatonales<\/h3>\n<p>Los peatones corren un gran riesgo cuando los conductores est\u00e1n distra\u00eddos o son negligentes. Ya sea cruzando una calle o caminando por una acera, los peatones tienen poca protecci\u00f3n en caso de accidente con un veh\u00edculo de motor. Si usted o un ser querido fue atropellado por un veh\u00edculo, nuestros abogados de accidentes peatonales le ayudar\u00e1n a exigir responsabilidades a la parte responsable y a recuperar la indemnizaci\u00f3n que necesita para curarse.<\/p>\n<h3>Lesiones Cerebrales Traum\u00e1ticas<\/h3>\n<p><a href=\"https:\/\/braininjurysvcs.org\/\" target=\"_blank\" rel=\"noopener\">Las lesiones cerebrales traum\u00e1ticas (LCT)<\/a>\u00a0son algunas de las lesiones m\u00e1s graves que pueden derivarse de un accidente. Las LCT pueden ir desde conmociones cerebrales leves hasta afecciones graves que alteran la vida y requieren un tratamiento m\u00e9dico exhaustivo y cuidados a largo plazo.<\/p>\n<p>Supongamos que usted o un ser querido ha sufrido una lesi\u00f3n cerebral debido a un accidente. En ese caso, nuestros abogados de lesiones cerebrales luchar\u00e1n para que usted reciba una indemnizaci\u00f3n por las facturas m\u00e9dicas, la rehabilitaci\u00f3n, la p\u00e9rdida de ingresos y los cuidados necesarios a largo plazo.<\/p>\n<h3>Productos Defectuosos<\/h3>\n<p>Cuando un producto defectuoso causa lesiones, el fabricante, distribuidor o minorista puede ser considerado responsable de los da\u00f1os. Un abogado de responsabilidad por productos defectuosos de nuestra firma puede ayudarle a presentar una demanda si un producto peligroso o defectuoso le ha lesionado. Esto podr\u00eda incluir una pieza de autom\u00f3vil defectuosa, un dispositivo m\u00e9dico defectuoso o un art\u00edculo dom\u00e9stico peligroso.<\/p>\n<h3>Responsabilidad De Establecimientos<\/h3>\n<p>Los propietarios son responsables de mantener seguras sus instalaciones. Pueden ser responsables si no lo hacen y alguien resulta herido. Ya se trate de un suelo resbaladizo, un peligro no se\u00f1alizado o una escalera rota, un abogado de responsabilidad de establecimientos puede ayudarle a presentar una demanda de indemnizaci\u00f3n.<\/p>\n<h3>Mordeduras De Perro<\/h3>\n<p>Las mordeduras de perro pueden provocar lesiones graves, como infecciones, cicatrices y traumas emocionales. Si un perro le ha mordido a usted o a su hijo, es posible que pueda responsabilizar al due\u00f1o del perro de sus facturas m\u00e9dicas, dolor y sufrimiento, y otros da\u00f1os. Un abogado de mordeduras de perro de nuestra firma investigar\u00e1 las circunstancias del ataque y le ayudar\u00e1 a conseguir la indemnizaci\u00f3n que merece.<\/p>\n<p>En todo tipo de casos de lesiones personales, The Irving Law Firm es un dedicado defensor de v\u00edctimas en Arlington. Nuestros abogados comprenden los estragos f\u00edsicos, emocionales y financieros que pueden causar las lesiones, y trabajamos incansablemente para que las partes responsables rindan cuentas. Mediante una comunicaci\u00f3n clara, un apoyo personalizado y una representaci\u00f3n agresiva, luchamos por la indemnizaci\u00f3n que necesita para reconstruirse y recuperarse.<\/p>\n<p>Veamos las indemnizaciones disponibles para las v\u00edctimas de lesiones personales en Arlington.<\/p>\n<h2>La Indemnizaci\u00f3n Que Usted Merece<\/h2>\n<p>Tras un accidente, muchas v\u00edctimas no est\u00e1n seguras de la indemnizaci\u00f3n a la que pueden tener derecho. La ley de Virginia permite a las v\u00edctimas que han sufrido lesiones solicitar varios tipos de da\u00f1os, dependiendo de las particularidades del caso. A continuaci\u00f3n se indican algunas de las formas m\u00e1s comunes de indemnizaci\u00f3n que nuestros abogados buscar\u00e1n en su nombre:<\/p>\n<p><img decoding=\"async\" class=\"size-full wp-image-22008 alignright\" src=\"https:\/\/www.theirvinglawfirm.com\/wp-content\/uploads\/2024\/11\/abogado-de-lesiones-le-guiara-en-los-procedimientos-judiciales-de-arlington.jpg\" alt=\"Un Abogado De Lesiones Le Guiar\u00e1 En Los Procedimientos Judiciales De Arlington\" width=\"300\" height=\"200\" srcset=\"https:\/\/www.theirvinglawfirm.com\/wp-content\/uploads\/2024\/11\/abogado-de-lesiones-le-guiara-en-los-procedimientos-judiciales-de-arlington-200x133.jpg 200w, https:\/\/www.theirvinglawfirm.com\/wp-content\/uploads\/2024\/11\/abogado-de-lesiones-le-guiara-en-los-procedimientos-judiciales-de-arlington.jpg 300w\" sizes=\"(max-width: 300px) 100vw, 300px\" \/><\/p>\n<h3>Gastos M\u00e9dicos<\/h3>\n<p>Las facturas m\u00e9dicas suelen ser la preocupaci\u00f3n m\u00e1s inmediata y abrumadora para las v\u00edctimas de lesiones. Desde las visitas a urgencias hasta las cirug\u00edas, la fisioterapia y la atenci\u00f3n m\u00e9dica futura, el coste del tratamiento de una lesi\u00f3n puede ser astron\u00f3mico. Su abogado de indemnizaci\u00f3n por lesiones se asegurar\u00e1 de que todos los gastos m\u00e9dicos actuales y futuros se tengan en cuenta en su reclamaci\u00f3n.<\/p>\n<h3>Salarios Perdidos Y P\u00e9rdida De Capacidad De Ganancia<\/h3>\n<p>Si su lesi\u00f3n le ha hecho faltar al trabajo, tiene derecho a una indemnizaci\u00f3n por los salarios perdidos. En los casos en los que la lesi\u00f3n haya afectado permanentemente a su capacidad para trabajar, su abogado buscar\u00e1 tambi\u00e9n una indemnizaci\u00f3n por p\u00e9rdida de capacidad de ganancia. Esto es especialmente importante en los casos de lesiones graves que impiden a la v\u00edctima volver a su anterior l\u00ednea de trabajo.<\/p>\n<h3>Dolor Y Sufrimiento<\/h3>\n<p>La indemnizaci\u00f3n por dolor y sufrimiento aborda el dolor f\u00edsico y la angustia emocional causados por su lesi\u00f3n. Aunque estos da\u00f1os pueden ser m\u00e1s dif\u00edciles de cuantificar que las facturas m\u00e9dicas o los salarios perdidos, son esenciales para su reclamaci\u00f3n. El testimonio de profesionales m\u00e9dicos, psic\u00f3logos e incluso familiares puede ayudar a establecer la gravedad de su dolor y sufrimiento.<\/p>\n<p>Conseguir una indemnizaci\u00f3n justa tras una lesi\u00f3n va m\u00e1s all\u00e1 de cubrir los costes inmediatos: se trata de garantizar su estabilidad y tranquilidad futuras. En The Irving Law Firm, nuestros abogados se esfuerzan por captar el impacto total de su lesi\u00f3n, persiguiendo todas las v\u00edas de compensaci\u00f3n disponibles bajo la ley de Virginia. Desde las facturas m\u00e9dicas hasta los salarios perdidos, abogamos implacablemente por un acuerdo que refleje realmente sus necesidades.<\/p>\n<h2>Pasos A Seguir Tras Un Accidente<\/h2>\n<p>Los pasos que d\u00e9 inmediatamente despu\u00e9s de un accidente pueden influir significativamente en su capacidad para presentar una demanda por lesiones personales. Esto es lo que debe hacer despu\u00e9s de un accidente en Arlington:<\/p>\n<ol>\n<li>Busque Atenci\u00f3n M\u00e9dica: Aunque sus lesiones parezcan leves, es importante que acuda al m\u00e9dico lo antes posible. Algunas lesiones, como el latigazo cervical o las conmociones cerebrales, pueden no mostrar s\u00edntomas de inmediato, pero pueden agravarse si no se tratan.<\/li>\n<li>Documente La Escena: Si puede, tome fotograf\u00edas de la escena del accidente, de sus lesiones y de cualquier da\u00f1o a la propiedad. Consiga informaci\u00f3n de contacto de los testigos y guarde copias de todas las facturas m\u00e9dicas e informes relacionados con sus lesiones.<\/li>\n<li>Informe Del Incidente: Tanto si se trata de un accidente de auto, una lesi\u00f3n en el lugar de trabajo o un resbal\u00f3n y ca\u00edda, es esencial informar del incidente a las autoridades competentes. Esto asegura un registro del suceso, que puede ser importante para construir su caso.<\/li>\n<li>P\u00f3ngase En Contacto Con Un Abogado De Lesiones Personales En Arlington: Cuanto antes se ponga en contacto con un abogado, mejor. Una intervenci\u00f3n temprana puede ayudar a evitar errores que podr\u00edan perjudicar su reclamaci\u00f3n y dar a su abogado m\u00e1s tiempo para reunir pruebas fundamentales.<\/li>\n<\/ol>\n<p>Dar los pasos adecuados despu\u00e9s de un accidente puede afectar significativamente al resultado de su demanda por lesiones personales. Usted sienta las bases para un caso s\u00f3lido buscando atenci\u00f3n m\u00e9dica, documentando la escena y consultando r\u00e1pidamente con un abogado de lesiones personales en Arlington. En The Irving Law Firm, estamos aqu\u00ed para ayudarle a atravesar cada paso, protegiendo sus derechos y gui\u00e1ndole a trav\u00e9s del proceso con claridad y confianza.<\/p>\n<p>En la siguiente secci\u00f3n, abordaremos las preguntas m\u00e1s comunes sobre las demandas por lesiones personales en Arlington y lo que puede esperar al trabajar con nuestro equipo experimentado.<\/p>\n<h2>Preguntas Frecuentes Sobre Demandas Por Lesiones Personales<\/h2>\n<p>Muchas personas tienen preguntas sobre el proceso legal, los plazos y qu\u00e9 esperar cuando se enfrentan a una demanda por lesiones personales. Comprender estos detalles puede aliviar las preocupaciones y ayudarle a tomar decisiones informadas. En The Irving Law Firm, creemos en proporcionar claridad y transparencia a nuestros clientes, abordando las preguntas m\u00e1s comunes que surgen durante los casos de lesiones personales en Arlington.<\/p>\n<p>A continuaci\u00f3n, respondemos a algunas de las preguntas m\u00e1s frecuentes para ayudarle a entender mejor sus derechos y lo que implica trabajar con una firma de abogados de lesiones personales en Arlington.<\/p>\n<h3>\u00bfCu\u00e1nto Tiempo Tarda Una Demanda Por Lesiones Personales En Arlington, VA?<\/h3>\n<p>En Virginia, por lo general dispone de dos a\u00f1os a partir de la fecha del accidente para presentar una demanda por lesiones personales. Sin embargo, hay excepciones para los menores y ciertos casos que implican a entidades gubernamentales, que pueden tener plazos m\u00e1s cortos. Es crucial consultar a un abogado litigante lo antes posible para asegurarse de que cumple todos los plazos legales.<\/p>\n<h3>\u00bfCu\u00e1nto Cuesta Contratar A Un Abogado De Lesiones Personales?<\/h3>\n<p>En The Irving Law Firm, trabajamos con honorarios condicionales, lo que significa que usted no paga honorarios legales a menos que ganemos su caso. Puede buscar justicia libremente sin preocuparse de los costos por adelantado.<\/p>\n<h3>\u00bfQu\u00e9 Hago Si La Compa\u00f1\u00eda De Seguros Me Ofrece Un Acuerdo?<\/h3>\n<p>Las compa\u00f1\u00edas de seguros frecuentemente intentan ofrecer acuerdos que no cubren totalmente sus p\u00e9rdidas. Antes de aceptar cualquier oferta, es esencial consultar con un abogado de reclamaciones a seguros que pueda revisar la oferta y negociar un acuerdo justo.<\/p>\n<h3>\u00bfQu\u00e9 Tipos De Pruebas Reforzar\u00e1n Mi Caso De Lesiones Personales?<\/h3>\n<p>Reunir pruebas s\u00f3lidas es vital para una reclamaci\u00f3n s\u00f3lida. Esto incluye historiales m\u00e9dicos, fotos del lugar del accidente, declaraciones de testigos, informes policiales y, en algunos casos, testimonios de profesionales. Cuanta m\u00e1s documentaci\u00f3n de apoyo tenga, m\u00e1s claro ser\u00e1 su caso para las aseguradoras o el tribunal.<\/p>\n<h3>\u00bfCu\u00e1nto Durar\u00e1 Mi Caso De Lesiones Personales?<\/h3>\n<p>Los plazos de un caso de lesiones personales var\u00edan mucho. Algunos factores son la complejidad del caso, la disposici\u00f3n de la otra parte a llegar a un acuerdo y si el caso va a juicio. Algunos casos se resuelven en pocos meses, mientras que otros tardan un a\u00f1o o m\u00e1s.<\/p>\n<h3>\u00bfPuedo Presentar Una Demanda Si Los S\u00edntomas De Mi Lesi\u00f3n Aparecieron Despu\u00e9s?<\/h3>\n<p>S\u00ed. Ciertas lesiones, como las conmociones cerebrales o los da\u00f1os en los tejidos blandos, pueden no presentar s\u00edntomas inmediatamente. La ley de Virginia le permite presentar una reclamaci\u00f3n en los dos a\u00f1os siguientes al accidente, aunque es aconsejable consultar a un abogado en cuanto note los s\u00edntomas.<\/p>\n<h3>\u00bfC\u00f3mo Ayudan Abogados De Lesiones Personales A Las Compa\u00f1\u00edas De Seguro?<\/h3>\n<p>Las compa\u00f1\u00edas de seguros intentan a menudo minimizar los pagos. Un abogado de lesiones personales es su defensor, se encarga de toda la comunicaci\u00f3n y las negociaciones con las aseguradoras para proteger sus intereses y maximizar su indemnizaci\u00f3n.<\/p>\n<p>Tener las respuestas a estas preguntas y el apoyo de un abogado experimentado puede marcar la diferencia. The Irving Law Firm se dedica a guiarle a trav\u00e9s de cada paso con transparencia y cuidado, ayud\u00e1ndole a tomar decisiones seguras e informadas para su futuro.<\/p>\n<p><img decoding=\"async\" class=\"size-full wp-image-22010 aligncenter\" src=\"https:\/\/www.theirvinglawfirm.com\/wp-content\/uploads\/2024\/11\/abogado-de-lesiones-personales-en-va-es-su-aliado-si-se-enfrenta-a-cargos.jpg\" alt=\"Abogado De Lesiones Personales En VA Es Su Aliado Si Se Enfrenta A Cargos\" width=\"800\" height=\"533\" srcset=\"https:\/\/www.theirvinglawfirm.com\/wp-content\/uploads\/2024\/11\/abogado-de-lesiones-personales-en-va-es-su-aliado-si-se-enfrenta-a-cargos-200x133.jpg 200w, https:\/\/www.theirvinglawfirm.com\/wp-content\/uploads\/2024\/11\/abogado-de-lesiones-personales-en-va-es-su-aliado-si-se-enfrenta-a-cargos-300x200.jpg 300w, https:\/\/www.theirvinglawfirm.com\/wp-content\/uploads\/2024\/11\/abogado-de-lesiones-personales-en-va-es-su-aliado-si-se-enfrenta-a-cargos-400x267.jpg 400w, https:\/\/www.theirvinglawfirm.com\/wp-content\/uploads\/2024\/11\/abogado-de-lesiones-personales-en-va-es-su-aliado-si-se-enfrenta-a-cargos-600x400.jpg 600w, https:\/\/www.theirvinglawfirm.com\/wp-content\/uploads\/2024\/11\/abogado-de-lesiones-personales-en-va-es-su-aliado-si-se-enfrenta-a-cargos-768x512.jpg 768w, https:\/\/www.theirvinglawfirm.com\/wp-content\/uploads\/2024\/11\/abogado-de-lesiones-personales-en-va-es-su-aliado-si-se-enfrenta-a-cargos.jpg 800w\" sizes=\"(max-width: 800px) 100vw, 800px\" \/><\/p>\n<h2>\u00bfPor Qu\u00e9 Elegir The Irving Law Firm?<\/h2>\n<p>En <a href=\"https:\/\/www.theirvinglawfirm.com\/es\/contacte-nuestra-oficina-en-arlington\/\">The Irving Law Firm<\/a>, estamos comprometidos a proporcionar representaci\u00f3n legal personalizada y compasiva para las v\u00edctimas de lesiones personales en Arlington, VA. Entendemos que cada caso es diferente, y nos tomamos el tiempo para escuchar su historia e investigar su reclamaci\u00f3n.<\/p>\n<p>Nuestros abogados de lesiones personales luchar\u00e1n por la compensaci\u00f3n que usted merece, ya sea que haya sufrido lesiones en un accidente automovil\u00edstico, un incidente en el lugar de trabajo o un resbal\u00f3n y ca\u00edda. Nuestro equipo legal est\u00e1 aqu\u00ed para ayudarle en cada paso del proceso legal.<\/p>\n<h2>Resumen<\/h2>\n<p>The Irving Law Firm en Arlington, VA, proporciona representaci\u00f3n legal calificada para las v\u00edctimas de lesiones personales. Nuestros abogados experimentados ayudan a los clientes a navegar por las complejidades de la ley de lesiones personales, asegurando una compensaci\u00f3n justa por las facturas m\u00e9dicas, salarios perdidos, dolor y sufrimiento, y da\u00f1os a la propiedad. Ofrecemos asistencia en una variedad de casos de lesiones personales.<\/p>\n<p>La firma opera sobre la base de honorarios condicionales, lo que significa que los clientes solo pagan si su caso tiene \u00e9xito. Con habilidades y experiencia en las estrictas leyes de lesiones personales de Virginia, la firma hace hincapi\u00e9 en la intervenci\u00f3n legal temprana para construir casos s\u00f3lidos y cumplir con los plazos cr\u00edticos. Nuestra firma se compromete a lograr justicia para sus clientes y a asegurar la recuperaci\u00f3n financiera que necesitan para seguir adelante.<\/p>\n","protected":false},"excerpt":{"rendered":"<p>Si se ha lesionado en un accidente en Arlington, VA,  [&#8230;]<\/p>\n","protected":false},"author":3,"featured_media":0,"parent":16234,"menu_order":0,"comment_status":"closed","ping_status":"closed","template":"","meta":{"_analytify_skip_tracking":false,"rank_math_title":"Abogado De Lesiones Personales Cerca De Arlington, VA","rank_math_description":"Una firma de abogados de lesiones personales en Arlington puede ayudarle a conseguir una indemnizaci\u00f3n justa tras sufrir un accidente.","rank_math_focus_keyword":"Abogado de lesiones personales","rank_math_canonical_url":"","footnotes":""},"class_list":["post-22003","page","type-page","status-publish","hentry"],"acf":[],"_links":{"self":[{"href":"https:\/\/www.theirvinglawfirm.com\/es\/wp-json\/wp\/v2\/pages\/22003","targetHints":{"allow":["GET"]}}],"collection":[{"href":"https:\/\/www.theirvinglawfirm.com\/es\/wp-json\/wp\/v2\/pages"}],"about":[{"href":"https:\/\/www.theirvinglawfirm.com\/es\/wp-json\/wp\/v2\/types\/page"}],"author":[{"embeddable":true,"href":"https:\/\/www.theirvinglawfirm.com\/es\/wp-json\/wp\/v2\/users\/3"}],"replies":[{"embeddable":true,"href":"https:\/\/www.theirvinglawfirm.com\/es\/wp-json\/wp\/v2\/comments?post=22003"}],"version-history":[{"count":2,"href":"https:\/\/www.theirvinglawfirm.com\/es\/wp-json\/wp\/v2\/pages\/22003\/revisions"}],"predecessor-version":[{"id":46920,"href":"https:\/\/www.theirvinglawfirm.com\/es\/wp-json\/wp\/v2\/pages\/22003\/revisions\/46920"}],"up":[{"embeddable":true,"href":"https:\/\/www.theirvinglawfirm.com\/es\/wp-json\/wp\/v2\/pages\/16234"}],"wp:attachment":[{"href":"https:\/\/www.theirvinglawfirm.com\/es\/wp-json\/wp\/v2\/media?parent=22003"}],"curies":[{"name":"wp","href":"https:\/\/api.w.org\/{rel}","templated":true}]}}