{"id":21946,"date":"2024-11-14T23:28:06","date_gmt":"2024-11-14T23:28:06","guid":{"rendered":"https:\/\/www.theirvinglawfirm.com\/?page_id=21946"},"modified":"2025-10-17T00:19:22","modified_gmt":"2025-10-17T00:19:22","slug":"abogado-de-planificacion-patrimonial","status":"publish","type":"page","link":"https:\/\/www.theirvinglawfirm.com\/es\/ubicaciones\/arlington-va\/abogado-de-planificacion-patrimonial\/","title":{"rendered":"Abogado de planificaci\u00f3n patrimonial en Arlington: Su legado"},"content":{"rendered":"<p>Construir un futuro seguro para sus seres queridos implica algo m\u00e1s que la simple gesti\u00f3n de los bienes. Se trata de crear un plan minucioso y legalmente s\u00f3lido que proteja lo que usted posee y respete sus deseos tras su fallecimiento. La planificaci\u00f3n patrimonial le ayuda a organizarlo todo -desde los bienes inmuebles y las inversiones hasta las reliquias familiares- asegur\u00e1ndose de que se gestionan o transfieren de acuerdo con sus intenciones.<\/p>\n<p>Para los residentes de Arlington, VA, el camino puede ser un proceso sucesorio sencillo o uno lleno de estr\u00e9s y obst\u00e1culos legales. Cuando se hace bien, la planificaci\u00f3n patrimonial va m\u00e1s all\u00e1 de la divisi\u00f3n de bienes; ayuda a minimizar los impuestos, establecer preferencias de cuidado y evitar disputas entre los miembros de la familia.<\/p>\n<p>Con la orientaci\u00f3n de un <a href=\"https:\/\/www.theirvinglawfirm.com\/es\/ubicaciones\/arlington-va\/\">abogado de planificaci\u00f3n patrimonial en Arlington<\/a>, usted puede proteger su legado y preparar a su familia para el futuro. Tanto si est\u00e1 interesado en establecer testamentos, fideicomisos o asignar poderes notariales, un plan de patrimonio garantiza su tranquilidad y la de sus seres queridos.<\/p>\n<p><img decoding=\"async\" class=\"size-full wp-image-21956 aligncenter\" src=\"https:\/\/www.theirvinglawfirm.com\/wp-content\/uploads\/2024\/11\/abogado-de-planificacion-patrimonial-en-arlington-asegure-el-futuro-de-su-familia.jpg\" alt=\"Abogado De Planificaci\u00f3n Patrimonial En Arlington: Asegure El Futuro De Su Familia\" width=\"800\" height=\"533\" srcset=\"https:\/\/www.theirvinglawfirm.com\/wp-content\/uploads\/2024\/11\/abogado-de-planificacion-patrimonial-en-arlington-asegure-el-futuro-de-su-familia-200x133.jpg 200w, https:\/\/www.theirvinglawfirm.com\/wp-content\/uploads\/2024\/11\/abogado-de-planificacion-patrimonial-en-arlington-asegure-el-futuro-de-su-familia-300x200.jpg 300w, https:\/\/www.theirvinglawfirm.com\/wp-content\/uploads\/2024\/11\/abogado-de-planificacion-patrimonial-en-arlington-asegure-el-futuro-de-su-familia-400x267.jpg 400w, https:\/\/www.theirvinglawfirm.com\/wp-content\/uploads\/2024\/11\/abogado-de-planificacion-patrimonial-en-arlington-asegure-el-futuro-de-su-familia-600x400.jpg 600w, https:\/\/www.theirvinglawfirm.com\/wp-content\/uploads\/2024\/11\/abogado-de-planificacion-patrimonial-en-arlington-asegure-el-futuro-de-su-familia-768x512.jpg 768w, https:\/\/www.theirvinglawfirm.com\/wp-content\/uploads\/2024\/11\/abogado-de-planificacion-patrimonial-en-arlington-asegure-el-futuro-de-su-familia.jpg 800w\" sizes=\"(max-width: 800px) 100vw, 800px\" \/><\/p>\n<h2>Planificaci\u00f3n patrimonial y su importancia<\/h2>\n<p>La planificaci\u00f3n patrimonial es el proceso de preparaci\u00f3n de documentos e instrucciones legales para gestionar, proteger y distribuir sus bienes en caso de fallecimiento o incapacidad. Incluye la creaci\u00f3n de documentos esenciales como testamentos, fideicomisos y poderes notariales, cada uno de los cuales cumple una funci\u00f3n espec\u00edfica en la protecci\u00f3n de su legado y de sus seres queridos. Para los residentes de Arlington, VA, la planificaci\u00f3n patrimonial es importante porque garantiza que todo lo que usted posee va a parar a las personas adecuadas y cumple exactamente sus deseos.<\/p>\n<p>Un prop\u00f3sito esencial de la planificaci\u00f3n patrimonial es minimizar la carga fiscal de sus herederos. Una forma de hacerlo es establecer ciertos tipos de fideicomisos o estrategias de donaci\u00f3n que reduzcan los impuestos federales y estatales sobre su patrimonio. La planificaci\u00f3n patrimonial tambi\u00e9n le permite asignar la tutela de los hijos menores, asegur\u00e1ndose de que est\u00e9n al cuidado de personas de su confianza en caso de que ocurra algo inesperado.<\/p>\n<p>M\u00e1s all\u00e1 de los beneficios financieros, la planificaci\u00f3n patrimonial le da el control sobre su salud y sus asuntos personales si alguna vez no puede tomar esas decisiones. La asignaci\u00f3n de poderes sanitarios y notariales permite que alguien de su confianza tome decisiones m\u00e9dicas y financieras en su nombre. Este paso le ayuda a evitar retrasos en la atenci\u00f3n sanitaria o la gesti\u00f3n financiera.<\/p>\n<p>Un error com\u00fan es creer que solo los ricos necesitan una planificaci\u00f3n patrimonial. En realidad, cualquier persona con bienes -como una casa, un veh\u00edculo o una cuenta de jubilaci\u00f3n- se beneficia de tener una estrategia clara. Sin un plan, sus bienes podr\u00edan pasar por la legalizaci\u00f3n de un testamento, un largo proceso judicial que puede ser costoso y a\u00f1adir estr\u00e9s a sus seres queridos.<\/p>\n<p>Dicho esto, \u00bfen qu\u00e9 consiste un plan de patrimonio s\u00f3lido?<\/p>\n<h2>Abogado de planificaci\u00f3n patrimonial en Arlington explica plan<\/h2>\n<p>Un plan patrimonial se compone de documentos y herramientas legales esenciales que, en conjunto, aseguran sus bienes y aclaran sus deseos. Cada componente desempe\u00f1a un papel \u00fanico a la hora de garantizar que su patrimonio est\u00e9 protegido, gestionado y distribuido de acuerdo con sus instrucciones. He aqu\u00ed un examen m\u00e1s detallado de estos elementos esenciales y de por qu\u00e9 son importantes.<\/p>\n<h3>\u00daltima voluntad y testamento<\/h3>\n<p>Una \u00faltima voluntad y testamento, normalmente llamados simplemente como testamento, es uno de los elementos m\u00e1s fundamentales de un plan patrimonial. Este documento le permite especificar c\u00f3mo desea que se repartan sus bienes entre los beneficiarios cuando fallezca. Tambi\u00e9n le permite nombrar a un ejecutor para que supervise el reparto y, si tiene hijos menores, asignarles un tutor para que cuide de ellos.<\/p>\n<p>Sin testamento, su patrimonio puede pasar por una sucesi\u00f3n intestada, un proceso supervisado por un tribunal que puede ser largo, costoso y estresante para los familiares. Un testamento bien redactado puede ayudar a evitar conflictos familiares y proporcionarle la tranquilidad de que se cumplir\u00e1n sus \u00faltimos deseos.<\/p>\n<h3>Fideicomisos<\/h3>\n<p>Los fideicomisos son herramientas flexibles que proporcionan privacidad, control y protecci\u00f3n de bienes, lo que los convierte en una valiosa adici\u00f3n a muchos planes patrimoniales. Dos de los tipos m\u00e1s comunes son:<\/p>\n<ul>\n<li>Fideicomiso Revocable En Vida: Este tipo de fideicomiso le permite gestionar sus bienes durante su vida y realizar cambios a medida que evolucionan sus circunstancias o deseos. A su muerte, los bienes de un fideicomiso revocable pueden pasar a los beneficiarios sin pasar por la legalizaci\u00f3n, lo que proporciona una transferencia m\u00e1s r\u00e1pida y privada.<\/li>\n<li>Fideicomiso Irrevocable: A diferencia de un fideicomiso revocable, un fideicomiso irrevocable no puede modificarse f\u00e1cilmente una vez establecido. Ofrece una mayor protecci\u00f3n de los bienes y beneficios fiscales potenciales al eliminar los bienes de su patrimonio imponible. Los fideicomisos irrevocables se utilizan frecuentemente para la conservaci\u00f3n del patrimonio a largo plazo y pueden ser beneficiosos si proteger los bienes de los acreedores es una prioridad.<\/li>\n<\/ul>\n<h3>Poderes notariales y sanitarios<\/h3>\n<p>Los poderes notariales son fundamentales para garantizar que alguien pueda actuar en su nombre si alguna vez no puede tomar decisiones. Un poder sanitario designa a una persona para que tome decisiones m\u00e9dicas seg\u00fan sus preferencias.<\/p>\n<p>Mientras tanto, un poder financiero otorga a alguien autoridad para gestionar sus finanzas, como pagar facturas o gestionar inversiones. Estos documentos son esenciales para evitar retrasos en decisiones cruciales, asegurando que alguien de su confianza intervenga cuando sea necesario.<\/p>\n<h3>Directiva sanitaria avanzada (Testamento vital)<\/h3>\n<p>Una directiva sanitaria avanzada o testamento vital, le permite especificar sus preferencias para los cuidados al final de la vida. Este documento puede incluir instrucciones para el tratamiento del dolor, el soporte vital y otros tratamientos, asegurando que sus deseos sanitarios sean conocidos y respetados.<\/p>\n<p>Cada uno de estos componentes constituye la base de un plan patirmonial. Juntos, crean un enfoque seguro y completo para planificar el futuro. Con una s\u00f3lida comprensi\u00f3n de los componentes esenciales de una planificaci\u00f3n patrimonial, el siguiente paso es abordar algunos de los retos que pueden surgir durante el proceso de planificaci\u00f3n.<\/p>\n<h2>Afrontando retos comunes<\/h2>\n<p>El proceso de planificaci\u00f3n plantea varias cuestiones clave, en particular los impuestos, la din\u00e1mica familiar y la protecci\u00f3n de los bienes. He aqu\u00ed algunas \u00e1reas comunes que pueden requerir una atenci\u00f3n especial.<\/p>\n<p><img decoding=\"async\" class=\"size-full wp-image-21958 alignright\" src=\"https:\/\/www.theirvinglawfirm.com\/wp-content\/uploads\/2024\/11\/por-que-un-abogado-de-planificacion-patrimonial-en-va-es-importante-para-su-legado.jpg\" alt=\"Por Qu\u00e9 Un Abogado De Planificaci\u00f3n Patrimonial En Virginia Es Importante Para Su Legado\" width=\"300\" height=\"199\" srcset=\"https:\/\/www.theirvinglawfirm.com\/wp-content\/uploads\/2024\/11\/por-que-un-abogado-de-planificacion-patrimonial-en-va-es-importante-para-su-legado-200x133.jpg 200w, https:\/\/www.theirvinglawfirm.com\/wp-content\/uploads\/2024\/11\/por-que-un-abogado-de-planificacion-patrimonial-en-va-es-importante-para-su-legado.jpg 300w\" sizes=\"(max-width: 300px) 100vw, 300px\" \/><\/p>\n<h3>Minimizar los impuestos sobre el patrimonio<\/h3>\n<p><a href=\"https:\/\/www.arlingtonva.us\/Government\/Programs\/Taxes?lang_update=638672038768053277\" target=\"_blank\" rel=\"noopener\">Las consideraciones fiscales<\/a> desempe\u00f1an un papel importante en la planificaci\u00f3n patrimonial, especialmente si desea maximizar lo que recibe su familia. Normalmente usted puede reducir las cargas fiscales estructurando cuidadosamente los testamentos y fideicomisos y considerando estrategias de donaci\u00f3n. Esta planificaci\u00f3n tiene como objetivo optimizar lo que usted transmite.<\/p>\n<h3>Proteger bienes inmuebles y otros<\/h3>\n<p>Proteger los bienes es fundamental, ya se trate de su vivienda, sus inversiones o una peque\u00f1a empresa. Los fideicomisos y otros acuerdos legales pueden proteger estos bienes de los acreedores o minimizar la intervenci\u00f3n del tribunal testamentario. Las estrategias de protecci\u00f3n de bienes ayudan a garantizar que lo que usted posee permanezca seguro y accesible para su familia.<\/p>\n<h3>Proteger la din\u00e1mica familiar<\/h3>\n<p>Las disputas familiares sobre herencias son, por desgracia, habituales. Unas instrucciones legales claras minimizan los conflictos familiares al especificar qui\u00e9n recibe qu\u00e9 y en qu\u00e9 condiciones. Este enfoque preserva las relaciones y garantiza que su plan apoye la unidad familiar.<\/p>\n<p>Si usted est\u00e1 planeando redactar una \u00faltima voluntad para preservar su legado, aqu\u00ed tiene algunos consejos que debe recordar.<\/p>\n<h2>Aspectos a tener en cuenta al hacer un testamento<\/h2>\n<p>La creaci\u00f3n de un testamento es una parte central de cualquier plan patrimonial. En \u00e9l se detalla c\u00f3mo desea distribuir sus bienes, nombrar tutores para los hijos menores y designar un ejecutor para que lleve a cabo sus instrucciones. He aqu\u00ed algunos factores importantes a tener en cuenta a la hora de redactar un testamento para asegurarse de que reflejen realmente sus intenciones y satisfaga las necesidades de su familia.<\/p>\n<h3>Seleccionar a los beneficiarios<\/h3>\n<p>Decidir qui\u00e9n heredar\u00e1 sus bienes suele ser la parte m\u00e1s personal de la redacci\u00f3n de un testamento. Puede que desee dividir los bienes entre los miembros de su familia, hacer donaciones a organizaciones ben\u00e9ficas o dejar objetos espec\u00edficos a amigos o familiares. Tener instrucciones claras en su testamento puede evitar malentendidos y ayudar a garantizar que su legado se reparta exactamente como usted desea.<\/p>\n<h3>Elegir un tutor para hijos menores<\/h3>\n<p>Si tiene hijos menores de 18 a\u00f1os, nombrar a un tutor en su testamento le garantiza que estar\u00e1n al cuidado de alguien de su confianza si a usted le ocurre algo. Considere cuidadosamente a personas que no solo compartan sus valores, sino que tambi\u00e9n est\u00e9n dispuestas y sean capaces de asumir la responsabilidad. Hable de antemano de su elecci\u00f3n con los posibles tutores para asegurarse de que est\u00e1n preparados.<\/p>\n<h3>Nombrar a un ejecutor<\/h3>\n<p>El ejecutor es el responsable de llevar a cabo los t\u00e9rminos de su testamento, lo que incluye liquidar las deudas, distribuir los bienes y gestionar la sucesi\u00f3n. Elija a alguien digno de confianza, organizado y capaz de encargarse de estas tareas.<\/p>\n<h3>Hacer las donaciones espec\u00edficas y bienes personales<\/h3>\n<p>Si hay objetos sentimentales o de gran valor que desee regalar, como reliquias familiares o joyas, especif\u00edquelos en su testamento. Hacer designaciones claras puede evitar desacuerdos familiares y ayudar a mantener sus bienes personales con aquellos que m\u00e1s los apreciar\u00e1n.<\/p>\n<p>Al considerar cuidadosamente estos elementos, su testamento puede proporcionar una direcci\u00f3n clara a sus seres queridos y ayudar a facilitar la transici\u00f3n durante un momento dif\u00edcil. Un testamento bien pensada garantiza que sus bienes, su familia y su legado sean tratados con cuidado.<\/p>\n<p>El pr\u00f3ximo tema explora las formas de proteger sus bienes, minimizar los impuestos y evitar posibles conflictos, asegurando que su planificaci\u00f3n patirmonial alcance sus objetivos sin problemas.<\/p>\n<h2>Tipos comunes de fideicomisos y sus beneficios<\/h2>\n<p>Los fideicomisos son poderosas herramientas de planificaci\u00f3n patrimonial que proporcionan un mayor control, privacidad y seguridad sobre sus bienes. Dependiendo de sus objetivos, los diferentes tipos de fideicomisos ofrecen ventajas distintas. He aqu\u00ed algunos fideicomisos de uso com\u00fan y lo que pueden conseguir.<\/p>\n<h3>Fideicomisos revocables en vida<\/h3>\n<p>Un fideicomiso revocable testamentario le permite mantener el control sobre sus bienes durante su vida, con la flexibilidad de modificarlo o revocarlo en caso necesario. Cuando usted fallezca, los bienes de este fideicomiso pueden transferirse a sus beneficiarios sin pasar por la legalizaci\u00f3n de su testamento. Esto acelera el proceso de distribuci\u00f3n y mantiene los detalles del patrimonio en privado, protegiendo su intimidad y la de su familia.<\/p>\n<h3>Fideicomisos irrevocables<\/h3>\n<p>Un fideicomiso irrevocable proporciona una capa adicional de protecci\u00f3n de bienes y beneficios fiscales potenciales. Una vez establecidos, los t\u00e9rminos de este fideicomiso no pueden modificarse f\u00e1cilmente. Los fideicomisos irrevocables pueden preservar eficazmente el patrimonio a largo plazo, proporcionando seguridad financiera a las generaciones futuras.<\/p>\n<h3>Fideicomisos para necesidades especiales<\/h3>\n<p>Un fideicomiso para necesidades especiales es esencial para las personas que tienen un ser querido con necesidades especiales. Este tipo de fideicomiso permite reservar bienes para el cuidado del beneficiario sin que ello repercuta en su derecho a recibir prestaciones Gubernamentales. Garantiza que los fondos est\u00e9n disponibles para cuidados m\u00e9dicos, educativos y personales sin poner en peligro importantes programas de apoyo.<\/p>\n<h3>Fideicomisos ben\u00e9ficos<\/h3>\n<p>Un fideicomiso ben\u00e9fico le permite apoyar una causa que le importe a la vez que recibe ventajas fiscales. Estos fideicomisos pueden proporcionar una renta al donante o a sus beneficiarios durante su vida, destinando los bienes restantes a una organizaci\u00f3n ben\u00e9fica elegida a su fallecimiento. Este tipo de fideicomiso beneficia a una causa valiosa y establece un legado filantr\u00f3pico.<\/p>\n<p>Con el fideicomiso adecuado, usted puede proporcionar seguridad financiera y un impacto duradero. A continuaci\u00f3n, inf\u00f3rmese sobre el proceso legal de creaci\u00f3n de un plan patrimonial que re\u00fana estos elementos en un plan cohesivo para su futuro.<\/p>\n<h2>Proceso legal de creaci\u00f3n de un plan patrimonial<\/h2>\n<p>La creaci\u00f3n de un plan patrimonial implica varios pasos legales clave para garantizar que sus deseos est\u00e9n claramente definidos y protegidos. Trabajar con un abogado patrimonial en Arlington le da la tranquilidad de que su plan es minucioso y cumple con la ley de Virginia. Esto es lo que puede esperar durante el proceso de planificaci\u00f3n.<\/p>\n<h3>1. Consulta inicial<\/h3>\n<p>Esta primera consulta es una oportunidad para hablar de sus objetivos, preocupaciones y bienes. El abogado recopilar\u00e1 informaci\u00f3n sobre su situaci\u00f3n financiera, din\u00e1mica familiar y preferencias de atenci\u00f3n sanitaria para determinar qu\u00e9 documentos se ajustan mejor a sus necesidades. Llevar documentos financieros, una lista de bienes y detalles sobre cualquier beneficiario previsto puede hacer que esta reuni\u00f3n sea m\u00e1s productiva.<\/p>\n<h3>2. Redacci\u00f3n y revisi\u00f3n de documentos<\/h3>\n<p>Tras evaluar sus necesidades, el abogado redactar\u00e1 documentos como testamentos, fideicomisos y poderes. Tendr\u00e1 la oportunidad de revisar cada documento para asegurarse de que refleja fielmente sus deseos, haciendo los ajustes necesarios.<\/p>\n<h3>3. Firmar y finalizar<\/h3>\n<p>Para que sus documentos sean legalmente vinculantes, deben firmarse ante testigos y, en muchos casos, ante un notario. Este paso finaliza su plan patrimonial, asegurando sus instrucciones para la distribuci\u00f3n de bienes, asistencia sanitaria y decisiones financieras.<\/p>\n<h3>4. Costos y tasas<\/h3>\n<p>El costo total de la creaci\u00f3n de un plan patrimonial var\u00eda, en funci\u00f3n de la complejidad de los documentos y del tiempo que requiera. Una conversaci\u00f3n por adelantado sobre los honorarios puede ayudarle a comprender lo que puede esperar y permitirle tomar una decisi\u00f3n informada.<\/p>\n<p>Una vez completados estos pasos, su plan de patrimonio estar\u00e1 listo para proporcionarle una protecci\u00f3n duradera. Pero recuerde que los cambios de la vida pueden afectar su plan con el paso del tiempo. Los siguientes son acontecimientos importantes que requieren actualizaciones de su plan de sucesi\u00f3n.<\/p>\n<h2>Acontecimientos de vida que exigen actualizar el plan patrimonial<\/h2>\n<p>Un plan patrimonial no es un \u00abh\u00e1galo y olv\u00eddese\u00bb. Los cambios en la vida pueden afectar a sus objetivos y a las necesidades de su familia, por lo que es esencial revisar y actualizar peri\u00f3dicamente su plan. He aqu\u00ed algunos acontecimientos importantes de la vida que pueden requerir una actualizaci\u00f3n del plan de patrimonio para mantener todo alineado con sus deseos actuales.<\/p>\n<h3>Cambios en la familia<\/h3>\n<p>Acontecimientos de la vida como el matrimonio, el divorcio, el nacimiento de un hijo o la muerte de un ser querido pueden afectar significativamente a su plan patrimonial. Por ejemplo, si se casa, es posible que desee a\u00f1adir a su c\u00f3nyuge como beneficiario o asignarle un poder notarial. En caso de divorcio, eliminar a un ex c\u00f3nyuge como beneficiario o responsable puede evitar posibles disputas posteriores.<\/p>\n<h3>Cambios financieros<\/h3>\n<p>Un cambio financiero importante -como recibir una herencia, comprar una casa o ampliar sus inversiones- puede exigir una actualizaci\u00f3n. Cualquier aumento o disminuci\u00f3n de los bienes puede repercutir en la estructura de su plan y en c\u00f3mo desea que se asignen los bienes.<\/p>\n<h3>Cambios en la salud<\/h3>\n<p>Los problemas de salud, ya sea por enfermedad o por envejecimiento, pueden llevarle a revisar las directivas sanitarias, asignar poderes notariales o realizar otros ajustes para garantizar que se respeten sus preferencias.<\/p>\n<p>Las actualizaciones peri\u00f3dicas ayudan a mantener su plan al d\u00eda y a evitar consecuencias imprevistas. La siguiente secci\u00f3n explora c\u00f3mo The Irving Law Firm puede proporcionarle servicios integrales de planificaci\u00f3n patrimonial para proteger el futuro de su familia.<\/p>\n<p><img decoding=\"async\" class=\"size-full wp-image-21960 aligncenter\" src=\"https:\/\/www.theirvinglawfirm.com\/wp-content\/uploads\/2024\/11\/abogado-de-patrimonio-en-virginia-evite-la-sucesion-y-proteja-sus-bienes.jpg\" alt=\"Abogado De Patrimonio En Virginia: Evite La Sucesi\u00f3n Y Proteja Sus Bienes\" width=\"800\" height=\"533\" srcset=\"https:\/\/www.theirvinglawfirm.com\/wp-content\/uploads\/2024\/11\/abogado-de-patrimonio-en-virginia-evite-la-sucesion-y-proteja-sus-bienes-200x133.jpg 200w, https:\/\/www.theirvinglawfirm.com\/wp-content\/uploads\/2024\/11\/abogado-de-patrimonio-en-virginia-evite-la-sucesion-y-proteja-sus-bienes-300x200.jpg 300w, https:\/\/www.theirvinglawfirm.com\/wp-content\/uploads\/2024\/11\/abogado-de-patrimonio-en-virginia-evite-la-sucesion-y-proteja-sus-bienes-400x267.jpg 400w, https:\/\/www.theirvinglawfirm.com\/wp-content\/uploads\/2024\/11\/abogado-de-patrimonio-en-virginia-evite-la-sucesion-y-proteja-sus-bienes-600x400.jpg 600w, https:\/\/www.theirvinglawfirm.com\/wp-content\/uploads\/2024\/11\/abogado-de-patrimonio-en-virginia-evite-la-sucesion-y-proteja-sus-bienes-768x512.jpg 768w, https:\/\/www.theirvinglawfirm.com\/wp-content\/uploads\/2024\/11\/abogado-de-patrimonio-en-virginia-evite-la-sucesion-y-proteja-sus-bienes.jpg 800w\" sizes=\"(max-width: 800px) 100vw, 800px\" \/><\/p>\n<h2>The Irving Law Firm es su socio en planificaci\u00f3n patrimonial<\/h2>\n<p><a href=\"https:\/\/www.theirvinglawfirm.com\/es\/contacte-nuestra-oficina-en-arlington\/\">The Irving Law Firm<\/a> ofrece una gama completa de servicios de planificaci\u00f3n patrimonial, desde la redacci\u00f3n de testamentos y fideicomisos hasta la asistencia en la planificaci\u00f3n fiscal y la protecci\u00f3n de bienes. Los abogados de planificaci\u00f3n patrimonial de la firma se centran en la comunicaci\u00f3n clara y la eficiencia, simplificando el proceso para los clientes. Nuestro equipo proporciona una exhaustiva lista de comprobaci\u00f3n de la planificaci\u00f3n patrimonial para garantizar que no se pasa por alto nada importante.<\/p>\n<p>Los clientes reciben orientaci\u00f3n adaptada a sus necesidades, ayud\u00e1ndoles a tomar decisiones con confianza. Cuando llegue el momento de proteger lo que m\u00e1s importa, The Irving Law Firm est\u00e1 aqu\u00ed para ayudarle. D\u00e9 el primer paso y p\u00f3ngase en contacto con nosotros hoy mismo para programar una consulta inicial.<\/p>\n<p>&nbsp;<\/p>\n<p>Crear un plan patrimonial es una de las formas m\u00e1s significativas de proteger a su familia, preservar sus bienes y cumplir sus deseos. Cada paso del proceso de planificaci\u00f3n patrimonial aporta claridad, reduce el estr\u00e9s y le da el control sobre c\u00f3mo se gestiona su legado. Trabajar con una firma de abogados de planificaci\u00f3n patrimonial garantiza que sus documentos sean legalmente s\u00f3lidos. Tambi\u00e9n ayuda a adaptar el plan a sus necesidades particulares, ya sea minimizar los impuestos, proteger los bienes inmuebles o planificar las decisiones sobre la atenci\u00f3n sanitaria.<\/p>\n<p>Actualizar regularmente su plan a medida que la vida cambia -como el matrimonio, el nacimiento de un hijo o los cambios en las finanzas- lo mantiene eficaz y relevante. Con la orientaci\u00f3n de un abogado de planificaci\u00f3n patrimonial local en Arlington, usted podr\u00e1 crear con confianza un plan que provea a su familia, proteja lo que ha construido y deje un legado duradero para las generaciones venideras.<\/p>\n","protected":false},"excerpt":{"rendered":"<p>Construir un futuro seguro para sus seres queridos implica algo  [&#8230;]<\/p>\n","protected":false},"author":3,"featured_media":0,"parent":16234,"menu_order":0,"comment_status":"closed","ping_status":"closed","template":"","meta":{"_analytify_skip_tracking":false,"rank_math_title":"Abogado De Planificaci\u00f3n Patrimonial Cerca De Arlington, VA","rank_math_description":"Un abogado de planificaci\u00f3n patrimonial en Arlington le ayuda a proteger el futuro de su familia con testamentos y fideicomisos para un legado duradero.","rank_math_focus_keyword":"Abogado de planificaci\u00f3n patrimonial","rank_math_canonical_url":"","footnotes":""},"class_list":["post-21946","page","type-page","status-publish","hentry"],"acf":[],"_links":{"self":[{"href":"https:\/\/www.theirvinglawfirm.com\/es\/wp-json\/wp\/v2\/pages\/21946","targetHints":{"allow":["GET"]}}],"collection":[{"href":"https:\/\/www.theirvinglawfirm.com\/es\/wp-json\/wp\/v2\/pages"}],"about":[{"href":"https:\/\/www.theirvinglawfirm.com\/es\/wp-json\/wp\/v2\/types\/page"}],"author":[{"embeddable":true,"href":"https:\/\/www.theirvinglawfirm.com\/es\/wp-json\/wp\/v2\/users\/3"}],"replies":[{"embeddable":true,"href":"https:\/\/www.theirvinglawfirm.com\/es\/wp-json\/wp\/v2\/comments?post=21946"}],"version-history":[{"count":3,"href":"https:\/\/www.theirvinglawfirm.com\/es\/wp-json\/wp\/v2\/pages\/21946\/revisions"}],"predecessor-version":[{"id":41723,"href":"https:\/\/www.theirvinglawfirm.com\/es\/wp-json\/wp\/v2\/pages\/21946\/revisions\/41723"}],"up":[{"embeddable":true,"href":"https:\/\/www.theirvinglawfirm.com\/es\/wp-json\/wp\/v2\/pages\/16234"}],"wp:attachment":[{"href":"https:\/\/www.theirvinglawfirm.com\/es\/wp-json\/wp\/v2\/media?parent=21946"}],"curies":[{"name":"wp","href":"https:\/\/api.w.org\/{rel}","templated":true}]}}