{"id":19459,"date":"2024-10-09T15:39:06","date_gmt":"2024-10-09T15:39:06","guid":{"rendered":"https:\/\/www.theirvinglawfirm.com\/?page_id=19459"},"modified":"2026-03-17T17:28:07","modified_gmt":"2026-03-17T17:28:07","slug":"acuerdos-prenupciales","status":"publish","type":"page","link":"https:\/\/www.theirvinglawfirm.com\/es\/ubicaciones\/arlington-va\/abogado-de-divorcio\/acuerdos-prenupciales\/","title":{"rendered":"Abogado de acuerdos prenupciales en Arlington, Virginia"},"content":{"rendered":"<p>El matrimonio es un compromiso de por vida, y aunque el amor es lo central, la claridad y la comunicaci\u00f3n son esenciales para una base s\u00f3lida. Un acuerdo prenupcial no se trata solo de finanzas: establece expectativas y responsabilidades, ofreciendo tranquilidad. Desde decisiones sobre propiedad, manutenci\u00f3n conyugal o asuntos personales, un acuerdo prenupcial ayuda a crear un entendimiento mutuo.<\/p>\n<p>Aprenda sobre los acuerdos prenupciales, incluyendo lo que cubren y qui\u00e9n deber\u00eda considerarlos. Vea c\u00f3mo redactar un documento legalmente s\u00f3lido en Virginia. Un <a href=\"https:\/\/www.theirvinglawfirm.com\/es\/ubicaciones\/arlington-va\/abogado-de-familia\/\">abogado de acuerdos prenupciales en Arlington, VA<\/a>, puede ayudarle a crear un plan exigible adaptado a sus necesidades.<\/p>\n<h2>\u00bfQu\u00e9 Es Un Acuerdo Prenupcial?<\/h2>\n<p>Un acuerdo prenupcial es un contrato legal entre dos personas que van a contraer matrimonio. Puede detallar la divisi\u00f3n de <a href=\"https:\/\/www.investopedia.com\/terms\/a\/asset.asp\" target=\"_blank\" rel=\"noopener\">activos<\/a>, deudas y obligaciones financieras. En Virginia, este acuerdo debe cumplir con ciertos criterios legales para que el tribunal lo reconozca.<\/p>\n<p>En su esencia, ayuda a las parejas a clarificar la divisi\u00f3n de los bienes matrimoniales, incluidos los bienes comunes y separados. Tambi\u00e9n protege las contribuciones financieras de un c\u00f3nyuge y previene que su patrimonio se reduzca injustamente.<\/p>\n<p>Este simple contrato puede prevenir mucha confusi\u00f3n en el futuro, brindando a ambas partes una sensaci\u00f3n de seguridad. Muchas personas podr\u00edan pensar que no necesitan este tipo de acuerdo, pero puede ser muy \u00fatil en diversas situaciones.<\/p>\n<p><img decoding=\"async\" class=\"aligncenter size-full wp-image-19467\" src=\"https:\/\/www.theirvinglawfirm.com\/wp-content\/uploads\/2024\/10\/redactando-acuerdos-prenupciales-abogados-de-acuerdos-prenupciales-en-arlington-va.jpg\" alt=\"Redactando Acuerdos Prenupciales Abogados De Acuerdos Prenupciales En Arlington VA\" width=\"799\" height=\"567\" srcset=\"https:\/\/www.theirvinglawfirm.com\/wp-content\/uploads\/2024\/10\/redactando-acuerdos-prenupciales-abogados-de-acuerdos-prenupciales-en-arlington-va-300x214.jpg 300w, https:\/\/www.theirvinglawfirm.com\/wp-content\/uploads\/2024\/10\/redactando-acuerdos-prenupciales-abogados-de-acuerdos-prenupciales-en-arlington-va.jpg 1200w\" sizes=\"(max-width: 799px) 100vw, 799px\" \/><\/p>\n<h2>\u00bfQui\u00e9n Deber\u00eda Considerar Un Acuerdo Prenupcial?<\/h2>\n<p>Algunas parejas pueden creer que un acuerdo prenupcial no es necesario. La verdad es que no es exclusivo para los ricos o las celebridades. Cualquier pareja que busque claridad e independencia puede beneficiarse de un acuerdo. Puede que quiera considerarlo si se encuentra en estas situaciones.<\/p>\n<h3>Parejas Con Bienes O Deudas Significativos<\/h3>\n<p>Cuando dos personas se casan, sus situaciones financieras se entrelazan. La pareja puede considerar un acuerdo para establecer reglas apropiadas si uno de los c\u00f3nyuges tiene mucho m\u00e1s patrimonio o deudas que el otro.<\/p>\n<p>Por ejemplo, cuando un c\u00f3nyuge entra en el matrimonio con pr\u00e9stamos sustanciales o deudas de tarjetas de cr\u00e9dito, un acuerdo prenupcial proporciona un marco claro para mantener dichas cuentas separadas. Este acuerdo puede proteger los bienes individuales y simplificar la divisi\u00f3n de la deuda, aclarando un tema que podr\u00eda ser complejo.<\/p>\n<h3>Segundos Matrimonios Y Familias Ensambladas<\/h3>\n<p>Las preocupaciones financieras a menudo lucen diferentes para aquellos que entran en un segundo matrimonio en comparaci\u00f3n con el primero. Es posible que ya tenga hijos, bienes u obligaciones financieras que necesiten protecci\u00f3n. Sin un plan claro, la divisi\u00f3n de bienes podr\u00eda causar conflictos entre su c\u00f3nyuge actual y sus hijos.<\/p>\n<p>En este acuerdo, puede establecer claramente lo que cada parte aporta a la uni\u00f3n. Tambi\u00e9n garantiza que cualquier herencia o bienes destinados a los hijos de un matrimonio anterior permanezcan con ellos. Este acuerdo aporta claridad y seguridad a las familias ensambladas y les brinda tranquilidad en cuanto a sus finanzas.<\/p>\n<h3>Emprendedores Y Propietarios De Negocios<\/h3>\n<p>Para los emprendedores y due\u00f1os de negocios, un acuerdo prenupcial ofrece una protecci\u00f3n vital. Su negocio refleja a\u00f1os de dedicaci\u00f3n e inversi\u00f3n, y es esencial protegerlo. Sin un acuerdo prenupcial, el negocio podr\u00eda ser tratado como propiedad marital, lo que llevar\u00eda a complicaciones en la divisi\u00f3n de bienes durante un divorcio.<\/p>\n<p>Un abogado de acuerdos prenupciales en Arlington, VA, puede ayudarle a crear un documento que defina su empresa como propiedad separada. Esto tambi\u00e9n puede detallar las decisiones sobre las ganancias futuras, evitando confusiones sobre a qui\u00e9n pertenecen. Protege su empresa y resguarda sus intereses financieros.<\/p>\n<h3>Personas Con Herencias Considerables O Bienes Futuros<\/h3>\n<p>En Virginia, la herencia generalmente se considera propiedad separada, ya sea recibida antes o durante el matrimonio. Sin embargo, puede volverse complicado si se mezcla con los bienes matrimoniales. Un acuerdo ayuda a identificarla y mantenerla separada, lo que facilita su rastreo en caso de divorcio o fallecimiento.<\/p>\n<p>Tambi\u00e9n puede proporcionar la misma claridad en t\u00e9rminos de bienes futuros, como bonos o acciones. Aunque estos bienes se adquieran despu\u00e9s, puede planear para ellos, evitando confusiones sin importar lo que suceda en el matrimonio. Este tipo de acuerdo facilita la identificaci\u00f3n y divisi\u00f3n de bienes en el futuro.<\/p>\n<h3>Parejas Que Buscan Claridad Financiera<\/h3>\n<p>A veces, no se trata tanto del dinero como de comunicar abiertamente sobre las finanzas. Un acuerdo prenupcial ofrece a las parejas una hoja de ruta clara para manejar sus fondos durante el matrimonio. Saber d\u00f3nde se encuentra cada parte financieramente puede reducir el estr\u00e9s y llevar a una comunicaci\u00f3n m\u00e1s fluida. Se trata de comenzar con el pie derecho, con expectativas financieras claras.<\/p>\n<p>Con estos escenarios en mente, queda claro por qu\u00e9 algunas personas consideran este tipo de acuerdo. M\u00e1s all\u00e1 de proteger bienes, trae muchos otros beneficios. Un documento v\u00e1lido tambi\u00e9n puede ayudar a simplificar las decisiones financieras durante el matrimonio, creando una base s\u00f3lida para ambas partes.<\/p>\n<h2><img decoding=\"async\" class=\"alignright size-full wp-image-19469\" src=\"https:\/\/www.theirvinglawfirm.com\/wp-content\/uploads\/2024\/10\/entendiendo-los-acuerdos-prenupciales-abogado-para-acuerdo-prenupcial-en-arlington-va.jpg\" alt=\"Entendiendo Los Acuerdos Prenupciales Abogado Para Acuerdo Prenupcial En Arlington VA\" width=\"300\" height=\"200\" srcset=\"https:\/\/www.theirvinglawfirm.com\/wp-content\/uploads\/2024\/10\/entendiendo-los-acuerdos-prenupciales-abogado-para-acuerdo-prenupcial-en-arlington-va-200x133.jpg 200w, https:\/\/www.theirvinglawfirm.com\/wp-content\/uploads\/2024\/10\/entendiendo-los-acuerdos-prenupciales-abogado-para-acuerdo-prenupcial-en-arlington-va.jpg 300w\" sizes=\"(max-width: 300px) 100vw, 300px\" \/>\u00bfCu\u00e1les Son Los Beneficios?<\/h2>\n<p>Un acuerdo prenupcial no se trata solo de prepararse para lo inesperado, sino de establecer desde el principio una base de claridad financiera y tranquilidad. Esto puede permitir que las parejas discutan abiertamente sus expectativas, lo que frecuentemente lleva a una mejor comunicaci\u00f3n y una mayor sensaci\u00f3n de asociaci\u00f3n. A continuaci\u00f3n, algunos beneficios a considerar:<\/p>\n<h3>Protecci\u00f3n Financiera Y Seguridad<\/h3>\n<p>Establece reglas claras para manejar bienes y deudas. Permite que ambas partes acuerden c\u00f3mo dividir los bienes matrimoniales y c\u00f3mo manejar las deudas. Por ejemplo, si uno de los c\u00f3nyuges trae consigo pr\u00e9stamos estudiantiles significativos u otras obligaciones, el acuerdo puede aclarar qui\u00e9n es responsable de pagarlos.<\/p>\n<h3>Minimizaci\u00f3n Del Conflicto Durante El Divorcio<\/h3>\n<p>Un acuerdo prenupcial no significa que usted espere un divorcio; se trata de estar preparado para cualquier posibilidad, al igual que con un seguro. En el desafortunado caso de que el matrimonio termine, el acuerdo ayuda a hacer que el proceso sea m\u00e1s fluido al eliminar muchas incertidumbres. Cuando ambas partes saben qu\u00e9 esperar, el proceso puede resolverse r\u00e1pidamente.<\/p>\n<h3>Preservaci\u00f3n Del Patrimonio Familiar<\/h3>\n<p>Las familias con patrimonio generacional a menudo usan acuerdos prenupciales para proteger bienes valiosos como reliquias, propiedades o negocios. Sin un acuerdo, estos bienes podr\u00edan estar en riesgo durante los procedimientos de divorcio. El acuerdo puede mantener estos bienes dentro de la familia y preservarlos para las generaciones futuras.<\/p>\n<h3>Claridad Sobre La Manutenci\u00f3n Conyugal<\/h3>\n<p>La pensi\u00f3n alimenticia suele ser un punto de discordia en los divorcios. Con un acuerdo prenupcial, las parejas pueden decidir desde el principio si existe la necesidad de <a href=\"https:\/\/www.theirvinglawfirm.com\/es\/ubicaciones\/arlington-va\/abogado-de-familia\/manutencion-conyugal\/\">manutenci\u00f3n conyugal<\/a>. En algunos casos, tambi\u00e9n pueden optar por renunciar a ella por completo y evitar disputas en el futuro.<\/p>\n<p>Comprender los beneficios de un acuerdo prenupcial es una cosa, pero saber c\u00f3mo crear uno es igualmente crucial. En Virginia, redactar un acuerdo legalmente v\u00e1lido requiere cuidadosa reflexi\u00f3n y atenci\u00f3n a los detalles. Hay varios pasos involucrados en la creaci\u00f3n de un acuerdo s\u00f3lido que proteja a ambas partes.<\/p>\n<h2>\u00bfC\u00f3mo Redactar Un Acuerdo Prenupcial?<\/h2>\n<p>En Virginia, la Ley Uniforme de Acuerdos Prenupciales rige estos acuerdos, detallando lo que los hace v\u00e1lidos. La clave es que ambas partes acepten voluntariamente con pleno conocimiento de la situaci\u00f3n financiera de la otra. Aqu\u00ed le presentamos un resumen de los pasos para lograr un acuerdo s\u00f3lido.<\/p>\n<ol>\n<li>Divulgaci\u00f3n Financiera Abierta Y Honesta: Antes de redactar cualquier cosa, ambos c\u00f3nyuges deben revelar todos sus bienes, deudas y obligaciones. La transparencia total es fundamental para evitar futuros desaf\u00edos al acuerdo.<\/li>\n<li>Decidir Los T\u00e9rminos Y Disposiciones Clave: Las parejas deben discutir c\u00f3mo manejar los bienes, las deudas y las ganancias futuras. Esto incluye abordar la propiedad de negocios, la divisi\u00f3n de bienes y la manutenci\u00f3n.<\/li>\n<li>Contratar Abogados Separados: Cada c\u00f3nyuge debe contar con un abogado que proteja sus derechos. La asesor\u00eda independiente puede prevenir conflictos de inter\u00e9s y mantener la equidad.<\/li>\n<li>Negociar Los T\u00e9rminos: Ambas partes negocian t\u00e9rminos que les resulten adecuados. La mediaci\u00f3n puede ayudar a resolver diferencias y asegurar que ambos c\u00f3nyuges est\u00e9n satisfechos con el resultado.<\/li>\n<li>Redactar Y Revisar: Si la pareja est\u00e1 de acuerdo en los detalles, es el momento para que los abogados redacten el documento formal. Es esencial contar con ayuda legal para revisar el acuerdo y asegurar que cumpla con las leyes de Virginia.<\/li>\n<li>Firmar Y Ejecutar: El paso final es firmar el documento ante un notario antes de la boda. Hacer esto con anticipaci\u00f3n evita cualquier reclamaci\u00f3n de coacci\u00f3n y solidifica la validez del acuerdo.<\/li>\n<\/ol>\n<p>La vida est\u00e1 llena de cambios, y su acuerdo prenupcial puede necesitar reflejar esos cambios. Eventos importantes como formar una familia, recibir una herencia o hacer crecer un negocio pueden cambiar sus prioridades financieras. Por lo tanto, es vital revisar y actualizar el acuerdo para mantenerlo relevante.<\/p>\n<h2>\u00bfCu\u00e1ndo Deber\u00eda Revisar O Actualizar El Acuerdo Prenupcial?<\/h2>\n<p>Un acuerdo prenupcial no est\u00e1 grabado en piedra; las circunstancias cambian, y su acuerdo tambi\u00e9n deber\u00eda hacerlo. La ley de Virginia permite que las parejas modifiquen el documento siempre que ambas partes est\u00e9n de acuerdo. Esta flexibilidad significa que puede adaptarlo a nuevas circunstancias y seguir brindando protecci\u00f3n y claridad.<\/p>\n<p>Un momento clave para actualizar el acuerdo es cuando tiene hijos. Ya sea por nacimiento o adopci\u00f3n, agregar nuevos miembros a la familia a menudo cambia las prioridades financieras. Puede que necesite ajustar las disposiciones relacionadas con la divisi\u00f3n de bienes u obligaciones financieras para reflejar las necesidades de su familia en crecimiento.<\/p>\n<p>Tambi\u00e9n puede revisar el acuerdo si inicia un nuevo negocio o recibe una herencia considerable. Los t\u00e9rminos que parec\u00edan justos al momento del matrimonio pueden no aplicar si la situaci\u00f3n financiera de uno de los c\u00f3nyuges cambia dr\u00e1sticamente.<\/p>\n<p>Al redactar o actualizar este documento, contar con el apoyo legal adecuado marca toda la diferencia. Un abogado de acuerdos prenupciales en Arlington, Virginia, puede guiarlo a trav\u00e9s del proceso y las normas legales para proteger sus intereses.<\/p>\n<p><img decoding=\"async\" class=\"aligncenter size-full wp-image-19471\" src=\"https:\/\/www.theirvinglawfirm.com\/wp-content\/uploads\/2024\/10\/beneficios-de-los-acuerdos-prenupciales-abogado-para-acuerdo-prenupcial-en-arlington-virginia.jpg\" alt=\"Beneficios De Los Acuerdos Prenupciales Abogado Para Acuerdo Prenupcial En Arlington Virginia\" width=\"799\" height=\"567\" srcset=\"https:\/\/www.theirvinglawfirm.com\/wp-content\/uploads\/2024\/10\/beneficios-de-los-acuerdos-prenupciales-abogado-para-acuerdo-prenupcial-en-arlington-virginia-300x214.jpg 300w, https:\/\/www.theirvinglawfirm.com\/wp-content\/uploads\/2024\/10\/beneficios-de-los-acuerdos-prenupciales-abogado-para-acuerdo-prenupcial-en-arlington-virginia.jpg 1200w\" sizes=\"(max-width: 799px) 100vw, 799px\" \/><\/p>\n<h2>\u00bfPor Deber\u00eda Elegir A The Irving Law Firm?<\/h2>\n<p>En <a href=\"https:\/\/www.theirvinglawfirm.com\/es\/ubicaciones\/arlington-va\/\">The Irving Law Firm<\/a>, entendemos que no hay dos parejas iguales. Por lo tanto, nos esforzamos por escuchar atentamente sus preocupaciones para ayudarle a redactar un acuerdo personalizado que se ajuste a sus necesidades. Al trabajar con nosotros, usted obtiene m\u00e1s que simples documentos legales; recibe orientaci\u00f3n, tranquilidad y claridad en lo que a menudo se siente como un laberinto de legalidades.<\/p>\n<p>La transparencia es nuestro principio rector. Lo guiaremos en cada paso del proceso, manteniendo todo claro para que no haya sorpresas, solo un apoyo legal s\u00f3lido y confiable. Nuestro objetivo es brindarle una asesor\u00eda honesta y directa para que pueda tomar decisiones con confianza. Usted est\u00e1 construyendo su futuro; estamos aqu\u00ed para ayudar a protegerle.<\/p>\n","protected":false},"excerpt":{"rendered":"<p>El matrimonio es un compromiso de por vida, y aunque  [&#8230;]<\/p>\n","protected":false},"author":3,"featured_media":19473,"parent":19271,"menu_order":0,"comment_status":"closed","ping_status":"closed","template":"","meta":{"_analytify_skip_tracking":false,"rank_math_title":"Abogado de acuerdos prenupciales en Arlington, VA","rank_math_description":"Un abogado de acuerdos prenupciales en Arlington ayuda a crear planes exigibles. Aprenda c\u00f3mo proteger su futuro antes del matrimonio.","rank_math_focus_keyword":"acuerdos prenupciales","rank_math_canonical_url":"","footnotes":""},"class_list":["post-19459","page","type-page","status-publish","has-post-thumbnail","hentry"],"acf":[],"_links":{"self":[{"href":"https:\/\/www.theirvinglawfirm.com\/es\/wp-json\/wp\/v2\/pages\/19459","targetHints":{"allow":["GET"]}}],"collection":[{"href":"https:\/\/www.theirvinglawfirm.com\/es\/wp-json\/wp\/v2\/pages"}],"about":[{"href":"https:\/\/www.theirvinglawfirm.com\/es\/wp-json\/wp\/v2\/types\/page"}],"author":[{"embeddable":true,"href":"https:\/\/www.theirvinglawfirm.com\/es\/wp-json\/wp\/v2\/users\/3"}],"replies":[{"embeddable":true,"href":"https:\/\/www.theirvinglawfirm.com\/es\/wp-json\/wp\/v2\/comments?post=19459"}],"version-history":[{"count":3,"href":"https:\/\/www.theirvinglawfirm.com\/es\/wp-json\/wp\/v2\/pages\/19459\/revisions"}],"predecessor-version":[{"id":44732,"href":"https:\/\/www.theirvinglawfirm.com\/es\/wp-json\/wp\/v2\/pages\/19459\/revisions\/44732"}],"up":[{"embeddable":true,"href":"https:\/\/www.theirvinglawfirm.com\/es\/wp-json\/wp\/v2\/pages\/19271"}],"wp:featuredmedia":[{"embeddable":true,"href":"https:\/\/www.theirvinglawfirm.com\/es\/wp-json\/wp\/v2\/media\/19473"}],"wp:attachment":[{"href":"https:\/\/www.theirvinglawfirm.com\/es\/wp-json\/wp\/v2\/media?parent=19459"}],"curies":[{"name":"wp","href":"https:\/\/api.w.org\/{rel}","templated":true}]}}