{"id":16680,"date":"2022-11-16T07:57:48","date_gmt":"2022-11-16T07:57:48","guid":{"rendered":"https:\/\/www.theirvinglawfirm.com\/areas-de-practica\/derecho-criminal\/deja-que-un-abogado-por-robo-en-manassas-va-luche-por-tus-derechos\/"},"modified":"2025-10-06T21:36:27","modified_gmt":"2025-10-06T21:36:27","slug":"robo","status":"publish","type":"page","link":"https:\/\/www.theirvinglawfirm.com\/es\/areas-de-practica\/derecho-criminal\/robo\/","title":{"rendered":"Deje que un abogado de robo en Manassas VA lo defienda"},"content":{"rendered":"<div class=\"fusion-fullwidth fullwidth-box fusion-builder-row-1 fusion-flex-container has-pattern-background has-mask-background nonhundred-percent-fullwidth non-hundred-percent-height-scrolling\" style=\"--awb-border-sizes-bottom:1px;--awb-border-radius-top-left:0px;--awb-border-radius-top-right:0px;--awb-border-radius-bottom-right:0px;--awb-border-radius-bottom-left:0px;--awb-flex-wrap:wrap;\" ><div class=\"fusion-builder-row fusion-row fusion-flex-align-items-flex-start fusion-flex-content-wrap\" style=\"max-width:1497.6px;margin-left: calc(-4% \/ 2 );margin-right: calc(-4% \/ 2 );\"><div class=\"fusion-layout-column fusion_builder_column fusion-builder-column-0 fusion_builder_column_1_1 1_1 fusion-flex-column\" style=\"--awb-bg-size:cover;--awb-width-large:100%;--awb-margin-top-large:0px;--awb-spacing-right-large:1.92%;--awb-margin-bottom-large:20px;--awb-spacing-left-large:1.92%;--awb-width-medium:100%;--awb-order-medium:0;--awb-spacing-right-medium:1.92%;--awb-spacing-left-medium:1.92%;--awb-width-small:100%;--awb-order-small:0;--awb-spacing-right-small:1.92%;--awb-spacing-left-small:1.92%;\" data-scroll-devices=\"small-visibility,medium-visibility,large-visibility\"><div class=\"fusion-column-wrapper fusion-column-has-shadow fusion-flex-justify-content-flex-start fusion-content-layout-column\"><div class=\"fusion-text fusion-text-1\"><p><span style=\"font-weight: 400;\">Si vive en Manassas VA o cerca de all\u00ed, el impacto de una acusaci\u00f3n de robo puede ser grave. Sin embargo, un <a href=\"https:\/\/www.theirvinglawfirm.com\/es\/areas-de-practica\/derecho-criminal\/\">abogado de robo<\/a> puede defender sus derechos y emplear estrategias eficaces para rebatir las acusaciones. Conseguir un abogado inmediatamente es la mejor opci\u00f3n, porque tales acusaciones pueden afectar a su reputaci\u00f3n y a su vida profesional.<\/span><\/p>\n<p><span style=\"font-weight: 400;\">Enfrentarse a retos legales requiere algo m\u00e1s que entender las leyes locales. En este art\u00edculo, aprenda los matices del delito y c\u00f3mo un abogado calificado puede luchar por usted ante los tribunales.<\/span><\/p>\n<p><img decoding=\"async\" class=\"alignnone size-full wp-image-16695\" src=\"https:\/\/www.theirvinglawfirm.com\/wp-content\/uploads\/2024\/06\/asegure-sus-derechos-con-un-abogado-de-robo-en-manassas-va.jpg\" alt=\"Asegure Sus Derechos Con Un Abogado De Robo En Manassas, VA\" width=\"100%\" height=\"800\" srcset=\"https:\/\/www.theirvinglawfirm.com\/wp-content\/uploads\/2024\/06\/asegure-sus-derechos-con-un-abogado-de-robo-en-manassas-va-66x44.jpg 66w, https:\/\/www.theirvinglawfirm.com\/wp-content\/uploads\/2024\/06\/asegure-sus-derechos-con-un-abogado-de-robo-en-manassas-va-177x118.jpg 177w, https:\/\/www.theirvinglawfirm.com\/wp-content\/uploads\/2024\/06\/asegure-sus-derechos-con-un-abogado-de-robo-en-manassas-va-200x133.jpg 200w, https:\/\/www.theirvinglawfirm.com\/wp-content\/uploads\/2024\/06\/asegure-sus-derechos-con-un-abogado-de-robo-en-manassas-va-300x200.jpg 300w, https:\/\/www.theirvinglawfirm.com\/wp-content\/uploads\/2024\/06\/asegure-sus-derechos-con-un-abogado-de-robo-en-manassas-va-320x213.jpg 320w, https:\/\/www.theirvinglawfirm.com\/wp-content\/uploads\/2024\/06\/asegure-sus-derechos-con-un-abogado-de-robo-en-manassas-va-400x267.jpg 400w, https:\/\/www.theirvinglawfirm.com\/wp-content\/uploads\/2024\/06\/asegure-sus-derechos-con-un-abogado-de-robo-en-manassas-va-460x307.jpg 460w, https:\/\/www.theirvinglawfirm.com\/wp-content\/uploads\/2024\/06\/asegure-sus-derechos-con-un-abogado-de-robo-en-manassas-va-540x360.jpg 540w, https:\/\/www.theirvinglawfirm.com\/wp-content\/uploads\/2024\/06\/asegure-sus-derechos-con-un-abogado-de-robo-en-manassas-va-600x400.jpg 600w, https:\/\/www.theirvinglawfirm.com\/wp-content\/uploads\/2024\/06\/asegure-sus-derechos-con-un-abogado-de-robo-en-manassas-va-669x446.jpg 669w, https:\/\/www.theirvinglawfirm.com\/wp-content\/uploads\/2024\/06\/asegure-sus-derechos-con-un-abogado-de-robo-en-manassas-va-700x467.jpg 700w, https:\/\/www.theirvinglawfirm.com\/wp-content\/uploads\/2024\/06\/asegure-sus-derechos-con-un-abogado-de-robo-en-manassas-va-768x512.jpg 768w, https:\/\/www.theirvinglawfirm.com\/wp-content\/uploads\/2024\/06\/asegure-sus-derechos-con-un-abogado-de-robo-en-manassas-va-800x533.jpg 800w, https:\/\/www.theirvinglawfirm.com\/wp-content\/uploads\/2024\/06\/asegure-sus-derechos-con-un-abogado-de-robo-en-manassas-va-940x627.jpg 940w, https:\/\/www.theirvinglawfirm.com\/wp-content\/uploads\/2024\/06\/asegure-sus-derechos-con-un-abogado-de-robo-en-manassas-va-1024x683.jpg 1024w, https:\/\/www.theirvinglawfirm.com\/wp-content\/uploads\/2024\/06\/asegure-sus-derechos-con-un-abogado-de-robo-en-manassas-va.jpg 1200w\" sizes=\"(max-width: 1200px) 100vw, 1200px\" \/><\/p>\n<h2>\u00bfC\u00f3mo Puede Protegerle Un Abogado De Robo?<\/h2>\n<p><span style=\"font-weight: 400;\">Un abogado de robo en Manassas versado en t\u00e1cticas de negociaci\u00f3n es esencial en los acuerdos de culpabilidad. Si su caso llega a juicio, contar con un abogado experimentado en negociaci\u00f3n puede ser su mejor opci\u00f3n. Son su abogado en la sala y su estratega fuera de ella.<\/span><\/p>\n<p><span style=\"font-weight: 400;\">Los abogados trabajan con diligencia y aprovechan sus relaciones jur\u00eddicas locales y su experiencia para conseguir un acuerdo que limite las posibles sanciones. Este enfoque proactivo se interpone entre un castigo severo y un acuerdo que le permita seguir adelante con las m\u00ednimas consecuencias.<\/span><\/p>\n<p><span style=\"font-weight: 400;\">Adem\u00e1s, la protecci\u00f3n de un abogado defensor contra robos va m\u00e1s all\u00e1 del mero asesoramiento jur\u00eddico. Act\u00faan como su portavoz para que se oiga su voz y no se sienta abrumado por los procedimientos judiciales. Esto es crucial para mitigar el desgaste emocional de ir a juicio.<\/span><\/p>\n<h2>\u00bfQu\u00e9 Es El Robo En Virginia?<\/h2>\n<p><span style=\"font-weight: 400;\">Los cargos por robo en el Estado del Viejo Dominio abarcan varios delitos distintos, cada uno de ellos definido por elementos espec\u00edficos y asociado a sus penas legales. Estas clasificaciones pueden ayudarle a comprender la gravedad de sus cargos y lo que est\u00e1 en juego.<\/span><\/p>\n<h3>Hurto<\/h3>\n<p><span style=\"font-weight: 400;\">El hurto consiste en apoderarse il\u00edcitamente de la propiedad de otra persona para privar a su propietario de ella de forma permanente. Virginia clasifica el hurto como menor o mayor, dependiendo del valor de la propiedad robada.<\/span><\/p>\n<p><span style=\"font-weight: 400;\">El hurto menor se refiere al robo de dinero u otros objetos valorados en menos de 5 $ directamente a otra persona o a la apropiaci\u00f3n de bienes valorados en menos de 1.000 $. Puede acarrear un m\u00e1ximo de 12 meses de encarcelamiento y una multa de hasta 2.500 $.<\/span><\/p>\n<p><span style=\"font-weight: 400;\">El hurto mayor, sin embargo, implica robar bienes valorados en 1.000 $ o m\u00e1s. Tambi\u00e9n se aplica cuando el acusado ha tomado bienes por valor de 5$ o m\u00e1s directamente de otra persona. Adem\u00e1s, el hurto mayor incluye el robo de un arma de fuego, independientemente de su valor monetario. Este tipo es un delito grave en Virginia, castigado con una pena de uno a 20 a\u00f1os de prisi\u00f3n.<\/span><\/p>\n<h3>Allanamiento De Morada<\/h3>\n<p><span style=\"font-weight: 400;\">El allanamiento de morada en Virginia se define como la entrada ilegal en un edificio para cometer un delito, normalmente un robo o una agresi\u00f3n, en su interior. Este delito no requiere allanamiento f\u00edsico, basta con entrar por una entrada no cerrada con intenci\u00f3n delictiva. Por ejemplo, entrar en un garaje abierto para robar herramientas se considerar\u00eda robo.<\/span><\/p>\n<p><span style=\"font-weight: 400;\">Las penas por robo con allanamiento de morada dependen de las circunstancias, incluido si se utiliz\u00f3 un arma y el delito que se pretend\u00eda cometer. En general, el robo con allanamiento de morada se considera un delito grave, con penas que pueden ir de cinco a\u00f1os a cadena perpetua y una multa de 2.500 a 100.000 d\u00f3lares.<\/span><\/p>\n<h3>Robo<\/h3>\n<p><span style=\"font-weight: 400;\">El <a href=\"https:\/\/en.wikipedia.org\/wiki\/Robbery\" target=\"_blank\" rel=\"noopener\">robo<\/a> combina el hurto con la violencia o la amenaza de violencia. Este delito se considera especialmente grave porque amenaza directamente la seguridad personal. Puede cometerse mediante la fuerza, como estrangular, asfixiar o golpear, sin utilizar necesariamente un arma mortal. Un ejemplo de robo es asaltar a alguien en la calle y exigirle la cartera con la insinuaci\u00f3n de hacerle da\u00f1o si no accede.<\/span><\/p>\n<p><span style=\"font-weight: 400;\">En Virginia, el robo es siempre un delito grave, independientemente de que la fuerza empleada sea m\u00ednima. Sus penas pueden oscilar entre cinco a\u00f1os y cadena perpetua, sobre todo si se utiliza un arma o si la v\u00edctima sufre da\u00f1os graves.<\/span><\/p>\n<p><span style=\"font-weight: 400;\">Cada tipo de robo conlleva importantes consecuencias jur\u00eddicas, lo que subraya la importancia de una representaci\u00f3n legal bien informada si se enfrenta a tales cargos. Un abogado calificado en defensa de robos puede ofrecer orientaci\u00f3n y defensa cruciales para mitigar estas graves penas.<\/span><\/p>\n<h2>\u00bfC\u00f3mo Puede Defenderle Un Abogado De Robo?<\/h2>\n<p><img decoding=\"async\" class=\"size-full wp-image-16697 alignright\" src=\"https:\/\/www.theirvinglawfirm.com\/wp-content\/uploads\/2024\/06\/contrate-hoy-un-abogado-de-robo-para-proteger-sus-derechos.jpg\" alt=\"Contrate Hoy Un Abogado De Robo Para Proteger Sus Derechos\" width=\"300\" height=\"200\" srcset=\"https:\/\/www.theirvinglawfirm.com\/wp-content\/uploads\/2024\/06\/contrate-hoy-un-abogado-de-robo-para-proteger-sus-derechos-66x44.jpg 66w, https:\/\/www.theirvinglawfirm.com\/wp-content\/uploads\/2024\/06\/contrate-hoy-un-abogado-de-robo-para-proteger-sus-derechos-177x118.jpg 177w, https:\/\/www.theirvinglawfirm.com\/wp-content\/uploads\/2024\/06\/contrate-hoy-un-abogado-de-robo-para-proteger-sus-derechos-200x133.jpg 200w, https:\/\/www.theirvinglawfirm.com\/wp-content\/uploads\/2024\/06\/contrate-hoy-un-abogado-de-robo-para-proteger-sus-derechos.jpg 300w\" sizes=\"(max-width: 300px) 100vw, 300px\" \/><\/p>\n<p><span style=\"font-weight: 400;\">Cuando se enfrente a cargos de robo, elaborar una defensa s\u00f3lida puede ser su billete para salir de una situaci\u00f3n complicada. He aqu\u00ed c\u00f3mo suelen abordar estos casos los abogados experimentados.<\/span><\/p>\n<h3>Falta De Intenci\u00f3n<\/h3>\n<p><span style=\"font-weight: 400;\">El robo requiere intenci\u00f3n, y una defensa habitual es cuestionar si tienes intenci\u00f3n de robar. Si tu abogado puede demostrar que coger el objeto fue un error o un malentendido, podr\u00eda frenar los cargos. Por ejemplo, tal vez sali\u00f3 de una tienda con mercanc\u00eda que olvid\u00f3 pagar, pensando sinceramente que su amigo ya la hab\u00eda pagado.<\/span><\/p>\n<h3>Identidad Equivocada<\/h3>\n<p><span style=\"font-weight: 400;\">El error de identidad puede ser una defensa poderosa, sobre todo en casos de robo en entornos abarrotados o ca\u00f3ticos. Cuando hay muchas personas presentes, puede ser dif\u00edcil para los testigos identificar con precisi\u00f3n al agresor. Si hay alguna duda sobre qui\u00e9n cometi\u00f3 el robo, su abogado puede alegar que le identificaron err\u00f3neamente como sospechoso.<\/span><\/p>\n<h3>Disputa Sobre La Propiedad<\/h3>\n<p><span style=\"font-weight: 400;\">A veces, lo que parece un robo es en realidad un malentendido sobre a qui\u00e9n pertenece la propiedad. Si cree que el objeto era leg\u00edtimamente suyo, es una defensa leg\u00edtima. Esto podr\u00eda implicar la presentaci\u00f3n de recibos, testimonios de testigos u otros documentos que demuestren la propiedad o una creencia razonable de propiedad.<\/span><\/p>\n<h3>Atrapamiento<\/h3>\n<p><span style=\"font-weight: 400;\">La inducci\u00f3n se produce cuando las fuerzas del orden coaccionan o manipulan a alguien para que ejecute un delito que de otro modo no habr\u00eda considerado. Si un agente encubierto le convenci\u00f3 para que le llevara un objeto que no ten\u00eda intenci\u00f3n de robar, su abogado puede afirmar que le tendieron una trampa. Esta defensa puede ser delicada pero eficaz si las pruebas apoyan una hip\u00f3tesis en la que fuiste coaccionado.<\/span><\/p>\n<h3>Pruebas Insuficientes<\/h3>\n<p><span style=\"font-weight: 400;\">Una acusaci\u00f3n de robo necesita pruebas s\u00f3lidas. A veces, lo \u00fanico que tiene que hacer un abogado por robo es demostrar que las pruebas no son suficientes. \u00bfLa grabaci\u00f3n de vigilancia era demasiado granulada? \u00bfSon contradictorios los testimonios de los testigos? Hacer agujeros en los argumentos de la acusaci\u00f3n puede inclinar la balanza a su favor.<\/span><\/p>\n<h3>Coartada<\/h3>\n<p><span style=\"font-weight: 400;\">Si puede demostrar que estaba en otro lugar cuando se produjo el robo, es una forma sencilla de limpiar su nombre. Su abogado defensor reunir\u00e1 recibos con fecha y hora, grabaciones de vigilancia o declaraciones de testigos para respaldar su paradero.<\/span><\/p>\n<h3>Incapacidad Mental<\/h3>\n<p><span style=\"font-weight: 400;\">Si usted no estaba mentalmente sano cuando se produjo el presunto delito, su abogado podr\u00eda argumentar que no pudo formar la intenci\u00f3n de robar. Puede alegar que padec\u00eda un trastorno mental o que estaba bajo la influencia de sustancias que alteraban su juicio. Esta defensa puede ser complicada, pero es v\u00e1lida en determinadas circunstancias.<\/span><\/p>\n<p><span style=\"font-weight: 400;\">Defenderse de los cargos de robo implica examinar las particularidades de tu caso y aplicar las estrategias legales adecuadas. Los abogados de robo tienen que pensar sobre la marcha y adaptar estas estrategias en funci\u00f3n de su situaci\u00f3n. Conseguir un abogado calificado que sepa manejar estas defensas marca la diferencia si alguna vez se ve en este aprieto.<\/span><\/p>\n<h2>\u00bfPor Qu\u00e9 Elegir The Irving Law Firm Para Construir Su Defensa?<\/h2>\n<p><img decoding=\"async\" class=\"size-full wp-image-16693 alignright\" src=\"https:\/\/www.theirvinglawfirm.com\/wp-content\/uploads\/2024\/06\/con-la-guia-legal-de-un-abogado-de-robo-usted-podra-llevar-sus-cargos-de-robo-con-manos-profesionales.jpg\" alt=\"Con La Gu\u00eda Legal De Un Abogado De Robo Usted Podr\u00e1 Llevar Sus Cargos De Robo Con Manos Profesionales\" width=\"300\" height=\"200\" srcset=\"https:\/\/www.theirvinglawfirm.com\/wp-content\/uploads\/2024\/06\/con-la-guia-legal-de-un-abogado-de-robo-usted-podra-llevar-sus-cargos-de-robo-con-manos-profesionales-66x44.jpg 66w, https:\/\/www.theirvinglawfirm.com\/wp-content\/uploads\/2024\/06\/con-la-guia-legal-de-un-abogado-de-robo-usted-podra-llevar-sus-cargos-de-robo-con-manos-profesionales-177x118.jpg 177w, https:\/\/www.theirvinglawfirm.com\/wp-content\/uploads\/2024\/06\/con-la-guia-legal-de-un-abogado-de-robo-usted-podra-llevar-sus-cargos-de-robo-con-manos-profesionales-200x133.jpg 200w, https:\/\/www.theirvinglawfirm.com\/wp-content\/uploads\/2024\/06\/con-la-guia-legal-de-un-abogado-de-robo-usted-podra-llevar-sus-cargos-de-robo-con-manos-profesionales.jpg 300w\" sizes=\"(max-width: 300px) 100vw, 300px\" \/><\/p>\n<p><span style=\"font-weight: 400;\">\u00bfPor qu\u00e9 aceptar los cargos cuando puede luchar con inteligencia y limpiar su nombre con un aliado legal de confianza? The Irving Law Firm, con sede en Manassas, se centra en casos de robo y puede proporcionarle una defensa agresiva. Con a\u00f1os de experiencia en los tribunales locales, tenemos las habilidades y los conocimientos t\u00e1cticos para construir una defensa s\u00f3lida que proporcione dudas sustanciales sobre su culpabilidad.<\/span><\/p>\n<p><span style=\"font-weight: 400;\">The Irving Law Firm est\u00e1 preparado para proteger sus derechos y lograr la resoluci\u00f3n \u00f3ptima, porque aprovechamos h\u00e1bilmente los tecnicismos legales. Desde asegurarnos de que se respetaron sus derechos durante la detenci\u00f3n hasta cuestionar la fiabilidad de las pruebas, cubrimos todas las bases. Para nosotros, ayudarle no consiste solo en luchar contra los cargos. Se trata de salvaguardar su futuro explorando y explotando todas las v\u00edas legales en su beneficio.<\/span><\/p>\n<h2>Resumen<\/h2>\n<p><span style=\"font-weight: 400;\">Enfrentarse a cargos por robo puede poner su vida patas arriba, pero no tiene por qu\u00e9 afrontarlos solo. Comprender la naturaleza de sus cargos con la ayuda de un abogado competente en robos es su primer paso para recuperar el control.<\/span><\/p>\n<p><span style=\"font-weight: 400;\">Un abogado de robo en Manassas puede defender sus derechos y elaborar estrategias de defensa eficaces para inclinar la balanza a su favor. Pueden alegar que eras el leg\u00edtimo propietario de los bienes, que le identificaron por error como el ladr\u00f3n o que no ten\u00eda intenci\u00f3n de robar.<\/span><\/p>\n<p><span style=\"font-weight: 400;\">Con el equipo jur\u00eddico adecuado, como<a href=\"https:\/\/www.theirvinglawfirm.com\/es\/\"> The Irving Law Firm<\/a>, puede navegar por estas aguas turbulentas con un abogado experimentado dedicado a luchar por sus intereses. Recuerde que tener de su lado al defensor judicial adecuado puede ser la clave para abrirle un futuro mejor.<\/span><\/p>\n<\/div><\/div><\/div><\/div><\/div>\n","protected":false},"excerpt":{"rendered":"","protected":false},"author":3,"featured_media":0,"parent":8435,"menu_order":0,"comment_status":"closed","ping_status":"closed","template":"100-width.php","meta":{"_analytify_skip_tracking":false,"rank_math_title":"Abogado De Defensa De Robo Cerca De Manassas, VA","rank_math_description":"Un abogado de robo en Manassas puede ayudarle a enfrentar cargos. Conozca las estrategias para proteger sus derechos y su reputaci\u00f3n.","rank_math_focus_keyword":"robo","rank_math_canonical_url":"","footnotes":""},"class_list":["post-16680","page","type-page","status-publish","hentry"],"acf":[],"_links":{"self":[{"href":"https:\/\/www.theirvinglawfirm.com\/es\/wp-json\/wp\/v2\/pages\/16680","targetHints":{"allow":["GET"]}}],"collection":[{"href":"https:\/\/www.theirvinglawfirm.com\/es\/wp-json\/wp\/v2\/pages"}],"about":[{"href":"https:\/\/www.theirvinglawfirm.com\/es\/wp-json\/wp\/v2\/types\/page"}],"author":[{"embeddable":true,"href":"https:\/\/www.theirvinglawfirm.com\/es\/wp-json\/wp\/v2\/users\/3"}],"replies":[{"embeddable":true,"href":"https:\/\/www.theirvinglawfirm.com\/es\/wp-json\/wp\/v2\/comments?post=16680"}],"version-history":[{"count":1,"href":"https:\/\/www.theirvinglawfirm.com\/es\/wp-json\/wp\/v2\/pages\/16680\/revisions"}],"predecessor-version":[{"id":41002,"href":"https:\/\/www.theirvinglawfirm.com\/es\/wp-json\/wp\/v2\/pages\/16680\/revisions\/41002"}],"up":[{"embeddable":true,"href":"https:\/\/www.theirvinglawfirm.com\/es\/wp-json\/wp\/v2\/pages\/8435"}],"wp:attachment":[{"href":"https:\/\/www.theirvinglawfirm.com\/es\/wp-json\/wp\/v2\/media?parent=16680"}],"curies":[{"name":"wp","href":"https:\/\/api.w.org\/{rel}","templated":true}]}}