{"id":14270,"date":"2023-08-25T15:54:42","date_gmt":"2023-08-25T15:54:42","guid":{"rendered":"https:\/\/www.theirvinglawfirm.com\/?page_id=14270"},"modified":"2024-03-06T00:09:09","modified_gmt":"2024-03-06T00:09:09","slug":"empresas-y-estatutos-en-va","status":"publish","type":"page","link":"https:\/\/www.theirvinglawfirm.com\/es\/areas-de-practica\/formacion-de-empresas\/empresas-y-estatutos-en-va\/","title":{"rendered":"\u00bfExige Virginia Que Las Empresas Tengan Estatutos?"},"content":{"rendered":"<p><span style=\"font-weight: 400;\">En Manassas, Virginia, los estatutos son un requisito para la formaci\u00f3n de empresas. B\u00e1sicamente, los estatutos se refieren a las normas y reglas que gu\u00edan a una organizaci\u00f3n o entidad empresarial en el desarrollo de sus operaciones. <\/span><\/p>\n<p><span style=\"font-weight: 400;\">Puede ser interno, en el que los estatutos establecen las disposiciones que deben cumplir las partes interesadas. Adem\u00e1s, la importancia significativa de los estatutos en una empresa radica en el aspecto de las operaciones externas.<img decoding=\"async\" class=\"aligncenter size-full wp-image-13926\" src=\"https:\/\/www.theirvinglawfirm.com\/wp-content\/uploads\/2023\/08\/guia-formacion-empresa-sin-fines-lucro-virginia.jpg\" alt=\"Creaci\u00f3n De Una Empresa Sin Fines De Lucro En Virginia: Gu\u00eda De Formaci\u00f3n Empresarial\" width=\"100%\" height=\"801\" srcset=\"https:\/\/www.theirvinglawfirm.com\/wp-content\/uploads\/2023\/08\/guia-formacion-empresa-sin-fines-lucro-virginia-200x134.jpg 200w, https:\/\/www.theirvinglawfirm.com\/wp-content\/uploads\/2023\/08\/guia-formacion-empresa-sin-fines-lucro-virginia-300x200.jpg 300w, https:\/\/www.theirvinglawfirm.com\/wp-content\/uploads\/2023\/08\/guia-formacion-empresa-sin-fines-lucro-virginia-400x267.jpg 400w, https:\/\/www.theirvinglawfirm.com\/wp-content\/uploads\/2023\/08\/guia-formacion-empresa-sin-fines-lucro-virginia-600x401.jpg 600w, https:\/\/www.theirvinglawfirm.com\/wp-content\/uploads\/2023\/08\/guia-formacion-empresa-sin-fines-lucro-virginia-768x513.jpg 768w, https:\/\/www.theirvinglawfirm.com\/wp-content\/uploads\/2023\/08\/guia-formacion-empresa-sin-fines-lucro-virginia-800x534.jpg 800w, https:\/\/www.theirvinglawfirm.com\/wp-content\/uploads\/2023\/08\/guia-formacion-empresa-sin-fines-lucro-virginia-1024x684.jpg 1024w, https:\/\/www.theirvinglawfirm.com\/wp-content\/uploads\/2023\/08\/guia-formacion-empresa-sin-fines-lucro-virginia.jpg 1200w\" sizes=\"(max-width: 1200px) 100vw, 1200px\" \/><\/span>Regula el acuerdo entre los socios de una empresa y sus relaciones con terceros. Las empresas tambi\u00e9n deben tener en cuenta que los estatutos deben constar en documento p\u00fablico para que surtan efecto entre las partes.<\/p>\n<p><span style=\"font-weight: 400;\">Debe estar a disposici\u00f3n del p\u00fablico en el momento de las transacciones con la formaci\u00f3n de empresas, los bancos, la administraci\u00f3n fiscal y similares. Por eso los estatutos completos deben ser una prioridad de las empresas. <\/span><\/p>\n<p><span style=\"font-weight: 400;\">Si usted est\u00e1 planeando formar una empresa, es estrat\u00e9gico para que usted consulte con un abogado de formaci\u00f3n de empresas confiable. <a href=\"https:\/\/www.theirvinglawfirm.com\/es\">The Irving Law Firm<\/a> cuenta con un equipo de abogados que pueden informarle sobre la importancia de los estatutos y, especialmente, sobre c\u00f3mo deben redactarse.<\/span><\/p>\n<h2>Formaci\u00f3n De Empresas en Virginia<\/h2>\n<p><span style=\"font-weight: 400;\">El <a href=\"https:\/\/law.lis.virginia.gov\/vacode\/title13.1\/chapter9\/section13.1-624\/\" target=\"_blank\" rel=\"noopener\">art\u00edculo 3, \u00a7 13.1-624<\/a> del C\u00f3digo de Virginia establece que los constituyentes o directores de una empresa deben adoptar los estatutos iniciales. Es un documento fundamental a la hora de solicitar un permiso de explotaci\u00f3n. <\/span><\/p>\n<p><span style=\"font-weight: 400;\">Unos estatutos s\u00f3lidos desde el punto de vista legal demuestran la profesionalidad y el cumplimiento de la ley por parte de su empresa. Para determinar su credibilidad, las entidades con las que realiza transacciones, como bancos, inversores y otros socios comerciales, revisan sus estatutos. <\/span><\/p>\n<p><span style=\"font-weight: 400;\">Unos estatutos empresariales bien redactados demuestran que su empresa es una entidad jur\u00eddica distinta que se adhiere a unas normas uniformes. Por lo tanto, ayuda a salvaguardar su protecci\u00f3n de responsabilidad si su empresa se enfrenta a un proceso judicial. <\/span><\/p>\n<p><span style=\"font-weight: 400;\">Por otra parte, formar parte de una empresa en la que nadie sabe qui\u00e9n manda puede ser estresante. Los estatutos describen y especifican los deberes y obligaciones de los consejeros, accionistas y directivos. <\/span><\/p>\n<p><span style=\"font-weight: 400;\">Sus estatutos pueden especificar, por ejemplo, que solo los accionistas tienen autoridad para cambiar e impugnar determinadas pol\u00edticas. Adem\u00e1s, los estatutos definen procedimientos fundamentales como la votaci\u00f3n y la celebraci\u00f3n de reuniones. En caso de litigio, es preferible resolverlo en privado y de acuerdo con los estatutos que llevarlo a los tribunales.<\/span><\/p>\n<h3>Elementos Fundamentales De Los Estatutos De La Empresa<\/h3>\n<p><span style=\"font-weight: 400;\">Usted es libre de incluir cualquier regla para su empresas que sea consistente con sus art\u00edculos de incorporaci\u00f3n y la ley. Mientras tanto, el C\u00f3digo de Virginia 13.1-624 (2019) ofrece algunas orientaciones sobre lo que pueden contener los estatutos empresariales.<\/span><\/p>\n<ul>\n<li style=\"font-weight: 400;\" aria-level=\"1\"><span style=\"font-weight: 400;\">Disposiciones relativas a la venta de acciones, su transmisi\u00f3n y limitaciones.<\/span><\/li>\n<li style=\"font-weight: 400;\" aria-level=\"1\"><span style=\"font-weight: 400;\">Separaci\u00f3n del socio y otros aspectos relacionados con las transacciones con terceros.<\/span><\/li>\n<li style=\"font-weight: 400;\" aria-level=\"1\"><span style=\"font-weight: 400;\">Formas de votar en las juntas de accionistas.<\/span><\/li>\n<li style=\"font-weight: 400;\" aria-level=\"1\"><span style=\"font-weight: 400;\">Derecho de preferencia en la compra de acciones de los socios.<\/span><\/li>\n<li style=\"font-weight: 400;\" aria-level=\"1\"><span style=\"font-weight: 400;\">Enmiendas y urgencias.<\/span><\/li>\n<\/ul>\n<p><span style=\"font-weight: 400;\">Y lo que es m\u00e1s importante, el c\u00f3digo especifica que los estatutos de la empresa deben definir el objeto de la actividad social de la empresa. Asimismo, la definici\u00f3n del Consejo de Administraci\u00f3n y del \u00f3rgano de Gobierno, y la representaci\u00f3n legal de la empresa delimitan el objeto.<img decoding=\"async\" class=\"size-full wp-image-14001 alignright\" src=\"https:\/\/www.theirvinglawfirm.com\/wp-content\/uploads\/2023\/08\/papel-vital-del-agente-registrado-en-la-formacion-de-empresas.jpg\" alt=\"Formaci\u00f3n De Empresas: El Papel Vital Desempe\u00f1ado Por Un Agente Registrado\" width=\"300\" height=\"200\" srcset=\"https:\/\/www.theirvinglawfirm.com\/wp-content\/uploads\/2023\/08\/papel-vital-del-agente-registrado-en-la-formacion-de-empresas-200x133.jpg 200w, https:\/\/www.theirvinglawfirm.com\/wp-content\/uploads\/2023\/08\/papel-vital-del-agente-registrado-en-la-formacion-de-empresas.jpg 300w\" sizes=\"(max-width: 300px) 100vw, 300px\" \/> <\/span><\/p>\n<p><span style=\"font-weight: 400;\">Al describir el prop\u00f3sito de la empresa, es importante que sea directo. Por lo tanto, debe quedar claro el tipo de actividad comercial a la que se dedicar\u00e1 la empresa. <\/span><\/p>\n<p><span style=\"font-weight: 400;\">Una mala definici\u00f3n dificultar\u00e1 el posicionamiento de la empresa en el mercado. Las partes interesadas tambi\u00e9n deben saber c\u00f3mo se toman y comunican las decisiones dentro de la empresa. <\/span><\/p>\n<p><span style=\"font-weight: 400;\">La adecuada especificaci\u00f3n de sus funciones y deberes allana el camino para el director de gesti\u00f3n de la empresa a largo plazo. Por \u00faltimo, es fundamental identificar a la persona que se encargar\u00e1 de representar a la empresa ante las autoridades y terceros. <\/span><\/p>\n<h2>Resumen<\/h2>\n<p><span style=\"font-weight: 400;\">Los estatutos suelen convertirse en la columna vertebral de la empresa. Por lo general, unos estatutos bien elaborados ayudan a la empresa a evitar obst\u00e1culos innecesarios desde la formaci\u00f3n de la empresa hasta las operaciones propiamente dichas. <\/span><\/p>\n<p><span style=\"font-weight: 400;\">Tambi\u00e9n puede establecer la credibilidad de la empresa, facilitando el \u00e9xito de las transacciones. Para tener unos estatutos legalmente s\u00f3lidos, es aconsejable hablar con un abogado. <\/span><\/p>\n<p><span style=\"font-weight: 400;\">The Irving Law Firm cuenta con un conjunto de <a href=\"https:\/\/www.theirvinglawfirm.com\/es\/derecho-de-familia\/formacion-de-empresas\/\">h\u00e1biles abogados especializados en formaci\u00f3n de empresas<\/a> que pueden garantizar la integridad de sus estatutos. No solo ayudan a redactar los estatutos en beneficio de los responsables de la empresariales, sino tambi\u00e9n para la estabilidad de las partes interesadas en general.<\/span><\/p>\n<p><a href=\"https:\/\/www.theirvinglawfirm.com\/es\/derecho-de-familia\/formacion-de-empresas\/pagar-impuestos-por-su-empresa-en-va\/\">Siga Leyendo Sobre La Formaci\u00f3n De Empresas<\/a><\/p>\n","protected":false},"excerpt":{"rendered":"<p>En Manassas, Virginia, los estatutos son un requisito para la  [&#8230;]<\/p>\n","protected":false},"author":3,"featured_media":0,"parent":8450,"menu_order":0,"comment_status":"closed","ping_status":"closed","template":"","meta":{"_analytify_skip_tracking":false,"rank_math_title":"Formaci\u00f3n De Empresas: La Empresa Y Sus Estatutos | The Irving Law Firm","rank_math_description":"Lea sobre la importancia de tener estatutos al formar una empresa en Virginia. Sepa c\u00f3mo un abogado experto le ayuda en los aspectos legales de la formaci\u00f3n de empresas.","rank_math_focus_keyword":"empresa","rank_math_canonical_url":"","footnotes":""},"class_list":["post-14270","page","type-page","status-publish","hentry"],"acf":[],"_links":{"self":[{"href":"https:\/\/www.theirvinglawfirm.com\/es\/wp-json\/wp\/v2\/pages\/14270","targetHints":{"allow":["GET"]}}],"collection":[{"href":"https:\/\/www.theirvinglawfirm.com\/es\/wp-json\/wp\/v2\/pages"}],"about":[{"href":"https:\/\/www.theirvinglawfirm.com\/es\/wp-json\/wp\/v2\/types\/page"}],"author":[{"embeddable":true,"href":"https:\/\/www.theirvinglawfirm.com\/es\/wp-json\/wp\/v2\/users\/3"}],"replies":[{"embeddable":true,"href":"https:\/\/www.theirvinglawfirm.com\/es\/wp-json\/wp\/v2\/comments?post=14270"}],"version-history":[{"count":0,"href":"https:\/\/www.theirvinglawfirm.com\/es\/wp-json\/wp\/v2\/pages\/14270\/revisions"}],"up":[{"embeddable":true,"href":"https:\/\/www.theirvinglawfirm.com\/es\/wp-json\/wp\/v2\/pages\/8450"}],"wp:attachment":[{"href":"https:\/\/www.theirvinglawfirm.com\/es\/wp-json\/wp\/v2\/media?parent=14270"}],"curies":[{"name":"wp","href":"https:\/\/api.w.org\/{rel}","templated":true}]}}