{"id":14263,"date":"2023-08-25T15:53:48","date_gmt":"2023-08-25T15:53:48","guid":{"rendered":"https:\/\/www.theirvinglawfirm.com\/?page_id=14263"},"modified":"2024-03-06T00:04:24","modified_gmt":"2024-03-06T00:04:24","slug":"plazos-para-formar-una-empresa-en-va","status":"publish","type":"page","link":"https:\/\/www.theirvinglawfirm.com\/es\/areas-de-practica\/formacion-de-empresas\/plazos-para-formar-una-empresa-en-va\/","title":{"rendered":"\u00bfCu\u00e1nto Tiempo Se Tarda En Formar Una Empresa En Virginia?"},"content":{"rendered":"<p><span style=\"font-weight: 400;\">Al formar una empresa o cualquier sociedad en Virginia, no debe esperar que sea brusco. Lo que debe tener en cuenta es que sus documentos deben estar completos y ser correctos. <\/span><\/p>\n<p><span style=\"font-weight: 400;\">De este modo, evitar\u00e1 retrasos innecesarios debidos a la falta de documentos, la introducci\u00f3n incorrecta de informaci\u00f3n, etc. Tambi\u00e9n puede consultar a un asesor legal para tener a alguien en quien confiar sobre los aspectos legales de la formaci\u00f3n de empresas.<\/span><\/p>\n<p><img decoding=\"async\" class=\"aligncenter size-full wp-image-14016\" src=\"https:\/\/www.theirvinglawfirm.com\/wp-content\/uploads\/2023\/08\/decidiendo-entre-corporacion-y-llc-en-la-formacion-de-empresas.jpg\" alt=\"Decidir Entre Corporaci\u00f3n Y LLC En La Formaci\u00f3n De Empresas\" width=\"100%\" height=\"800\" srcset=\"https:\/\/www.theirvinglawfirm.com\/wp-content\/uploads\/2023\/08\/decidiendo-entre-corporacion-y-llc-en-la-formacion-de-empresas-200x133.jpg 200w, https:\/\/www.theirvinglawfirm.com\/wp-content\/uploads\/2023\/08\/decidiendo-entre-corporacion-y-llc-en-la-formacion-de-empresas-300x200.jpg 300w, https:\/\/www.theirvinglawfirm.com\/wp-content\/uploads\/2023\/08\/decidiendo-entre-corporacion-y-llc-en-la-formacion-de-empresas-400x267.jpg 400w, https:\/\/www.theirvinglawfirm.com\/wp-content\/uploads\/2023\/08\/decidiendo-entre-corporacion-y-llc-en-la-formacion-de-empresas-600x400.jpg 600w, https:\/\/www.theirvinglawfirm.com\/wp-content\/uploads\/2023\/08\/decidiendo-entre-corporacion-y-llc-en-la-formacion-de-empresas-768x512.jpg 768w, https:\/\/www.theirvinglawfirm.com\/wp-content\/uploads\/2023\/08\/decidiendo-entre-corporacion-y-llc-en-la-formacion-de-empresas-800x533.jpg 800w, https:\/\/www.theirvinglawfirm.com\/wp-content\/uploads\/2023\/08\/decidiendo-entre-corporacion-y-llc-en-la-formacion-de-empresas-1024x683.jpg 1024w, https:\/\/www.theirvinglawfirm.com\/wp-content\/uploads\/2023\/08\/decidiendo-entre-corporacion-y-llc-en-la-formacion-de-empresas.jpg 1200w\" sizes=\"(max-width: 1200px) 100vw, 1200px\" \/><\/p>\n<h2>Ayudas A La Formaci\u00f3n De Empresas<\/h2>\n<p><span style=\"font-weight: 400;\">The Irving Law Firm cuenta con un equipo de <a href=\"https:\/\/www.theirvinglawfirm.com\/es\/derecho-de-familia\/formacion-de-empresas\/\">abogados especializados en la formaci\u00f3n de empresas<\/a> que pueden ayudarle durante todo el proceso. Si decide formar una empresa en Manassas Virginia, ellos se encargar\u00e1n de todos los detalles. <\/span><\/p>\n<p><span style=\"font-weight: 400;\">Pueden ayudarle a buscar la disponibilidad del nombre de su empresa. Adem\u00e1s, pueden ayudarle a preparar y presentar sus estatutos ante la <a href=\"https:\/\/www.virginia.gov\/agencies\/state-corporation-commission\/\" target=\"_blank\" rel=\"noopener\">Comisi\u00f3n de Empresas del Estado de Virginia<\/a>. <\/span><\/p>\n<p><span style=\"font-weight: 400;\">Adem\u00e1s, pueden ayudarle a apropiarse de su obligaci\u00f3n financiera o pago de tasas. Adem\u00e1s, pueden ser su socio en la elaboraci\u00f3n de informes anuales y en la preparaci\u00f3n y presentaci\u00f3n del registro anual. <\/span><\/p>\n<h2>El Momento Habitual De La Formaci\u00f3n De Empresas<\/h2>\n<p><span style=\"font-weight: 400;\"><img decoding=\"async\" class=\"alignright size-full wp-image-13928\" src=\"https:\/\/www.theirvinglawfirm.com\/wp-content\/uploads\/2023\/08\/formacion-empresas-empresas-sin-fines-lucro-virginia.jpg\" alt=\"Formaci\u00f3n De Empresas: Comprendiendo Las Empresas Sin Fines De Lucro En Virginia\" width=\"300\" height=\"200\" srcset=\"https:\/\/www.theirvinglawfirm.com\/wp-content\/uploads\/2023\/08\/formacion-empresas-empresas-sin-fines-lucro-virginia-200x133.jpg 200w, https:\/\/www.theirvinglawfirm.com\/wp-content\/uploads\/2023\/08\/formacion-empresas-empresas-sin-fines-lucro-virginia.jpg 300w\" sizes=\"(max-width: 300px) 100vw, 300px\" \/>La oficina del Secretario de Estado de Virginia determinar\u00e1 cu\u00e1nto tiempo se tarda en formar una empresa en Virginia. El tiempo de tramitaci\u00f3n de la formaci\u00f3n de una empresa puede ser largo, sin embargo, hay opciones que puede tomar para una ruta m\u00e1s r\u00e1pida.<\/span><\/p>\n<p><span style=\"font-weight: 400;\">El proceso de presentaci\u00f3n suele durar entre 3 y 12 semanas de espera, sin incluir las revisiones de los documentos presentados. Por tanto, una ventaja si ya tiene sus documentos intactos gracias a la ayuda de un asesor legal. <\/span><\/p>\n<h3>Formas De Formar Una Empresa En Virginia<\/h3>\n<p><span style=\"font-weight: 400;\">Despu\u00e9s de presentar los estatutos a la Comisi\u00f3n de Empresas Estatales de Virginia y pagar una tasa, la Comisi\u00f3n emite un Certificado de Formaci\u00f3n, que marca el inicio de la existencia de su empresa. <\/span><\/p>\n<p><span style=\"font-weight: 400;\">Esto puede no llevar menos tiempo. El proceso de presentaci\u00f3n implica que la Comisi\u00f3n eval\u00fae sus documentos. Debe asegurarse de que los aspectos importantes de la incorporaci\u00f3n ya est\u00e1n en su art\u00edculo, como:<\/span><\/p>\n<ul>\n<li style=\"font-weight: 400;\" aria-level=\"1\"><span style=\"font-weight: 400;\">Nombre de la empresa.<\/span><\/li>\n<li style=\"font-weight: 400;\" aria-level=\"1\"><span style=\"font-weight: 400;\">Estructuras de stock.<\/span><\/li>\n<li style=\"font-weight: 400;\" aria-level=\"1\"><span style=\"font-weight: 400;\">Direcciones y nombres de los constituyentes.<\/span><\/li>\n<li style=\"font-weight: 400;\" aria-level=\"1\"><span style=\"font-weight: 400;\">Agente registrado y directores.<\/span><\/li>\n<li style=\"font-weight: 400;\" aria-level=\"1\"><span style=\"font-weight: 400;\">Representante registrado y direcci\u00f3n.<\/span><\/li>\n<\/ul>\n<p><span style=\"font-weight: 400;\">Compruebe si la denominaci\u00f3n social que desea est\u00e1 disponible antes de presentar la escritura de formaci\u00f3n. Esto puede provocar un retraso si no lo ha comprobado con antelaci\u00f3n. <\/span><\/p>\n<h2>El Momento De Presentar El Proceso<\/h2>\n<p><span style=\"font-weight: 400;\">Para ello, puede consultar el sitio web de la Comisi\u00f3n Estatal de Empresas.<\/span><\/p>\n<p><span style=\"font-weight: 400;\">El proceso de presentaci\u00f3n, como ya se ha mencionado, puede llevarle entre 3 y 12 d\u00edas. <\/span><\/p>\n<p><span style=\"font-weight: 400;\">Sin embargo, puede haber un proceso acelerado al que puede acogerse. Esto puede estar disponible si se asocia con <a href=\"https:\/\/www.theirvinglawfirm.com\/es\">The Irving Law Firm<\/a> para que puedan dar prioridad a su incorporaci\u00f3n. <\/span><\/p>\n<p><span style=\"font-weight: 400;\">Se encargar\u00e1n de cumplimentar los documentos y de entregarlos personalmente a la Comisi\u00f3n. Adem\u00e1s, hay que presentar una solicitud a la Comisi\u00f3n Estatal de Empresas para reservar una denominaci\u00f3n social durante 120 d\u00edas. <\/span><\/p>\n<p><span style=\"font-weight: 400;\">Durante los 45 d\u00edas anteriores a la expiraci\u00f3n de la reserva, podr\u00e1 prorrogarla por un periodo adicional de 120 d\u00edas. El n\u00famero total de acciones de su empresa debe especificarse en los estatutos. <\/span><\/p>\n<p><span style=\"font-weight: 400;\">Se refiere a la estructura accionarial de su empresa. Debe hacerlo adecuadamente, ya que esto determina su obligaci\u00f3n financiera con el Estado en t\u00e9rminos de renta imponible. <\/span><\/p>\n<p><span style=\"font-weight: 400;\">Lo que debe tener en cuenta a la hora de presentar su art\u00edculo es la idoneidad de sus acciones y posibles documentos de ingresos. De este modo, el Estado no tendr\u00e1 dudas sobre sus obligaciones financieras. La Comisi\u00f3n puede tener evaluaciones sobre sus documentos que pueden ocasionar retrasos en la tramitaci\u00f3n. <\/span><\/p>\n<h2>Resumen<\/h2>\n<p><span style=\"font-weight: 400;\">Debe tener muy en cuenta la importancia de presentar los documentos completos y adecuados junto con su escritura de formaci\u00f3n. El proceso de presentaci\u00f3n puede alargarse si la Comisi\u00f3n encuentra informaci\u00f3n incompleta o err\u00f3nea en su art\u00edculo. <\/span><\/p>\n<p><span style=\"font-weight: 400;\">Debe conocer las limitaciones, por ejemplo, a la hora de nombrar su empresa y similares. Un asesor jur\u00eddico de The Irving Law Firm puede ser su socio legal de confianza en la tramitaci\u00f3n de la formaci\u00f3n de su empresa. <\/span><\/p>\n<p><span style=\"font-weight: 400;\">Ya tienen suficiente experiencia y conocimientos sobre la formaci\u00f3n de empresas en Manassas, Virginia. Pueden evaluar los documentos iniciales de su empresa e informarle si hay alg\u00fan motivo que no se ajuste a la ley. <\/span><\/p>\n<p><span style=\"font-weight: 400;\">Por ejemplo, pueden informarle de que su nombre comercial ya est\u00e1 cogido o no abarca lo que exige el C\u00f3digo de Virginia. No dude en ponerse en contacto con la firma.<\/span><\/p>\n<p><a href=\"https:\/\/www.theirvinglawfirm.com\/es\/derecho-de-familia\/formacion-de-empresas\/necesita-un-abogado-para-la-formar-una-empresa-en-va\/\">Este Art\u00edculo Puede Interesarle, Haga Clic Aqu\u00ed<\/a><\/p>\n","protected":false},"excerpt":{"rendered":"<p>Al formar una empresa o cualquier sociedad en Virginia, no  [&#8230;]<\/p>\n","protected":false},"author":3,"featured_media":0,"parent":8450,"menu_order":0,"comment_status":"closed","ping_status":"closed","template":"","meta":{"_analytify_skip_tracking":false,"rank_math_title":"Formaci\u00f3n De Empresas: Plazos Para Formar Una Empresa | The Irving Law Firm","rank_math_description":"Conozca los pasos y el tiempo que se tarda en formar una empresa en Virginia. Obtenga m\u00e1s informaci\u00f3n sobre c\u00f3mo ayudan en el proceso los abogados expertos en formaci\u00f3n de empresas.","rank_math_focus_keyword":"empresa","rank_math_canonical_url":"","footnotes":""},"class_list":["post-14263","page","type-page","status-publish","hentry"],"acf":[],"_links":{"self":[{"href":"https:\/\/www.theirvinglawfirm.com\/es\/wp-json\/wp\/v2\/pages\/14263","targetHints":{"allow":["GET"]}}],"collection":[{"href":"https:\/\/www.theirvinglawfirm.com\/es\/wp-json\/wp\/v2\/pages"}],"about":[{"href":"https:\/\/www.theirvinglawfirm.com\/es\/wp-json\/wp\/v2\/types\/page"}],"author":[{"embeddable":true,"href":"https:\/\/www.theirvinglawfirm.com\/es\/wp-json\/wp\/v2\/users\/3"}],"replies":[{"embeddable":true,"href":"https:\/\/www.theirvinglawfirm.com\/es\/wp-json\/wp\/v2\/comments?post=14263"}],"version-history":[{"count":0,"href":"https:\/\/www.theirvinglawfirm.com\/es\/wp-json\/wp\/v2\/pages\/14263\/revisions"}],"up":[{"embeddable":true,"href":"https:\/\/www.theirvinglawfirm.com\/es\/wp-json\/wp\/v2\/pages\/8450"}],"wp:attachment":[{"href":"https:\/\/www.theirvinglawfirm.com\/es\/wp-json\/wp\/v2\/media?parent=14263"}],"curies":[{"name":"wp","href":"https:\/\/api.w.org\/{rel}","templated":true}]}}