{"id":14223,"date":"2023-08-25T15:17:47","date_gmt":"2023-08-25T15:17:47","guid":{"rendered":"https:\/\/www.theirvinglawfirm.com\/?page_id=14223"},"modified":"2024-03-06T00:12:30","modified_gmt":"2024-03-06T00:12:30","slug":"necesita-un-abogado-para-la-formar-una-empresa-en-va","status":"publish","type":"page","link":"https:\/\/www.theirvinglawfirm.com\/es\/areas-de-practica\/formacion-de-empresas\/necesita-un-abogado-para-la-formar-una-empresa-en-va\/","title":{"rendered":"\u00bfNecesita Un Abogado Para La Formaci\u00f3n De Una Empresa En Virginia?"},"content":{"rendered":"<p><span style=\"font-weight: 400;\">No se puede dirigir una empresa sin cumplir las leyes y los requisitos estatales. Existen diferentes requisitos que el Estado de Virginia exige antes de poder formar una empresa. <\/span><\/p>\n<p><span style=\"font-weight: 400;\">En la formaci\u00f3n de empresas, t\u00e9cnicamente no se necesita un abogado. Sin embargo, la contrataci\u00f3n de un asesor jur\u00eddico puede ser muy ventajosa para su empresa. <\/span><\/p>\n<p><span style=\"font-weight: 400;\">Pueden ayudarle especialmente inform\u00e1ndole sobre la naturaleza legal de la formaci\u00f3n de empresas. <a href=\"https:\/\/www.theirvinglawfirm.com\/es\">The Irving Law Firm<\/a> puede ser su socio legal si desea establecer una empresa en Manassas, Virginia. <\/span><\/p>\n<p><span style=\"font-weight: 400;\">Los abogados especializados en formaci\u00f3n de empresas de la firma tienen experiencia en los requisitos legales de formaci\u00f3n de empresas. Pueden ayudarle a comprobar la naturaleza de su empresa y proceder a informarle de qu\u00e9 se trata. <\/span><\/p>\n<p><span style=\"font-weight: 400;\">Pueden asegurarse de que el nombre de su empresa est\u00e9 disponible legalmente. Pueden ayudarle a determinar sus cuotas imponibles. Adem\u00e1s, pueden ayudarle a tratar con la Comisi\u00f3n de Empresas de Virginia sobre el proceso de presentaci\u00f3n.<\/span><\/p>\n<p><img decoding=\"async\" class=\"aligncenter size-full wp-image-14242\" src=\"https:\/\/www.theirvinglawfirm.com\/wp-content\/uploads\/2023\/08\/deberia-considerar-contratar-un-abogado-para-su-empresa-en-virginia.jpg\" alt=\"Deberia Considerar Contratar Un Abogado Para Su Empresa En Virginia\" width=\"100%\" height=\"800\" srcset=\"https:\/\/www.theirvinglawfirm.com\/wp-content\/uploads\/2023\/08\/deberia-considerar-contratar-un-abogado-para-su-empresa-en-virginia-200x133.jpg 200w, https:\/\/www.theirvinglawfirm.com\/wp-content\/uploads\/2023\/08\/deberia-considerar-contratar-un-abogado-para-su-empresa-en-virginia-300x200.jpg 300w, https:\/\/www.theirvinglawfirm.com\/wp-content\/uploads\/2023\/08\/deberia-considerar-contratar-un-abogado-para-su-empresa-en-virginia-400x267.jpg 400w, https:\/\/www.theirvinglawfirm.com\/wp-content\/uploads\/2023\/08\/deberia-considerar-contratar-un-abogado-para-su-empresa-en-virginia-600x400.jpg 600w, https:\/\/www.theirvinglawfirm.com\/wp-content\/uploads\/2023\/08\/deberia-considerar-contratar-un-abogado-para-su-empresa-en-virginia-768x512.jpg 768w, https:\/\/www.theirvinglawfirm.com\/wp-content\/uploads\/2023\/08\/deberia-considerar-contratar-un-abogado-para-su-empresa-en-virginia-800x533.jpg 800w, https:\/\/www.theirvinglawfirm.com\/wp-content\/uploads\/2023\/08\/deberia-considerar-contratar-un-abogado-para-su-empresa-en-virginia-1024x683.jpg 1024w, https:\/\/www.theirvinglawfirm.com\/wp-content\/uploads\/2023\/08\/deberia-considerar-contratar-un-abogado-para-su-empresa-en-virginia.jpg 1200w\" sizes=\"(max-width: 1200px) 100vw, 1200px\" \/><\/p>\n<h2>Procedimientos De Formaci\u00f3n De Empresas<\/h2>\n<p><span style=\"font-weight: 400;\">Antes de presentar la escritura de formaci\u00f3n, es mejor que tenga sus estatutos como gu\u00eda. Los estatutos deben contener toda la informaci\u00f3n importante que usted necesita introducir en los art\u00edculos. <\/span><\/p>\n<p><span style=\"font-weight: 400;\">Suele servir de columna vertebral de la realizaci\u00f3n de operaciones empresariales internas y externas a la empresa. As\u00ed como, puede determinar lo que desea introducir en las secciones requeridas en el art\u00edculo.<\/span><\/p>\n<p><span style=\"font-weight: 400;\">Aunque los estatutos no son t\u00e9cnicamente necesarios para la formaci\u00f3n de una empresa, son esenciales para la sostenibilidad de su empresa. Las funciones y responsabilidades de cada parte interesada y tercera empresa deben figurar en los estatutos. <\/span><\/p>\n<p><span style=\"font-weight: 400;\">Por otro lado, los tr\u00e1mites que debe realizar antes de presentar un art\u00edculo son los siguientes:<\/span><\/p>\n<ul>\n<li style=\"font-weight: 400;\" aria-level=\"1\"><span style=\"font-weight: 400;\">Elegir un nombre para la empresa.<\/span><\/li>\n<li style=\"font-weight: 400;\" aria-level=\"1\"><span style=\"font-weight: 400;\">Presentaci\u00f3n de la escritura de formaci\u00f3n. <\/span><\/li>\n<li style=\"font-weight: 400;\" aria-level=\"1\"><span style=\"font-weight: 400;\">Nombramiento de un agente registrado, directores, etc.<\/span><\/li>\n<li style=\"font-weight: 400;\" aria-level=\"1\"><span style=\"font-weight: 400;\">Emitir estructuras accionariales.<\/span><\/li>\n<li style=\"font-weight: 400;\" aria-level=\"1\"><span style=\"font-weight: 400;\">Cumplir con el <a href=\"https:\/\/www.irs.gov\/es\/businesses\/small-businesses-self-employed\/employer-id-numbers\" target=\"_blank\" rel=\"noopener\">EIN<\/a> y pagar impuestos.<\/span><\/li>\n<\/ul>\n<p><span style=\"font-weight: 400;\">Estos tr\u00e1mites requieren que conozca la naturaleza jur\u00eddica de la formaci\u00f3n de empresas. Por eso es una ventaja si contrata asesoramiento jur\u00eddico con antelaci\u00f3n. <\/span><\/p>\n<h3>Las Ventajas De Contratar A Un Abogado<\/h3>\n<p><span style=\"font-weight: 400;\"><img decoding=\"async\" class=\"alignright size-full wp-image-14244\" src=\"https:\/\/www.theirvinglawfirm.com\/wp-content\/uploads\/2023\/08\/iniciar-un-negocio-en-virginia-cuando-contratar-un-abogado-de-negocios.jpg\" alt=\"Iniciar Un Negocio En Virginia: Cuando Contratar A Un Abogado De Negocios\" width=\"300\" height=\"200\" srcset=\"https:\/\/www.theirvinglawfirm.com\/wp-content\/uploads\/2023\/08\/iniciar-un-negocio-en-virginia-cuando-contratar-un-abogado-de-negocios-200x133.jpg 200w, https:\/\/www.theirvinglawfirm.com\/wp-content\/uploads\/2023\/08\/iniciar-un-negocio-en-virginia-cuando-contratar-un-abogado-de-negocios.jpg 300w\" sizes=\"(max-width: 300px) 100vw, 300px\" \/>Empezando por la elaboraci\u00f3n de los estatutos, la ayuda de un abogado es importante para garantizar su solidez jur\u00eddica. Por lo tanto, revisar\u00e1n los estatutos. Adem\u00e1s, comprueban si las condiciones que pones son ventajosas para ti. <\/span><\/p>\n<p><span style=\"font-weight: 400;\">Tambi\u00e9n pueden ayudarle a garantizar que su empresa cumple las distintas normativas regionales, estatales y federales. Su abogado tambi\u00e9n puede ayudarle con el proceso de solicitud. <\/span><\/p>\n<p><span style=\"font-weight: 400;\">Esto implica obtener permisos, licencias y otras certificaciones. Adem\u00e1s, pueden garantizar que su empresa cumple los requisitos para el tipo de empresa que seleccione. <\/span><\/p>\n<p><span style=\"font-weight: 400;\">Adem\u00e1s, se asegurar\u00e1n de que cumple todos los requisitos estatales de presentaci\u00f3n de solicitudes. Es fundamental volver a comprobar todo antes de presentar los documentos. As\u00ed pues, un solo error podr\u00eda suponer un retraso de varias semanas en su registro.<\/span><\/p>\n<p><span style=\"font-weight: 400;\">Cuando ya haya formado su empresa, su abogado puede ayudarle a determinar sus obligaciones financieras reales con el Estado. Pueden ayudarle a elaborar sus informes anuales y a tramitar sus tasas anuales a la Comisi\u00f3n. <\/span><\/p>\n<p><span style=\"font-weight: 400;\">Su papel puede extenderse a la redacci\u00f3n de contratos, pol\u00edticas de empresa y manuales del empleado. Adem\u00e1s, pueden representarle ante los tribunales si hay conflictos legales que requieran litigio. Un abogado puede asesorarle sobre la contrataci\u00f3n, el despido y otras cuestiones jur\u00eddicas cotidianas que afectan a su empresa. <\/span><\/p>\n<h2><b>Resumen<\/b><\/h2>\n<p><span style=\"font-weight: 400;\">Aunque no es obligatorio contratar a un abogado al formar una empresa, es una clara ventaja contar con uno. Los requisitos para formar una empresa no desaparecen con las leyes implementadas por el Estado de Virginia. <\/span><\/p>\n<p><span style=\"font-weight: 400;\">Puede haber disposiciones en la estructura jur\u00eddica que usted tiende a pasar por alto y no aplicar en su empresa. La importante funci\u00f3n de un abogado es record\u00e1rselo y asegurarse de que su empresa funciona legalmente.<\/span><span style=\"font-weight: 400;\"><br \/>\n<\/span><\/p>\n<p><span style=\"font-weight: 400;\">Si desea formar una empresa en Virginia, puede hablar con los <a href=\"https:\/\/www.theirvinglawfirm.com\/es\/derecho-de-familia\/formacion-de-empresas\/\">abogados especializados en formacion de empresas<\/a>\u00a0de The Irving Law Firm. Contratar a uno es una decisi\u00f3n inteligente para que su empresa prospere. <\/span><\/p>\n<p><span style=\"font-weight: 400;\">No espere a que surjan problemas relacionados con cuestiones jur\u00eddicas en la formaci\u00f3n de empresas. Empieza a conectar con ellos ahora.<\/span><\/p>\n<p><a href=\"https:\/\/www.theirvinglawfirm.com\/es\/derecho-de-familia\/formacion-de-empresas\/disolucion-de-una-empresa-despues-de-haberse-formado\/\">M\u00e1s Informaci\u00f3n Valiosa Sobre La Formaci\u00f3n De Empresas<\/a><\/p>\n","protected":false},"excerpt":{"rendered":"<p>No se puede dirigir una empresa sin cumplir las leyes  [&#8230;]<\/p>\n","protected":false},"author":3,"featured_media":0,"parent":8450,"menu_order":0,"comment_status":"closed","ping_status":"closed","template":"","meta":{"_analytify_skip_tracking":false,"rank_math_title":"Formaci\u00f3n De Empresas: Ventajas De Contar Con Un Asesor Legal | The Irving Law Firm","rank_math_description":"Conozca la estructura jur\u00eddica de la formaci\u00f3n de empresas. Lea acerca de c\u00f3mo un abogado puede ayudar en el proceso de hacer y asegurar sus empresas en Virginia.","rank_math_focus_keyword":"empresa","rank_math_canonical_url":"","footnotes":""},"class_list":["post-14223","page","type-page","status-publish","hentry"],"acf":[],"_links":{"self":[{"href":"https:\/\/www.theirvinglawfirm.com\/es\/wp-json\/wp\/v2\/pages\/14223","targetHints":{"allow":["GET"]}}],"collection":[{"href":"https:\/\/www.theirvinglawfirm.com\/es\/wp-json\/wp\/v2\/pages"}],"about":[{"href":"https:\/\/www.theirvinglawfirm.com\/es\/wp-json\/wp\/v2\/types\/page"}],"author":[{"embeddable":true,"href":"https:\/\/www.theirvinglawfirm.com\/es\/wp-json\/wp\/v2\/users\/3"}],"replies":[{"embeddable":true,"href":"https:\/\/www.theirvinglawfirm.com\/es\/wp-json\/wp\/v2\/comments?post=14223"}],"version-history":[{"count":0,"href":"https:\/\/www.theirvinglawfirm.com\/es\/wp-json\/wp\/v2\/pages\/14223\/revisions"}],"up":[{"embeddable":true,"href":"https:\/\/www.theirvinglawfirm.com\/es\/wp-json\/wp\/v2\/pages\/8450"}],"wp:attachment":[{"href":"https:\/\/www.theirvinglawfirm.com\/es\/wp-json\/wp\/v2\/media?parent=14223"}],"curies":[{"name":"wp","href":"https:\/\/api.w.org\/{rel}","templated":true}]}}