{"id":14126,"date":"2023-08-25T15:14:28","date_gmt":"2023-08-25T15:14:28","guid":{"rendered":"https:\/\/www.theirvinglawfirm.com\/?page_id=14126"},"modified":"2024-03-06T00:07:09","modified_gmt":"2024-03-06T00:07:09","slug":"es-necesario-obtener-un-permiso-de-en-va","status":"publish","type":"page","link":"https:\/\/www.theirvinglawfirm.com\/es\/areas-de-practica\/formacion-de-empresas\/es-necesario-obtener-un-permiso-de-en-va\/","title":{"rendered":"\u00bfEs Necesario Obtener Un Permiso De Actividad En Virginia Para Formar Una Empresa?"},"content":{"rendered":"<p><span style=\"font-weight: 400;\">Formar una empresa en Manassas, Virginia requiere procedimientos diferentes comparados con el registro de empresas regulares e industrias espec\u00edficas. El Estado exige un tipo de registro espec\u00edfico en funci\u00f3n del tipo de actividad a la que se dedique su empresa.<\/span><\/p>\n<p><span style=\"font-weight: 400;\">Por ejemplo, una <a href=\"https:\/\/es.wikipedia.org\/wiki\/An%C3%A1lisis_ABC\" target=\"_blank\" rel=\"noopener\">licencia ABC <\/a>es un requisito si su empresa opera con venta de alcohol. Si su empresa tiene que ver con medicamentos y productos farmac\u00e9uticos, debe obtener un permiso de la Agencia de Salud.<\/span><\/p>\n<p><span style=\"font-weight: 400;\">Al formar una empresa, lo que necesita es cumplir los requisitos del Estado, como el nombre de la empresa, el listado de acciones y similares. Adem\u00e1s, necesita completar la presentaci\u00f3n de su incorporaci\u00f3n para operar legalmente dentro del Estado.<\/span><\/p>\n<p><span style=\"font-weight: 400;\">Si desea formar una empresa, puede solicitar asesor\u00eda a los<a href=\"https:\/\/www.theirvinglawfirm.com\/es\/derecho-de-familia\/formacion-de-empresas\/\"> abogados expertos en formaci\u00f3n de empresas<\/a> de The Irving Law Firm. Se aseguran de que su empresa siga los tr\u00e1mites de formaci\u00f3n adecuados para evitar repercusiones legales.<\/span><\/p>\n<p><img decoding=\"async\" class=\"alignnone size-full wp-image-14137\" src=\"https:\/\/www.theirvinglawfirm.com\/wp-content\/uploads\/2023\/08\/informacion-importante-sobre-licencias-para-empresas-y-como-obtener-ayuda-legal-inmediata.jpg\" alt=\"Informaci\u00f3n Importante Sobre Licencias Para Empresas Y C\u00f3mo Obtener Ayuda Legal Inmediata\" width=\"100%\" height=\"800\" srcset=\"https:\/\/www.theirvinglawfirm.com\/wp-content\/uploads\/2023\/08\/informacion-importante-sobre-licencias-para-empresas-y-como-obtener-ayuda-legal-inmediata-200x133.jpg 200w, https:\/\/www.theirvinglawfirm.com\/wp-content\/uploads\/2023\/08\/informacion-importante-sobre-licencias-para-empresas-y-como-obtener-ayuda-legal-inmediata-300x200.jpg 300w, https:\/\/www.theirvinglawfirm.com\/wp-content\/uploads\/2023\/08\/informacion-importante-sobre-licencias-para-empresas-y-como-obtener-ayuda-legal-inmediata-400x267.jpg 400w, https:\/\/www.theirvinglawfirm.com\/wp-content\/uploads\/2023\/08\/informacion-importante-sobre-licencias-para-empresas-y-como-obtener-ayuda-legal-inmediata-600x400.jpg 600w, https:\/\/www.theirvinglawfirm.com\/wp-content\/uploads\/2023\/08\/informacion-importante-sobre-licencias-para-empresas-y-como-obtener-ayuda-legal-inmediata-768x512.jpg 768w, https:\/\/www.theirvinglawfirm.com\/wp-content\/uploads\/2023\/08\/informacion-importante-sobre-licencias-para-empresas-y-como-obtener-ayuda-legal-inmediata-800x533.jpg 800w, https:\/\/www.theirvinglawfirm.com\/wp-content\/uploads\/2023\/08\/informacion-importante-sobre-licencias-para-empresas-y-como-obtener-ayuda-legal-inmediata-1024x683.jpg 1024w, https:\/\/www.theirvinglawfirm.com\/wp-content\/uploads\/2023\/08\/informacion-importante-sobre-licencias-para-empresas-y-como-obtener-ayuda-legal-inmediata.jpg 1200w\" sizes=\"(max-width: 1200px) 100vw, 1200px\" \/><\/p>\n<h2>Requisitos Para Formar Una Empresa<\/h2>\n<p><span style=\"font-weight: 400;\">En Manassas, Virginia, la licencia comercial general no es un requisito. Si su empresa opera en un sector que lo necesita, tendr\u00e1 que solicitar licencias y permisos empresariales concretos.<\/span><\/p>\n<p><span style=\"font-weight: 400;\">Los estatutos son los \u00fanicos documentos que necesita para completar el registro de una nueva empresa. Debe estar disponible en la Comisi\u00f3n de Empresas de Virginia.<\/span><\/p>\n<p><span style=\"font-weight: 400;\">Estos estatutos son los que reconocen oficialmente a la empresa como entidad jur\u00eddica independiente. Esto le permite, adem\u00e1s, llevar a cabo legalmente las operaciones comerciales en el Estado. <\/span><\/p>\n<p><span style=\"font-weight: 400;\">La Comisi\u00f3n encuentra la siguiente informaci\u00f3n en los estatutos:<\/span><\/p>\n<ul>\n<li style=\"font-weight: 400;\" aria-level=\"1\"><span style=\"font-weight: 400;\">Nombre de la empresa (debe ser original).<\/span><\/li>\n<li style=\"font-weight: 400;\" aria-level=\"1\"><span style=\"font-weight: 400;\">Direcci\u00f3n de la empresa, incluidos los objetivos de la empresa.<\/span><\/li>\n<li style=\"font-weight: 400;\" aria-level=\"1\"><span style=\"font-weight: 400;\">Datos sobre el agente registrado. <\/span><\/li>\n<li style=\"font-weight: 400;\" aria-level=\"1\"><span style=\"font-weight: 400;\">Tipos y cantidad de acciones de la empresa.<\/span><\/li>\n<li style=\"font-weight: 400;\" aria-level=\"1\"><span style=\"font-weight: 400;\">Datos personales de los constituyentes (nombre y direcci\u00f3n) y su firma.<\/span><\/li>\n<\/ul>\n<p><span style=\"font-weight: 400;\">En los estatutos se incluyen las acciones que emite su empresa, ya que ser\u00e1n determinantes para sus obligaciones financieras con el Estado. Esto implica la base imponible que debe pagar.<\/span><\/p>\n<p><span style=\"font-weight: 400;\">Lo que debe recordar es que los estatutos deben presentarse adecuadamente para evitar retrasos en la constituci\u00f3n de la empresa. Esto significa que la informaci\u00f3n que usted introduce en los art\u00edculos es objetiva y conforme a la ley.<\/span><\/p>\n<h3>Informaci\u00f3n Importante Para Formar Una Empresa<\/h3>\n<p><span style=\"font-weight: 400;\">Aunque s\u00f3lo necesita presentar la escritura de formaci\u00f3n para gestionar legalmente su empresa, debe conocer los dem\u00e1s documentos importantes que debe cumplir.<\/span><\/p>\n<p><span style=\"font-weight: 400;\">Lo primero que debe hacer para formar su empresa es cumplir los estatutos. La Comisi\u00f3n no aceptar\u00e1 datos incompletos en los art\u00edculos.<\/span><\/p>\n<p><span style=\"font-weight: 400;\">Una vez aprobada, puede proceder a pagar la tasa de presentaci\u00f3n para que la Comisi\u00f3n siga tramitando su solicitud. La Comisi\u00f3n expide entonces un certificado de formaci\u00f3n cuando usted ha presentado correctamente la solicitud y pagado la tasa.<\/span><\/p>\n<p><span style=\"font-weight: 400;\">En este momento, ya puede operar su empresa como una entidad legal dentro del Estado. Por otra parte, los estatutos pueden ser una prioridad antes de la presentaci\u00f3n para que tenga una base sustancial para sus operaciones.<\/span><\/p>\n<p><img decoding=\"async\" class=\"size-full wp-image-14139 alignright\" src=\"https:\/\/www.theirvinglawfirm.com\/wp-content\/uploads\/2023\/08\/descubra-cuales-son-los-requisitos-para-comenzar-su-licencia-y-crear-su-empresa-en-el-estado-de-virginia.jpg\" alt=\"Descubra Cu\u00e1les Son Los Requisitos Para Comenzar Su Licencia Y Crear Su Empresa En El Estado De Virginia\" width=\"300\" height=\"200\" srcset=\"https:\/\/www.theirvinglawfirm.com\/wp-content\/uploads\/2023\/08\/descubra-cuales-son-los-requisitos-para-comenzar-su-licencia-y-crear-su-empresa-en-el-estado-de-virginia-200x133.jpg 200w, https:\/\/www.theirvinglawfirm.com\/wp-content\/uploads\/2023\/08\/descubra-cuales-son-los-requisitos-para-comenzar-su-licencia-y-crear-su-empresa-en-el-estado-de-virginia.jpg 300w\" sizes=\"(max-width: 300px) 100vw, 300px\" \/><\/p>\n<p><span style=\"font-weight: 400;\">Los estatutos se refieren al documento de orientaci\u00f3n de cualquier organizaci\u00f3n que contiene informaci\u00f3n sobre las operaciones empresariales, las partes interesadas, etc. Aunque es importante dentro de la empresa, no es obligatorio registrarla en el Estado.<\/span><\/p>\n<p><span style=\"font-weight: 400;\">Una cosa que hay que recordar es que usted debe obtener su N\u00famero de Identificaci\u00f3n Fiscal Federal del Servicio de Impuestos Internos. Sirve como n\u00famero de identificaci\u00f3n a la hora de declarar impuestos. Esto es para que cumpla con sus obligaciones financieras con el Estado.<\/span><\/p>\n<h2>Resumen<\/h2>\n<p><span style=\"font-weight: 400;\">La formaci\u00f3n de empresas en Manassas, Virginia no requiere un permiso o licencia comercial espec\u00edfica. Lo que necesita para que su empresa funcione de forma legal es la presentaci\u00f3n adecuada de los estatutos.<\/span><\/p>\n<p><span style=\"font-weight: 400;\">Otra cuesti\u00f3n importante que debe tener en cuenta es la obtenci\u00f3n de su n\u00famero de identificaci\u00f3n patronal a efectos del pago de impuestos. Debe tener en cuenta que no solo es responsable ante los accionistas, sino tambi\u00e9n ante el Estado.<\/span><\/p>\n<p><span style=\"font-weight: 400;\">Si usted desea establecer una corporaci\u00f3n en Manassas, Virginia, usted puede buscar el consejo de un abogado confiable de la formaci\u00f3n del negocio.<a href=\"http:\/\/theirvinglawfirm.com\/es\"> The Irving Law Firm<\/a> puede ser su socio legal a lo largo de su viaje de formaci\u00f3n y funcionamiento de una corporaci\u00f3n.<\/span><\/p>\n<p><span style=\"font-weight: 400;\">Los abogados de la firma no solo pueden prestar sus servicios durante el proceso de constituci\u00f3n, sino tambi\u00e9n durante todo el recorrido de su empresa. Pueden garantizar que sus documentos est\u00e1n completos y son conformes a la ley. As\u00ed evitar\u00e1 retrasos en la constituci\u00f3n de la empresa. <\/span><\/p>\n<p><span style=\"font-weight: 400;\">Cuando ya ha constituido la empresa, pueden ayudarle a declarar los ingresos imponibles, a redactar acuerdos de terceros, a tomar decisiones acertadas en beneficio de la empresa, etc.<\/span><\/p>\n<p><a href=\"https:\/\/www.theirvinglawfirm.com\/es\/derecho-de-familia\/formacion-de-empresas\/pequenas-empresas-y-venta-de-acciones\/\">Informaci\u00f3n De Inter\u00e9s Para Usted, Haga Clic Aqu\u00ed<\/a><\/p>\n","protected":false},"excerpt":{"rendered":"<p>Formar una empresa en Manassas, Virginia requiere procedimientos diferentes comparados  [&#8230;]<\/p>\n","protected":false},"author":3,"featured_media":0,"parent":8450,"menu_order":0,"comment_status":"closed","ping_status":"closed","template":"","meta":{"_analytify_skip_tracking":false,"rank_math_title":"Formaci\u00f3n De Empresas Licencias Y Permisos Para Corporaciones | The Irving Law Firm","rank_math_description":"Lea los requisitos y permisos necesarios para la formaci\u00f3n de empresas en Virginia. Sepa c\u00f3mo pueden ayudarle los abogados a presentar correctamente el registro de su empresa.  ","rank_math_focus_keyword":"empresa","rank_math_canonical_url":"","footnotes":""},"class_list":["post-14126","page","type-page","status-publish","hentry"],"acf":[],"_links":{"self":[{"href":"https:\/\/www.theirvinglawfirm.com\/es\/wp-json\/wp\/v2\/pages\/14126","targetHints":{"allow":["GET"]}}],"collection":[{"href":"https:\/\/www.theirvinglawfirm.com\/es\/wp-json\/wp\/v2\/pages"}],"about":[{"href":"https:\/\/www.theirvinglawfirm.com\/es\/wp-json\/wp\/v2\/types\/page"}],"author":[{"embeddable":true,"href":"https:\/\/www.theirvinglawfirm.com\/es\/wp-json\/wp\/v2\/users\/3"}],"replies":[{"embeddable":true,"href":"https:\/\/www.theirvinglawfirm.com\/es\/wp-json\/wp\/v2\/comments?post=14126"}],"version-history":[{"count":0,"href":"https:\/\/www.theirvinglawfirm.com\/es\/wp-json\/wp\/v2\/pages\/14126\/revisions"}],"up":[{"embeddable":true,"href":"https:\/\/www.theirvinglawfirm.com\/es\/wp-json\/wp\/v2\/pages\/8450"}],"wp:attachment":[{"href":"https:\/\/www.theirvinglawfirm.com\/es\/wp-json\/wp\/v2\/media?parent=14126"}],"curies":[{"name":"wp","href":"https:\/\/api.w.org\/{rel}","templated":true}]}}